{"id":119166,"date":"2025-10-27T16:06:41","date_gmt":"2025-10-27T15:06:41","guid":{"rendered":"https:\/\/clair.si\/izdelek\/uzda-kavalkade-grey\/"},"modified":"2025-11-13T09:59:57","modified_gmt":"2025-11-13T08:59:57","slug":"uzda-kavalkade-grey","status":"publish","type":"product","link":"https:\/\/clair.si\/hr\/izdelek\/uzda-kavalkade-grey\/","title":{"rendered":"Uzda Kavalkade Grey"},"content":{"rendered":"<p data-start=\"62\" data-end=\"349\">Uzda <strong data-start=\"67\" data-end=\"85\">Kavalkade Grey<\/strong> kombinira jednostavan, ali moderan izgled i funkcionalan dizajn. Izra\u0111ena je od <strong data-start=\"161\" data-end=\"183\">kvalitetne ko\u017ee<\/strong> koja je mekana i ugodna na dodir. Posebnost modela je sivi kontrastni dio na podstavljenom nosnom dijelu, koji mu daje elegantan i ne\u0161to moderniji izgled.<\/p>\n<p data-start=\"351\" data-end=\"602\"><strong data-start=\"351\" data-end=\"381\">Anatomski oblikovan jastu\u010di\u0107 za u\u0161i<\/strong> rastere\u0107uje osjetljivo podru\u010dje iza u\u0161iju i osigurava udobnost \u010dak i tijekom du\u017eeg jahanja. <strong data-start=\"469\" data-end=\"490\">Kombinirani nosni dio<\/strong> omogu\u0107uje stabilan polo\u017eaj uzde i poma\u017ee u odr\u017eavanju mirnog kontakta, a istovremeno je udoban i nje\u017ean prema konjevoj glavi.<\/p>\n<p data-start=\"604\" data-end=\"754\">Uzda ima <strong data-start=\"613\" data-end=\"642\">odvojivi remen za bradu<\/strong> i <strong data-start=\"646\" data-end=\"673\">metalne dijelove od nehr\u0111aju\u0107eg \u010delika<\/strong> koji osiguravaju dugotrajnost i sigurnu uporabu. Vodilice su prilo\u017eene &#8211; pogledajte sliku u galeriji.<\/p>\n","protected":false},"excerpt":{"rendered":"<p>\u2705 Izra\u0111ena od kvalitetne ko\u017ee.<br data-start=\"789\" data-end=\"792\" \/>\u2705 Anatomski oblikovan jastu\u010di\u0107 za u\u0161i za udobnost.<br data-start=\"831\" data-end=\"834\" \/>\u2705 Kombinirani nosni dio s odvojivim remenom za bradu.<br data-start=\"871\" data-end=\"874\" \/>\u2705 Sivi kontrastni detalji elegantan izgled.<\/p>\n","protected":false},"featured_media":118590,"template":"","meta":{"footnotes":""},"product_brand":[],"product_cat":[5624,5769,5843,5697],"product_tag":[],"class_list":{"0":"post-119166","1":"product","2":"type-product","3":"status-publish","4":"has-post-thumbnail","6":"product_cat-konj-hr","7":"product_cat-must-have","8":"product_cat-uzde","9":"product_cat-uzde-i-dizgini","11":"first","12":"instock","13":"sale","14":"shipping-taxable","15":"purchasable","16":"product-type-variable"},"yoast_head":"<!-- This site is optimized with the Yoast SEO plugin v27.4 - https:\/\/yoast.com\/product\/yoast-seo-wordpress\/ -->\n<title>Uzda Kavalkade Grey - Clair<\/title>\n<meta name=\"description\" content=\"\u2705 Izra\u0111ena od kvalitetne ko\u017ee.\u2705 Anatomski oblikovan jastu\u010di\u0107 za u\u0161i za udobnost.\u2705 Kombinirani nosni dio s odvojivim remenom za bradu.\u2705 Sivi kontrastni detalji elegantan izgled.\" \/>\n<meta name=\"robots\" content=\"index, follow, max-snippet:-1, max-image-preview:large, max-video-preview:-1\" \/>\n<link rel=\"canonical\" href=\"https:\/\/clair.si\/izdelek\/uzda-kavalkade-grey\/\" \/>\n<meta property=\"og:locale\" content=\"hr_HR\" \/>\n<meta property=\"og:type\" content=\"article\" \/>\n<meta property=\"og:title\" content=\"Uzda Kavalkade Grey - Clair\" \/>\n<meta property=\"og:description\" content=\"\u2705 Izra\u0111ena od kvalitetne ko\u017ee.\u2705 Anatomski oblikovan jastu\u010di\u0107 za u\u0161i za udobnost.\u2705 Kombinirani nosni dio s odvojivim remenom za bradu.\u2705 Sivi kontrastni detalji elegantan izgled.\" \/>\n<meta property=\"og:url\" content=\"https:\/\/clair.si\/izdelek\/uzda-kavalkade-grey\/\" \/>\n<meta property=\"og:site_name\" content=\"Clair\" \/>\n<meta property=\"article:publisher\" content=\"https:\/\/www.facebook.com\/TrgovinaClair\/\" \/>\n<meta property=\"article:modified_time\" content=\"2025-11-13T08:59:57+00:00\" \/>\n<meta property=\"og:image\" content=\"https:\/\/clair.si\/wp-content\/uploads\/2025\/10\/grey-uzda.webp\" \/>\n\t<meta property=\"og:image:width\" content=\"800\" \/>\n\t<meta property=\"og:image:height\" content=\"800\" \/>\n\t<meta property=\"og:image:type\" content=\"image\/jpeg\" \/>\n<meta name=\"twitter:card\" content=\"summary_large_image\" \/>\n<meta name=\"twitter:label1\" content=\"Procijenjeno vrijeme \u010ditanja\" \/>\n\t<meta name=\"twitter:data1\" content=\"1 minuta\" \/>\n<script type=\"application\/ld+json\" class=\"yoast-schema-graph\">{\"@context\":\"https:\\\/\\\/schema.org\",\"@graph\":[{\"@type\":\"WebPage\",\"@id\":\"https:\\\/\\\/clair.si\\\/izdelek\\\/uzda-kavalkade-grey\\\/\",\"url\":\"https:\\\/\\\/clair.si\\\/izdelek\\\/uzda-kavalkade-grey\\\/\",\"name\":\"Uzda Kavalkade Grey - Clair\",\"isPartOf\":{\"@id\":\"https:\\\/\\\/clair.si\\\/#website\"},\"primaryImageOfPage\":{\"@id\":\"https:\\\/\\\/clair.si\\\/izdelek\\\/uzda-kavalkade-grey\\\/#primaryimage\"},\"image\":{\"@id\":\"https:\\\/\\\/clair.si\\\/izdelek\\\/uzda-kavalkade-grey\\\/#primaryimage\"},\"thumbnailUrl\":\"https:\\\/\\\/clair.si\\\/wp-content\\\/uploads\\\/2025\\\/10\\\/grey-uzda.webp\",\"datePublished\":\"2025-10-27T15:06:41+00:00\",\"dateModified\":\"2025-11-13T08:59:57+00:00\",\"description\":\"\u2705 Izra\u0111ena od kvalitetne ko\u017ee.\u2705 Anatomski oblikovan jastu\u010di\u0107 za u\u0161i za udobnost.\u2705 Kombinirani nosni dio s odvojivim remenom za bradu.\u2705 Sivi kontrastni detalji elegantan izgled.\",\"breadcrumb\":{\"@id\":\"https:\\\/\\\/clair.si\\\/izdelek\\\/uzda-kavalkade-grey\\\/#breadcrumb\"},\"inLanguage\":\"hr\",\"potentialAction\":[{\"@type\":\"ReadAction\",\"target\":[\"https:\\\/\\\/clair.si\\\/izdelek\\\/uzda-kavalkade-grey\\\/\"]}]},{\"@type\":\"ImageObject\",\"inLanguage\":\"hr\",\"@id\":\"https:\\\/\\\/clair.si\\\/izdelek\\\/uzda-kavalkade-grey\\\/#primaryimage\",\"url\":\"https:\\\/\\\/clair.si\\\/wp-content\\\/uploads\\\/2025\\\/10\\\/grey-uzda.webp\",\"contentUrl\":\"https:\\\/\\\/clair.si\\\/wp-content\\\/uploads\\\/2025\\\/10\\\/grey-uzda.webp\",\"width\":800,\"height\":800},{\"@type\":\"BreadcrumbList\",\"@id\":\"https:\\\/\\\/clair.si\\\/izdelek\\\/uzda-kavalkade-grey\\\/#breadcrumb\",\"itemListElement\":[{\"@type\":\"ListItem\",\"position\":1,\"name\":\"Home\",\"item\":\"https:\\\/\\\/clair.si\\\/hr\\\/\"},{\"@type\":\"ListItem\",\"position\":2,\"name\":\"Trgovina\",\"item\":\"https:\\\/\\\/clair.si\\\/trgovina\\\/\"},{\"@type\":\"ListItem\",\"position\":3,\"name\":\"Uzda Kavalkade Grey\"}]},{\"@type\":\"WebSite\",\"@id\":\"https:\\\/\\\/clair.si\\\/#website\",\"url\":\"https:\\\/\\\/clair.si\\\/\",\"name\":\"Clair\",\"description\":\"Trgovina s konjeni\u0161ko opremo\",\"publisher\":{\"@id\":\"https:\\\/\\\/clair.si\\\/#organization\"},\"potentialAction\":[{\"@type\":\"SearchAction\",\"target\":{\"@type\":\"EntryPoint\",\"urlTemplate\":\"https:\\\/\\\/clair.si\\\/?s={search_term_string}\"},\"query-input\":{\"@type\":\"PropertyValueSpecification\",\"valueRequired\":true,\"valueName\":\"search_term_string\"}}],\"inLanguage\":\"hr\"},{\"@type\":\"Organization\",\"@id\":\"https:\\\/\\\/clair.si\\\/#organization\",\"name\":\"Clair\",\"url\":\"https:\\\/\\\/clair.si\\\/\",\"logo\":{\"@type\":\"ImageObject\",\"inLanguage\":\"hr\",\"@id\":\"https:\\\/\\\/clair.si\\\/#\\\/schema\\\/logo\\\/image\\\/\",\"url\":\"https:\\\/\\\/clair.si\\\/wp-content\\\/uploads\\\/2022\\\/11\\\/clair_logo_2022.jpg\",\"contentUrl\":\"https:\\\/\\\/clair.si\\\/wp-content\\\/uploads\\\/2022\\\/11\\\/clair_logo_2022.jpg\",\"width\":1920,\"height\":1920,\"caption\":\"Clair\"},\"image\":{\"@id\":\"https:\\\/\\\/clair.si\\\/#\\\/schema\\\/logo\\\/image\\\/\"},\"sameAs\":[\"https:\\\/\\\/www.facebook.com\\\/TrgovinaClair\\\/\"]}]}<\/script>\n<!-- \/ Yoast SEO plugin. -->","yoast_head_json":{"title":"Uzda Kavalkade Grey - Clair","description":"\u2705 Izra\u0111ena od kvalitetne ko\u017ee.\u2705 Anatomski oblikovan jastu\u010di\u0107 za u\u0161i za udobnost.\u2705 Kombinirani nosni dio s odvojivim remenom za bradu.\u2705 Sivi kontrastni detalji elegantan izgled.","robots":{"index":"index","follow":"follow","max-snippet":"max-snippet:-1","max-image-preview":"max-image-preview:large","max-video-preview":"max-video-preview:-1"},"canonical":"https:\/\/clair.si\/izdelek\/uzda-kavalkade-grey\/","og_locale":"hr_HR","og_type":"article","og_title":"Uzda Kavalkade Grey - Clair","og_description":"\u2705 Izra\u0111ena od kvalitetne ko\u017ee.\u2705 Anatomski oblikovan jastu\u010di\u0107 za u\u0161i za udobnost.\u2705 Kombinirani nosni dio s odvojivim remenom za bradu.\u2705 Sivi kontrastni detalji elegantan izgled.","og_url":"https:\/\/clair.si\/izdelek\/uzda-kavalkade-grey\/","og_site_name":"Clair","article_publisher":"https:\/\/www.facebook.com\/TrgovinaClair\/","article_modified_time":"2025-11-13T08:59:57+00:00","og_image":[{"width":800,"height":800,"url":"https:\/\/clair.si\/wp-content\/uploads\/2025\/10\/grey-uzda.webp","type":"image\/jpeg"}],"twitter_card":"summary_large_image","twitter_misc":{"Procijenjeno vrijeme \u010ditanja":"1 minuta"},"schema":{"@context":"https:\/\/schema.org","@graph":[{"@type":"WebPage","@id":"https:\/\/clair.si\/izdelek\/uzda-kavalkade-grey\/","url":"https:\/\/clair.si\/izdelek\/uzda-kavalkade-grey\/","name":"Uzda Kavalkade Grey - Clair","isPartOf":{"@id":"https:\/\/clair.si\/#website"},"primaryImageOfPage":{"@id":"https:\/\/clair.si\/izdelek\/uzda-kavalkade-grey\/#primaryimage"},"image":{"@id":"https:\/\/clair.si\/izdelek\/uzda-kavalkade-grey\/#primaryimage"},"thumbnailUrl":"https:\/\/clair.si\/wp-content\/uploads\/2025\/10\/grey-uzda.webp","datePublished":"2025-10-27T15:06:41+00:00","dateModified":"2025-11-13T08:59:57+00:00","description":"\u2705 Izra\u0111ena od kvalitetne ko\u017ee.\u2705 Anatomski oblikovan jastu\u010di\u0107 za u\u0161i za udobnost.\u2705 Kombinirani nosni dio s odvojivim remenom za bradu.\u2705 Sivi kontrastni detalji elegantan izgled.","breadcrumb":{"@id":"https:\/\/clair.si\/izdelek\/uzda-kavalkade-grey\/#breadcrumb"},"inLanguage":"hr","potentialAction":[{"@type":"ReadAction","target":["https:\/\/clair.si\/izdelek\/uzda-kavalkade-grey\/"]}]},{"@type":"ImageObject","inLanguage":"hr","@id":"https:\/\/clair.si\/izdelek\/uzda-kavalkade-grey\/#primaryimage","url":"https:\/\/clair.si\/wp-content\/uploads\/2025\/10\/grey-uzda.webp","contentUrl":"https:\/\/clair.si\/wp-content\/uploads\/2025\/10\/grey-uzda.webp","width":800,"height":800},{"@type":"BreadcrumbList","@id":"https:\/\/clair.si\/izdelek\/uzda-kavalkade-grey\/#breadcrumb","itemListElement":[{"@type":"ListItem","position":1,"name":"Home","item":"https:\/\/clair.si\/hr\/"},{"@type":"ListItem","position":2,"name":"Trgovina","item":"https:\/\/clair.si\/trgovina\/"},{"@type":"ListItem","position":3,"name":"Uzda Kavalkade Grey"}]},{"@type":"WebSite","@id":"https:\/\/clair.si\/#website","url":"https:\/\/clair.si\/","name":"Clair","description":"Trgovina s konjeni\u0161ko opremo","publisher":{"@id":"https:\/\/clair.si\/#organization"},"potentialAction":[{"@type":"SearchAction","target":{"@type":"EntryPoint","urlTemplate":"https:\/\/clair.si\/?s={search_term_string}"},"query-input":{"@type":"PropertyValueSpecification","valueRequired":true,"valueName":"search_term_string"}}],"inLanguage":"hr"},{"@type":"Organization","@id":"https:\/\/clair.si\/#organization","name":"Clair","url":"https:\/\/clair.si\/","logo":{"@type":"ImageObject","inLanguage":"hr","@id":"https:\/\/clair.si\/#\/schema\/logo\/image\/","url":"https:\/\/clair.si\/wp-content\/uploads\/2022\/11\/clair_logo_2022.jpg","contentUrl":"https:\/\/clair.si\/wp-content\/uploads\/2022\/11\/clair_logo_2022.jpg","width":1920,"height":1920,"caption":"Clair"},"image":{"@id":"https:\/\/clair.si\/#\/schema\/logo\/image\/"},"sameAs":["https:\/\/www.facebook.com\/TrgovinaClair\/"]}]}},"_links":{"self":[{"href":"https:\/\/clair.si\/hr\/wp-json\/wp\/v2\/product\/119166","targetHints":{"allow":["GET"]}}],"collection":[{"href":"https:\/\/clair.si\/hr\/wp-json\/wp\/v2\/product"}],"about":[{"href":"https:\/\/clair.si\/hr\/wp-json\/wp\/v2\/types\/product"}],"version-history":[{"count":1,"href":"https:\/\/clair.si\/hr\/wp-json\/wp\/v2\/product\/119166\/revisions"}],"predecessor-version":[{"id":120409,"href":"https:\/\/clair.si\/hr\/wp-json\/wp\/v2\/product\/119166\/revisions\/120409"}],"wp:featuredmedia":[{"embeddable":true,"href":"https:\/\/clair.si\/hr\/wp-json\/wp\/v2\/media\/118590"}],"wp:attachment":[{"href":"https:\/\/clair.si\/hr\/wp-json\/wp\/v2\/media?parent=119166"}],"wp:term":[{"taxonomy":"product_brand","embeddable":true,"href":"https:\/\/clair.si\/hr\/wp-json\/wp\/v2\/product_brand?post=119166"},{"taxonomy":"product_cat","embeddable":true,"href":"https:\/\/clair.si\/hr\/wp-json\/wp\/v2\/product_cat?post=119166"},{"taxonomy":"product_tag","embeddable":true,"href":"https:\/\/clair.si\/hr\/wp-json\/wp\/v2\/product_tag?post=119166"}],"curies":[{"name":"wp","href":"https:\/\/api.w.org\/{rel}","templated":true}]}}