{"id":119194,"date":"2025-10-28T13:53:39","date_gmt":"2025-10-28T12:53:39","guid":{"rendered":"https:\/\/clair.si\/izdelek\/oprsnica-kavalkade-foalmaster\/"},"modified":"2025-11-13T09:55:15","modified_gmt":"2025-11-13T08:55:15","slug":"oprsnica-kavalkade-foalmaster","status":"publish","type":"product","link":"https:\/\/clair.si\/hr\/izdelek\/oprsnica-kavalkade-foalmaster\/","title":{"rendered":"Oprsnica Kavalkade Foalmaster"},"content":{"rendered":"<p data-start=\"61\" data-end=\"486\"><strong data-start=\"61\" data-end=\"75\">Foalmaster<\/strong> je nje\u017ena i promi\u0161ljena alternativa \u017evalama za \u017edrijebad. Oprsnica ravnomjerno raspore\u0111uje pritisak preko prsnog ko\u0161a, stoga ne optere\u0107uje vrat i zatiljak te poma\u017ee sprije\u010diti trajne ozljede u podru\u010dju vrata i kralje\u017enice. Zbog takvog dizajna omogu\u0107uje <strong data-start=\"351\" data-end=\"387\">mirnije u\u010denje puno povjerenja<\/strong> te skladniju suradnju izme\u0111u \u010dovjeka i \u017edrijebeta.<\/p>\n<p data-start=\"488\" data-end=\"533\"><strong data-start=\"488\" data-end=\"531\">Prakti\u010dni detalji za svakodnevnu upotrebu:<\/strong><\/p>\n<ul data-start=\"534\" data-end=\"1086\">\n<li data-start=\"534\" data-end=\"634\">\n<p data-start=\"536\" data-end=\"634\"><strong data-start=\"536\" data-end=\"554\">Ru\u010dka na le\u0111ima<\/strong> za nje\u017enu i sigurnu kontrolu pri vo\u0111enju.<\/p>\n<\/li>\n<li data-start=\"635\" data-end=\"734\">\n<p data-start=\"637\" data-end=\"734\"><strong data-start=\"637\" data-end=\"666\">\u0160iroko podstavljen prsni remen<\/strong> za udobnost i stabilan polo\u017eaj.<\/p>\n<\/li>\n<li data-start=\"735\" data-end=\"859\">\n<p data-start=\"737\" data-end=\"859\"><strong data-start=\"737\" data-end=\"759\">Podesivi remeni<\/strong> (tako\u0111er oko ramena) za odli\u010dno prianjanje rastu\u0107em \u017edrijebetu.<\/p>\n<\/li>\n<li data-start=\"860\" data-end=\"986\">\n<p data-start=\"862\" data-end=\"986\">Brzo i jednostavno postavljanje.<\/p>\n<\/li>\n<li data-start=\"987\" data-end=\"1086\">\n<p data-start=\"989\" data-end=\"1086\"><strong data-start=\"989\" data-end=\"1000\">D-prsten<\/strong> za prakti\u010dno rukovanje i pri\u010dvr\u0161\u0107ivanje povodca.<\/p>\n<\/li>\n<\/ul>\n<p data-start=\"1088\" data-end=\"1431\"><strong data-start=\"1088\" data-end=\"1126\">Za\u0161to Foalmaster umjesto \u017evale?<\/strong><br data-start=\"1126\" data-end=\"1129\" \/>Oprsnica \u017edrijebe &#8220;obujmi&#8221; u podru\u010dju prsnog ko\u0161a, gdje je pritisak sigurnije raspore\u0111en, dok <strong data-start=\"1227\" data-end=\"1280\">glava, zatiljak i kralje\u017enica ostaju rastere\u0107eni<\/strong>. Tako \u017edrijebe lak\u0161e i mirnije u\u010di osnove vo\u0111enja bez ne\u017eeljenih pritisaka ili povla\u010denja na osjetljivim to\u010dkama.<\/p>\n","protected":false},"excerpt":{"rendered":"<ul>\n<li>odli\u010dna alternativa \u017evali<\/li>\n<li>podesiva veli\u010dina<\/li>\n<\/ul>\n","protected":false},"featured_media":118699,"template":"","meta":{"footnotes":""},"product_brand":[],"product_cat":[558,484,1261,551,522,492],"product_tag":[],"class_list":{"0":"post-119194","1":"product","2":"type-product","3":"status-publish","4":"has-post-thumbnail","6":"product_cat-dodatki-za-hlev","7":"product_cat-konj","8":"product_cat-autumn-must-haves","9":"product_cat-hlev-in-pasnik","10":"product_cat-oglavke","11":"product_cat-oglavke-in-povodci","13":"first","14":"instock","15":"sale","16":"shipping-taxable","17":"purchasable","18":"product-type-simple"},"yoast_head":"<!-- This site is optimized with the Yoast SEO plugin v27.5 - https:\/\/yoast.com\/product\/yoast-seo-wordpress\/ -->\n<title>Oprsnica Kavalkade Foalmaster - Clair<\/title>\n<meta name=\"description\" content=\"odli\u010dna alternativa \u017evali  podesiva veli\u010dina\" \/>\n<meta name=\"robots\" content=\"index, follow, max-snippet:-1, max-image-preview:large, max-video-preview:-1\" \/>\n<link rel=\"canonical\" href=\"https:\/\/clair.si\/izdelek\/oprsnica-kavalkade-foalmaster\/\" \/>\n<meta property=\"og:locale\" content=\"hr_HR\" \/>\n<meta property=\"og:type\" content=\"article\" \/>\n<meta property=\"og:title\" content=\"Oprsnica Kavalkade Foalmaster - Clair\" \/>\n<meta property=\"og:description\" content=\"odli\u010dna alternativa \u017evali  podesiva veli\u010dina\" \/>\n<meta property=\"og:url\" content=\"https:\/\/clair.si\/izdelek\/oprsnica-kavalkade-foalmaster\/\" \/>\n<meta property=\"og:site_name\" content=\"Clair\" \/>\n<meta property=\"article:publisher\" content=\"https:\/\/www.facebook.com\/TrgovinaClair\/\" \/>\n<meta property=\"article:modified_time\" content=\"2025-11-13T08:55:15+00:00\" \/>\n<meta property=\"og:image\" content=\"https:\/\/clair.si\/wp-content\/uploads\/2025\/10\/foalmaster.webp\" \/>\n\t<meta property=\"og:image:width\" content=\"800\" \/>\n\t<meta property=\"og:image:height\" content=\"800\" \/>\n\t<meta property=\"og:image:type\" content=\"image\/jpeg\" \/>\n<meta name=\"twitter:card\" content=\"summary_large_image\" \/>\n<meta name=\"twitter:label1\" content=\"Procijenjeno vrijeme \u010ditanja\" \/>\n\t<meta name=\"twitter:data1\" content=\"1 minuta\" \/>\n<script type=\"application\/ld+json\" class=\"yoast-schema-graph\">{\"@context\":\"https:\\\/\\\/schema.org\",\"@graph\":[{\"@type\":\"WebPage\",\"@id\":\"https:\\\/\\\/clair.si\\\/izdelek\\\/oprsnica-kavalkade-foalmaster\\\/\",\"url\":\"https:\\\/\\\/clair.si\\\/izdelek\\\/oprsnica-kavalkade-foalmaster\\\/\",\"name\":\"Oprsnica Kavalkade Foalmaster - Clair\",\"isPartOf\":{\"@id\":\"https:\\\/\\\/clair.si\\\/#website\"},\"primaryImageOfPage\":{\"@id\":\"https:\\\/\\\/clair.si\\\/izdelek\\\/oprsnica-kavalkade-foalmaster\\\/#primaryimage\"},\"image\":{\"@id\":\"https:\\\/\\\/clair.si\\\/izdelek\\\/oprsnica-kavalkade-foalmaster\\\/#primaryimage\"},\"thumbnailUrl\":\"https:\\\/\\\/clair.si\\\/wp-content\\\/uploads\\\/2025\\\/10\\\/foalmaster.webp\",\"datePublished\":\"2025-10-28T12:53:39+00:00\",\"dateModified\":\"2025-11-13T08:55:15+00:00\",\"description\":\"odli\u010dna alternativa \u017evali podesiva veli\u010dina\",\"breadcrumb\":{\"@id\":\"https:\\\/\\\/clair.si\\\/izdelek\\\/oprsnica-kavalkade-foalmaster\\\/#breadcrumb\"},\"inLanguage\":\"hr\",\"potentialAction\":[{\"@type\":\"ReadAction\",\"target\":[\"https:\\\/\\\/clair.si\\\/izdelek\\\/oprsnica-kavalkade-foalmaster\\\/\"]}]},{\"@type\":\"ImageObject\",\"inLanguage\":\"hr\",\"@id\":\"https:\\\/\\\/clair.si\\\/izdelek\\\/oprsnica-kavalkade-foalmaster\\\/#primaryimage\",\"url\":\"https:\\\/\\\/clair.si\\\/wp-content\\\/uploads\\\/2025\\\/10\\\/foalmaster.webp\",\"contentUrl\":\"https:\\\/\\\/clair.si\\\/wp-content\\\/uploads\\\/2025\\\/10\\\/foalmaster.webp\",\"width\":800,\"height\":800},{\"@type\":\"BreadcrumbList\",\"@id\":\"https:\\\/\\\/clair.si\\\/izdelek\\\/oprsnica-kavalkade-foalmaster\\\/#breadcrumb\",\"itemListElement\":[{\"@type\":\"ListItem\",\"position\":1,\"name\":\"Home\",\"item\":\"https:\\\/\\\/clair.si\\\/hr\\\/\"},{\"@type\":\"ListItem\",\"position\":2,\"name\":\"Trgovina\",\"item\":\"https:\\\/\\\/clair.si\\\/trgovina\\\/\"},{\"@type\":\"ListItem\",\"position\":3,\"name\":\"Oprsnica Kavalkade Foalmaster\"}]},{\"@type\":\"WebSite\",\"@id\":\"https:\\\/\\\/clair.si\\\/#website\",\"url\":\"https:\\\/\\\/clair.si\\\/\",\"name\":\"Clair\",\"description\":\"Trgovina s konjeni\u0161ko opremo\",\"publisher\":{\"@id\":\"https:\\\/\\\/clair.si\\\/#organization\"},\"potentialAction\":[{\"@type\":\"SearchAction\",\"target\":{\"@type\":\"EntryPoint\",\"urlTemplate\":\"https:\\\/\\\/clair.si\\\/?s={search_term_string}\"},\"query-input\":{\"@type\":\"PropertyValueSpecification\",\"valueRequired\":true,\"valueName\":\"search_term_string\"}}],\"inLanguage\":\"hr\"},{\"@type\":\"Organization\",\"@id\":\"https:\\\/\\\/clair.si\\\/#organization\",\"name\":\"Clair\",\"url\":\"https:\\\/\\\/clair.si\\\/\",\"logo\":{\"@type\":\"ImageObject\",\"inLanguage\":\"hr\",\"@id\":\"https:\\\/\\\/clair.si\\\/#\\\/schema\\\/logo\\\/image\\\/\",\"url\":\"https:\\\/\\\/clair.si\\\/wp-content\\\/uploads\\\/2022\\\/11\\\/clair_logo_2022.jpg\",\"contentUrl\":\"https:\\\/\\\/clair.si\\\/wp-content\\\/uploads\\\/2022\\\/11\\\/clair_logo_2022.jpg\",\"width\":1920,\"height\":1920,\"caption\":\"Clair\"},\"image\":{\"@id\":\"https:\\\/\\\/clair.si\\\/#\\\/schema\\\/logo\\\/image\\\/\"},\"sameAs\":[\"https:\\\/\\\/www.facebook.com\\\/TrgovinaClair\\\/\"]}]}<\/script>\n<!-- \/ Yoast SEO plugin. -->","yoast_head_json":{"title":"Oprsnica Kavalkade Foalmaster - Clair","description":"odli\u010dna alternativa \u017evali  podesiva veli\u010dina","robots":{"index":"index","follow":"follow","max-snippet":"max-snippet:-1","max-image-preview":"max-image-preview:large","max-video-preview":"max-video-preview:-1"},"canonical":"https:\/\/clair.si\/izdelek\/oprsnica-kavalkade-foalmaster\/","og_locale":"hr_HR","og_type":"article","og_title":"Oprsnica Kavalkade Foalmaster - Clair","og_description":"odli\u010dna alternativa \u017evali  podesiva veli\u010dina","og_url":"https:\/\/clair.si\/izdelek\/oprsnica-kavalkade-foalmaster\/","og_site_name":"Clair","article_publisher":"https:\/\/www.facebook.com\/TrgovinaClair\/","article_modified_time":"2025-11-13T08:55:15+00:00","og_image":[{"width":800,"height":800,"url":"https:\/\/clair.si\/wp-content\/uploads\/2025\/10\/foalmaster.webp","type":"image\/jpeg"}],"twitter_card":"summary_large_image","twitter_misc":{"Procijenjeno vrijeme \u010ditanja":"1 minuta"},"schema":{"@context":"https:\/\/schema.org","@graph":[{"@type":"WebPage","@id":"https:\/\/clair.si\/izdelek\/oprsnica-kavalkade-foalmaster\/","url":"https:\/\/clair.si\/izdelek\/oprsnica-kavalkade-foalmaster\/","name":"Oprsnica Kavalkade Foalmaster - Clair","isPartOf":{"@id":"https:\/\/clair.si\/#website"},"primaryImageOfPage":{"@id":"https:\/\/clair.si\/izdelek\/oprsnica-kavalkade-foalmaster\/#primaryimage"},"image":{"@id":"https:\/\/clair.si\/izdelek\/oprsnica-kavalkade-foalmaster\/#primaryimage"},"thumbnailUrl":"https:\/\/clair.si\/wp-content\/uploads\/2025\/10\/foalmaster.webp","datePublished":"2025-10-28T12:53:39+00:00","dateModified":"2025-11-13T08:55:15+00:00","description":"odli\u010dna alternativa \u017evali podesiva veli\u010dina","breadcrumb":{"@id":"https:\/\/clair.si\/izdelek\/oprsnica-kavalkade-foalmaster\/#breadcrumb"},"inLanguage":"hr","potentialAction":[{"@type":"ReadAction","target":["https:\/\/clair.si\/izdelek\/oprsnica-kavalkade-foalmaster\/"]}]},{"@type":"ImageObject","inLanguage":"hr","@id":"https:\/\/clair.si\/izdelek\/oprsnica-kavalkade-foalmaster\/#primaryimage","url":"https:\/\/clair.si\/wp-content\/uploads\/2025\/10\/foalmaster.webp","contentUrl":"https:\/\/clair.si\/wp-content\/uploads\/2025\/10\/foalmaster.webp","width":800,"height":800},{"@type":"BreadcrumbList","@id":"https:\/\/clair.si\/izdelek\/oprsnica-kavalkade-foalmaster\/#breadcrumb","itemListElement":[{"@type":"ListItem","position":1,"name":"Home","item":"https:\/\/clair.si\/hr\/"},{"@type":"ListItem","position":2,"name":"Trgovina","item":"https:\/\/clair.si\/trgovina\/"},{"@type":"ListItem","position":3,"name":"Oprsnica Kavalkade Foalmaster"}]},{"@type":"WebSite","@id":"https:\/\/clair.si\/#website","url":"https:\/\/clair.si\/","name":"Clair","description":"Trgovina s konjeni\u0161ko opremo","publisher":{"@id":"https:\/\/clair.si\/#organization"},"potentialAction":[{"@type":"SearchAction","target":{"@type":"EntryPoint","urlTemplate":"https:\/\/clair.si\/?s={search_term_string}"},"query-input":{"@type":"PropertyValueSpecification","valueRequired":true,"valueName":"search_term_string"}}],"inLanguage":"hr"},{"@type":"Organization","@id":"https:\/\/clair.si\/#organization","name":"Clair","url":"https:\/\/clair.si\/","logo":{"@type":"ImageObject","inLanguage":"hr","@id":"https:\/\/clair.si\/#\/schema\/logo\/image\/","url":"https:\/\/clair.si\/wp-content\/uploads\/2022\/11\/clair_logo_2022.jpg","contentUrl":"https:\/\/clair.si\/wp-content\/uploads\/2022\/11\/clair_logo_2022.jpg","width":1920,"height":1920,"caption":"Clair"},"image":{"@id":"https:\/\/clair.si\/#\/schema\/logo\/image\/"},"sameAs":["https:\/\/www.facebook.com\/TrgovinaClair\/"]}]}},"_links":{"self":[{"href":"https:\/\/clair.si\/hr\/wp-json\/wp\/v2\/product\/119194","targetHints":{"allow":["GET"]}}],"collection":[{"href":"https:\/\/clair.si\/hr\/wp-json\/wp\/v2\/product"}],"about":[{"href":"https:\/\/clair.si\/hr\/wp-json\/wp\/v2\/types\/product"}],"version-history":[{"count":2,"href":"https:\/\/clair.si\/hr\/wp-json\/wp\/v2\/product\/119194\/revisions"}],"predecessor-version":[{"id":120407,"href":"https:\/\/clair.si\/hr\/wp-json\/wp\/v2\/product\/119194\/revisions\/120407"}],"wp:featuredmedia":[{"embeddable":true,"href":"https:\/\/clair.si\/hr\/wp-json\/wp\/v2\/media\/118699"}],"wp:attachment":[{"href":"https:\/\/clair.si\/hr\/wp-json\/wp\/v2\/media?parent=119194"}],"wp:term":[{"taxonomy":"product_brand","embeddable":true,"href":"https:\/\/clair.si\/hr\/wp-json\/wp\/v2\/product_brand?post=119194"},{"taxonomy":"product_cat","embeddable":true,"href":"https:\/\/clair.si\/hr\/wp-json\/wp\/v2\/product_cat?post=119194"},{"taxonomy":"product_tag","embeddable":true,"href":"https:\/\/clair.si\/hr\/wp-json\/wp\/v2\/product_tag?post=119194"}],"curies":[{"name":"wp","href":"https:\/\/api.w.org\/{rel}","templated":true}]}}