{"id":120683,"date":"2025-11-06T14:28:10","date_gmt":"2025-11-06T13:28:10","guid":{"rendered":"https:\/\/clair.si\/izdelek\/klijesta-za-kopita-g-e-ez-14\/"},"modified":"2026-01-01T11:00:10","modified_gmt":"2026-01-01T10:00:10","slug":"klijesta-za-kopita-g-e-ez-14","status":"publish","type":"product","link":"https:\/\/clair.si\/hr\/izdelek\/klijesta-za-kopita-g-e-ez-14\/","title":{"rendered":"Klije\u0161ta za kopita G.E. EZ 14&#8221;"},"content":{"rendered":"<p><strong data-start=\"86\" data-end=\"101\">G.E. EZ 14\u2033<\/strong> su svestrana, profesionalna klije\u0161ta za kopita \u2013 veli\u010dina za ve\u0107inu konja i svakodnevni rad. Serija <g id=\"gid_1\">EZ<\/g> ima udobne <g id=\"gid_2\">plo\u0161no-ovalne ru\u010dke<\/g> bez o\u0161trih rubova, \u0161to smanjuje umor ruku, a o\u0161trice su <g id=\"gid_3\">poravnate i bru\u0161ene pri G.E.<\/g> za \u010dist, ponovljiv rez. Izra\u0111ene su od <strong data-start=\"403\" data-end=\"463\">kovanog krom-vanadijevog \u010delika<\/strong> za dugi vijek trajanja.  <\/p>\n","protected":false},"excerpt":{"rendered":"<ul>\n<li>DO ISTEKA ZALIHA<\/li>\n<\/ul>\n","protected":false},"featured_media":119552,"template":"","meta":{"footnotes":""},"product_brand":[],"product_cat":[5657,5961,5960],"product_tag":[],"class_list":{"0":"post-120683","1":"product","2":"type-product","3":"status-publish","4":"has-post-thumbnail","6":"product_cat-kategorije-hr","7":"product_cat-kovacka-klijesta-i-cekici","8":"product_cat-kovacka-oprema","10":"first","11":"instock","12":"sale","13":"shipping-taxable","14":"purchasable","15":"product-type-simple"},"yoast_head":"<!-- This site is optimized with the Yoast SEO plugin v27.3 - https:\/\/yoast.com\/product\/yoast-seo-wordpress\/ -->\n<title>Klije\u0161ta za kopita G.E. EZ 14&#039;&#039; - Clair<\/title>\n<meta name=\"description\" content=\"DO ISTEKA ZALIHA\" \/>\n<meta name=\"robots\" content=\"index, follow, max-snippet:-1, max-image-preview:large, max-video-preview:-1\" \/>\n<link rel=\"canonical\" href=\"https:\/\/clair.si\/hr\/izdelek\/klijesta-za-kopita-g-e-ez-14\/\" \/>\n<meta property=\"og:locale\" content=\"hr_HR\" \/>\n<meta property=\"og:type\" content=\"article\" \/>\n<meta property=\"og:title\" content=\"Klije\u0161ta za kopita G.E. EZ 14&#039;&#039; - Clair\" \/>\n<meta property=\"og:description\" content=\"DO ISTEKA ZALIHA\" \/>\n<meta property=\"og:url\" content=\"https:\/\/clair.si\/hr\/izdelek\/klijesta-za-kopita-g-e-ez-14\/\" \/>\n<meta property=\"og:site_name\" content=\"Clair\" \/>\n<meta property=\"article:publisher\" content=\"https:\/\/www.facebook.com\/TrgovinaClair\/\" \/>\n<meta property=\"article:modified_time\" content=\"2026-01-01T10:00:10+00:00\" \/>\n<meta property=\"og:image\" content=\"https:\/\/clair.si\/wp-content\/uploads\/2025\/11\/niperce-12.webp\" \/>\n\t<meta property=\"og:image:width\" content=\"700\" \/>\n\t<meta property=\"og:image:height\" content=\"700\" \/>\n\t<meta property=\"og:image:type\" content=\"image\/png\" \/>\n<meta name=\"twitter:card\" content=\"summary_large_image\" \/>\n<script type=\"application\/ld+json\" class=\"yoast-schema-graph\">{\"@context\":\"https:\\\/\\\/schema.org\",\"@graph\":[{\"@type\":\"WebPage\",\"@id\":\"https:\\\/\\\/clair.si\\\/hr\\\/izdelek\\\/klijesta-za-kopita-g-e-ez-14\\\/\",\"url\":\"https:\\\/\\\/clair.si\\\/hr\\\/izdelek\\\/klijesta-za-kopita-g-e-ez-14\\\/\",\"name\":\"Klije\u0161ta za kopita G.E. EZ 14'' - Clair\",\"isPartOf\":{\"@id\":\"https:\\\/\\\/clair.si\\\/#website\"},\"primaryImageOfPage\":{\"@id\":\"https:\\\/\\\/clair.si\\\/hr\\\/izdelek\\\/klijesta-za-kopita-g-e-ez-14\\\/#primaryimage\"},\"image\":{\"@id\":\"https:\\\/\\\/clair.si\\\/hr\\\/izdelek\\\/klijesta-za-kopita-g-e-ez-14\\\/#primaryimage\"},\"thumbnailUrl\":\"https:\\\/\\\/clair.si\\\/wp-content\\\/uploads\\\/2025\\\/11\\\/niperce-12.webp\",\"datePublished\":\"2025-11-06T13:28:10+00:00\",\"dateModified\":\"2026-01-01T10:00:10+00:00\",\"description\":\"DO ISTEKA ZALIHA\",\"breadcrumb\":{\"@id\":\"https:\\\/\\\/clair.si\\\/hr\\\/izdelek\\\/klijesta-za-kopita-g-e-ez-14\\\/#breadcrumb\"},\"inLanguage\":\"hr\",\"potentialAction\":[{\"@type\":\"ReadAction\",\"target\":[\"https:\\\/\\\/clair.si\\\/hr\\\/izdelek\\\/klijesta-za-kopita-g-e-ez-14\\\/\"]}]},{\"@type\":\"ImageObject\",\"inLanguage\":\"hr\",\"@id\":\"https:\\\/\\\/clair.si\\\/hr\\\/izdelek\\\/klijesta-za-kopita-g-e-ez-14\\\/#primaryimage\",\"url\":\"https:\\\/\\\/clair.si\\\/wp-content\\\/uploads\\\/2025\\\/11\\\/niperce-12.webp\",\"contentUrl\":\"https:\\\/\\\/clair.si\\\/wp-content\\\/uploads\\\/2025\\\/11\\\/niperce-12.webp\",\"width\":700,\"height\":700},{\"@type\":\"BreadcrumbList\",\"@id\":\"https:\\\/\\\/clair.si\\\/hr\\\/izdelek\\\/klijesta-za-kopita-g-e-ez-14\\\/#breadcrumb\",\"itemListElement\":[{\"@type\":\"ListItem\",\"position\":1,\"name\":\"Home\",\"item\":\"https:\\\/\\\/clair.si\\\/hr\\\/\"},{\"@type\":\"ListItem\",\"position\":2,\"name\":\"Trgovina\",\"item\":\"https:\\\/\\\/clair.si\\\/trgovina\\\/\"},{\"@type\":\"ListItem\",\"position\":3,\"name\":\"Klije\u0161ta za kopita G.E. EZ 14&#8221;\"}]},{\"@type\":\"WebSite\",\"@id\":\"https:\\\/\\\/clair.si\\\/#website\",\"url\":\"https:\\\/\\\/clair.si\\\/\",\"name\":\"Clair\",\"description\":\"Trgovina s konjeni\u0161ko opremo\",\"publisher\":{\"@id\":\"https:\\\/\\\/clair.si\\\/#organization\"},\"potentialAction\":[{\"@type\":\"SearchAction\",\"target\":{\"@type\":\"EntryPoint\",\"urlTemplate\":\"https:\\\/\\\/clair.si\\\/?s={search_term_string}\"},\"query-input\":{\"@type\":\"PropertyValueSpecification\",\"valueRequired\":true,\"valueName\":\"search_term_string\"}}],\"inLanguage\":\"hr\"},{\"@type\":\"Organization\",\"@id\":\"https:\\\/\\\/clair.si\\\/#organization\",\"name\":\"Clair\",\"url\":\"https:\\\/\\\/clair.si\\\/\",\"logo\":{\"@type\":\"ImageObject\",\"inLanguage\":\"hr\",\"@id\":\"https:\\\/\\\/clair.si\\\/#\\\/schema\\\/logo\\\/image\\\/\",\"url\":\"https:\\\/\\\/clair.si\\\/wp-content\\\/uploads\\\/2022\\\/11\\\/clair_logo_2022.jpg\",\"contentUrl\":\"https:\\\/\\\/clair.si\\\/wp-content\\\/uploads\\\/2022\\\/11\\\/clair_logo_2022.jpg\",\"width\":1920,\"height\":1920,\"caption\":\"Clair\"},\"image\":{\"@id\":\"https:\\\/\\\/clair.si\\\/#\\\/schema\\\/logo\\\/image\\\/\"},\"sameAs\":[\"https:\\\/\\\/www.facebook.com\\\/TrgovinaClair\\\/\"]}]}<\/script>\n<!-- \/ Yoast SEO plugin. -->","yoast_head_json":{"title":"Klije\u0161ta za kopita G.E. EZ 14'' - Clair","description":"DO ISTEKA ZALIHA","robots":{"index":"index","follow":"follow","max-snippet":"max-snippet:-1","max-image-preview":"max-image-preview:large","max-video-preview":"max-video-preview:-1"},"canonical":"https:\/\/clair.si\/hr\/izdelek\/klijesta-za-kopita-g-e-ez-14\/","og_locale":"hr_HR","og_type":"article","og_title":"Klije\u0161ta za kopita G.E. EZ 14'' - Clair","og_description":"DO ISTEKA ZALIHA","og_url":"https:\/\/clair.si\/hr\/izdelek\/klijesta-za-kopita-g-e-ez-14\/","og_site_name":"Clair","article_publisher":"https:\/\/www.facebook.com\/TrgovinaClair\/","article_modified_time":"2026-01-01T10:00:10+00:00","og_image":[{"width":700,"height":700,"url":"https:\/\/clair.si\/wp-content\/uploads\/2025\/11\/niperce-12.webp","type":"image\/png"}],"twitter_card":"summary_large_image","schema":{"@context":"https:\/\/schema.org","@graph":[{"@type":"WebPage","@id":"https:\/\/clair.si\/hr\/izdelek\/klijesta-za-kopita-g-e-ez-14\/","url":"https:\/\/clair.si\/hr\/izdelek\/klijesta-za-kopita-g-e-ez-14\/","name":"Klije\u0161ta za kopita G.E. EZ 14'' - Clair","isPartOf":{"@id":"https:\/\/clair.si\/#website"},"primaryImageOfPage":{"@id":"https:\/\/clair.si\/hr\/izdelek\/klijesta-za-kopita-g-e-ez-14\/#primaryimage"},"image":{"@id":"https:\/\/clair.si\/hr\/izdelek\/klijesta-za-kopita-g-e-ez-14\/#primaryimage"},"thumbnailUrl":"https:\/\/clair.si\/wp-content\/uploads\/2025\/11\/niperce-12.webp","datePublished":"2025-11-06T13:28:10+00:00","dateModified":"2026-01-01T10:00:10+00:00","description":"DO ISTEKA ZALIHA","breadcrumb":{"@id":"https:\/\/clair.si\/hr\/izdelek\/klijesta-za-kopita-g-e-ez-14\/#breadcrumb"},"inLanguage":"hr","potentialAction":[{"@type":"ReadAction","target":["https:\/\/clair.si\/hr\/izdelek\/klijesta-za-kopita-g-e-ez-14\/"]}]},{"@type":"ImageObject","inLanguage":"hr","@id":"https:\/\/clair.si\/hr\/izdelek\/klijesta-za-kopita-g-e-ez-14\/#primaryimage","url":"https:\/\/clair.si\/wp-content\/uploads\/2025\/11\/niperce-12.webp","contentUrl":"https:\/\/clair.si\/wp-content\/uploads\/2025\/11\/niperce-12.webp","width":700,"height":700},{"@type":"BreadcrumbList","@id":"https:\/\/clair.si\/hr\/izdelek\/klijesta-za-kopita-g-e-ez-14\/#breadcrumb","itemListElement":[{"@type":"ListItem","position":1,"name":"Home","item":"https:\/\/clair.si\/hr\/"},{"@type":"ListItem","position":2,"name":"Trgovina","item":"https:\/\/clair.si\/trgovina\/"},{"@type":"ListItem","position":3,"name":"Klije\u0161ta za kopita G.E. EZ 14&#8221;"}]},{"@type":"WebSite","@id":"https:\/\/clair.si\/#website","url":"https:\/\/clair.si\/","name":"Clair","description":"Trgovina s konjeni\u0161ko opremo","publisher":{"@id":"https:\/\/clair.si\/#organization"},"potentialAction":[{"@type":"SearchAction","target":{"@type":"EntryPoint","urlTemplate":"https:\/\/clair.si\/?s={search_term_string}"},"query-input":{"@type":"PropertyValueSpecification","valueRequired":true,"valueName":"search_term_string"}}],"inLanguage":"hr"},{"@type":"Organization","@id":"https:\/\/clair.si\/#organization","name":"Clair","url":"https:\/\/clair.si\/","logo":{"@type":"ImageObject","inLanguage":"hr","@id":"https:\/\/clair.si\/#\/schema\/logo\/image\/","url":"https:\/\/clair.si\/wp-content\/uploads\/2022\/11\/clair_logo_2022.jpg","contentUrl":"https:\/\/clair.si\/wp-content\/uploads\/2022\/11\/clair_logo_2022.jpg","width":1920,"height":1920,"caption":"Clair"},"image":{"@id":"https:\/\/clair.si\/#\/schema\/logo\/image\/"},"sameAs":["https:\/\/www.facebook.com\/TrgovinaClair\/"]}]}},"_links":{"self":[{"href":"https:\/\/clair.si\/hr\/wp-json\/wp\/v2\/product\/120683","targetHints":{"allow":["GET"]}}],"collection":[{"href":"https:\/\/clair.si\/hr\/wp-json\/wp\/v2\/product"}],"about":[{"href":"https:\/\/clair.si\/hr\/wp-json\/wp\/v2\/types\/product"}],"version-history":[{"count":0,"href":"https:\/\/clair.si\/hr\/wp-json\/wp\/v2\/product\/120683\/revisions"}],"wp:featuredmedia":[{"embeddable":true,"href":"https:\/\/clair.si\/hr\/wp-json\/wp\/v2\/media\/119552"}],"wp:attachment":[{"href":"https:\/\/clair.si\/hr\/wp-json\/wp\/v2\/media?parent=120683"}],"wp:term":[{"taxonomy":"product_brand","embeddable":true,"href":"https:\/\/clair.si\/hr\/wp-json\/wp\/v2\/product_brand?post=120683"},{"taxonomy":"product_cat","embeddable":true,"href":"https:\/\/clair.si\/hr\/wp-json\/wp\/v2\/product_cat?post=120683"},{"taxonomy":"product_tag","embeddable":true,"href":"https:\/\/clair.si\/hr\/wp-json\/wp\/v2\/product_tag?post=120683"}],"curies":[{"name":"wp","href":"https:\/\/api.w.org\/{rel}","templated":true}]}}