{"id":120697,"date":"2025-11-03T11:32:18","date_gmt":"2025-11-03T10:32:18","guid":{"rendered":"https:\/\/clair.si\/izdelek\/cepovi-mustad-grass-2-m10-h20\/"},"modified":"2026-04-12T22:04:59","modified_gmt":"2026-04-12T20:04:59","slug":"cepovi-mustad-grass-2-m10-h20","status":"publish","type":"product","link":"https:\/\/clair.si\/hr\/izdelek\/cepovi-mustad-grass-2-m10-h20\/","title":{"rendered":"\u010cepovi Mustad Grass 2 M10 H=20"},"content":{"rendered":"<p>\u010cepovi prikladni za preskakanje prepreka na travi. Visina cijelog \u010depa 1,8 cm. Visina bez navoja 1 cm.  <\/p>\n","protected":false},"excerpt":{"rendered":"<p>CIJENA PO KOMADU<\/p>\n","protected":false},"featured_media":119345,"template":"","meta":{"footnotes":""},"product_brand":[],"product_cat":[646,1555,1790],"product_tag":[],"class_list":{"0":"post-120697","1":"product","2":"type-product","3":"status-publish","4":"has-post-thumbnail","6":"product_cat-kategorije","7":"product_cat-kovaska-oprema","8":"product_cat-kovaski-zeblji","10":"first","11":"instock","12":"shipping-taxable","13":"purchasable","14":"product-type-simple"},"yoast_head":"<!-- This site is optimized with the Yoast SEO plugin v27.3 - https:\/\/yoast.com\/product\/yoast-seo-wordpress\/ -->\n<title>\u010cepovi Mustad Grass 2 M10 H=20 - Clair<\/title>\n<meta name=\"description\" content=\"CIJENA PO KOMADU\" \/>\n<meta name=\"robots\" content=\"index, follow, max-snippet:-1, max-image-preview:large, max-video-preview:-1\" \/>\n<link rel=\"canonical\" href=\"https:\/\/clair.si\/hr\/izdelek\/cepovi-mustad-grass-2-m10-h20\/\" \/>\n<meta property=\"og:locale\" content=\"hr_HR\" \/>\n<meta property=\"og:type\" content=\"article\" \/>\n<meta property=\"og:title\" content=\"\u010cepovi Mustad Grass 2 M10 H=20 - Clair\" \/>\n<meta property=\"og:description\" content=\"CIJENA PO KOMADU\" \/>\n<meta property=\"og:url\" content=\"https:\/\/clair.si\/hr\/izdelek\/cepovi-mustad-grass-2-m10-h20\/\" \/>\n<meta property=\"og:site_name\" content=\"Clair\" \/>\n<meta property=\"article:publisher\" content=\"https:\/\/www.facebook.com\/TrgovinaClair\/\" \/>\n<meta property=\"article:modified_time\" content=\"2026-04-12T20:04:59+00:00\" \/>\n<meta property=\"og:image\" content=\"https:\/\/clair.si\/wp-content\/uploads\/2025\/11\/Untitled-design-2025-11-03T105426.286.webp\" \/>\n\t<meta property=\"og:image:width\" content=\"700\" \/>\n\t<meta property=\"og:image:height\" content=\"700\" \/>\n\t<meta property=\"og:image:type\" content=\"image\/png\" \/>\n<meta name=\"twitter:card\" content=\"summary_large_image\" \/>\n<script type=\"application\/ld+json\" class=\"yoast-schema-graph\">{\"@context\":\"https:\\\/\\\/schema.org\",\"@graph\":[{\"@type\":\"WebPage\",\"@id\":\"https:\\\/\\\/clair.si\\\/hr\\\/izdelek\\\/cepovi-mustad-grass-2-m10-h20\\\/\",\"url\":\"https:\\\/\\\/clair.si\\\/hr\\\/izdelek\\\/cepovi-mustad-grass-2-m10-h20\\\/\",\"name\":\"\u010cepovi Mustad Grass 2 M10 H=20 - Clair\",\"isPartOf\":{\"@id\":\"https:\\\/\\\/clair.si\\\/#website\"},\"primaryImageOfPage\":{\"@id\":\"https:\\\/\\\/clair.si\\\/hr\\\/izdelek\\\/cepovi-mustad-grass-2-m10-h20\\\/#primaryimage\"},\"image\":{\"@id\":\"https:\\\/\\\/clair.si\\\/hr\\\/izdelek\\\/cepovi-mustad-grass-2-m10-h20\\\/#primaryimage\"},\"thumbnailUrl\":\"https:\\\/\\\/clair.si\\\/wp-content\\\/uploads\\\/2025\\\/11\\\/Untitled-design-2025-11-03T105426.286.webp\",\"datePublished\":\"2025-11-03T10:32:18+00:00\",\"dateModified\":\"2026-04-12T20:04:59+00:00\",\"description\":\"CIJENA PO KOMADU\",\"breadcrumb\":{\"@id\":\"https:\\\/\\\/clair.si\\\/hr\\\/izdelek\\\/cepovi-mustad-grass-2-m10-h20\\\/#breadcrumb\"},\"inLanguage\":\"hr\",\"potentialAction\":[{\"@type\":\"ReadAction\",\"target\":[\"https:\\\/\\\/clair.si\\\/hr\\\/izdelek\\\/cepovi-mustad-grass-2-m10-h20\\\/\"]}]},{\"@type\":\"ImageObject\",\"inLanguage\":\"hr\",\"@id\":\"https:\\\/\\\/clair.si\\\/hr\\\/izdelek\\\/cepovi-mustad-grass-2-m10-h20\\\/#primaryimage\",\"url\":\"https:\\\/\\\/clair.si\\\/wp-content\\\/uploads\\\/2025\\\/11\\\/Untitled-design-2025-11-03T105426.286.webp\",\"contentUrl\":\"https:\\\/\\\/clair.si\\\/wp-content\\\/uploads\\\/2025\\\/11\\\/Untitled-design-2025-11-03T105426.286.webp\",\"width\":700,\"height\":700},{\"@type\":\"BreadcrumbList\",\"@id\":\"https:\\\/\\\/clair.si\\\/hr\\\/izdelek\\\/cepovi-mustad-grass-2-m10-h20\\\/#breadcrumb\",\"itemListElement\":[{\"@type\":\"ListItem\",\"position\":1,\"name\":\"Home\",\"item\":\"https:\\\/\\\/clair.si\\\/hr\\\/\"},{\"@type\":\"ListItem\",\"position\":2,\"name\":\"Trgovina\",\"item\":\"https:\\\/\\\/clair.si\\\/trgovina\\\/\"},{\"@type\":\"ListItem\",\"position\":3,\"name\":\"\u010cepovi Mustad Grass 2 M10 H=20\"}]},{\"@type\":\"WebSite\",\"@id\":\"https:\\\/\\\/clair.si\\\/#website\",\"url\":\"https:\\\/\\\/clair.si\\\/\",\"name\":\"Clair\",\"description\":\"Trgovina s konjeni\u0161ko opremo\",\"publisher\":{\"@id\":\"https:\\\/\\\/clair.si\\\/#organization\"},\"potentialAction\":[{\"@type\":\"SearchAction\",\"target\":{\"@type\":\"EntryPoint\",\"urlTemplate\":\"https:\\\/\\\/clair.si\\\/?s={search_term_string}\"},\"query-input\":{\"@type\":\"PropertyValueSpecification\",\"valueRequired\":true,\"valueName\":\"search_term_string\"}}],\"inLanguage\":\"hr\"},{\"@type\":\"Organization\",\"@id\":\"https:\\\/\\\/clair.si\\\/#organization\",\"name\":\"Clair\",\"url\":\"https:\\\/\\\/clair.si\\\/\",\"logo\":{\"@type\":\"ImageObject\",\"inLanguage\":\"hr\",\"@id\":\"https:\\\/\\\/clair.si\\\/#\\\/schema\\\/logo\\\/image\\\/\",\"url\":\"https:\\\/\\\/clair.si\\\/wp-content\\\/uploads\\\/2022\\\/11\\\/clair_logo_2022.jpg\",\"contentUrl\":\"https:\\\/\\\/clair.si\\\/wp-content\\\/uploads\\\/2022\\\/11\\\/clair_logo_2022.jpg\",\"width\":1920,\"height\":1920,\"caption\":\"Clair\"},\"image\":{\"@id\":\"https:\\\/\\\/clair.si\\\/#\\\/schema\\\/logo\\\/image\\\/\"},\"sameAs\":[\"https:\\\/\\\/www.facebook.com\\\/TrgovinaClair\\\/\"]}]}<\/script>\n<!-- \/ Yoast SEO plugin. -->","yoast_head_json":{"title":"\u010cepovi Mustad Grass 2 M10 H=20 - Clair","description":"CIJENA PO KOMADU","robots":{"index":"index","follow":"follow","max-snippet":"max-snippet:-1","max-image-preview":"max-image-preview:large","max-video-preview":"max-video-preview:-1"},"canonical":"https:\/\/clair.si\/hr\/izdelek\/cepovi-mustad-grass-2-m10-h20\/","og_locale":"hr_HR","og_type":"article","og_title":"\u010cepovi Mustad Grass 2 M10 H=20 - Clair","og_description":"CIJENA PO KOMADU","og_url":"https:\/\/clair.si\/hr\/izdelek\/cepovi-mustad-grass-2-m10-h20\/","og_site_name":"Clair","article_publisher":"https:\/\/www.facebook.com\/TrgovinaClair\/","article_modified_time":"2026-04-12T20:04:59+00:00","og_image":[{"width":700,"height":700,"url":"https:\/\/clair.si\/wp-content\/uploads\/2025\/11\/Untitled-design-2025-11-03T105426.286.webp","type":"image\/png"}],"twitter_card":"summary_large_image","schema":{"@context":"https:\/\/schema.org","@graph":[{"@type":"WebPage","@id":"https:\/\/clair.si\/hr\/izdelek\/cepovi-mustad-grass-2-m10-h20\/","url":"https:\/\/clair.si\/hr\/izdelek\/cepovi-mustad-grass-2-m10-h20\/","name":"\u010cepovi Mustad Grass 2 M10 H=20 - Clair","isPartOf":{"@id":"https:\/\/clair.si\/#website"},"primaryImageOfPage":{"@id":"https:\/\/clair.si\/hr\/izdelek\/cepovi-mustad-grass-2-m10-h20\/#primaryimage"},"image":{"@id":"https:\/\/clair.si\/hr\/izdelek\/cepovi-mustad-grass-2-m10-h20\/#primaryimage"},"thumbnailUrl":"https:\/\/clair.si\/wp-content\/uploads\/2025\/11\/Untitled-design-2025-11-03T105426.286.webp","datePublished":"2025-11-03T10:32:18+00:00","dateModified":"2026-04-12T20:04:59+00:00","description":"CIJENA PO KOMADU","breadcrumb":{"@id":"https:\/\/clair.si\/hr\/izdelek\/cepovi-mustad-grass-2-m10-h20\/#breadcrumb"},"inLanguage":"hr","potentialAction":[{"@type":"ReadAction","target":["https:\/\/clair.si\/hr\/izdelek\/cepovi-mustad-grass-2-m10-h20\/"]}]},{"@type":"ImageObject","inLanguage":"hr","@id":"https:\/\/clair.si\/hr\/izdelek\/cepovi-mustad-grass-2-m10-h20\/#primaryimage","url":"https:\/\/clair.si\/wp-content\/uploads\/2025\/11\/Untitled-design-2025-11-03T105426.286.webp","contentUrl":"https:\/\/clair.si\/wp-content\/uploads\/2025\/11\/Untitled-design-2025-11-03T105426.286.webp","width":700,"height":700},{"@type":"BreadcrumbList","@id":"https:\/\/clair.si\/hr\/izdelek\/cepovi-mustad-grass-2-m10-h20\/#breadcrumb","itemListElement":[{"@type":"ListItem","position":1,"name":"Home","item":"https:\/\/clair.si\/hr\/"},{"@type":"ListItem","position":2,"name":"Trgovina","item":"https:\/\/clair.si\/trgovina\/"},{"@type":"ListItem","position":3,"name":"\u010cepovi Mustad Grass 2 M10 H=20"}]},{"@type":"WebSite","@id":"https:\/\/clair.si\/#website","url":"https:\/\/clair.si\/","name":"Clair","description":"Trgovina s konjeni\u0161ko opremo","publisher":{"@id":"https:\/\/clair.si\/#organization"},"potentialAction":[{"@type":"SearchAction","target":{"@type":"EntryPoint","urlTemplate":"https:\/\/clair.si\/?s={search_term_string}"},"query-input":{"@type":"PropertyValueSpecification","valueRequired":true,"valueName":"search_term_string"}}],"inLanguage":"hr"},{"@type":"Organization","@id":"https:\/\/clair.si\/#organization","name":"Clair","url":"https:\/\/clair.si\/","logo":{"@type":"ImageObject","inLanguage":"hr","@id":"https:\/\/clair.si\/#\/schema\/logo\/image\/","url":"https:\/\/clair.si\/wp-content\/uploads\/2022\/11\/clair_logo_2022.jpg","contentUrl":"https:\/\/clair.si\/wp-content\/uploads\/2022\/11\/clair_logo_2022.jpg","width":1920,"height":1920,"caption":"Clair"},"image":{"@id":"https:\/\/clair.si\/#\/schema\/logo\/image\/"},"sameAs":["https:\/\/www.facebook.com\/TrgovinaClair\/"]}]}},"_links":{"self":[{"href":"https:\/\/clair.si\/hr\/wp-json\/wp\/v2\/product\/120697","targetHints":{"allow":["GET"]}}],"collection":[{"href":"https:\/\/clair.si\/hr\/wp-json\/wp\/v2\/product"}],"about":[{"href":"https:\/\/clair.si\/hr\/wp-json\/wp\/v2\/types\/product"}],"version-history":[{"count":0,"href":"https:\/\/clair.si\/hr\/wp-json\/wp\/v2\/product\/120697\/revisions"}],"wp:featuredmedia":[{"embeddable":true,"href":"https:\/\/clair.si\/hr\/wp-json\/wp\/v2\/media\/119345"}],"wp:attachment":[{"href":"https:\/\/clair.si\/hr\/wp-json\/wp\/v2\/media?parent=120697"}],"wp:term":[{"taxonomy":"product_brand","embeddable":true,"href":"https:\/\/clair.si\/hr\/wp-json\/wp\/v2\/product_brand?post=120697"},{"taxonomy":"product_cat","embeddable":true,"href":"https:\/\/clair.si\/hr\/wp-json\/wp\/v2\/product_cat?post=120697"},{"taxonomy":"product_tag","embeddable":true,"href":"https:\/\/clair.si\/hr\/wp-json\/wp\/v2\/product_tag?post=120697"}],"curies":[{"name":"wp","href":"https:\/\/api.w.org\/{rel}","templated":true}]}}