{"id":120742,"date":"2025-11-07T11:22:40","date_gmt":"2025-11-07T10:22:40","guid":{"rendered":"https:\/\/clair.si\/izdelek\/noz-za-kopita-gdm-mustad-loop\/"},"modified":"2026-02-12T10:34:00","modified_gmt":"2026-02-12T09:34:00","slug":"noz-za-kopita-gdm-mustad-loop","status":"publish","type":"product","link":"https:\/\/clair.si\/hr\/izdelek\/noz-za-kopita-gdm-mustad-loop\/","title":{"rendered":"No\u017e za kopita GDM Mustad Loop"},"content":{"rendered":"<p>No\u017e za kopita Mustad GDM Loop je precizno dizajniran alat za \u010disto i kontrolirano oblikovanje \u017eabice i tabana. Loop s ravnim stranicama olak\u0161ava pristup bo\u010dnim dijelovima \u017eabice, a ergonomski rukohvat osigurava siguran hvat i udoban rad \u010dak i tijekom duljeg obrezivanja. Idealan izbor za kova\u010de i vlasnike koji tra\u017ee pouzdan &#8220;loop&#8221; no\u017e za zavr\u0161nu obradu bez kompromisa u preciznosti i udobnosti.<\/p>\n","protected":false},"excerpt":{"rendered":"<p>DO ISTEKA ZALIHA<\/p>\n","protected":false},"featured_media":119662,"template":"","meta":{"footnotes":""},"product_brand":[],"product_cat":[5657,5960,7026],"product_tag":[],"class_list":{"0":"post-120742","1":"product","2":"type-product","3":"status-publish","4":"has-post-thumbnail","6":"product_cat-kategorije-hr","7":"product_cat-kovacka-oprema","8":"product_cat-nozevi-za-podrezivanje-kopita","10":"first","11":"instock","12":"sale","13":"shipping-taxable","14":"purchasable","15":"product-type-simple"},"yoast_head":"<!-- This site is optimized with the Yoast SEO plugin v27.3 - https:\/\/yoast.com\/product\/yoast-seo-wordpress\/ -->\n<title>No\u017e za kopita GDM Mustad Loop - Clair<\/title>\n<meta name=\"description\" content=\"DO ISTEKA ZALIHA\" \/>\n<meta name=\"robots\" content=\"index, follow, max-snippet:-1, max-image-preview:large, max-video-preview:-1\" \/>\n<link rel=\"canonical\" href=\"https:\/\/clair.si\/izdelek\/noz-za-kopita-gdm-mustad-loop-2\/\" \/>\n<meta property=\"og:locale\" content=\"hr_HR\" \/>\n<meta property=\"og:type\" content=\"article\" \/>\n<meta property=\"og:title\" content=\"No\u017e za kopita GDM Mustad Loop - Clair\" \/>\n<meta property=\"og:description\" content=\"DO ISTEKA ZALIHA\" \/>\n<meta property=\"og:url\" content=\"https:\/\/clair.si\/izdelek\/noz-za-kopita-gdm-mustad-loop-2\/\" \/>\n<meta property=\"og:site_name\" content=\"Clair\" \/>\n<meta property=\"article:publisher\" content=\"https:\/\/www.facebook.com\/TrgovinaClair\/\" \/>\n<meta property=\"article:modified_time\" content=\"2026-02-12T09:34:00+00:00\" \/>\n<meta property=\"og:image\" content=\"https:\/\/clair.si\/wp-content\/uploads\/2025\/11\/Untitled-design-2025-11-07T112651.755.webp\" \/>\n\t<meta property=\"og:image:width\" content=\"700\" \/>\n\t<meta property=\"og:image:height\" content=\"700\" \/>\n\t<meta property=\"og:image:type\" content=\"image\/png\" \/>\n<meta name=\"twitter:card\" content=\"summary_large_image\" \/>\n<meta name=\"twitter:label1\" content=\"Procijenjeno vrijeme \u010ditanja\" \/>\n\t<meta name=\"twitter:data1\" content=\"1 minuta\" \/>\n<script type=\"application\/ld+json\" class=\"yoast-schema-graph\">{\"@context\":\"https:\\\/\\\/schema.org\",\"@graph\":[{\"@type\":\"WebPage\",\"@id\":\"https:\\\/\\\/clair.si\\\/izdelek\\\/noz-za-kopita-gdm-mustad-loop-2\\\/\",\"url\":\"https:\\\/\\\/clair.si\\\/izdelek\\\/noz-za-kopita-gdm-mustad-loop-2\\\/\",\"name\":\"No\u017e za kopita GDM Mustad Loop - Clair\",\"isPartOf\":{\"@id\":\"https:\\\/\\\/clair.si\\\/#website\"},\"primaryImageOfPage\":{\"@id\":\"https:\\\/\\\/clair.si\\\/izdelek\\\/noz-za-kopita-gdm-mustad-loop-2\\\/#primaryimage\"},\"image\":{\"@id\":\"https:\\\/\\\/clair.si\\\/izdelek\\\/noz-za-kopita-gdm-mustad-loop-2\\\/#primaryimage\"},\"thumbnailUrl\":\"https:\\\/\\\/clair.si\\\/wp-content\\\/uploads\\\/2025\\\/11\\\/Untitled-design-2025-11-07T112651.755.webp\",\"datePublished\":\"2025-11-07T10:22:40+00:00\",\"dateModified\":\"2026-02-12T09:34:00+00:00\",\"description\":\"DO ISTEKA ZALIHA\",\"breadcrumb\":{\"@id\":\"https:\\\/\\\/clair.si\\\/izdelek\\\/noz-za-kopita-gdm-mustad-loop-2\\\/#breadcrumb\"},\"inLanguage\":\"hr\",\"potentialAction\":[{\"@type\":\"ReadAction\",\"target\":[\"https:\\\/\\\/clair.si\\\/izdelek\\\/noz-za-kopita-gdm-mustad-loop-2\\\/\"]}]},{\"@type\":\"ImageObject\",\"inLanguage\":\"hr\",\"@id\":\"https:\\\/\\\/clair.si\\\/izdelek\\\/noz-za-kopita-gdm-mustad-loop-2\\\/#primaryimage\",\"url\":\"https:\\\/\\\/clair.si\\\/wp-content\\\/uploads\\\/2025\\\/11\\\/Untitled-design-2025-11-07T112651.755.webp\",\"contentUrl\":\"https:\\\/\\\/clair.si\\\/wp-content\\\/uploads\\\/2025\\\/11\\\/Untitled-design-2025-11-07T112651.755.webp\",\"width\":700,\"height\":700},{\"@type\":\"BreadcrumbList\",\"@id\":\"https:\\\/\\\/clair.si\\\/izdelek\\\/noz-za-kopita-gdm-mustad-loop-2\\\/#breadcrumb\",\"itemListElement\":[{\"@type\":\"ListItem\",\"position\":1,\"name\":\"Home\",\"item\":\"https:\\\/\\\/clair.si\\\/hr\\\/\"},{\"@type\":\"ListItem\",\"position\":2,\"name\":\"Trgovina\",\"item\":\"https:\\\/\\\/clair.si\\\/trgovina\\\/\"},{\"@type\":\"ListItem\",\"position\":3,\"name\":\"No\u017e za kopita GDM Mustad Loop\"}]},{\"@type\":\"WebSite\",\"@id\":\"https:\\\/\\\/clair.si\\\/#website\",\"url\":\"https:\\\/\\\/clair.si\\\/\",\"name\":\"Clair\",\"description\":\"Trgovina s konjeni\u0161ko opremo\",\"publisher\":{\"@id\":\"https:\\\/\\\/clair.si\\\/#organization\"},\"potentialAction\":[{\"@type\":\"SearchAction\",\"target\":{\"@type\":\"EntryPoint\",\"urlTemplate\":\"https:\\\/\\\/clair.si\\\/?s={search_term_string}\"},\"query-input\":{\"@type\":\"PropertyValueSpecification\",\"valueRequired\":true,\"valueName\":\"search_term_string\"}}],\"inLanguage\":\"hr\"},{\"@type\":\"Organization\",\"@id\":\"https:\\\/\\\/clair.si\\\/#organization\",\"name\":\"Clair\",\"url\":\"https:\\\/\\\/clair.si\\\/\",\"logo\":{\"@type\":\"ImageObject\",\"inLanguage\":\"hr\",\"@id\":\"https:\\\/\\\/clair.si\\\/#\\\/schema\\\/logo\\\/image\\\/\",\"url\":\"https:\\\/\\\/clair.si\\\/wp-content\\\/uploads\\\/2022\\\/11\\\/clair_logo_2022.jpg\",\"contentUrl\":\"https:\\\/\\\/clair.si\\\/wp-content\\\/uploads\\\/2022\\\/11\\\/clair_logo_2022.jpg\",\"width\":1920,\"height\":1920,\"caption\":\"Clair\"},\"image\":{\"@id\":\"https:\\\/\\\/clair.si\\\/#\\\/schema\\\/logo\\\/image\\\/\"},\"sameAs\":[\"https:\\\/\\\/www.facebook.com\\\/TrgovinaClair\\\/\"]}]}<\/script>\n<!-- \/ Yoast SEO plugin. -->","yoast_head_json":{"title":"No\u017e za kopita GDM Mustad Loop - Clair","description":"DO ISTEKA ZALIHA","robots":{"index":"index","follow":"follow","max-snippet":"max-snippet:-1","max-image-preview":"max-image-preview:large","max-video-preview":"max-video-preview:-1"},"canonical":"https:\/\/clair.si\/izdelek\/noz-za-kopita-gdm-mustad-loop-2\/","og_locale":"hr_HR","og_type":"article","og_title":"No\u017e za kopita GDM Mustad Loop - Clair","og_description":"DO ISTEKA ZALIHA","og_url":"https:\/\/clair.si\/izdelek\/noz-za-kopita-gdm-mustad-loop-2\/","og_site_name":"Clair","article_publisher":"https:\/\/www.facebook.com\/TrgovinaClair\/","article_modified_time":"2026-02-12T09:34:00+00:00","og_image":[{"width":700,"height":700,"url":"https:\/\/clair.si\/wp-content\/uploads\/2025\/11\/Untitled-design-2025-11-07T112651.755.webp","type":"image\/png"}],"twitter_card":"summary_large_image","twitter_misc":{"Procijenjeno vrijeme \u010ditanja":"1 minuta"},"schema":{"@context":"https:\/\/schema.org","@graph":[{"@type":"WebPage","@id":"https:\/\/clair.si\/izdelek\/noz-za-kopita-gdm-mustad-loop-2\/","url":"https:\/\/clair.si\/izdelek\/noz-za-kopita-gdm-mustad-loop-2\/","name":"No\u017e za kopita GDM Mustad Loop - Clair","isPartOf":{"@id":"https:\/\/clair.si\/#website"},"primaryImageOfPage":{"@id":"https:\/\/clair.si\/izdelek\/noz-za-kopita-gdm-mustad-loop-2\/#primaryimage"},"image":{"@id":"https:\/\/clair.si\/izdelek\/noz-za-kopita-gdm-mustad-loop-2\/#primaryimage"},"thumbnailUrl":"https:\/\/clair.si\/wp-content\/uploads\/2025\/11\/Untitled-design-2025-11-07T112651.755.webp","datePublished":"2025-11-07T10:22:40+00:00","dateModified":"2026-02-12T09:34:00+00:00","description":"DO ISTEKA ZALIHA","breadcrumb":{"@id":"https:\/\/clair.si\/izdelek\/noz-za-kopita-gdm-mustad-loop-2\/#breadcrumb"},"inLanguage":"hr","potentialAction":[{"@type":"ReadAction","target":["https:\/\/clair.si\/izdelek\/noz-za-kopita-gdm-mustad-loop-2\/"]}]},{"@type":"ImageObject","inLanguage":"hr","@id":"https:\/\/clair.si\/izdelek\/noz-za-kopita-gdm-mustad-loop-2\/#primaryimage","url":"https:\/\/clair.si\/wp-content\/uploads\/2025\/11\/Untitled-design-2025-11-07T112651.755.webp","contentUrl":"https:\/\/clair.si\/wp-content\/uploads\/2025\/11\/Untitled-design-2025-11-07T112651.755.webp","width":700,"height":700},{"@type":"BreadcrumbList","@id":"https:\/\/clair.si\/izdelek\/noz-za-kopita-gdm-mustad-loop-2\/#breadcrumb","itemListElement":[{"@type":"ListItem","position":1,"name":"Home","item":"https:\/\/clair.si\/hr\/"},{"@type":"ListItem","position":2,"name":"Trgovina","item":"https:\/\/clair.si\/trgovina\/"},{"@type":"ListItem","position":3,"name":"No\u017e za kopita GDM Mustad Loop"}]},{"@type":"WebSite","@id":"https:\/\/clair.si\/#website","url":"https:\/\/clair.si\/","name":"Clair","description":"Trgovina s konjeni\u0161ko opremo","publisher":{"@id":"https:\/\/clair.si\/#organization"},"potentialAction":[{"@type":"SearchAction","target":{"@type":"EntryPoint","urlTemplate":"https:\/\/clair.si\/?s={search_term_string}"},"query-input":{"@type":"PropertyValueSpecification","valueRequired":true,"valueName":"search_term_string"}}],"inLanguage":"hr"},{"@type":"Organization","@id":"https:\/\/clair.si\/#organization","name":"Clair","url":"https:\/\/clair.si\/","logo":{"@type":"ImageObject","inLanguage":"hr","@id":"https:\/\/clair.si\/#\/schema\/logo\/image\/","url":"https:\/\/clair.si\/wp-content\/uploads\/2022\/11\/clair_logo_2022.jpg","contentUrl":"https:\/\/clair.si\/wp-content\/uploads\/2022\/11\/clair_logo_2022.jpg","width":1920,"height":1920,"caption":"Clair"},"image":{"@id":"https:\/\/clair.si\/#\/schema\/logo\/image\/"},"sameAs":["https:\/\/www.facebook.com\/TrgovinaClair\/"]}]}},"_links":{"self":[{"href":"https:\/\/clair.si\/hr\/wp-json\/wp\/v2\/product\/120742","targetHints":{"allow":["GET"]}}],"collection":[{"href":"https:\/\/clair.si\/hr\/wp-json\/wp\/v2\/product"}],"about":[{"href":"https:\/\/clair.si\/hr\/wp-json\/wp\/v2\/types\/product"}],"version-history":[{"count":1,"href":"https:\/\/clair.si\/hr\/wp-json\/wp\/v2\/product\/120742\/revisions"}],"predecessor-version":[{"id":120751,"href":"https:\/\/clair.si\/hr\/wp-json\/wp\/v2\/product\/120742\/revisions\/120751"}],"wp:featuredmedia":[{"embeddable":true,"href":"https:\/\/clair.si\/hr\/wp-json\/wp\/v2\/media\/119662"}],"wp:attachment":[{"href":"https:\/\/clair.si\/hr\/wp-json\/wp\/v2\/media?parent=120742"}],"wp:term":[{"taxonomy":"product_brand","embeddable":true,"href":"https:\/\/clair.si\/hr\/wp-json\/wp\/v2\/product_brand?post=120742"},{"taxonomy":"product_cat","embeddable":true,"href":"https:\/\/clair.si\/hr\/wp-json\/wp\/v2\/product_cat?post=120742"},{"taxonomy":"product_tag","embeddable":true,"href":"https:\/\/clair.si\/hr\/wp-json\/wp\/v2\/product_tag?post=120742"}],"curies":[{"name":"wp","href":"https:\/\/api.w.org\/{rel}","templated":true}]}}