{"id":122166,"date":"2025-11-18T14:36:16","date_gmt":"2025-11-18T13:36:16","guid":{"rendered":"https:\/\/clair.si\/izdelek\/stitnik-za-rep-eskadron-neo-tail\/"},"modified":"2025-11-29T11:17:11","modified_gmt":"2025-11-29T10:17:11","slug":"stitnik-za-rep-eskadron-neo-tail","status":"publish","type":"product","link":"https:\/\/clair.si\/hr\/izdelek\/stitnik-za-rep-eskadron-neo-tail\/","title":{"rendered":"\u0160titnik za rep Eskadron Neo Tail"},"content":{"rendered":"<p>Za\u0161tita za rep koja se uglavnom koristi tijekom transporta. Izra\u0111ena od neoprena. Kop\u010da se \u010di\u010dkom.  <\/p>\n","protected":false},"excerpt":{"rendered":"<p>Za\u0161tita za rep koja se uglavnom koristi tijekom transporta. Izra\u0111ena od neoprena. Kop\u010da se \u010di\u010dkom.<\/p>\n","protected":false},"featured_media":121131,"template":"","meta":{"footnotes":""},"product_brand":[],"product_cat":[5624,5769,5773,6011],"product_tag":[],"class_list":{"0":"post-122166","1":"product","2":"type-product","3":"status-publish","4":"has-post-thumbnail","6":"product_cat-konj-hr","7":"product_cat-must-have","8":"product_cat-zastitnici-i-bandaze","9":"product_cat-transportni-stitnici","11":"first","12":"instock","13":"sale","14":"shipping-taxable","15":"purchasable","16":"product-type-simple"},"yoast_head":"<!-- This site is optimized with the Yoast SEO plugin v27.4 - https:\/\/yoast.com\/product\/yoast-seo-wordpress\/ -->\n<title>\u0160titnik za rep Eskadron Neo Tail - Clair<\/title>\n<meta name=\"description\" content=\"Za\u0161tita za rep koja se uglavnom koristi tijekom transporta. Izra\u0111ena od neoprena. Kop\u010da se \u010di\u010dkom.\" \/>\n<meta name=\"robots\" content=\"index, follow, max-snippet:-1, max-image-preview:large, max-video-preview:-1\" \/>\n<link rel=\"canonical\" href=\"https:\/\/clair.si\/hr\/izdelek\/stitnik-za-rep-eskadron-neo-tail\/\" \/>\n<meta property=\"og:locale\" content=\"hr_HR\" \/>\n<meta property=\"og:type\" content=\"article\" \/>\n<meta property=\"og:title\" content=\"\u0160titnik za rep Eskadron Neo Tail - Clair\" \/>\n<meta property=\"og:description\" content=\"Za\u0161tita za rep koja se uglavnom koristi tijekom transporta. Izra\u0111ena od neoprena. Kop\u010da se \u010di\u010dkom.\" \/>\n<meta property=\"og:url\" content=\"https:\/\/clair.si\/hr\/izdelek\/stitnik-za-rep-eskadron-neo-tail\/\" \/>\n<meta property=\"og:site_name\" content=\"Clair\" \/>\n<meta property=\"article:publisher\" content=\"https:\/\/www.facebook.com\/TrgovinaClair\/\" \/>\n<meta property=\"article:modified_time\" content=\"2025-11-29T10:17:11+00:00\" \/>\n<meta property=\"og:image\" content=\"https:\/\/clair.si\/wp-content\/uploads\/2025\/11\/neo-tail.webp\" \/>\n\t<meta property=\"og:image:width\" content=\"1281\" \/>\n\t<meta property=\"og:image:height\" content=\"1920\" \/>\n\t<meta property=\"og:image:type\" content=\"image\/jpeg\" \/>\n<meta name=\"twitter:card\" content=\"summary_large_image\" \/>\n<script type=\"application\/ld+json\" class=\"yoast-schema-graph\">{\"@context\":\"https:\\\/\\\/schema.org\",\"@graph\":[{\"@type\":\"WebPage\",\"@id\":\"https:\\\/\\\/clair.si\\\/hr\\\/izdelek\\\/stitnik-za-rep-eskadron-neo-tail\\\/\",\"url\":\"https:\\\/\\\/clair.si\\\/hr\\\/izdelek\\\/stitnik-za-rep-eskadron-neo-tail\\\/\",\"name\":\"\u0160titnik za rep Eskadron Neo Tail - Clair\",\"isPartOf\":{\"@id\":\"https:\\\/\\\/clair.si\\\/#website\"},\"primaryImageOfPage\":{\"@id\":\"https:\\\/\\\/clair.si\\\/hr\\\/izdelek\\\/stitnik-za-rep-eskadron-neo-tail\\\/#primaryimage\"},\"image\":{\"@id\":\"https:\\\/\\\/clair.si\\\/hr\\\/izdelek\\\/stitnik-za-rep-eskadron-neo-tail\\\/#primaryimage\"},\"thumbnailUrl\":\"https:\\\/\\\/clair.si\\\/wp-content\\\/uploads\\\/2025\\\/11\\\/neo-tail.webp\",\"datePublished\":\"2025-11-18T13:36:16+00:00\",\"dateModified\":\"2025-11-29T10:17:11+00:00\",\"description\":\"Za\u0161tita za rep koja se uglavnom koristi tijekom transporta. Izra\u0111ena od neoprena. Kop\u010da se \u010di\u010dkom.\",\"breadcrumb\":{\"@id\":\"https:\\\/\\\/clair.si\\\/hr\\\/izdelek\\\/stitnik-za-rep-eskadron-neo-tail\\\/#breadcrumb\"},\"inLanguage\":\"hr\",\"potentialAction\":[{\"@type\":\"ReadAction\",\"target\":[\"https:\\\/\\\/clair.si\\\/hr\\\/izdelek\\\/stitnik-za-rep-eskadron-neo-tail\\\/\"]}]},{\"@type\":\"ImageObject\",\"inLanguage\":\"hr\",\"@id\":\"https:\\\/\\\/clair.si\\\/hr\\\/izdelek\\\/stitnik-za-rep-eskadron-neo-tail\\\/#primaryimage\",\"url\":\"https:\\\/\\\/clair.si\\\/wp-content\\\/uploads\\\/2025\\\/11\\\/neo-tail.webp\",\"contentUrl\":\"https:\\\/\\\/clair.si\\\/wp-content\\\/uploads\\\/2025\\\/11\\\/neo-tail.webp\",\"width\":1281,\"height\":1920},{\"@type\":\"BreadcrumbList\",\"@id\":\"https:\\\/\\\/clair.si\\\/hr\\\/izdelek\\\/stitnik-za-rep-eskadron-neo-tail\\\/#breadcrumb\",\"itemListElement\":[{\"@type\":\"ListItem\",\"position\":1,\"name\":\"Home\",\"item\":\"https:\\\/\\\/clair.si\\\/hr\\\/\"},{\"@type\":\"ListItem\",\"position\":2,\"name\":\"Trgovina\",\"item\":\"https:\\\/\\\/clair.si\\\/trgovina\\\/\"},{\"@type\":\"ListItem\",\"position\":3,\"name\":\"\u0160titnik za rep Eskadron Neo Tail\"}]},{\"@type\":\"WebSite\",\"@id\":\"https:\\\/\\\/clair.si\\\/#website\",\"url\":\"https:\\\/\\\/clair.si\\\/\",\"name\":\"Clair\",\"description\":\"Trgovina s konjeni\u0161ko opremo\",\"publisher\":{\"@id\":\"https:\\\/\\\/clair.si\\\/#organization\"},\"potentialAction\":[{\"@type\":\"SearchAction\",\"target\":{\"@type\":\"EntryPoint\",\"urlTemplate\":\"https:\\\/\\\/clair.si\\\/?s={search_term_string}\"},\"query-input\":{\"@type\":\"PropertyValueSpecification\",\"valueRequired\":true,\"valueName\":\"search_term_string\"}}],\"inLanguage\":\"hr\"},{\"@type\":\"Organization\",\"@id\":\"https:\\\/\\\/clair.si\\\/#organization\",\"name\":\"Clair\",\"url\":\"https:\\\/\\\/clair.si\\\/\",\"logo\":{\"@type\":\"ImageObject\",\"inLanguage\":\"hr\",\"@id\":\"https:\\\/\\\/clair.si\\\/#\\\/schema\\\/logo\\\/image\\\/\",\"url\":\"https:\\\/\\\/clair.si\\\/wp-content\\\/uploads\\\/2022\\\/11\\\/clair_logo_2022.jpg\",\"contentUrl\":\"https:\\\/\\\/clair.si\\\/wp-content\\\/uploads\\\/2022\\\/11\\\/clair_logo_2022.jpg\",\"width\":1920,\"height\":1920,\"caption\":\"Clair\"},\"image\":{\"@id\":\"https:\\\/\\\/clair.si\\\/#\\\/schema\\\/logo\\\/image\\\/\"},\"sameAs\":[\"https:\\\/\\\/www.facebook.com\\\/TrgovinaClair\\\/\"]}]}<\/script>\n<!-- \/ Yoast SEO plugin. -->","yoast_head_json":{"title":"\u0160titnik za rep Eskadron Neo Tail - Clair","description":"Za\u0161tita za rep koja se uglavnom koristi tijekom transporta. Izra\u0111ena od neoprena. Kop\u010da se \u010di\u010dkom.","robots":{"index":"index","follow":"follow","max-snippet":"max-snippet:-1","max-image-preview":"max-image-preview:large","max-video-preview":"max-video-preview:-1"},"canonical":"https:\/\/clair.si\/hr\/izdelek\/stitnik-za-rep-eskadron-neo-tail\/","og_locale":"hr_HR","og_type":"article","og_title":"\u0160titnik za rep Eskadron Neo Tail - Clair","og_description":"Za\u0161tita za rep koja se uglavnom koristi tijekom transporta. Izra\u0111ena od neoprena. Kop\u010da se \u010di\u010dkom.","og_url":"https:\/\/clair.si\/hr\/izdelek\/stitnik-za-rep-eskadron-neo-tail\/","og_site_name":"Clair","article_publisher":"https:\/\/www.facebook.com\/TrgovinaClair\/","article_modified_time":"2025-11-29T10:17:11+00:00","og_image":[{"width":1281,"height":1920,"url":"https:\/\/clair.si\/wp-content\/uploads\/2025\/11\/neo-tail.webp","type":"image\/jpeg"}],"twitter_card":"summary_large_image","schema":{"@context":"https:\/\/schema.org","@graph":[{"@type":"WebPage","@id":"https:\/\/clair.si\/hr\/izdelek\/stitnik-za-rep-eskadron-neo-tail\/","url":"https:\/\/clair.si\/hr\/izdelek\/stitnik-za-rep-eskadron-neo-tail\/","name":"\u0160titnik za rep Eskadron Neo Tail - Clair","isPartOf":{"@id":"https:\/\/clair.si\/#website"},"primaryImageOfPage":{"@id":"https:\/\/clair.si\/hr\/izdelek\/stitnik-za-rep-eskadron-neo-tail\/#primaryimage"},"image":{"@id":"https:\/\/clair.si\/hr\/izdelek\/stitnik-za-rep-eskadron-neo-tail\/#primaryimage"},"thumbnailUrl":"https:\/\/clair.si\/wp-content\/uploads\/2025\/11\/neo-tail.webp","datePublished":"2025-11-18T13:36:16+00:00","dateModified":"2025-11-29T10:17:11+00:00","description":"Za\u0161tita za rep koja se uglavnom koristi tijekom transporta. Izra\u0111ena od neoprena. Kop\u010da se \u010di\u010dkom.","breadcrumb":{"@id":"https:\/\/clair.si\/hr\/izdelek\/stitnik-za-rep-eskadron-neo-tail\/#breadcrumb"},"inLanguage":"hr","potentialAction":[{"@type":"ReadAction","target":["https:\/\/clair.si\/hr\/izdelek\/stitnik-za-rep-eskadron-neo-tail\/"]}]},{"@type":"ImageObject","inLanguage":"hr","@id":"https:\/\/clair.si\/hr\/izdelek\/stitnik-za-rep-eskadron-neo-tail\/#primaryimage","url":"https:\/\/clair.si\/wp-content\/uploads\/2025\/11\/neo-tail.webp","contentUrl":"https:\/\/clair.si\/wp-content\/uploads\/2025\/11\/neo-tail.webp","width":1281,"height":1920},{"@type":"BreadcrumbList","@id":"https:\/\/clair.si\/hr\/izdelek\/stitnik-za-rep-eskadron-neo-tail\/#breadcrumb","itemListElement":[{"@type":"ListItem","position":1,"name":"Home","item":"https:\/\/clair.si\/hr\/"},{"@type":"ListItem","position":2,"name":"Trgovina","item":"https:\/\/clair.si\/trgovina\/"},{"@type":"ListItem","position":3,"name":"\u0160titnik za rep Eskadron Neo Tail"}]},{"@type":"WebSite","@id":"https:\/\/clair.si\/#website","url":"https:\/\/clair.si\/","name":"Clair","description":"Trgovina s konjeni\u0161ko opremo","publisher":{"@id":"https:\/\/clair.si\/#organization"},"potentialAction":[{"@type":"SearchAction","target":{"@type":"EntryPoint","urlTemplate":"https:\/\/clair.si\/?s={search_term_string}"},"query-input":{"@type":"PropertyValueSpecification","valueRequired":true,"valueName":"search_term_string"}}],"inLanguage":"hr"},{"@type":"Organization","@id":"https:\/\/clair.si\/#organization","name":"Clair","url":"https:\/\/clair.si\/","logo":{"@type":"ImageObject","inLanguage":"hr","@id":"https:\/\/clair.si\/#\/schema\/logo\/image\/","url":"https:\/\/clair.si\/wp-content\/uploads\/2022\/11\/clair_logo_2022.jpg","contentUrl":"https:\/\/clair.si\/wp-content\/uploads\/2022\/11\/clair_logo_2022.jpg","width":1920,"height":1920,"caption":"Clair"},"image":{"@id":"https:\/\/clair.si\/#\/schema\/logo\/image\/"},"sameAs":["https:\/\/www.facebook.com\/TrgovinaClair\/"]}]}},"_links":{"self":[{"href":"https:\/\/clair.si\/hr\/wp-json\/wp\/v2\/product\/122166","targetHints":{"allow":["GET"]}}],"collection":[{"href":"https:\/\/clair.si\/hr\/wp-json\/wp\/v2\/product"}],"about":[{"href":"https:\/\/clair.si\/hr\/wp-json\/wp\/v2\/types\/product"}],"version-history":[{"count":1,"href":"https:\/\/clair.si\/hr\/wp-json\/wp\/v2\/product\/122166\/revisions"}],"predecessor-version":[{"id":122215,"href":"https:\/\/clair.si\/hr\/wp-json\/wp\/v2\/product\/122166\/revisions\/122215"}],"wp:featuredmedia":[{"embeddable":true,"href":"https:\/\/clair.si\/hr\/wp-json\/wp\/v2\/media\/121131"}],"wp:attachment":[{"href":"https:\/\/clair.si\/hr\/wp-json\/wp\/v2\/media?parent=122166"}],"wp:term":[{"taxonomy":"product_brand","embeddable":true,"href":"https:\/\/clair.si\/hr\/wp-json\/wp\/v2\/product_brand?post=122166"},{"taxonomy":"product_cat","embeddable":true,"href":"https:\/\/clair.si\/hr\/wp-json\/wp\/v2\/product_cat?post=122166"},{"taxonomy":"product_tag","embeddable":true,"href":"https:\/\/clair.si\/hr\/wp-json\/wp\/v2\/product_tag?post=122166"}],"curies":[{"name":"wp","href":"https:\/\/api.w.org\/{rel}","templated":true}]}}