{"id":122280,"date":"2025-11-18T12:16:05","date_gmt":"2025-11-18T11:16:05","guid":{"rendered":"https:\/\/clair.si\/izdelek\/torba-za-cetke-eskadron-glossy-core-t-modra\/"},"modified":"2025-11-30T07:54:47","modified_gmt":"2025-11-30T06:54:47","slug":"torba-za-cetke-eskadron-glossy-core-t-modra","status":"publish","type":"product","link":"https:\/\/clair.si\/hr\/izdelek\/torba-za-cetke-eskadron-glossy-core-t-modra\/","title":{"rendered":"Torba za \u010detke Eskadron Glossy Core t.modra"},"content":{"rendered":"<p>Elegantna i prakti\u010dna torba za svakog jaha\u010da. Puno prostora u sredini, koji se zatvara vezicom. Sa strane su razli\u010diti d\u017eepovi, jedan i na patentni zatvara\u010d i elastika, s kojom se stvari u d\u017eepovima fiksiraju.  <\/p>\n<p>Idealna za svaki dan ili za upotrebu na natjecanjima\/doga\u0111ajima, kada morate imati opremu za njegu na jednom mjestu i pri ruci. \ud83d\ude09<\/p>\n","protected":false},"excerpt":{"rendered":"<ul>\n<li>vrlo prakti\u010dna i prostrana torba<\/li>\n<li>glossy sjaj<\/li>\n<\/ul>\n","protected":false},"featured_media":121055,"template":"","meta":{"footnotes":""},"product_brand":[],"product_cat":[5624,5747,5748,5628,5625,5627],"product_tag":[],"class_list":{"0":"post-122280","1":"product","2":"type-product","3":"status-publish","4":"has-post-thumbnail","6":"product_cat-konj-hr","7":"product_cat-kutije-i-torbe-za-cetke","8":"product_cat-kutije-i-torbe-za-cetke-hr","9":"product_cat-njega-konja-hr","10":"product_cat-njega-konja","11":"product_cat-stala-i-pasnjak","13":"first","14":"outofstock","15":"sale","16":"shipping-taxable","17":"purchasable","18":"product-type-simple"},"yoast_head":"<!-- This site is optimized with the Yoast SEO plugin v27.4 - https:\/\/yoast.com\/product\/yoast-seo-wordpress\/ -->\n<title>Torba za \u010detke Eskadron Glossy Core t.modra - Clair<\/title>\n<meta name=\"description\" content=\"vrlo prakti\u010dna i prostrana torba  glossy sjaj\" \/>\n<meta name=\"robots\" content=\"index, follow, max-snippet:-1, max-image-preview:large, max-video-preview:-1\" \/>\n<link rel=\"canonical\" href=\"https:\/\/clair.si\/hr\/izdelek\/torba-za-cetke-eskadron-glossy-core-t-modra\/\" \/>\n<meta property=\"og:locale\" content=\"hr_HR\" \/>\n<meta property=\"og:type\" content=\"article\" \/>\n<meta property=\"og:title\" content=\"Torba za \u010detke Eskadron Glossy Core t.modra - Clair\" \/>\n<meta property=\"og:description\" content=\"vrlo prakti\u010dna i prostrana torba  glossy sjaj\" \/>\n<meta property=\"og:url\" content=\"https:\/\/clair.si\/hr\/izdelek\/torba-za-cetke-eskadron-glossy-core-t-modra\/\" \/>\n<meta property=\"og:site_name\" content=\"Clair\" \/>\n<meta property=\"article:publisher\" content=\"https:\/\/www.facebook.com\/TrgovinaClair\/\" \/>\n<meta property=\"article:modified_time\" content=\"2025-11-30T06:54:47+00:00\" \/>\n<meta property=\"og:image\" content=\"https:\/\/clair.si\/wp-content\/uploads\/2022\/11\/clair_logo_2022.webp\" \/>\n\t<meta property=\"og:image:width\" content=\"1920\" \/>\n\t<meta property=\"og:image:height\" content=\"1920\" \/>\n\t<meta property=\"og:image:type\" content=\"image\/jpeg\" \/>\n<meta name=\"twitter:card\" content=\"summary_large_image\" \/>\n<script type=\"application\/ld+json\" class=\"yoast-schema-graph\">{\"@context\":\"https:\\\/\\\/schema.org\",\"@graph\":[{\"@type\":\"WebPage\",\"@id\":\"https:\\\/\\\/clair.si\\\/hr\\\/izdelek\\\/torba-za-cetke-eskadron-glossy-core-t-modra\\\/\",\"url\":\"https:\\\/\\\/clair.si\\\/hr\\\/izdelek\\\/torba-za-cetke-eskadron-glossy-core-t-modra\\\/\",\"name\":\"Torba za \u010detke Eskadron Glossy Core t.modra - Clair\",\"isPartOf\":{\"@id\":\"https:\\\/\\\/clair.si\\\/#website\"},\"primaryImageOfPage\":{\"@id\":\"https:\\\/\\\/clair.si\\\/hr\\\/izdelek\\\/torba-za-cetke-eskadron-glossy-core-t-modra\\\/#primaryimage\"},\"image\":{\"@id\":\"https:\\\/\\\/clair.si\\\/hr\\\/izdelek\\\/torba-za-cetke-eskadron-glossy-core-t-modra\\\/#primaryimage\"},\"thumbnailUrl\":\"https:\\\/\\\/clair.si\\\/wp-content\\\/uploads\\\/2025\\\/11\\\/torba-za-krtace-nightblue.avif\",\"datePublished\":\"2025-11-18T11:16:05+00:00\",\"dateModified\":\"2025-11-30T06:54:47+00:00\",\"description\":\"vrlo prakti\u010dna i prostrana torba glossy sjaj\",\"breadcrumb\":{\"@id\":\"https:\\\/\\\/clair.si\\\/hr\\\/izdelek\\\/torba-za-cetke-eskadron-glossy-core-t-modra\\\/#breadcrumb\"},\"inLanguage\":\"hr\",\"potentialAction\":[{\"@type\":\"ReadAction\",\"target\":[\"https:\\\/\\\/clair.si\\\/hr\\\/izdelek\\\/torba-za-cetke-eskadron-glossy-core-t-modra\\\/\"]}]},{\"@type\":\"ImageObject\",\"inLanguage\":\"hr\",\"@id\":\"https:\\\/\\\/clair.si\\\/hr\\\/izdelek\\\/torba-za-cetke-eskadron-glossy-core-t-modra\\\/#primaryimage\",\"url\":\"https:\\\/\\\/clair.si\\\/wp-content\\\/uploads\\\/2025\\\/11\\\/torba-za-krtace-nightblue.avif\",\"contentUrl\":\"https:\\\/\\\/clair.si\\\/wp-content\\\/uploads\\\/2025\\\/11\\\/torba-za-krtace-nightblue.avif\",\"width\":2048,\"height\":2200},{\"@type\":\"BreadcrumbList\",\"@id\":\"https:\\\/\\\/clair.si\\\/hr\\\/izdelek\\\/torba-za-cetke-eskadron-glossy-core-t-modra\\\/#breadcrumb\",\"itemListElement\":[{\"@type\":\"ListItem\",\"position\":1,\"name\":\"Home\",\"item\":\"https:\\\/\\\/clair.si\\\/hr\\\/\"},{\"@type\":\"ListItem\",\"position\":2,\"name\":\"Trgovina\",\"item\":\"https:\\\/\\\/clair.si\\\/trgovina\\\/\"},{\"@type\":\"ListItem\",\"position\":3,\"name\":\"Torba za \u010detke Eskadron Glossy Core t.modra\"}]},{\"@type\":\"WebSite\",\"@id\":\"https:\\\/\\\/clair.si\\\/#website\",\"url\":\"https:\\\/\\\/clair.si\\\/\",\"name\":\"Clair\",\"description\":\"Trgovina s konjeni\u0161ko opremo\",\"publisher\":{\"@id\":\"https:\\\/\\\/clair.si\\\/#organization\"},\"potentialAction\":[{\"@type\":\"SearchAction\",\"target\":{\"@type\":\"EntryPoint\",\"urlTemplate\":\"https:\\\/\\\/clair.si\\\/?s={search_term_string}\"},\"query-input\":{\"@type\":\"PropertyValueSpecification\",\"valueRequired\":true,\"valueName\":\"search_term_string\"}}],\"inLanguage\":\"hr\"},{\"@type\":\"Organization\",\"@id\":\"https:\\\/\\\/clair.si\\\/#organization\",\"name\":\"Clair\",\"url\":\"https:\\\/\\\/clair.si\\\/\",\"logo\":{\"@type\":\"ImageObject\",\"inLanguage\":\"hr\",\"@id\":\"https:\\\/\\\/clair.si\\\/#\\\/schema\\\/logo\\\/image\\\/\",\"url\":\"https:\\\/\\\/clair.si\\\/wp-content\\\/uploads\\\/2022\\\/11\\\/clair_logo_2022.jpg\",\"contentUrl\":\"https:\\\/\\\/clair.si\\\/wp-content\\\/uploads\\\/2022\\\/11\\\/clair_logo_2022.jpg\",\"width\":1920,\"height\":1920,\"caption\":\"Clair\"},\"image\":{\"@id\":\"https:\\\/\\\/clair.si\\\/#\\\/schema\\\/logo\\\/image\\\/\"},\"sameAs\":[\"https:\\\/\\\/www.facebook.com\\\/TrgovinaClair\\\/\"]}]}<\/script>\n<!-- \/ Yoast SEO plugin. -->","yoast_head_json":{"title":"Torba za \u010detke Eskadron Glossy Core t.modra - Clair","description":"vrlo prakti\u010dna i prostrana torba  glossy sjaj","robots":{"index":"index","follow":"follow","max-snippet":"max-snippet:-1","max-image-preview":"max-image-preview:large","max-video-preview":"max-video-preview:-1"},"canonical":"https:\/\/clair.si\/hr\/izdelek\/torba-za-cetke-eskadron-glossy-core-t-modra\/","og_locale":"hr_HR","og_type":"article","og_title":"Torba za \u010detke Eskadron Glossy Core t.modra - Clair","og_description":"vrlo prakti\u010dna i prostrana torba  glossy sjaj","og_url":"https:\/\/clair.si\/hr\/izdelek\/torba-za-cetke-eskadron-glossy-core-t-modra\/","og_site_name":"Clair","article_publisher":"https:\/\/www.facebook.com\/TrgovinaClair\/","article_modified_time":"2025-11-30T06:54:47+00:00","og_image":[{"width":1920,"height":1920,"url":"https:\/\/clair.si\/wp-content\/uploads\/2022\/11\/clair_logo_2022.webp","type":"image\/jpeg"}],"twitter_card":"summary_large_image","schema":{"@context":"https:\/\/schema.org","@graph":[{"@type":"WebPage","@id":"https:\/\/clair.si\/hr\/izdelek\/torba-za-cetke-eskadron-glossy-core-t-modra\/","url":"https:\/\/clair.si\/hr\/izdelek\/torba-za-cetke-eskadron-glossy-core-t-modra\/","name":"Torba za \u010detke Eskadron Glossy Core t.modra - Clair","isPartOf":{"@id":"https:\/\/clair.si\/#website"},"primaryImageOfPage":{"@id":"https:\/\/clair.si\/hr\/izdelek\/torba-za-cetke-eskadron-glossy-core-t-modra\/#primaryimage"},"image":{"@id":"https:\/\/clair.si\/hr\/izdelek\/torba-za-cetke-eskadron-glossy-core-t-modra\/#primaryimage"},"thumbnailUrl":"https:\/\/clair.si\/wp-content\/uploads\/2025\/11\/torba-za-krtace-nightblue.avif","datePublished":"2025-11-18T11:16:05+00:00","dateModified":"2025-11-30T06:54:47+00:00","description":"vrlo prakti\u010dna i prostrana torba glossy sjaj","breadcrumb":{"@id":"https:\/\/clair.si\/hr\/izdelek\/torba-za-cetke-eskadron-glossy-core-t-modra\/#breadcrumb"},"inLanguage":"hr","potentialAction":[{"@type":"ReadAction","target":["https:\/\/clair.si\/hr\/izdelek\/torba-za-cetke-eskadron-glossy-core-t-modra\/"]}]},{"@type":"ImageObject","inLanguage":"hr","@id":"https:\/\/clair.si\/hr\/izdelek\/torba-za-cetke-eskadron-glossy-core-t-modra\/#primaryimage","url":"https:\/\/clair.si\/wp-content\/uploads\/2025\/11\/torba-za-krtace-nightblue.avif","contentUrl":"https:\/\/clair.si\/wp-content\/uploads\/2025\/11\/torba-za-krtace-nightblue.avif","width":2048,"height":2200},{"@type":"BreadcrumbList","@id":"https:\/\/clair.si\/hr\/izdelek\/torba-za-cetke-eskadron-glossy-core-t-modra\/#breadcrumb","itemListElement":[{"@type":"ListItem","position":1,"name":"Home","item":"https:\/\/clair.si\/hr\/"},{"@type":"ListItem","position":2,"name":"Trgovina","item":"https:\/\/clair.si\/trgovina\/"},{"@type":"ListItem","position":3,"name":"Torba za \u010detke Eskadron Glossy Core t.modra"}]},{"@type":"WebSite","@id":"https:\/\/clair.si\/#website","url":"https:\/\/clair.si\/","name":"Clair","description":"Trgovina s konjeni\u0161ko opremo","publisher":{"@id":"https:\/\/clair.si\/#organization"},"potentialAction":[{"@type":"SearchAction","target":{"@type":"EntryPoint","urlTemplate":"https:\/\/clair.si\/?s={search_term_string}"},"query-input":{"@type":"PropertyValueSpecification","valueRequired":true,"valueName":"search_term_string"}}],"inLanguage":"hr"},{"@type":"Organization","@id":"https:\/\/clair.si\/#organization","name":"Clair","url":"https:\/\/clair.si\/","logo":{"@type":"ImageObject","inLanguage":"hr","@id":"https:\/\/clair.si\/#\/schema\/logo\/image\/","url":"https:\/\/clair.si\/wp-content\/uploads\/2022\/11\/clair_logo_2022.jpg","contentUrl":"https:\/\/clair.si\/wp-content\/uploads\/2022\/11\/clair_logo_2022.jpg","width":1920,"height":1920,"caption":"Clair"},"image":{"@id":"https:\/\/clair.si\/#\/schema\/logo\/image\/"},"sameAs":["https:\/\/www.facebook.com\/TrgovinaClair\/"]}]}},"_links":{"self":[{"href":"https:\/\/clair.si\/hr\/wp-json\/wp\/v2\/product\/122280","targetHints":{"allow":["GET"]}}],"collection":[{"href":"https:\/\/clair.si\/hr\/wp-json\/wp\/v2\/product"}],"about":[{"href":"https:\/\/clair.si\/hr\/wp-json\/wp\/v2\/types\/product"}],"version-history":[{"count":1,"href":"https:\/\/clair.si\/hr\/wp-json\/wp\/v2\/product\/122280\/revisions"}],"predecessor-version":[{"id":122283,"href":"https:\/\/clair.si\/hr\/wp-json\/wp\/v2\/product\/122280\/revisions\/122283"}],"wp:featuredmedia":[{"embeddable":true,"href":"https:\/\/clair.si\/hr\/wp-json\/wp\/v2\/media\/121055"}],"wp:attachment":[{"href":"https:\/\/clair.si\/hr\/wp-json\/wp\/v2\/media?parent=122280"}],"wp:term":[{"taxonomy":"product_brand","embeddable":true,"href":"https:\/\/clair.si\/hr\/wp-json\/wp\/v2\/product_brand?post=122280"},{"taxonomy":"product_cat","embeddable":true,"href":"https:\/\/clair.si\/hr\/wp-json\/wp\/v2\/product_cat?post=122280"},{"taxonomy":"product_tag","embeddable":true,"href":"https:\/\/clair.si\/hr\/wp-json\/wp\/v2\/product_tag?post=122280"}],"curies":[{"name":"wp","href":"https:\/\/api.w.org\/{rel}","templated":true}]}}