{"id":122285,"date":"2025-11-14T13:30:32","date_gmt":"2025-11-14T12:30:32","guid":{"rendered":"https:\/\/clair.si\/izdelek\/natjecateljske-hlace-pikeur-vally-gr\/"},"modified":"2025-11-14T13:30:32","modified_gmt":"2025-11-14T12:30:32","slug":"natjecateljske-hlace-pikeur-vally-gr","status":"publish","type":"product","link":"https:\/\/clair.si\/hr\/izdelek\/natjecateljske-hlace-pikeur-vally-gr\/","title":{"rendered":"Natjecateljske hla\u010de Pikeur Vally GR"},"content":{"rendered":"<p data-start=\"0\" data-end=\"486\">PIKEUR VALLY GR bijele \u2013 \u017eenske natjecateljske jaha\u0107e hla\u010de s punim silikonskim gripom, izra\u0111ene od vrlo elasti\u010dnog i prozra\u010dnog Tech-Jersey materijala. Srednje visoki struk lijepo obujmljuje. Gusti materijal prikladan je za natjecanja jer nije proziran i lijepo dr\u017ei oblik. Elegantniji izgled upotpunjuju diskretni svjetlucavi detalji od kamen\u010di\u0107a te dinami\u010dni bo\u010dni pasovi s ugra\u0111enim d\u017eepom za telefon, a sprijeda je jo\u0161 mali u\u0161iven d\u017eep s patentnim zatvara\u010dem.   <\/p>\n<p data-start=\"488\" data-end=\"527\"><strong data-start=\"488\" data-end=\"525\">Glavne zna\u010dajke:<\/strong><\/p>\n<ul>\n<li data-start=\"488\" data-end=\"527\">Puni silikonski grip za pouzdan oprijem u sedlu<\/li>\n<li data-start=\"583\" data-end=\"648\">\n<p data-start=\"585\" data-end=\"648\">Prozra\u010dni Tech-Jersey koji se brzo su\u0161i (73 % poliamid, 27 % elastan)<\/p>\n<\/li>\n<li data-start=\"649\" data-end=\"701\">\n<p data-start=\"651\" data-end=\"701\">Srednje visoki struk za dobar oprijem bez stezanja<\/p>\n<\/li>\n<li data-start=\"702\" data-end=\"762\">\n<p data-start=\"704\" data-end=\"762\">Elasti\u010dan materijal koji lijepo prati pokrete i ne gu\u017eva se<\/p>\n<\/li>\n<li data-start=\"763\" data-end=\"824\">\n<p data-start=\"765\" data-end=\"824\">Dinami\u010dni bo\u010dni pasovi s integriranim d\u017eepom za telefon<\/p>\n<\/li>\n<li data-start=\"825\" data-end=\"883\">\n<p data-start=\"827\" data-end=\"883\">Mali prednji d\u017eep na patentni zatvara\u010d za klju\u010deve ili sitnice<\/p>\n<\/li>\n<li data-start=\"884\" data-end=\"954\">\n<p data-start=\"886\" data-end=\"954\">Diskretne aplikacije od kristali\u0107a za elegantan, natjecateljski izgled<\/p>\n<\/li>\n<\/ul>\n","protected":false},"excerpt":{"rendered":"<ul>\n<li>BROJ 34<\/li>\n<\/ul>\n","protected":false},"featured_media":120636,"template":"","meta":{"footnotes":""},"product_brand":[],"product_cat":[5654,5744,5729,5667,5669,5708],"product_tag":[],"class_list":{"0":"post-122285","1":"product","2":"type-product","3":"status-publish","4":"has-post-thumbnail","6":"product_cat-jahac-hr","7":"product_cat-kolekcije-hr","8":"product_cat-pikeur-eskadron-hr","9":"product_cat-zene","10":"product_cat-zenska-natjecateljska-odjeca","11":"product_cat-zenske-jahace-hlace","13":"first","14":"instock","15":"sale","16":"shipping-taxable","17":"purchasable","18":"product-type-simple"},"yoast_head":"<!-- This site is optimized with the Yoast SEO plugin v27.4 - https:\/\/yoast.com\/product\/yoast-seo-wordpress\/ -->\n<title>Natjecateljske hla\u010de Pikeur Vally GR - Clair<\/title>\n<meta name=\"description\" content=\"BROJ 34\" \/>\n<meta name=\"robots\" content=\"index, follow, max-snippet:-1, max-image-preview:large, max-video-preview:-1\" \/>\n<link rel=\"canonical\" href=\"https:\/\/clair.si\/hr\/izdelek\/natjecateljske-hlace-pikeur-vally-gr\/\" \/>\n<meta property=\"og:locale\" content=\"hr_HR\" \/>\n<meta property=\"og:type\" content=\"article\" \/>\n<meta property=\"og:title\" content=\"Natjecateljske hla\u010de Pikeur Vally GR - Clair\" \/>\n<meta property=\"og:description\" content=\"BROJ 34\" \/>\n<meta property=\"og:url\" content=\"https:\/\/clair.si\/hr\/izdelek\/natjecateljske-hlace-pikeur-vally-gr\/\" \/>\n<meta property=\"og:site_name\" content=\"Clair\" \/>\n<meta property=\"article:publisher\" content=\"https:\/\/www.facebook.com\/TrgovinaClair\/\" \/>\n<meta property=\"og:image\" content=\"https:\/\/clair.si\/wp-content\/uploads\/2025\/11\/Untitled-design-2025-11-14T133202.862.webp\" \/>\n\t<meta property=\"og:image:width\" content=\"700\" \/>\n\t<meta property=\"og:image:height\" content=\"700\" \/>\n\t<meta property=\"og:image:type\" content=\"image\/png\" \/>\n<meta name=\"twitter:card\" content=\"summary_large_image\" \/>\n<meta name=\"twitter:label1\" content=\"Procijenjeno vrijeme \u010ditanja\" \/>\n\t<meta name=\"twitter:data1\" content=\"1 minuta\" \/>\n<script type=\"application\/ld+json\" class=\"yoast-schema-graph\">{\"@context\":\"https:\\\/\\\/schema.org\",\"@graph\":[{\"@type\":\"WebPage\",\"@id\":\"https:\\\/\\\/clair.si\\\/hr\\\/izdelek\\\/natjecateljske-hlace-pikeur-vally-gr\\\/\",\"url\":\"https:\\\/\\\/clair.si\\\/hr\\\/izdelek\\\/natjecateljske-hlace-pikeur-vally-gr\\\/\",\"name\":\"Natjecateljske hla\u010de Pikeur Vally GR - Clair\",\"isPartOf\":{\"@id\":\"https:\\\/\\\/clair.si\\\/#website\"},\"primaryImageOfPage\":{\"@id\":\"https:\\\/\\\/clair.si\\\/hr\\\/izdelek\\\/natjecateljske-hlace-pikeur-vally-gr\\\/#primaryimage\"},\"image\":{\"@id\":\"https:\\\/\\\/clair.si\\\/hr\\\/izdelek\\\/natjecateljske-hlace-pikeur-vally-gr\\\/#primaryimage\"},\"thumbnailUrl\":\"https:\\\/\\\/clair.si\\\/wp-content\\\/uploads\\\/2025\\\/11\\\/Untitled-design-2025-11-14T133202.862.webp\",\"datePublished\":\"2025-11-14T12:30:32+00:00\",\"description\":\"BROJ 34\",\"breadcrumb\":{\"@id\":\"https:\\\/\\\/clair.si\\\/hr\\\/izdelek\\\/natjecateljske-hlace-pikeur-vally-gr\\\/#breadcrumb\"},\"inLanguage\":\"hr\",\"potentialAction\":[{\"@type\":\"ReadAction\",\"target\":[\"https:\\\/\\\/clair.si\\\/hr\\\/izdelek\\\/natjecateljske-hlace-pikeur-vally-gr\\\/\"]}]},{\"@type\":\"ImageObject\",\"inLanguage\":\"hr\",\"@id\":\"https:\\\/\\\/clair.si\\\/hr\\\/izdelek\\\/natjecateljske-hlace-pikeur-vally-gr\\\/#primaryimage\",\"url\":\"https:\\\/\\\/clair.si\\\/wp-content\\\/uploads\\\/2025\\\/11\\\/Untitled-design-2025-11-14T133202.862.webp\",\"contentUrl\":\"https:\\\/\\\/clair.si\\\/wp-content\\\/uploads\\\/2025\\\/11\\\/Untitled-design-2025-11-14T133202.862.webp\",\"width\":700,\"height\":700},{\"@type\":\"BreadcrumbList\",\"@id\":\"https:\\\/\\\/clair.si\\\/hr\\\/izdelek\\\/natjecateljske-hlace-pikeur-vally-gr\\\/#breadcrumb\",\"itemListElement\":[{\"@type\":\"ListItem\",\"position\":1,\"name\":\"Home\",\"item\":\"https:\\\/\\\/clair.si\\\/hr\\\/\"},{\"@type\":\"ListItem\",\"position\":2,\"name\":\"Trgovina\",\"item\":\"https:\\\/\\\/clair.si\\\/trgovina\\\/\"},{\"@type\":\"ListItem\",\"position\":3,\"name\":\"Natjecateljske hla\u010de Pikeur Vally GR\"}]},{\"@type\":\"WebSite\",\"@id\":\"https:\\\/\\\/clair.si\\\/#website\",\"url\":\"https:\\\/\\\/clair.si\\\/\",\"name\":\"Clair\",\"description\":\"Trgovina s konjeni\u0161ko opremo\",\"publisher\":{\"@id\":\"https:\\\/\\\/clair.si\\\/#organization\"},\"potentialAction\":[{\"@type\":\"SearchAction\",\"target\":{\"@type\":\"EntryPoint\",\"urlTemplate\":\"https:\\\/\\\/clair.si\\\/?s={search_term_string}\"},\"query-input\":{\"@type\":\"PropertyValueSpecification\",\"valueRequired\":true,\"valueName\":\"search_term_string\"}}],\"inLanguage\":\"hr\"},{\"@type\":\"Organization\",\"@id\":\"https:\\\/\\\/clair.si\\\/#organization\",\"name\":\"Clair\",\"url\":\"https:\\\/\\\/clair.si\\\/\",\"logo\":{\"@type\":\"ImageObject\",\"inLanguage\":\"hr\",\"@id\":\"https:\\\/\\\/clair.si\\\/#\\\/schema\\\/logo\\\/image\\\/\",\"url\":\"https:\\\/\\\/clair.si\\\/wp-content\\\/uploads\\\/2022\\\/11\\\/clair_logo_2022.jpg\",\"contentUrl\":\"https:\\\/\\\/clair.si\\\/wp-content\\\/uploads\\\/2022\\\/11\\\/clair_logo_2022.jpg\",\"width\":1920,\"height\":1920,\"caption\":\"Clair\"},\"image\":{\"@id\":\"https:\\\/\\\/clair.si\\\/#\\\/schema\\\/logo\\\/image\\\/\"},\"sameAs\":[\"https:\\\/\\\/www.facebook.com\\\/TrgovinaClair\\\/\"]}]}<\/script>\n<!-- \/ Yoast SEO plugin. -->","yoast_head_json":{"title":"Natjecateljske hla\u010de Pikeur Vally GR - Clair","description":"BROJ 34","robots":{"index":"index","follow":"follow","max-snippet":"max-snippet:-1","max-image-preview":"max-image-preview:large","max-video-preview":"max-video-preview:-1"},"canonical":"https:\/\/clair.si\/hr\/izdelek\/natjecateljske-hlace-pikeur-vally-gr\/","og_locale":"hr_HR","og_type":"article","og_title":"Natjecateljske hla\u010de Pikeur Vally GR - Clair","og_description":"BROJ 34","og_url":"https:\/\/clair.si\/hr\/izdelek\/natjecateljske-hlace-pikeur-vally-gr\/","og_site_name":"Clair","article_publisher":"https:\/\/www.facebook.com\/TrgovinaClair\/","og_image":[{"width":700,"height":700,"url":"https:\/\/clair.si\/wp-content\/uploads\/2025\/11\/Untitled-design-2025-11-14T133202.862.webp","type":"image\/png"}],"twitter_card":"summary_large_image","twitter_misc":{"Procijenjeno vrijeme \u010ditanja":"1 minuta"},"schema":{"@context":"https:\/\/schema.org","@graph":[{"@type":"WebPage","@id":"https:\/\/clair.si\/hr\/izdelek\/natjecateljske-hlace-pikeur-vally-gr\/","url":"https:\/\/clair.si\/hr\/izdelek\/natjecateljske-hlace-pikeur-vally-gr\/","name":"Natjecateljske hla\u010de Pikeur Vally GR - Clair","isPartOf":{"@id":"https:\/\/clair.si\/#website"},"primaryImageOfPage":{"@id":"https:\/\/clair.si\/hr\/izdelek\/natjecateljske-hlace-pikeur-vally-gr\/#primaryimage"},"image":{"@id":"https:\/\/clair.si\/hr\/izdelek\/natjecateljske-hlace-pikeur-vally-gr\/#primaryimage"},"thumbnailUrl":"https:\/\/clair.si\/wp-content\/uploads\/2025\/11\/Untitled-design-2025-11-14T133202.862.webp","datePublished":"2025-11-14T12:30:32+00:00","description":"BROJ 34","breadcrumb":{"@id":"https:\/\/clair.si\/hr\/izdelek\/natjecateljske-hlace-pikeur-vally-gr\/#breadcrumb"},"inLanguage":"hr","potentialAction":[{"@type":"ReadAction","target":["https:\/\/clair.si\/hr\/izdelek\/natjecateljske-hlace-pikeur-vally-gr\/"]}]},{"@type":"ImageObject","inLanguage":"hr","@id":"https:\/\/clair.si\/hr\/izdelek\/natjecateljske-hlace-pikeur-vally-gr\/#primaryimage","url":"https:\/\/clair.si\/wp-content\/uploads\/2025\/11\/Untitled-design-2025-11-14T133202.862.webp","contentUrl":"https:\/\/clair.si\/wp-content\/uploads\/2025\/11\/Untitled-design-2025-11-14T133202.862.webp","width":700,"height":700},{"@type":"BreadcrumbList","@id":"https:\/\/clair.si\/hr\/izdelek\/natjecateljske-hlace-pikeur-vally-gr\/#breadcrumb","itemListElement":[{"@type":"ListItem","position":1,"name":"Home","item":"https:\/\/clair.si\/hr\/"},{"@type":"ListItem","position":2,"name":"Trgovina","item":"https:\/\/clair.si\/trgovina\/"},{"@type":"ListItem","position":3,"name":"Natjecateljske hla\u010de Pikeur Vally GR"}]},{"@type":"WebSite","@id":"https:\/\/clair.si\/#website","url":"https:\/\/clair.si\/","name":"Clair","description":"Trgovina s konjeni\u0161ko opremo","publisher":{"@id":"https:\/\/clair.si\/#organization"},"potentialAction":[{"@type":"SearchAction","target":{"@type":"EntryPoint","urlTemplate":"https:\/\/clair.si\/?s={search_term_string}"},"query-input":{"@type":"PropertyValueSpecification","valueRequired":true,"valueName":"search_term_string"}}],"inLanguage":"hr"},{"@type":"Organization","@id":"https:\/\/clair.si\/#organization","name":"Clair","url":"https:\/\/clair.si\/","logo":{"@type":"ImageObject","inLanguage":"hr","@id":"https:\/\/clair.si\/#\/schema\/logo\/image\/","url":"https:\/\/clair.si\/wp-content\/uploads\/2022\/11\/clair_logo_2022.jpg","contentUrl":"https:\/\/clair.si\/wp-content\/uploads\/2022\/11\/clair_logo_2022.jpg","width":1920,"height":1920,"caption":"Clair"},"image":{"@id":"https:\/\/clair.si\/#\/schema\/logo\/image\/"},"sameAs":["https:\/\/www.facebook.com\/TrgovinaClair\/"]}]}},"_links":{"self":[{"href":"https:\/\/clair.si\/hr\/wp-json\/wp\/v2\/product\/122285","targetHints":{"allow":["GET"]}}],"collection":[{"href":"https:\/\/clair.si\/hr\/wp-json\/wp\/v2\/product"}],"about":[{"href":"https:\/\/clair.si\/hr\/wp-json\/wp\/v2\/types\/product"}],"version-history":[{"count":0,"href":"https:\/\/clair.si\/hr\/wp-json\/wp\/v2\/product\/122285\/revisions"}],"wp:featuredmedia":[{"embeddable":true,"href":"https:\/\/clair.si\/hr\/wp-json\/wp\/v2\/media\/120636"}],"wp:attachment":[{"href":"https:\/\/clair.si\/hr\/wp-json\/wp\/v2\/media?parent=122285"}],"wp:term":[{"taxonomy":"product_brand","embeddable":true,"href":"https:\/\/clair.si\/hr\/wp-json\/wp\/v2\/product_brand?post=122285"},{"taxonomy":"product_cat","embeddable":true,"href":"https:\/\/clair.si\/hr\/wp-json\/wp\/v2\/product_cat?post=122285"},{"taxonomy":"product_tag","embeddable":true,"href":"https:\/\/clair.si\/hr\/wp-json\/wp\/v2\/product_tag?post=122285"}],"curies":[{"name":"wp","href":"https:\/\/api.w.org\/{rel}","templated":true}]}}