{"id":131361,"date":"2026-01-09T10:08:19","date_gmt":"2026-01-09T09:08:19","guid":{"rendered":"https:\/\/clair.si\/izdelek\/marstall-naturell-pro\/"},"modified":"2026-01-09T10:08:19","modified_gmt":"2026-01-09T09:08:19","slug":"marstall-naturell-pro","status":"publish","type":"product","link":"https:\/\/clair.si\/hr\/izdelek\/marstall-naturell-pro\/","title":{"rendered":"Marstall Naturell-Pro"},"content":{"rendered":"<h2 data-start=\"0\" data-end=\"96\">Marstall Naturell-Pro \u2013 bez\u017eitni proteinski m\u00fcsli za potporu mi\u0161i\u0107ima<\/h2>\n<p data-start=\"98\" data-end=\"549\">Marstall <strong data-start=\"107\" data-end=\"123\">Naturell-Pro<\/strong> je prirodni, <strong data-start=\"136\" data-end=\"169\">bez\u017eitni proteinski m\u00fcsli<\/strong> za konje, osmi\u0161ljen kao &#8220;\u010disti&#8221; dodatak obroku kada \u017eelite <strong data-start=\"229\" data-end=\"274\">vi\u0161e kvalitetnih proteina i aminokiselina<\/strong> za <strong data-start=\"278\" data-end=\"299\">odr\u017eavanje mi\u0161i\u0107a<\/strong>, bez dodavanja vitamina\/minerala iz koncentrata. Ne sadr\u017ei dodane vitamine, minerale ili elemente u tragovima, pa ga jednostavno kombinirate s postoje\u0107om hranom (npr. s mineralnim dodatkom po izboru). <\/p>\n<p data-start=\"98\" data-end=\"549\">Proteinski dio hrane temelji se na <strong data-start=\"34\" data-end=\"53\">soji uzgojenoj u Njema\u010dkoj<\/strong>, a vlaknatu osnovu dopunjuju <strong data-start=\"89\" data-end=\"152\">nje\u017eno su\u0161eni briketi\/\u010dips sijena iz regije Allg\u00e4u (Njema\u010dka)<\/strong>, pri \u010demu Marstall u proizvodnji slijedi i <strong data-start=\"200\" data-end=\"229\">VLOG standard &#8220;bez GMO&#8221;<\/strong>.<\/p>\n<h3 data-start=\"551\" data-end=\"571\">Za\u0161to ga odabrati?<\/h3>\n<ul data-start=\"572\" data-end=\"1224\">\n<li data-start=\"572\" data-end=\"718\">\n<p data-start=\"574\" data-end=\"718\"><strong data-start=\"574\" data-end=\"613\">Bez \u017eitarica, bez melase, bez lucerne<\/strong> \u2013 prikladan za konje kojima je potreban metaboli\u010dki prihvatljiviji obrok.<\/p>\n<\/li>\n<li data-start=\"719\" data-end=\"884\">\n<p data-start=\"721\" data-end=\"884\"><strong data-start=\"721\" data-end=\"758\">Visok udio vlakana i strukture<\/strong> (mekana timothy trava + travni\/hay &#8220;chips&#8221;) poti\u010de \u017evakanje i nje\u017ean je prema probavnom sustavu.<\/p>\n<\/li>\n<li data-start=\"885\" data-end=\"1010\">\n<p data-start=\"887\" data-end=\"1010\"><strong data-start=\"887\" data-end=\"914\">Prirodni izvori proteina<\/strong> (soja, gra\u0161ak, lan) za potporu mi\u0161i\u0107noj masi i kondiciji.<\/p>\n<\/li>\n<li data-start=\"885\" data-end=\"1010\">\n<p data-start=\"887\" data-end=\"1010\"><strong data-start=\"1013\" data-end=\"1041\">Omega-3 masne kiseline<\/strong> iz lanenih komponenti i hladno pre\u0161anih ulja za potporu ko\u017ei i sjaju dlake.<\/p>\n<\/li>\n<li data-start=\"1160\" data-end=\"1224\">\n<p data-start=\"1162\" data-end=\"1224\"><strong data-start=\"1162\" data-end=\"1183\">EADCM\/FEI sukladno<\/strong>.<\/p>\n<\/li>\n<\/ul>\n<h3 data-start=\"1162\" data-end=\"1224\">Kada je posebno dobar izbor?<\/h3>\n<ul data-start=\"1254\" data-end=\"1494\">\n<li data-start=\"1254\" data-end=\"1352\">\n<p data-start=\"1256\" data-end=\"1352\">kada konj ima <strong data-start=\"1268\" data-end=\"1298\">dovoljno vitamina\/minerala<\/strong>, ali mu u obroku nedostaje <strong data-start=\"1326\" data-end=\"1350\">proteina za mi\u0161i\u0107e<\/strong><\/p>\n<\/li>\n<li data-start=\"1353\" data-end=\"1494\">\n<p data-start=\"1355\" data-end=\"1494\">kao dodatak obroku kod sportskih konja, rekreativnih konja ili seniora (po potrebi i namo\u010den).<\/p>\n<\/li>\n<\/ul>\n<h2 data-start=\"1501\" data-end=\"1523\">Sastav<\/h2>\n<p data-start=\"1524\" data-end=\"1908\">Trava, su\u0161ena pri visokoj temperaturi (65,00 %), sojini pahuljice (12,00 %), trava \u2013 timothy, su\u0161ena pri visokoj temperaturi (5,00 %), laneno sjeme (5,00 %), lanena poga\u010da (5,00 %), mrkva pahuljice (3,00 %), biljno ulje (laneno ulje, ulje pjegavog badlja) \u2013 hladno pre\u0161ano (3,00 %), gra\u0161ak pahuljice (2,00 %).<\/p>\n<h3 data-start=\"1910\" data-end=\"1952\">Analiti\u010dke vrijednosti \/ energija (po kg)<\/h3>\n<p data-start=\"1953\" data-end=\"2198\">Sirovi proteini <strong data-start=\"1972\" data-end=\"1983\">16,00 %<\/strong>, sirove masti <strong data-start=\"2000\" data-end=\"2010\">9,00 %<\/strong>, sirova vlakna <strong data-start=\"2028\" data-end=\"2039\">18,50 %<\/strong>, sirovi pepeo <strong data-start=\"2054\" data-end=\"2064\">8,00 %<\/strong>, energija (DE) <strong data-start=\"2080\" data-end=\"2092\">11,00 MJ<\/strong>, energija (ME) <strong data-start=\"2108\" data-end=\"2119\">9,50 MJ<\/strong>, \u0161krob <strong data-start=\"2127\" data-end=\"2137\">0,90 %<\/strong>, \u0161e\u0107er <strong data-start=\"2147\" data-end=\"2157\">6,90 %<\/strong>.<\/p>\n","protected":false},"excerpt":{"rendered":"<p><strong>Za ovaj proizvod se zbog dimenzija ili te\u017eine obra\u010dunavaju dodatni tro\u0161kovi po\u0161tarine u vrijednosti 5\u20ac \/ kom.<\/strong><\/p>\n<ul>\n<li>kao dodatak za izgradnju mi\u0161i\u0107ne mase (bez naru\u0161avanja mineralne ravnote\u017ee)<\/li>\n<li>odli\u010dan izbor u kombinaciji s Marstall Force<\/li>\n<li>BEZ \u017eitarica, melase i lucerne<\/li>\n<\/ul>\n","protected":false},"featured_media":124014,"template":"","meta":{"footnotes":""},"product_brand":[],"product_cat":[6090,5657,5710,6089,5769,7070,6302],"product_tag":[],"class_list":{"0":"post-131361","1":"product","2":"type-product","3":"status-publish","4":"has-post-thumbnail","6":"product_cat-bez-zitarica","7":"product_cat-kategorije-hr","8":"product_cat-hrana-za-konje-hr","9":"product_cat-marstall-hr","10":"product_cat-must-have","11":"product_cat-prirodna-linija","12":"product_cat-puno-strukture","14":"first","15":"instock","16":"shipping-taxable","17":"purchasable","18":"product-type-simple"},"yoast_head":"<!-- This site is optimized with the Yoast SEO plugin v27.3 - https:\/\/yoast.com\/product\/yoast-seo-wordpress\/ -->\n<title>Marstall Naturell-Pro - Clair<\/title>\n<meta name=\"description\" content=\"Za ovaj proizvod se zbog dimenzija ili te\u017eine obra\u010dunavaju dodatni tro\u0161kovi po\u0161tarine u vrijednosti 5\u20ac \/ kom.  kao dodatak za izgradnju mi\u0161i\u0107ne mase (bez naru\u0161avanja mineralne ravnote\u017ee)  odli\u010dan izbor u kombinaciji s Marstall Force  BEZ \u017eitarica, melase i lucerne\" \/>\n<meta name=\"robots\" content=\"index, follow, max-snippet:-1, max-image-preview:large, max-video-preview:-1\" \/>\n<link rel=\"canonical\" href=\"https:\/\/clair.si\/hr\/izdelek\/marstall-naturell-pro\/\" \/>\n<meta property=\"og:locale\" content=\"hr_HR\" \/>\n<meta property=\"og:type\" content=\"article\" \/>\n<meta property=\"og:title\" content=\"Marstall Naturell-Pro - Clair\" \/>\n<meta property=\"og:description\" content=\"Za ovaj proizvod se zbog dimenzija ili te\u017eine obra\u010dunavaju dodatni tro\u0161kovi po\u0161tarine u vrijednosti 5\u20ac \/ kom.  kao dodatak za izgradnju mi\u0161i\u0107ne mase (bez naru\u0161avanja mineralne ravnote\u017ee)  odli\u010dan izbor u kombinaciji s Marstall Force  BEZ \u017eitarica, melase i lucerne\" \/>\n<meta property=\"og:url\" content=\"https:\/\/clair.si\/hr\/izdelek\/marstall-naturell-pro\/\" \/>\n<meta property=\"og:site_name\" content=\"Clair\" \/>\n<meta property=\"article:publisher\" content=\"https:\/\/www.facebook.com\/TrgovinaClair\/\" \/>\n<meta property=\"og:image\" content=\"https:\/\/clair.si\/wp-content\/uploads\/2026\/01\/naturel-pro-marstall-clair.webp\" \/>\n\t<meta property=\"og:image:width\" content=\"1200\" \/>\n\t<meta property=\"og:image:height\" content=\"1200\" \/>\n\t<meta property=\"og:image:type\" content=\"image\/png\" \/>\n<meta name=\"twitter:card\" content=\"summary_large_image\" \/>\n<meta name=\"twitter:label1\" content=\"Procijenjeno vrijeme \u010ditanja\" \/>\n\t<meta name=\"twitter:data1\" content=\"1 minuta\" \/>\n<script type=\"application\/ld+json\" class=\"yoast-schema-graph\">{\"@context\":\"https:\\\/\\\/schema.org\",\"@graph\":[{\"@type\":\"WebPage\",\"@id\":\"https:\\\/\\\/clair.si\\\/hr\\\/izdelek\\\/marstall-naturell-pro\\\/\",\"url\":\"https:\\\/\\\/clair.si\\\/hr\\\/izdelek\\\/marstall-naturell-pro\\\/\",\"name\":\"Marstall Naturell-Pro - Clair\",\"isPartOf\":{\"@id\":\"https:\\\/\\\/clair.si\\\/#website\"},\"primaryImageOfPage\":{\"@id\":\"https:\\\/\\\/clair.si\\\/hr\\\/izdelek\\\/marstall-naturell-pro\\\/#primaryimage\"},\"image\":{\"@id\":\"https:\\\/\\\/clair.si\\\/hr\\\/izdelek\\\/marstall-naturell-pro\\\/#primaryimage\"},\"thumbnailUrl\":\"https:\\\/\\\/clair.si\\\/wp-content\\\/uploads\\\/2026\\\/01\\\/naturel-pro-marstall-clair.webp\",\"datePublished\":\"2026-01-09T09:08:19+00:00\",\"description\":\"Za ovaj proizvod se zbog dimenzija ili te\u017eine obra\u010dunavaju dodatni tro\u0161kovi po\u0161tarine u vrijednosti 5\u20ac \\\/ kom. kao dodatak za izgradnju mi\u0161i\u0107ne mase (bez naru\u0161avanja mineralne ravnote\u017ee) odli\u010dan izbor u kombinaciji s Marstall Force BEZ \u017eitarica, melase i lucerne\",\"breadcrumb\":{\"@id\":\"https:\\\/\\\/clair.si\\\/hr\\\/izdelek\\\/marstall-naturell-pro\\\/#breadcrumb\"},\"inLanguage\":\"hr\",\"potentialAction\":[{\"@type\":\"ReadAction\",\"target\":[\"https:\\\/\\\/clair.si\\\/hr\\\/izdelek\\\/marstall-naturell-pro\\\/\"]}]},{\"@type\":\"ImageObject\",\"inLanguage\":\"hr\",\"@id\":\"https:\\\/\\\/clair.si\\\/hr\\\/izdelek\\\/marstall-naturell-pro\\\/#primaryimage\",\"url\":\"https:\\\/\\\/clair.si\\\/wp-content\\\/uploads\\\/2026\\\/01\\\/naturel-pro-marstall-clair.webp\",\"contentUrl\":\"https:\\\/\\\/clair.si\\\/wp-content\\\/uploads\\\/2026\\\/01\\\/naturel-pro-marstall-clair.webp\",\"width\":1200,\"height\":1200},{\"@type\":\"BreadcrumbList\",\"@id\":\"https:\\\/\\\/clair.si\\\/hr\\\/izdelek\\\/marstall-naturell-pro\\\/#breadcrumb\",\"itemListElement\":[{\"@type\":\"ListItem\",\"position\":1,\"name\":\"Home\",\"item\":\"https:\\\/\\\/clair.si\\\/hr\\\/\"},{\"@type\":\"ListItem\",\"position\":2,\"name\":\"Trgovina\",\"item\":\"https:\\\/\\\/clair.si\\\/trgovina\\\/\"},{\"@type\":\"ListItem\",\"position\":3,\"name\":\"Marstall Naturell-Pro\"}]},{\"@type\":\"WebSite\",\"@id\":\"https:\\\/\\\/clair.si\\\/#website\",\"url\":\"https:\\\/\\\/clair.si\\\/\",\"name\":\"Clair\",\"description\":\"Trgovina s konjeni\u0161ko opremo\",\"publisher\":{\"@id\":\"https:\\\/\\\/clair.si\\\/#organization\"},\"potentialAction\":[{\"@type\":\"SearchAction\",\"target\":{\"@type\":\"EntryPoint\",\"urlTemplate\":\"https:\\\/\\\/clair.si\\\/?s={search_term_string}\"},\"query-input\":{\"@type\":\"PropertyValueSpecification\",\"valueRequired\":true,\"valueName\":\"search_term_string\"}}],\"inLanguage\":\"hr\"},{\"@type\":\"Organization\",\"@id\":\"https:\\\/\\\/clair.si\\\/#organization\",\"name\":\"Clair\",\"url\":\"https:\\\/\\\/clair.si\\\/\",\"logo\":{\"@type\":\"ImageObject\",\"inLanguage\":\"hr\",\"@id\":\"https:\\\/\\\/clair.si\\\/#\\\/schema\\\/logo\\\/image\\\/\",\"url\":\"https:\\\/\\\/clair.si\\\/wp-content\\\/uploads\\\/2022\\\/11\\\/clair_logo_2022.jpg\",\"contentUrl\":\"https:\\\/\\\/clair.si\\\/wp-content\\\/uploads\\\/2022\\\/11\\\/clair_logo_2022.jpg\",\"width\":1920,\"height\":1920,\"caption\":\"Clair\"},\"image\":{\"@id\":\"https:\\\/\\\/clair.si\\\/#\\\/schema\\\/logo\\\/image\\\/\"},\"sameAs\":[\"https:\\\/\\\/www.facebook.com\\\/TrgovinaClair\\\/\"]}]}<\/script>\n<!-- \/ Yoast SEO plugin. -->","yoast_head_json":{"title":"Marstall Naturell-Pro - Clair","description":"Za ovaj proizvod se zbog dimenzija ili te\u017eine obra\u010dunavaju dodatni tro\u0161kovi po\u0161tarine u vrijednosti 5\u20ac \/ kom.  kao dodatak za izgradnju mi\u0161i\u0107ne mase (bez naru\u0161avanja mineralne ravnote\u017ee)  odli\u010dan izbor u kombinaciji s Marstall Force  BEZ \u017eitarica, melase i lucerne","robots":{"index":"index","follow":"follow","max-snippet":"max-snippet:-1","max-image-preview":"max-image-preview:large","max-video-preview":"max-video-preview:-1"},"canonical":"https:\/\/clair.si\/hr\/izdelek\/marstall-naturell-pro\/","og_locale":"hr_HR","og_type":"article","og_title":"Marstall Naturell-Pro - Clair","og_description":"Za ovaj proizvod se zbog dimenzija ili te\u017eine obra\u010dunavaju dodatni tro\u0161kovi po\u0161tarine u vrijednosti 5\u20ac \/ kom.  kao dodatak za izgradnju mi\u0161i\u0107ne mase (bez naru\u0161avanja mineralne ravnote\u017ee)  odli\u010dan izbor u kombinaciji s Marstall Force  BEZ \u017eitarica, melase i lucerne","og_url":"https:\/\/clair.si\/hr\/izdelek\/marstall-naturell-pro\/","og_site_name":"Clair","article_publisher":"https:\/\/www.facebook.com\/TrgovinaClair\/","og_image":[{"width":1200,"height":1200,"url":"https:\/\/clair.si\/wp-content\/uploads\/2026\/01\/naturel-pro-marstall-clair.webp","type":"image\/png"}],"twitter_card":"summary_large_image","twitter_misc":{"Procijenjeno vrijeme \u010ditanja":"1 minuta"},"schema":{"@context":"https:\/\/schema.org","@graph":[{"@type":"WebPage","@id":"https:\/\/clair.si\/hr\/izdelek\/marstall-naturell-pro\/","url":"https:\/\/clair.si\/hr\/izdelek\/marstall-naturell-pro\/","name":"Marstall Naturell-Pro - Clair","isPartOf":{"@id":"https:\/\/clair.si\/#website"},"primaryImageOfPage":{"@id":"https:\/\/clair.si\/hr\/izdelek\/marstall-naturell-pro\/#primaryimage"},"image":{"@id":"https:\/\/clair.si\/hr\/izdelek\/marstall-naturell-pro\/#primaryimage"},"thumbnailUrl":"https:\/\/clair.si\/wp-content\/uploads\/2026\/01\/naturel-pro-marstall-clair.webp","datePublished":"2026-01-09T09:08:19+00:00","description":"Za ovaj proizvod se zbog dimenzija ili te\u017eine obra\u010dunavaju dodatni tro\u0161kovi po\u0161tarine u vrijednosti 5\u20ac \/ kom. kao dodatak za izgradnju mi\u0161i\u0107ne mase (bez naru\u0161avanja mineralne ravnote\u017ee) odli\u010dan izbor u kombinaciji s Marstall Force BEZ \u017eitarica, melase i lucerne","breadcrumb":{"@id":"https:\/\/clair.si\/hr\/izdelek\/marstall-naturell-pro\/#breadcrumb"},"inLanguage":"hr","potentialAction":[{"@type":"ReadAction","target":["https:\/\/clair.si\/hr\/izdelek\/marstall-naturell-pro\/"]}]},{"@type":"ImageObject","inLanguage":"hr","@id":"https:\/\/clair.si\/hr\/izdelek\/marstall-naturell-pro\/#primaryimage","url":"https:\/\/clair.si\/wp-content\/uploads\/2026\/01\/naturel-pro-marstall-clair.webp","contentUrl":"https:\/\/clair.si\/wp-content\/uploads\/2026\/01\/naturel-pro-marstall-clair.webp","width":1200,"height":1200},{"@type":"BreadcrumbList","@id":"https:\/\/clair.si\/hr\/izdelek\/marstall-naturell-pro\/#breadcrumb","itemListElement":[{"@type":"ListItem","position":1,"name":"Home","item":"https:\/\/clair.si\/hr\/"},{"@type":"ListItem","position":2,"name":"Trgovina","item":"https:\/\/clair.si\/trgovina\/"},{"@type":"ListItem","position":3,"name":"Marstall Naturell-Pro"}]},{"@type":"WebSite","@id":"https:\/\/clair.si\/#website","url":"https:\/\/clair.si\/","name":"Clair","description":"Trgovina s konjeni\u0161ko opremo","publisher":{"@id":"https:\/\/clair.si\/#organization"},"potentialAction":[{"@type":"SearchAction","target":{"@type":"EntryPoint","urlTemplate":"https:\/\/clair.si\/?s={search_term_string}"},"query-input":{"@type":"PropertyValueSpecification","valueRequired":true,"valueName":"search_term_string"}}],"inLanguage":"hr"},{"@type":"Organization","@id":"https:\/\/clair.si\/#organization","name":"Clair","url":"https:\/\/clair.si\/","logo":{"@type":"ImageObject","inLanguage":"hr","@id":"https:\/\/clair.si\/#\/schema\/logo\/image\/","url":"https:\/\/clair.si\/wp-content\/uploads\/2022\/11\/clair_logo_2022.jpg","contentUrl":"https:\/\/clair.si\/wp-content\/uploads\/2022\/11\/clair_logo_2022.jpg","width":1920,"height":1920,"caption":"Clair"},"image":{"@id":"https:\/\/clair.si\/#\/schema\/logo\/image\/"},"sameAs":["https:\/\/www.facebook.com\/TrgovinaClair\/"]}]}},"_links":{"self":[{"href":"https:\/\/clair.si\/hr\/wp-json\/wp\/v2\/product\/131361","targetHints":{"allow":["GET"]}}],"collection":[{"href":"https:\/\/clair.si\/hr\/wp-json\/wp\/v2\/product"}],"about":[{"href":"https:\/\/clair.si\/hr\/wp-json\/wp\/v2\/types\/product"}],"version-history":[{"count":1,"href":"https:\/\/clair.si\/hr\/wp-json\/wp\/v2\/product\/131361\/revisions"}],"predecessor-version":[{"id":131369,"href":"https:\/\/clair.si\/hr\/wp-json\/wp\/v2\/product\/131361\/revisions\/131369"}],"wp:featuredmedia":[{"embeddable":true,"href":"https:\/\/clair.si\/hr\/wp-json\/wp\/v2\/media\/124014"}],"wp:attachment":[{"href":"https:\/\/clair.si\/hr\/wp-json\/wp\/v2\/media?parent=131361"}],"wp:term":[{"taxonomy":"product_brand","embeddable":true,"href":"https:\/\/clair.si\/hr\/wp-json\/wp\/v2\/product_brand?post=131361"},{"taxonomy":"product_cat","embeddable":true,"href":"https:\/\/clair.si\/hr\/wp-json\/wp\/v2\/product_cat?post=131361"},{"taxonomy":"product_tag","embeddable":true,"href":"https:\/\/clair.si\/hr\/wp-json\/wp\/v2\/product_tag?post=131361"}],"curies":[{"name":"wp","href":"https:\/\/api.w.org\/{rel}","templated":true}]}}