{"id":131420,"date":"2026-01-22T11:37:44","date_gmt":"2026-01-22T10:37:44","guid":{"rendered":"https:\/\/clair.si\/izdelek\/nadhlace-e-t-sona\/"},"modified":"2026-02-24T20:12:02","modified_gmt":"2026-02-24T19:12:02","slug":"nadhlace-e-t-sona","status":"publish","type":"product","link":"https:\/\/clair.si\/hr\/izdelek\/nadhlace-e-t-sona\/","title":{"rendered":"Nadhla\u010de E-T Sona"},"content":{"rendered":"<p data-start=\"0\" data-end=\"331\">Nadhla\u010de E-T Sona dizajnirane su za brzu za\u0161titu od mokrog vremena. Izra\u0111ene su od <strong data-start=\"169\" data-end=\"201\">tehni\u010dke vodootporne tkanine<\/strong> koja u\u010dinkovito \u0161titi od <strong data-start=\"228\" data-end=\"248\">ki\u0161e i vjetra<\/strong>, a istovremeno su dovoljno lagane da ih bez problema obu\u010dete <strong data-start=\"303\" data-end=\"330\">preko tajica ili hla\u010da<\/strong>.<\/p>\n<p data-start=\"333\" data-end=\"661\"><strong data-start=\"333\" data-end=\"360\">Upotreba i prakti\u010dnost:<\/strong> idealne za jahanje po ki\u0161i, \u0161etnje, rad u \u0161tali ili natjecanja. Kroj omogu\u0107uje <strong data-start=\"456\" data-end=\"483\">slobodu kretanja u sedlu<\/strong>, a nadhla\u010de poma\u017eu da osnovna odje\u0107a ostane suha i \u010dista. Jednostavne su za no\u0161enje (zauzimaju malo prostora) i odli\u010dna su \u201crezerva\u201d u torbi kada se vrijeme brzo promijeni.<\/p>\n","protected":false},"excerpt":{"rendered":"<ul>\n<li>za upotrebu po ki\u0161i<\/li>\n<li>prije natjecanja, kako bi se za\u0161titile snje\u017eno bijele hla\u010de \ud83d\ude09<\/li>\n<\/ul>\n","protected":false},"featured_media":131424,"template":"","meta":{"footnotes":""},"product_brand":[],"product_cat":[5654,5657,5670,5736,5667,5708],"product_tag":[],"class_list":{"0":"post-131420","1":"product","2":"type-product","3":"status-publish","4":"has-post-thumbnail","6":"product_cat-jahac-hr","7":"product_cat-kategorije-hr","8":"product_cat-natjecanja","9":"product_cat-natjecateljske-hlace","10":"product_cat-zene","11":"product_cat-zenske-jahace-hlace","13":"first","14":"outofstock","15":"shipping-taxable","16":"purchasable","17":"product-type-variable"},"yoast_head":"<!-- This site is optimized with the Yoast SEO plugin v27.4 - https:\/\/yoast.com\/product\/yoast-seo-wordpress\/ -->\n<title>Nadhla\u010de E-T Sona - Clair<\/title>\n<meta name=\"description\" content=\"za upotrebu po ki\u0161i  prije natjecanja, kako bi se za\u0161titile snje\u017eno bijele hla\u010de ;)\" \/>\n<meta name=\"robots\" content=\"index, follow, max-snippet:-1, max-image-preview:large, max-video-preview:-1\" \/>\n<link rel=\"canonical\" href=\"https:\/\/clair.si\/hr\/izdelek\/nadhlace-e-t-sona\/\" \/>\n<meta property=\"og:locale\" content=\"hr_HR\" \/>\n<meta property=\"og:type\" content=\"article\" \/>\n<meta property=\"og:title\" content=\"Nadhla\u010de E-T Sona - Clair\" \/>\n<meta property=\"og:description\" content=\"za upotrebu po ki\u0161i  prije natjecanja, kako bi se za\u0161titile snje\u017eno bijele hla\u010de ;)\" \/>\n<meta property=\"og:url\" content=\"https:\/\/clair.si\/hr\/izdelek\/nadhlace-e-t-sona\/\" \/>\n<meta property=\"og:site_name\" content=\"Clair\" \/>\n<meta property=\"article:publisher\" content=\"https:\/\/www.facebook.com\/TrgovinaClair\/\" \/>\n<meta property=\"article:modified_time\" content=\"2026-02-24T19:12:02+00:00\" \/>\n<meta property=\"og:image\" content=\"https:\/\/clair.si\/wp-content\/uploads\/2026\/01\/Untitled-design-2026-01-22T113224.613.webp\" \/>\n\t<meta property=\"og:image:width\" content=\"700\" \/>\n\t<meta property=\"og:image:height\" content=\"700\" \/>\n\t<meta property=\"og:image:type\" content=\"image\/png\" \/>\n<meta name=\"twitter:card\" content=\"summary_large_image\" \/>\n<meta name=\"twitter:label1\" content=\"Procijenjeno vrijeme \u010ditanja\" \/>\n\t<meta name=\"twitter:data1\" content=\"1 minuta\" \/>\n<script type=\"application\/ld+json\" class=\"yoast-schema-graph\">{\"@context\":\"https:\\\/\\\/schema.org\",\"@graph\":[{\"@type\":\"WebPage\",\"@id\":\"https:\\\/\\\/clair.si\\\/hr\\\/izdelek\\\/nadhlace-e-t-sona\\\/\",\"url\":\"https:\\\/\\\/clair.si\\\/hr\\\/izdelek\\\/nadhlace-e-t-sona\\\/\",\"name\":\"Nadhla\u010de E-T Sona - Clair\",\"isPartOf\":{\"@id\":\"https:\\\/\\\/clair.si\\\/#website\"},\"primaryImageOfPage\":{\"@id\":\"https:\\\/\\\/clair.si\\\/hr\\\/izdelek\\\/nadhlace-e-t-sona\\\/#primaryimage\"},\"image\":{\"@id\":\"https:\\\/\\\/clair.si\\\/hr\\\/izdelek\\\/nadhlace-e-t-sona\\\/#primaryimage\"},\"thumbnailUrl\":\"https:\\\/\\\/clair.si\\\/wp-content\\\/uploads\\\/2026\\\/01\\\/Untitled-design-2026-01-22T113224.613.webp\",\"datePublished\":\"2026-01-22T10:37:44+00:00\",\"dateModified\":\"2026-02-24T19:12:02+00:00\",\"description\":\"za upotrebu po ki\u0161i prije natjecanja, kako bi se za\u0161titile snje\u017eno bijele hla\u010de ;)\",\"breadcrumb\":{\"@id\":\"https:\\\/\\\/clair.si\\\/hr\\\/izdelek\\\/nadhlace-e-t-sona\\\/#breadcrumb\"},\"inLanguage\":\"hr\",\"potentialAction\":[{\"@type\":\"ReadAction\",\"target\":[\"https:\\\/\\\/clair.si\\\/hr\\\/izdelek\\\/nadhlace-e-t-sona\\\/\"]}]},{\"@type\":\"ImageObject\",\"inLanguage\":\"hr\",\"@id\":\"https:\\\/\\\/clair.si\\\/hr\\\/izdelek\\\/nadhlace-e-t-sona\\\/#primaryimage\",\"url\":\"https:\\\/\\\/clair.si\\\/wp-content\\\/uploads\\\/2026\\\/01\\\/Untitled-design-2026-01-22T113224.613.webp\",\"contentUrl\":\"https:\\\/\\\/clair.si\\\/wp-content\\\/uploads\\\/2026\\\/01\\\/Untitled-design-2026-01-22T113224.613.webp\",\"width\":700,\"height\":700},{\"@type\":\"BreadcrumbList\",\"@id\":\"https:\\\/\\\/clair.si\\\/hr\\\/izdelek\\\/nadhlace-e-t-sona\\\/#breadcrumb\",\"itemListElement\":[{\"@type\":\"ListItem\",\"position\":1,\"name\":\"Home\",\"item\":\"https:\\\/\\\/clair.si\\\/hr\\\/\"},{\"@type\":\"ListItem\",\"position\":2,\"name\":\"Trgovina\",\"item\":\"https:\\\/\\\/clair.si\\\/trgovina\\\/\"},{\"@type\":\"ListItem\",\"position\":3,\"name\":\"Nadhla\u010de E-T Sona\"}]},{\"@type\":\"WebSite\",\"@id\":\"https:\\\/\\\/clair.si\\\/#website\",\"url\":\"https:\\\/\\\/clair.si\\\/\",\"name\":\"Clair\",\"description\":\"Trgovina s konjeni\u0161ko opremo\",\"publisher\":{\"@id\":\"https:\\\/\\\/clair.si\\\/#organization\"},\"potentialAction\":[{\"@type\":\"SearchAction\",\"target\":{\"@type\":\"EntryPoint\",\"urlTemplate\":\"https:\\\/\\\/clair.si\\\/?s={search_term_string}\"},\"query-input\":{\"@type\":\"PropertyValueSpecification\",\"valueRequired\":true,\"valueName\":\"search_term_string\"}}],\"inLanguage\":\"hr\"},{\"@type\":\"Organization\",\"@id\":\"https:\\\/\\\/clair.si\\\/#organization\",\"name\":\"Clair\",\"url\":\"https:\\\/\\\/clair.si\\\/\",\"logo\":{\"@type\":\"ImageObject\",\"inLanguage\":\"hr\",\"@id\":\"https:\\\/\\\/clair.si\\\/#\\\/schema\\\/logo\\\/image\\\/\",\"url\":\"https:\\\/\\\/clair.si\\\/wp-content\\\/uploads\\\/2022\\\/11\\\/clair_logo_2022.jpg\",\"contentUrl\":\"https:\\\/\\\/clair.si\\\/wp-content\\\/uploads\\\/2022\\\/11\\\/clair_logo_2022.jpg\",\"width\":1920,\"height\":1920,\"caption\":\"Clair\"},\"image\":{\"@id\":\"https:\\\/\\\/clair.si\\\/#\\\/schema\\\/logo\\\/image\\\/\"},\"sameAs\":[\"https:\\\/\\\/www.facebook.com\\\/TrgovinaClair\\\/\"]}]}<\/script>\n<!-- \/ Yoast SEO plugin. -->","yoast_head_json":{"title":"Nadhla\u010de E-T Sona - Clair","description":"za upotrebu po ki\u0161i  prije natjecanja, kako bi se za\u0161titile snje\u017eno bijele hla\u010de ;)","robots":{"index":"index","follow":"follow","max-snippet":"max-snippet:-1","max-image-preview":"max-image-preview:large","max-video-preview":"max-video-preview:-1"},"canonical":"https:\/\/clair.si\/hr\/izdelek\/nadhlace-e-t-sona\/","og_locale":"hr_HR","og_type":"article","og_title":"Nadhla\u010de E-T Sona - Clair","og_description":"za upotrebu po ki\u0161i  prije natjecanja, kako bi se za\u0161titile snje\u017eno bijele hla\u010de ;)","og_url":"https:\/\/clair.si\/hr\/izdelek\/nadhlace-e-t-sona\/","og_site_name":"Clair","article_publisher":"https:\/\/www.facebook.com\/TrgovinaClair\/","article_modified_time":"2026-02-24T19:12:02+00:00","og_image":[{"width":700,"height":700,"url":"https:\/\/clair.si\/wp-content\/uploads\/2026\/01\/Untitled-design-2026-01-22T113224.613.webp","type":"image\/png"}],"twitter_card":"summary_large_image","twitter_misc":{"Procijenjeno vrijeme \u010ditanja":"1 minuta"},"schema":{"@context":"https:\/\/schema.org","@graph":[{"@type":"WebPage","@id":"https:\/\/clair.si\/hr\/izdelek\/nadhlace-e-t-sona\/","url":"https:\/\/clair.si\/hr\/izdelek\/nadhlace-e-t-sona\/","name":"Nadhla\u010de E-T Sona - Clair","isPartOf":{"@id":"https:\/\/clair.si\/#website"},"primaryImageOfPage":{"@id":"https:\/\/clair.si\/hr\/izdelek\/nadhlace-e-t-sona\/#primaryimage"},"image":{"@id":"https:\/\/clair.si\/hr\/izdelek\/nadhlace-e-t-sona\/#primaryimage"},"thumbnailUrl":"https:\/\/clair.si\/wp-content\/uploads\/2026\/01\/Untitled-design-2026-01-22T113224.613.webp","datePublished":"2026-01-22T10:37:44+00:00","dateModified":"2026-02-24T19:12:02+00:00","description":"za upotrebu po ki\u0161i prije natjecanja, kako bi se za\u0161titile snje\u017eno bijele hla\u010de ;)","breadcrumb":{"@id":"https:\/\/clair.si\/hr\/izdelek\/nadhlace-e-t-sona\/#breadcrumb"},"inLanguage":"hr","potentialAction":[{"@type":"ReadAction","target":["https:\/\/clair.si\/hr\/izdelek\/nadhlace-e-t-sona\/"]}]},{"@type":"ImageObject","inLanguage":"hr","@id":"https:\/\/clair.si\/hr\/izdelek\/nadhlace-e-t-sona\/#primaryimage","url":"https:\/\/clair.si\/wp-content\/uploads\/2026\/01\/Untitled-design-2026-01-22T113224.613.webp","contentUrl":"https:\/\/clair.si\/wp-content\/uploads\/2026\/01\/Untitled-design-2026-01-22T113224.613.webp","width":700,"height":700},{"@type":"BreadcrumbList","@id":"https:\/\/clair.si\/hr\/izdelek\/nadhlace-e-t-sona\/#breadcrumb","itemListElement":[{"@type":"ListItem","position":1,"name":"Home","item":"https:\/\/clair.si\/hr\/"},{"@type":"ListItem","position":2,"name":"Trgovina","item":"https:\/\/clair.si\/trgovina\/"},{"@type":"ListItem","position":3,"name":"Nadhla\u010de E-T Sona"}]},{"@type":"WebSite","@id":"https:\/\/clair.si\/#website","url":"https:\/\/clair.si\/","name":"Clair","description":"Trgovina s konjeni\u0161ko opremo","publisher":{"@id":"https:\/\/clair.si\/#organization"},"potentialAction":[{"@type":"SearchAction","target":{"@type":"EntryPoint","urlTemplate":"https:\/\/clair.si\/?s={search_term_string}"},"query-input":{"@type":"PropertyValueSpecification","valueRequired":true,"valueName":"search_term_string"}}],"inLanguage":"hr"},{"@type":"Organization","@id":"https:\/\/clair.si\/#organization","name":"Clair","url":"https:\/\/clair.si\/","logo":{"@type":"ImageObject","inLanguage":"hr","@id":"https:\/\/clair.si\/#\/schema\/logo\/image\/","url":"https:\/\/clair.si\/wp-content\/uploads\/2022\/11\/clair_logo_2022.jpg","contentUrl":"https:\/\/clair.si\/wp-content\/uploads\/2022\/11\/clair_logo_2022.jpg","width":1920,"height":1920,"caption":"Clair"},"image":{"@id":"https:\/\/clair.si\/#\/schema\/logo\/image\/"},"sameAs":["https:\/\/www.facebook.com\/TrgovinaClair\/"]}]}},"_links":{"self":[{"href":"https:\/\/clair.si\/hr\/wp-json\/wp\/v2\/product\/131420","targetHints":{"allow":["GET"]}}],"collection":[{"href":"https:\/\/clair.si\/hr\/wp-json\/wp\/v2\/product"}],"about":[{"href":"https:\/\/clair.si\/hr\/wp-json\/wp\/v2\/types\/product"}],"version-history":[{"count":2,"href":"https:\/\/clair.si\/hr\/wp-json\/wp\/v2\/product\/131420\/revisions"}],"predecessor-version":[{"id":131591,"href":"https:\/\/clair.si\/hr\/wp-json\/wp\/v2\/product\/131420\/revisions\/131591"}],"wp:featuredmedia":[{"embeddable":true,"href":"https:\/\/clair.si\/hr\/wp-json\/wp\/v2\/media\/131424"}],"wp:attachment":[{"href":"https:\/\/clair.si\/hr\/wp-json\/wp\/v2\/media?parent=131420"}],"wp:term":[{"taxonomy":"product_brand","embeddable":true,"href":"https:\/\/clair.si\/hr\/wp-json\/wp\/v2\/product_brand?post=131420"},{"taxonomy":"product_cat","embeddable":true,"href":"https:\/\/clair.si\/hr\/wp-json\/wp\/v2\/product_cat?post=131420"},{"taxonomy":"product_tag","embeddable":true,"href":"https:\/\/clair.si\/hr\/wp-json\/wp\/v2\/product_tag?post=131420"}],"curies":[{"name":"wp","href":"https:\/\/api.w.org\/{rel}","templated":true}]}}