{"id":131430,"date":"2026-01-12T12:41:34","date_gmt":"2026-01-12T11:41:34","guid":{"rendered":"https:\/\/clair.si\/izdelek\/marstall-mineralorganic\/"},"modified":"2026-01-12T12:41:34","modified_gmt":"2026-01-12T11:41:34","slug":"marstall-mineralorganic","status":"publish","type":"product","link":"https:\/\/clair.si\/hr\/izdelek\/marstall-mineralorganic\/","title":{"rendered":"Marstall MineralOrganic+"},"content":{"rendered":"<h2 data-start=\"0\" data-end=\"101\">Marstall MineralOrganic+ \u2013 organski mineralni dodatak bez \u017eitarica s aminokiselinama<\/h2>\n<p data-start=\"103\" data-end=\"541\"><strong data-start=\"103\" data-end=\"131\">Marstall MineralOrganic+<\/strong> je mineralna hrana <strong data-start=\"135\" data-end=\"163\">bez \u017eitarica i melase<\/strong> u <strong data-start=\"181\" data-end=\"200\">ukusnim peletima<\/strong>, osmi\u0161ljena za <strong data-start=\"215\" data-end=\"234\">cjelovito, cjelogodi\u0161nje<\/strong> dopunjavanje obroka na bazi sijena. Naglasak je na <strong data-start=\"288\" data-end=\"322\">organskim elementima u tragovima<\/strong>, <strong data-start=\"324\" data-end=\"347\">organskom magneziju<\/strong>, va\u017enim <strong data-start=\"359\" data-end=\"372\">vitaminima<\/strong> te <strong data-start=\"377\" data-end=\"442\">100 % iskoristivim aminokiselinama<\/strong> \u2013 za u\u010dinkovitu potporu organizmu bez balasta. <\/p>\n<h3 data-start=\"543\" data-end=\"569\">Za\u0161to MineralOrganic+?<\/h3>\n<ul data-start=\"570\" data-end=\"1375\">\n<li data-start=\"570\" data-end=\"699\">\n<p data-start=\"572\" data-end=\"699\"><strong data-start=\"572\" data-end=\"599\">Bez \u017eitarica i bez melase<\/strong> \u2192 prikladno za konje osjetljive na \u017eitarice\/\u0161e\u0107er.<\/p>\n<\/li>\n<li data-start=\"700\" data-end=\"850\">\n<p data-start=\"702\" data-end=\"850\"><strong data-start=\"702\" data-end=\"775\">Organski elementi u tragovima (glicinati) + selen u obliku selen-kvasca<\/strong> \u2192 visoka biolo\u0161ka raspolo\u017eivost.<\/p>\n<\/li>\n<li data-start=\"851\" data-end=\"1050\">\n<p data-start=\"853\" data-end=\"1050\"><strong data-start=\"853\" data-end=\"890\">Aminokiseline sa 100 % iskoristivosti<\/strong> (npr. lizin, treonin, metionin + cistein) \u2192 smislen dodatak obrocima u kojima mo\u017ee nedostajati aminokiselina.<\/p>\n<\/li>\n<li data-start=\"1051\" data-end=\"1250\">\n<p data-start=\"1053\" data-end=\"1250\"><strong data-start=\"1053\" data-end=\"1091\">MOS (stijenke stanica pivskog kvasca)<\/strong> za potporu crijevnoj flori; prisutni su i <strong data-start=\"1136\" data-end=\"1150\">vitamini B<\/strong> za klju\u010dne procese (npr. imunosna potpora, stani\u010dni procesi).<\/p>\n<\/li>\n<li data-start=\"1251\" data-end=\"1375\">\n<p data-start=\"1253\" data-end=\"1375\"><strong data-start=\"1253\" data-end=\"1263\">Peleti<\/strong> (ne prah) \u2013 konji ih radije jedu, manji gubitci.<\/p>\n<\/li>\n<\/ul>\n<h3 data-start=\"1377\" data-end=\"1437\">Namjena?<\/h3>\n<ul data-start=\"1438\" data-end=\"1898\">\n<li data-start=\"1438\" data-end=\"1581\">\n<p data-start=\"1440\" data-end=\"1581\">kao <strong data-start=\"1444\" data-end=\"1485\">osnovni mineralno-vitaminski \u201etemelj\u201d<\/strong> kod obroka na bazi sijena.<\/p>\n<\/li>\n<li data-start=\"1582\" data-end=\"1752\">\n<p data-start=\"1584\" data-end=\"1752\">za <strong data-start=\"1587\" data-end=\"1604\">sportske konje<\/strong>, <strong data-start=\"1606\" data-end=\"1624\">starije konje<\/strong>, te tako\u0111er <strong data-start=\"1635\" data-end=\"1686\">uzgojne kobile\/pastuhe, \u017edrebad i mlade konje<\/strong>.<\/p>\n<\/li>\n<li data-start=\"1753\" data-end=\"1898\">\n<p data-start=\"1755\" data-end=\"1898\">kao dopuna kada se <strong data-start=\"1776\" data-end=\"1791\">sijeno nama\u010de<\/strong>.<\/p>\n<\/li>\n<\/ul>\n<p>&nbsp;<\/p>\n<h3>Sastav<\/h3>\n<p>Trava, su\u0161ena na visokoj temperaturi; su\u0161ena komina gro\u017e\u0111a; stijenke stanica pivskog kvasca (Saccharomyces cerevisiae) (11,00 %); monokalcijev fosfat; morska alga (6,00 %); natrijev klorid; magnezijev fumarat (3,00 %); magnezijev oksid; biljno ulje (rafinirano repi\u010dino).<\/p>\n","protected":false},"excerpt":{"rendered":"<ul>\n<li>BEZ \u017eitarica i BEZ melase<\/li>\n<li>potpuno mineraliziran dodatak s cijelim spektrom aminokiselina<\/li>\n<li>zaokru\u017een dodatak za konje koji se hrane prvenstveno sijenom<\/li>\n<\/ul>\n","protected":false},"featured_media":124537,"template":"","meta":{"footnotes":""},"product_brand":[],"product_cat":[6090,5657,5710,6089,5769],"product_tag":[],"class_list":{"0":"post-131430","1":"product","2":"type-product","3":"status-publish","4":"has-post-thumbnail","6":"product_cat-bez-zitarica","7":"product_cat-kategorije-hr","8":"product_cat-hrana-za-konje-hr","9":"product_cat-marstall-hr","10":"product_cat-must-have","12":"first","13":"instock","14":"shipping-taxable","15":"purchasable","16":"product-type-simple"},"yoast_head":"<!-- This site is optimized with the Yoast SEO plugin v27.3 - https:\/\/yoast.com\/product\/yoast-seo-wordpress\/ -->\n<title>Marstall MineralOrganic+ - Clair<\/title>\n<meta name=\"description\" content=\"BEZ \u017eitarica i BEZ melase  potpuno mineraliziran dodatak s cijelim spektrom aminokiselina  zaokru\u017een dodatak za konje koji se hrane prvenstveno sijenom\" \/>\n<meta name=\"robots\" content=\"index, follow, max-snippet:-1, max-image-preview:large, max-video-preview:-1\" \/>\n<link rel=\"canonical\" href=\"https:\/\/clair.si\/hr\/izdelek\/marstall-mineralorganic\/\" \/>\n<meta property=\"og:locale\" content=\"hr_HR\" \/>\n<meta property=\"og:type\" content=\"article\" \/>\n<meta property=\"og:title\" content=\"Marstall MineralOrganic+ - Clair\" \/>\n<meta property=\"og:description\" content=\"BEZ \u017eitarica i BEZ melase  potpuno mineraliziran dodatak s cijelim spektrom aminokiselina  zaokru\u017een dodatak za konje koji se hrane prvenstveno sijenom\" \/>\n<meta property=\"og:url\" content=\"https:\/\/clair.si\/hr\/izdelek\/marstall-mineralorganic\/\" \/>\n<meta property=\"og:site_name\" content=\"Clair\" \/>\n<meta property=\"article:publisher\" content=\"https:\/\/www.facebook.com\/TrgovinaClair\/\" \/>\n<meta property=\"og:image\" content=\"https:\/\/clair.si\/wp-content\/uploads\/2026\/01\/mineral-organic-clair-marstall.webp\" \/>\n\t<meta property=\"og:image:width\" content=\"440\" \/>\n\t<meta property=\"og:image:height\" content=\"440\" \/>\n\t<meta property=\"og:image:type\" content=\"image\/png\" \/>\n<meta name=\"twitter:card\" content=\"summary_large_image\" \/>\n<meta name=\"twitter:label1\" content=\"Procijenjeno vrijeme \u010ditanja\" \/>\n\t<meta name=\"twitter:data1\" content=\"1 minuta\" \/>\n<script type=\"application\/ld+json\" class=\"yoast-schema-graph\">{\"@context\":\"https:\\\/\\\/schema.org\",\"@graph\":[{\"@type\":\"WebPage\",\"@id\":\"https:\\\/\\\/clair.si\\\/hr\\\/izdelek\\\/marstall-mineralorganic\\\/\",\"url\":\"https:\\\/\\\/clair.si\\\/hr\\\/izdelek\\\/marstall-mineralorganic\\\/\",\"name\":\"Marstall MineralOrganic+ - Clair\",\"isPartOf\":{\"@id\":\"https:\\\/\\\/clair.si\\\/#website\"},\"primaryImageOfPage\":{\"@id\":\"https:\\\/\\\/clair.si\\\/hr\\\/izdelek\\\/marstall-mineralorganic\\\/#primaryimage\"},\"image\":{\"@id\":\"https:\\\/\\\/clair.si\\\/hr\\\/izdelek\\\/marstall-mineralorganic\\\/#primaryimage\"},\"thumbnailUrl\":\"https:\\\/\\\/clair.si\\\/wp-content\\\/uploads\\\/2026\\\/01\\\/mineral-organic-clair-marstall.webp\",\"datePublished\":\"2026-01-12T11:41:34+00:00\",\"description\":\"BEZ \u017eitarica i BEZ melase potpuno mineraliziran dodatak s cijelim spektrom aminokiselina zaokru\u017een dodatak za konje koji se hrane prvenstveno sijenom\",\"breadcrumb\":{\"@id\":\"https:\\\/\\\/clair.si\\\/hr\\\/izdelek\\\/marstall-mineralorganic\\\/#breadcrumb\"},\"inLanguage\":\"hr\",\"potentialAction\":[{\"@type\":\"ReadAction\",\"target\":[\"https:\\\/\\\/clair.si\\\/hr\\\/izdelek\\\/marstall-mineralorganic\\\/\"]}]},{\"@type\":\"ImageObject\",\"inLanguage\":\"hr\",\"@id\":\"https:\\\/\\\/clair.si\\\/hr\\\/izdelek\\\/marstall-mineralorganic\\\/#primaryimage\",\"url\":\"https:\\\/\\\/clair.si\\\/wp-content\\\/uploads\\\/2026\\\/01\\\/mineral-organic-clair-marstall.webp\",\"contentUrl\":\"https:\\\/\\\/clair.si\\\/wp-content\\\/uploads\\\/2026\\\/01\\\/mineral-organic-clair-marstall.webp\",\"width\":440,\"height\":440},{\"@type\":\"BreadcrumbList\",\"@id\":\"https:\\\/\\\/clair.si\\\/hr\\\/izdelek\\\/marstall-mineralorganic\\\/#breadcrumb\",\"itemListElement\":[{\"@type\":\"ListItem\",\"position\":1,\"name\":\"Home\",\"item\":\"https:\\\/\\\/clair.si\\\/hr\\\/\"},{\"@type\":\"ListItem\",\"position\":2,\"name\":\"Trgovina\",\"item\":\"https:\\\/\\\/clair.si\\\/trgovina\\\/\"},{\"@type\":\"ListItem\",\"position\":3,\"name\":\"Marstall MineralOrganic+\"}]},{\"@type\":\"WebSite\",\"@id\":\"https:\\\/\\\/clair.si\\\/#website\",\"url\":\"https:\\\/\\\/clair.si\\\/\",\"name\":\"Clair\",\"description\":\"Trgovina s konjeni\u0161ko opremo\",\"publisher\":{\"@id\":\"https:\\\/\\\/clair.si\\\/#organization\"},\"potentialAction\":[{\"@type\":\"SearchAction\",\"target\":{\"@type\":\"EntryPoint\",\"urlTemplate\":\"https:\\\/\\\/clair.si\\\/?s={search_term_string}\"},\"query-input\":{\"@type\":\"PropertyValueSpecification\",\"valueRequired\":true,\"valueName\":\"search_term_string\"}}],\"inLanguage\":\"hr\"},{\"@type\":\"Organization\",\"@id\":\"https:\\\/\\\/clair.si\\\/#organization\",\"name\":\"Clair\",\"url\":\"https:\\\/\\\/clair.si\\\/\",\"logo\":{\"@type\":\"ImageObject\",\"inLanguage\":\"hr\",\"@id\":\"https:\\\/\\\/clair.si\\\/#\\\/schema\\\/logo\\\/image\\\/\",\"url\":\"https:\\\/\\\/clair.si\\\/wp-content\\\/uploads\\\/2022\\\/11\\\/clair_logo_2022.jpg\",\"contentUrl\":\"https:\\\/\\\/clair.si\\\/wp-content\\\/uploads\\\/2022\\\/11\\\/clair_logo_2022.jpg\",\"width\":1920,\"height\":1920,\"caption\":\"Clair\"},\"image\":{\"@id\":\"https:\\\/\\\/clair.si\\\/#\\\/schema\\\/logo\\\/image\\\/\"},\"sameAs\":[\"https:\\\/\\\/www.facebook.com\\\/TrgovinaClair\\\/\"]}]}<\/script>\n<!-- \/ Yoast SEO plugin. -->","yoast_head_json":{"title":"Marstall MineralOrganic+ - Clair","description":"BEZ \u017eitarica i BEZ melase  potpuno mineraliziran dodatak s cijelim spektrom aminokiselina  zaokru\u017een dodatak za konje koji se hrane prvenstveno sijenom","robots":{"index":"index","follow":"follow","max-snippet":"max-snippet:-1","max-image-preview":"max-image-preview:large","max-video-preview":"max-video-preview:-1"},"canonical":"https:\/\/clair.si\/hr\/izdelek\/marstall-mineralorganic\/","og_locale":"hr_HR","og_type":"article","og_title":"Marstall MineralOrganic+ - Clair","og_description":"BEZ \u017eitarica i BEZ melase  potpuno mineraliziran dodatak s cijelim spektrom aminokiselina  zaokru\u017een dodatak za konje koji se hrane prvenstveno sijenom","og_url":"https:\/\/clair.si\/hr\/izdelek\/marstall-mineralorganic\/","og_site_name":"Clair","article_publisher":"https:\/\/www.facebook.com\/TrgovinaClair\/","og_image":[{"width":440,"height":440,"url":"https:\/\/clair.si\/wp-content\/uploads\/2026\/01\/mineral-organic-clair-marstall.webp","type":"image\/png"}],"twitter_card":"summary_large_image","twitter_misc":{"Procijenjeno vrijeme \u010ditanja":"1 minuta"},"schema":{"@context":"https:\/\/schema.org","@graph":[{"@type":"WebPage","@id":"https:\/\/clair.si\/hr\/izdelek\/marstall-mineralorganic\/","url":"https:\/\/clair.si\/hr\/izdelek\/marstall-mineralorganic\/","name":"Marstall MineralOrganic+ - Clair","isPartOf":{"@id":"https:\/\/clair.si\/#website"},"primaryImageOfPage":{"@id":"https:\/\/clair.si\/hr\/izdelek\/marstall-mineralorganic\/#primaryimage"},"image":{"@id":"https:\/\/clair.si\/hr\/izdelek\/marstall-mineralorganic\/#primaryimage"},"thumbnailUrl":"https:\/\/clair.si\/wp-content\/uploads\/2026\/01\/mineral-organic-clair-marstall.webp","datePublished":"2026-01-12T11:41:34+00:00","description":"BEZ \u017eitarica i BEZ melase potpuno mineraliziran dodatak s cijelim spektrom aminokiselina zaokru\u017een dodatak za konje koji se hrane prvenstveno sijenom","breadcrumb":{"@id":"https:\/\/clair.si\/hr\/izdelek\/marstall-mineralorganic\/#breadcrumb"},"inLanguage":"hr","potentialAction":[{"@type":"ReadAction","target":["https:\/\/clair.si\/hr\/izdelek\/marstall-mineralorganic\/"]}]},{"@type":"ImageObject","inLanguage":"hr","@id":"https:\/\/clair.si\/hr\/izdelek\/marstall-mineralorganic\/#primaryimage","url":"https:\/\/clair.si\/wp-content\/uploads\/2026\/01\/mineral-organic-clair-marstall.webp","contentUrl":"https:\/\/clair.si\/wp-content\/uploads\/2026\/01\/mineral-organic-clair-marstall.webp","width":440,"height":440},{"@type":"BreadcrumbList","@id":"https:\/\/clair.si\/hr\/izdelek\/marstall-mineralorganic\/#breadcrumb","itemListElement":[{"@type":"ListItem","position":1,"name":"Home","item":"https:\/\/clair.si\/hr\/"},{"@type":"ListItem","position":2,"name":"Trgovina","item":"https:\/\/clair.si\/trgovina\/"},{"@type":"ListItem","position":3,"name":"Marstall MineralOrganic+"}]},{"@type":"WebSite","@id":"https:\/\/clair.si\/#website","url":"https:\/\/clair.si\/","name":"Clair","description":"Trgovina s konjeni\u0161ko opremo","publisher":{"@id":"https:\/\/clair.si\/#organization"},"potentialAction":[{"@type":"SearchAction","target":{"@type":"EntryPoint","urlTemplate":"https:\/\/clair.si\/?s={search_term_string}"},"query-input":{"@type":"PropertyValueSpecification","valueRequired":true,"valueName":"search_term_string"}}],"inLanguage":"hr"},{"@type":"Organization","@id":"https:\/\/clair.si\/#organization","name":"Clair","url":"https:\/\/clair.si\/","logo":{"@type":"ImageObject","inLanguage":"hr","@id":"https:\/\/clair.si\/#\/schema\/logo\/image\/","url":"https:\/\/clair.si\/wp-content\/uploads\/2022\/11\/clair_logo_2022.jpg","contentUrl":"https:\/\/clair.si\/wp-content\/uploads\/2022\/11\/clair_logo_2022.jpg","width":1920,"height":1920,"caption":"Clair"},"image":{"@id":"https:\/\/clair.si\/#\/schema\/logo\/image\/"},"sameAs":["https:\/\/www.facebook.com\/TrgovinaClair\/"]}]}},"_links":{"self":[{"href":"https:\/\/clair.si\/hr\/wp-json\/wp\/v2\/product\/131430","targetHints":{"allow":["GET"]}}],"collection":[{"href":"https:\/\/clair.si\/hr\/wp-json\/wp\/v2\/product"}],"about":[{"href":"https:\/\/clair.si\/hr\/wp-json\/wp\/v2\/types\/product"}],"version-history":[{"count":0,"href":"https:\/\/clair.si\/hr\/wp-json\/wp\/v2\/product\/131430\/revisions"}],"wp:featuredmedia":[{"embeddable":true,"href":"https:\/\/clair.si\/hr\/wp-json\/wp\/v2\/media\/124537"}],"wp:attachment":[{"href":"https:\/\/clair.si\/hr\/wp-json\/wp\/v2\/media?parent=131430"}],"wp:term":[{"taxonomy":"product_brand","embeddable":true,"href":"https:\/\/clair.si\/hr\/wp-json\/wp\/v2\/product_brand?post=131430"},{"taxonomy":"product_cat","embeddable":true,"href":"https:\/\/clair.si\/hr\/wp-json\/wp\/v2\/product_cat?post=131430"},{"taxonomy":"product_tag","embeddable":true,"href":"https:\/\/clair.si\/hr\/wp-json\/wp\/v2\/product_tag?post=131430"}],"curies":[{"name":"wp","href":"https:\/\/api.w.org\/{rel}","templated":true}]}}