{"id":131431,"date":"2026-01-21T15:12:32","date_gmt":"2026-01-21T14:12:32","guid":{"rendered":"https:\/\/clair.si\/izdelek\/naf-vitamin-e-selen\/"},"modified":"2026-02-24T19:58:18","modified_gmt":"2026-02-24T18:58:18","slug":"naf-vitamin-e-selen","status":"publish","type":"product","link":"https:\/\/clair.si\/hr\/izdelek\/naf-vitamin-e-selen\/","title":{"rendered":"NAF Vitamin E &amp; Selen"},"content":{"rendered":"<p data-start=\"52\" data-end=\"512\"><strong data-start=\"52\" data-end=\"85\">NAF Vitamin E &amp; Selenium Plus<\/strong> ciljani je dodatak za <strong data-start=\"116\" data-end=\"154\">podr\u0161ku mi\u0161i\u0107noj i \u017eiv\u010danoj funkciji<\/strong> te <strong data-start=\"159\" data-end=\"186\">antioksidativnu za\u0161titu<\/strong> kod konja i ponija. Kombinacija <strong data-start=\"222\" data-end=\"280\">vitamina E, selena (iz seleniziranog kvasca) i lizina<\/strong> podr\u017eava metabolizam, rad \u0161titnja\u010de te poma\u017ee u odr\u017eavanju stabilnih stani\u010dnih membrana i zdravog mi\u0161i\u0107nog tkiva \u2013 posebno korisno u razdobljima ve\u0107ih optere\u0107enja ili kod nedostatka selena u okoli\u0161u.<\/p>\n<p data-start=\"52\" data-end=\"512\"><strong>Sastav:<\/strong> Dekstroza, sojino bra\u0161no (toplinski obra\u0111eno), pivski kvasac, repi\u010dino ulje (rafinirano).<\/p>\n<ul data-start=\"1209\" data-end=\"1465\">\n<li data-start=\"1209\" data-end=\"1272\">\n<p data-start=\"1211\" data-end=\"1272\"><strong data-start=\"1211\" data-end=\"1228\">Aminokiseline:<\/strong> L-lizin monohidroklorid (3c322) 43.300 mg<\/p>\n<\/li>\n<li data-start=\"1273\" data-end=\"1381\">\n<p data-start=\"1275\" data-end=\"1381\"><strong data-start=\"1275\" data-end=\"1299\">Elementi u tragovima:<\/strong> selen (selenizirani kvasac <em data-start=\"1324\" data-end=\"1350\">Saccharomyces cerevisiae<\/em> CNCM I-3060, 3b810) 11,70 mg<\/p>\n<\/li>\n<li data-start=\"1382\" data-end=\"1465\">\n<p data-start=\"1384\" data-end=\"1465\"><strong data-start=\"1384\" data-end=\"1397\">Vitamini:<\/strong> vitamin E (3a700) 45.000 I.U.<\/p>\n<\/li>\n<\/ul>\n<h4 data-start=\"1603\" data-end=\"1612\">Kako hraniti?<\/h4>\n<p><strong>Konji:<\/strong><\/p>\n<ul data-start=\"1613\" data-end=\"1755\">\n<li data-start=\"1613\" data-end=\"1675\">\n<p data-start=\"1615\" data-end=\"1675\"><strong data-start=\"1615\" data-end=\"1650\">Po\u010detna doza (7\u201310 dana):<\/strong> 45 g \/ 3 mjerice na dan<\/p>\n<\/li>\n<li data-start=\"1676\" data-end=\"1755\">\n<p data-start=\"1678\" data-end=\"1755\"><strong data-start=\"1678\" data-end=\"1694\">Odr\u017eavanje:<\/strong> 30 g \/ 2 mjerice na dan<\/p>\n<\/li>\n<\/ul>\n<p data-start=\"1757\" data-end=\"1767\"><strong>Poniji:<\/strong><\/p>\n<ul data-start=\"1768\" data-end=\"1910\">\n<li data-start=\"1768\" data-end=\"1830\">\n<p data-start=\"1770\" data-end=\"1830\"><strong data-start=\"1770\" data-end=\"1805\">Po\u010detna doza (7\u201310 dana):<\/strong> 30 g \/ 2 mjerice na dan<\/p>\n<\/li>\n<li data-start=\"1831\" data-end=\"1910\">\n<p data-start=\"1833\" data-end=\"1910\"><strong data-start=\"1833\" data-end=\"1849\">Odr\u017eavanje:<\/strong> 15 g \/ 1 mjerica na dan<\/p>\n<\/li>\n<\/ul>\n<p data-start=\"1912\" data-end=\"2085\">* Po\u010detna doza koristi se u razdobljima vrhunca optere\u0107enja ili kao pristup odr\u017eavanju kada je prepoznat nizak status selena.<\/p>\n","protected":false},"excerpt":{"rendered":"<ul>\n<li>dodatna podr\u0161ka mi\u0161i\u0107ima i \u017eivcima<\/li>\n<li>izvrsno u slu\u010daju nedostatka selena<\/li>\n<\/ul>\n","protected":false},"featured_media":131587,"template":"","meta":{"footnotes":""},"product_brand":[],"product_cat":[5657,5710,5769,5784,5712],"product_tag":[],"class_list":{"0":"post-131431","1":"product","2":"type-product","3":"status-publish","4":"has-post-thumbnail","6":"product_cat-kategorije-hr","7":"product_cat-hrana-za-konje-hr","8":"product_cat-must-have","9":"product_cat-naf-prehrambeni-dodaci","10":"product_cat-prehrambeni-dodaci","12":"first","13":"instock","14":"shipping-taxable","15":"purchasable","16":"product-type-variable"},"yoast_head":"<!-- This site is optimized with the Yoast SEO plugin v27.4 - https:\/\/yoast.com\/product\/yoast-seo-wordpress\/ -->\n<title>NAF Vitamin E &amp; Selen - Clair<\/title>\n<meta name=\"description\" content=\"dodatna podr\u0161ka mi\u0161i\u0107ima i \u017eivcima  izvrsno u slu\u010daju nedostatka selena\" \/>\n<meta name=\"robots\" content=\"index, follow, max-snippet:-1, max-image-preview:large, max-video-preview:-1\" \/>\n<link rel=\"canonical\" href=\"https:\/\/clair.si\/izdelek\/naf-vitamin-e-selen\/\" \/>\n<meta property=\"og:locale\" content=\"hr_HR\" \/>\n<meta property=\"og:type\" content=\"article\" \/>\n<meta property=\"og:title\" content=\"NAF Vitamin E &amp; Selen - Clair\" \/>\n<meta property=\"og:description\" content=\"dodatna podr\u0161ka mi\u0161i\u0107ima i \u017eivcima  izvrsno u slu\u010daju nedostatka selena\" \/>\n<meta property=\"og:url\" content=\"https:\/\/clair.si\/izdelek\/naf-vitamin-e-selen\/\" \/>\n<meta property=\"og:site_name\" content=\"Clair\" \/>\n<meta property=\"article:publisher\" content=\"https:\/\/www.facebook.com\/TrgovinaClair\/\" \/>\n<meta property=\"article:modified_time\" content=\"2026-02-24T18:58:18+00:00\" \/>\n<meta property=\"og:image\" content=\"https:\/\/clair.si\/wp-content\/uploads\/2026\/01\/naf-complementary-feed-vitamine-e-selenium-plus.webp\" \/>\n\t<meta property=\"og:image:width\" content=\"800\" \/>\n\t<meta property=\"og:image:height\" content=\"800\" \/>\n\t<meta property=\"og:image:type\" content=\"image\/jpeg\" \/>\n<meta name=\"twitter:card\" content=\"summary_large_image\" \/>\n<meta name=\"twitter:label1\" content=\"Procijenjeno vrijeme \u010ditanja\" \/>\n\t<meta name=\"twitter:data1\" content=\"2 minute\" \/>\n<script type=\"application\/ld+json\" class=\"yoast-schema-graph\">{\"@context\":\"https:\\\/\\\/schema.org\",\"@graph\":[{\"@type\":\"WebPage\",\"@id\":\"https:\\\/\\\/clair.si\\\/izdelek\\\/naf-vitamin-e-selen\\\/\",\"url\":\"https:\\\/\\\/clair.si\\\/izdelek\\\/naf-vitamin-e-selen\\\/\",\"name\":\"NAF Vitamin E &amp; Selen - Clair\",\"isPartOf\":{\"@id\":\"https:\\\/\\\/clair.si\\\/#website\"},\"primaryImageOfPage\":{\"@id\":\"https:\\\/\\\/clair.si\\\/izdelek\\\/naf-vitamin-e-selen\\\/#primaryimage\"},\"image\":{\"@id\":\"https:\\\/\\\/clair.si\\\/izdelek\\\/naf-vitamin-e-selen\\\/#primaryimage\"},\"thumbnailUrl\":\"https:\\\/\\\/clair.si\\\/wp-content\\\/uploads\\\/2026\\\/01\\\/naf-complementary-feed-vitamine-e-selenium-plus.webp\",\"datePublished\":\"2026-01-21T14:12:32+00:00\",\"dateModified\":\"2026-02-24T18:58:18+00:00\",\"description\":\"dodatna podr\u0161ka mi\u0161i\u0107ima i \u017eivcima izvrsno u slu\u010daju nedostatka selena\",\"breadcrumb\":{\"@id\":\"https:\\\/\\\/clair.si\\\/izdelek\\\/naf-vitamin-e-selen\\\/#breadcrumb\"},\"inLanguage\":\"hr\",\"potentialAction\":[{\"@type\":\"ReadAction\",\"target\":[\"https:\\\/\\\/clair.si\\\/izdelek\\\/naf-vitamin-e-selen\\\/\"]}]},{\"@type\":\"ImageObject\",\"inLanguage\":\"hr\",\"@id\":\"https:\\\/\\\/clair.si\\\/izdelek\\\/naf-vitamin-e-selen\\\/#primaryimage\",\"url\":\"https:\\\/\\\/clair.si\\\/wp-content\\\/uploads\\\/2026\\\/01\\\/naf-complementary-feed-vitamine-e-selenium-plus.webp\",\"contentUrl\":\"https:\\\/\\\/clair.si\\\/wp-content\\\/uploads\\\/2026\\\/01\\\/naf-complementary-feed-vitamine-e-selenium-plus.webp\",\"width\":800,\"height\":800},{\"@type\":\"BreadcrumbList\",\"@id\":\"https:\\\/\\\/clair.si\\\/izdelek\\\/naf-vitamin-e-selen\\\/#breadcrumb\",\"itemListElement\":[{\"@type\":\"ListItem\",\"position\":1,\"name\":\"Home\",\"item\":\"https:\\\/\\\/clair.si\\\/hr\\\/\"},{\"@type\":\"ListItem\",\"position\":2,\"name\":\"Trgovina\",\"item\":\"https:\\\/\\\/clair.si\\\/trgovina\\\/\"},{\"@type\":\"ListItem\",\"position\":3,\"name\":\"NAF Vitamin E &amp; Selen\"}]},{\"@type\":\"WebSite\",\"@id\":\"https:\\\/\\\/clair.si\\\/#website\",\"url\":\"https:\\\/\\\/clair.si\\\/\",\"name\":\"Clair\",\"description\":\"Trgovina s konjeni\u0161ko opremo\",\"publisher\":{\"@id\":\"https:\\\/\\\/clair.si\\\/#organization\"},\"potentialAction\":[{\"@type\":\"SearchAction\",\"target\":{\"@type\":\"EntryPoint\",\"urlTemplate\":\"https:\\\/\\\/clair.si\\\/?s={search_term_string}\"},\"query-input\":{\"@type\":\"PropertyValueSpecification\",\"valueRequired\":true,\"valueName\":\"search_term_string\"}}],\"inLanguage\":\"hr\"},{\"@type\":\"Organization\",\"@id\":\"https:\\\/\\\/clair.si\\\/#organization\",\"name\":\"Clair\",\"url\":\"https:\\\/\\\/clair.si\\\/\",\"logo\":{\"@type\":\"ImageObject\",\"inLanguage\":\"hr\",\"@id\":\"https:\\\/\\\/clair.si\\\/#\\\/schema\\\/logo\\\/image\\\/\",\"url\":\"https:\\\/\\\/clair.si\\\/wp-content\\\/uploads\\\/2022\\\/11\\\/clair_logo_2022.jpg\",\"contentUrl\":\"https:\\\/\\\/clair.si\\\/wp-content\\\/uploads\\\/2022\\\/11\\\/clair_logo_2022.jpg\",\"width\":1920,\"height\":1920,\"caption\":\"Clair\"},\"image\":{\"@id\":\"https:\\\/\\\/clair.si\\\/#\\\/schema\\\/logo\\\/image\\\/\"},\"sameAs\":[\"https:\\\/\\\/www.facebook.com\\\/TrgovinaClair\\\/\"]}]}<\/script>\n<!-- \/ Yoast SEO plugin. -->","yoast_head_json":{"title":"NAF Vitamin E &amp; Selen - Clair","description":"dodatna podr\u0161ka mi\u0161i\u0107ima i \u017eivcima  izvrsno u slu\u010daju nedostatka selena","robots":{"index":"index","follow":"follow","max-snippet":"max-snippet:-1","max-image-preview":"max-image-preview:large","max-video-preview":"max-video-preview:-1"},"canonical":"https:\/\/clair.si\/izdelek\/naf-vitamin-e-selen\/","og_locale":"hr_HR","og_type":"article","og_title":"NAF Vitamin E &amp; Selen - Clair","og_description":"dodatna podr\u0161ka mi\u0161i\u0107ima i \u017eivcima  izvrsno u slu\u010daju nedostatka selena","og_url":"https:\/\/clair.si\/izdelek\/naf-vitamin-e-selen\/","og_site_name":"Clair","article_publisher":"https:\/\/www.facebook.com\/TrgovinaClair\/","article_modified_time":"2026-02-24T18:58:18+00:00","og_image":[{"width":800,"height":800,"url":"https:\/\/clair.si\/wp-content\/uploads\/2026\/01\/naf-complementary-feed-vitamine-e-selenium-plus.webp","type":"image\/jpeg"}],"twitter_card":"summary_large_image","twitter_misc":{"Procijenjeno vrijeme \u010ditanja":"2 minute"},"schema":{"@context":"https:\/\/schema.org","@graph":[{"@type":"WebPage","@id":"https:\/\/clair.si\/izdelek\/naf-vitamin-e-selen\/","url":"https:\/\/clair.si\/izdelek\/naf-vitamin-e-selen\/","name":"NAF Vitamin E &amp; Selen - Clair","isPartOf":{"@id":"https:\/\/clair.si\/#website"},"primaryImageOfPage":{"@id":"https:\/\/clair.si\/izdelek\/naf-vitamin-e-selen\/#primaryimage"},"image":{"@id":"https:\/\/clair.si\/izdelek\/naf-vitamin-e-selen\/#primaryimage"},"thumbnailUrl":"https:\/\/clair.si\/wp-content\/uploads\/2026\/01\/naf-complementary-feed-vitamine-e-selenium-plus.webp","datePublished":"2026-01-21T14:12:32+00:00","dateModified":"2026-02-24T18:58:18+00:00","description":"dodatna podr\u0161ka mi\u0161i\u0107ima i \u017eivcima izvrsno u slu\u010daju nedostatka selena","breadcrumb":{"@id":"https:\/\/clair.si\/izdelek\/naf-vitamin-e-selen\/#breadcrumb"},"inLanguage":"hr","potentialAction":[{"@type":"ReadAction","target":["https:\/\/clair.si\/izdelek\/naf-vitamin-e-selen\/"]}]},{"@type":"ImageObject","inLanguage":"hr","@id":"https:\/\/clair.si\/izdelek\/naf-vitamin-e-selen\/#primaryimage","url":"https:\/\/clair.si\/wp-content\/uploads\/2026\/01\/naf-complementary-feed-vitamine-e-selenium-plus.webp","contentUrl":"https:\/\/clair.si\/wp-content\/uploads\/2026\/01\/naf-complementary-feed-vitamine-e-selenium-plus.webp","width":800,"height":800},{"@type":"BreadcrumbList","@id":"https:\/\/clair.si\/izdelek\/naf-vitamin-e-selen\/#breadcrumb","itemListElement":[{"@type":"ListItem","position":1,"name":"Home","item":"https:\/\/clair.si\/hr\/"},{"@type":"ListItem","position":2,"name":"Trgovina","item":"https:\/\/clair.si\/trgovina\/"},{"@type":"ListItem","position":3,"name":"NAF Vitamin E &amp; Selen"}]},{"@type":"WebSite","@id":"https:\/\/clair.si\/#website","url":"https:\/\/clair.si\/","name":"Clair","description":"Trgovina s konjeni\u0161ko opremo","publisher":{"@id":"https:\/\/clair.si\/#organization"},"potentialAction":[{"@type":"SearchAction","target":{"@type":"EntryPoint","urlTemplate":"https:\/\/clair.si\/?s={search_term_string}"},"query-input":{"@type":"PropertyValueSpecification","valueRequired":true,"valueName":"search_term_string"}}],"inLanguage":"hr"},{"@type":"Organization","@id":"https:\/\/clair.si\/#organization","name":"Clair","url":"https:\/\/clair.si\/","logo":{"@type":"ImageObject","inLanguage":"hr","@id":"https:\/\/clair.si\/#\/schema\/logo\/image\/","url":"https:\/\/clair.si\/wp-content\/uploads\/2022\/11\/clair_logo_2022.jpg","contentUrl":"https:\/\/clair.si\/wp-content\/uploads\/2022\/11\/clair_logo_2022.jpg","width":1920,"height":1920,"caption":"Clair"},"image":{"@id":"https:\/\/clair.si\/#\/schema\/logo\/image\/"},"sameAs":["https:\/\/www.facebook.com\/TrgovinaClair\/"]}]}},"_links":{"self":[{"href":"https:\/\/clair.si\/hr\/wp-json\/wp\/v2\/product\/131431","targetHints":{"allow":["GET"]}}],"collection":[{"href":"https:\/\/clair.si\/hr\/wp-json\/wp\/v2\/product"}],"about":[{"href":"https:\/\/clair.si\/hr\/wp-json\/wp\/v2\/types\/product"}],"version-history":[{"count":2,"href":"https:\/\/clair.si\/hr\/wp-json\/wp\/v2\/product\/131431\/revisions"}],"predecessor-version":[{"id":131588,"href":"https:\/\/clair.si\/hr\/wp-json\/wp\/v2\/product\/131431\/revisions\/131588"}],"wp:featuredmedia":[{"embeddable":true,"href":"https:\/\/clair.si\/hr\/wp-json\/wp\/v2\/media\/131587"}],"wp:attachment":[{"href":"https:\/\/clair.si\/hr\/wp-json\/wp\/v2\/media?parent=131431"}],"wp:term":[{"taxonomy":"product_brand","embeddable":true,"href":"https:\/\/clair.si\/hr\/wp-json\/wp\/v2\/product_brand?post=131431"},{"taxonomy":"product_cat","embeddable":true,"href":"https:\/\/clair.si\/hr\/wp-json\/wp\/v2\/product_cat?post=131431"},{"taxonomy":"product_tag","embeddable":true,"href":"https:\/\/clair.si\/hr\/wp-json\/wp\/v2\/product_tag?post=131431"}],"curies":[{"name":"wp","href":"https:\/\/api.w.org\/{rel}","templated":true}]}}