{"id":131448,"date":"2026-01-30T12:26:41","date_gmt":"2026-01-30T11:26:41","guid":{"rendered":"https:\/\/clair.si\/izdelek\/mjerac-kopita-tdl\/"},"modified":"2026-02-25T17:21:31","modified_gmt":"2026-02-25T16:21:31","slug":"mjerac-kopita-tdl","status":"publish","type":"product","link":"https:\/\/clair.si\/hr\/izdelek\/mjerac-kopita-tdl\/","title":{"rendered":"Mjera\u010d kopita TDL"},"content":{"rendered":"<p data-start=\"0\" data-end=\"253\">Obrezivanje kopita koje obavlja kova\u010d podrazumijeva uspostavljanje pravilne ravnote\u017ee kopita prema njegovoj morfologiji. Pogre\u0161ka pri obrezivanju mo\u017ee uzrokovati napetosti u zglobovima te posljedi\u010dno nenormalna optere\u0107enja zglobova i deformacije kapsule kopita. <\/p>\n<p data-start=\"255\" data-end=\"498\">Sustav TDL je podesivi mjera\u010d u obliku slova T koji omogu\u0107uje odre\u0111ivanje nagiba \u201cgolenice\/cjevanice\u201d u odnosu na podlogu: dulji krak alata postavlja se iza golenice (cjevanice), a kra\u0107i krak oslanja se na tlo i dodiruje glomove (petne jastu\u010di\u0107e).<\/p>\n<p data-start=\"500\" data-end=\"974\">Podignite nogu, zatim je spustite u prirodan polo\u017eaj, ponovno postavite TDL kao prije te o\u010ditanjem izmjerenog nagiba golenice\/cjevanice u odnosu na tlo procijenite razinu ravnote\u017ee. TDL je zamisao Denisa Leveillarda, me\u0111unarodno priznatog francuskog kova\u010da koji je predavao na brojnim konferencijama, sura\u0111uje kao znanstveni\/tehni\u010dki savjetnik tvrtke Mustad te je i savjetnik pri EFFA-i. <\/p>\n","protected":false},"excerpt":{"rendered":"<ul>\n<li>mjera\u010d za obrezivanje kopita<\/li>\n<\/ul>\n","protected":false},"featured_media":131449,"template":"","meta":{"footnotes":""},"product_brand":[],"product_cat":[6113,5657,5960],"product_tag":[],"class_list":{"0":"post-131448","1":"product","2":"type-product","3":"status-publish","4":"has-post-thumbnail","6":"product_cat-druga-kovacka-oprema","7":"product_cat-kategorije-hr","8":"product_cat-kovacka-oprema","10":"first","11":"instock","12":"sale","13":"shipping-taxable","14":"purchasable","15":"product-type-simple"},"yoast_head":"<!-- This site is optimized with the Yoast SEO plugin v27.4 - https:\/\/yoast.com\/product\/yoast-seo-wordpress\/ -->\n<title>Mjera\u010d kopita TDL - Clair<\/title>\n<meta name=\"description\" content=\"mjera\u010d za obrezivanje kopita\" \/>\n<meta name=\"robots\" content=\"index, follow, max-snippet:-1, max-image-preview:large, max-video-preview:-1\" \/>\n<link rel=\"canonical\" href=\"https:\/\/clair.si\/hr\/izdelek\/mjerac-kopita-tdl\/\" \/>\n<meta property=\"og:locale\" content=\"hr_HR\" \/>\n<meta property=\"og:type\" content=\"article\" \/>\n<meta property=\"og:title\" content=\"Mjera\u010d kopita TDL - Clair\" \/>\n<meta property=\"og:description\" content=\"mjera\u010d za obrezivanje kopita\" \/>\n<meta property=\"og:url\" content=\"https:\/\/clair.si\/hr\/izdelek\/mjerac-kopita-tdl\/\" \/>\n<meta property=\"og:site_name\" content=\"Clair\" \/>\n<meta property=\"article:publisher\" content=\"https:\/\/www.facebook.com\/TrgovinaClair\/\" \/>\n<meta property=\"article:modified_time\" content=\"2026-02-25T16:21:31+00:00\" \/>\n<meta property=\"og:image\" content=\"https:\/\/clair.si\/wp-content\/uploads\/2026\/01\/Untitled-design-2026-02-03T093116.669.webp\" \/>\n\t<meta property=\"og:image:width\" content=\"700\" \/>\n\t<meta property=\"og:image:height\" content=\"700\" \/>\n\t<meta property=\"og:image:type\" content=\"image\/png\" \/>\n<meta name=\"twitter:card\" content=\"summary_large_image\" \/>\n<meta name=\"twitter:label1\" content=\"Procijenjeno vrijeme \u010ditanja\" \/>\n\t<meta name=\"twitter:data1\" content=\"1 minuta\" \/>\n<script type=\"application\/ld+json\" class=\"yoast-schema-graph\">{\"@context\":\"https:\\\/\\\/schema.org\",\"@graph\":[{\"@type\":\"WebPage\",\"@id\":\"https:\\\/\\\/clair.si\\\/hr\\\/izdelek\\\/mjerac-kopita-tdl\\\/\",\"url\":\"https:\\\/\\\/clair.si\\\/hr\\\/izdelek\\\/mjerac-kopita-tdl\\\/\",\"name\":\"Mjera\u010d kopita TDL - Clair\",\"isPartOf\":{\"@id\":\"https:\\\/\\\/clair.si\\\/#website\"},\"primaryImageOfPage\":{\"@id\":\"https:\\\/\\\/clair.si\\\/hr\\\/izdelek\\\/mjerac-kopita-tdl\\\/#primaryimage\"},\"image\":{\"@id\":\"https:\\\/\\\/clair.si\\\/hr\\\/izdelek\\\/mjerac-kopita-tdl\\\/#primaryimage\"},\"thumbnailUrl\":\"https:\\\/\\\/clair.si\\\/wp-content\\\/uploads\\\/2026\\\/01\\\/Untitled-design-2026-02-03T093116.669.webp\",\"datePublished\":\"2026-01-30T11:26:41+00:00\",\"dateModified\":\"2026-02-25T16:21:31+00:00\",\"description\":\"mjera\u010d za obrezivanje kopita\",\"breadcrumb\":{\"@id\":\"https:\\\/\\\/clair.si\\\/hr\\\/izdelek\\\/mjerac-kopita-tdl\\\/#breadcrumb\"},\"inLanguage\":\"hr\",\"potentialAction\":[{\"@type\":\"ReadAction\",\"target\":[\"https:\\\/\\\/clair.si\\\/hr\\\/izdelek\\\/mjerac-kopita-tdl\\\/\"]}]},{\"@type\":\"ImageObject\",\"inLanguage\":\"hr\",\"@id\":\"https:\\\/\\\/clair.si\\\/hr\\\/izdelek\\\/mjerac-kopita-tdl\\\/#primaryimage\",\"url\":\"https:\\\/\\\/clair.si\\\/wp-content\\\/uploads\\\/2026\\\/01\\\/Untitled-design-2026-02-03T093116.669.webp\",\"contentUrl\":\"https:\\\/\\\/clair.si\\\/wp-content\\\/uploads\\\/2026\\\/01\\\/Untitled-design-2026-02-03T093116.669.webp\",\"width\":700,\"height\":700},{\"@type\":\"BreadcrumbList\",\"@id\":\"https:\\\/\\\/clair.si\\\/hr\\\/izdelek\\\/mjerac-kopita-tdl\\\/#breadcrumb\",\"itemListElement\":[{\"@type\":\"ListItem\",\"position\":1,\"name\":\"Home\",\"item\":\"https:\\\/\\\/clair.si\\\/hr\\\/\"},{\"@type\":\"ListItem\",\"position\":2,\"name\":\"Trgovina\",\"item\":\"https:\\\/\\\/clair.si\\\/trgovina\\\/\"},{\"@type\":\"ListItem\",\"position\":3,\"name\":\"Mjera\u010d kopita TDL\"}]},{\"@type\":\"WebSite\",\"@id\":\"https:\\\/\\\/clair.si\\\/#website\",\"url\":\"https:\\\/\\\/clair.si\\\/\",\"name\":\"Clair\",\"description\":\"Trgovina s konjeni\u0161ko opremo\",\"publisher\":{\"@id\":\"https:\\\/\\\/clair.si\\\/#organization\"},\"potentialAction\":[{\"@type\":\"SearchAction\",\"target\":{\"@type\":\"EntryPoint\",\"urlTemplate\":\"https:\\\/\\\/clair.si\\\/?s={search_term_string}\"},\"query-input\":{\"@type\":\"PropertyValueSpecification\",\"valueRequired\":true,\"valueName\":\"search_term_string\"}}],\"inLanguage\":\"hr\"},{\"@type\":\"Organization\",\"@id\":\"https:\\\/\\\/clair.si\\\/#organization\",\"name\":\"Clair\",\"url\":\"https:\\\/\\\/clair.si\\\/\",\"logo\":{\"@type\":\"ImageObject\",\"inLanguage\":\"hr\",\"@id\":\"https:\\\/\\\/clair.si\\\/#\\\/schema\\\/logo\\\/image\\\/\",\"url\":\"https:\\\/\\\/clair.si\\\/wp-content\\\/uploads\\\/2022\\\/11\\\/clair_logo_2022.jpg\",\"contentUrl\":\"https:\\\/\\\/clair.si\\\/wp-content\\\/uploads\\\/2022\\\/11\\\/clair_logo_2022.jpg\",\"width\":1920,\"height\":1920,\"caption\":\"Clair\"},\"image\":{\"@id\":\"https:\\\/\\\/clair.si\\\/#\\\/schema\\\/logo\\\/image\\\/\"},\"sameAs\":[\"https:\\\/\\\/www.facebook.com\\\/TrgovinaClair\\\/\"]}]}<\/script>\n<!-- \/ Yoast SEO plugin. -->","yoast_head_json":{"title":"Mjera\u010d kopita TDL - Clair","description":"mjera\u010d za obrezivanje kopita","robots":{"index":"index","follow":"follow","max-snippet":"max-snippet:-1","max-image-preview":"max-image-preview:large","max-video-preview":"max-video-preview:-1"},"canonical":"https:\/\/clair.si\/hr\/izdelek\/mjerac-kopita-tdl\/","og_locale":"hr_HR","og_type":"article","og_title":"Mjera\u010d kopita TDL - Clair","og_description":"mjera\u010d za obrezivanje kopita","og_url":"https:\/\/clair.si\/hr\/izdelek\/mjerac-kopita-tdl\/","og_site_name":"Clair","article_publisher":"https:\/\/www.facebook.com\/TrgovinaClair\/","article_modified_time":"2026-02-25T16:21:31+00:00","og_image":[{"width":700,"height":700,"url":"https:\/\/clair.si\/wp-content\/uploads\/2026\/01\/Untitled-design-2026-02-03T093116.669.webp","type":"image\/png"}],"twitter_card":"summary_large_image","twitter_misc":{"Procijenjeno vrijeme \u010ditanja":"1 minuta"},"schema":{"@context":"https:\/\/schema.org","@graph":[{"@type":"WebPage","@id":"https:\/\/clair.si\/hr\/izdelek\/mjerac-kopita-tdl\/","url":"https:\/\/clair.si\/hr\/izdelek\/mjerac-kopita-tdl\/","name":"Mjera\u010d kopita TDL - Clair","isPartOf":{"@id":"https:\/\/clair.si\/#website"},"primaryImageOfPage":{"@id":"https:\/\/clair.si\/hr\/izdelek\/mjerac-kopita-tdl\/#primaryimage"},"image":{"@id":"https:\/\/clair.si\/hr\/izdelek\/mjerac-kopita-tdl\/#primaryimage"},"thumbnailUrl":"https:\/\/clair.si\/wp-content\/uploads\/2026\/01\/Untitled-design-2026-02-03T093116.669.webp","datePublished":"2026-01-30T11:26:41+00:00","dateModified":"2026-02-25T16:21:31+00:00","description":"mjera\u010d za obrezivanje kopita","breadcrumb":{"@id":"https:\/\/clair.si\/hr\/izdelek\/mjerac-kopita-tdl\/#breadcrumb"},"inLanguage":"hr","potentialAction":[{"@type":"ReadAction","target":["https:\/\/clair.si\/hr\/izdelek\/mjerac-kopita-tdl\/"]}]},{"@type":"ImageObject","inLanguage":"hr","@id":"https:\/\/clair.si\/hr\/izdelek\/mjerac-kopita-tdl\/#primaryimage","url":"https:\/\/clair.si\/wp-content\/uploads\/2026\/01\/Untitled-design-2026-02-03T093116.669.webp","contentUrl":"https:\/\/clair.si\/wp-content\/uploads\/2026\/01\/Untitled-design-2026-02-03T093116.669.webp","width":700,"height":700},{"@type":"BreadcrumbList","@id":"https:\/\/clair.si\/hr\/izdelek\/mjerac-kopita-tdl\/#breadcrumb","itemListElement":[{"@type":"ListItem","position":1,"name":"Home","item":"https:\/\/clair.si\/hr\/"},{"@type":"ListItem","position":2,"name":"Trgovina","item":"https:\/\/clair.si\/trgovina\/"},{"@type":"ListItem","position":3,"name":"Mjera\u010d kopita TDL"}]},{"@type":"WebSite","@id":"https:\/\/clair.si\/#website","url":"https:\/\/clair.si\/","name":"Clair","description":"Trgovina s konjeni\u0161ko opremo","publisher":{"@id":"https:\/\/clair.si\/#organization"},"potentialAction":[{"@type":"SearchAction","target":{"@type":"EntryPoint","urlTemplate":"https:\/\/clair.si\/?s={search_term_string}"},"query-input":{"@type":"PropertyValueSpecification","valueRequired":true,"valueName":"search_term_string"}}],"inLanguage":"hr"},{"@type":"Organization","@id":"https:\/\/clair.si\/#organization","name":"Clair","url":"https:\/\/clair.si\/","logo":{"@type":"ImageObject","inLanguage":"hr","@id":"https:\/\/clair.si\/#\/schema\/logo\/image\/","url":"https:\/\/clair.si\/wp-content\/uploads\/2022\/11\/clair_logo_2022.jpg","contentUrl":"https:\/\/clair.si\/wp-content\/uploads\/2022\/11\/clair_logo_2022.jpg","width":1920,"height":1920,"caption":"Clair"},"image":{"@id":"https:\/\/clair.si\/#\/schema\/logo\/image\/"},"sameAs":["https:\/\/www.facebook.com\/TrgovinaClair\/"]}]}},"_links":{"self":[{"href":"https:\/\/clair.si\/hr\/wp-json\/wp\/v2\/product\/131448","targetHints":{"allow":["GET"]}}],"collection":[{"href":"https:\/\/clair.si\/hr\/wp-json\/wp\/v2\/product"}],"about":[{"href":"https:\/\/clair.si\/hr\/wp-json\/wp\/v2\/types\/product"}],"version-history":[{"count":2,"href":"https:\/\/clair.si\/hr\/wp-json\/wp\/v2\/product\/131448\/revisions"}],"predecessor-version":[{"id":131612,"href":"https:\/\/clair.si\/hr\/wp-json\/wp\/v2\/product\/131448\/revisions\/131612"}],"wp:featuredmedia":[{"embeddable":true,"href":"https:\/\/clair.si\/hr\/wp-json\/wp\/v2\/media\/131449"}],"wp:attachment":[{"href":"https:\/\/clair.si\/hr\/wp-json\/wp\/v2\/media?parent=131448"}],"wp:term":[{"taxonomy":"product_brand","embeddable":true,"href":"https:\/\/clair.si\/hr\/wp-json\/wp\/v2\/product_brand?post=131448"},{"taxonomy":"product_cat","embeddable":true,"href":"https:\/\/clair.si\/hr\/wp-json\/wp\/v2\/product_cat?post=131448"},{"taxonomy":"product_tag","embeddable":true,"href":"https:\/\/clair.si\/hr\/wp-json\/wp\/v2\/product_tag?post=131448"}],"curies":[{"name":"wp","href":"https:\/\/api.w.org\/{rel}","templated":true}]}}