{"id":131455,"date":"2026-02-02T12:40:45","date_gmt":"2026-02-02T11:40:45","guid":{"rendered":"https:\/\/clair.si\/izdelek\/noz-za-kopita-double-s-leo-lijevi\/"},"modified":"2026-02-25T17:21:30","modified_gmt":"2026-02-25T16:21:30","slug":"noz-za-kopita-double-s-leo-lijevi","status":"publish","type":"product","link":"https:\/\/clair.si\/hr\/izdelek\/noz-za-kopita-double-s-leo-lijevi\/","title":{"rendered":"No\u017e za kopita Double S Leo \u2013 lijevi"},"content":{"rendered":"<p data-start=\"38\" data-end=\"403\"><strong data-start=\"38\" data-end=\"54\">Double S Leo<\/strong> klasi\u010dan je no\u017e za kopita s <strong data-start=\"94\" data-end=\"132\">blago zakrivljenom i nje\u017eno konkavnom<\/strong> o\u0161tricom, zbog \u010dega bolje prianja <strong data-start=\"185\" data-end=\"213\">konkavnom obliku tabana<\/strong> i omogu\u0107uje kontroliranije, \u010disto rezanje. Dr\u0161ka je <strong data-start=\"268\" data-end=\"309\">du\u017ea, drvena i ergonomski oblikovana<\/strong>, \u0161to pridonosi stabilnom dr\u017eanju i preciznom radu. <\/p>\n<p data-start=\"405\" data-end=\"586\"><strong data-start=\"405\" data-end=\"419\">Lijevi model<\/strong> namijenjen je <strong data-start=\"431\" data-end=\"454\">za rad lijevom rukom<\/strong> (o\u0161trica\/bru\u0161enje orijentirano je tako da je pokret najprirodniji i najsigurniji u lijevoj izvedbi).<\/p>\n<p data-start=\"715\" data-end=\"826\">Izvrstan no\u017e ako \u017eelite \u201esrednju klasu\u201d \u2013 <strong>dobar kompromis izme\u0111u cijene i upotrebljivosti.<\/strong><\/p>\n<p data-start=\"828\" data-end=\"1043\"><strong data-start=\"828\" data-end=\"865\">Za\u0161to preporuka \u201elijevi + desni\u201d:<\/strong> budu\u0107i da su no\u017eevi izra\u0111eni kao par, rad je znatno u\u010dinkovitiji kada su vam na raspolaganju <strong data-start=\"956\" data-end=\"963\">oba<\/strong> te birate ovisno o ruci\/polo\u017eaju reza.<\/p>\n","protected":false},"excerpt":{"rendered":"<ul>\n<li>lijevi<\/li>\n<li>blago zakrivljen<\/li>\n<\/ul>\n","protected":false},"featured_media":131456,"template":"","meta":{"footnotes":""},"product_brand":[],"product_cat":[5657,5960,7026],"product_tag":[],"class_list":{"0":"post-131455","1":"product","2":"type-product","3":"status-publish","4":"has-post-thumbnail","6":"product_cat-kategorije-hr","7":"product_cat-kovacka-oprema","8":"product_cat-nozevi-za-podrezivanje-kopita","10":"first","11":"instock","12":"shipping-taxable","13":"purchasable","14":"product-type-simple"},"yoast_head":"<!-- This site is optimized with the Yoast SEO plugin v27.3 - https:\/\/yoast.com\/product\/yoast-seo-wordpress\/ -->\n<title>No\u017e za kopita Double S Leo \u2013 lijevi - Clair<\/title>\n<meta name=\"description\" content=\"lijevi  blago zakrivljen\" \/>\n<meta name=\"robots\" content=\"index, follow, max-snippet:-1, max-image-preview:large, max-video-preview:-1\" \/>\n<link rel=\"canonical\" href=\"https:\/\/clair.si\/hr\/izdelek\/noz-za-kopita-double-s-leo-lijevi\/\" \/>\n<meta property=\"og:locale\" content=\"hr_HR\" \/>\n<meta property=\"og:type\" content=\"article\" \/>\n<meta property=\"og:title\" content=\"No\u017e za kopita Double S Leo \u2013 lijevi - Clair\" \/>\n<meta property=\"og:description\" content=\"lijevi  blago zakrivljen\" \/>\n<meta property=\"og:url\" content=\"https:\/\/clair.si\/hr\/izdelek\/noz-za-kopita-double-s-leo-lijevi\/\" \/>\n<meta property=\"og:site_name\" content=\"Clair\" \/>\n<meta property=\"article:publisher\" content=\"https:\/\/www.facebook.com\/TrgovinaClair\/\" \/>\n<meta property=\"article:modified_time\" content=\"2026-02-25T16:21:30+00:00\" \/>\n<meta property=\"og:image\" content=\"https:\/\/clair.si\/wp-content\/uploads\/2026\/02\/double-s-leo.webp\" \/>\n\t<meta property=\"og:image:width\" content=\"1000\" \/>\n\t<meta property=\"og:image:height\" content=\"1000\" \/>\n\t<meta property=\"og:image:type\" content=\"image\/png\" \/>\n<meta name=\"twitter:card\" content=\"summary_large_image\" \/>\n<meta name=\"twitter:label1\" content=\"Procijenjeno vrijeme \u010ditanja\" \/>\n\t<meta name=\"twitter:data1\" content=\"1 minuta\" \/>\n<script type=\"application\/ld+json\" class=\"yoast-schema-graph\">{\"@context\":\"https:\\\/\\\/schema.org\",\"@graph\":[{\"@type\":\"WebPage\",\"@id\":\"https:\\\/\\\/clair.si\\\/hr\\\/izdelek\\\/noz-za-kopita-double-s-leo-lijevi\\\/\",\"url\":\"https:\\\/\\\/clair.si\\\/hr\\\/izdelek\\\/noz-za-kopita-double-s-leo-lijevi\\\/\",\"name\":\"No\u017e za kopita Double S Leo \u2013 lijevi - Clair\",\"isPartOf\":{\"@id\":\"https:\\\/\\\/clair.si\\\/#website\"},\"primaryImageOfPage\":{\"@id\":\"https:\\\/\\\/clair.si\\\/hr\\\/izdelek\\\/noz-za-kopita-double-s-leo-lijevi\\\/#primaryimage\"},\"image\":{\"@id\":\"https:\\\/\\\/clair.si\\\/hr\\\/izdelek\\\/noz-za-kopita-double-s-leo-lijevi\\\/#primaryimage\"},\"thumbnailUrl\":\"https:\\\/\\\/clair.si\\\/wp-content\\\/uploads\\\/2026\\\/02\\\/double-s-leo.webp\",\"datePublished\":\"2026-02-02T11:40:45+00:00\",\"dateModified\":\"2026-02-25T16:21:30+00:00\",\"description\":\"lijevi blago zakrivljen\",\"breadcrumb\":{\"@id\":\"https:\\\/\\\/clair.si\\\/hr\\\/izdelek\\\/noz-za-kopita-double-s-leo-lijevi\\\/#breadcrumb\"},\"inLanguage\":\"hr\",\"potentialAction\":[{\"@type\":\"ReadAction\",\"target\":[\"https:\\\/\\\/clair.si\\\/hr\\\/izdelek\\\/noz-za-kopita-double-s-leo-lijevi\\\/\"]}]},{\"@type\":\"ImageObject\",\"inLanguage\":\"hr\",\"@id\":\"https:\\\/\\\/clair.si\\\/hr\\\/izdelek\\\/noz-za-kopita-double-s-leo-lijevi\\\/#primaryimage\",\"url\":\"https:\\\/\\\/clair.si\\\/wp-content\\\/uploads\\\/2026\\\/02\\\/double-s-leo.webp\",\"contentUrl\":\"https:\\\/\\\/clair.si\\\/wp-content\\\/uploads\\\/2026\\\/02\\\/double-s-leo.webp\",\"width\":1000,\"height\":1000},{\"@type\":\"BreadcrumbList\",\"@id\":\"https:\\\/\\\/clair.si\\\/hr\\\/izdelek\\\/noz-za-kopita-double-s-leo-lijevi\\\/#breadcrumb\",\"itemListElement\":[{\"@type\":\"ListItem\",\"position\":1,\"name\":\"Home\",\"item\":\"https:\\\/\\\/clair.si\\\/hr\\\/\"},{\"@type\":\"ListItem\",\"position\":2,\"name\":\"Trgovina\",\"item\":\"https:\\\/\\\/clair.si\\\/trgovina\\\/\"},{\"@type\":\"ListItem\",\"position\":3,\"name\":\"No\u017e za kopita Double S Leo \u2013 lijevi\"}]},{\"@type\":\"WebSite\",\"@id\":\"https:\\\/\\\/clair.si\\\/#website\",\"url\":\"https:\\\/\\\/clair.si\\\/\",\"name\":\"Clair\",\"description\":\"Trgovina s konjeni\u0161ko opremo\",\"publisher\":{\"@id\":\"https:\\\/\\\/clair.si\\\/#organization\"},\"potentialAction\":[{\"@type\":\"SearchAction\",\"target\":{\"@type\":\"EntryPoint\",\"urlTemplate\":\"https:\\\/\\\/clair.si\\\/?s={search_term_string}\"},\"query-input\":{\"@type\":\"PropertyValueSpecification\",\"valueRequired\":true,\"valueName\":\"search_term_string\"}}],\"inLanguage\":\"hr\"},{\"@type\":\"Organization\",\"@id\":\"https:\\\/\\\/clair.si\\\/#organization\",\"name\":\"Clair\",\"url\":\"https:\\\/\\\/clair.si\\\/\",\"logo\":{\"@type\":\"ImageObject\",\"inLanguage\":\"hr\",\"@id\":\"https:\\\/\\\/clair.si\\\/#\\\/schema\\\/logo\\\/image\\\/\",\"url\":\"https:\\\/\\\/clair.si\\\/wp-content\\\/uploads\\\/2022\\\/11\\\/clair_logo_2022.jpg\",\"contentUrl\":\"https:\\\/\\\/clair.si\\\/wp-content\\\/uploads\\\/2022\\\/11\\\/clair_logo_2022.jpg\",\"width\":1920,\"height\":1920,\"caption\":\"Clair\"},\"image\":{\"@id\":\"https:\\\/\\\/clair.si\\\/#\\\/schema\\\/logo\\\/image\\\/\"},\"sameAs\":[\"https:\\\/\\\/www.facebook.com\\\/TrgovinaClair\\\/\"]}]}<\/script>\n<!-- \/ Yoast SEO plugin. -->","yoast_head_json":{"title":"No\u017e za kopita Double S Leo \u2013 lijevi - Clair","description":"lijevi  blago zakrivljen","robots":{"index":"index","follow":"follow","max-snippet":"max-snippet:-1","max-image-preview":"max-image-preview:large","max-video-preview":"max-video-preview:-1"},"canonical":"https:\/\/clair.si\/hr\/izdelek\/noz-za-kopita-double-s-leo-lijevi\/","og_locale":"hr_HR","og_type":"article","og_title":"No\u017e za kopita Double S Leo \u2013 lijevi - Clair","og_description":"lijevi  blago zakrivljen","og_url":"https:\/\/clair.si\/hr\/izdelek\/noz-za-kopita-double-s-leo-lijevi\/","og_site_name":"Clair","article_publisher":"https:\/\/www.facebook.com\/TrgovinaClair\/","article_modified_time":"2026-02-25T16:21:30+00:00","og_image":[{"width":1000,"height":1000,"url":"https:\/\/clair.si\/wp-content\/uploads\/2026\/02\/double-s-leo.webp","type":"image\/png"}],"twitter_card":"summary_large_image","twitter_misc":{"Procijenjeno vrijeme \u010ditanja":"1 minuta"},"schema":{"@context":"https:\/\/schema.org","@graph":[{"@type":"WebPage","@id":"https:\/\/clair.si\/hr\/izdelek\/noz-za-kopita-double-s-leo-lijevi\/","url":"https:\/\/clair.si\/hr\/izdelek\/noz-za-kopita-double-s-leo-lijevi\/","name":"No\u017e za kopita Double S Leo \u2013 lijevi - Clair","isPartOf":{"@id":"https:\/\/clair.si\/#website"},"primaryImageOfPage":{"@id":"https:\/\/clair.si\/hr\/izdelek\/noz-za-kopita-double-s-leo-lijevi\/#primaryimage"},"image":{"@id":"https:\/\/clair.si\/hr\/izdelek\/noz-za-kopita-double-s-leo-lijevi\/#primaryimage"},"thumbnailUrl":"https:\/\/clair.si\/wp-content\/uploads\/2026\/02\/double-s-leo.webp","datePublished":"2026-02-02T11:40:45+00:00","dateModified":"2026-02-25T16:21:30+00:00","description":"lijevi blago zakrivljen","breadcrumb":{"@id":"https:\/\/clair.si\/hr\/izdelek\/noz-za-kopita-double-s-leo-lijevi\/#breadcrumb"},"inLanguage":"hr","potentialAction":[{"@type":"ReadAction","target":["https:\/\/clair.si\/hr\/izdelek\/noz-za-kopita-double-s-leo-lijevi\/"]}]},{"@type":"ImageObject","inLanguage":"hr","@id":"https:\/\/clair.si\/hr\/izdelek\/noz-za-kopita-double-s-leo-lijevi\/#primaryimage","url":"https:\/\/clair.si\/wp-content\/uploads\/2026\/02\/double-s-leo.webp","contentUrl":"https:\/\/clair.si\/wp-content\/uploads\/2026\/02\/double-s-leo.webp","width":1000,"height":1000},{"@type":"BreadcrumbList","@id":"https:\/\/clair.si\/hr\/izdelek\/noz-za-kopita-double-s-leo-lijevi\/#breadcrumb","itemListElement":[{"@type":"ListItem","position":1,"name":"Home","item":"https:\/\/clair.si\/hr\/"},{"@type":"ListItem","position":2,"name":"Trgovina","item":"https:\/\/clair.si\/trgovina\/"},{"@type":"ListItem","position":3,"name":"No\u017e za kopita Double S Leo \u2013 lijevi"}]},{"@type":"WebSite","@id":"https:\/\/clair.si\/#website","url":"https:\/\/clair.si\/","name":"Clair","description":"Trgovina s konjeni\u0161ko opremo","publisher":{"@id":"https:\/\/clair.si\/#organization"},"potentialAction":[{"@type":"SearchAction","target":{"@type":"EntryPoint","urlTemplate":"https:\/\/clair.si\/?s={search_term_string}"},"query-input":{"@type":"PropertyValueSpecification","valueRequired":true,"valueName":"search_term_string"}}],"inLanguage":"hr"},{"@type":"Organization","@id":"https:\/\/clair.si\/#organization","name":"Clair","url":"https:\/\/clair.si\/","logo":{"@type":"ImageObject","inLanguage":"hr","@id":"https:\/\/clair.si\/#\/schema\/logo\/image\/","url":"https:\/\/clair.si\/wp-content\/uploads\/2022\/11\/clair_logo_2022.jpg","contentUrl":"https:\/\/clair.si\/wp-content\/uploads\/2022\/11\/clair_logo_2022.jpg","width":1920,"height":1920,"caption":"Clair"},"image":{"@id":"https:\/\/clair.si\/#\/schema\/logo\/image\/"},"sameAs":["https:\/\/www.facebook.com\/TrgovinaClair\/"]}]}},"_links":{"self":[{"href":"https:\/\/clair.si\/hr\/wp-json\/wp\/v2\/product\/131455","targetHints":{"allow":["GET"]}}],"collection":[{"href":"https:\/\/clair.si\/hr\/wp-json\/wp\/v2\/product"}],"about":[{"href":"https:\/\/clair.si\/hr\/wp-json\/wp\/v2\/types\/product"}],"version-history":[{"count":1,"href":"https:\/\/clair.si\/hr\/wp-json\/wp\/v2\/product\/131455\/revisions"}],"predecessor-version":[{"id":131619,"href":"https:\/\/clair.si\/hr\/wp-json\/wp\/v2\/product\/131455\/revisions\/131619"}],"wp:featuredmedia":[{"embeddable":true,"href":"https:\/\/clair.si\/hr\/wp-json\/wp\/v2\/media\/131456"}],"wp:attachment":[{"href":"https:\/\/clair.si\/hr\/wp-json\/wp\/v2\/media?parent=131455"}],"wp:term":[{"taxonomy":"product_brand","embeddable":true,"href":"https:\/\/clair.si\/hr\/wp-json\/wp\/v2\/product_brand?post=131455"},{"taxonomy":"product_cat","embeddable":true,"href":"https:\/\/clair.si\/hr\/wp-json\/wp\/v2\/product_cat?post=131455"},{"taxonomy":"product_tag","embeddable":true,"href":"https:\/\/clair.si\/hr\/wp-json\/wp\/v2\/product_tag?post=131455"}],"curies":[{"name":"wp","href":"https:\/\/api.w.org\/{rel}","templated":true}]}}