{"id":131458,"date":"2026-02-02T13:00:55","date_gmt":"2026-02-02T12:00:55","guid":{"rendered":"https:\/\/clair.si\/izdelek\/noz-za-kopita-double-s-deluxe-25a-lijevi\/"},"modified":"2026-03-10T20:57:22","modified_gmt":"2026-03-10T19:57:22","slug":"noz-za-kopita-double-s-deluxe-25a-lijevi","status":"publish","type":"product","link":"https:\/\/clair.si\/hr\/izdelek\/noz-za-kopita-double-s-deluxe-25a-lijevi\/","title":{"rendered":"No\u017e za kopita Double S Deluxe 25A &#8211; lijevi"},"content":{"rendered":"<p data-start=\"49\" data-end=\"482\"><strong data-start=\"49\" data-end=\"76\">Double S Deluxe 25A<\/strong> je engleski no\u017e za kopita s <strong data-start=\"105\" data-end=\"139\">zakrivljenom, konkavnom o\u0161tricom<\/strong>, dizajniranom tako da bolje pristaje <strong data-start=\"178\" data-end=\"197\">obliku tabana<\/strong> i omogu\u0107uje preciznije uklanjanje ro\u017eine. Rezni dio je od <strong data-start=\"264\" data-end=\"292\">visokokvalitetnog \u010delika<\/strong> koji zadr\u017eava o\u0161trinu i ima dovoljno fleksibilnosti za kontrolirani rad. Ru\u010dka je od <strong data-start=\"376\" data-end=\"397\">kvalitetnog drva<\/strong> s <strong data-start=\"400\" data-end=\"421\">ergonomskim oblikom<\/strong> za stabilan zahvat.  <\/p>\n<p data-start=\"484\" data-end=\"644\"><strong data-start=\"484\" data-end=\"498\">Lijevi model<\/strong> je izvedba za <strong data-start=\"513\" data-end=\"526\">lijevu ruku<\/strong> (orijentacija o\u0161trice prilago\u0111ena je prirodnom potezu kod \u201elijeve\u201c izvedbe reza).<\/p>\n<p data-start=\"484\" data-end=\"644\">Budu\u0107i da se radi o <strong data-start=\"1216\" data-end=\"1232\">lijevom + desnom<\/strong> sustavu, za u\u010dinkovit i te\u010dan rad preporu\u010dljivo je imati <strong data-start=\"1288\" data-end=\"1300\">oba no\u017ea<\/strong> (ovisno o ruci i kutu reza).<\/p>\n","protected":false},"excerpt":{"rendered":"<ul>\n<li>lijevi<\/li>\n<li>vi\u0161a kvaliteta<\/li>\n<\/ul>\n","protected":false},"featured_media":131459,"template":"","meta":{"footnotes":""},"product_brand":[],"product_cat":[5657,5960,7026],"product_tag":[],"class_list":{"0":"post-131458","1":"product","2":"type-product","3":"status-publish","4":"has-post-thumbnail","6":"product_cat-kategorije-hr","7":"product_cat-kovacka-oprema","8":"product_cat-nozevi-za-podrezivanje-kopita","10":"first","11":"outofstock","12":"shipping-taxable","13":"purchasable","14":"product-type-simple"},"yoast_head":"<!-- This site is optimized with the Yoast SEO plugin v27.3 - https:\/\/yoast.com\/product\/yoast-seo-wordpress\/ -->\n<title>No\u017e za kopita Double S Deluxe 25A - lijevi - Clair<\/title>\n<meta name=\"description\" content=\"lijevi  vi\u0161a kvaliteta\" \/>\n<meta name=\"robots\" content=\"index, follow, max-snippet:-1, max-image-preview:large, max-video-preview:-1\" \/>\n<link rel=\"canonical\" href=\"https:\/\/clair.si\/hr\/izdelek\/noz-za-kopita-double-s-deluxe-25a-lijevi\/\" \/>\n<meta property=\"og:locale\" content=\"hr_HR\" \/>\n<meta property=\"og:type\" content=\"article\" \/>\n<meta property=\"og:title\" content=\"No\u017e za kopita Double S Deluxe 25A - lijevi - Clair\" \/>\n<meta property=\"og:description\" content=\"lijevi  vi\u0161a kvaliteta\" \/>\n<meta property=\"og:url\" content=\"https:\/\/clair.si\/hr\/izdelek\/noz-za-kopita-double-s-deluxe-25a-lijevi\/\" \/>\n<meta property=\"og:site_name\" content=\"Clair\" \/>\n<meta property=\"article:publisher\" content=\"https:\/\/www.facebook.com\/TrgovinaClair\/\" \/>\n<meta property=\"article:modified_time\" content=\"2026-03-10T19:57:22+00:00\" \/>\n<meta property=\"og:image\" content=\"https:\/\/clair.si\/wp-content\/uploads\/2026\/02\/delux-25a.webp\" \/>\n\t<meta property=\"og:image:width\" content=\"1000\" \/>\n\t<meta property=\"og:image:height\" content=\"1000\" \/>\n\t<meta property=\"og:image:type\" content=\"image\/png\" \/>\n<meta name=\"twitter:card\" content=\"summary_large_image\" \/>\n<meta name=\"twitter:label1\" content=\"Procijenjeno vrijeme \u010ditanja\" \/>\n\t<meta name=\"twitter:data1\" content=\"1 minuta\" \/>\n<script type=\"application\/ld+json\" class=\"yoast-schema-graph\">{\"@context\":\"https:\\\/\\\/schema.org\",\"@graph\":[{\"@type\":\"WebPage\",\"@id\":\"https:\\\/\\\/clair.si\\\/hr\\\/izdelek\\\/noz-za-kopita-double-s-deluxe-25a-lijevi\\\/\",\"url\":\"https:\\\/\\\/clair.si\\\/hr\\\/izdelek\\\/noz-za-kopita-double-s-deluxe-25a-lijevi\\\/\",\"name\":\"No\u017e za kopita Double S Deluxe 25A - lijevi - Clair\",\"isPartOf\":{\"@id\":\"https:\\\/\\\/clair.si\\\/#website\"},\"primaryImageOfPage\":{\"@id\":\"https:\\\/\\\/clair.si\\\/hr\\\/izdelek\\\/noz-za-kopita-double-s-deluxe-25a-lijevi\\\/#primaryimage\"},\"image\":{\"@id\":\"https:\\\/\\\/clair.si\\\/hr\\\/izdelek\\\/noz-za-kopita-double-s-deluxe-25a-lijevi\\\/#primaryimage\"},\"thumbnailUrl\":\"https:\\\/\\\/clair.si\\\/wp-content\\\/uploads\\\/2026\\\/02\\\/delux-25a.webp\",\"datePublished\":\"2026-02-02T12:00:55+00:00\",\"dateModified\":\"2026-03-10T19:57:22+00:00\",\"description\":\"lijevi vi\u0161a kvaliteta\",\"breadcrumb\":{\"@id\":\"https:\\\/\\\/clair.si\\\/hr\\\/izdelek\\\/noz-za-kopita-double-s-deluxe-25a-lijevi\\\/#breadcrumb\"},\"inLanguage\":\"hr\",\"potentialAction\":[{\"@type\":\"ReadAction\",\"target\":[\"https:\\\/\\\/clair.si\\\/hr\\\/izdelek\\\/noz-za-kopita-double-s-deluxe-25a-lijevi\\\/\"]}]},{\"@type\":\"ImageObject\",\"inLanguage\":\"hr\",\"@id\":\"https:\\\/\\\/clair.si\\\/hr\\\/izdelek\\\/noz-za-kopita-double-s-deluxe-25a-lijevi\\\/#primaryimage\",\"url\":\"https:\\\/\\\/clair.si\\\/wp-content\\\/uploads\\\/2026\\\/02\\\/delux-25a.webp\",\"contentUrl\":\"https:\\\/\\\/clair.si\\\/wp-content\\\/uploads\\\/2026\\\/02\\\/delux-25a.webp\",\"width\":1000,\"height\":1000},{\"@type\":\"BreadcrumbList\",\"@id\":\"https:\\\/\\\/clair.si\\\/hr\\\/izdelek\\\/noz-za-kopita-double-s-deluxe-25a-lijevi\\\/#breadcrumb\",\"itemListElement\":[{\"@type\":\"ListItem\",\"position\":1,\"name\":\"Home\",\"item\":\"https:\\\/\\\/clair.si\\\/hr\\\/\"},{\"@type\":\"ListItem\",\"position\":2,\"name\":\"Trgovina\",\"item\":\"https:\\\/\\\/clair.si\\\/trgovina\\\/\"},{\"@type\":\"ListItem\",\"position\":3,\"name\":\"No\u017e za kopita Double S Deluxe 25A &#8211; lijevi\"}]},{\"@type\":\"WebSite\",\"@id\":\"https:\\\/\\\/clair.si\\\/#website\",\"url\":\"https:\\\/\\\/clair.si\\\/\",\"name\":\"Clair\",\"description\":\"Trgovina s konjeni\u0161ko opremo\",\"publisher\":{\"@id\":\"https:\\\/\\\/clair.si\\\/#organization\"},\"potentialAction\":[{\"@type\":\"SearchAction\",\"target\":{\"@type\":\"EntryPoint\",\"urlTemplate\":\"https:\\\/\\\/clair.si\\\/?s={search_term_string}\"},\"query-input\":{\"@type\":\"PropertyValueSpecification\",\"valueRequired\":true,\"valueName\":\"search_term_string\"}}],\"inLanguage\":\"hr\"},{\"@type\":\"Organization\",\"@id\":\"https:\\\/\\\/clair.si\\\/#organization\",\"name\":\"Clair\",\"url\":\"https:\\\/\\\/clair.si\\\/\",\"logo\":{\"@type\":\"ImageObject\",\"inLanguage\":\"hr\",\"@id\":\"https:\\\/\\\/clair.si\\\/#\\\/schema\\\/logo\\\/image\\\/\",\"url\":\"https:\\\/\\\/clair.si\\\/wp-content\\\/uploads\\\/2022\\\/11\\\/clair_logo_2022.jpg\",\"contentUrl\":\"https:\\\/\\\/clair.si\\\/wp-content\\\/uploads\\\/2022\\\/11\\\/clair_logo_2022.jpg\",\"width\":1920,\"height\":1920,\"caption\":\"Clair\"},\"image\":{\"@id\":\"https:\\\/\\\/clair.si\\\/#\\\/schema\\\/logo\\\/image\\\/\"},\"sameAs\":[\"https:\\\/\\\/www.facebook.com\\\/TrgovinaClair\\\/\"]}]}<\/script>\n<!-- \/ Yoast SEO plugin. -->","yoast_head_json":{"title":"No\u017e za kopita Double S Deluxe 25A - lijevi - Clair","description":"lijevi  vi\u0161a kvaliteta","robots":{"index":"index","follow":"follow","max-snippet":"max-snippet:-1","max-image-preview":"max-image-preview:large","max-video-preview":"max-video-preview:-1"},"canonical":"https:\/\/clair.si\/hr\/izdelek\/noz-za-kopita-double-s-deluxe-25a-lijevi\/","og_locale":"hr_HR","og_type":"article","og_title":"No\u017e za kopita Double S Deluxe 25A - lijevi - Clair","og_description":"lijevi  vi\u0161a kvaliteta","og_url":"https:\/\/clair.si\/hr\/izdelek\/noz-za-kopita-double-s-deluxe-25a-lijevi\/","og_site_name":"Clair","article_publisher":"https:\/\/www.facebook.com\/TrgovinaClair\/","article_modified_time":"2026-03-10T19:57:22+00:00","og_image":[{"width":1000,"height":1000,"url":"https:\/\/clair.si\/wp-content\/uploads\/2026\/02\/delux-25a.webp","type":"image\/png"}],"twitter_card":"summary_large_image","twitter_misc":{"Procijenjeno vrijeme \u010ditanja":"1 minuta"},"schema":{"@context":"https:\/\/schema.org","@graph":[{"@type":"WebPage","@id":"https:\/\/clair.si\/hr\/izdelek\/noz-za-kopita-double-s-deluxe-25a-lijevi\/","url":"https:\/\/clair.si\/hr\/izdelek\/noz-za-kopita-double-s-deluxe-25a-lijevi\/","name":"No\u017e za kopita Double S Deluxe 25A - lijevi - Clair","isPartOf":{"@id":"https:\/\/clair.si\/#website"},"primaryImageOfPage":{"@id":"https:\/\/clair.si\/hr\/izdelek\/noz-za-kopita-double-s-deluxe-25a-lijevi\/#primaryimage"},"image":{"@id":"https:\/\/clair.si\/hr\/izdelek\/noz-za-kopita-double-s-deluxe-25a-lijevi\/#primaryimage"},"thumbnailUrl":"https:\/\/clair.si\/wp-content\/uploads\/2026\/02\/delux-25a.webp","datePublished":"2026-02-02T12:00:55+00:00","dateModified":"2026-03-10T19:57:22+00:00","description":"lijevi vi\u0161a kvaliteta","breadcrumb":{"@id":"https:\/\/clair.si\/hr\/izdelek\/noz-za-kopita-double-s-deluxe-25a-lijevi\/#breadcrumb"},"inLanguage":"hr","potentialAction":[{"@type":"ReadAction","target":["https:\/\/clair.si\/hr\/izdelek\/noz-za-kopita-double-s-deluxe-25a-lijevi\/"]}]},{"@type":"ImageObject","inLanguage":"hr","@id":"https:\/\/clair.si\/hr\/izdelek\/noz-za-kopita-double-s-deluxe-25a-lijevi\/#primaryimage","url":"https:\/\/clair.si\/wp-content\/uploads\/2026\/02\/delux-25a.webp","contentUrl":"https:\/\/clair.si\/wp-content\/uploads\/2026\/02\/delux-25a.webp","width":1000,"height":1000},{"@type":"BreadcrumbList","@id":"https:\/\/clair.si\/hr\/izdelek\/noz-za-kopita-double-s-deluxe-25a-lijevi\/#breadcrumb","itemListElement":[{"@type":"ListItem","position":1,"name":"Home","item":"https:\/\/clair.si\/hr\/"},{"@type":"ListItem","position":2,"name":"Trgovina","item":"https:\/\/clair.si\/trgovina\/"},{"@type":"ListItem","position":3,"name":"No\u017e za kopita Double S Deluxe 25A &#8211; lijevi"}]},{"@type":"WebSite","@id":"https:\/\/clair.si\/#website","url":"https:\/\/clair.si\/","name":"Clair","description":"Trgovina s konjeni\u0161ko opremo","publisher":{"@id":"https:\/\/clair.si\/#organization"},"potentialAction":[{"@type":"SearchAction","target":{"@type":"EntryPoint","urlTemplate":"https:\/\/clair.si\/?s={search_term_string}"},"query-input":{"@type":"PropertyValueSpecification","valueRequired":true,"valueName":"search_term_string"}}],"inLanguage":"hr"},{"@type":"Organization","@id":"https:\/\/clair.si\/#organization","name":"Clair","url":"https:\/\/clair.si\/","logo":{"@type":"ImageObject","inLanguage":"hr","@id":"https:\/\/clair.si\/#\/schema\/logo\/image\/","url":"https:\/\/clair.si\/wp-content\/uploads\/2022\/11\/clair_logo_2022.jpg","contentUrl":"https:\/\/clair.si\/wp-content\/uploads\/2022\/11\/clair_logo_2022.jpg","width":1920,"height":1920,"caption":"Clair"},"image":{"@id":"https:\/\/clair.si\/#\/schema\/logo\/image\/"},"sameAs":["https:\/\/www.facebook.com\/TrgovinaClair\/"]}]}},"_links":{"self":[{"href":"https:\/\/clair.si\/hr\/wp-json\/wp\/v2\/product\/131458","targetHints":{"allow":["GET"]}}],"collection":[{"href":"https:\/\/clair.si\/hr\/wp-json\/wp\/v2\/product"}],"about":[{"href":"https:\/\/clair.si\/hr\/wp-json\/wp\/v2\/types\/product"}],"version-history":[{"count":2,"href":"https:\/\/clair.si\/hr\/wp-json\/wp\/v2\/product\/131458\/revisions"}],"predecessor-version":[{"id":131624,"href":"https:\/\/clair.si\/hr\/wp-json\/wp\/v2\/product\/131458\/revisions\/131624"}],"wp:featuredmedia":[{"embeddable":true,"href":"https:\/\/clair.si\/hr\/wp-json\/wp\/v2\/media\/131459"}],"wp:attachment":[{"href":"https:\/\/clair.si\/hr\/wp-json\/wp\/v2\/media?parent=131458"}],"wp:term":[{"taxonomy":"product_brand","embeddable":true,"href":"https:\/\/clair.si\/hr\/wp-json\/wp\/v2\/product_brand?post=131458"},{"taxonomy":"product_cat","embeddable":true,"href":"https:\/\/clair.si\/hr\/wp-json\/wp\/v2\/product_cat?post=131458"},{"taxonomy":"product_tag","embeddable":true,"href":"https:\/\/clair.si\/hr\/wp-json\/wp\/v2\/product_tag?post=131458"}],"curies":[{"name":"wp","href":"https:\/\/api.w.org\/{rel}","templated":true}]}}