{"id":131460,"date":"2026-02-02T12:57:53","date_gmt":"2026-02-02T11:57:53","guid":{"rendered":"https:\/\/clair.si\/izdelek\/noz-za-kopita-double-s-deluxe-25a-desni\/"},"modified":"2026-02-25T17:23:52","modified_gmt":"2026-02-25T16:23:52","slug":"noz-za-kopita-double-s-deluxe-25a-desni","status":"publish","type":"product","link":"https:\/\/clair.si\/hr\/izdelek\/noz-za-kopita-double-s-deluxe-25a-desni\/","title":{"rendered":"No\u017e za kopita Double S Deluxe 25A &#8211; desni"},"content":{"rendered":"<p data-start=\"701\" data-end=\"979\"><strong data-start=\"701\" data-end=\"728\">Double S Deluxe Mod.25A<\/strong> ima <strong data-start=\"766\" data-end=\"796\">konkavno zakrivljenu o\u0161tricu<\/strong> za bolje prianjanje potplatu, <strong data-start=\"828\" data-end=\"854\">\u010delik visoke kvalitete<\/strong> za o\u0161tro i &#8220;\u010disto&#8221; rezanje te <strong data-start=\"887\" data-end=\"913\">ergonomsku drvenu ru\u010dku<\/strong> za dobru kontrolu pri radu.<\/p>\n<p data-start=\"981\" data-end=\"1149\"><strong data-start=\"981\" data-end=\"996\">Desni model<\/strong> je izvedba za <strong data-start=\"1011\" data-end=\"1025\">desnu ruku<\/strong> (o\u0161trica\/bru\u0161enje je postavljeno za najprirodnije i najsigurnije povla\u010denje kod de\u0161njaka).<\/p>\n<p data-start=\"981\" data-end=\"1149\">Budu\u0107i da se radi o <strong data-start=\"1216\" data-end=\"1232\">lijevom + desnom<\/strong> sustavu, za u\u010dinkovit i te\u010dan rad preporu\u010dljivo je imati <strong data-start=\"1288\" data-end=\"1300\">oba no\u017ea<\/strong> (ovisno o ruci i kutu reza).<\/p>\n","protected":false},"excerpt":{"rendered":"<ul>\n<li>desni<\/li>\n<li>vi\u0161a kvaliteta o\u0161trice i ru\u010dke<\/li>\n<\/ul>\n","protected":false},"featured_media":131459,"template":"","meta":{"footnotes":""},"product_brand":[],"product_cat":[5657,5960,7026],"product_tag":[],"class_list":{"0":"post-131460","1":"product","2":"type-product","3":"status-publish","4":"has-post-thumbnail","6":"product_cat-kategorije-hr","7":"product_cat-kovacka-oprema","8":"product_cat-nozevi-za-podrezivanje-kopita","10":"first","11":"instock","12":"shipping-taxable","13":"purchasable","14":"product-type-simple"},"yoast_head":"<!-- This site is optimized with the Yoast SEO plugin v27.3 - https:\/\/yoast.com\/product\/yoast-seo-wordpress\/ -->\n<title>No\u017e za kopita Double S Deluxe 25A - desni - Clair<\/title>\n<meta name=\"description\" content=\"desni  vi\u0161a kvaliteta o\u0161trice i ru\u010dke\" \/>\n<meta name=\"robots\" content=\"index, follow, max-snippet:-1, max-image-preview:large, max-video-preview:-1\" \/>\n<link rel=\"canonical\" href=\"https:\/\/clair.si\/hr\/izdelek\/noz-za-kopita-double-s-deluxe-25a-desni\/\" \/>\n<meta property=\"og:locale\" content=\"hr_HR\" \/>\n<meta property=\"og:type\" content=\"article\" \/>\n<meta property=\"og:title\" content=\"No\u017e za kopita Double S Deluxe 25A - desni - Clair\" \/>\n<meta property=\"og:description\" content=\"desni  vi\u0161a kvaliteta o\u0161trice i ru\u010dke\" \/>\n<meta property=\"og:url\" content=\"https:\/\/clair.si\/hr\/izdelek\/noz-za-kopita-double-s-deluxe-25a-desni\/\" \/>\n<meta property=\"og:site_name\" content=\"Clair\" \/>\n<meta property=\"article:publisher\" content=\"https:\/\/www.facebook.com\/TrgovinaClair\/\" \/>\n<meta property=\"article:modified_time\" content=\"2026-02-25T16:23:52+00:00\" \/>\n<meta property=\"og:image\" content=\"https:\/\/clair.si\/wp-content\/uploads\/2026\/02\/delux-25a.webp\" \/>\n\t<meta property=\"og:image:width\" content=\"1000\" \/>\n\t<meta property=\"og:image:height\" content=\"1000\" \/>\n\t<meta property=\"og:image:type\" content=\"image\/png\" \/>\n<meta name=\"twitter:card\" content=\"summary_large_image\" \/>\n<script type=\"application\/ld+json\" class=\"yoast-schema-graph\">{\"@context\":\"https:\\\/\\\/schema.org\",\"@graph\":[{\"@type\":\"WebPage\",\"@id\":\"https:\\\/\\\/clair.si\\\/hr\\\/izdelek\\\/noz-za-kopita-double-s-deluxe-25a-desni\\\/\",\"url\":\"https:\\\/\\\/clair.si\\\/hr\\\/izdelek\\\/noz-za-kopita-double-s-deluxe-25a-desni\\\/\",\"name\":\"No\u017e za kopita Double S Deluxe 25A - desni - Clair\",\"isPartOf\":{\"@id\":\"https:\\\/\\\/clair.si\\\/#website\"},\"primaryImageOfPage\":{\"@id\":\"https:\\\/\\\/clair.si\\\/hr\\\/izdelek\\\/noz-za-kopita-double-s-deluxe-25a-desni\\\/#primaryimage\"},\"image\":{\"@id\":\"https:\\\/\\\/clair.si\\\/hr\\\/izdelek\\\/noz-za-kopita-double-s-deluxe-25a-desni\\\/#primaryimage\"},\"thumbnailUrl\":\"https:\\\/\\\/clair.si\\\/wp-content\\\/uploads\\\/2026\\\/02\\\/delux-25a.webp\",\"datePublished\":\"2026-02-02T11:57:53+00:00\",\"dateModified\":\"2026-02-25T16:23:52+00:00\",\"description\":\"desni vi\u0161a kvaliteta o\u0161trice i ru\u010dke\",\"breadcrumb\":{\"@id\":\"https:\\\/\\\/clair.si\\\/hr\\\/izdelek\\\/noz-za-kopita-double-s-deluxe-25a-desni\\\/#breadcrumb\"},\"inLanguage\":\"hr\",\"potentialAction\":[{\"@type\":\"ReadAction\",\"target\":[\"https:\\\/\\\/clair.si\\\/hr\\\/izdelek\\\/noz-za-kopita-double-s-deluxe-25a-desni\\\/\"]}]},{\"@type\":\"ImageObject\",\"inLanguage\":\"hr\",\"@id\":\"https:\\\/\\\/clair.si\\\/hr\\\/izdelek\\\/noz-za-kopita-double-s-deluxe-25a-desni\\\/#primaryimage\",\"url\":\"https:\\\/\\\/clair.si\\\/wp-content\\\/uploads\\\/2026\\\/02\\\/delux-25a.webp\",\"contentUrl\":\"https:\\\/\\\/clair.si\\\/wp-content\\\/uploads\\\/2026\\\/02\\\/delux-25a.webp\",\"width\":1000,\"height\":1000},{\"@type\":\"BreadcrumbList\",\"@id\":\"https:\\\/\\\/clair.si\\\/hr\\\/izdelek\\\/noz-za-kopita-double-s-deluxe-25a-desni\\\/#breadcrumb\",\"itemListElement\":[{\"@type\":\"ListItem\",\"position\":1,\"name\":\"Home\",\"item\":\"https:\\\/\\\/clair.si\\\/hr\\\/\"},{\"@type\":\"ListItem\",\"position\":2,\"name\":\"Trgovina\",\"item\":\"https:\\\/\\\/clair.si\\\/trgovina\\\/\"},{\"@type\":\"ListItem\",\"position\":3,\"name\":\"No\u017e za kopita Double S Deluxe 25A &#8211; desni\"}]},{\"@type\":\"WebSite\",\"@id\":\"https:\\\/\\\/clair.si\\\/#website\",\"url\":\"https:\\\/\\\/clair.si\\\/\",\"name\":\"Clair\",\"description\":\"Trgovina s konjeni\u0161ko opremo\",\"publisher\":{\"@id\":\"https:\\\/\\\/clair.si\\\/#organization\"},\"potentialAction\":[{\"@type\":\"SearchAction\",\"target\":{\"@type\":\"EntryPoint\",\"urlTemplate\":\"https:\\\/\\\/clair.si\\\/?s={search_term_string}\"},\"query-input\":{\"@type\":\"PropertyValueSpecification\",\"valueRequired\":true,\"valueName\":\"search_term_string\"}}],\"inLanguage\":\"hr\"},{\"@type\":\"Organization\",\"@id\":\"https:\\\/\\\/clair.si\\\/#organization\",\"name\":\"Clair\",\"url\":\"https:\\\/\\\/clair.si\\\/\",\"logo\":{\"@type\":\"ImageObject\",\"inLanguage\":\"hr\",\"@id\":\"https:\\\/\\\/clair.si\\\/#\\\/schema\\\/logo\\\/image\\\/\",\"url\":\"https:\\\/\\\/clair.si\\\/wp-content\\\/uploads\\\/2022\\\/11\\\/clair_logo_2022.jpg\",\"contentUrl\":\"https:\\\/\\\/clair.si\\\/wp-content\\\/uploads\\\/2022\\\/11\\\/clair_logo_2022.jpg\",\"width\":1920,\"height\":1920,\"caption\":\"Clair\"},\"image\":{\"@id\":\"https:\\\/\\\/clair.si\\\/#\\\/schema\\\/logo\\\/image\\\/\"},\"sameAs\":[\"https:\\\/\\\/www.facebook.com\\\/TrgovinaClair\\\/\"]}]}<\/script>\n<!-- \/ Yoast SEO plugin. -->","yoast_head_json":{"title":"No\u017e za kopita Double S Deluxe 25A - desni - Clair","description":"desni  vi\u0161a kvaliteta o\u0161trice i ru\u010dke","robots":{"index":"index","follow":"follow","max-snippet":"max-snippet:-1","max-image-preview":"max-image-preview:large","max-video-preview":"max-video-preview:-1"},"canonical":"https:\/\/clair.si\/hr\/izdelek\/noz-za-kopita-double-s-deluxe-25a-desni\/","og_locale":"hr_HR","og_type":"article","og_title":"No\u017e za kopita Double S Deluxe 25A - desni - Clair","og_description":"desni  vi\u0161a kvaliteta o\u0161trice i ru\u010dke","og_url":"https:\/\/clair.si\/hr\/izdelek\/noz-za-kopita-double-s-deluxe-25a-desni\/","og_site_name":"Clair","article_publisher":"https:\/\/www.facebook.com\/TrgovinaClair\/","article_modified_time":"2026-02-25T16:23:52+00:00","og_image":[{"width":1000,"height":1000,"url":"https:\/\/clair.si\/wp-content\/uploads\/2026\/02\/delux-25a.webp","type":"image\/png"}],"twitter_card":"summary_large_image","schema":{"@context":"https:\/\/schema.org","@graph":[{"@type":"WebPage","@id":"https:\/\/clair.si\/hr\/izdelek\/noz-za-kopita-double-s-deluxe-25a-desni\/","url":"https:\/\/clair.si\/hr\/izdelek\/noz-za-kopita-double-s-deluxe-25a-desni\/","name":"No\u017e za kopita Double S Deluxe 25A - desni - Clair","isPartOf":{"@id":"https:\/\/clair.si\/#website"},"primaryImageOfPage":{"@id":"https:\/\/clair.si\/hr\/izdelek\/noz-za-kopita-double-s-deluxe-25a-desni\/#primaryimage"},"image":{"@id":"https:\/\/clair.si\/hr\/izdelek\/noz-za-kopita-double-s-deluxe-25a-desni\/#primaryimage"},"thumbnailUrl":"https:\/\/clair.si\/wp-content\/uploads\/2026\/02\/delux-25a.webp","datePublished":"2026-02-02T11:57:53+00:00","dateModified":"2026-02-25T16:23:52+00:00","description":"desni vi\u0161a kvaliteta o\u0161trice i ru\u010dke","breadcrumb":{"@id":"https:\/\/clair.si\/hr\/izdelek\/noz-za-kopita-double-s-deluxe-25a-desni\/#breadcrumb"},"inLanguage":"hr","potentialAction":[{"@type":"ReadAction","target":["https:\/\/clair.si\/hr\/izdelek\/noz-za-kopita-double-s-deluxe-25a-desni\/"]}]},{"@type":"ImageObject","inLanguage":"hr","@id":"https:\/\/clair.si\/hr\/izdelek\/noz-za-kopita-double-s-deluxe-25a-desni\/#primaryimage","url":"https:\/\/clair.si\/wp-content\/uploads\/2026\/02\/delux-25a.webp","contentUrl":"https:\/\/clair.si\/wp-content\/uploads\/2026\/02\/delux-25a.webp","width":1000,"height":1000},{"@type":"BreadcrumbList","@id":"https:\/\/clair.si\/hr\/izdelek\/noz-za-kopita-double-s-deluxe-25a-desni\/#breadcrumb","itemListElement":[{"@type":"ListItem","position":1,"name":"Home","item":"https:\/\/clair.si\/hr\/"},{"@type":"ListItem","position":2,"name":"Trgovina","item":"https:\/\/clair.si\/trgovina\/"},{"@type":"ListItem","position":3,"name":"No\u017e za kopita Double S Deluxe 25A &#8211; desni"}]},{"@type":"WebSite","@id":"https:\/\/clair.si\/#website","url":"https:\/\/clair.si\/","name":"Clair","description":"Trgovina s konjeni\u0161ko opremo","publisher":{"@id":"https:\/\/clair.si\/#organization"},"potentialAction":[{"@type":"SearchAction","target":{"@type":"EntryPoint","urlTemplate":"https:\/\/clair.si\/?s={search_term_string}"},"query-input":{"@type":"PropertyValueSpecification","valueRequired":true,"valueName":"search_term_string"}}],"inLanguage":"hr"},{"@type":"Organization","@id":"https:\/\/clair.si\/#organization","name":"Clair","url":"https:\/\/clair.si\/","logo":{"@type":"ImageObject","inLanguage":"hr","@id":"https:\/\/clair.si\/#\/schema\/logo\/image\/","url":"https:\/\/clair.si\/wp-content\/uploads\/2022\/11\/clair_logo_2022.jpg","contentUrl":"https:\/\/clair.si\/wp-content\/uploads\/2022\/11\/clair_logo_2022.jpg","width":1920,"height":1920,"caption":"Clair"},"image":{"@id":"https:\/\/clair.si\/#\/schema\/logo\/image\/"},"sameAs":["https:\/\/www.facebook.com\/TrgovinaClair\/"]}]}},"_links":{"self":[{"href":"https:\/\/clair.si\/hr\/wp-json\/wp\/v2\/product\/131460","targetHints":{"allow":["GET"]}}],"collection":[{"href":"https:\/\/clair.si\/hr\/wp-json\/wp\/v2\/product"}],"about":[{"href":"https:\/\/clair.si\/hr\/wp-json\/wp\/v2\/types\/product"}],"version-history":[{"count":1,"href":"https:\/\/clair.si\/hr\/wp-json\/wp\/v2\/product\/131460\/revisions"}],"predecessor-version":[{"id":131625,"href":"https:\/\/clair.si\/hr\/wp-json\/wp\/v2\/product\/131460\/revisions\/131625"}],"wp:featuredmedia":[{"embeddable":true,"href":"https:\/\/clair.si\/hr\/wp-json\/wp\/v2\/media\/131459"}],"wp:attachment":[{"href":"https:\/\/clair.si\/hr\/wp-json\/wp\/v2\/media?parent=131460"}],"wp:term":[{"taxonomy":"product_brand","embeddable":true,"href":"https:\/\/clair.si\/hr\/wp-json\/wp\/v2\/product_brand?post=131460"},{"taxonomy":"product_cat","embeddable":true,"href":"https:\/\/clair.si\/hr\/wp-json\/wp\/v2\/product_cat?post=131460"},{"taxonomy":"product_tag","embeddable":true,"href":"https:\/\/clair.si\/hr\/wp-json\/wp\/v2\/product_tag?post=131460"}],"curies":[{"name":"wp","href":"https:\/\/api.w.org\/{rel}","templated":true}]}}