{"id":131464,"date":"2026-02-02T12:52:29","date_gmt":"2026-02-02T11:52:29","guid":{"rendered":"https:\/\/clair.si\/izdelek\/noz-za-kopita-double-s-rhino-lijevi\/"},"modified":"2026-02-25T17:21:38","modified_gmt":"2026-02-25T16:21:38","slug":"noz-za-kopita-double-s-rhino-lijevi","status":"publish","type":"product","link":"https:\/\/clair.si\/hr\/izdelek\/noz-za-kopita-double-s-rhino-lijevi\/","title":{"rendered":"No\u017e za kopita Double S Rhino \u2013 lijevi"},"content":{"rendered":"<p data-start=\"40\" data-end=\"288\"><strong data-start=\"40\" data-end=\"58\">Double S Rhino<\/strong> je no\u017e za kopita s <strong data-start=\"89\" data-end=\"121\">konkavno oblikovanom o\u0161tricom<\/strong>, pa se lijepo prilago\u0111ava <strong data-start=\"171\" data-end=\"199\">konkavnom obliku potplata<\/strong> i omogu\u0107uje kontrolirano uklanjanje ro\u017eine.<\/p>\n<p data-start=\"290\" data-end=\"586\">Posebnost modela Rhino je <strong data-start=\"316\" data-end=\"383\">manji zavoj na suprotnoj strani<\/strong>, namijenjen <strong data-start=\"395\" data-end=\"457\">prethodnom uklanjanju ne\u010disto\u0107e<\/strong> prije rezanja \u2013 tako o\u010distite radnu povr\u0161inu bez \u201cmu\u010denja\u201d ili o\u0161te\u0107ivanja o\u0161trice.<\/p>\n<p data-start=\"588\" data-end=\"739\"><strong data-start=\"588\" data-end=\"602\">Lijevi model<\/strong> je izvedba za <strong data-start=\"617\" data-end=\"630\">lijevu ruku<\/strong> (orijentacija o\u0161trice prilago\u0111ena je prirodnom potezu pri radu lijevom rukom).<\/p>\n<p data-start=\"741\" data-end=\"913\"><strong data-start=\"741\" data-end=\"757\">Preporuka:<\/strong> za stvarno u\u010dinkovit rad i preciznost pri razli\u010ditim kutovima reza najprakti\u010dnije je imati <strong data-start=\"846\" data-end=\"862\">lijevi + desni<\/strong> no\u017e (par).<\/p>\n","protected":false},"excerpt":{"rendered":"<ul>\n<li>lijevi<\/li>\n<li>s &#8220;loopom&#8221; za \u010di\u0161\u0107enje<\/li>\n<\/ul>\n","protected":false},"featured_media":131462,"template":"","meta":{"footnotes":""},"product_brand":[],"product_cat":[5657,5960,7026],"product_tag":[],"class_list":{"0":"post-131464","1":"product","2":"type-product","3":"status-publish","4":"has-post-thumbnail","6":"product_cat-kategorije-hr","7":"product_cat-kovacka-oprema","8":"product_cat-nozevi-za-podrezivanje-kopita","10":"first","11":"instock","12":"shipping-taxable","13":"purchasable","14":"product-type-simple"},"yoast_head":"<!-- This site is optimized with the Yoast SEO plugin v27.3 - https:\/\/yoast.com\/product\/yoast-seo-wordpress\/ -->\n<title>No\u017e za kopita Double S Rhino \u2013 lijevi - Clair<\/title>\n<meta name=\"description\" content=\"lijevi  s &quot;loopom&quot; za \u010di\u0161\u0107enje\" \/>\n<meta name=\"robots\" content=\"index, follow, max-snippet:-1, max-image-preview:large, max-video-preview:-1\" \/>\n<link rel=\"canonical\" href=\"https:\/\/clair.si\/hr\/izdelek\/noz-za-kopita-double-s-rhino-lijevi\/\" \/>\n<meta property=\"og:locale\" content=\"hr_HR\" \/>\n<meta property=\"og:type\" content=\"article\" \/>\n<meta property=\"og:title\" content=\"No\u017e za kopita Double S Rhino \u2013 lijevi - Clair\" \/>\n<meta property=\"og:description\" content=\"lijevi  s &quot;loopom&quot; za \u010di\u0161\u0107enje\" \/>\n<meta property=\"og:url\" content=\"https:\/\/clair.si\/hr\/izdelek\/noz-za-kopita-double-s-rhino-lijevi\/\" \/>\n<meta property=\"og:site_name\" content=\"Clair\" \/>\n<meta property=\"article:publisher\" content=\"https:\/\/www.facebook.com\/TrgovinaClair\/\" \/>\n<meta property=\"article:modified_time\" content=\"2026-02-25T16:21:38+00:00\" \/>\n<meta property=\"og:image\" content=\"https:\/\/clair.si\/wp-content\/uploads\/2026\/02\/rhino-noz.webp\" \/>\n\t<meta property=\"og:image:width\" content=\"1000\" \/>\n\t<meta property=\"og:image:height\" content=\"1000\" \/>\n\t<meta property=\"og:image:type\" content=\"image\/png\" \/>\n<meta name=\"twitter:card\" content=\"summary_large_image\" \/>\n<script type=\"application\/ld+json\" class=\"yoast-schema-graph\">{\"@context\":\"https:\\\/\\\/schema.org\",\"@graph\":[{\"@type\":\"WebPage\",\"@id\":\"https:\\\/\\\/clair.si\\\/hr\\\/izdelek\\\/noz-za-kopita-double-s-rhino-lijevi\\\/\",\"url\":\"https:\\\/\\\/clair.si\\\/hr\\\/izdelek\\\/noz-za-kopita-double-s-rhino-lijevi\\\/\",\"name\":\"No\u017e za kopita Double S Rhino \u2013 lijevi - Clair\",\"isPartOf\":{\"@id\":\"https:\\\/\\\/clair.si\\\/#website\"},\"primaryImageOfPage\":{\"@id\":\"https:\\\/\\\/clair.si\\\/hr\\\/izdelek\\\/noz-za-kopita-double-s-rhino-lijevi\\\/#primaryimage\"},\"image\":{\"@id\":\"https:\\\/\\\/clair.si\\\/hr\\\/izdelek\\\/noz-za-kopita-double-s-rhino-lijevi\\\/#primaryimage\"},\"thumbnailUrl\":\"https:\\\/\\\/clair.si\\\/wp-content\\\/uploads\\\/2026\\\/02\\\/rhino-noz.webp\",\"datePublished\":\"2026-02-02T11:52:29+00:00\",\"dateModified\":\"2026-02-25T16:21:38+00:00\",\"description\":\"lijevi s \\\"loopom\\\" za \u010di\u0161\u0107enje\",\"breadcrumb\":{\"@id\":\"https:\\\/\\\/clair.si\\\/hr\\\/izdelek\\\/noz-za-kopita-double-s-rhino-lijevi\\\/#breadcrumb\"},\"inLanguage\":\"hr\",\"potentialAction\":[{\"@type\":\"ReadAction\",\"target\":[\"https:\\\/\\\/clair.si\\\/hr\\\/izdelek\\\/noz-za-kopita-double-s-rhino-lijevi\\\/\"]}]},{\"@type\":\"ImageObject\",\"inLanguage\":\"hr\",\"@id\":\"https:\\\/\\\/clair.si\\\/hr\\\/izdelek\\\/noz-za-kopita-double-s-rhino-lijevi\\\/#primaryimage\",\"url\":\"https:\\\/\\\/clair.si\\\/wp-content\\\/uploads\\\/2026\\\/02\\\/rhino-noz.webp\",\"contentUrl\":\"https:\\\/\\\/clair.si\\\/wp-content\\\/uploads\\\/2026\\\/02\\\/rhino-noz.webp\",\"width\":1000,\"height\":1000},{\"@type\":\"BreadcrumbList\",\"@id\":\"https:\\\/\\\/clair.si\\\/hr\\\/izdelek\\\/noz-za-kopita-double-s-rhino-lijevi\\\/#breadcrumb\",\"itemListElement\":[{\"@type\":\"ListItem\",\"position\":1,\"name\":\"Home\",\"item\":\"https:\\\/\\\/clair.si\\\/hr\\\/\"},{\"@type\":\"ListItem\",\"position\":2,\"name\":\"Trgovina\",\"item\":\"https:\\\/\\\/clair.si\\\/trgovina\\\/\"},{\"@type\":\"ListItem\",\"position\":3,\"name\":\"No\u017e za kopita Double S Rhino \u2013 lijevi\"}]},{\"@type\":\"WebSite\",\"@id\":\"https:\\\/\\\/clair.si\\\/#website\",\"url\":\"https:\\\/\\\/clair.si\\\/\",\"name\":\"Clair\",\"description\":\"Trgovina s konjeni\u0161ko opremo\",\"publisher\":{\"@id\":\"https:\\\/\\\/clair.si\\\/#organization\"},\"potentialAction\":[{\"@type\":\"SearchAction\",\"target\":{\"@type\":\"EntryPoint\",\"urlTemplate\":\"https:\\\/\\\/clair.si\\\/?s={search_term_string}\"},\"query-input\":{\"@type\":\"PropertyValueSpecification\",\"valueRequired\":true,\"valueName\":\"search_term_string\"}}],\"inLanguage\":\"hr\"},{\"@type\":\"Organization\",\"@id\":\"https:\\\/\\\/clair.si\\\/#organization\",\"name\":\"Clair\",\"url\":\"https:\\\/\\\/clair.si\\\/\",\"logo\":{\"@type\":\"ImageObject\",\"inLanguage\":\"hr\",\"@id\":\"https:\\\/\\\/clair.si\\\/#\\\/schema\\\/logo\\\/image\\\/\",\"url\":\"https:\\\/\\\/clair.si\\\/wp-content\\\/uploads\\\/2022\\\/11\\\/clair_logo_2022.jpg\",\"contentUrl\":\"https:\\\/\\\/clair.si\\\/wp-content\\\/uploads\\\/2022\\\/11\\\/clair_logo_2022.jpg\",\"width\":1920,\"height\":1920,\"caption\":\"Clair\"},\"image\":{\"@id\":\"https:\\\/\\\/clair.si\\\/#\\\/schema\\\/logo\\\/image\\\/\"},\"sameAs\":[\"https:\\\/\\\/www.facebook.com\\\/TrgovinaClair\\\/\"]}]}<\/script>\n<!-- \/ Yoast SEO plugin. -->","yoast_head_json":{"title":"No\u017e za kopita Double S Rhino \u2013 lijevi - Clair","description":"lijevi  s \"loopom\" za \u010di\u0161\u0107enje","robots":{"index":"index","follow":"follow","max-snippet":"max-snippet:-1","max-image-preview":"max-image-preview:large","max-video-preview":"max-video-preview:-1"},"canonical":"https:\/\/clair.si\/hr\/izdelek\/noz-za-kopita-double-s-rhino-lijevi\/","og_locale":"hr_HR","og_type":"article","og_title":"No\u017e za kopita Double S Rhino \u2013 lijevi - Clair","og_description":"lijevi  s \"loopom\" za \u010di\u0161\u0107enje","og_url":"https:\/\/clair.si\/hr\/izdelek\/noz-za-kopita-double-s-rhino-lijevi\/","og_site_name":"Clair","article_publisher":"https:\/\/www.facebook.com\/TrgovinaClair\/","article_modified_time":"2026-02-25T16:21:38+00:00","og_image":[{"width":1000,"height":1000,"url":"https:\/\/clair.si\/wp-content\/uploads\/2026\/02\/rhino-noz.webp","type":"image\/png"}],"twitter_card":"summary_large_image","schema":{"@context":"https:\/\/schema.org","@graph":[{"@type":"WebPage","@id":"https:\/\/clair.si\/hr\/izdelek\/noz-za-kopita-double-s-rhino-lijevi\/","url":"https:\/\/clair.si\/hr\/izdelek\/noz-za-kopita-double-s-rhino-lijevi\/","name":"No\u017e za kopita Double S Rhino \u2013 lijevi - Clair","isPartOf":{"@id":"https:\/\/clair.si\/#website"},"primaryImageOfPage":{"@id":"https:\/\/clair.si\/hr\/izdelek\/noz-za-kopita-double-s-rhino-lijevi\/#primaryimage"},"image":{"@id":"https:\/\/clair.si\/hr\/izdelek\/noz-za-kopita-double-s-rhino-lijevi\/#primaryimage"},"thumbnailUrl":"https:\/\/clair.si\/wp-content\/uploads\/2026\/02\/rhino-noz.webp","datePublished":"2026-02-02T11:52:29+00:00","dateModified":"2026-02-25T16:21:38+00:00","description":"lijevi s \"loopom\" za \u010di\u0161\u0107enje","breadcrumb":{"@id":"https:\/\/clair.si\/hr\/izdelek\/noz-za-kopita-double-s-rhino-lijevi\/#breadcrumb"},"inLanguage":"hr","potentialAction":[{"@type":"ReadAction","target":["https:\/\/clair.si\/hr\/izdelek\/noz-za-kopita-double-s-rhino-lijevi\/"]}]},{"@type":"ImageObject","inLanguage":"hr","@id":"https:\/\/clair.si\/hr\/izdelek\/noz-za-kopita-double-s-rhino-lijevi\/#primaryimage","url":"https:\/\/clair.si\/wp-content\/uploads\/2026\/02\/rhino-noz.webp","contentUrl":"https:\/\/clair.si\/wp-content\/uploads\/2026\/02\/rhino-noz.webp","width":1000,"height":1000},{"@type":"BreadcrumbList","@id":"https:\/\/clair.si\/hr\/izdelek\/noz-za-kopita-double-s-rhino-lijevi\/#breadcrumb","itemListElement":[{"@type":"ListItem","position":1,"name":"Home","item":"https:\/\/clair.si\/hr\/"},{"@type":"ListItem","position":2,"name":"Trgovina","item":"https:\/\/clair.si\/trgovina\/"},{"@type":"ListItem","position":3,"name":"No\u017e za kopita Double S Rhino \u2013 lijevi"}]},{"@type":"WebSite","@id":"https:\/\/clair.si\/#website","url":"https:\/\/clair.si\/","name":"Clair","description":"Trgovina s konjeni\u0161ko opremo","publisher":{"@id":"https:\/\/clair.si\/#organization"},"potentialAction":[{"@type":"SearchAction","target":{"@type":"EntryPoint","urlTemplate":"https:\/\/clair.si\/?s={search_term_string}"},"query-input":{"@type":"PropertyValueSpecification","valueRequired":true,"valueName":"search_term_string"}}],"inLanguage":"hr"},{"@type":"Organization","@id":"https:\/\/clair.si\/#organization","name":"Clair","url":"https:\/\/clair.si\/","logo":{"@type":"ImageObject","inLanguage":"hr","@id":"https:\/\/clair.si\/#\/schema\/logo\/image\/","url":"https:\/\/clair.si\/wp-content\/uploads\/2022\/11\/clair_logo_2022.jpg","contentUrl":"https:\/\/clair.si\/wp-content\/uploads\/2022\/11\/clair_logo_2022.jpg","width":1920,"height":1920,"caption":"Clair"},"image":{"@id":"https:\/\/clair.si\/#\/schema\/logo\/image\/"},"sameAs":["https:\/\/www.facebook.com\/TrgovinaClair\/"]}]}},"_links":{"self":[{"href":"https:\/\/clair.si\/hr\/wp-json\/wp\/v2\/product\/131464","targetHints":{"allow":["GET"]}}],"collection":[{"href":"https:\/\/clair.si\/hr\/wp-json\/wp\/v2\/product"}],"about":[{"href":"https:\/\/clair.si\/hr\/wp-json\/wp\/v2\/types\/product"}],"version-history":[{"count":1,"href":"https:\/\/clair.si\/hr\/wp-json\/wp\/v2\/product\/131464\/revisions"}],"predecessor-version":[{"id":131620,"href":"https:\/\/clair.si\/hr\/wp-json\/wp\/v2\/product\/131464\/revisions\/131620"}],"wp:featuredmedia":[{"embeddable":true,"href":"https:\/\/clair.si\/hr\/wp-json\/wp\/v2\/media\/131462"}],"wp:attachment":[{"href":"https:\/\/clair.si\/hr\/wp-json\/wp\/v2\/media?parent=131464"}],"wp:term":[{"taxonomy":"product_brand","embeddable":true,"href":"https:\/\/clair.si\/hr\/wp-json\/wp\/v2\/product_brand?post=131464"},{"taxonomy":"product_cat","embeddable":true,"href":"https:\/\/clair.si\/hr\/wp-json\/wp\/v2\/product_cat?post=131464"},{"taxonomy":"product_tag","embeddable":true,"href":"https:\/\/clair.si\/hr\/wp-json\/wp\/v2\/product_tag?post=131464"}],"curies":[{"name":"wp","href":"https:\/\/api.w.org\/{rel}","templated":true}]}}