{"id":131467,"date":"2026-02-02T14:35:42","date_gmt":"2026-02-02T13:35:42","guid":{"rendered":"https:\/\/clair.si\/izdelek\/masa-za-kopita-comfortmix-hoof-repair-black\/"},"modified":"2026-02-25T17:23:50","modified_gmt":"2026-02-25T16:23:50","slug":"masa-za-kopita-comfortmix-hoof-repair-black","status":"publish","type":"product","link":"https:\/\/clair.si\/hr\/izdelek\/masa-za-kopita-comfortmix-hoof-repair-black\/","title":{"rendered":"Masa za kopita Comfortmix Hoof Repair Black"},"content":{"rendered":"<p data-start=\"46\" data-end=\"424\"><strong data-start=\"46\" data-end=\"83\">Dvokomponentna poliuretanska masa<\/strong> za brzi <strong data-start=\"93\" data-end=\"138\">popravak i rekonstrukciju kopitne stijenke<\/strong>. Nakon stvrdnjavanja ostaje <strong data-start=\"187\" data-end=\"197\">fleksibilna<\/strong> \u2013 mehani\u010dka svojstva sli\u010dna su prirodnoj kopitnoj stijenci, stoga ne puca pri normalnom kretanju kopita. <\/p>\n<ul data-start=\"448\" data-end=\"954\">\n<li data-start=\"448\" data-end=\"588\">\n<p data-start=\"450\" data-end=\"588\">Izvrsno prianjanje na <strong data-start=\"476\" data-end=\"487\">keratin<\/strong> te materijale (npr. <strong data-start=\"508\" data-end=\"546\">\u010delik\/\u017eeljezo, aluminij, poliuretan<\/strong>).<\/p>\n<\/li>\n<li data-start=\"589\" data-end=\"711\">\n<p data-start=\"591\" data-end=\"711\"><strong data-start=\"591\" data-end=\"611\">Vezanje ~1 minuta<\/strong>, <strong data-start=\"613\" data-end=\"640\">potpuno stvrdnjavanje ~5 minuta<\/strong>, pri \u010demu zadr\u017eava fleksibilnost.<\/p>\n<\/li>\n<li data-start=\"712\" data-end=\"811\">\n<p data-start=\"714\" data-end=\"811\">Nakon stvrdnjavanja je <strong data-start=\"729\" data-end=\"743\">crne boje<\/strong> (prikladna za tamna kopita).<\/p>\n<\/li>\n<li data-start=\"812\" data-end=\"954\">\n<p data-start=\"814\" data-end=\"954\">Prikladna za popravke gdje je mo\u017eda potreban i <strong data-start=\"865\" data-end=\"883\">prolaz \u010davala<\/strong> (npr. pri daljnjem potkivanju).<\/p>\n<\/li>\n<\/ul>\n<h3 data-start=\"956\" data-end=\"988\">Upute za upotrebu<\/h3>\n<ol data-start=\"989\" data-end=\"1505\">\n<li data-start=\"989\" data-end=\"1134\">\n<p data-start=\"992\" data-end=\"1134\"><strong data-start=\"992\" data-end=\"1005\">Priprema:<\/strong> kopito mora biti <strong data-start=\"1023\" data-end=\"1040\">\u010disto i suho<\/strong>; prije nano\u0161enja o\u010distite\/odmastite povr\u0161inu kopitne stijenke.<\/p>\n<\/li>\n<li data-start=\"1135\" data-end=\"1248\">\n<p data-start=\"1138\" data-end=\"1248\"><strong data-start=\"1138\" data-end=\"1154\">Temperatura:<\/strong> kartu\u0161u\/proizvod koristite na <strong data-start=\"1186\" data-end=\"1207\">sobnoj temperaturi<\/strong>.<\/p>\n<\/li>\n<li data-start=\"1249\" data-end=\"1391\">\n<p data-start=\"1252\" data-end=\"1391\"><strong data-start=\"1252\" data-end=\"1262\">Nano\u0161enje:<\/strong> istisnite i nanesite masu na podru\u010dje popravka ili za lijepljenje potkove; oblikujte po potrebi.<\/p>\n<\/li>\n<li data-start=\"1392\" data-end=\"1505\">\n<p data-start=\"1395\" data-end=\"1505\"><strong data-start=\"1395\" data-end=\"1403\">Vrijeme:<\/strong> pustite da se <strong data-start=\"1414\" data-end=\"1435\">ve\u017ee za ~1 minutu<\/strong> i <strong data-start=\"1442\" data-end=\"1464\">stvrdne za ~5 minuta<\/strong>.<\/p>\n<\/li>\n<\/ol>\n<h3 data-start=\"1507\" data-end=\"1520\">Upozorenje<\/h3>\n<ul data-start=\"1521\" data-end=\"1618\">\n<li data-start=\"1521\" data-end=\"1618\">\n<p data-start=\"1523\" data-end=\"1618\"><strong data-start=\"1523\" data-end=\"1572\">Ne nanosite izravno na osjetljive strukture<\/strong> kopita.<\/p>\n<\/li>\n<\/ul>\n<p>Dizajniran za rekonstrukciju i popravak kopita, ComfortMix Hoof Repair Black je posebno ljepilo, namijenjeno za velika i mala popravka stijenki kopita te za lijepljenje bilo koje vrste potkove na kopito.<\/p>\n<p>\u2022 Prianja izravno na \u010distu, suhu stijenku kopita<br \/>\n\u2022 Ve\u017ee se za 1 minutu i stvrdnjava za 5 minuta, istovremeno zadr\u017eavaju\u0107i potrebnu fleksibilnost za osiguravanje prirodnog kretanja kopita<br \/>\n\u2022 Kada se stvrdne na stijenci kopita, postaje crne boje<\/p>\n<p>Pobrinite se da proizvod bude sobne temperature prilikom nano\u0161enja.<\/p>\n<p>Komponenta A:<br \/>\nUzrokuje iritaciju ko\u017ee. Mo\u017ee izazvati alergijsku reakciju ko\u017ee.  Uzrokuje jako nadra\u017eivanje oka. \u0160tetno ako se udi\u0161e. Pri udisanju mo\u017ee uzrokovati simptome alergije ili astme ili pote\u0161ko\u0107e s disanjem. Mo\u017ee nadra\u017eiti di\u0161ni sustav. Sumnja se na uzrokovanje raka. Mo\u017ee uzrokovati o\u0161te\u0107enje organa pri dugotrajnoj ili ponavljanoj izlo\u017eenosti.<br \/>\nNe udisati pra\u0161inu\/pare\/maglicu\/plin\/aerosol. Nositi za\u0161titne rukavice\/za\u0161titnu odje\u0107u\/za\u0161titu za o\u010di\/za\u0161titu za lice.      <\/p>\n<p>AKO SE UDI\u0160E:<br \/>\nIzvesti osobu na svje\u017ei zrak i postaviti je u polo\u017eaj koji olak\u0161ava disanje.<\/p>\n<p>U SLU\u010cAJU DODIRA S O\u010cIMA:<br \/>\nOprezno ispirati vodom nekoliko minuta. Ukloniti kontaktne le\u0107e ako ih imate i ako je to lako u\u010diniti. Nastaviti ispirati.  <\/p>\n<p>Ako do\u0111e do iritacije ko\u017ee: zatra\u017eite savjet\/pomo\u0107 lije\u010dnika.<br \/>\nAko primijetite respiratorne simptome: nazovite CENTAR ZA KONTROLU OTROVANJA\/lije\u010dnika.<br \/>\n\u010cuvati u zatvorenoj posudi. Posudu dr\u017eati \u010dvrsto zatvorenu. <\/p>\n<p>Komponenta B:<br \/>\nUzrokuje iritaciju ko\u017ee. Uzrokuje jako nadra\u017eivanje oka. Mo\u017ee nadra\u017eiti di\u0161ni sustav. \u0160tetno ako se udi\u0161e.<br \/>\nSadr\u017eaj\/spremnik odlo\u017eite na odobreno odlagali\u0161te otpada u skladu s lokalnim\/regionalnim\/nacionalnim\/me\u0111unarodnim propisima.<br \/>\nIzbjegavati udisanje pra\u0161ine\/dima\/plina\/maglice\/para\/spreja. Nakon rukovanja temeljito oprati ruke. Nositi za\u0161titne rukavice\/za\u0161titnu odje\u0107u\/za\u0161titu za o\u010di\/za\u0161titu za lice.     <\/p>\n<p>AKO SE PROGUTA:<br \/>\nIsprati usta. NE izazivati povra\u0107anje. <\/p>\n<p>U SLU\u010cAJU DODIRA S KO\u017dOM:<br \/>\nOprati s puno vode\/sapuna.<\/p>\n<p>U SLU\u010cAJU DODIRA S O\u010cIMA:<br \/>\nOprezno ispirati vodom nekoliko minuta. Ukloniti kontaktne le\u0107e ako ih imate i ako je to lako u\u010diniti. Nastaviti ispirati.  <\/p>\n<p>Ako do\u0111e do iritacije oka: zatra\u017eite savjet\/pomo\u0107 lije\u010dnika.<br \/>\nAko primijetite respiratorne simptome: nazovite CENTAR ZA KONTROLU OTROVANJA\/lije\u010dnika.<br \/>\n\u010cuvati u zatvorenoj posudi. Za\u0161tititi od vlage. Posudu dr\u017eati \u010dvrsto zatvorenu.  <\/p>\n<p>Komponenta A sadr\u017ei:<br \/>\n4,4-metilendifenil diizocijanat, oligomeri (CAS br. 25686-28-6), difenilmetan-4,4-di-izocijanat (CAS br. 101-68-8) i metilendifenil diizocijanat (CAS br. 26447-40-5).<\/p>\n<p>Komponenta B sadr\u017ei:<br \/>\nEtilendinitrilotetrapropan-2-ol (CAS br. 102-603-3) i gliceril poli (oksipropilen) triamin (CAS br. 64852-22-8).<\/p>\n<p>Prva pomo\u0107:<br \/>\nPri udisanju ili ote\u017eanom disanju izvesti \u017ertvu na svje\u017ei zrak i pustiti je da miruje u polo\u017eaju koji olak\u0161ava disanje. Ako se simptomi razviju ili potraju, odmah potra\u017eite lije\u010dni\u010dku pomo\u0107.<br \/>\nPri dodiru s o\u010dima: ispirati vodom 15 minuta; nazovite lije\u010dnika.<br \/>\nZa dodir s ko\u017eom: temeljito oprati sapunom i vodom. Ako se pojave simptomi, odmah potra\u017eite lije\u010dni\u010dku pomo\u0107.  <\/p>\n","protected":false},"excerpt":{"rendered":"<ul>\n<li>masa za rekonstrukciju kopitnog materijala<\/li>\n<li>  u crnoj boji<\/li>\n<\/ul>\n","protected":false},"featured_media":131468,"template":"","meta":{"footnotes":""},"product_brand":[],"product_cat":[5657,7072,5960],"product_tag":[],"class_list":{"0":"post-131467","1":"product","2":"type-product","3":"status-publish","4":"has-post-thumbnail","6":"product_cat-kategorije-hr","7":"product_cat-kopitne-mase-i-podloge","8":"product_cat-kovacka-oprema","10":"first","11":"instock","12":"sale","13":"shipping-taxable","14":"purchasable","15":"product-type-simple"},"yoast_head":"<!-- This site is optimized with the Yoast SEO plugin v27.4 - https:\/\/yoast.com\/product\/yoast-seo-wordpress\/ -->\n<title>Masa za kopita Comfortmix Hoof Repair Black - Clair<\/title>\n<meta name=\"description\" content=\"masa za rekonstrukciju kopitnog materijala   u crnoj boji\" \/>\n<meta name=\"robots\" content=\"index, follow, max-snippet:-1, max-image-preview:large, max-video-preview:-1\" \/>\n<link rel=\"canonical\" href=\"https:\/\/clair.si\/hr\/izdelek\/masa-za-kopita-comfortmix-hoof-repair-black\/\" \/>\n<meta property=\"og:locale\" content=\"hr_HR\" \/>\n<meta property=\"og:type\" content=\"article\" \/>\n<meta property=\"og:title\" content=\"Masa za kopita Comfortmix Hoof Repair Black - Clair\" \/>\n<meta property=\"og:description\" content=\"masa za rekonstrukciju kopitnog materijala   u crnoj boji\" \/>\n<meta property=\"og:url\" content=\"https:\/\/clair.si\/hr\/izdelek\/masa-za-kopita-comfortmix-hoof-repair-black\/\" \/>\n<meta property=\"og:site_name\" content=\"Clair\" \/>\n<meta property=\"article:publisher\" content=\"https:\/\/www.facebook.com\/TrgovinaClair\/\" \/>\n<meta property=\"article:modified_time\" content=\"2026-02-25T16:23:50+00:00\" \/>\n<meta property=\"og:image\" content=\"https:\/\/clair.si\/wp-content\/uploads\/2026\/02\/repair-black-clair.webp\" \/>\n\t<meta property=\"og:image:width\" content=\"1000\" \/>\n\t<meta property=\"og:image:height\" content=\"1000\" \/>\n\t<meta property=\"og:image:type\" content=\"image\/png\" \/>\n<meta name=\"twitter:card\" content=\"summary_large_image\" \/>\n<meta name=\"twitter:label1\" content=\"Procijenjeno vrijeme \u010ditanja\" \/>\n\t<meta name=\"twitter:data1\" content=\"3 minute\" \/>\n<script type=\"application\/ld+json\" class=\"yoast-schema-graph\">{\"@context\":\"https:\\\/\\\/schema.org\",\"@graph\":[{\"@type\":\"WebPage\",\"@id\":\"https:\\\/\\\/clair.si\\\/hr\\\/izdelek\\\/masa-za-kopita-comfortmix-hoof-repair-black\\\/\",\"url\":\"https:\\\/\\\/clair.si\\\/hr\\\/izdelek\\\/masa-za-kopita-comfortmix-hoof-repair-black\\\/\",\"name\":\"Masa za kopita Comfortmix Hoof Repair Black - Clair\",\"isPartOf\":{\"@id\":\"https:\\\/\\\/clair.si\\\/#website\"},\"primaryImageOfPage\":{\"@id\":\"https:\\\/\\\/clair.si\\\/hr\\\/izdelek\\\/masa-za-kopita-comfortmix-hoof-repair-black\\\/#primaryimage\"},\"image\":{\"@id\":\"https:\\\/\\\/clair.si\\\/hr\\\/izdelek\\\/masa-za-kopita-comfortmix-hoof-repair-black\\\/#primaryimage\"},\"thumbnailUrl\":\"https:\\\/\\\/clair.si\\\/wp-content\\\/uploads\\\/2026\\\/02\\\/repair-black-clair.webp\",\"datePublished\":\"2026-02-02T13:35:42+00:00\",\"dateModified\":\"2026-02-25T16:23:50+00:00\",\"description\":\"masa za rekonstrukciju kopitnog materijala u crnoj boji\",\"breadcrumb\":{\"@id\":\"https:\\\/\\\/clair.si\\\/hr\\\/izdelek\\\/masa-za-kopita-comfortmix-hoof-repair-black\\\/#breadcrumb\"},\"inLanguage\":\"hr\",\"potentialAction\":[{\"@type\":\"ReadAction\",\"target\":[\"https:\\\/\\\/clair.si\\\/hr\\\/izdelek\\\/masa-za-kopita-comfortmix-hoof-repair-black\\\/\"]}]},{\"@type\":\"ImageObject\",\"inLanguage\":\"hr\",\"@id\":\"https:\\\/\\\/clair.si\\\/hr\\\/izdelek\\\/masa-za-kopita-comfortmix-hoof-repair-black\\\/#primaryimage\",\"url\":\"https:\\\/\\\/clair.si\\\/wp-content\\\/uploads\\\/2026\\\/02\\\/repair-black-clair.webp\",\"contentUrl\":\"https:\\\/\\\/clair.si\\\/wp-content\\\/uploads\\\/2026\\\/02\\\/repair-black-clair.webp\",\"width\":1000,\"height\":1000},{\"@type\":\"BreadcrumbList\",\"@id\":\"https:\\\/\\\/clair.si\\\/hr\\\/izdelek\\\/masa-za-kopita-comfortmix-hoof-repair-black\\\/#breadcrumb\",\"itemListElement\":[{\"@type\":\"ListItem\",\"position\":1,\"name\":\"Home\",\"item\":\"https:\\\/\\\/clair.si\\\/hr\\\/\"},{\"@type\":\"ListItem\",\"position\":2,\"name\":\"Trgovina\",\"item\":\"https:\\\/\\\/clair.si\\\/trgovina\\\/\"},{\"@type\":\"ListItem\",\"position\":3,\"name\":\"Masa za kopita Comfortmix Hoof Repair Black\"}]},{\"@type\":\"WebSite\",\"@id\":\"https:\\\/\\\/clair.si\\\/#website\",\"url\":\"https:\\\/\\\/clair.si\\\/\",\"name\":\"Clair\",\"description\":\"Trgovina s konjeni\u0161ko opremo\",\"publisher\":{\"@id\":\"https:\\\/\\\/clair.si\\\/#organization\"},\"potentialAction\":[{\"@type\":\"SearchAction\",\"target\":{\"@type\":\"EntryPoint\",\"urlTemplate\":\"https:\\\/\\\/clair.si\\\/?s={search_term_string}\"},\"query-input\":{\"@type\":\"PropertyValueSpecification\",\"valueRequired\":true,\"valueName\":\"search_term_string\"}}],\"inLanguage\":\"hr\"},{\"@type\":\"Organization\",\"@id\":\"https:\\\/\\\/clair.si\\\/#organization\",\"name\":\"Clair\",\"url\":\"https:\\\/\\\/clair.si\\\/\",\"logo\":{\"@type\":\"ImageObject\",\"inLanguage\":\"hr\",\"@id\":\"https:\\\/\\\/clair.si\\\/#\\\/schema\\\/logo\\\/image\\\/\",\"url\":\"https:\\\/\\\/clair.si\\\/wp-content\\\/uploads\\\/2022\\\/11\\\/clair_logo_2022.jpg\",\"contentUrl\":\"https:\\\/\\\/clair.si\\\/wp-content\\\/uploads\\\/2022\\\/11\\\/clair_logo_2022.jpg\",\"width\":1920,\"height\":1920,\"caption\":\"Clair\"},\"image\":{\"@id\":\"https:\\\/\\\/clair.si\\\/#\\\/schema\\\/logo\\\/image\\\/\"},\"sameAs\":[\"https:\\\/\\\/www.facebook.com\\\/TrgovinaClair\\\/\"]}]}<\/script>\n<!-- \/ Yoast SEO plugin. -->","yoast_head_json":{"title":"Masa za kopita Comfortmix Hoof Repair Black - Clair","description":"masa za rekonstrukciju kopitnog materijala   u crnoj boji","robots":{"index":"index","follow":"follow","max-snippet":"max-snippet:-1","max-image-preview":"max-image-preview:large","max-video-preview":"max-video-preview:-1"},"canonical":"https:\/\/clair.si\/hr\/izdelek\/masa-za-kopita-comfortmix-hoof-repair-black\/","og_locale":"hr_HR","og_type":"article","og_title":"Masa za kopita Comfortmix Hoof Repair Black - Clair","og_description":"masa za rekonstrukciju kopitnog materijala   u crnoj boji","og_url":"https:\/\/clair.si\/hr\/izdelek\/masa-za-kopita-comfortmix-hoof-repair-black\/","og_site_name":"Clair","article_publisher":"https:\/\/www.facebook.com\/TrgovinaClair\/","article_modified_time":"2026-02-25T16:23:50+00:00","og_image":[{"width":1000,"height":1000,"url":"https:\/\/clair.si\/wp-content\/uploads\/2026\/02\/repair-black-clair.webp","type":"image\/png"}],"twitter_card":"summary_large_image","twitter_misc":{"Procijenjeno vrijeme \u010ditanja":"3 minute"},"schema":{"@context":"https:\/\/schema.org","@graph":[{"@type":"WebPage","@id":"https:\/\/clair.si\/hr\/izdelek\/masa-za-kopita-comfortmix-hoof-repair-black\/","url":"https:\/\/clair.si\/hr\/izdelek\/masa-za-kopita-comfortmix-hoof-repair-black\/","name":"Masa za kopita Comfortmix Hoof Repair Black - Clair","isPartOf":{"@id":"https:\/\/clair.si\/#website"},"primaryImageOfPage":{"@id":"https:\/\/clair.si\/hr\/izdelek\/masa-za-kopita-comfortmix-hoof-repair-black\/#primaryimage"},"image":{"@id":"https:\/\/clair.si\/hr\/izdelek\/masa-za-kopita-comfortmix-hoof-repair-black\/#primaryimage"},"thumbnailUrl":"https:\/\/clair.si\/wp-content\/uploads\/2026\/02\/repair-black-clair.webp","datePublished":"2026-02-02T13:35:42+00:00","dateModified":"2026-02-25T16:23:50+00:00","description":"masa za rekonstrukciju kopitnog materijala u crnoj boji","breadcrumb":{"@id":"https:\/\/clair.si\/hr\/izdelek\/masa-za-kopita-comfortmix-hoof-repair-black\/#breadcrumb"},"inLanguage":"hr","potentialAction":[{"@type":"ReadAction","target":["https:\/\/clair.si\/hr\/izdelek\/masa-za-kopita-comfortmix-hoof-repair-black\/"]}]},{"@type":"ImageObject","inLanguage":"hr","@id":"https:\/\/clair.si\/hr\/izdelek\/masa-za-kopita-comfortmix-hoof-repair-black\/#primaryimage","url":"https:\/\/clair.si\/wp-content\/uploads\/2026\/02\/repair-black-clair.webp","contentUrl":"https:\/\/clair.si\/wp-content\/uploads\/2026\/02\/repair-black-clair.webp","width":1000,"height":1000},{"@type":"BreadcrumbList","@id":"https:\/\/clair.si\/hr\/izdelek\/masa-za-kopita-comfortmix-hoof-repair-black\/#breadcrumb","itemListElement":[{"@type":"ListItem","position":1,"name":"Home","item":"https:\/\/clair.si\/hr\/"},{"@type":"ListItem","position":2,"name":"Trgovina","item":"https:\/\/clair.si\/trgovina\/"},{"@type":"ListItem","position":3,"name":"Masa za kopita Comfortmix Hoof Repair Black"}]},{"@type":"WebSite","@id":"https:\/\/clair.si\/#website","url":"https:\/\/clair.si\/","name":"Clair","description":"Trgovina s konjeni\u0161ko opremo","publisher":{"@id":"https:\/\/clair.si\/#organization"},"potentialAction":[{"@type":"SearchAction","target":{"@type":"EntryPoint","urlTemplate":"https:\/\/clair.si\/?s={search_term_string}"},"query-input":{"@type":"PropertyValueSpecification","valueRequired":true,"valueName":"search_term_string"}}],"inLanguage":"hr"},{"@type":"Organization","@id":"https:\/\/clair.si\/#organization","name":"Clair","url":"https:\/\/clair.si\/","logo":{"@type":"ImageObject","inLanguage":"hr","@id":"https:\/\/clair.si\/#\/schema\/logo\/image\/","url":"https:\/\/clair.si\/wp-content\/uploads\/2022\/11\/clair_logo_2022.jpg","contentUrl":"https:\/\/clair.si\/wp-content\/uploads\/2022\/11\/clair_logo_2022.jpg","width":1920,"height":1920,"caption":"Clair"},"image":{"@id":"https:\/\/clair.si\/#\/schema\/logo\/image\/"},"sameAs":["https:\/\/www.facebook.com\/TrgovinaClair\/"]}]}},"_links":{"self":[{"href":"https:\/\/clair.si\/hr\/wp-json\/wp\/v2\/product\/131467","targetHints":{"allow":["GET"]}}],"collection":[{"href":"https:\/\/clair.si\/hr\/wp-json\/wp\/v2\/product"}],"about":[{"href":"https:\/\/clair.si\/hr\/wp-json\/wp\/v2\/types\/product"}],"version-history":[{"count":1,"href":"https:\/\/clair.si\/hr\/wp-json\/wp\/v2\/product\/131467\/revisions"}],"predecessor-version":[{"id":131623,"href":"https:\/\/clair.si\/hr\/wp-json\/wp\/v2\/product\/131467\/revisions\/131623"}],"wp:featuredmedia":[{"embeddable":true,"href":"https:\/\/clair.si\/hr\/wp-json\/wp\/v2\/media\/131468"}],"wp:attachment":[{"href":"https:\/\/clair.si\/hr\/wp-json\/wp\/v2\/media?parent=131467"}],"wp:term":[{"taxonomy":"product_brand","embeddable":true,"href":"https:\/\/clair.si\/hr\/wp-json\/wp\/v2\/product_brand?post=131467"},{"taxonomy":"product_cat","embeddable":true,"href":"https:\/\/clair.si\/hr\/wp-json\/wp\/v2\/product_cat?post=131467"},{"taxonomy":"product_tag","embeddable":true,"href":"https:\/\/clair.si\/hr\/wp-json\/wp\/v2\/product_tag?post=131467"}],"curies":[{"name":"wp","href":"https:\/\/api.w.org\/{rel}","templated":true}]}}