{"id":131471,"date":"2026-02-02T14:41:43","date_gmt":"2026-02-02T13:41:43","guid":{"rendered":"https:\/\/clair.si\/izdelek\/masa-za-kopita-comfortmix-hoof-repair-white\/"},"modified":"2026-02-25T17:23:49","modified_gmt":"2026-02-25T16:23:49","slug":"masa-za-kopita-comfortmix-hoof-repair-white","status":"publish","type":"product","link":"https:\/\/clair.si\/hr\/izdelek\/masa-za-kopita-comfortmix-hoof-repair-white\/","title":{"rendered":"Masa za kopita Comfortmix Hoof Repair White"},"content":{"rendered":"<p data-start=\"53\" data-end=\"474\"><strong data-start=\"53\" data-end=\"85\">Comfortmix Hoof Repair White<\/strong> je <strong data-start=\"89\" data-end=\"135\">dvokomponentna poliuretanska masa (200 ml)<\/strong> za <strong data-start=\"139\" data-end=\"191\">popravak ili rekonstrukciju dijelova stijenke kopita<\/strong>. Odli\u010dno prianja na <strong data-start=\"211\" data-end=\"223\">keratin<\/strong> i materijale kao \u0161to su <strong data-start=\"246\" data-end=\"284\">\u010delik\/\u017eeljezo, aluminij, poliuretan<\/strong>, a nakon stvrdnjavanja ima <strong data-start=\"305\" data-end=\"364\">elasti\u010dnost i mehani\u010dku otpornost sli\u010dnu stijenki kopita<\/strong>. Omogu\u0107uje i <strong data-start=\"379\" data-end=\"397\">prolaz \u010davala<\/strong> (po potrebi pri daljnjem potkivanju).  <\/p>\n<p data-start=\"476\" data-end=\"666\"><strong data-start=\"476\" data-end=\"503\">Razlika u odnosu na Black:<\/strong> prakti\u010dki ista masa \u2013 razlikuje se <strong data-start=\"539\" data-end=\"553\">samo boja<\/strong>; <strong data-start=\"555\" data-end=\"563\">bijela<\/strong> je namijenjena <strong data-start=\"577\" data-end=\"602\">svijetlim\/bijelim kopitima<\/strong> (estetski manje uo\u010dljivo).<\/p>\n<h3 data-start=\"668\" data-end=\"686\">Vrijeme stvrdnjavanja<\/h3>\n<ul data-start=\"687\" data-end=\"797\">\n<li data-start=\"687\" data-end=\"710\">\n<p data-start=\"689\" data-end=\"710\"><strong data-start=\"689\" data-end=\"710\">prianja za ~1 minutu<\/strong><\/p>\n<\/li>\n<li data-start=\"711\" data-end=\"797\">\n<p data-start=\"713\" data-end=\"797\"><strong data-start=\"713\" data-end=\"757\">potpuna katalizacija\/stvrdnjavanje za ~5 minuta<\/strong><\/p>\n<\/li>\n<\/ul>\n<h3 data-start=\"799\" data-end=\"831\">Upute za uporabu (kratko)<\/h3>\n<ol data-start=\"832\" data-end=\"1202\">\n<li data-start=\"832\" data-end=\"941\">\n<p data-start=\"835\" data-end=\"941\"><strong data-start=\"835\" data-end=\"848\">Priprema:<\/strong> stijenka kopita mora biti <strong data-start=\"873\" data-end=\"890\">\u010dista i suha<\/strong> (najbolje prianjanje je na pripremljenoj povr\u0161ini).<\/p>\n<\/li>\n<li data-start=\"942\" data-end=\"1036\">\n<p data-start=\"945\" data-end=\"1036\"><strong data-start=\"945\" data-end=\"955\">Nano\u0161enje:<\/strong> istisnite i nanesite na podru\u010dje popravka (ili za lijepljenje), oblikujte po potrebi.<\/p>\n<\/li>\n<li data-start=\"1037\" data-end=\"1202\">\n<p data-start=\"1040\" data-end=\"1202\"><strong data-start=\"1040\" data-end=\"1052\">Pri\u010dekajte:<\/strong> ostavite <strong data-start=\"1059\" data-end=\"1068\">1 min<\/strong>, zatim se masa <strong data-start=\"1083\" data-end=\"1101\">stvrdne za ~5 min<\/strong>; nakon stvrdnjavanja mo\u017eete je po potrebi dodatno oblikovati\/izravnati.<\/p>\n<\/li>\n<\/ol>\n<p>Komponenta A:<br \/>\nUzrokuje nadra\u017eivanje ko\u017ee. Mo\u017ee izazvati alergijsku reakciju na ko\u017ei. Uzrokuje jako nadra\u017eivanje oka. \u0160tetno ako se udi\u0161e. Mo\u017ee izazvati simptome alergije ili astme ili pote\u0161ko\u0107e s disanjem ako se udi\u0161e. Mo\u017ee nadra\u017eiti di\u0161ni sustav. Sumnja na izazivanje raka. Mo\u017ee uzrokovati o\u0161te\u0107enje organa tijekom produljene ili ponavljane izlo\u017eenosti.<br \/>\nNe udisati pra\u0161inu\/dim\/plin\/maglu\/paru\/aerosol. Nositi za\u0161titne rukavice\/za\u0161titno odijelo\/za\u0161titu za o\u010di\/za\u0161titu za lice.        <\/p>\n<p>AKO SE UDI\u0160E:<br \/>\nPremjestiti osobu na svje\u017ei zrak i postaviti ju u polo\u017eaj koji olak\u0161ava disanje.<\/p>\n<p>U SLU\u010cAJU DODIRA S O\u010cIMA:<br \/>\nOprezno ispirati vodom nekoliko minuta. Ukloniti kontaktne le\u0107e ako ih nosite i ako se one lako uklanjaju. Nastaviti ispirati.  <\/p>\n<p>U slu\u010daju nadra\u017eaja ko\u017ee: zatra\u017eiti savjet\/pomo\u0107 lije\u010dnika.<br \/>\nU slu\u010daju respiratornih simptoma: nazvati CENTAR ZA KONTROLU TROVANJA\/lije\u010dnika.<br \/>\nSkladi\u0161titi u zatvorenom spremniku. \u010cuvati spremnik \u010dvrsto zatvorenim. <\/p>\n<p>Komponenta B:<br \/>\nUzrokuje nadra\u017eivanje ko\u017ee. Uzrokuje jako nadra\u017eivanje oka. Mo\u017ee nadra\u017eiti di\u0161ni sustav. \u0160tetno ako se udi\u0161e.<br \/>\nOdlo\u017eiti sadr\u017eaj\/spremnik na odobreno odlagali\u0161te otpada u skladu s lokalnim\/regionalnim\/nacionalnim\/me\u0111unarodnim propisima.<br \/>\nIzbjegavati udisanje pra\u0161ine\/dima\/plina\/magle\/pare\/aerosola. Nakon rukovanja temeljito oprati ruke. Nositi za\u0161titne rukavice\/za\u0161titno odijelo\/za\u0161titu za o\u010di\/za\u0161titu za lice.     <\/p>\n<p>AKO SE PROGUTA:<br \/>\nIsprati usta. NE izazivati povra\u0107anje. <\/p>\n<p>U SLU\u010cAJU DODIRA S KO\u017dOM:<br \/>\nOprati velikim koli\u010dinama vode\/sapuna.<\/p>\n<p>U SLU\u010cAJU DODIRA S O\u010cIMA:<br \/>\nOprezno ispirati vodom nekoliko minuta. Ukloniti kontaktne le\u0107e ako ih nosite i ako se one lako uklanjaju. Nastaviti ispirati.  <\/p>\n<p>U slu\u010daju nadra\u017eaja oka: zatra\u017eiti savjet\/pomo\u0107 lije\u010dnika.<br \/>\nU slu\u010daju respiratornih simptoma: nazvati CENTAR ZA KONTROLU TROVANJA\/lije\u010dnika.<br \/>\nSkladi\u0161titi u zatvorenom spremniku. Za\u0161tititi od vlage. \u010cuvati spremnik \u010dvrsto zatvorenim.  <\/p>\n<p>Komponenta A sadr\u017ei:<br \/>\n4,4-metilendifenil diizocijanat, oligomeri (CAS br. 25686-28-6), difenilmetan-4,4-diizocijanat (CAS br. 101-68-8) i metilendifenil diizocijanat (CAS br. 26447-40-5).<\/p>\n<p>Komponenta B sadr\u017ei:<br \/>\nEtilendinitrilotetrapropan-2-ol (CAS br. 102-603-3) i gliceril poli (oksipropilen) triamin (CAS br. 64852-22-8).<\/p>\n<p>Prva pomo\u0107:<br \/>\nU slu\u010daju udisanja ili ote\u017eanog disanja premjestiti unesre\u0107enu osobu na svje\u017ei zrak i postaviti ju u polo\u017eaj koji olak\u0161ava disanje. Ako se simptomi pojave ili ne prestaju, odmah zatra\u017eite lije\u010dni\u010dku pomo\u0107.<br \/>\nU slu\u010daju dodira s o\u010dima: ispirati vodom 15 minuta; nazvati lije\u010dnika.<br \/>\nU slu\u010daju dodira s ko\u017eom: temeljito oprati sapunom i vodom. Ako se pojave simptomi, odmah zatra\u017eite lije\u010dni\u010dku pomo\u0107.  <\/p>\n","protected":false},"excerpt":{"rendered":"<ul>\n<li>rekonstrukcijska masa za kopita u bijeloj boji<\/li>\n<\/ul>\n","protected":false},"featured_media":131472,"template":"","meta":{"footnotes":""},"product_brand":[],"product_cat":[5657,7072,5960],"product_tag":[],"class_list":{"0":"post-131471","1":"product","2":"type-product","3":"status-publish","4":"has-post-thumbnail","6":"product_cat-kategorije-hr","7":"product_cat-kopitne-mase-i-podloge","8":"product_cat-kovacka-oprema","10":"first","11":"instock","12":"sale","13":"shipping-taxable","14":"purchasable","15":"product-type-simple"},"yoast_head":"<!-- This site is optimized with the Yoast SEO plugin v27.4 - https:\/\/yoast.com\/product\/yoast-seo-wordpress\/ -->\n<title>Masa za kopita Comfortmix Hoof Repair White - Clair<\/title>\n<meta name=\"description\" content=\"rekonstrukcijska masa za kopita u bijeloj boji\" \/>\n<meta name=\"robots\" content=\"index, follow, max-snippet:-1, max-image-preview:large, max-video-preview:-1\" \/>\n<link rel=\"canonical\" href=\"https:\/\/clair.si\/hr\/izdelek\/masa-za-kopita-comfortmix-hoof-repair-white\/\" \/>\n<meta property=\"og:locale\" content=\"hr_HR\" \/>\n<meta property=\"og:type\" content=\"article\" \/>\n<meta property=\"og:title\" content=\"Masa za kopita Comfortmix Hoof Repair White - Clair\" \/>\n<meta property=\"og:description\" content=\"rekonstrukcijska masa za kopita u bijeloj boji\" \/>\n<meta property=\"og:url\" content=\"https:\/\/clair.si\/hr\/izdelek\/masa-za-kopita-comfortmix-hoof-repair-white\/\" \/>\n<meta property=\"og:site_name\" content=\"Clair\" \/>\n<meta property=\"article:publisher\" content=\"https:\/\/www.facebook.com\/TrgovinaClair\/\" \/>\n<meta property=\"article:modified_time\" content=\"2026-02-25T16:23:49+00:00\" \/>\n<meta property=\"og:image\" content=\"https:\/\/clair.si\/wp-content\/uploads\/2026\/02\/repair-white-clair.webp\" \/>\n\t<meta property=\"og:image:width\" content=\"1000\" \/>\n\t<meta property=\"og:image:height\" content=\"1000\" \/>\n\t<meta property=\"og:image:type\" content=\"image\/png\" \/>\n<meta name=\"twitter:card\" content=\"summary_large_image\" \/>\n<meta name=\"twitter:label1\" content=\"Procijenjeno vrijeme \u010ditanja\" \/>\n\t<meta name=\"twitter:data1\" content=\"3 minute\" \/>\n<script type=\"application\/ld+json\" class=\"yoast-schema-graph\">{\"@context\":\"https:\\\/\\\/schema.org\",\"@graph\":[{\"@type\":\"WebPage\",\"@id\":\"https:\\\/\\\/clair.si\\\/hr\\\/izdelek\\\/masa-za-kopita-comfortmix-hoof-repair-white\\\/\",\"url\":\"https:\\\/\\\/clair.si\\\/hr\\\/izdelek\\\/masa-za-kopita-comfortmix-hoof-repair-white\\\/\",\"name\":\"Masa za kopita Comfortmix Hoof Repair White - Clair\",\"isPartOf\":{\"@id\":\"https:\\\/\\\/clair.si\\\/#website\"},\"primaryImageOfPage\":{\"@id\":\"https:\\\/\\\/clair.si\\\/hr\\\/izdelek\\\/masa-za-kopita-comfortmix-hoof-repair-white\\\/#primaryimage\"},\"image\":{\"@id\":\"https:\\\/\\\/clair.si\\\/hr\\\/izdelek\\\/masa-za-kopita-comfortmix-hoof-repair-white\\\/#primaryimage\"},\"thumbnailUrl\":\"https:\\\/\\\/clair.si\\\/wp-content\\\/uploads\\\/2026\\\/02\\\/repair-white-clair.webp\",\"datePublished\":\"2026-02-02T13:41:43+00:00\",\"dateModified\":\"2026-02-25T16:23:49+00:00\",\"description\":\"rekonstrukcijska masa za kopita u bijeloj boji\",\"breadcrumb\":{\"@id\":\"https:\\\/\\\/clair.si\\\/hr\\\/izdelek\\\/masa-za-kopita-comfortmix-hoof-repair-white\\\/#breadcrumb\"},\"inLanguage\":\"hr\",\"potentialAction\":[{\"@type\":\"ReadAction\",\"target\":[\"https:\\\/\\\/clair.si\\\/hr\\\/izdelek\\\/masa-za-kopita-comfortmix-hoof-repair-white\\\/\"]}]},{\"@type\":\"ImageObject\",\"inLanguage\":\"hr\",\"@id\":\"https:\\\/\\\/clair.si\\\/hr\\\/izdelek\\\/masa-za-kopita-comfortmix-hoof-repair-white\\\/#primaryimage\",\"url\":\"https:\\\/\\\/clair.si\\\/wp-content\\\/uploads\\\/2026\\\/02\\\/repair-white-clair.webp\",\"contentUrl\":\"https:\\\/\\\/clair.si\\\/wp-content\\\/uploads\\\/2026\\\/02\\\/repair-white-clair.webp\",\"width\":1000,\"height\":1000},{\"@type\":\"BreadcrumbList\",\"@id\":\"https:\\\/\\\/clair.si\\\/hr\\\/izdelek\\\/masa-za-kopita-comfortmix-hoof-repair-white\\\/#breadcrumb\",\"itemListElement\":[{\"@type\":\"ListItem\",\"position\":1,\"name\":\"Home\",\"item\":\"https:\\\/\\\/clair.si\\\/hr\\\/\"},{\"@type\":\"ListItem\",\"position\":2,\"name\":\"Trgovina\",\"item\":\"https:\\\/\\\/clair.si\\\/trgovina\\\/\"},{\"@type\":\"ListItem\",\"position\":3,\"name\":\"Masa za kopita Comfortmix Hoof Repair White\"}]},{\"@type\":\"WebSite\",\"@id\":\"https:\\\/\\\/clair.si\\\/#website\",\"url\":\"https:\\\/\\\/clair.si\\\/\",\"name\":\"Clair\",\"description\":\"Trgovina s konjeni\u0161ko opremo\",\"publisher\":{\"@id\":\"https:\\\/\\\/clair.si\\\/#organization\"},\"potentialAction\":[{\"@type\":\"SearchAction\",\"target\":{\"@type\":\"EntryPoint\",\"urlTemplate\":\"https:\\\/\\\/clair.si\\\/?s={search_term_string}\"},\"query-input\":{\"@type\":\"PropertyValueSpecification\",\"valueRequired\":true,\"valueName\":\"search_term_string\"}}],\"inLanguage\":\"hr\"},{\"@type\":\"Organization\",\"@id\":\"https:\\\/\\\/clair.si\\\/#organization\",\"name\":\"Clair\",\"url\":\"https:\\\/\\\/clair.si\\\/\",\"logo\":{\"@type\":\"ImageObject\",\"inLanguage\":\"hr\",\"@id\":\"https:\\\/\\\/clair.si\\\/#\\\/schema\\\/logo\\\/image\\\/\",\"url\":\"https:\\\/\\\/clair.si\\\/wp-content\\\/uploads\\\/2022\\\/11\\\/clair_logo_2022.jpg\",\"contentUrl\":\"https:\\\/\\\/clair.si\\\/wp-content\\\/uploads\\\/2022\\\/11\\\/clair_logo_2022.jpg\",\"width\":1920,\"height\":1920,\"caption\":\"Clair\"},\"image\":{\"@id\":\"https:\\\/\\\/clair.si\\\/#\\\/schema\\\/logo\\\/image\\\/\"},\"sameAs\":[\"https:\\\/\\\/www.facebook.com\\\/TrgovinaClair\\\/\"]}]}<\/script>\n<!-- \/ Yoast SEO plugin. -->","yoast_head_json":{"title":"Masa za kopita Comfortmix Hoof Repair White - Clair","description":"rekonstrukcijska masa za kopita u bijeloj boji","robots":{"index":"index","follow":"follow","max-snippet":"max-snippet:-1","max-image-preview":"max-image-preview:large","max-video-preview":"max-video-preview:-1"},"canonical":"https:\/\/clair.si\/hr\/izdelek\/masa-za-kopita-comfortmix-hoof-repair-white\/","og_locale":"hr_HR","og_type":"article","og_title":"Masa za kopita Comfortmix Hoof Repair White - Clair","og_description":"rekonstrukcijska masa za kopita u bijeloj boji","og_url":"https:\/\/clair.si\/hr\/izdelek\/masa-za-kopita-comfortmix-hoof-repair-white\/","og_site_name":"Clair","article_publisher":"https:\/\/www.facebook.com\/TrgovinaClair\/","article_modified_time":"2026-02-25T16:23:49+00:00","og_image":[{"width":1000,"height":1000,"url":"https:\/\/clair.si\/wp-content\/uploads\/2026\/02\/repair-white-clair.webp","type":"image\/png"}],"twitter_card":"summary_large_image","twitter_misc":{"Procijenjeno vrijeme \u010ditanja":"3 minute"},"schema":{"@context":"https:\/\/schema.org","@graph":[{"@type":"WebPage","@id":"https:\/\/clair.si\/hr\/izdelek\/masa-za-kopita-comfortmix-hoof-repair-white\/","url":"https:\/\/clair.si\/hr\/izdelek\/masa-za-kopita-comfortmix-hoof-repair-white\/","name":"Masa za kopita Comfortmix Hoof Repair White - Clair","isPartOf":{"@id":"https:\/\/clair.si\/#website"},"primaryImageOfPage":{"@id":"https:\/\/clair.si\/hr\/izdelek\/masa-za-kopita-comfortmix-hoof-repair-white\/#primaryimage"},"image":{"@id":"https:\/\/clair.si\/hr\/izdelek\/masa-za-kopita-comfortmix-hoof-repair-white\/#primaryimage"},"thumbnailUrl":"https:\/\/clair.si\/wp-content\/uploads\/2026\/02\/repair-white-clair.webp","datePublished":"2026-02-02T13:41:43+00:00","dateModified":"2026-02-25T16:23:49+00:00","description":"rekonstrukcijska masa za kopita u bijeloj boji","breadcrumb":{"@id":"https:\/\/clair.si\/hr\/izdelek\/masa-za-kopita-comfortmix-hoof-repair-white\/#breadcrumb"},"inLanguage":"hr","potentialAction":[{"@type":"ReadAction","target":["https:\/\/clair.si\/hr\/izdelek\/masa-za-kopita-comfortmix-hoof-repair-white\/"]}]},{"@type":"ImageObject","inLanguage":"hr","@id":"https:\/\/clair.si\/hr\/izdelek\/masa-za-kopita-comfortmix-hoof-repair-white\/#primaryimage","url":"https:\/\/clair.si\/wp-content\/uploads\/2026\/02\/repair-white-clair.webp","contentUrl":"https:\/\/clair.si\/wp-content\/uploads\/2026\/02\/repair-white-clair.webp","width":1000,"height":1000},{"@type":"BreadcrumbList","@id":"https:\/\/clair.si\/hr\/izdelek\/masa-za-kopita-comfortmix-hoof-repair-white\/#breadcrumb","itemListElement":[{"@type":"ListItem","position":1,"name":"Home","item":"https:\/\/clair.si\/hr\/"},{"@type":"ListItem","position":2,"name":"Trgovina","item":"https:\/\/clair.si\/trgovina\/"},{"@type":"ListItem","position":3,"name":"Masa za kopita Comfortmix Hoof Repair White"}]},{"@type":"WebSite","@id":"https:\/\/clair.si\/#website","url":"https:\/\/clair.si\/","name":"Clair","description":"Trgovina s konjeni\u0161ko opremo","publisher":{"@id":"https:\/\/clair.si\/#organization"},"potentialAction":[{"@type":"SearchAction","target":{"@type":"EntryPoint","urlTemplate":"https:\/\/clair.si\/?s={search_term_string}"},"query-input":{"@type":"PropertyValueSpecification","valueRequired":true,"valueName":"search_term_string"}}],"inLanguage":"hr"},{"@type":"Organization","@id":"https:\/\/clair.si\/#organization","name":"Clair","url":"https:\/\/clair.si\/","logo":{"@type":"ImageObject","inLanguage":"hr","@id":"https:\/\/clair.si\/#\/schema\/logo\/image\/","url":"https:\/\/clair.si\/wp-content\/uploads\/2022\/11\/clair_logo_2022.jpg","contentUrl":"https:\/\/clair.si\/wp-content\/uploads\/2022\/11\/clair_logo_2022.jpg","width":1920,"height":1920,"caption":"Clair"},"image":{"@id":"https:\/\/clair.si\/#\/schema\/logo\/image\/"},"sameAs":["https:\/\/www.facebook.com\/TrgovinaClair\/"]}]}},"_links":{"self":[{"href":"https:\/\/clair.si\/hr\/wp-json\/wp\/v2\/product\/131471","targetHints":{"allow":["GET"]}}],"collection":[{"href":"https:\/\/clair.si\/hr\/wp-json\/wp\/v2\/product"}],"about":[{"href":"https:\/\/clair.si\/hr\/wp-json\/wp\/v2\/types\/product"}],"version-history":[{"count":1,"href":"https:\/\/clair.si\/hr\/wp-json\/wp\/v2\/product\/131471\/revisions"}],"predecessor-version":[{"id":131622,"href":"https:\/\/clair.si\/hr\/wp-json\/wp\/v2\/product\/131471\/revisions\/131622"}],"wp:featuredmedia":[{"embeddable":true,"href":"https:\/\/clair.si\/hr\/wp-json\/wp\/v2\/media\/131472"}],"wp:attachment":[{"href":"https:\/\/clair.si\/hr\/wp-json\/wp\/v2\/media?parent=131471"}],"wp:term":[{"taxonomy":"product_brand","embeddable":true,"href":"https:\/\/clair.si\/hr\/wp-json\/wp\/v2\/product_brand?post=131471"},{"taxonomy":"product_cat","embeddable":true,"href":"https:\/\/clair.si\/hr\/wp-json\/wp\/v2\/product_cat?post=131471"},{"taxonomy":"product_tag","embeddable":true,"href":"https:\/\/clair.si\/hr\/wp-json\/wp\/v2\/product_tag?post=131471"}],"curies":[{"name":"wp","href":"https:\/\/api.w.org\/{rel}","templated":true}]}}