{"id":131474,"date":"2026-02-02T15:17:41","date_gmt":"2026-02-02T14:17:41","guid":{"rendered":"https:\/\/clair.si\/izdelek\/ostrac-za-kovacke-nozeve-mustad\/"},"modified":"2026-02-25T17:24:01","modified_gmt":"2026-02-25T16:24:01","slug":"ostrac-za-kovacke-nozeve-mustad","status":"publish","type":"product","link":"https:\/\/clair.si\/hr\/izdelek\/ostrac-za-kovacke-nozeve-mustad\/","title":{"rendered":"O\u0161tra\u010d za kova\u010dke no\u017eeve Mustad"},"content":{"rendered":"<p>O\u0161tra\u010d za kova\u010dke no\u017eeve Mustad ru\u010dni je brus u obliku <strong data-start=\"129\" data-end=\"155\">ovalne metalne \u0161ipke<\/strong> s <strong data-start=\"158\" data-end=\"181\">dijamantnim premazom<\/strong>, namijenjen brzom o\u0161trenju <strong data-start=\"209\" data-end=\"237\">svih vrsta no\u017eeva za kopita<\/strong>. Ergonomska <strong data-start=\"272\" data-end=\"303\">plasti\u010dna ru\u010dka sa za\u0161titom<\/strong> sprje\u010dava klizanje ruke prema o\u0161trici. <\/p>\n","protected":false},"excerpt":{"rendered":"<p>O\u0161tra\u010d za kova\u010dke no\u017eeve Mustad ru\u010dni je brus u obliku ovalne metalne \u0161ipke s dijamantnim premazom, namijenjen brzom o\u0161trenju svih<\/p>\n","protected":false},"featured_media":131475,"template":"","meta":{"footnotes":""},"product_brand":[],"product_cat":[6113,5657,5960,7026],"product_tag":[],"class_list":{"0":"post-131474","1":"product","2":"type-product","3":"status-publish","4":"has-post-thumbnail","6":"product_cat-druga-kovacka-oprema","7":"product_cat-kategorije-hr","8":"product_cat-kovacka-oprema","9":"product_cat-nozevi-za-podrezivanje-kopita","11":"first","12":"instock","13":"shipping-taxable","14":"purchasable","15":"product-type-simple"},"yoast_head":"<!-- This site is optimized with the Yoast SEO plugin v27.3 - https:\/\/yoast.com\/product\/yoast-seo-wordpress\/ -->\n<title>O\u0161tra\u010d za kova\u010dke no\u017eeve Mustad - Clair<\/title>\n<meta name=\"description\" content=\"O\u0161tra\u010d za kova\u010dke no\u017eeve Mustad ru\u010dni je brus u obliku ovalne metalne \u0161ipke s dijamantnim premazom, namijenjen brzom o\u0161trenju svih vrsta no\u017eeva za kopita.\" \/>\n<meta name=\"robots\" content=\"index, follow, max-snippet:-1, max-image-preview:large, max-video-preview:-1\" \/>\n<link rel=\"canonical\" href=\"https:\/\/clair.si\/hr\/izdelek\/ostrac-za-kovacke-nozeve-mustad\/\" \/>\n<meta property=\"og:locale\" content=\"hr_HR\" \/>\n<meta property=\"og:type\" content=\"article\" \/>\n<meta property=\"og:title\" content=\"O\u0161tra\u010d za kova\u010dke no\u017eeve Mustad - Clair\" \/>\n<meta property=\"og:description\" content=\"O\u0161tra\u010d za kova\u010dke no\u017eeve Mustad ru\u010dni je brus u obliku ovalne metalne \u0161ipke s dijamantnim premazom, namijenjen brzom o\u0161trenju svih vrsta no\u017eeva za kopita.\" \/>\n<meta property=\"og:url\" content=\"https:\/\/clair.si\/hr\/izdelek\/ostrac-za-kovacke-nozeve-mustad\/\" \/>\n<meta property=\"og:site_name\" content=\"Clair\" \/>\n<meta property=\"article:publisher\" content=\"https:\/\/www.facebook.com\/TrgovinaClair\/\" \/>\n<meta property=\"article:modified_time\" content=\"2026-02-25T16:24:01+00:00\" \/>\n<meta property=\"og:image\" content=\"https:\/\/clair.si\/wp-content\/uploads\/2026\/02\/Untitled-design-2026-02-02T151922.447.webp\" \/>\n\t<meta property=\"og:image:width\" content=\"700\" \/>\n\t<meta property=\"og:image:height\" content=\"700\" \/>\n\t<meta property=\"og:image:type\" content=\"image\/png\" \/>\n<meta name=\"twitter:card\" content=\"summary_large_image\" \/>\n<script type=\"application\/ld+json\" class=\"yoast-schema-graph\">{\"@context\":\"https:\\\/\\\/schema.org\",\"@graph\":[{\"@type\":\"WebPage\",\"@id\":\"https:\\\/\\\/clair.si\\\/hr\\\/izdelek\\\/ostrac-za-kovacke-nozeve-mustad\\\/\",\"url\":\"https:\\\/\\\/clair.si\\\/hr\\\/izdelek\\\/ostrac-za-kovacke-nozeve-mustad\\\/\",\"name\":\"O\u0161tra\u010d za kova\u010dke no\u017eeve Mustad - Clair\",\"isPartOf\":{\"@id\":\"https:\\\/\\\/clair.si\\\/#website\"},\"primaryImageOfPage\":{\"@id\":\"https:\\\/\\\/clair.si\\\/hr\\\/izdelek\\\/ostrac-za-kovacke-nozeve-mustad\\\/#primaryimage\"},\"image\":{\"@id\":\"https:\\\/\\\/clair.si\\\/hr\\\/izdelek\\\/ostrac-za-kovacke-nozeve-mustad\\\/#primaryimage\"},\"thumbnailUrl\":\"https:\\\/\\\/clair.si\\\/wp-content\\\/uploads\\\/2026\\\/02\\\/Untitled-design-2026-02-02T151922.447.webp\",\"datePublished\":\"2026-02-02T14:17:41+00:00\",\"dateModified\":\"2026-02-25T16:24:01+00:00\",\"description\":\"O\u0161tra\u010d za kova\u010dke no\u017eeve Mustad ru\u010dni je brus u obliku ovalne metalne \u0161ipke s dijamantnim premazom, namijenjen brzom o\u0161trenju svih vrsta no\u017eeva za kopita.\",\"breadcrumb\":{\"@id\":\"https:\\\/\\\/clair.si\\\/hr\\\/izdelek\\\/ostrac-za-kovacke-nozeve-mustad\\\/#breadcrumb\"},\"inLanguage\":\"hr\",\"potentialAction\":[{\"@type\":\"ReadAction\",\"target\":[\"https:\\\/\\\/clair.si\\\/hr\\\/izdelek\\\/ostrac-za-kovacke-nozeve-mustad\\\/\"]}]},{\"@type\":\"ImageObject\",\"inLanguage\":\"hr\",\"@id\":\"https:\\\/\\\/clair.si\\\/hr\\\/izdelek\\\/ostrac-za-kovacke-nozeve-mustad\\\/#primaryimage\",\"url\":\"https:\\\/\\\/clair.si\\\/wp-content\\\/uploads\\\/2026\\\/02\\\/Untitled-design-2026-02-02T151922.447.webp\",\"contentUrl\":\"https:\\\/\\\/clair.si\\\/wp-content\\\/uploads\\\/2026\\\/02\\\/Untitled-design-2026-02-02T151922.447.webp\",\"width\":700,\"height\":700},{\"@type\":\"BreadcrumbList\",\"@id\":\"https:\\\/\\\/clair.si\\\/hr\\\/izdelek\\\/ostrac-za-kovacke-nozeve-mustad\\\/#breadcrumb\",\"itemListElement\":[{\"@type\":\"ListItem\",\"position\":1,\"name\":\"Home\",\"item\":\"https:\\\/\\\/clair.si\\\/hr\\\/\"},{\"@type\":\"ListItem\",\"position\":2,\"name\":\"Trgovina\",\"item\":\"https:\\\/\\\/clair.si\\\/trgovina\\\/\"},{\"@type\":\"ListItem\",\"position\":3,\"name\":\"O\u0161tra\u010d za kova\u010dke no\u017eeve Mustad\"}]},{\"@type\":\"WebSite\",\"@id\":\"https:\\\/\\\/clair.si\\\/#website\",\"url\":\"https:\\\/\\\/clair.si\\\/\",\"name\":\"Clair\",\"description\":\"Trgovina s konjeni\u0161ko opremo\",\"publisher\":{\"@id\":\"https:\\\/\\\/clair.si\\\/#organization\"},\"potentialAction\":[{\"@type\":\"SearchAction\",\"target\":{\"@type\":\"EntryPoint\",\"urlTemplate\":\"https:\\\/\\\/clair.si\\\/?s={search_term_string}\"},\"query-input\":{\"@type\":\"PropertyValueSpecification\",\"valueRequired\":true,\"valueName\":\"search_term_string\"}}],\"inLanguage\":\"hr\"},{\"@type\":\"Organization\",\"@id\":\"https:\\\/\\\/clair.si\\\/#organization\",\"name\":\"Clair\",\"url\":\"https:\\\/\\\/clair.si\\\/\",\"logo\":{\"@type\":\"ImageObject\",\"inLanguage\":\"hr\",\"@id\":\"https:\\\/\\\/clair.si\\\/#\\\/schema\\\/logo\\\/image\\\/\",\"url\":\"https:\\\/\\\/clair.si\\\/wp-content\\\/uploads\\\/2022\\\/11\\\/clair_logo_2022.jpg\",\"contentUrl\":\"https:\\\/\\\/clair.si\\\/wp-content\\\/uploads\\\/2022\\\/11\\\/clair_logo_2022.jpg\",\"width\":1920,\"height\":1920,\"caption\":\"Clair\"},\"image\":{\"@id\":\"https:\\\/\\\/clair.si\\\/#\\\/schema\\\/logo\\\/image\\\/\"},\"sameAs\":[\"https:\\\/\\\/www.facebook.com\\\/TrgovinaClair\\\/\"]}]}<\/script>\n<!-- \/ Yoast SEO plugin. -->","yoast_head_json":{"title":"O\u0161tra\u010d za kova\u010dke no\u017eeve Mustad - Clair","description":"O\u0161tra\u010d za kova\u010dke no\u017eeve Mustad ru\u010dni je brus u obliku ovalne metalne \u0161ipke s dijamantnim premazom, namijenjen brzom o\u0161trenju svih vrsta no\u017eeva za kopita.","robots":{"index":"index","follow":"follow","max-snippet":"max-snippet:-1","max-image-preview":"max-image-preview:large","max-video-preview":"max-video-preview:-1"},"canonical":"https:\/\/clair.si\/hr\/izdelek\/ostrac-za-kovacke-nozeve-mustad\/","og_locale":"hr_HR","og_type":"article","og_title":"O\u0161tra\u010d za kova\u010dke no\u017eeve Mustad - Clair","og_description":"O\u0161tra\u010d za kova\u010dke no\u017eeve Mustad ru\u010dni je brus u obliku ovalne metalne \u0161ipke s dijamantnim premazom, namijenjen brzom o\u0161trenju svih vrsta no\u017eeva za kopita.","og_url":"https:\/\/clair.si\/hr\/izdelek\/ostrac-za-kovacke-nozeve-mustad\/","og_site_name":"Clair","article_publisher":"https:\/\/www.facebook.com\/TrgovinaClair\/","article_modified_time":"2026-02-25T16:24:01+00:00","og_image":[{"width":700,"height":700,"url":"https:\/\/clair.si\/wp-content\/uploads\/2026\/02\/Untitled-design-2026-02-02T151922.447.webp","type":"image\/png"}],"twitter_card":"summary_large_image","schema":{"@context":"https:\/\/schema.org","@graph":[{"@type":"WebPage","@id":"https:\/\/clair.si\/hr\/izdelek\/ostrac-za-kovacke-nozeve-mustad\/","url":"https:\/\/clair.si\/hr\/izdelek\/ostrac-za-kovacke-nozeve-mustad\/","name":"O\u0161tra\u010d za kova\u010dke no\u017eeve Mustad - Clair","isPartOf":{"@id":"https:\/\/clair.si\/#website"},"primaryImageOfPage":{"@id":"https:\/\/clair.si\/hr\/izdelek\/ostrac-za-kovacke-nozeve-mustad\/#primaryimage"},"image":{"@id":"https:\/\/clair.si\/hr\/izdelek\/ostrac-za-kovacke-nozeve-mustad\/#primaryimage"},"thumbnailUrl":"https:\/\/clair.si\/wp-content\/uploads\/2026\/02\/Untitled-design-2026-02-02T151922.447.webp","datePublished":"2026-02-02T14:17:41+00:00","dateModified":"2026-02-25T16:24:01+00:00","description":"O\u0161tra\u010d za kova\u010dke no\u017eeve Mustad ru\u010dni je brus u obliku ovalne metalne \u0161ipke s dijamantnim premazom, namijenjen brzom o\u0161trenju svih vrsta no\u017eeva za kopita.","breadcrumb":{"@id":"https:\/\/clair.si\/hr\/izdelek\/ostrac-za-kovacke-nozeve-mustad\/#breadcrumb"},"inLanguage":"hr","potentialAction":[{"@type":"ReadAction","target":["https:\/\/clair.si\/hr\/izdelek\/ostrac-za-kovacke-nozeve-mustad\/"]}]},{"@type":"ImageObject","inLanguage":"hr","@id":"https:\/\/clair.si\/hr\/izdelek\/ostrac-za-kovacke-nozeve-mustad\/#primaryimage","url":"https:\/\/clair.si\/wp-content\/uploads\/2026\/02\/Untitled-design-2026-02-02T151922.447.webp","contentUrl":"https:\/\/clair.si\/wp-content\/uploads\/2026\/02\/Untitled-design-2026-02-02T151922.447.webp","width":700,"height":700},{"@type":"BreadcrumbList","@id":"https:\/\/clair.si\/hr\/izdelek\/ostrac-za-kovacke-nozeve-mustad\/#breadcrumb","itemListElement":[{"@type":"ListItem","position":1,"name":"Home","item":"https:\/\/clair.si\/hr\/"},{"@type":"ListItem","position":2,"name":"Trgovina","item":"https:\/\/clair.si\/trgovina\/"},{"@type":"ListItem","position":3,"name":"O\u0161tra\u010d za kova\u010dke no\u017eeve Mustad"}]},{"@type":"WebSite","@id":"https:\/\/clair.si\/#website","url":"https:\/\/clair.si\/","name":"Clair","description":"Trgovina s konjeni\u0161ko opremo","publisher":{"@id":"https:\/\/clair.si\/#organization"},"potentialAction":[{"@type":"SearchAction","target":{"@type":"EntryPoint","urlTemplate":"https:\/\/clair.si\/?s={search_term_string}"},"query-input":{"@type":"PropertyValueSpecification","valueRequired":true,"valueName":"search_term_string"}}],"inLanguage":"hr"},{"@type":"Organization","@id":"https:\/\/clair.si\/#organization","name":"Clair","url":"https:\/\/clair.si\/","logo":{"@type":"ImageObject","inLanguage":"hr","@id":"https:\/\/clair.si\/#\/schema\/logo\/image\/","url":"https:\/\/clair.si\/wp-content\/uploads\/2022\/11\/clair_logo_2022.jpg","contentUrl":"https:\/\/clair.si\/wp-content\/uploads\/2022\/11\/clair_logo_2022.jpg","width":1920,"height":1920,"caption":"Clair"},"image":{"@id":"https:\/\/clair.si\/#\/schema\/logo\/image\/"},"sameAs":["https:\/\/www.facebook.com\/TrgovinaClair\/"]}]}},"_links":{"self":[{"href":"https:\/\/clair.si\/hr\/wp-json\/wp\/v2\/product\/131474","targetHints":{"allow":["GET"]}}],"collection":[{"href":"https:\/\/clair.si\/hr\/wp-json\/wp\/v2\/product"}],"about":[{"href":"https:\/\/clair.si\/hr\/wp-json\/wp\/v2\/types\/product"}],"version-history":[{"count":1,"href":"https:\/\/clair.si\/hr\/wp-json\/wp\/v2\/product\/131474\/revisions"}],"predecessor-version":[{"id":131627,"href":"https:\/\/clair.si\/hr\/wp-json\/wp\/v2\/product\/131474\/revisions\/131627"}],"wp:featuredmedia":[{"embeddable":true,"href":"https:\/\/clair.si\/hr\/wp-json\/wp\/v2\/media\/131475"}],"wp:attachment":[{"href":"https:\/\/clair.si\/hr\/wp-json\/wp\/v2\/media?parent=131474"}],"wp:term":[{"taxonomy":"product_brand","embeddable":true,"href":"https:\/\/clair.si\/hr\/wp-json\/wp\/v2\/product_brand?post=131474"},{"taxonomy":"product_cat","embeddable":true,"href":"https:\/\/clair.si\/hr\/wp-json\/wp\/v2\/product_cat?post=131474"},{"taxonomy":"product_tag","embeddable":true,"href":"https:\/\/clair.si\/hr\/wp-json\/wp\/v2\/product_tag?post=131474"}],"curies":[{"name":"wp","href":"https:\/\/api.w.org\/{rel}","templated":true}]}}