{"id":131479,"date":"2026-02-02T14:59:52","date_gmt":"2026-02-02T13:59:52","guid":{"rendered":"https:\/\/clair.si\/izdelek\/kartusa-za-masu-za-kopita-comfortmix\/"},"modified":"2026-02-25T17:24:02","modified_gmt":"2026-02-25T16:24:02","slug":"kartusa-za-masu-za-kopita-comfortmix","status":"publish","type":"product","link":"https:\/\/clair.si\/hr\/izdelek\/kartusa-za-masu-za-kopita-comfortmix\/","title":{"rendered":"Kartu\u0161a za masu za kopita Comfortmix"},"content":{"rendered":"<p>Kartu\u0161a za Comfortmix pi\u0161tolj i mase.<\/p>\n<p>Cijena za jedan.<\/p>\n","protected":false},"excerpt":{"rendered":"<ul>\n<li>kartu\u0161a za Comfortmix mase<\/li>\n<li>cijena za jedan<\/li>\n<\/ul>\n","protected":false},"featured_media":131480,"template":"","meta":{"footnotes":""},"product_brand":[],"product_cat":[5657,7072,5960],"product_tag":[],"class_list":{"0":"post-131479","1":"product","2":"type-product","3":"status-publish","4":"has-post-thumbnail","6":"product_cat-kategorije-hr","7":"product_cat-kopitne-mase-i-podloge","8":"product_cat-kovacka-oprema","10":"first","11":"instock","12":"shipping-taxable","13":"purchasable","14":"product-type-simple"},"yoast_head":"<!-- This site is optimized with the Yoast SEO plugin v27.3 - https:\/\/yoast.com\/product\/yoast-seo-wordpress\/ -->\n<title>Kartu\u0161a za masu za kopita Comfortmix - Clair<\/title>\n<meta name=\"description\" content=\"kartu\u0161a za Comfortmix mase  cijena za jedan\" \/>\n<meta name=\"robots\" content=\"index, follow, max-snippet:-1, max-image-preview:large, max-video-preview:-1\" \/>\n<link rel=\"canonical\" href=\"https:\/\/clair.si\/hr\/izdelek\/kartusa-za-masu-za-kopita-comfortmix\/\" \/>\n<meta property=\"og:locale\" content=\"hr_HR\" \/>\n<meta property=\"og:type\" content=\"article\" \/>\n<meta property=\"og:title\" content=\"Kartu\u0161a za masu za kopita Comfortmix - Clair\" \/>\n<meta property=\"og:description\" content=\"kartu\u0161a za Comfortmix mase  cijena za jedan\" \/>\n<meta property=\"og:url\" content=\"https:\/\/clair.si\/hr\/izdelek\/kartusa-za-masu-za-kopita-comfortmix\/\" \/>\n<meta property=\"og:site_name\" content=\"Clair\" \/>\n<meta property=\"article:publisher\" content=\"https:\/\/www.facebook.com\/TrgovinaClair\/\" \/>\n<meta property=\"article:modified_time\" content=\"2026-02-25T16:24:02+00:00\" \/>\n<meta property=\"og:image\" content=\"https:\/\/clair.si\/wp-content\/uploads\/2026\/02\/6108.webp\" \/>\n\t<meta property=\"og:image:width\" content=\"1000\" \/>\n\t<meta property=\"og:image:height\" content=\"1000\" \/>\n\t<meta property=\"og:image:type\" content=\"image\/png\" \/>\n<meta name=\"twitter:card\" content=\"summary_large_image\" \/>\n<script type=\"application\/ld+json\" class=\"yoast-schema-graph\">{\"@context\":\"https:\\\/\\\/schema.org\",\"@graph\":[{\"@type\":\"WebPage\",\"@id\":\"https:\\\/\\\/clair.si\\\/hr\\\/izdelek\\\/kartusa-za-masu-za-kopita-comfortmix\\\/\",\"url\":\"https:\\\/\\\/clair.si\\\/hr\\\/izdelek\\\/kartusa-za-masu-za-kopita-comfortmix\\\/\",\"name\":\"Kartu\u0161a za masu za kopita Comfortmix - Clair\",\"isPartOf\":{\"@id\":\"https:\\\/\\\/clair.si\\\/#website\"},\"primaryImageOfPage\":{\"@id\":\"https:\\\/\\\/clair.si\\\/hr\\\/izdelek\\\/kartusa-za-masu-za-kopita-comfortmix\\\/#primaryimage\"},\"image\":{\"@id\":\"https:\\\/\\\/clair.si\\\/hr\\\/izdelek\\\/kartusa-za-masu-za-kopita-comfortmix\\\/#primaryimage\"},\"thumbnailUrl\":\"https:\\\/\\\/clair.si\\\/wp-content\\\/uploads\\\/2026\\\/02\\\/6108.webp\",\"datePublished\":\"2026-02-02T13:59:52+00:00\",\"dateModified\":\"2026-02-25T16:24:02+00:00\",\"description\":\"kartu\u0161a za Comfortmix mase cijena za jedan\",\"breadcrumb\":{\"@id\":\"https:\\\/\\\/clair.si\\\/hr\\\/izdelek\\\/kartusa-za-masu-za-kopita-comfortmix\\\/#breadcrumb\"},\"inLanguage\":\"hr\",\"potentialAction\":[{\"@type\":\"ReadAction\",\"target\":[\"https:\\\/\\\/clair.si\\\/hr\\\/izdelek\\\/kartusa-za-masu-za-kopita-comfortmix\\\/\"]}]},{\"@type\":\"ImageObject\",\"inLanguage\":\"hr\",\"@id\":\"https:\\\/\\\/clair.si\\\/hr\\\/izdelek\\\/kartusa-za-masu-za-kopita-comfortmix\\\/#primaryimage\",\"url\":\"https:\\\/\\\/clair.si\\\/wp-content\\\/uploads\\\/2026\\\/02\\\/6108.webp\",\"contentUrl\":\"https:\\\/\\\/clair.si\\\/wp-content\\\/uploads\\\/2026\\\/02\\\/6108.webp\",\"width\":1000,\"height\":1000},{\"@type\":\"BreadcrumbList\",\"@id\":\"https:\\\/\\\/clair.si\\\/hr\\\/izdelek\\\/kartusa-za-masu-za-kopita-comfortmix\\\/#breadcrumb\",\"itemListElement\":[{\"@type\":\"ListItem\",\"position\":1,\"name\":\"Home\",\"item\":\"https:\\\/\\\/clair.si\\\/hr\\\/\"},{\"@type\":\"ListItem\",\"position\":2,\"name\":\"Trgovina\",\"item\":\"https:\\\/\\\/clair.si\\\/trgovina\\\/\"},{\"@type\":\"ListItem\",\"position\":3,\"name\":\"Kartu\u0161a za masu za kopita Comfortmix\"}]},{\"@type\":\"WebSite\",\"@id\":\"https:\\\/\\\/clair.si\\\/#website\",\"url\":\"https:\\\/\\\/clair.si\\\/\",\"name\":\"Clair\",\"description\":\"Trgovina s konjeni\u0161ko opremo\",\"publisher\":{\"@id\":\"https:\\\/\\\/clair.si\\\/#organization\"},\"potentialAction\":[{\"@type\":\"SearchAction\",\"target\":{\"@type\":\"EntryPoint\",\"urlTemplate\":\"https:\\\/\\\/clair.si\\\/?s={search_term_string}\"},\"query-input\":{\"@type\":\"PropertyValueSpecification\",\"valueRequired\":true,\"valueName\":\"search_term_string\"}}],\"inLanguage\":\"hr\"},{\"@type\":\"Organization\",\"@id\":\"https:\\\/\\\/clair.si\\\/#organization\",\"name\":\"Clair\",\"url\":\"https:\\\/\\\/clair.si\\\/\",\"logo\":{\"@type\":\"ImageObject\",\"inLanguage\":\"hr\",\"@id\":\"https:\\\/\\\/clair.si\\\/#\\\/schema\\\/logo\\\/image\\\/\",\"url\":\"https:\\\/\\\/clair.si\\\/wp-content\\\/uploads\\\/2022\\\/11\\\/clair_logo_2022.jpg\",\"contentUrl\":\"https:\\\/\\\/clair.si\\\/wp-content\\\/uploads\\\/2022\\\/11\\\/clair_logo_2022.jpg\",\"width\":1920,\"height\":1920,\"caption\":\"Clair\"},\"image\":{\"@id\":\"https:\\\/\\\/clair.si\\\/#\\\/schema\\\/logo\\\/image\\\/\"},\"sameAs\":[\"https:\\\/\\\/www.facebook.com\\\/TrgovinaClair\\\/\"]}]}<\/script>\n<!-- \/ Yoast SEO plugin. -->","yoast_head_json":{"title":"Kartu\u0161a za masu za kopita Comfortmix - Clair","description":"kartu\u0161a za Comfortmix mase  cijena za jedan","robots":{"index":"index","follow":"follow","max-snippet":"max-snippet:-1","max-image-preview":"max-image-preview:large","max-video-preview":"max-video-preview:-1"},"canonical":"https:\/\/clair.si\/hr\/izdelek\/kartusa-za-masu-za-kopita-comfortmix\/","og_locale":"hr_HR","og_type":"article","og_title":"Kartu\u0161a za masu za kopita Comfortmix - Clair","og_description":"kartu\u0161a za Comfortmix mase  cijena za jedan","og_url":"https:\/\/clair.si\/hr\/izdelek\/kartusa-za-masu-za-kopita-comfortmix\/","og_site_name":"Clair","article_publisher":"https:\/\/www.facebook.com\/TrgovinaClair\/","article_modified_time":"2026-02-25T16:24:02+00:00","og_image":[{"width":1000,"height":1000,"url":"https:\/\/clair.si\/wp-content\/uploads\/2026\/02\/6108.webp","type":"image\/png"}],"twitter_card":"summary_large_image","schema":{"@context":"https:\/\/schema.org","@graph":[{"@type":"WebPage","@id":"https:\/\/clair.si\/hr\/izdelek\/kartusa-za-masu-za-kopita-comfortmix\/","url":"https:\/\/clair.si\/hr\/izdelek\/kartusa-za-masu-za-kopita-comfortmix\/","name":"Kartu\u0161a za masu za kopita Comfortmix - Clair","isPartOf":{"@id":"https:\/\/clair.si\/#website"},"primaryImageOfPage":{"@id":"https:\/\/clair.si\/hr\/izdelek\/kartusa-za-masu-za-kopita-comfortmix\/#primaryimage"},"image":{"@id":"https:\/\/clair.si\/hr\/izdelek\/kartusa-za-masu-za-kopita-comfortmix\/#primaryimage"},"thumbnailUrl":"https:\/\/clair.si\/wp-content\/uploads\/2026\/02\/6108.webp","datePublished":"2026-02-02T13:59:52+00:00","dateModified":"2026-02-25T16:24:02+00:00","description":"kartu\u0161a za Comfortmix mase cijena za jedan","breadcrumb":{"@id":"https:\/\/clair.si\/hr\/izdelek\/kartusa-za-masu-za-kopita-comfortmix\/#breadcrumb"},"inLanguage":"hr","potentialAction":[{"@type":"ReadAction","target":["https:\/\/clair.si\/hr\/izdelek\/kartusa-za-masu-za-kopita-comfortmix\/"]}]},{"@type":"ImageObject","inLanguage":"hr","@id":"https:\/\/clair.si\/hr\/izdelek\/kartusa-za-masu-za-kopita-comfortmix\/#primaryimage","url":"https:\/\/clair.si\/wp-content\/uploads\/2026\/02\/6108.webp","contentUrl":"https:\/\/clair.si\/wp-content\/uploads\/2026\/02\/6108.webp","width":1000,"height":1000},{"@type":"BreadcrumbList","@id":"https:\/\/clair.si\/hr\/izdelek\/kartusa-za-masu-za-kopita-comfortmix\/#breadcrumb","itemListElement":[{"@type":"ListItem","position":1,"name":"Home","item":"https:\/\/clair.si\/hr\/"},{"@type":"ListItem","position":2,"name":"Trgovina","item":"https:\/\/clair.si\/trgovina\/"},{"@type":"ListItem","position":3,"name":"Kartu\u0161a za masu za kopita Comfortmix"}]},{"@type":"WebSite","@id":"https:\/\/clair.si\/#website","url":"https:\/\/clair.si\/","name":"Clair","description":"Trgovina s konjeni\u0161ko opremo","publisher":{"@id":"https:\/\/clair.si\/#organization"},"potentialAction":[{"@type":"SearchAction","target":{"@type":"EntryPoint","urlTemplate":"https:\/\/clair.si\/?s={search_term_string}"},"query-input":{"@type":"PropertyValueSpecification","valueRequired":true,"valueName":"search_term_string"}}],"inLanguage":"hr"},{"@type":"Organization","@id":"https:\/\/clair.si\/#organization","name":"Clair","url":"https:\/\/clair.si\/","logo":{"@type":"ImageObject","inLanguage":"hr","@id":"https:\/\/clair.si\/#\/schema\/logo\/image\/","url":"https:\/\/clair.si\/wp-content\/uploads\/2022\/11\/clair_logo_2022.jpg","contentUrl":"https:\/\/clair.si\/wp-content\/uploads\/2022\/11\/clair_logo_2022.jpg","width":1920,"height":1920,"caption":"Clair"},"image":{"@id":"https:\/\/clair.si\/#\/schema\/logo\/image\/"},"sameAs":["https:\/\/www.facebook.com\/TrgovinaClair\/"]}]}},"_links":{"self":[{"href":"https:\/\/clair.si\/hr\/wp-json\/wp\/v2\/product\/131479","targetHints":{"allow":["GET"]}}],"collection":[{"href":"https:\/\/clair.si\/hr\/wp-json\/wp\/v2\/product"}],"about":[{"href":"https:\/\/clair.si\/hr\/wp-json\/wp\/v2\/types\/product"}],"version-history":[{"count":1,"href":"https:\/\/clair.si\/hr\/wp-json\/wp\/v2\/product\/131479\/revisions"}],"predecessor-version":[{"id":131628,"href":"https:\/\/clair.si\/hr\/wp-json\/wp\/v2\/product\/131479\/revisions\/131628"}],"wp:featuredmedia":[{"embeddable":true,"href":"https:\/\/clair.si\/hr\/wp-json\/wp\/v2\/media\/131480"}],"wp:attachment":[{"href":"https:\/\/clair.si\/hr\/wp-json\/wp\/v2\/media?parent=131479"}],"wp:term":[{"taxonomy":"product_brand","embeddable":true,"href":"https:\/\/clair.si\/hr\/wp-json\/wp\/v2\/product_brand?post=131479"},{"taxonomy":"product_cat","embeddable":true,"href":"https:\/\/clair.si\/hr\/wp-json\/wp\/v2\/product_cat?post=131479"},{"taxonomy":"product_tag","embeddable":true,"href":"https:\/\/clair.si\/hr\/wp-json\/wp\/v2\/product_tag?post=131479"}],"curies":[{"name":"wp","href":"https:\/\/api.w.org\/{rel}","templated":true}]}}