{"id":131481,"date":"2026-02-03T10:52:53","date_gmt":"2026-02-03T09:52:53","guid":{"rendered":"https:\/\/clair.si\/izdelek\/lizalna-masa-antiinsekt-s-cesnjakom\/"},"modified":"2026-02-25T17:28:17","modified_gmt":"2026-02-25T16:28:17","slug":"lizalna-masa-antiinsekt-s-cesnjakom","status":"publish","type":"product","link":"https:\/\/clair.si\/hr\/izdelek\/lizalna-masa-antiinsekt-s-cesnjakom\/","title":{"rendered":"Lizalna masa Antiinsekt s \u010de\u0161njakom"},"content":{"rendered":"<h2 data-start=\"0\" data-end=\"45\">PROVITA ANTIINSEKT S \u010cE\u0160NJAKOM \u2013 lizalna masa<\/h2>\n<p data-start=\"47\" data-end=\"112\"><strong data-start=\"47\" data-end=\"112\">Repelentno djelovanje; ne koristiti za muzne krave u laktaciji!<\/strong><\/p>\n<p data-start=\"114\" data-end=\"350\">Mineralno-vitaminska lizalna masa \u2013 dopunska mineralna krmna smjesa za goveda, ovce, koze, divlja\u010d i konje. Mo\u017ee se koristiti u ekolo\u0161koj proizvodnji sukladno EU uredbi 2018\/848. \u010ce\u0161njak u\u010dinkovito odbija insekte i \u0161titi od njih.  <\/p>\n<p data-start=\"352\" data-end=\"428\"><strong data-start=\"352\" data-end=\"376\">Analiti\u010dki sastojci:<\/strong> kalcij 16 %, fosfor 4 %, natrij 11 %, magnezij 5 %.<\/p>\n<p data-start=\"430\" data-end=\"753\"><strong data-start=\"430\" data-end=\"461\">Dodaci po kg (nutritivni):<\/strong> vitamin A (3a672a) 80.000 I.E.; vitamin D\u2083 (3a671) 8.000 I.E.; vitamin E (3a700) 500 mg; cink (oksid, 3b603) 3.000 mg; mangan (II oksid, 3b502) 2.000 mg; jod (kalcijev jodat, bezvodni, 3b202) 80 mg; kobalt (karbonat, granulat, oblo\u017een, 3b304) 20 mg; selen (natrijev selenit, 3b801) 50 mg.<\/p>\n<p data-start=\"755\" data-end=\"964\"><strong data-start=\"755\" data-end=\"767\">Sastav:<\/strong> kalcijev karbonat, natrijev klorid (dopu\u0161ten za ekolo\u0161ku proizvodnju), monokalcijev fosfat, magnezijev oksid, melasa (dopu\u0161tena za ekolo\u0161ku proizvodnju), \u010de\u0161njak u prahu (dopu\u0161ten za ekolo\u0161ku proizvodnju).<\/p>\n<p data-start=\"966\" data-end=\"1164\"><strong data-start=\"966\" data-end=\"990\">Uputa za uporabu:<\/strong> hraniti pre\u017eiva\u010de s potpuno razvijenim buragom, konje i divlja\u010d. Hraniti do 1 % ST obroka. Goveda 80\u2013100 g po \u017eivotinji na dan; konji 60\u2013100 g; ovce, koze i divlja\u010d 20\u201340 g.  <\/p>\n<p data-start=\"1166\" data-end=\"1326\">Sadr\u017ei 97,52 % ST, od \u010dega 97,6 % mineralnog podrijetla iz ekolo\u0161ke poljoprivrede. Proizvedeno prema uputama udruge BIOland; kontrolno tijelo: QAL GmbH DE-OKO-060. <\/p>\n<p data-start=\"1328\" data-end=\"1407\"><strong data-start=\"1328\" data-end=\"1345\">Skladi\u0161tenje:<\/strong> skladi\u0161titi na suhom i hladnom mjestu. Sprije\u010diti smrzavanje. <\/p>\n<p data-start=\"1409\" data-end=\"1488\"><strong data-start=\"1409\" data-end=\"1465\">Broj serije, najbolje upotrijebiti do, neto koli\u010dina:<\/strong> vidi otisak na etiketi.<\/p>\n<p data-start=\"1409\" data-end=\"1488\"><strong>Koli\u010dina:<\/strong> 10 kg<\/p>\n","protected":false},"excerpt":{"rendered":"<ul>\n<li>lizalna masa s \u010de\u0161njakom &#8211; za odbijanje insekata<\/li>\n<li>u prakti\u010dnoj posudi od 10 kg<\/li>\n<\/ul>\n","protected":false},"featured_media":131482,"template":"","meta":{"footnotes":""},"product_brand":[],"product_cat":[5657,5782,5710,5712],"product_tag":[],"class_list":{"0":"post-131481","1":"product","2":"type-product","3":"status-publish","4":"has-post-thumbnail","6":"product_cat-kategorije-hr","7":"product_cat-kolacici-i-kamenje-soli","8":"product_cat-hrana-za-konje-hr","9":"product_cat-prehrambeni-dodaci","11":"first","12":"instock","13":"sale","14":"shipping-taxable","15":"purchasable","16":"product-type-simple"},"yoast_head":"<!-- This site is optimized with the Yoast SEO plugin v27.4 - https:\/\/yoast.com\/product\/yoast-seo-wordpress\/ -->\n<title>Lizalna masa Antiinsekt s \u010de\u0161njakom - Clair<\/title>\n<meta name=\"description\" content=\"lizalna masa s \u010de\u0161njakom - za odbijanje insekata  u prakti\u010dnoj posudi od 10 kg\" \/>\n<meta name=\"robots\" content=\"index, follow, max-snippet:-1, max-image-preview:large, max-video-preview:-1\" \/>\n<link rel=\"canonical\" href=\"https:\/\/clair.si\/hr\/izdelek\/lizalna-masa-antiinsekt-s-cesnjakom\/\" \/>\n<meta property=\"og:locale\" content=\"hr_HR\" \/>\n<meta property=\"og:type\" content=\"article\" \/>\n<meta property=\"og:title\" content=\"Lizalna masa Antiinsekt s \u010de\u0161njakom - Clair\" \/>\n<meta property=\"og:description\" content=\"lizalna masa s \u010de\u0161njakom - za odbijanje insekata  u prakti\u010dnoj posudi od 10 kg\" \/>\n<meta property=\"og:url\" content=\"https:\/\/clair.si\/hr\/izdelek\/lizalna-masa-antiinsekt-s-cesnjakom\/\" \/>\n<meta property=\"og:site_name\" content=\"Clair\" \/>\n<meta property=\"article:publisher\" content=\"https:\/\/www.facebook.com\/TrgovinaClair\/\" \/>\n<meta property=\"article:modified_time\" content=\"2026-02-25T16:28:17+00:00\" \/>\n<meta property=\"og:image\" content=\"https:\/\/clair.si\/wp-content\/uploads\/2026\/02\/fulminant-clair.webp\" \/>\n\t<meta property=\"og:image:width\" content=\"800\" \/>\n\t<meta property=\"og:image:height\" content=\"800\" \/>\n\t<meta property=\"og:image:type\" content=\"image\/png\" \/>\n<meta name=\"twitter:card\" content=\"summary_large_image\" \/>\n<meta name=\"twitter:label1\" content=\"Procijenjeno vrijeme \u010ditanja\" \/>\n\t<meta name=\"twitter:data1\" content=\"1 minuta\" \/>\n<script type=\"application\/ld+json\" class=\"yoast-schema-graph\">{\"@context\":\"https:\\\/\\\/schema.org\",\"@graph\":[{\"@type\":\"WebPage\",\"@id\":\"https:\\\/\\\/clair.si\\\/hr\\\/izdelek\\\/lizalna-masa-antiinsekt-s-cesnjakom\\\/\",\"url\":\"https:\\\/\\\/clair.si\\\/hr\\\/izdelek\\\/lizalna-masa-antiinsekt-s-cesnjakom\\\/\",\"name\":\"Lizalna masa Antiinsekt s \u010de\u0161njakom - Clair\",\"isPartOf\":{\"@id\":\"https:\\\/\\\/clair.si\\\/#website\"},\"primaryImageOfPage\":{\"@id\":\"https:\\\/\\\/clair.si\\\/hr\\\/izdelek\\\/lizalna-masa-antiinsekt-s-cesnjakom\\\/#primaryimage\"},\"image\":{\"@id\":\"https:\\\/\\\/clair.si\\\/hr\\\/izdelek\\\/lizalna-masa-antiinsekt-s-cesnjakom\\\/#primaryimage\"},\"thumbnailUrl\":\"https:\\\/\\\/clair.si\\\/wp-content\\\/uploads\\\/2026\\\/02\\\/fulminant-clair.webp\",\"datePublished\":\"2026-02-03T09:52:53+00:00\",\"dateModified\":\"2026-02-25T16:28:17+00:00\",\"description\":\"lizalna masa s \u010de\u0161njakom - za odbijanje insekata u prakti\u010dnoj posudi od 10 kg\",\"breadcrumb\":{\"@id\":\"https:\\\/\\\/clair.si\\\/hr\\\/izdelek\\\/lizalna-masa-antiinsekt-s-cesnjakom\\\/#breadcrumb\"},\"inLanguage\":\"hr\",\"potentialAction\":[{\"@type\":\"ReadAction\",\"target\":[\"https:\\\/\\\/clair.si\\\/hr\\\/izdelek\\\/lizalna-masa-antiinsekt-s-cesnjakom\\\/\"]}]},{\"@type\":\"ImageObject\",\"inLanguage\":\"hr\",\"@id\":\"https:\\\/\\\/clair.si\\\/hr\\\/izdelek\\\/lizalna-masa-antiinsekt-s-cesnjakom\\\/#primaryimage\",\"url\":\"https:\\\/\\\/clair.si\\\/wp-content\\\/uploads\\\/2026\\\/02\\\/fulminant-clair.webp\",\"contentUrl\":\"https:\\\/\\\/clair.si\\\/wp-content\\\/uploads\\\/2026\\\/02\\\/fulminant-clair.webp\",\"width\":800,\"height\":800},{\"@type\":\"BreadcrumbList\",\"@id\":\"https:\\\/\\\/clair.si\\\/hr\\\/izdelek\\\/lizalna-masa-antiinsekt-s-cesnjakom\\\/#breadcrumb\",\"itemListElement\":[{\"@type\":\"ListItem\",\"position\":1,\"name\":\"Home\",\"item\":\"https:\\\/\\\/clair.si\\\/hr\\\/\"},{\"@type\":\"ListItem\",\"position\":2,\"name\":\"Trgovina\",\"item\":\"https:\\\/\\\/clair.si\\\/trgovina\\\/\"},{\"@type\":\"ListItem\",\"position\":3,\"name\":\"Lizalna masa Antiinsekt s \u010de\u0161njakom\"}]},{\"@type\":\"WebSite\",\"@id\":\"https:\\\/\\\/clair.si\\\/#website\",\"url\":\"https:\\\/\\\/clair.si\\\/\",\"name\":\"Clair\",\"description\":\"Trgovina s konjeni\u0161ko opremo\",\"publisher\":{\"@id\":\"https:\\\/\\\/clair.si\\\/#organization\"},\"potentialAction\":[{\"@type\":\"SearchAction\",\"target\":{\"@type\":\"EntryPoint\",\"urlTemplate\":\"https:\\\/\\\/clair.si\\\/?s={search_term_string}\"},\"query-input\":{\"@type\":\"PropertyValueSpecification\",\"valueRequired\":true,\"valueName\":\"search_term_string\"}}],\"inLanguage\":\"hr\"},{\"@type\":\"Organization\",\"@id\":\"https:\\\/\\\/clair.si\\\/#organization\",\"name\":\"Clair\",\"url\":\"https:\\\/\\\/clair.si\\\/\",\"logo\":{\"@type\":\"ImageObject\",\"inLanguage\":\"hr\",\"@id\":\"https:\\\/\\\/clair.si\\\/#\\\/schema\\\/logo\\\/image\\\/\",\"url\":\"https:\\\/\\\/clair.si\\\/wp-content\\\/uploads\\\/2022\\\/11\\\/clair_logo_2022.jpg\",\"contentUrl\":\"https:\\\/\\\/clair.si\\\/wp-content\\\/uploads\\\/2022\\\/11\\\/clair_logo_2022.jpg\",\"width\":1920,\"height\":1920,\"caption\":\"Clair\"},\"image\":{\"@id\":\"https:\\\/\\\/clair.si\\\/#\\\/schema\\\/logo\\\/image\\\/\"},\"sameAs\":[\"https:\\\/\\\/www.facebook.com\\\/TrgovinaClair\\\/\"]}]}<\/script>\n<!-- \/ Yoast SEO plugin. -->","yoast_head_json":{"title":"Lizalna masa Antiinsekt s \u010de\u0161njakom - Clair","description":"lizalna masa s \u010de\u0161njakom - za odbijanje insekata  u prakti\u010dnoj posudi od 10 kg","robots":{"index":"index","follow":"follow","max-snippet":"max-snippet:-1","max-image-preview":"max-image-preview:large","max-video-preview":"max-video-preview:-1"},"canonical":"https:\/\/clair.si\/hr\/izdelek\/lizalna-masa-antiinsekt-s-cesnjakom\/","og_locale":"hr_HR","og_type":"article","og_title":"Lizalna masa Antiinsekt s \u010de\u0161njakom - Clair","og_description":"lizalna masa s \u010de\u0161njakom - za odbijanje insekata  u prakti\u010dnoj posudi od 10 kg","og_url":"https:\/\/clair.si\/hr\/izdelek\/lizalna-masa-antiinsekt-s-cesnjakom\/","og_site_name":"Clair","article_publisher":"https:\/\/www.facebook.com\/TrgovinaClair\/","article_modified_time":"2026-02-25T16:28:17+00:00","og_image":[{"width":800,"height":800,"url":"https:\/\/clair.si\/wp-content\/uploads\/2026\/02\/fulminant-clair.webp","type":"image\/png"}],"twitter_card":"summary_large_image","twitter_misc":{"Procijenjeno vrijeme \u010ditanja":"1 minuta"},"schema":{"@context":"https:\/\/schema.org","@graph":[{"@type":"WebPage","@id":"https:\/\/clair.si\/hr\/izdelek\/lizalna-masa-antiinsekt-s-cesnjakom\/","url":"https:\/\/clair.si\/hr\/izdelek\/lizalna-masa-antiinsekt-s-cesnjakom\/","name":"Lizalna masa Antiinsekt s \u010de\u0161njakom - Clair","isPartOf":{"@id":"https:\/\/clair.si\/#website"},"primaryImageOfPage":{"@id":"https:\/\/clair.si\/hr\/izdelek\/lizalna-masa-antiinsekt-s-cesnjakom\/#primaryimage"},"image":{"@id":"https:\/\/clair.si\/hr\/izdelek\/lizalna-masa-antiinsekt-s-cesnjakom\/#primaryimage"},"thumbnailUrl":"https:\/\/clair.si\/wp-content\/uploads\/2026\/02\/fulminant-clair.webp","datePublished":"2026-02-03T09:52:53+00:00","dateModified":"2026-02-25T16:28:17+00:00","description":"lizalna masa s \u010de\u0161njakom - za odbijanje insekata u prakti\u010dnoj posudi od 10 kg","breadcrumb":{"@id":"https:\/\/clair.si\/hr\/izdelek\/lizalna-masa-antiinsekt-s-cesnjakom\/#breadcrumb"},"inLanguage":"hr","potentialAction":[{"@type":"ReadAction","target":["https:\/\/clair.si\/hr\/izdelek\/lizalna-masa-antiinsekt-s-cesnjakom\/"]}]},{"@type":"ImageObject","inLanguage":"hr","@id":"https:\/\/clair.si\/hr\/izdelek\/lizalna-masa-antiinsekt-s-cesnjakom\/#primaryimage","url":"https:\/\/clair.si\/wp-content\/uploads\/2026\/02\/fulminant-clair.webp","contentUrl":"https:\/\/clair.si\/wp-content\/uploads\/2026\/02\/fulminant-clair.webp","width":800,"height":800},{"@type":"BreadcrumbList","@id":"https:\/\/clair.si\/hr\/izdelek\/lizalna-masa-antiinsekt-s-cesnjakom\/#breadcrumb","itemListElement":[{"@type":"ListItem","position":1,"name":"Home","item":"https:\/\/clair.si\/hr\/"},{"@type":"ListItem","position":2,"name":"Trgovina","item":"https:\/\/clair.si\/trgovina\/"},{"@type":"ListItem","position":3,"name":"Lizalna masa Antiinsekt s \u010de\u0161njakom"}]},{"@type":"WebSite","@id":"https:\/\/clair.si\/#website","url":"https:\/\/clair.si\/","name":"Clair","description":"Trgovina s konjeni\u0161ko opremo","publisher":{"@id":"https:\/\/clair.si\/#organization"},"potentialAction":[{"@type":"SearchAction","target":{"@type":"EntryPoint","urlTemplate":"https:\/\/clair.si\/?s={search_term_string}"},"query-input":{"@type":"PropertyValueSpecification","valueRequired":true,"valueName":"search_term_string"}}],"inLanguage":"hr"},{"@type":"Organization","@id":"https:\/\/clair.si\/#organization","name":"Clair","url":"https:\/\/clair.si\/","logo":{"@type":"ImageObject","inLanguage":"hr","@id":"https:\/\/clair.si\/#\/schema\/logo\/image\/","url":"https:\/\/clair.si\/wp-content\/uploads\/2022\/11\/clair_logo_2022.jpg","contentUrl":"https:\/\/clair.si\/wp-content\/uploads\/2022\/11\/clair_logo_2022.jpg","width":1920,"height":1920,"caption":"Clair"},"image":{"@id":"https:\/\/clair.si\/#\/schema\/logo\/image\/"},"sameAs":["https:\/\/www.facebook.com\/TrgovinaClair\/"]}]}},"_links":{"self":[{"href":"https:\/\/clair.si\/hr\/wp-json\/wp\/v2\/product\/131481","targetHints":{"allow":["GET"]}}],"collection":[{"href":"https:\/\/clair.si\/hr\/wp-json\/wp\/v2\/product"}],"about":[{"href":"https:\/\/clair.si\/hr\/wp-json\/wp\/v2\/types\/product"}],"version-history":[{"count":1,"href":"https:\/\/clair.si\/hr\/wp-json\/wp\/v2\/product\/131481\/revisions"}],"predecessor-version":[{"id":131631,"href":"https:\/\/clair.si\/hr\/wp-json\/wp\/v2\/product\/131481\/revisions\/131631"}],"wp:featuredmedia":[{"embeddable":true,"href":"https:\/\/clair.si\/hr\/wp-json\/wp\/v2\/media\/131482"}],"wp:attachment":[{"href":"https:\/\/clair.si\/hr\/wp-json\/wp\/v2\/media?parent=131481"}],"wp:term":[{"taxonomy":"product_brand","embeddable":true,"href":"https:\/\/clair.si\/hr\/wp-json\/wp\/v2\/product_brand?post=131481"},{"taxonomy":"product_cat","embeddable":true,"href":"https:\/\/clair.si\/hr\/wp-json\/wp\/v2\/product_cat?post=131481"},{"taxonomy":"product_tag","embeddable":true,"href":"https:\/\/clair.si\/hr\/wp-json\/wp\/v2\/product_tag?post=131481"}],"curies":[{"name":"wp","href":"https:\/\/api.w.org\/{rel}","templated":true}]}}