{"id":131483,"date":"2026-02-03T10:27:43","date_gmt":"2026-02-03T09:27:43","guid":{"rendered":"https:\/\/clair.si\/izdelek\/poslastice-hartog-harties\/"},"modified":"2026-04-15T08:20:08","modified_gmt":"2026-04-15T06:20:08","slug":"poslastice-hartog-harties","status":"publish","type":"product","link":"https:\/\/clair.si\/hr\/izdelek\/poslastice-hartog-harties\/","title":{"rendered":"Poslastice Hartog Harties"},"content":{"rendered":"<p data-start=\"0\" data-end=\"474\">Poslastice <strong data-start=\"11\" data-end=\"41\">Hartog Harties by Dr. Peyo<\/strong> su vlaknaste poslastice za konje, napravljene na bazi <strong data-start=\"97\" data-end=\"117\">trave i lucerne<\/strong>, pa su odli\u010dne kao \u201c\u010dista\u201d nagrada pri radu sa zemlje, treningu ili jednostavno za svakodnevno razmazivanje. Posebnost je \u0161to su <strong data-start=\"238\" data-end=\"250\">bez \u017eitarica<\/strong>, <strong data-start=\"252\" data-end=\"265\">bez soje<\/strong> i <strong data-start=\"269\" data-end=\"284\">bez melase<\/strong>, \u0161to zna\u010di sastav bez tipi\u010dnih \u017eitnih punila te smisleniji izbor za konje kod kojih \u017eelite paziti na unos \u0161e\u0107era i \u0161kroba. <\/p>\n<p data-start=\"476\" data-end=\"745\">Budu\u0107i da imaju prirodno niske vrijednosti <strong data-start=\"510\" data-end=\"527\">\u0161kroba (0,3%)<\/strong> i umjereno nizak udio <strong data-start=\"553\" data-end=\"573\">\u0161e\u0107era (7,5%)<\/strong>, prikladne su i za konje s osjetljivijim metabolizmom, odnosno \u201ceasy keepere\u201d, kod kojih ne \u017eelite pretjerivati s energijom iz \u0161kroba.<\/p>\n<p data-start=\"747\" data-end=\"840\">Sastav: trava, lucerna, sjemenke piskavice (fenugreek).<\/p>\n<p data-start=\"842\" data-end=\"1016\">Analiti\u010dki sastojci: sirove bjelan\u010devine 15,2%, sirove masti 3,0%, sirova vlaknina 22,4%, sirovi pepeo 9,9%, \u0161krob 0,3%, \u0161e\u0107er 7,5%.<\/p>\n<p data-start=\"1018\" data-end=\"1203\">Upute za hranjenje: kao poslastica 1 ili nekoliko Hartiesa dnevno, prema potrebi i namjeni (nagrada pri treningu, radu sa zemlje ili kao motivacija).<\/p>\n<p data-start=\"1205\" data-end=\"1320\">Skladi\u0161tenje: \u010duvati na suhom.<\/p>\n<p data-start=\"1205\" data-end=\"1320\">Koli\u010dina: 1 kg<\/p>\n","protected":false},"excerpt":{"rendered":"<ul>\n<li>bez \u017eitarica i dodanog \u0161e\u0107era<\/li>\n<li>prakti\u010dno pakiranje<\/li>\n<li>s gr\u010dkim sijenom<\/li>\n<\/ul>\n","protected":false},"featured_media":131484,"template":"","meta":{"footnotes":""},"product_brand":[],"product_cat":[7045,5657,5782,5710,5769],"product_tag":[],"class_list":{"0":"post-131483","1":"product","2":"type-product","3":"status-publish","4":"has-post-thumbnail","6":"product_cat-hartog","7":"product_cat-kategorije-hr","8":"product_cat-kolacici-i-kamenje-soli","9":"product_cat-hrana-za-konje-hr","10":"product_cat-must-have","12":"first","13":"instock","14":"shipping-taxable","15":"purchasable","16":"product-type-simple"},"yoast_head":"<!-- This site is optimized with the Yoast SEO plugin v27.4 - https:\/\/yoast.com\/product\/yoast-seo-wordpress\/ -->\n<title>Poslastice Hartog Harties - Clair<\/title>\n<meta name=\"description\" content=\"bez \u017eitarica i dodanog \u0161e\u0107era  prakti\u010dno pakiranje  s gr\u010dkim sijenom\" \/>\n<meta name=\"robots\" content=\"index, follow, max-snippet:-1, max-image-preview:large, max-video-preview:-1\" \/>\n<link rel=\"canonical\" href=\"https:\/\/clair.si\/hr\/izdelek\/poslastice-hartog-harties\/\" \/>\n<meta property=\"og:locale\" content=\"hr_HR\" \/>\n<meta property=\"og:type\" content=\"article\" \/>\n<meta property=\"og:title\" content=\"Poslastice Hartog Harties - Clair\" \/>\n<meta property=\"og:description\" content=\"bez \u017eitarica i dodanog \u0161e\u0107era  prakti\u010dno pakiranje  s gr\u010dkim sijenom\" \/>\n<meta property=\"og:url\" content=\"https:\/\/clair.si\/hr\/izdelek\/poslastice-hartog-harties\/\" \/>\n<meta property=\"og:site_name\" content=\"Clair\" \/>\n<meta property=\"article:publisher\" content=\"https:\/\/www.facebook.com\/TrgovinaClair\/\" \/>\n<meta property=\"article:modified_time\" content=\"2026-04-15T06:20:08+00:00\" \/>\n<meta property=\"og:image\" content=\"https:\/\/clair.si\/wp-content\/uploads\/2026\/02\/Untitled-design-2026-02-03T103248.272.webp\" \/>\n\t<meta property=\"og:image:width\" content=\"700\" \/>\n\t<meta property=\"og:image:height\" content=\"700\" \/>\n\t<meta property=\"og:image:type\" content=\"image\/png\" \/>\n<meta name=\"twitter:card\" content=\"summary_large_image\" \/>\n<meta name=\"twitter:label1\" content=\"Procijenjeno vrijeme \u010ditanja\" \/>\n\t<meta name=\"twitter:data1\" content=\"1 minuta\" \/>\n<script type=\"application\/ld+json\" class=\"yoast-schema-graph\">{\"@context\":\"https:\\\/\\\/schema.org\",\"@graph\":[{\"@type\":\"WebPage\",\"@id\":\"https:\\\/\\\/clair.si\\\/hr\\\/izdelek\\\/poslastice-hartog-harties\\\/\",\"url\":\"https:\\\/\\\/clair.si\\\/hr\\\/izdelek\\\/poslastice-hartog-harties\\\/\",\"name\":\"Poslastice Hartog Harties - Clair\",\"isPartOf\":{\"@id\":\"https:\\\/\\\/clair.si\\\/#website\"},\"primaryImageOfPage\":{\"@id\":\"https:\\\/\\\/clair.si\\\/hr\\\/izdelek\\\/poslastice-hartog-harties\\\/#primaryimage\"},\"image\":{\"@id\":\"https:\\\/\\\/clair.si\\\/hr\\\/izdelek\\\/poslastice-hartog-harties\\\/#primaryimage\"},\"thumbnailUrl\":\"https:\\\/\\\/clair.si\\\/wp-content\\\/uploads\\\/2026\\\/02\\\/Untitled-design-2026-02-03T103248.272.webp\",\"datePublished\":\"2026-02-03T09:27:43+00:00\",\"dateModified\":\"2026-04-15T06:20:08+00:00\",\"description\":\"bez \u017eitarica i dodanog \u0161e\u0107era prakti\u010dno pakiranje s gr\u010dkim sijenom\",\"breadcrumb\":{\"@id\":\"https:\\\/\\\/clair.si\\\/hr\\\/izdelek\\\/poslastice-hartog-harties\\\/#breadcrumb\"},\"inLanguage\":\"hr\",\"potentialAction\":[{\"@type\":\"ReadAction\",\"target\":[\"https:\\\/\\\/clair.si\\\/hr\\\/izdelek\\\/poslastice-hartog-harties\\\/\"]}]},{\"@type\":\"ImageObject\",\"inLanguage\":\"hr\",\"@id\":\"https:\\\/\\\/clair.si\\\/hr\\\/izdelek\\\/poslastice-hartog-harties\\\/#primaryimage\",\"url\":\"https:\\\/\\\/clair.si\\\/wp-content\\\/uploads\\\/2026\\\/02\\\/Untitled-design-2026-02-03T103248.272.webp\",\"contentUrl\":\"https:\\\/\\\/clair.si\\\/wp-content\\\/uploads\\\/2026\\\/02\\\/Untitled-design-2026-02-03T103248.272.webp\",\"width\":700,\"height\":700},{\"@type\":\"BreadcrumbList\",\"@id\":\"https:\\\/\\\/clair.si\\\/hr\\\/izdelek\\\/poslastice-hartog-harties\\\/#breadcrumb\",\"itemListElement\":[{\"@type\":\"ListItem\",\"position\":1,\"name\":\"Home\",\"item\":\"https:\\\/\\\/clair.si\\\/hr\\\/\"},{\"@type\":\"ListItem\",\"position\":2,\"name\":\"Trgovina\",\"item\":\"https:\\\/\\\/clair.si\\\/trgovina\\\/\"},{\"@type\":\"ListItem\",\"position\":3,\"name\":\"Poslastice Hartog Harties\"}]},{\"@type\":\"WebSite\",\"@id\":\"https:\\\/\\\/clair.si\\\/#website\",\"url\":\"https:\\\/\\\/clair.si\\\/\",\"name\":\"Clair\",\"description\":\"Trgovina s konjeni\u0161ko opremo\",\"publisher\":{\"@id\":\"https:\\\/\\\/clair.si\\\/#organization\"},\"potentialAction\":[{\"@type\":\"SearchAction\",\"target\":{\"@type\":\"EntryPoint\",\"urlTemplate\":\"https:\\\/\\\/clair.si\\\/?s={search_term_string}\"},\"query-input\":{\"@type\":\"PropertyValueSpecification\",\"valueRequired\":true,\"valueName\":\"search_term_string\"}}],\"inLanguage\":\"hr\"},{\"@type\":\"Organization\",\"@id\":\"https:\\\/\\\/clair.si\\\/#organization\",\"name\":\"Clair\",\"url\":\"https:\\\/\\\/clair.si\\\/\",\"logo\":{\"@type\":\"ImageObject\",\"inLanguage\":\"hr\",\"@id\":\"https:\\\/\\\/clair.si\\\/#\\\/schema\\\/logo\\\/image\\\/\",\"url\":\"https:\\\/\\\/clair.si\\\/wp-content\\\/uploads\\\/2022\\\/11\\\/clair_logo_2022.jpg\",\"contentUrl\":\"https:\\\/\\\/clair.si\\\/wp-content\\\/uploads\\\/2022\\\/11\\\/clair_logo_2022.jpg\",\"width\":1920,\"height\":1920,\"caption\":\"Clair\"},\"image\":{\"@id\":\"https:\\\/\\\/clair.si\\\/#\\\/schema\\\/logo\\\/image\\\/\"},\"sameAs\":[\"https:\\\/\\\/www.facebook.com\\\/TrgovinaClair\\\/\"]}]}<\/script>\n<!-- \/ Yoast SEO plugin. -->","yoast_head_json":{"title":"Poslastice Hartog Harties - Clair","description":"bez \u017eitarica i dodanog \u0161e\u0107era  prakti\u010dno pakiranje  s gr\u010dkim sijenom","robots":{"index":"index","follow":"follow","max-snippet":"max-snippet:-1","max-image-preview":"max-image-preview:large","max-video-preview":"max-video-preview:-1"},"canonical":"https:\/\/clair.si\/hr\/izdelek\/poslastice-hartog-harties\/","og_locale":"hr_HR","og_type":"article","og_title":"Poslastice Hartog Harties - Clair","og_description":"bez \u017eitarica i dodanog \u0161e\u0107era  prakti\u010dno pakiranje  s gr\u010dkim sijenom","og_url":"https:\/\/clair.si\/hr\/izdelek\/poslastice-hartog-harties\/","og_site_name":"Clair","article_publisher":"https:\/\/www.facebook.com\/TrgovinaClair\/","article_modified_time":"2026-04-15T06:20:08+00:00","og_image":[{"width":700,"height":700,"url":"https:\/\/clair.si\/wp-content\/uploads\/2026\/02\/Untitled-design-2026-02-03T103248.272.webp","type":"image\/png"}],"twitter_card":"summary_large_image","twitter_misc":{"Procijenjeno vrijeme \u010ditanja":"1 minuta"},"schema":{"@context":"https:\/\/schema.org","@graph":[{"@type":"WebPage","@id":"https:\/\/clair.si\/hr\/izdelek\/poslastice-hartog-harties\/","url":"https:\/\/clair.si\/hr\/izdelek\/poslastice-hartog-harties\/","name":"Poslastice Hartog Harties - Clair","isPartOf":{"@id":"https:\/\/clair.si\/#website"},"primaryImageOfPage":{"@id":"https:\/\/clair.si\/hr\/izdelek\/poslastice-hartog-harties\/#primaryimage"},"image":{"@id":"https:\/\/clair.si\/hr\/izdelek\/poslastice-hartog-harties\/#primaryimage"},"thumbnailUrl":"https:\/\/clair.si\/wp-content\/uploads\/2026\/02\/Untitled-design-2026-02-03T103248.272.webp","datePublished":"2026-02-03T09:27:43+00:00","dateModified":"2026-04-15T06:20:08+00:00","description":"bez \u017eitarica i dodanog \u0161e\u0107era prakti\u010dno pakiranje s gr\u010dkim sijenom","breadcrumb":{"@id":"https:\/\/clair.si\/hr\/izdelek\/poslastice-hartog-harties\/#breadcrumb"},"inLanguage":"hr","potentialAction":[{"@type":"ReadAction","target":["https:\/\/clair.si\/hr\/izdelek\/poslastice-hartog-harties\/"]}]},{"@type":"ImageObject","inLanguage":"hr","@id":"https:\/\/clair.si\/hr\/izdelek\/poslastice-hartog-harties\/#primaryimage","url":"https:\/\/clair.si\/wp-content\/uploads\/2026\/02\/Untitled-design-2026-02-03T103248.272.webp","contentUrl":"https:\/\/clair.si\/wp-content\/uploads\/2026\/02\/Untitled-design-2026-02-03T103248.272.webp","width":700,"height":700},{"@type":"BreadcrumbList","@id":"https:\/\/clair.si\/hr\/izdelek\/poslastice-hartog-harties\/#breadcrumb","itemListElement":[{"@type":"ListItem","position":1,"name":"Home","item":"https:\/\/clair.si\/hr\/"},{"@type":"ListItem","position":2,"name":"Trgovina","item":"https:\/\/clair.si\/trgovina\/"},{"@type":"ListItem","position":3,"name":"Poslastice Hartog Harties"}]},{"@type":"WebSite","@id":"https:\/\/clair.si\/#website","url":"https:\/\/clair.si\/","name":"Clair","description":"Trgovina s konjeni\u0161ko opremo","publisher":{"@id":"https:\/\/clair.si\/#organization"},"potentialAction":[{"@type":"SearchAction","target":{"@type":"EntryPoint","urlTemplate":"https:\/\/clair.si\/?s={search_term_string}"},"query-input":{"@type":"PropertyValueSpecification","valueRequired":true,"valueName":"search_term_string"}}],"inLanguage":"hr"},{"@type":"Organization","@id":"https:\/\/clair.si\/#organization","name":"Clair","url":"https:\/\/clair.si\/","logo":{"@type":"ImageObject","inLanguage":"hr","@id":"https:\/\/clair.si\/#\/schema\/logo\/image\/","url":"https:\/\/clair.si\/wp-content\/uploads\/2022\/11\/clair_logo_2022.jpg","contentUrl":"https:\/\/clair.si\/wp-content\/uploads\/2022\/11\/clair_logo_2022.jpg","width":1920,"height":1920,"caption":"Clair"},"image":{"@id":"https:\/\/clair.si\/#\/schema\/logo\/image\/"},"sameAs":["https:\/\/www.facebook.com\/TrgovinaClair\/"]}]}},"_links":{"self":[{"href":"https:\/\/clair.si\/hr\/wp-json\/wp\/v2\/product\/131483","targetHints":{"allow":["GET"]}}],"collection":[{"href":"https:\/\/clair.si\/hr\/wp-json\/wp\/v2\/product"}],"about":[{"href":"https:\/\/clair.si\/hr\/wp-json\/wp\/v2\/types\/product"}],"version-history":[{"count":2,"href":"https:\/\/clair.si\/hr\/wp-json\/wp\/v2\/product\/131483\/revisions"}],"predecessor-version":[{"id":135761,"href":"https:\/\/clair.si\/hr\/wp-json\/wp\/v2\/product\/131483\/revisions\/135761"}],"wp:featuredmedia":[{"embeddable":true,"href":"https:\/\/clair.si\/hr\/wp-json\/wp\/v2\/media\/131484"}],"wp:attachment":[{"href":"https:\/\/clair.si\/hr\/wp-json\/wp\/v2\/media?parent=131483"}],"wp:term":[{"taxonomy":"product_brand","embeddable":true,"href":"https:\/\/clair.si\/hr\/wp-json\/wp\/v2\/product_brand?post=131483"},{"taxonomy":"product_cat","embeddable":true,"href":"https:\/\/clair.si\/hr\/wp-json\/wp\/v2\/product_cat?post=131483"},{"taxonomy":"product_tag","embeddable":true,"href":"https:\/\/clair.si\/hr\/wp-json\/wp\/v2\/product_tag?post=131483"}],"curies":[{"name":"wp","href":"https:\/\/api.w.org\/{rel}","templated":true}]}}