{"id":131485,"date":"2026-02-03T09:47:59","date_gmt":"2026-02-03T08:47:59","guid":{"rendered":"https:\/\/clair.si\/izdelek\/masa-za-kopita-comfortmix-super-bond\/"},"modified":"2026-02-25T17:28:19","modified_gmt":"2026-02-25T16:28:19","slug":"masa-za-kopita-comfortmix-super-bond","status":"publish","type":"product","link":"https:\/\/clair.si\/hr\/izdelek\/masa-za-kopita-comfortmix-super-bond\/","title":{"rendered":"Masa za kopita Comfortmix Super Bond"},"content":{"rendered":"<p data-start=\"58\" data-end=\"437\"><strong data-start=\"58\" data-end=\"83\">ComfortMix Super Bond<\/strong> je <strong data-start=\"87\" data-end=\"132\">dvokomponentna poliuretanska smola\/ljepilo<\/strong> s vrlo dobrim prianjanjem na <strong data-start=\"166\" data-end=\"193\">keratin (stijenka kopita)<\/strong> te materijale, kao \u0161to su <strong data-start=\"216\" data-end=\"250\">\u017eeljezo, aluminij i poliuretan<\/strong>. Nakon stvrdnjavanja ima <strong data-start=\"268\" data-end=\"327\">elasti\u010dnost i mehani\u010dku otpornost sli\u010dnu stijenci kopita<\/strong>, stoga je prikladan za <strong data-start=\"349\" data-end=\"367\">brze popravke<\/strong> i <strong data-start=\"371\" data-end=\"398\">nadogradnje<\/strong>. <\/p>\n<h3 data-start=\"439\" data-end=\"469\">Za \u0161to je najkorisniji?<\/h3>\n<ul data-start=\"470\" data-end=\"794\">\n<li data-start=\"470\" data-end=\"563\">\n<p data-start=\"472\" data-end=\"563\"><strong data-start=\"472\" data-end=\"504\">Brzi popravci stijenke kopita<\/strong> (manji popravci)<\/p>\n<\/li>\n<li data-start=\"564\" data-end=\"669\">\n<p data-start=\"566\" data-end=\"669\"><strong data-start=\"566\" data-end=\"603\">Rekonstrukcija\/obnova dijelova stijenke<\/strong> i <strong data-start=\"607\" data-end=\"629\">izrada ekstenzija<\/strong><\/p>\n<\/li>\n<li data-start=\"670\" data-end=\"794\">\n<p data-start=\"672\" data-end=\"794\"><strong data-start=\"672\" data-end=\"724\">Foal extensions \/ lijepljenje \u201ecuffs\u201c kod \u017edrebadi<\/strong> ili izrada \u201ecustom\u201c rje\u0161enja<\/p>\n<\/li>\n<\/ul>\n<h3 data-start=\"796\" data-end=\"810\">Vrijeme vezivanja<\/h3>\n<ul data-start=\"811\" data-end=\"921\">\n<li data-start=\"811\" data-end=\"921\">\n<p data-start=\"813\" data-end=\"921\"><strong data-start=\"813\" data-end=\"842\">katalizira za ~30 sekundi<\/strong> (vrlo brzo, za interventne popravke)<\/p>\n<\/li>\n<\/ul>\n<h3 data-start=\"923\" data-end=\"955\">Upute za upotrebu<\/h3>\n<ol data-start=\"956\" data-end=\"1299\">\n<li data-start=\"956\" data-end=\"1055\">\n<p data-start=\"959\" data-end=\"1055\"><strong data-start=\"959\" data-end=\"972\">Priprema:<\/strong> stijenka kopita mora biti <strong data-start=\"997\" data-end=\"1014\">\u010dista i suha<\/strong>.<\/p>\n<\/li>\n<li data-start=\"1056\" data-end=\"1163\">\n<p data-start=\"1059\" data-end=\"1163\"><strong data-start=\"1059\" data-end=\"1075\">Temperatura:<\/strong> proizvod neka bude pri nano\u0161enju <strong data-start=\"1101\" data-end=\"1122\">sobne temperature<\/strong>.<\/p>\n<\/li>\n<li data-start=\"1164\" data-end=\"1299\">\n<p data-start=\"1167\" data-end=\"1299\"><strong data-start=\"1167\" data-end=\"1177\">Nano\u0161enje:<\/strong> nanesite na podru\u010dje popravka\/ekstenzije; zbog brzog vezivanja sve pripremite unaprijed.<\/p>\n<\/li>\n<\/ol>\n<p>Komponenta A:<br \/>\nUzrokuje nadra\u017eivanje ko\u017ee. Mo\u017ee uzrokovati alergijsku reakciju ko\u017ee.  Uzrokuje jako nadra\u017eivanje o\u010diju. \u0160tetno za zdravlje pri udisanju. Pri udisanju mo\u017ee uzrokovati simptome alergije ili astme ili pote\u0161ko\u0107e s disanjem. Mo\u017ee uzrokovati nadra\u017eivanje di\u0161nih putova. Sumnja na uzrokovanje raka. Mo\u017ee o\u0161tetiti organe pri dugotrajnoj ili ponovljenoj izlo\u017eenosti.<br \/>\nNe udisati pra\u0161inu\/pare\/maglu\/isparenja\/raspr\u0161iva\u010d. Nositi za\u0161titne rukavice\/za\u0161titnu odje\u0107u\/za\u0161titu za o\u010di\/za\u0161titu za lice.      <\/p>\n<p>AKO SE UDI\u0160E:<br \/>\nPremjestiti osobu na svje\u017ei zrak i postaviti ju u polo\u017eaj koji olak\u0161ava disanje.<\/p>\n<p>U SLU\u010cAJU DODIRA S O\u010cIMA:<br \/>\nOprezno ispirati vodom nekoliko minuta. Ukloniti kontaktne le\u0107e ako ih nosite i ako se one lako uklanjaju. Nastaviti ispirati.  <\/p>\n<p>U slu\u010daju nadra\u017eaja ko\u017ee: zatra\u017eiti savjet\/pomo\u0107 lije\u010dnika.<br \/>\nU slu\u010daju respiratornih simptoma: nazvati CENTAR ZA KONTROLU TROVANJA\/lije\u010dnika.<br \/>\nSkladi\u0161titi u zatvorenom spremniku. \u010cuvati spremnik \u010dvrsto zatvorenim. <\/p>\n<p>Komponenta B:<br \/>\nUzrokuje nadra\u017eivanje ko\u017ee. Uzrokuje jako nadra\u017eivanje oka. Mo\u017ee nadra\u017eiti di\u0161ni sustav. \u0160tetno ako se udi\u0161e.<br \/>\nOdlo\u017eiti sadr\u017eaj\/spremnik na odobreno odlagali\u0161te otpada u skladu s lokalnim\/regionalnim\/nacionalnim\/me\u0111unarodnim propisima.<br \/>\nIzbjegavati udisanje pra\u0161ine\/dima\/plina\/magle\/pare\/aerosola. Nakon rukovanja temeljito oprati ruke. Nositi za\u0161titne rukavice\/za\u0161titno odijelo\/za\u0161titu za o\u010di\/za\u0161titu za lice.     <\/p>\n<p>AKO SE PROGUTA:<br \/>\nIsprati usta. NE izazivati povra\u0107anje. <\/p>\n<p>U SLU\u010cAJU DODIRA S KO\u017dOM:<br \/>\nOprati velikim koli\u010dinama vode\/sapuna.<\/p>\n<p>U SLU\u010cAJU DODIRA S O\u010cIMA:<br \/>\nOprezno ispirati vodom nekoliko minuta. Ukloniti kontaktne le\u0107e ako ih nosite i ako se one lako uklanjaju. Nastaviti ispirati.  <\/p>\n<p>U slu\u010daju nadra\u017eaja oka: zatra\u017eiti savjet\/pomo\u0107 lije\u010dnika.<br \/>\nU slu\u010daju respiratornih simptoma: nazvati CENTAR ZA KONTROLU TROVANJA\/lije\u010dnika.<br \/>\nSkladi\u0161titi u zatvorenom spremniku. Za\u0161tititi od vlage. \u010cuvati spremnik \u010dvrsto zatvorenim.  <\/p>\n<p>Komponenta A sadr\u017ei:<br \/>\n4,4-metilendifenil diizocijanat, oligomeri (CAS br. 25686-28-6), difenilmetan-4,4-diizocijanat (CAS br. 101-68-8) i metilendifenil diizocijanat (CAS br. 26447-40-5).<\/p>\n<p>Komponenta B sadr\u017ei:<br \/>\nEtilendinitrilotetrapropan-2-ol (CAS br. 102-603-3) i gliceril poli (oksipropilen) triamin (CAS br. 64852-22-8).<\/p>\n<p>Prva pomo\u0107:<br \/>\nU slu\u010daju udisanja ili ote\u017eanog disanja premjestiti unesre\u0107enu osobu na svje\u017ei zrak i postaviti ju u polo\u017eaj koji olak\u0161ava disanje. Ako se simptomi pojave ili ne prestaju, odmah zatra\u017eite lije\u010dni\u010dku pomo\u0107.<br \/>\nU slu\u010daju dodira s o\u010dima: ispirati vodom 15 minuta; nazvati lije\u010dnika.<br \/>\nU slu\u010daju dodira s ko\u017eom: temeljito oprati sapunom i vodom. Ako se pojave simptomi, odmah zatra\u017eite lije\u010dni\u010dku pomo\u0107.  <\/p>\n","protected":false},"excerpt":{"rendered":"<p>ComfortMix Super Bond je dvokomponentna poliuretanska smola\/ljepilo s vrlo dobrim prianjanjem na keratin (stijenka kopita) te materijale, kao \u0161to su<\/p>\n","protected":false},"featured_media":131486,"template":"","meta":{"footnotes":""},"product_brand":[],"product_cat":[5657,7072,5960],"product_tag":[],"class_list":{"0":"post-131485","1":"product","2":"type-product","3":"status-publish","4":"has-post-thumbnail","6":"product_cat-kategorije-hr","7":"product_cat-kopitne-mase-i-podloge","8":"product_cat-kovacka-oprema","10":"first","11":"instock","12":"sale","13":"shipping-taxable","14":"purchasable","15":"product-type-simple"},"yoast_head":"<!-- This site is optimized with the Yoast SEO plugin v27.4 - https:\/\/yoast.com\/product\/yoast-seo-wordpress\/ -->\n<title>Masa za kopita Comfortmix Super Bond - Clair<\/title>\n<meta name=\"description\" content=\"ComfortMix Super Bond je dvokomponentna poliuretanska smola\/ljepilo s vrlo dobrim prianjanjem na keratin (stijenka kopita) te materijale, kao \u0161to su\" \/>\n<meta name=\"robots\" content=\"index, follow, max-snippet:-1, max-image-preview:large, max-video-preview:-1\" \/>\n<link rel=\"canonical\" href=\"https:\/\/clair.si\/hr\/izdelek\/masa-za-kopita-comfortmix-super-bond\/\" \/>\n<meta property=\"og:locale\" content=\"hr_HR\" \/>\n<meta property=\"og:type\" content=\"article\" \/>\n<meta property=\"og:title\" content=\"Masa za kopita Comfortmix Super Bond - Clair\" \/>\n<meta property=\"og:description\" content=\"ComfortMix Super Bond je dvokomponentna poliuretanska smola\/ljepilo s vrlo dobrim prianjanjem na keratin (stijenka kopita) te materijale, kao \u0161to su\" \/>\n<meta property=\"og:url\" content=\"https:\/\/clair.si\/hr\/izdelek\/masa-za-kopita-comfortmix-super-bond\/\" \/>\n<meta property=\"og:site_name\" content=\"Clair\" \/>\n<meta property=\"article:publisher\" content=\"https:\/\/www.facebook.com\/TrgovinaClair\/\" \/>\n<meta property=\"article:modified_time\" content=\"2026-02-25T16:28:19+00:00\" \/>\n<meta property=\"og:image\" content=\"https:\/\/clair.si\/wp-content\/uploads\/2026\/02\/super-bond-clair.webp\" \/>\n\t<meta property=\"og:image:width\" content=\"1000\" \/>\n\t<meta property=\"og:image:height\" content=\"1000\" \/>\n\t<meta property=\"og:image:type\" content=\"image\/png\" \/>\n<meta name=\"twitter:card\" content=\"summary_large_image\" \/>\n<meta name=\"twitter:label1\" content=\"Procijenjeno vrijeme \u010ditanja\" \/>\n\t<meta name=\"twitter:data1\" content=\"3 minute\" \/>\n<script type=\"application\/ld+json\" class=\"yoast-schema-graph\">{\"@context\":\"https:\\\/\\\/schema.org\",\"@graph\":[{\"@type\":\"WebPage\",\"@id\":\"https:\\\/\\\/clair.si\\\/hr\\\/izdelek\\\/masa-za-kopita-comfortmix-super-bond\\\/\",\"url\":\"https:\\\/\\\/clair.si\\\/hr\\\/izdelek\\\/masa-za-kopita-comfortmix-super-bond\\\/\",\"name\":\"Masa za kopita Comfortmix Super Bond - Clair\",\"isPartOf\":{\"@id\":\"https:\\\/\\\/clair.si\\\/#website\"},\"primaryImageOfPage\":{\"@id\":\"https:\\\/\\\/clair.si\\\/hr\\\/izdelek\\\/masa-za-kopita-comfortmix-super-bond\\\/#primaryimage\"},\"image\":{\"@id\":\"https:\\\/\\\/clair.si\\\/hr\\\/izdelek\\\/masa-za-kopita-comfortmix-super-bond\\\/#primaryimage\"},\"thumbnailUrl\":\"https:\\\/\\\/clair.si\\\/wp-content\\\/uploads\\\/2026\\\/02\\\/super-bond-clair.webp\",\"datePublished\":\"2026-02-03T08:47:59+00:00\",\"dateModified\":\"2026-02-25T16:28:19+00:00\",\"description\":\"ComfortMix Super Bond je dvokomponentna poliuretanska smola\\\/ljepilo s vrlo dobrim prianjanjem na keratin (stijenka kopita) te materijale, kao \u0161to su\",\"breadcrumb\":{\"@id\":\"https:\\\/\\\/clair.si\\\/hr\\\/izdelek\\\/masa-za-kopita-comfortmix-super-bond\\\/#breadcrumb\"},\"inLanguage\":\"hr\",\"potentialAction\":[{\"@type\":\"ReadAction\",\"target\":[\"https:\\\/\\\/clair.si\\\/hr\\\/izdelek\\\/masa-za-kopita-comfortmix-super-bond\\\/\"]}]},{\"@type\":\"ImageObject\",\"inLanguage\":\"hr\",\"@id\":\"https:\\\/\\\/clair.si\\\/hr\\\/izdelek\\\/masa-za-kopita-comfortmix-super-bond\\\/#primaryimage\",\"url\":\"https:\\\/\\\/clair.si\\\/wp-content\\\/uploads\\\/2026\\\/02\\\/super-bond-clair.webp\",\"contentUrl\":\"https:\\\/\\\/clair.si\\\/wp-content\\\/uploads\\\/2026\\\/02\\\/super-bond-clair.webp\",\"width\":1000,\"height\":1000},{\"@type\":\"BreadcrumbList\",\"@id\":\"https:\\\/\\\/clair.si\\\/hr\\\/izdelek\\\/masa-za-kopita-comfortmix-super-bond\\\/#breadcrumb\",\"itemListElement\":[{\"@type\":\"ListItem\",\"position\":1,\"name\":\"Home\",\"item\":\"https:\\\/\\\/clair.si\\\/hr\\\/\"},{\"@type\":\"ListItem\",\"position\":2,\"name\":\"Trgovina\",\"item\":\"https:\\\/\\\/clair.si\\\/trgovina\\\/\"},{\"@type\":\"ListItem\",\"position\":3,\"name\":\"Masa za kopita Comfortmix Super Bond\"}]},{\"@type\":\"WebSite\",\"@id\":\"https:\\\/\\\/clair.si\\\/#website\",\"url\":\"https:\\\/\\\/clair.si\\\/\",\"name\":\"Clair\",\"description\":\"Trgovina s konjeni\u0161ko opremo\",\"publisher\":{\"@id\":\"https:\\\/\\\/clair.si\\\/#organization\"},\"potentialAction\":[{\"@type\":\"SearchAction\",\"target\":{\"@type\":\"EntryPoint\",\"urlTemplate\":\"https:\\\/\\\/clair.si\\\/?s={search_term_string}\"},\"query-input\":{\"@type\":\"PropertyValueSpecification\",\"valueRequired\":true,\"valueName\":\"search_term_string\"}}],\"inLanguage\":\"hr\"},{\"@type\":\"Organization\",\"@id\":\"https:\\\/\\\/clair.si\\\/#organization\",\"name\":\"Clair\",\"url\":\"https:\\\/\\\/clair.si\\\/\",\"logo\":{\"@type\":\"ImageObject\",\"inLanguage\":\"hr\",\"@id\":\"https:\\\/\\\/clair.si\\\/#\\\/schema\\\/logo\\\/image\\\/\",\"url\":\"https:\\\/\\\/clair.si\\\/wp-content\\\/uploads\\\/2022\\\/11\\\/clair_logo_2022.jpg\",\"contentUrl\":\"https:\\\/\\\/clair.si\\\/wp-content\\\/uploads\\\/2022\\\/11\\\/clair_logo_2022.jpg\",\"width\":1920,\"height\":1920,\"caption\":\"Clair\"},\"image\":{\"@id\":\"https:\\\/\\\/clair.si\\\/#\\\/schema\\\/logo\\\/image\\\/\"},\"sameAs\":[\"https:\\\/\\\/www.facebook.com\\\/TrgovinaClair\\\/\"]}]}<\/script>\n<!-- \/ Yoast SEO plugin. -->","yoast_head_json":{"title":"Masa za kopita Comfortmix Super Bond - Clair","description":"ComfortMix Super Bond je dvokomponentna poliuretanska smola\/ljepilo s vrlo dobrim prianjanjem na keratin (stijenka kopita) te materijale, kao \u0161to su","robots":{"index":"index","follow":"follow","max-snippet":"max-snippet:-1","max-image-preview":"max-image-preview:large","max-video-preview":"max-video-preview:-1"},"canonical":"https:\/\/clair.si\/hr\/izdelek\/masa-za-kopita-comfortmix-super-bond\/","og_locale":"hr_HR","og_type":"article","og_title":"Masa za kopita Comfortmix Super Bond - Clair","og_description":"ComfortMix Super Bond je dvokomponentna poliuretanska smola\/ljepilo s vrlo dobrim prianjanjem na keratin (stijenka kopita) te materijale, kao \u0161to su","og_url":"https:\/\/clair.si\/hr\/izdelek\/masa-za-kopita-comfortmix-super-bond\/","og_site_name":"Clair","article_publisher":"https:\/\/www.facebook.com\/TrgovinaClair\/","article_modified_time":"2026-02-25T16:28:19+00:00","og_image":[{"width":1000,"height":1000,"url":"https:\/\/clair.si\/wp-content\/uploads\/2026\/02\/super-bond-clair.webp","type":"image\/png"}],"twitter_card":"summary_large_image","twitter_misc":{"Procijenjeno vrijeme \u010ditanja":"3 minute"},"schema":{"@context":"https:\/\/schema.org","@graph":[{"@type":"WebPage","@id":"https:\/\/clair.si\/hr\/izdelek\/masa-za-kopita-comfortmix-super-bond\/","url":"https:\/\/clair.si\/hr\/izdelek\/masa-za-kopita-comfortmix-super-bond\/","name":"Masa za kopita Comfortmix Super Bond - Clair","isPartOf":{"@id":"https:\/\/clair.si\/#website"},"primaryImageOfPage":{"@id":"https:\/\/clair.si\/hr\/izdelek\/masa-za-kopita-comfortmix-super-bond\/#primaryimage"},"image":{"@id":"https:\/\/clair.si\/hr\/izdelek\/masa-za-kopita-comfortmix-super-bond\/#primaryimage"},"thumbnailUrl":"https:\/\/clair.si\/wp-content\/uploads\/2026\/02\/super-bond-clair.webp","datePublished":"2026-02-03T08:47:59+00:00","dateModified":"2026-02-25T16:28:19+00:00","description":"ComfortMix Super Bond je dvokomponentna poliuretanska smola\/ljepilo s vrlo dobrim prianjanjem na keratin (stijenka kopita) te materijale, kao \u0161to su","breadcrumb":{"@id":"https:\/\/clair.si\/hr\/izdelek\/masa-za-kopita-comfortmix-super-bond\/#breadcrumb"},"inLanguage":"hr","potentialAction":[{"@type":"ReadAction","target":["https:\/\/clair.si\/hr\/izdelek\/masa-za-kopita-comfortmix-super-bond\/"]}]},{"@type":"ImageObject","inLanguage":"hr","@id":"https:\/\/clair.si\/hr\/izdelek\/masa-za-kopita-comfortmix-super-bond\/#primaryimage","url":"https:\/\/clair.si\/wp-content\/uploads\/2026\/02\/super-bond-clair.webp","contentUrl":"https:\/\/clair.si\/wp-content\/uploads\/2026\/02\/super-bond-clair.webp","width":1000,"height":1000},{"@type":"BreadcrumbList","@id":"https:\/\/clair.si\/hr\/izdelek\/masa-za-kopita-comfortmix-super-bond\/#breadcrumb","itemListElement":[{"@type":"ListItem","position":1,"name":"Home","item":"https:\/\/clair.si\/hr\/"},{"@type":"ListItem","position":2,"name":"Trgovina","item":"https:\/\/clair.si\/trgovina\/"},{"@type":"ListItem","position":3,"name":"Masa za kopita Comfortmix Super Bond"}]},{"@type":"WebSite","@id":"https:\/\/clair.si\/#website","url":"https:\/\/clair.si\/","name":"Clair","description":"Trgovina s konjeni\u0161ko opremo","publisher":{"@id":"https:\/\/clair.si\/#organization"},"potentialAction":[{"@type":"SearchAction","target":{"@type":"EntryPoint","urlTemplate":"https:\/\/clair.si\/?s={search_term_string}"},"query-input":{"@type":"PropertyValueSpecification","valueRequired":true,"valueName":"search_term_string"}}],"inLanguage":"hr"},{"@type":"Organization","@id":"https:\/\/clair.si\/#organization","name":"Clair","url":"https:\/\/clair.si\/","logo":{"@type":"ImageObject","inLanguage":"hr","@id":"https:\/\/clair.si\/#\/schema\/logo\/image\/","url":"https:\/\/clair.si\/wp-content\/uploads\/2022\/11\/clair_logo_2022.jpg","contentUrl":"https:\/\/clair.si\/wp-content\/uploads\/2022\/11\/clair_logo_2022.jpg","width":1920,"height":1920,"caption":"Clair"},"image":{"@id":"https:\/\/clair.si\/#\/schema\/logo\/image\/"},"sameAs":["https:\/\/www.facebook.com\/TrgovinaClair\/"]}]}},"_links":{"self":[{"href":"https:\/\/clair.si\/hr\/wp-json\/wp\/v2\/product\/131485","targetHints":{"allow":["GET"]}}],"collection":[{"href":"https:\/\/clair.si\/hr\/wp-json\/wp\/v2\/product"}],"about":[{"href":"https:\/\/clair.si\/hr\/wp-json\/wp\/v2\/types\/product"}],"version-history":[{"count":1,"href":"https:\/\/clair.si\/hr\/wp-json\/wp\/v2\/product\/131485\/revisions"}],"predecessor-version":[{"id":131633,"href":"https:\/\/clair.si\/hr\/wp-json\/wp\/v2\/product\/131485\/revisions\/131633"}],"wp:featuredmedia":[{"embeddable":true,"href":"https:\/\/clair.si\/hr\/wp-json\/wp\/v2\/media\/131486"}],"wp:attachment":[{"href":"https:\/\/clair.si\/hr\/wp-json\/wp\/v2\/media?parent=131485"}],"wp:term":[{"taxonomy":"product_brand","embeddable":true,"href":"https:\/\/clair.si\/hr\/wp-json\/wp\/v2\/product_brand?post=131485"},{"taxonomy":"product_cat","embeddable":true,"href":"https:\/\/clair.si\/hr\/wp-json\/wp\/v2\/product_cat?post=131485"},{"taxonomy":"product_tag","embeddable":true,"href":"https:\/\/clair.si\/hr\/wp-json\/wp\/v2\/product_tag?post=131485"}],"curies":[{"name":"wp","href":"https:\/\/api.w.org\/{rel}","templated":true}]}}