{"id":131487,"date":"2026-02-02T15:21:49","date_gmt":"2026-02-02T14:21:49","guid":{"rendered":"https:\/\/clair.si\/izdelek\/mjerac-kopita-double-s\/"},"modified":"2026-02-25T17:24:00","modified_gmt":"2026-02-25T16:24:00","slug":"mjerac-kopita-double-s","status":"publish","type":"product","link":"https:\/\/clair.si\/hr\/izdelek\/mjerac-kopita-double-s\/","title":{"rendered":"Mjera\u010d kopita Double S"},"content":{"rendered":"<p>Kompaktan i precizan <strong data-start=\"79\" data-end=\"111\">mjerni alat za kopita<\/strong>, izra\u0111en od <strong data-start=\"124\" data-end=\"158\">aluminija otpornog na koroziju<\/strong> i obra\u0111en <strong data-start=\"172\" data-end=\"191\">CNC tehnologijom<\/strong>. Namijenjen je <strong data-start=\"205\" data-end=\"234\">detaljnom mjerenju kopita<\/strong> (npr. \u0161irina, duljina, debljina), \u0161to je korisno kod dosljednog obrezivanja, usporedbe lijeve\/desne strane te pra\u0107enja promjena kroz vrijeme. <\/p>\n","protected":false},"excerpt":{"rendered":"<p>Kompaktan i precizan mjerni alat za kopita, izra\u0111en od aluminija otpornog na koroziju i obra\u0111en CNC tehnologijom. Namijenjen je detaljnom<\/p>\n","protected":false},"featured_media":131488,"template":"","meta":{"footnotes":""},"product_brand":[],"product_cat":[6113,5657,5960],"product_tag":[],"class_list":{"0":"post-131487","1":"product","2":"type-product","3":"status-publish","4":"has-post-thumbnail","6":"product_cat-druga-kovacka-oprema","7":"product_cat-kategorije-hr","8":"product_cat-kovacka-oprema","10":"first","11":"instock","12":"sale","13":"shipping-taxable","14":"purchasable","15":"product-type-simple"},"yoast_head":"<!-- This site is optimized with the Yoast SEO plugin v27.4 - https:\/\/yoast.com\/product\/yoast-seo-wordpress\/ -->\n<title>Mjera\u010d kopita Double S - Clair<\/title>\n<meta name=\"description\" content=\"Kompaktan i precizan mjerni alat za kopita, izra\u0111en od aluminija otpornog na koroziju i obra\u0111en CNC tehnologijom. Namijenjen je detaljnom mjerenju kopita\" \/>\n<meta name=\"robots\" content=\"index, follow, max-snippet:-1, max-image-preview:large, max-video-preview:-1\" \/>\n<link rel=\"canonical\" href=\"https:\/\/clair.si\/hr\/izdelek\/mjerac-kopita-double-s\/\" \/>\n<meta property=\"og:locale\" content=\"hr_HR\" \/>\n<meta property=\"og:type\" content=\"article\" \/>\n<meta property=\"og:title\" content=\"Mjera\u010d kopita Double S - Clair\" \/>\n<meta property=\"og:description\" content=\"Kompaktan i precizan mjerni alat za kopita, izra\u0111en od aluminija otpornog na koroziju i obra\u0111en CNC tehnologijom. Namijenjen je detaljnom mjerenju kopita\" \/>\n<meta property=\"og:url\" content=\"https:\/\/clair.si\/hr\/izdelek\/mjerac-kopita-double-s\/\" \/>\n<meta property=\"og:site_name\" content=\"Clair\" \/>\n<meta property=\"article:publisher\" content=\"https:\/\/www.facebook.com\/TrgovinaClair\/\" \/>\n<meta property=\"article:modified_time\" content=\"2026-02-25T16:24:00+00:00\" \/>\n<meta property=\"og:image\" content=\"https:\/\/clair.si\/wp-content\/uploads\/2026\/02\/MERILEC-KOPIT-CLAIR.webp\" \/>\n\t<meta property=\"og:image:width\" content=\"1000\" \/>\n\t<meta property=\"og:image:height\" content=\"1000\" \/>\n\t<meta property=\"og:image:type\" content=\"image\/png\" \/>\n<meta name=\"twitter:card\" content=\"summary_large_image\" \/>\n<script type=\"application\/ld+json\" class=\"yoast-schema-graph\">{\"@context\":\"https:\\\/\\\/schema.org\",\"@graph\":[{\"@type\":\"WebPage\",\"@id\":\"https:\\\/\\\/clair.si\\\/hr\\\/izdelek\\\/mjerac-kopita-double-s\\\/\",\"url\":\"https:\\\/\\\/clair.si\\\/hr\\\/izdelek\\\/mjerac-kopita-double-s\\\/\",\"name\":\"Mjera\u010d kopita Double S - Clair\",\"isPartOf\":{\"@id\":\"https:\\\/\\\/clair.si\\\/#website\"},\"primaryImageOfPage\":{\"@id\":\"https:\\\/\\\/clair.si\\\/hr\\\/izdelek\\\/mjerac-kopita-double-s\\\/#primaryimage\"},\"image\":{\"@id\":\"https:\\\/\\\/clair.si\\\/hr\\\/izdelek\\\/mjerac-kopita-double-s\\\/#primaryimage\"},\"thumbnailUrl\":\"https:\\\/\\\/clair.si\\\/wp-content\\\/uploads\\\/2026\\\/02\\\/MERILEC-KOPIT-CLAIR.webp\",\"datePublished\":\"2026-02-02T14:21:49+00:00\",\"dateModified\":\"2026-02-25T16:24:00+00:00\",\"description\":\"Kompaktan i precizan mjerni alat za kopita, izra\u0111en od aluminija otpornog na koroziju i obra\u0111en CNC tehnologijom. Namijenjen je detaljnom mjerenju kopita\",\"breadcrumb\":{\"@id\":\"https:\\\/\\\/clair.si\\\/hr\\\/izdelek\\\/mjerac-kopita-double-s\\\/#breadcrumb\"},\"inLanguage\":\"hr\",\"potentialAction\":[{\"@type\":\"ReadAction\",\"target\":[\"https:\\\/\\\/clair.si\\\/hr\\\/izdelek\\\/mjerac-kopita-double-s\\\/\"]}]},{\"@type\":\"ImageObject\",\"inLanguage\":\"hr\",\"@id\":\"https:\\\/\\\/clair.si\\\/hr\\\/izdelek\\\/mjerac-kopita-double-s\\\/#primaryimage\",\"url\":\"https:\\\/\\\/clair.si\\\/wp-content\\\/uploads\\\/2026\\\/02\\\/MERILEC-KOPIT-CLAIR.webp\",\"contentUrl\":\"https:\\\/\\\/clair.si\\\/wp-content\\\/uploads\\\/2026\\\/02\\\/MERILEC-KOPIT-CLAIR.webp\",\"width\":1000,\"height\":1000},{\"@type\":\"BreadcrumbList\",\"@id\":\"https:\\\/\\\/clair.si\\\/hr\\\/izdelek\\\/mjerac-kopita-double-s\\\/#breadcrumb\",\"itemListElement\":[{\"@type\":\"ListItem\",\"position\":1,\"name\":\"Home\",\"item\":\"https:\\\/\\\/clair.si\\\/hr\\\/\"},{\"@type\":\"ListItem\",\"position\":2,\"name\":\"Trgovina\",\"item\":\"https:\\\/\\\/clair.si\\\/trgovina\\\/\"},{\"@type\":\"ListItem\",\"position\":3,\"name\":\"Mjera\u010d kopita Double S\"}]},{\"@type\":\"WebSite\",\"@id\":\"https:\\\/\\\/clair.si\\\/#website\",\"url\":\"https:\\\/\\\/clair.si\\\/\",\"name\":\"Clair\",\"description\":\"Trgovina s konjeni\u0161ko opremo\",\"publisher\":{\"@id\":\"https:\\\/\\\/clair.si\\\/#organization\"},\"potentialAction\":[{\"@type\":\"SearchAction\",\"target\":{\"@type\":\"EntryPoint\",\"urlTemplate\":\"https:\\\/\\\/clair.si\\\/?s={search_term_string}\"},\"query-input\":{\"@type\":\"PropertyValueSpecification\",\"valueRequired\":true,\"valueName\":\"search_term_string\"}}],\"inLanguage\":\"hr\"},{\"@type\":\"Organization\",\"@id\":\"https:\\\/\\\/clair.si\\\/#organization\",\"name\":\"Clair\",\"url\":\"https:\\\/\\\/clair.si\\\/\",\"logo\":{\"@type\":\"ImageObject\",\"inLanguage\":\"hr\",\"@id\":\"https:\\\/\\\/clair.si\\\/#\\\/schema\\\/logo\\\/image\\\/\",\"url\":\"https:\\\/\\\/clair.si\\\/wp-content\\\/uploads\\\/2022\\\/11\\\/clair_logo_2022.jpg\",\"contentUrl\":\"https:\\\/\\\/clair.si\\\/wp-content\\\/uploads\\\/2022\\\/11\\\/clair_logo_2022.jpg\",\"width\":1920,\"height\":1920,\"caption\":\"Clair\"},\"image\":{\"@id\":\"https:\\\/\\\/clair.si\\\/#\\\/schema\\\/logo\\\/image\\\/\"},\"sameAs\":[\"https:\\\/\\\/www.facebook.com\\\/TrgovinaClair\\\/\"]}]}<\/script>\n<!-- \/ Yoast SEO plugin. -->","yoast_head_json":{"title":"Mjera\u010d kopita Double S - Clair","description":"Kompaktan i precizan mjerni alat za kopita, izra\u0111en od aluminija otpornog na koroziju i obra\u0111en CNC tehnologijom. Namijenjen je detaljnom mjerenju kopita","robots":{"index":"index","follow":"follow","max-snippet":"max-snippet:-1","max-image-preview":"max-image-preview:large","max-video-preview":"max-video-preview:-1"},"canonical":"https:\/\/clair.si\/hr\/izdelek\/mjerac-kopita-double-s\/","og_locale":"hr_HR","og_type":"article","og_title":"Mjera\u010d kopita Double S - Clair","og_description":"Kompaktan i precizan mjerni alat za kopita, izra\u0111en od aluminija otpornog na koroziju i obra\u0111en CNC tehnologijom. Namijenjen je detaljnom mjerenju kopita","og_url":"https:\/\/clair.si\/hr\/izdelek\/mjerac-kopita-double-s\/","og_site_name":"Clair","article_publisher":"https:\/\/www.facebook.com\/TrgovinaClair\/","article_modified_time":"2026-02-25T16:24:00+00:00","og_image":[{"width":1000,"height":1000,"url":"https:\/\/clair.si\/wp-content\/uploads\/2026\/02\/MERILEC-KOPIT-CLAIR.webp","type":"image\/png"}],"twitter_card":"summary_large_image","schema":{"@context":"https:\/\/schema.org","@graph":[{"@type":"WebPage","@id":"https:\/\/clair.si\/hr\/izdelek\/mjerac-kopita-double-s\/","url":"https:\/\/clair.si\/hr\/izdelek\/mjerac-kopita-double-s\/","name":"Mjera\u010d kopita Double S - Clair","isPartOf":{"@id":"https:\/\/clair.si\/#website"},"primaryImageOfPage":{"@id":"https:\/\/clair.si\/hr\/izdelek\/mjerac-kopita-double-s\/#primaryimage"},"image":{"@id":"https:\/\/clair.si\/hr\/izdelek\/mjerac-kopita-double-s\/#primaryimage"},"thumbnailUrl":"https:\/\/clair.si\/wp-content\/uploads\/2026\/02\/MERILEC-KOPIT-CLAIR.webp","datePublished":"2026-02-02T14:21:49+00:00","dateModified":"2026-02-25T16:24:00+00:00","description":"Kompaktan i precizan mjerni alat za kopita, izra\u0111en od aluminija otpornog na koroziju i obra\u0111en CNC tehnologijom. Namijenjen je detaljnom mjerenju kopita","breadcrumb":{"@id":"https:\/\/clair.si\/hr\/izdelek\/mjerac-kopita-double-s\/#breadcrumb"},"inLanguage":"hr","potentialAction":[{"@type":"ReadAction","target":["https:\/\/clair.si\/hr\/izdelek\/mjerac-kopita-double-s\/"]}]},{"@type":"ImageObject","inLanguage":"hr","@id":"https:\/\/clair.si\/hr\/izdelek\/mjerac-kopita-double-s\/#primaryimage","url":"https:\/\/clair.si\/wp-content\/uploads\/2026\/02\/MERILEC-KOPIT-CLAIR.webp","contentUrl":"https:\/\/clair.si\/wp-content\/uploads\/2026\/02\/MERILEC-KOPIT-CLAIR.webp","width":1000,"height":1000},{"@type":"BreadcrumbList","@id":"https:\/\/clair.si\/hr\/izdelek\/mjerac-kopita-double-s\/#breadcrumb","itemListElement":[{"@type":"ListItem","position":1,"name":"Home","item":"https:\/\/clair.si\/hr\/"},{"@type":"ListItem","position":2,"name":"Trgovina","item":"https:\/\/clair.si\/trgovina\/"},{"@type":"ListItem","position":3,"name":"Mjera\u010d kopita Double S"}]},{"@type":"WebSite","@id":"https:\/\/clair.si\/#website","url":"https:\/\/clair.si\/","name":"Clair","description":"Trgovina s konjeni\u0161ko opremo","publisher":{"@id":"https:\/\/clair.si\/#organization"},"potentialAction":[{"@type":"SearchAction","target":{"@type":"EntryPoint","urlTemplate":"https:\/\/clair.si\/?s={search_term_string}"},"query-input":{"@type":"PropertyValueSpecification","valueRequired":true,"valueName":"search_term_string"}}],"inLanguage":"hr"},{"@type":"Organization","@id":"https:\/\/clair.si\/#organization","name":"Clair","url":"https:\/\/clair.si\/","logo":{"@type":"ImageObject","inLanguage":"hr","@id":"https:\/\/clair.si\/#\/schema\/logo\/image\/","url":"https:\/\/clair.si\/wp-content\/uploads\/2022\/11\/clair_logo_2022.jpg","contentUrl":"https:\/\/clair.si\/wp-content\/uploads\/2022\/11\/clair_logo_2022.jpg","width":1920,"height":1920,"caption":"Clair"},"image":{"@id":"https:\/\/clair.si\/#\/schema\/logo\/image\/"},"sameAs":["https:\/\/www.facebook.com\/TrgovinaClair\/"]}]}},"_links":{"self":[{"href":"https:\/\/clair.si\/hr\/wp-json\/wp\/v2\/product\/131487","targetHints":{"allow":["GET"]}}],"collection":[{"href":"https:\/\/clair.si\/hr\/wp-json\/wp\/v2\/product"}],"about":[{"href":"https:\/\/clair.si\/hr\/wp-json\/wp\/v2\/types\/product"}],"version-history":[{"count":1,"href":"https:\/\/clair.si\/hr\/wp-json\/wp\/v2\/product\/131487\/revisions"}],"predecessor-version":[{"id":131626,"href":"https:\/\/clair.si\/hr\/wp-json\/wp\/v2\/product\/131487\/revisions\/131626"}],"wp:featuredmedia":[{"embeddable":true,"href":"https:\/\/clair.si\/hr\/wp-json\/wp\/v2\/media\/131488"}],"wp:attachment":[{"href":"https:\/\/clair.si\/hr\/wp-json\/wp\/v2\/media?parent=131487"}],"wp:term":[{"taxonomy":"product_brand","embeddable":true,"href":"https:\/\/clair.si\/hr\/wp-json\/wp\/v2\/product_brand?post=131487"},{"taxonomy":"product_cat","embeddable":true,"href":"https:\/\/clair.si\/hr\/wp-json\/wp\/v2\/product_cat?post=131487"},{"taxonomy":"product_tag","embeddable":true,"href":"https:\/\/clair.si\/hr\/wp-json\/wp\/v2\/product_tag?post=131487"}],"curies":[{"name":"wp","href":"https:\/\/api.w.org\/{rel}","templated":true}]}}