{"id":131490,"date":"2026-02-04T10:45:39","date_gmt":"2026-02-04T09:45:39","guid":{"rendered":"https:\/\/clair.si\/izdelek\/prsnjak-martingal-rw-hunter\/"},"modified":"2026-02-25T17:28:55","modified_gmt":"2026-02-25T16:28:55","slug":"prsnjak-martingal-rw-hunter","status":"publish","type":"product","link":"https:\/\/clair.si\/hr\/izdelek\/prsnjak-martingal-rw-hunter\/","title":{"rendered":"Prsnjak + martingal RW Hunter"},"content":{"rendered":"<p data-start=\"0\" data-end=\"438\">Prsnjak + martingal RW Hunter je osnovni i cjenovno pristupa\u010dan martingal, namijenjen prvenstveno za klupsku upotrebu, svakodnevne treninge i preskakanje. Dizajn s ovratnim \u201ejarmom\u201c koji ide preko vrata poma\u017ee stabilizirati ruke i pobolj\u0161ava osje\u0107aj pri radu na terenu, dok prsnjak dr\u017ei sedlo stabilnijim pri skokovima i br\u017eim prijelazima. <\/p>\n<p data-start=\"440\" data-end=\"845\">Izra\u0111en je od bivolje ko\u017ee, poznate po dobroj izdr\u017eljivosti u ovom cjenovnom rangu, a metalni dijelovi su od nehr\u0111aju\u0107eg \u010delika. Sprijeda ima elasti\u010dne umetke na prsnom dijelu za ve\u0107u udobnost i slobodu kretanja. Pri\u010dvr\u0161\u0107ivanje na sedlo je brzo i jednostavno \u2013 pomo\u0107u karabinera.  <\/p>\n<p data-start=\"847\" data-end=\"1064\">Za dodatnu svestranost ima odvojivi dio za martingal, stoga ga mo\u017eete koristiti kao klasi\u010dan prsnjak ili u kombinaciji s martingalom, ovisno o potrebi i disciplini.<\/p>\n<p data-start=\"1066\" data-end=\"1334\"><strong>Materijal:<\/strong> bivolja ko\u017ea, nehr\u0111aju\u0107i \u010delik.<\/p>\n<p data-start=\"1066\" data-end=\"1334\"><strong>Podesivost:<\/strong> vi\u0161eto\u010dkovno podesiv za prilagodbu razli\u010ditim tipovima konja.<\/p>\n<p data-start=\"1066\" data-end=\"1334\"><strong>Dodaci:<\/strong> elasti\u010dni umetci na prsima, odvojivi prsten za martingal, brzo pri\u010dvr\u0161\u0107ivanje na sedlo.<\/p>\n","protected":false},"excerpt":{"rendered":"<ul>\n<li>veli\u010dina full<\/li>\n<li>odvojive vilice za martingal<\/li>\n<\/ul>\n","protected":false},"featured_media":131491,"template":"","meta":{"footnotes":""},"product_brand":[],"product_cat":[5624,5700,5697],"product_tag":[],"class_list":{"0":"post-131490","1":"product","2":"type-product","3":"status-publish","4":"has-post-thumbnail","6":"product_cat-konj-hr","7":"product_cat-martingali-i-prsnjaci","8":"product_cat-uzde-i-dizgini","10":"first","11":"instock","12":"sale","13":"shipping-taxable","14":"purchasable","15":"product-type-variable"},"yoast_head":"<!-- This site is optimized with the Yoast SEO plugin v27.4 - https:\/\/yoast.com\/product\/yoast-seo-wordpress\/ -->\n<title>Prsnjak + martingal RW Hunter - Clair<\/title>\n<meta name=\"description\" content=\"veli\u010dina full  odvojive vilice za martingal\" \/>\n<meta name=\"robots\" content=\"index, follow, max-snippet:-1, max-image-preview:large, max-video-preview:-1\" \/>\n<link rel=\"canonical\" href=\"https:\/\/clair.si\/hr\/izdelek\/prsnjak-martingal-rw-hunter\/\" \/>\n<meta property=\"og:locale\" content=\"hr_HR\" \/>\n<meta property=\"og:type\" content=\"article\" \/>\n<meta property=\"og:title\" content=\"Prsnjak + martingal RW Hunter - Clair\" \/>\n<meta property=\"og:description\" content=\"veli\u010dina full  odvojive vilice za martingal\" \/>\n<meta property=\"og:url\" content=\"https:\/\/clair.si\/hr\/izdelek\/prsnjak-martingal-rw-hunter\/\" \/>\n<meta property=\"og:site_name\" content=\"Clair\" \/>\n<meta property=\"article:publisher\" content=\"https:\/\/www.facebook.com\/TrgovinaClair\/\" \/>\n<meta property=\"article:modified_time\" content=\"2026-02-25T16:28:55+00:00\" \/>\n<meta property=\"og:image\" content=\"https:\/\/clair.si\/wp-content\/uploads\/2026\/02\/crni-hunter-martingal.webp\" \/>\n\t<meta property=\"og:image:width\" content=\"800\" \/>\n\t<meta property=\"og:image:height\" content=\"800\" \/>\n\t<meta property=\"og:image:type\" content=\"image\/jpeg\" \/>\n<meta name=\"twitter:card\" content=\"summary_large_image\" \/>\n<meta name=\"twitter:label1\" content=\"Procijenjeno vrijeme \u010ditanja\" \/>\n\t<meta name=\"twitter:data1\" content=\"1 minuta\" \/>\n<script type=\"application\/ld+json\" class=\"yoast-schema-graph\">{\"@context\":\"https:\\\/\\\/schema.org\",\"@graph\":[{\"@type\":\"WebPage\",\"@id\":\"https:\\\/\\\/clair.si\\\/hr\\\/izdelek\\\/prsnjak-martingal-rw-hunter\\\/\",\"url\":\"https:\\\/\\\/clair.si\\\/hr\\\/izdelek\\\/prsnjak-martingal-rw-hunter\\\/\",\"name\":\"Prsnjak + martingal RW Hunter - Clair\",\"isPartOf\":{\"@id\":\"https:\\\/\\\/clair.si\\\/#website\"},\"primaryImageOfPage\":{\"@id\":\"https:\\\/\\\/clair.si\\\/hr\\\/izdelek\\\/prsnjak-martingal-rw-hunter\\\/#primaryimage\"},\"image\":{\"@id\":\"https:\\\/\\\/clair.si\\\/hr\\\/izdelek\\\/prsnjak-martingal-rw-hunter\\\/#primaryimage\"},\"thumbnailUrl\":\"https:\\\/\\\/clair.si\\\/wp-content\\\/uploads\\\/2026\\\/02\\\/crni-hunter-martingal.webp\",\"datePublished\":\"2026-02-04T09:45:39+00:00\",\"dateModified\":\"2026-02-25T16:28:55+00:00\",\"description\":\"veli\u010dina full odvojive vilice za martingal\",\"breadcrumb\":{\"@id\":\"https:\\\/\\\/clair.si\\\/hr\\\/izdelek\\\/prsnjak-martingal-rw-hunter\\\/#breadcrumb\"},\"inLanguage\":\"hr\",\"potentialAction\":[{\"@type\":\"ReadAction\",\"target\":[\"https:\\\/\\\/clair.si\\\/hr\\\/izdelek\\\/prsnjak-martingal-rw-hunter\\\/\"]}]},{\"@type\":\"ImageObject\",\"inLanguage\":\"hr\",\"@id\":\"https:\\\/\\\/clair.si\\\/hr\\\/izdelek\\\/prsnjak-martingal-rw-hunter\\\/#primaryimage\",\"url\":\"https:\\\/\\\/clair.si\\\/wp-content\\\/uploads\\\/2026\\\/02\\\/crni-hunter-martingal.webp\",\"contentUrl\":\"https:\\\/\\\/clair.si\\\/wp-content\\\/uploads\\\/2026\\\/02\\\/crni-hunter-martingal.webp\",\"width\":800,\"height\":800},{\"@type\":\"BreadcrumbList\",\"@id\":\"https:\\\/\\\/clair.si\\\/hr\\\/izdelek\\\/prsnjak-martingal-rw-hunter\\\/#breadcrumb\",\"itemListElement\":[{\"@type\":\"ListItem\",\"position\":1,\"name\":\"Home\",\"item\":\"https:\\\/\\\/clair.si\\\/hr\\\/\"},{\"@type\":\"ListItem\",\"position\":2,\"name\":\"Trgovina\",\"item\":\"https:\\\/\\\/clair.si\\\/trgovina\\\/\"},{\"@type\":\"ListItem\",\"position\":3,\"name\":\"Prsnjak + martingal RW Hunter\"}]},{\"@type\":\"WebSite\",\"@id\":\"https:\\\/\\\/clair.si\\\/#website\",\"url\":\"https:\\\/\\\/clair.si\\\/\",\"name\":\"Clair\",\"description\":\"Trgovina s konjeni\u0161ko opremo\",\"publisher\":{\"@id\":\"https:\\\/\\\/clair.si\\\/#organization\"},\"potentialAction\":[{\"@type\":\"SearchAction\",\"target\":{\"@type\":\"EntryPoint\",\"urlTemplate\":\"https:\\\/\\\/clair.si\\\/?s={search_term_string}\"},\"query-input\":{\"@type\":\"PropertyValueSpecification\",\"valueRequired\":true,\"valueName\":\"search_term_string\"}}],\"inLanguage\":\"hr\"},{\"@type\":\"Organization\",\"@id\":\"https:\\\/\\\/clair.si\\\/#organization\",\"name\":\"Clair\",\"url\":\"https:\\\/\\\/clair.si\\\/\",\"logo\":{\"@type\":\"ImageObject\",\"inLanguage\":\"hr\",\"@id\":\"https:\\\/\\\/clair.si\\\/#\\\/schema\\\/logo\\\/image\\\/\",\"url\":\"https:\\\/\\\/clair.si\\\/wp-content\\\/uploads\\\/2022\\\/11\\\/clair_logo_2022.jpg\",\"contentUrl\":\"https:\\\/\\\/clair.si\\\/wp-content\\\/uploads\\\/2022\\\/11\\\/clair_logo_2022.jpg\",\"width\":1920,\"height\":1920,\"caption\":\"Clair\"},\"image\":{\"@id\":\"https:\\\/\\\/clair.si\\\/#\\\/schema\\\/logo\\\/image\\\/\"},\"sameAs\":[\"https:\\\/\\\/www.facebook.com\\\/TrgovinaClair\\\/\"]}]}<\/script>\n<!-- \/ Yoast SEO plugin. -->","yoast_head_json":{"title":"Prsnjak + martingal RW Hunter - Clair","description":"veli\u010dina full  odvojive vilice za martingal","robots":{"index":"index","follow":"follow","max-snippet":"max-snippet:-1","max-image-preview":"max-image-preview:large","max-video-preview":"max-video-preview:-1"},"canonical":"https:\/\/clair.si\/hr\/izdelek\/prsnjak-martingal-rw-hunter\/","og_locale":"hr_HR","og_type":"article","og_title":"Prsnjak + martingal RW Hunter - Clair","og_description":"veli\u010dina full  odvojive vilice za martingal","og_url":"https:\/\/clair.si\/hr\/izdelek\/prsnjak-martingal-rw-hunter\/","og_site_name":"Clair","article_publisher":"https:\/\/www.facebook.com\/TrgovinaClair\/","article_modified_time":"2026-02-25T16:28:55+00:00","og_image":[{"width":800,"height":800,"url":"https:\/\/clair.si\/wp-content\/uploads\/2026\/02\/crni-hunter-martingal.webp","type":"image\/jpeg"}],"twitter_card":"summary_large_image","twitter_misc":{"Procijenjeno vrijeme \u010ditanja":"1 minuta"},"schema":{"@context":"https:\/\/schema.org","@graph":[{"@type":"WebPage","@id":"https:\/\/clair.si\/hr\/izdelek\/prsnjak-martingal-rw-hunter\/","url":"https:\/\/clair.si\/hr\/izdelek\/prsnjak-martingal-rw-hunter\/","name":"Prsnjak + martingal RW Hunter - Clair","isPartOf":{"@id":"https:\/\/clair.si\/#website"},"primaryImageOfPage":{"@id":"https:\/\/clair.si\/hr\/izdelek\/prsnjak-martingal-rw-hunter\/#primaryimage"},"image":{"@id":"https:\/\/clair.si\/hr\/izdelek\/prsnjak-martingal-rw-hunter\/#primaryimage"},"thumbnailUrl":"https:\/\/clair.si\/wp-content\/uploads\/2026\/02\/crni-hunter-martingal.webp","datePublished":"2026-02-04T09:45:39+00:00","dateModified":"2026-02-25T16:28:55+00:00","description":"veli\u010dina full odvojive vilice za martingal","breadcrumb":{"@id":"https:\/\/clair.si\/hr\/izdelek\/prsnjak-martingal-rw-hunter\/#breadcrumb"},"inLanguage":"hr","potentialAction":[{"@type":"ReadAction","target":["https:\/\/clair.si\/hr\/izdelek\/prsnjak-martingal-rw-hunter\/"]}]},{"@type":"ImageObject","inLanguage":"hr","@id":"https:\/\/clair.si\/hr\/izdelek\/prsnjak-martingal-rw-hunter\/#primaryimage","url":"https:\/\/clair.si\/wp-content\/uploads\/2026\/02\/crni-hunter-martingal.webp","contentUrl":"https:\/\/clair.si\/wp-content\/uploads\/2026\/02\/crni-hunter-martingal.webp","width":800,"height":800},{"@type":"BreadcrumbList","@id":"https:\/\/clair.si\/hr\/izdelek\/prsnjak-martingal-rw-hunter\/#breadcrumb","itemListElement":[{"@type":"ListItem","position":1,"name":"Home","item":"https:\/\/clair.si\/hr\/"},{"@type":"ListItem","position":2,"name":"Trgovina","item":"https:\/\/clair.si\/trgovina\/"},{"@type":"ListItem","position":3,"name":"Prsnjak + martingal RW Hunter"}]},{"@type":"WebSite","@id":"https:\/\/clair.si\/#website","url":"https:\/\/clair.si\/","name":"Clair","description":"Trgovina s konjeni\u0161ko opremo","publisher":{"@id":"https:\/\/clair.si\/#organization"},"potentialAction":[{"@type":"SearchAction","target":{"@type":"EntryPoint","urlTemplate":"https:\/\/clair.si\/?s={search_term_string}"},"query-input":{"@type":"PropertyValueSpecification","valueRequired":true,"valueName":"search_term_string"}}],"inLanguage":"hr"},{"@type":"Organization","@id":"https:\/\/clair.si\/#organization","name":"Clair","url":"https:\/\/clair.si\/","logo":{"@type":"ImageObject","inLanguage":"hr","@id":"https:\/\/clair.si\/#\/schema\/logo\/image\/","url":"https:\/\/clair.si\/wp-content\/uploads\/2022\/11\/clair_logo_2022.jpg","contentUrl":"https:\/\/clair.si\/wp-content\/uploads\/2022\/11\/clair_logo_2022.jpg","width":1920,"height":1920,"caption":"Clair"},"image":{"@id":"https:\/\/clair.si\/#\/schema\/logo\/image\/"},"sameAs":["https:\/\/www.facebook.com\/TrgovinaClair\/"]}]}},"_links":{"self":[{"href":"https:\/\/clair.si\/hr\/wp-json\/wp\/v2\/product\/131490","targetHints":{"allow":["GET"]}}],"collection":[{"href":"https:\/\/clair.si\/hr\/wp-json\/wp\/v2\/product"}],"about":[{"href":"https:\/\/clair.si\/hr\/wp-json\/wp\/v2\/types\/product"}],"version-history":[{"count":1,"href":"https:\/\/clair.si\/hr\/wp-json\/wp\/v2\/product\/131490\/revisions"}],"predecessor-version":[{"id":131640,"href":"https:\/\/clair.si\/hr\/wp-json\/wp\/v2\/product\/131490\/revisions\/131640"}],"wp:featuredmedia":[{"embeddable":true,"href":"https:\/\/clair.si\/hr\/wp-json\/wp\/v2\/media\/131491"}],"wp:attachment":[{"href":"https:\/\/clair.si\/hr\/wp-json\/wp\/v2\/media?parent=131490"}],"wp:term":[{"taxonomy":"product_brand","embeddable":true,"href":"https:\/\/clair.si\/hr\/wp-json\/wp\/v2\/product_brand?post=131490"},{"taxonomy":"product_cat","embeddable":true,"href":"https:\/\/clair.si\/hr\/wp-json\/wp\/v2\/product_cat?post=131490"},{"taxonomy":"product_tag","embeddable":true,"href":"https:\/\/clair.si\/hr\/wp-json\/wp\/v2\/product_tag?post=131490"}],"curies":[{"name":"wp","href":"https:\/\/api.w.org\/{rel}","templated":true}]}}