{"id":131494,"date":"2026-02-03T13:39:08","date_gmt":"2026-02-03T12:39:08","guid":{"rendered":"https:\/\/clair.si\/izdelek\/znojna-deka-kavalkade-blue-elegance\/"},"modified":"2026-02-25T17:28:32","modified_gmt":"2026-02-25T16:28:32","slug":"znojna-deka-kavalkade-blue-elegance","status":"publish","type":"product","link":"https:\/\/clair.si\/hr\/izdelek\/znojna-deka-kavalkade-blue-elegance\/","title":{"rendered":"Znojna deka Kavalkade Blue Elegance"},"content":{"rendered":"<p data-start=\"81\" data-end=\"449\">Elegantna i funkcionalna deka s modernim <strong data-start=\"128\" data-end=\"161\">umjetnim krznom na ovratniku<\/strong>, prikladna kao <strong data-start=\"181\" data-end=\"202\">transportna deka<\/strong> i kao<strong data-start=\"212\" data-end=\"241\"> znojna deka<\/strong>. Unutra\u0161njost je <strong data-start=\"257\" data-end=\"276\">blago \u010detkana<\/strong>, pa deka ima kvalitetniji flis i <strong data-start=\"321\" data-end=\"348\">vrlo dobar prijenos vlage<\/strong> \u2013 poma\u017ee odvoditi znoj i sprje\u010dava hla\u0111enje konja nakon rada. <\/p>\n<p data-start=\"451\" data-end=\"681\">Za sigurno pristajanje ima <strong data-start=\"475\" data-end=\"514\">odvojive unutarnje kri\u017ene remene<\/strong>, <strong data-start=\"516\" data-end=\"536\">duboki repni remen<\/strong> te <strong data-start=\"541\" data-end=\"590\">dvostruko prsno kop\u010danje s rotiraju\u0107im kukama<\/strong>.<\/p>\n<p data-start=\"451\" data-end=\"681\">Sastav: 80% poliester, 10% polipropilen<\/p>\n","protected":false},"excerpt":{"rendered":"<ul>\n<li>elegantna deka<\/li>\n<li>idealno za natjecanja<\/li>\n<li>prikladno i za transport<\/li>\n<\/ul>\n","protected":false},"featured_media":131495,"template":"","meta":{"footnotes":""},"product_brand":[],"product_cat":[5692,5720,5624],"product_tag":[],"class_list":{"0":"post-131494","1":"product","2":"type-product","3":"status-publish","4":"has-post-thumbnail","6":"product_cat-pokrivaci","7":"product_cat-pokrivaci-za-znoj","8":"product_cat-konj-hr","10":"first","11":"outofstock","12":"shipping-taxable","13":"purchasable","14":"product-type-variable"},"yoast_head":"<!-- This site is optimized with the Yoast SEO plugin v27.4 - https:\/\/yoast.com\/product\/yoast-seo-wordpress\/ -->\n<title>Znojna deka Kavalkade Blue Elegance - Clair<\/title>\n<meta name=\"description\" content=\"elegantna deka  idealno za natjecanja  prikladno i za transport\" \/>\n<meta name=\"robots\" content=\"index, follow, max-snippet:-1, max-image-preview:large, max-video-preview:-1\" \/>\n<link rel=\"canonical\" href=\"https:\/\/clair.si\/hr\/izdelek\/znojna-deka-kavalkade-blue-elegance\/\" \/>\n<meta property=\"og:locale\" content=\"hr_HR\" \/>\n<meta property=\"og:type\" content=\"article\" \/>\n<meta property=\"og:title\" content=\"Znojna deka Kavalkade Blue Elegance - Clair\" \/>\n<meta property=\"og:description\" content=\"elegantna deka  idealno za natjecanja  prikladno i za transport\" \/>\n<meta property=\"og:url\" content=\"https:\/\/clair.si\/hr\/izdelek\/znojna-deka-kavalkade-blue-elegance\/\" \/>\n<meta property=\"og:site_name\" content=\"Clair\" \/>\n<meta property=\"article:publisher\" content=\"https:\/\/www.facebook.com\/TrgovinaClair\/\" \/>\n<meta property=\"article:modified_time\" content=\"2026-02-25T16:28:32+00:00\" \/>\n<meta property=\"og:image\" content=\"https:\/\/clair.si\/wp-content\/uploads\/2026\/02\/elegance-modra-1.webp\" \/>\n\t<meta property=\"og:image:width\" content=\"800\" \/>\n\t<meta property=\"og:image:height\" content=\"800\" \/>\n\t<meta property=\"og:image:type\" content=\"image\/jpeg\" \/>\n<meta name=\"twitter:card\" content=\"summary_large_image\" \/>\n<meta name=\"twitter:label1\" content=\"Procijenjeno vrijeme \u010ditanja\" \/>\n\t<meta name=\"twitter:data1\" content=\"1 minuta\" \/>\n<script type=\"application\/ld+json\" class=\"yoast-schema-graph\">{\"@context\":\"https:\\\/\\\/schema.org\",\"@graph\":[{\"@type\":\"WebPage\",\"@id\":\"https:\\\/\\\/clair.si\\\/hr\\\/izdelek\\\/znojna-deka-kavalkade-blue-elegance\\\/\",\"url\":\"https:\\\/\\\/clair.si\\\/hr\\\/izdelek\\\/znojna-deka-kavalkade-blue-elegance\\\/\",\"name\":\"Znojna deka Kavalkade Blue Elegance - Clair\",\"isPartOf\":{\"@id\":\"https:\\\/\\\/clair.si\\\/#website\"},\"primaryImageOfPage\":{\"@id\":\"https:\\\/\\\/clair.si\\\/hr\\\/izdelek\\\/znojna-deka-kavalkade-blue-elegance\\\/#primaryimage\"},\"image\":{\"@id\":\"https:\\\/\\\/clair.si\\\/hr\\\/izdelek\\\/znojna-deka-kavalkade-blue-elegance\\\/#primaryimage\"},\"thumbnailUrl\":\"https:\\\/\\\/clair.si\\\/wp-content\\\/uploads\\\/2026\\\/02\\\/elegance-modra-1.webp\",\"datePublished\":\"2026-02-03T12:39:08+00:00\",\"dateModified\":\"2026-02-25T16:28:32+00:00\",\"description\":\"elegantna deka idealno za natjecanja prikladno i za transport\",\"breadcrumb\":{\"@id\":\"https:\\\/\\\/clair.si\\\/hr\\\/izdelek\\\/znojna-deka-kavalkade-blue-elegance\\\/#breadcrumb\"},\"inLanguage\":\"hr\",\"potentialAction\":[{\"@type\":\"ReadAction\",\"target\":[\"https:\\\/\\\/clair.si\\\/hr\\\/izdelek\\\/znojna-deka-kavalkade-blue-elegance\\\/\"]}]},{\"@type\":\"ImageObject\",\"inLanguage\":\"hr\",\"@id\":\"https:\\\/\\\/clair.si\\\/hr\\\/izdelek\\\/znojna-deka-kavalkade-blue-elegance\\\/#primaryimage\",\"url\":\"https:\\\/\\\/clair.si\\\/wp-content\\\/uploads\\\/2026\\\/02\\\/elegance-modra-1.webp\",\"contentUrl\":\"https:\\\/\\\/clair.si\\\/wp-content\\\/uploads\\\/2026\\\/02\\\/elegance-modra-1.webp\",\"width\":800,\"height\":800},{\"@type\":\"BreadcrumbList\",\"@id\":\"https:\\\/\\\/clair.si\\\/hr\\\/izdelek\\\/znojna-deka-kavalkade-blue-elegance\\\/#breadcrumb\",\"itemListElement\":[{\"@type\":\"ListItem\",\"position\":1,\"name\":\"Home\",\"item\":\"https:\\\/\\\/clair.si\\\/hr\\\/\"},{\"@type\":\"ListItem\",\"position\":2,\"name\":\"Trgovina\",\"item\":\"https:\\\/\\\/clair.si\\\/trgovina\\\/\"},{\"@type\":\"ListItem\",\"position\":3,\"name\":\"Znojna deka Kavalkade Blue Elegance\"}]},{\"@type\":\"WebSite\",\"@id\":\"https:\\\/\\\/clair.si\\\/#website\",\"url\":\"https:\\\/\\\/clair.si\\\/\",\"name\":\"Clair\",\"description\":\"Trgovina s konjeni\u0161ko opremo\",\"publisher\":{\"@id\":\"https:\\\/\\\/clair.si\\\/#organization\"},\"potentialAction\":[{\"@type\":\"SearchAction\",\"target\":{\"@type\":\"EntryPoint\",\"urlTemplate\":\"https:\\\/\\\/clair.si\\\/?s={search_term_string}\"},\"query-input\":{\"@type\":\"PropertyValueSpecification\",\"valueRequired\":true,\"valueName\":\"search_term_string\"}}],\"inLanguage\":\"hr\"},{\"@type\":\"Organization\",\"@id\":\"https:\\\/\\\/clair.si\\\/#organization\",\"name\":\"Clair\",\"url\":\"https:\\\/\\\/clair.si\\\/\",\"logo\":{\"@type\":\"ImageObject\",\"inLanguage\":\"hr\",\"@id\":\"https:\\\/\\\/clair.si\\\/#\\\/schema\\\/logo\\\/image\\\/\",\"url\":\"https:\\\/\\\/clair.si\\\/wp-content\\\/uploads\\\/2022\\\/11\\\/clair_logo_2022.jpg\",\"contentUrl\":\"https:\\\/\\\/clair.si\\\/wp-content\\\/uploads\\\/2022\\\/11\\\/clair_logo_2022.jpg\",\"width\":1920,\"height\":1920,\"caption\":\"Clair\"},\"image\":{\"@id\":\"https:\\\/\\\/clair.si\\\/#\\\/schema\\\/logo\\\/image\\\/\"},\"sameAs\":[\"https:\\\/\\\/www.facebook.com\\\/TrgovinaClair\\\/\"]}]}<\/script>\n<!-- \/ Yoast SEO plugin. -->","yoast_head_json":{"title":"Znojna deka Kavalkade Blue Elegance - Clair","description":"elegantna deka  idealno za natjecanja  prikladno i za transport","robots":{"index":"index","follow":"follow","max-snippet":"max-snippet:-1","max-image-preview":"max-image-preview:large","max-video-preview":"max-video-preview:-1"},"canonical":"https:\/\/clair.si\/hr\/izdelek\/znojna-deka-kavalkade-blue-elegance\/","og_locale":"hr_HR","og_type":"article","og_title":"Znojna deka Kavalkade Blue Elegance - Clair","og_description":"elegantna deka  idealno za natjecanja  prikladno i za transport","og_url":"https:\/\/clair.si\/hr\/izdelek\/znojna-deka-kavalkade-blue-elegance\/","og_site_name":"Clair","article_publisher":"https:\/\/www.facebook.com\/TrgovinaClair\/","article_modified_time":"2026-02-25T16:28:32+00:00","og_image":[{"width":800,"height":800,"url":"https:\/\/clair.si\/wp-content\/uploads\/2026\/02\/elegance-modra-1.webp","type":"image\/jpeg"}],"twitter_card":"summary_large_image","twitter_misc":{"Procijenjeno vrijeme \u010ditanja":"1 minuta"},"schema":{"@context":"https:\/\/schema.org","@graph":[{"@type":"WebPage","@id":"https:\/\/clair.si\/hr\/izdelek\/znojna-deka-kavalkade-blue-elegance\/","url":"https:\/\/clair.si\/hr\/izdelek\/znojna-deka-kavalkade-blue-elegance\/","name":"Znojna deka Kavalkade Blue Elegance - Clair","isPartOf":{"@id":"https:\/\/clair.si\/#website"},"primaryImageOfPage":{"@id":"https:\/\/clair.si\/hr\/izdelek\/znojna-deka-kavalkade-blue-elegance\/#primaryimage"},"image":{"@id":"https:\/\/clair.si\/hr\/izdelek\/znojna-deka-kavalkade-blue-elegance\/#primaryimage"},"thumbnailUrl":"https:\/\/clair.si\/wp-content\/uploads\/2026\/02\/elegance-modra-1.webp","datePublished":"2026-02-03T12:39:08+00:00","dateModified":"2026-02-25T16:28:32+00:00","description":"elegantna deka idealno za natjecanja prikladno i za transport","breadcrumb":{"@id":"https:\/\/clair.si\/hr\/izdelek\/znojna-deka-kavalkade-blue-elegance\/#breadcrumb"},"inLanguage":"hr","potentialAction":[{"@type":"ReadAction","target":["https:\/\/clair.si\/hr\/izdelek\/znojna-deka-kavalkade-blue-elegance\/"]}]},{"@type":"ImageObject","inLanguage":"hr","@id":"https:\/\/clair.si\/hr\/izdelek\/znojna-deka-kavalkade-blue-elegance\/#primaryimage","url":"https:\/\/clair.si\/wp-content\/uploads\/2026\/02\/elegance-modra-1.webp","contentUrl":"https:\/\/clair.si\/wp-content\/uploads\/2026\/02\/elegance-modra-1.webp","width":800,"height":800},{"@type":"BreadcrumbList","@id":"https:\/\/clair.si\/hr\/izdelek\/znojna-deka-kavalkade-blue-elegance\/#breadcrumb","itemListElement":[{"@type":"ListItem","position":1,"name":"Home","item":"https:\/\/clair.si\/hr\/"},{"@type":"ListItem","position":2,"name":"Trgovina","item":"https:\/\/clair.si\/trgovina\/"},{"@type":"ListItem","position":3,"name":"Znojna deka Kavalkade Blue Elegance"}]},{"@type":"WebSite","@id":"https:\/\/clair.si\/#website","url":"https:\/\/clair.si\/","name":"Clair","description":"Trgovina s konjeni\u0161ko opremo","publisher":{"@id":"https:\/\/clair.si\/#organization"},"potentialAction":[{"@type":"SearchAction","target":{"@type":"EntryPoint","urlTemplate":"https:\/\/clair.si\/?s={search_term_string}"},"query-input":{"@type":"PropertyValueSpecification","valueRequired":true,"valueName":"search_term_string"}}],"inLanguage":"hr"},{"@type":"Organization","@id":"https:\/\/clair.si\/#organization","name":"Clair","url":"https:\/\/clair.si\/","logo":{"@type":"ImageObject","inLanguage":"hr","@id":"https:\/\/clair.si\/#\/schema\/logo\/image\/","url":"https:\/\/clair.si\/wp-content\/uploads\/2022\/11\/clair_logo_2022.jpg","contentUrl":"https:\/\/clair.si\/wp-content\/uploads\/2022\/11\/clair_logo_2022.jpg","width":1920,"height":1920,"caption":"Clair"},"image":{"@id":"https:\/\/clair.si\/#\/schema\/logo\/image\/"},"sameAs":["https:\/\/www.facebook.com\/TrgovinaClair\/"]}]}},"_links":{"self":[{"href":"https:\/\/clair.si\/hr\/wp-json\/wp\/v2\/product\/131494","targetHints":{"allow":["GET"]}}],"collection":[{"href":"https:\/\/clair.si\/hr\/wp-json\/wp\/v2\/product"}],"about":[{"href":"https:\/\/clair.si\/hr\/wp-json\/wp\/v2\/types\/product"}],"version-history":[{"count":2,"href":"https:\/\/clair.si\/hr\/wp-json\/wp\/v2\/product\/131494\/revisions"}],"predecessor-version":[{"id":131639,"href":"https:\/\/clair.si\/hr\/wp-json\/wp\/v2\/product\/131494\/revisions\/131639"}],"wp:featuredmedia":[{"embeddable":true,"href":"https:\/\/clair.si\/hr\/wp-json\/wp\/v2\/media\/131495"}],"wp:attachment":[{"href":"https:\/\/clair.si\/hr\/wp-json\/wp\/v2\/media?parent=131494"}],"wp:term":[{"taxonomy":"product_brand","embeddable":true,"href":"https:\/\/clair.si\/hr\/wp-json\/wp\/v2\/product_brand?post=131494"},{"taxonomy":"product_cat","embeddable":true,"href":"https:\/\/clair.si\/hr\/wp-json\/wp\/v2\/product_cat?post=131494"},{"taxonomy":"product_tag","embeddable":true,"href":"https:\/\/clair.si\/hr\/wp-json\/wp\/v2\/product_tag?post=131494"}],"curies":[{"name":"wp","href":"https:\/\/api.w.org\/{rel}","templated":true}]}}