{"id":131511,"date":"2026-02-03T11:40:14","date_gmt":"2026-02-03T10:40:14","guid":{"rendered":"https:\/\/clair.si\/izdelek\/odeja-za-znojenje-hkm-polar\/"},"modified":"2026-02-03T11:40:14","modified_gmt":"2026-02-03T10:40:14","slug":"odeja-za-znojenje-hkm-polar","status":"publish","type":"product","link":"https:\/\/clair.si\/hr\/izdelek\/odeja-za-znojenje-hkm-polar\/","title":{"rendered":"Odeja za znojenje HKM Polar"},"content":{"rendered":"<p data-start=\"64\" data-end=\"321\">Prakti\u010dna su\u0161e\u0107a odeja od <strong data-start=\"91\" data-end=\"106\">polarnog flisa<\/strong>, namijenjena brzom odvajanju vlage nakon treninga ili pranja. Materijal je <strong data-start=\"178\" data-end=\"188\">prozra\u010dan<\/strong> i ima <strong data-start=\"196\" data-end=\"235\">optimalnu mo\u0107 upijanja znoja<\/strong>, pa poma\u017ee da se konj nakon rada br\u017ee osu\u0161i. <\/p>\n<p data-start=\"323\" data-end=\"515\">Za ve\u0107u udobnost ima <strong data-start=\"341\" data-end=\"368\">podstavljeno podru\u010dje grebena<\/strong>, a stabilno pristajanje osiguravaju <strong data-start=\"406\" data-end=\"451\">podesivi i uklonjivi kri\u017eni remeni<\/strong> te <strong data-start=\"456\" data-end=\"476\">metalne kop\u010de<\/strong>.<\/p>\n<p data-start=\"517\" data-end=\"808\"><strong data-start=\"517\" data-end=\"530\">Materijal:<\/strong> 100 % poliester. <br data-start=\"585\" data-end=\"588\"><strong data-start=\"588\" data-end=\"604\">Odr\u017eavanje:<\/strong> strojno pranje na 30 \u00b0C, prikladno za su\u0161ilicu.<\/p>\n","protected":false},"excerpt":{"rendered":"<p>Prakti\u010dna su\u0161e\u0107a odeja od polarnog flisa, namijenjena brzom odvajanju vlage nakon treninga ili pranja. Materijal je prozra\u010dan i ima optimalnu<\/p>\n","protected":false},"featured_media":131512,"template":"","meta":{"footnotes":""},"product_brand":[],"product_cat":[5692,5720,5624],"product_tag":[],"class_list":{"0":"post-131511","1":"product","2":"type-product","3":"status-publish","4":"has-post-thumbnail","6":"product_cat-pokrivaci","7":"product_cat-pokrivaci-za-znoj","8":"product_cat-konj-hr","10":"first","11":"instock","12":"sale","13":"shipping-taxable","14":"purchasable","15":"product-type-variable"},"yoast_head":"<!-- This site is optimized with the Yoast SEO plugin v27.4 - https:\/\/yoast.com\/product\/yoast-seo-wordpress\/ -->\n<title>Odeja za znojenje HKM Polar - Clair<\/title>\n<meta name=\"description\" content=\"Prakti\u010dna su\u0161e\u0107a odeja od polarnog flisa, namijenjena brzom odvajanju vlage nakon treninga ili pranja. Materijal je prozra\u010dan i ima optimalnu mo\u0107 upijanja\" \/>\n<meta name=\"robots\" content=\"index, follow, max-snippet:-1, max-image-preview:large, max-video-preview:-1\" \/>\n<link rel=\"canonical\" href=\"https:\/\/clair.si\/hr\/izdelek\/odeja-za-znojenje-hkm-polar\/\" \/>\n<meta property=\"og:locale\" content=\"hr_HR\" \/>\n<meta property=\"og:type\" content=\"article\" \/>\n<meta property=\"og:title\" content=\"Odeja za znojenje HKM Polar - Clair\" \/>\n<meta property=\"og:description\" content=\"Prakti\u010dna su\u0161e\u0107a odeja od polarnog flisa, namijenjena brzom odvajanju vlage nakon treninga ili pranja. Materijal je prozra\u010dan i ima optimalnu mo\u0107 upijanja\" \/>\n<meta property=\"og:url\" content=\"https:\/\/clair.si\/hr\/izdelek\/odeja-za-znojenje-hkm-polar\/\" \/>\n<meta property=\"og:site_name\" content=\"Clair\" \/>\n<meta property=\"article:publisher\" content=\"https:\/\/www.facebook.com\/TrgovinaClair\/\" \/>\n<meta property=\"og:image\" content=\"https:\/\/clair.si\/wp-content\/uploads\/2026\/02\/polar-fleece-svicka-clair.webp\" \/>\n\t<meta property=\"og:image:width\" content=\"700\" \/>\n\t<meta property=\"og:image:height\" content=\"700\" \/>\n\t<meta property=\"og:image:type\" content=\"image\/jpeg\" \/>\n<meta name=\"twitter:card\" content=\"summary_large_image\" \/>\n<script type=\"application\/ld+json\" class=\"yoast-schema-graph\">{\"@context\":\"https:\\\/\\\/schema.org\",\"@graph\":[{\"@type\":\"WebPage\",\"@id\":\"https:\\\/\\\/clair.si\\\/hr\\\/izdelek\\\/odeja-za-znojenje-hkm-polar\\\/\",\"url\":\"https:\\\/\\\/clair.si\\\/hr\\\/izdelek\\\/odeja-za-znojenje-hkm-polar\\\/\",\"name\":\"Odeja za znojenje HKM Polar - Clair\",\"isPartOf\":{\"@id\":\"https:\\\/\\\/clair.si\\\/#website\"},\"primaryImageOfPage\":{\"@id\":\"https:\\\/\\\/clair.si\\\/hr\\\/izdelek\\\/odeja-za-znojenje-hkm-polar\\\/#primaryimage\"},\"image\":{\"@id\":\"https:\\\/\\\/clair.si\\\/hr\\\/izdelek\\\/odeja-za-znojenje-hkm-polar\\\/#primaryimage\"},\"thumbnailUrl\":\"https:\\\/\\\/clair.si\\\/wp-content\\\/uploads\\\/2026\\\/02\\\/polar-fleece-svicka-clair.webp\",\"datePublished\":\"2026-02-03T10:40:14+00:00\",\"description\":\"Prakti\u010dna su\u0161e\u0107a odeja od polarnog flisa, namijenjena brzom odvajanju vlage nakon treninga ili pranja. Materijal je prozra\u010dan i ima optimalnu mo\u0107 upijanja\",\"breadcrumb\":{\"@id\":\"https:\\\/\\\/clair.si\\\/hr\\\/izdelek\\\/odeja-za-znojenje-hkm-polar\\\/#breadcrumb\"},\"inLanguage\":\"hr\",\"potentialAction\":[{\"@type\":\"ReadAction\",\"target\":[\"https:\\\/\\\/clair.si\\\/hr\\\/izdelek\\\/odeja-za-znojenje-hkm-polar\\\/\"]}]},{\"@type\":\"ImageObject\",\"inLanguage\":\"hr\",\"@id\":\"https:\\\/\\\/clair.si\\\/hr\\\/izdelek\\\/odeja-za-znojenje-hkm-polar\\\/#primaryimage\",\"url\":\"https:\\\/\\\/clair.si\\\/wp-content\\\/uploads\\\/2026\\\/02\\\/polar-fleece-svicka-clair.webp\",\"contentUrl\":\"https:\\\/\\\/clair.si\\\/wp-content\\\/uploads\\\/2026\\\/02\\\/polar-fleece-svicka-clair.webp\",\"width\":700,\"height\":700},{\"@type\":\"BreadcrumbList\",\"@id\":\"https:\\\/\\\/clair.si\\\/hr\\\/izdelek\\\/odeja-za-znojenje-hkm-polar\\\/#breadcrumb\",\"itemListElement\":[{\"@type\":\"ListItem\",\"position\":1,\"name\":\"Home\",\"item\":\"https:\\\/\\\/clair.si\\\/hr\\\/\"},{\"@type\":\"ListItem\",\"position\":2,\"name\":\"Trgovina\",\"item\":\"https:\\\/\\\/clair.si\\\/trgovina\\\/\"},{\"@type\":\"ListItem\",\"position\":3,\"name\":\"Odeja za znojenje HKM Polar\"}]},{\"@type\":\"WebSite\",\"@id\":\"https:\\\/\\\/clair.si\\\/#website\",\"url\":\"https:\\\/\\\/clair.si\\\/\",\"name\":\"Clair\",\"description\":\"Trgovina s konjeni\u0161ko opremo\",\"publisher\":{\"@id\":\"https:\\\/\\\/clair.si\\\/#organization\"},\"potentialAction\":[{\"@type\":\"SearchAction\",\"target\":{\"@type\":\"EntryPoint\",\"urlTemplate\":\"https:\\\/\\\/clair.si\\\/?s={search_term_string}\"},\"query-input\":{\"@type\":\"PropertyValueSpecification\",\"valueRequired\":true,\"valueName\":\"search_term_string\"}}],\"inLanguage\":\"hr\"},{\"@type\":\"Organization\",\"@id\":\"https:\\\/\\\/clair.si\\\/#organization\",\"name\":\"Clair\",\"url\":\"https:\\\/\\\/clair.si\\\/\",\"logo\":{\"@type\":\"ImageObject\",\"inLanguage\":\"hr\",\"@id\":\"https:\\\/\\\/clair.si\\\/#\\\/schema\\\/logo\\\/image\\\/\",\"url\":\"https:\\\/\\\/clair.si\\\/wp-content\\\/uploads\\\/2022\\\/11\\\/clair_logo_2022.jpg\",\"contentUrl\":\"https:\\\/\\\/clair.si\\\/wp-content\\\/uploads\\\/2022\\\/11\\\/clair_logo_2022.jpg\",\"width\":1920,\"height\":1920,\"caption\":\"Clair\"},\"image\":{\"@id\":\"https:\\\/\\\/clair.si\\\/#\\\/schema\\\/logo\\\/image\\\/\"},\"sameAs\":[\"https:\\\/\\\/www.facebook.com\\\/TrgovinaClair\\\/\"]}]}<\/script>\n<!-- \/ Yoast SEO plugin. -->","yoast_head_json":{"title":"Odeja za znojenje HKM Polar - Clair","description":"Prakti\u010dna su\u0161e\u0107a odeja od polarnog flisa, namijenjena brzom odvajanju vlage nakon treninga ili pranja. Materijal je prozra\u010dan i ima optimalnu mo\u0107 upijanja","robots":{"index":"index","follow":"follow","max-snippet":"max-snippet:-1","max-image-preview":"max-image-preview:large","max-video-preview":"max-video-preview:-1"},"canonical":"https:\/\/clair.si\/hr\/izdelek\/odeja-za-znojenje-hkm-polar\/","og_locale":"hr_HR","og_type":"article","og_title":"Odeja za znojenje HKM Polar - Clair","og_description":"Prakti\u010dna su\u0161e\u0107a odeja od polarnog flisa, namijenjena brzom odvajanju vlage nakon treninga ili pranja. Materijal je prozra\u010dan i ima optimalnu mo\u0107 upijanja","og_url":"https:\/\/clair.si\/hr\/izdelek\/odeja-za-znojenje-hkm-polar\/","og_site_name":"Clair","article_publisher":"https:\/\/www.facebook.com\/TrgovinaClair\/","og_image":[{"width":700,"height":700,"url":"https:\/\/clair.si\/wp-content\/uploads\/2026\/02\/polar-fleece-svicka-clair.webp","type":"image\/jpeg"}],"twitter_card":"summary_large_image","schema":{"@context":"https:\/\/schema.org","@graph":[{"@type":"WebPage","@id":"https:\/\/clair.si\/hr\/izdelek\/odeja-za-znojenje-hkm-polar\/","url":"https:\/\/clair.si\/hr\/izdelek\/odeja-za-znojenje-hkm-polar\/","name":"Odeja za znojenje HKM Polar - Clair","isPartOf":{"@id":"https:\/\/clair.si\/#website"},"primaryImageOfPage":{"@id":"https:\/\/clair.si\/hr\/izdelek\/odeja-za-znojenje-hkm-polar\/#primaryimage"},"image":{"@id":"https:\/\/clair.si\/hr\/izdelek\/odeja-za-znojenje-hkm-polar\/#primaryimage"},"thumbnailUrl":"https:\/\/clair.si\/wp-content\/uploads\/2026\/02\/polar-fleece-svicka-clair.webp","datePublished":"2026-02-03T10:40:14+00:00","description":"Prakti\u010dna su\u0161e\u0107a odeja od polarnog flisa, namijenjena brzom odvajanju vlage nakon treninga ili pranja. Materijal je prozra\u010dan i ima optimalnu mo\u0107 upijanja","breadcrumb":{"@id":"https:\/\/clair.si\/hr\/izdelek\/odeja-za-znojenje-hkm-polar\/#breadcrumb"},"inLanguage":"hr","potentialAction":[{"@type":"ReadAction","target":["https:\/\/clair.si\/hr\/izdelek\/odeja-za-znojenje-hkm-polar\/"]}]},{"@type":"ImageObject","inLanguage":"hr","@id":"https:\/\/clair.si\/hr\/izdelek\/odeja-za-znojenje-hkm-polar\/#primaryimage","url":"https:\/\/clair.si\/wp-content\/uploads\/2026\/02\/polar-fleece-svicka-clair.webp","contentUrl":"https:\/\/clair.si\/wp-content\/uploads\/2026\/02\/polar-fleece-svicka-clair.webp","width":700,"height":700},{"@type":"BreadcrumbList","@id":"https:\/\/clair.si\/hr\/izdelek\/odeja-za-znojenje-hkm-polar\/#breadcrumb","itemListElement":[{"@type":"ListItem","position":1,"name":"Home","item":"https:\/\/clair.si\/hr\/"},{"@type":"ListItem","position":2,"name":"Trgovina","item":"https:\/\/clair.si\/trgovina\/"},{"@type":"ListItem","position":3,"name":"Odeja za znojenje HKM Polar"}]},{"@type":"WebSite","@id":"https:\/\/clair.si\/#website","url":"https:\/\/clair.si\/","name":"Clair","description":"Trgovina s konjeni\u0161ko opremo","publisher":{"@id":"https:\/\/clair.si\/#organization"},"potentialAction":[{"@type":"SearchAction","target":{"@type":"EntryPoint","urlTemplate":"https:\/\/clair.si\/?s={search_term_string}"},"query-input":{"@type":"PropertyValueSpecification","valueRequired":true,"valueName":"search_term_string"}}],"inLanguage":"hr"},{"@type":"Organization","@id":"https:\/\/clair.si\/#organization","name":"Clair","url":"https:\/\/clair.si\/","logo":{"@type":"ImageObject","inLanguage":"hr","@id":"https:\/\/clair.si\/#\/schema\/logo\/image\/","url":"https:\/\/clair.si\/wp-content\/uploads\/2022\/11\/clair_logo_2022.jpg","contentUrl":"https:\/\/clair.si\/wp-content\/uploads\/2022\/11\/clair_logo_2022.jpg","width":1920,"height":1920,"caption":"Clair"},"image":{"@id":"https:\/\/clair.si\/#\/schema\/logo\/image\/"},"sameAs":["https:\/\/www.facebook.com\/TrgovinaClair\/"]}]}},"_links":{"self":[{"href":"https:\/\/clair.si\/hr\/wp-json\/wp\/v2\/product\/131511","targetHints":{"allow":["GET"]}}],"collection":[{"href":"https:\/\/clair.si\/hr\/wp-json\/wp\/v2\/product"}],"about":[{"href":"https:\/\/clair.si\/hr\/wp-json\/wp\/v2\/types\/product"}],"version-history":[{"count":0,"href":"https:\/\/clair.si\/hr\/wp-json\/wp\/v2\/product\/131511\/revisions"}],"wp:featuredmedia":[{"embeddable":true,"href":"https:\/\/clair.si\/hr\/wp-json\/wp\/v2\/media\/131512"}],"wp:attachment":[{"href":"https:\/\/clair.si\/hr\/wp-json\/wp\/v2\/media?parent=131511"}],"wp:term":[{"taxonomy":"product_brand","embeddable":true,"href":"https:\/\/clair.si\/hr\/wp-json\/wp\/v2\/product_brand?post=131511"},{"taxonomy":"product_cat","embeddable":true,"href":"https:\/\/clair.si\/hr\/wp-json\/wp\/v2\/product_cat?post=131511"},{"taxonomy":"product_tag","embeddable":true,"href":"https:\/\/clair.si\/hr\/wp-json\/wp\/v2\/product_tag?post=131511"}],"curies":[{"name":"wp","href":"https:\/\/api.w.org\/{rel}","templated":true}]}}