{"id":131540,"date":"2026-02-03T14:10:54","date_gmt":"2026-02-03T13:10:54","guid":{"rendered":"https:\/\/clair.si\/izdelek\/naf-superflex-senior\/"},"modified":"2026-02-25T17:28:31","modified_gmt":"2026-02-25T16:28:31","slug":"naf-superflex-senior","status":"publish","type":"product","link":"https:\/\/clair.si\/hr\/izdelek\/naf-superflex-senior\/","title":{"rendered":"NAF Superflex Senior"},"content":{"rendered":"<p data-start=\"96\" data-end=\"533\">Superflex Senior je formuliran za potrebe <strong data-start=\"137\" data-end=\"155\">starijih konja<\/strong> odnosno konja kod kojih se zbog dugogodi\u0161njeg rada i tro\u0161enja javljaju <strong data-start=\"229\" data-end=\"263\">uko\u010denost i smanjena pokretljivost<\/strong>. Kombinacija hranjivih tvari osmi\u0161ljena je kako bi poduprla <strong data-start=\"314\" data-end=\"374\">hrskavicu, vezivna tkiva i kvalitetu sinovijalne teku\u0107ine<\/strong> (\u00bbpodmazivanje\u00ab zgloba), dok istovremeno pru\u017ea <strong data-start=\"412\" data-end=\"448\">antioksidativnu i omega potporu<\/strong> za bolju pokretljivost kod zglobova koji stare. <\/p>\n<p data-start=\"535\" data-end=\"770\">Proizvod je ozna\u010den kao \u201eClean Sport\u201d \u2013 prikladan za natjecanja pod <span class=\"hover:entity-accent entity-underline inline cursor-pointer align-baseline\"><span class=\"whitespace-normal\">FEI-em.<\/span><\/span><\/p>\n<p data-start=\"772\" data-end=\"866\"><strong data-start=\"772\" data-end=\"786\">Pakiranje:<\/strong> 660 g (cca 30 dana), 1,98 kg (cca 90 dana).<\/p>\n<p data-start=\"894\" data-end=\"1129\"><strong>Sastav:<\/strong> Glukozamin, MSM (metil-sulfonil-metan), morske alge (seaweed meal), chia sjemenke, su\u0161ene alge (spirulina), p\u0161eni\u010dne bjelan\u010devine, kondroitin sulfat, laneno ulje, hijaluronska kiselina, natrijev klorid.<\/p>\n<p data-start=\"1131\" data-end=\"1188\"><strong>Klju\u010dni sastojci:<\/strong> Glukozamin sulfat 2KCl 14.380 mg; MSM 14.380 mg; antioksidansi biljnog podrijetla 13.640 mg; L-glutamin 1.100 mg; kondroitin sulfat 170 mg; hijaluronska kiselina 85 mg; omega-3 2,9 %.<\/p>\n<p data-start=\"1411\" data-end=\"1434\"><strong>Analiti\u010dki sastav:<\/strong> Sirove bjelan\u010devine 17,7 %; sirova ulja i masti 5,6 %; sirovi pepeo 12,0 %; sirova vlaknina 2,6 %; natrij 0,3 %.<\/p>\n<h4 data-start=\"1589\" data-end=\"1614\">Upute za hranjenje:<\/h4>\n<p data-start=\"1615\" data-end=\"1795\">Inicijalna doza (3 \u2013 10 dana): <strong data-start=\"1635\" data-end=\"1647\">44 g\/dan<\/strong> (6 mjerica).<br data-start=\"1658\" data-end=\"1661\">Standardno odr\u017eavanje: <strong data-start=\"1685\" data-end=\"1697\">22 g\/dan<\/strong> (3 mjerice).<br data-start=\"1709\" data-end=\"1712\">Nisko odr\u017eavanje: <strong data-start=\"1731\" data-end=\"1745\">14,5 g\/dan<\/strong> (2 mjerice).<\/p>\n<p data-start=\"1797\" data-end=\"1879\">1 ravna mjerica od 10 ml iznosi pribli\u017eno <strong data-start=\"1831\" data-end=\"1840\">7,3 g<\/strong>.<\/p>\n","protected":false},"excerpt":{"rendered":"<ul>\n<li>Superflex osmi\u0161ljen za starije konje<\/li>\n<li>manje pakiranje \u2013 30 dana<\/li>\n<li>ve\u0107e pakiranje \u2013 90 dana<\/li>\n<\/ul>\n","protected":false},"featured_media":131542,"template":"","meta":{"footnotes":""},"product_brand":[],"product_cat":[5710,5769,5784,5712],"product_tag":[],"class_list":{"0":"post-131540","1":"product","2":"type-product","3":"status-publish","4":"has-post-thumbnail","6":"product_cat-hrana-za-konje-hr","7":"product_cat-must-have","8":"product_cat-naf-prehrambeni-dodaci","9":"product_cat-prehrambeni-dodaci","11":"first","12":"instock","13":"shipping-taxable","14":"purchasable","15":"product-type-variable"},"yoast_head":"<!-- This site is optimized with the Yoast SEO plugin v27.4 - https:\/\/yoast.com\/product\/yoast-seo-wordpress\/ -->\n<title>NAF Superflex Senior - Clair<\/title>\n<meta name=\"description\" content=\"Superflex osmi\u0161ljen za starije konje  manje pakiranje \u2013 30 dana  ve\u0107e pakiranje \u2013 90 dana\" \/>\n<meta name=\"robots\" content=\"index, follow, max-snippet:-1, max-image-preview:large, max-video-preview:-1\" \/>\n<link rel=\"canonical\" href=\"https:\/\/clair.si\/hr\/izdelek\/naf-superflex-senior\/\" \/>\n<meta property=\"og:locale\" content=\"hr_HR\" \/>\n<meta property=\"og:type\" content=\"article\" \/>\n<meta property=\"og:title\" content=\"NAF Superflex Senior - Clair\" \/>\n<meta property=\"og:description\" content=\"Superflex osmi\u0161ljen za starije konje  manje pakiranje \u2013 30 dana  ve\u0107e pakiranje \u2013 90 dana\" \/>\n<meta property=\"og:url\" content=\"https:\/\/clair.si\/hr\/izdelek\/naf-superflex-senior\/\" \/>\n<meta property=\"og:site_name\" content=\"Clair\" \/>\n<meta property=\"article:publisher\" content=\"https:\/\/www.facebook.com\/TrgovinaClair\/\" \/>\n<meta property=\"article:modified_time\" content=\"2026-02-25T16:28:31+00:00\" \/>\n<meta property=\"og:image\" content=\"https:\/\/clair.si\/wp-content\/uploads\/2026\/02\/superflex-senior-velki.webp\" \/>\n\t<meta property=\"og:image:width\" content=\"800\" \/>\n\t<meta property=\"og:image:height\" content=\"800\" \/>\n\t<meta property=\"og:image:type\" content=\"image\/jpeg\" \/>\n<meta name=\"twitter:card\" content=\"summary_large_image\" \/>\n<meta name=\"twitter:label1\" content=\"Procijenjeno vrijeme \u010ditanja\" \/>\n\t<meta name=\"twitter:data1\" content=\"1 minuta\" \/>\n<script type=\"application\/ld+json\" class=\"yoast-schema-graph\">{\"@context\":\"https:\\\/\\\/schema.org\",\"@graph\":[{\"@type\":\"WebPage\",\"@id\":\"https:\\\/\\\/clair.si\\\/hr\\\/izdelek\\\/naf-superflex-senior\\\/\",\"url\":\"https:\\\/\\\/clair.si\\\/hr\\\/izdelek\\\/naf-superflex-senior\\\/\",\"name\":\"NAF Superflex Senior - Clair\",\"isPartOf\":{\"@id\":\"https:\\\/\\\/clair.si\\\/#website\"},\"primaryImageOfPage\":{\"@id\":\"https:\\\/\\\/clair.si\\\/hr\\\/izdelek\\\/naf-superflex-senior\\\/#primaryimage\"},\"image\":{\"@id\":\"https:\\\/\\\/clair.si\\\/hr\\\/izdelek\\\/naf-superflex-senior\\\/#primaryimage\"},\"thumbnailUrl\":\"https:\\\/\\\/clair.si\\\/wp-content\\\/uploads\\\/2026\\\/02\\\/superflex-senior-velki.webp\",\"datePublished\":\"2026-02-03T13:10:54+00:00\",\"dateModified\":\"2026-02-25T16:28:31+00:00\",\"description\":\"Superflex osmi\u0161ljen za starije konje manje pakiranje \u2013 30 dana ve\u0107e pakiranje \u2013 90 dana\",\"breadcrumb\":{\"@id\":\"https:\\\/\\\/clair.si\\\/hr\\\/izdelek\\\/naf-superflex-senior\\\/#breadcrumb\"},\"inLanguage\":\"hr\",\"potentialAction\":[{\"@type\":\"ReadAction\",\"target\":[\"https:\\\/\\\/clair.si\\\/hr\\\/izdelek\\\/naf-superflex-senior\\\/\"]}]},{\"@type\":\"ImageObject\",\"inLanguage\":\"hr\",\"@id\":\"https:\\\/\\\/clair.si\\\/hr\\\/izdelek\\\/naf-superflex-senior\\\/#primaryimage\",\"url\":\"https:\\\/\\\/clair.si\\\/wp-content\\\/uploads\\\/2026\\\/02\\\/superflex-senior-velki.webp\",\"contentUrl\":\"https:\\\/\\\/clair.si\\\/wp-content\\\/uploads\\\/2026\\\/02\\\/superflex-senior-velki.webp\",\"width\":800,\"height\":800},{\"@type\":\"BreadcrumbList\",\"@id\":\"https:\\\/\\\/clair.si\\\/hr\\\/izdelek\\\/naf-superflex-senior\\\/#breadcrumb\",\"itemListElement\":[{\"@type\":\"ListItem\",\"position\":1,\"name\":\"Home\",\"item\":\"https:\\\/\\\/clair.si\\\/hr\\\/\"},{\"@type\":\"ListItem\",\"position\":2,\"name\":\"Trgovina\",\"item\":\"https:\\\/\\\/clair.si\\\/trgovina\\\/\"},{\"@type\":\"ListItem\",\"position\":3,\"name\":\"NAF Superflex Senior\"}]},{\"@type\":\"WebSite\",\"@id\":\"https:\\\/\\\/clair.si\\\/#website\",\"url\":\"https:\\\/\\\/clair.si\\\/\",\"name\":\"Clair\",\"description\":\"Trgovina s konjeni\u0161ko opremo\",\"publisher\":{\"@id\":\"https:\\\/\\\/clair.si\\\/#organization\"},\"potentialAction\":[{\"@type\":\"SearchAction\",\"target\":{\"@type\":\"EntryPoint\",\"urlTemplate\":\"https:\\\/\\\/clair.si\\\/?s={search_term_string}\"},\"query-input\":{\"@type\":\"PropertyValueSpecification\",\"valueRequired\":true,\"valueName\":\"search_term_string\"}}],\"inLanguage\":\"hr\"},{\"@type\":\"Organization\",\"@id\":\"https:\\\/\\\/clair.si\\\/#organization\",\"name\":\"Clair\",\"url\":\"https:\\\/\\\/clair.si\\\/\",\"logo\":{\"@type\":\"ImageObject\",\"inLanguage\":\"hr\",\"@id\":\"https:\\\/\\\/clair.si\\\/#\\\/schema\\\/logo\\\/image\\\/\",\"url\":\"https:\\\/\\\/clair.si\\\/wp-content\\\/uploads\\\/2022\\\/11\\\/clair_logo_2022.jpg\",\"contentUrl\":\"https:\\\/\\\/clair.si\\\/wp-content\\\/uploads\\\/2022\\\/11\\\/clair_logo_2022.jpg\",\"width\":1920,\"height\":1920,\"caption\":\"Clair\"},\"image\":{\"@id\":\"https:\\\/\\\/clair.si\\\/#\\\/schema\\\/logo\\\/image\\\/\"},\"sameAs\":[\"https:\\\/\\\/www.facebook.com\\\/TrgovinaClair\\\/\"]}]}<\/script>\n<!-- \/ Yoast SEO plugin. -->","yoast_head_json":{"title":"NAF Superflex Senior - Clair","description":"Superflex osmi\u0161ljen za starije konje  manje pakiranje \u2013 30 dana  ve\u0107e pakiranje \u2013 90 dana","robots":{"index":"index","follow":"follow","max-snippet":"max-snippet:-1","max-image-preview":"max-image-preview:large","max-video-preview":"max-video-preview:-1"},"canonical":"https:\/\/clair.si\/hr\/izdelek\/naf-superflex-senior\/","og_locale":"hr_HR","og_type":"article","og_title":"NAF Superflex Senior - Clair","og_description":"Superflex osmi\u0161ljen za starije konje  manje pakiranje \u2013 30 dana  ve\u0107e pakiranje \u2013 90 dana","og_url":"https:\/\/clair.si\/hr\/izdelek\/naf-superflex-senior\/","og_site_name":"Clair","article_publisher":"https:\/\/www.facebook.com\/TrgovinaClair\/","article_modified_time":"2026-02-25T16:28:31+00:00","og_image":[{"width":800,"height":800,"url":"https:\/\/clair.si\/wp-content\/uploads\/2026\/02\/superflex-senior-velki.webp","type":"image\/jpeg"}],"twitter_card":"summary_large_image","twitter_misc":{"Procijenjeno vrijeme \u010ditanja":"1 minuta"},"schema":{"@context":"https:\/\/schema.org","@graph":[{"@type":"WebPage","@id":"https:\/\/clair.si\/hr\/izdelek\/naf-superflex-senior\/","url":"https:\/\/clair.si\/hr\/izdelek\/naf-superflex-senior\/","name":"NAF Superflex Senior - Clair","isPartOf":{"@id":"https:\/\/clair.si\/#website"},"primaryImageOfPage":{"@id":"https:\/\/clair.si\/hr\/izdelek\/naf-superflex-senior\/#primaryimage"},"image":{"@id":"https:\/\/clair.si\/hr\/izdelek\/naf-superflex-senior\/#primaryimage"},"thumbnailUrl":"https:\/\/clair.si\/wp-content\/uploads\/2026\/02\/superflex-senior-velki.webp","datePublished":"2026-02-03T13:10:54+00:00","dateModified":"2026-02-25T16:28:31+00:00","description":"Superflex osmi\u0161ljen za starije konje manje pakiranje \u2013 30 dana ve\u0107e pakiranje \u2013 90 dana","breadcrumb":{"@id":"https:\/\/clair.si\/hr\/izdelek\/naf-superflex-senior\/#breadcrumb"},"inLanguage":"hr","potentialAction":[{"@type":"ReadAction","target":["https:\/\/clair.si\/hr\/izdelek\/naf-superflex-senior\/"]}]},{"@type":"ImageObject","inLanguage":"hr","@id":"https:\/\/clair.si\/hr\/izdelek\/naf-superflex-senior\/#primaryimage","url":"https:\/\/clair.si\/wp-content\/uploads\/2026\/02\/superflex-senior-velki.webp","contentUrl":"https:\/\/clair.si\/wp-content\/uploads\/2026\/02\/superflex-senior-velki.webp","width":800,"height":800},{"@type":"BreadcrumbList","@id":"https:\/\/clair.si\/hr\/izdelek\/naf-superflex-senior\/#breadcrumb","itemListElement":[{"@type":"ListItem","position":1,"name":"Home","item":"https:\/\/clair.si\/hr\/"},{"@type":"ListItem","position":2,"name":"Trgovina","item":"https:\/\/clair.si\/trgovina\/"},{"@type":"ListItem","position":3,"name":"NAF Superflex Senior"}]},{"@type":"WebSite","@id":"https:\/\/clair.si\/#website","url":"https:\/\/clair.si\/","name":"Clair","description":"Trgovina s konjeni\u0161ko opremo","publisher":{"@id":"https:\/\/clair.si\/#organization"},"potentialAction":[{"@type":"SearchAction","target":{"@type":"EntryPoint","urlTemplate":"https:\/\/clair.si\/?s={search_term_string}"},"query-input":{"@type":"PropertyValueSpecification","valueRequired":true,"valueName":"search_term_string"}}],"inLanguage":"hr"},{"@type":"Organization","@id":"https:\/\/clair.si\/#organization","name":"Clair","url":"https:\/\/clair.si\/","logo":{"@type":"ImageObject","inLanguage":"hr","@id":"https:\/\/clair.si\/#\/schema\/logo\/image\/","url":"https:\/\/clair.si\/wp-content\/uploads\/2022\/11\/clair_logo_2022.jpg","contentUrl":"https:\/\/clair.si\/wp-content\/uploads\/2022\/11\/clair_logo_2022.jpg","width":1920,"height":1920,"caption":"Clair"},"image":{"@id":"https:\/\/clair.si\/#\/schema\/logo\/image\/"},"sameAs":["https:\/\/www.facebook.com\/TrgovinaClair\/"]}]}},"_links":{"self":[{"href":"https:\/\/clair.si\/hr\/wp-json\/wp\/v2\/product\/131540","targetHints":{"allow":["GET"]}}],"collection":[{"href":"https:\/\/clair.si\/hr\/wp-json\/wp\/v2\/product"}],"about":[{"href":"https:\/\/clair.si\/hr\/wp-json\/wp\/v2\/types\/product"}],"version-history":[{"count":1,"href":"https:\/\/clair.si\/hr\/wp-json\/wp\/v2\/product\/131540\/revisions"}],"predecessor-version":[{"id":131638,"href":"https:\/\/clair.si\/hr\/wp-json\/wp\/v2\/product\/131540\/revisions\/131638"}],"wp:featuredmedia":[{"embeddable":true,"href":"https:\/\/clair.si\/hr\/wp-json\/wp\/v2\/media\/131542"}],"wp:attachment":[{"href":"https:\/\/clair.si\/hr\/wp-json\/wp\/v2\/media?parent=131540"}],"wp:term":[{"taxonomy":"product_brand","embeddable":true,"href":"https:\/\/clair.si\/hr\/wp-json\/wp\/v2\/product_brand?post=131540"},{"taxonomy":"product_cat","embeddable":true,"href":"https:\/\/clair.si\/hr\/wp-json\/wp\/v2\/product_cat?post=131540"},{"taxonomy":"product_tag","embeddable":true,"href":"https:\/\/clair.si\/hr\/wp-json\/wp\/v2\/product_tag?post=131540"}],"curies":[{"name":"wp","href":"https:\/\/api.w.org\/{rel}","templated":true}]}}