{"id":131545,"date":"2026-02-04T11:13:31","date_gmt":"2026-02-04T10:13:31","guid":{"rendered":"https:\/\/clair.si\/izdelek\/zvale-kavalkade-ergonomic-babypelham-jednom-prelomljene-14-mm\/"},"modified":"2026-02-25T17:39:07","modified_gmt":"2026-02-25T16:39:07","slug":"zvale-kavalkade-ergonomic-babypelham-jednom-prelomljene-14-mm","status":"publish","type":"product","link":"https:\/\/clair.si\/hr\/izdelek\/zvale-kavalkade-ergonomic-babypelham-jednom-prelomljene-14-mm\/","title":{"rendered":"\u017dvale Kavalkade Ergonomic Babypelham, jednom prelomljene 14 mm"},"content":{"rendered":"<div class=\"relative my-1 min-h-6\">\n<div class=\"relative flex origin-top-left flex-col gap-2 overflow-x-clip rtl:origin-top-right\">\n<div class=\"relative w-full text-start\">\n<div class=\"flex w-full flex-row items-start justify-between gap-4 text-start\">Kavalkade Pelham Ergonomic s kratkim krakovima su anatomski oblikovane pelham \u017evale, namijenjene prvenstveno za preponsko jahanje i eventing, kada \u017eelite izravniji u\u010dinak pelhama, ali u kompaktnoj (kratkoj) izvedbi. Linija \u201cErgonomic\u201d prilago\u0111ena je obliku konjskih usta i lagano se su\u017eava prema unutra\u0161njosti, \u0161to poma\u017ee u ugodnijoj raspodjeli pritiska i manjem to\u010dkastom djelovanju na \u010deljust. <\/div>\n<\/div>\n<\/div>\n<\/div>\n<div class=\"min-h-8 text-message relative flex w-full flex-col items-end gap-2 text-start break-words whitespace-normal [.text-message+&amp;]:mt-1\" dir=\"auto\" data-message-author-role=\"assistant\" data-message-id=\"4f3d8023-8aac-4471-a2a3-3327ca8e59f5\" data-message-model-slug=\"gpt-5-2-thinking\">\n<div class=\"flex w-full flex-col gap-1 empty:hidden first:pt-[1px]\">\n<div class=\"markdown prose dark:prose-invert w-full wrap-break-word light markdown-new-styling\">\n<p data-start=\"439\" data-end=\"800\">Izra\u0111ene su od Sweet Iron materijala koji u dodiru sa slinom razvija blago \u201cslatkast\u201d okus; povr\u0161ina mo\u017ee lagano oksidirati, \u0161to \u010desto poti\u010de vi\u0161e slinjenja i bolje prihva\u0107anje \u017evala.<\/p>\n<p data-start=\"439\" data-end=\"800\"><strong>Va\u017eno:<\/strong> kod Sweet Iron materijala je normalno da se br\u017ee poka\u017eu tragovi upotrebe nego kod nehr\u0111aju\u0107eg \u010delika, jer se radi o mek\u0161oj povr\u0161inskoj obradi.<\/p>\n<\/div>\n<\/div>\n<\/div>\n","protected":false},"excerpt":{"rendered":"<ul>\n<li>skra\u0107ene pelham \u017evale od Sweet Iron materijala<\/li>\n<li>anatomski oblikovane<\/li>\n<\/ul>\n","protected":false},"featured_media":131547,"template":"","meta":{"footnotes":""},"product_brand":[],"product_cat":[5690,5624,5769,5687],"product_tag":[],"class_list":{"0":"post-131545","1":"product","2":"type-product","3":"status-publish","4":"has-post-thumbnail","6":"product_cat-engleske-zvale","7":"product_cat-konj-hr","8":"product_cat-must-have","9":"product_cat-zvale","11":"first","12":"instock","13":"shipping-taxable","14":"purchasable","15":"product-type-variable"},"yoast_head":"<!-- This site is optimized with the Yoast SEO plugin v27.4 - https:\/\/yoast.com\/product\/yoast-seo-wordpress\/ -->\n<title>\u017dvale Kavalkade Ergonomic Babypelham, jednom prelomljene 14 mm - Clair<\/title>\n<meta name=\"description\" content=\"skra\u0107ene pelham \u017evale od Sweet Iron materijala  anatomski oblikovane\" \/>\n<meta name=\"robots\" content=\"index, follow, max-snippet:-1, max-image-preview:large, max-video-preview:-1\" \/>\n<link rel=\"canonical\" href=\"https:\/\/clair.si\/hr\/izdelek\/zvale-kavalkade-ergonomic-babypelham-jednom-prelomljene-14-mm\/\" \/>\n<meta property=\"og:locale\" content=\"hr_HR\" \/>\n<meta property=\"og:type\" content=\"article\" \/>\n<meta property=\"og:title\" content=\"\u017dvale Kavalkade Ergonomic Babypelham, jednom prelomljene 14 mm - Clair\" \/>\n<meta property=\"og:description\" content=\"skra\u0107ene pelham \u017evale od Sweet Iron materijala  anatomski oblikovane\" \/>\n<meta property=\"og:url\" content=\"https:\/\/clair.si\/hr\/izdelek\/zvale-kavalkade-ergonomic-babypelham-jednom-prelomljene-14-mm\/\" \/>\n<meta property=\"og:site_name\" content=\"Clair\" \/>\n<meta property=\"article:publisher\" content=\"https:\/\/www.facebook.com\/TrgovinaClair\/\" \/>\n<meta property=\"article:modified_time\" content=\"2026-02-25T16:39:07+00:00\" \/>\n<meta property=\"og:image\" content=\"https:\/\/clair.si\/wp-content\/uploads\/2026\/02\/babypelham-2.webp\" \/>\n\t<meta property=\"og:image:width\" content=\"800\" \/>\n\t<meta property=\"og:image:height\" content=\"800\" \/>\n\t<meta property=\"og:image:type\" content=\"image\/jpeg\" \/>\n<meta name=\"twitter:card\" content=\"summary_large_image\" \/>\n<meta name=\"twitter:label1\" content=\"Procijenjeno vrijeme \u010ditanja\" \/>\n\t<meta name=\"twitter:data1\" content=\"1 minuta\" \/>\n<script type=\"application\/ld+json\" class=\"yoast-schema-graph\">{\"@context\":\"https:\\\/\\\/schema.org\",\"@graph\":[{\"@type\":\"WebPage\",\"@id\":\"https:\\\/\\\/clair.si\\\/hr\\\/izdelek\\\/zvale-kavalkade-ergonomic-babypelham-jednom-prelomljene-14-mm\\\/\",\"url\":\"https:\\\/\\\/clair.si\\\/hr\\\/izdelek\\\/zvale-kavalkade-ergonomic-babypelham-jednom-prelomljene-14-mm\\\/\",\"name\":\"\u017dvale Kavalkade Ergonomic Babypelham, jednom prelomljene 14 mm - Clair\",\"isPartOf\":{\"@id\":\"https:\\\/\\\/clair.si\\\/#website\"},\"primaryImageOfPage\":{\"@id\":\"https:\\\/\\\/clair.si\\\/hr\\\/izdelek\\\/zvale-kavalkade-ergonomic-babypelham-jednom-prelomljene-14-mm\\\/#primaryimage\"},\"image\":{\"@id\":\"https:\\\/\\\/clair.si\\\/hr\\\/izdelek\\\/zvale-kavalkade-ergonomic-babypelham-jednom-prelomljene-14-mm\\\/#primaryimage\"},\"thumbnailUrl\":\"https:\\\/\\\/clair.si\\\/wp-content\\\/uploads\\\/2026\\\/02\\\/babypelham-2.webp\",\"datePublished\":\"2026-02-04T10:13:31+00:00\",\"dateModified\":\"2026-02-25T16:39:07+00:00\",\"description\":\"skra\u0107ene pelham \u017evale od Sweet Iron materijala anatomski oblikovane\",\"breadcrumb\":{\"@id\":\"https:\\\/\\\/clair.si\\\/hr\\\/izdelek\\\/zvale-kavalkade-ergonomic-babypelham-jednom-prelomljene-14-mm\\\/#breadcrumb\"},\"inLanguage\":\"hr\",\"potentialAction\":[{\"@type\":\"ReadAction\",\"target\":[\"https:\\\/\\\/clair.si\\\/hr\\\/izdelek\\\/zvale-kavalkade-ergonomic-babypelham-jednom-prelomljene-14-mm\\\/\"]}]},{\"@type\":\"ImageObject\",\"inLanguage\":\"hr\",\"@id\":\"https:\\\/\\\/clair.si\\\/hr\\\/izdelek\\\/zvale-kavalkade-ergonomic-babypelham-jednom-prelomljene-14-mm\\\/#primaryimage\",\"url\":\"https:\\\/\\\/clair.si\\\/wp-content\\\/uploads\\\/2026\\\/02\\\/babypelham-2.webp\",\"contentUrl\":\"https:\\\/\\\/clair.si\\\/wp-content\\\/uploads\\\/2026\\\/02\\\/babypelham-2.webp\",\"width\":800,\"height\":800},{\"@type\":\"BreadcrumbList\",\"@id\":\"https:\\\/\\\/clair.si\\\/hr\\\/izdelek\\\/zvale-kavalkade-ergonomic-babypelham-jednom-prelomljene-14-mm\\\/#breadcrumb\",\"itemListElement\":[{\"@type\":\"ListItem\",\"position\":1,\"name\":\"Home\",\"item\":\"https:\\\/\\\/clair.si\\\/hr\\\/\"},{\"@type\":\"ListItem\",\"position\":2,\"name\":\"Trgovina\",\"item\":\"https:\\\/\\\/clair.si\\\/trgovina\\\/\"},{\"@type\":\"ListItem\",\"position\":3,\"name\":\"\u017dvale Kavalkade Ergonomic Babypelham, jednom prelomljene 14 mm\"}]},{\"@type\":\"WebSite\",\"@id\":\"https:\\\/\\\/clair.si\\\/#website\",\"url\":\"https:\\\/\\\/clair.si\\\/\",\"name\":\"Clair\",\"description\":\"Trgovina s konjeni\u0161ko opremo\",\"publisher\":{\"@id\":\"https:\\\/\\\/clair.si\\\/#organization\"},\"potentialAction\":[{\"@type\":\"SearchAction\",\"target\":{\"@type\":\"EntryPoint\",\"urlTemplate\":\"https:\\\/\\\/clair.si\\\/?s={search_term_string}\"},\"query-input\":{\"@type\":\"PropertyValueSpecification\",\"valueRequired\":true,\"valueName\":\"search_term_string\"}}],\"inLanguage\":\"hr\"},{\"@type\":\"Organization\",\"@id\":\"https:\\\/\\\/clair.si\\\/#organization\",\"name\":\"Clair\",\"url\":\"https:\\\/\\\/clair.si\\\/\",\"logo\":{\"@type\":\"ImageObject\",\"inLanguage\":\"hr\",\"@id\":\"https:\\\/\\\/clair.si\\\/#\\\/schema\\\/logo\\\/image\\\/\",\"url\":\"https:\\\/\\\/clair.si\\\/wp-content\\\/uploads\\\/2022\\\/11\\\/clair_logo_2022.jpg\",\"contentUrl\":\"https:\\\/\\\/clair.si\\\/wp-content\\\/uploads\\\/2022\\\/11\\\/clair_logo_2022.jpg\",\"width\":1920,\"height\":1920,\"caption\":\"Clair\"},\"image\":{\"@id\":\"https:\\\/\\\/clair.si\\\/#\\\/schema\\\/logo\\\/image\\\/\"},\"sameAs\":[\"https:\\\/\\\/www.facebook.com\\\/TrgovinaClair\\\/\"]}]}<\/script>\n<!-- \/ Yoast SEO plugin. -->","yoast_head_json":{"title":"\u017dvale Kavalkade Ergonomic Babypelham, jednom prelomljene 14 mm - Clair","description":"skra\u0107ene pelham \u017evale od Sweet Iron materijala  anatomski oblikovane","robots":{"index":"index","follow":"follow","max-snippet":"max-snippet:-1","max-image-preview":"max-image-preview:large","max-video-preview":"max-video-preview:-1"},"canonical":"https:\/\/clair.si\/hr\/izdelek\/zvale-kavalkade-ergonomic-babypelham-jednom-prelomljene-14-mm\/","og_locale":"hr_HR","og_type":"article","og_title":"\u017dvale Kavalkade Ergonomic Babypelham, jednom prelomljene 14 mm - Clair","og_description":"skra\u0107ene pelham \u017evale od Sweet Iron materijala  anatomski oblikovane","og_url":"https:\/\/clair.si\/hr\/izdelek\/zvale-kavalkade-ergonomic-babypelham-jednom-prelomljene-14-mm\/","og_site_name":"Clair","article_publisher":"https:\/\/www.facebook.com\/TrgovinaClair\/","article_modified_time":"2026-02-25T16:39:07+00:00","og_image":[{"width":800,"height":800,"url":"https:\/\/clair.si\/wp-content\/uploads\/2026\/02\/babypelham-2.webp","type":"image\/jpeg"}],"twitter_card":"summary_large_image","twitter_misc":{"Procijenjeno vrijeme \u010ditanja":"1 minuta"},"schema":{"@context":"https:\/\/schema.org","@graph":[{"@type":"WebPage","@id":"https:\/\/clair.si\/hr\/izdelek\/zvale-kavalkade-ergonomic-babypelham-jednom-prelomljene-14-mm\/","url":"https:\/\/clair.si\/hr\/izdelek\/zvale-kavalkade-ergonomic-babypelham-jednom-prelomljene-14-mm\/","name":"\u017dvale Kavalkade Ergonomic Babypelham, jednom prelomljene 14 mm - Clair","isPartOf":{"@id":"https:\/\/clair.si\/#website"},"primaryImageOfPage":{"@id":"https:\/\/clair.si\/hr\/izdelek\/zvale-kavalkade-ergonomic-babypelham-jednom-prelomljene-14-mm\/#primaryimage"},"image":{"@id":"https:\/\/clair.si\/hr\/izdelek\/zvale-kavalkade-ergonomic-babypelham-jednom-prelomljene-14-mm\/#primaryimage"},"thumbnailUrl":"https:\/\/clair.si\/wp-content\/uploads\/2026\/02\/babypelham-2.webp","datePublished":"2026-02-04T10:13:31+00:00","dateModified":"2026-02-25T16:39:07+00:00","description":"skra\u0107ene pelham \u017evale od Sweet Iron materijala anatomski oblikovane","breadcrumb":{"@id":"https:\/\/clair.si\/hr\/izdelek\/zvale-kavalkade-ergonomic-babypelham-jednom-prelomljene-14-mm\/#breadcrumb"},"inLanguage":"hr","potentialAction":[{"@type":"ReadAction","target":["https:\/\/clair.si\/hr\/izdelek\/zvale-kavalkade-ergonomic-babypelham-jednom-prelomljene-14-mm\/"]}]},{"@type":"ImageObject","inLanguage":"hr","@id":"https:\/\/clair.si\/hr\/izdelek\/zvale-kavalkade-ergonomic-babypelham-jednom-prelomljene-14-mm\/#primaryimage","url":"https:\/\/clair.si\/wp-content\/uploads\/2026\/02\/babypelham-2.webp","contentUrl":"https:\/\/clair.si\/wp-content\/uploads\/2026\/02\/babypelham-2.webp","width":800,"height":800},{"@type":"BreadcrumbList","@id":"https:\/\/clair.si\/hr\/izdelek\/zvale-kavalkade-ergonomic-babypelham-jednom-prelomljene-14-mm\/#breadcrumb","itemListElement":[{"@type":"ListItem","position":1,"name":"Home","item":"https:\/\/clair.si\/hr\/"},{"@type":"ListItem","position":2,"name":"Trgovina","item":"https:\/\/clair.si\/trgovina\/"},{"@type":"ListItem","position":3,"name":"\u017dvale Kavalkade Ergonomic Babypelham, jednom prelomljene 14 mm"}]},{"@type":"WebSite","@id":"https:\/\/clair.si\/#website","url":"https:\/\/clair.si\/","name":"Clair","description":"Trgovina s konjeni\u0161ko opremo","publisher":{"@id":"https:\/\/clair.si\/#organization"},"potentialAction":[{"@type":"SearchAction","target":{"@type":"EntryPoint","urlTemplate":"https:\/\/clair.si\/?s={search_term_string}"},"query-input":{"@type":"PropertyValueSpecification","valueRequired":true,"valueName":"search_term_string"}}],"inLanguage":"hr"},{"@type":"Organization","@id":"https:\/\/clair.si\/#organization","name":"Clair","url":"https:\/\/clair.si\/","logo":{"@type":"ImageObject","inLanguage":"hr","@id":"https:\/\/clair.si\/#\/schema\/logo\/image\/","url":"https:\/\/clair.si\/wp-content\/uploads\/2022\/11\/clair_logo_2022.jpg","contentUrl":"https:\/\/clair.si\/wp-content\/uploads\/2022\/11\/clair_logo_2022.jpg","width":1920,"height":1920,"caption":"Clair"},"image":{"@id":"https:\/\/clair.si\/#\/schema\/logo\/image\/"},"sameAs":["https:\/\/www.facebook.com\/TrgovinaClair\/"]}]}},"_links":{"self":[{"href":"https:\/\/clair.si\/hr\/wp-json\/wp\/v2\/product\/131545","targetHints":{"allow":["GET"]}}],"collection":[{"href":"https:\/\/clair.si\/hr\/wp-json\/wp\/v2\/product"}],"about":[{"href":"https:\/\/clair.si\/hr\/wp-json\/wp\/v2\/types\/product"}],"version-history":[{"count":1,"href":"https:\/\/clair.si\/hr\/wp-json\/wp\/v2\/product\/131545\/revisions"}],"predecessor-version":[{"id":131643,"href":"https:\/\/clair.si\/hr\/wp-json\/wp\/v2\/product\/131545\/revisions\/131643"}],"wp:featuredmedia":[{"embeddable":true,"href":"https:\/\/clair.si\/hr\/wp-json\/wp\/v2\/media\/131547"}],"wp:attachment":[{"href":"https:\/\/clair.si\/hr\/wp-json\/wp\/v2\/media?parent=131545"}],"wp:term":[{"taxonomy":"product_brand","embeddable":true,"href":"https:\/\/clair.si\/hr\/wp-json\/wp\/v2\/product_brand?post=131545"},{"taxonomy":"product_cat","embeddable":true,"href":"https:\/\/clair.si\/hr\/wp-json\/wp\/v2\/product_cat?post=131545"},{"taxonomy":"product_tag","embeddable":true,"href":"https:\/\/clair.si\/hr\/wp-json\/wp\/v2\/product_tag?post=131545"}],"curies":[{"name":"wp","href":"https:\/\/api.w.org\/{rel}","templated":true}]}}