{"id":131556,"date":"2026-02-04T10:56:30","date_gmt":"2026-02-04T09:56:30","guid":{"rendered":"https:\/\/clair.si\/izdelek\/naf-electro-lytes\/"},"modified":"2026-02-25T17:35:59","modified_gmt":"2026-02-25T16:35:59","slug":"naf-electro-lytes","status":"publish","type":"product","link":"https:\/\/clair.si\/hr\/izdelek\/naf-electro-lytes\/","title":{"rendered":"NAF Electro Lytes"},"content":{"rendered":"<p data-start=\"0\" data-end=\"486\"><strong>NAF Electro Lytes<\/strong> teku\u0107i je elektrolitni dodatak za brzu nadoknadu klju\u010dnih tjelesnih soli nakon znojenja \u2013 tijekom treninga, natjecanja, transporta ili toplinskog stresa. Budu\u0107i da konji znojenjem gube natrij, kalij, kalcij i magnezij, bez nadoknade mo\u017ee br\u017ee do\u0107i do umora i slabije regeneracije; Electro Lytes Liquid osmi\u0161ljen je kao prakti\u010dno rje\u0161enje koje jednostavno dodajete u hranu ili vodu za podr\u0161ku hidrataciji i oporavku. <\/p>\n<p data-start=\"488\" data-end=\"696\">Proizvod je prikladan i za natjecateljske konje jer je revidiran u sklopu BETA NOPS sheme kao \u201eClean Sport\u201d (prikladno za FEI; za specifi\u010dna pravila uvijek provjerite lokalne saveze).<\/p>\n<p data-start=\"698\" data-end=\"1102\"><strong>Sastav:<\/strong> natrijev klorid, magnezijev klorid, dekstroza, kalijev klorid. <br data-start=\"807\" data-end=\"810\"><strong>Dodatak (po 1 l)<\/strong>: kalcijev laktat (E327) 1.260 mg, propionska kiselina (E280) 3.000 mg. <br data-start=\"934\" data-end=\"937\"><strong>Klju\u010dne vrijednosti elektrolita (po 90 ml)<\/strong>: natrij 4.600 mg, kalij 1.090 mg, magnezij 648 mg, kalcij 144 mg, klorid 9.990 mg.<\/p>\n<p data-start=\"1104\" data-end=\"1441\"><strong>Upute za uporabu:<\/strong> konji \u2013 vrhunska izvedba \/ vru\u0107e vrijeme 90 ml na dan, natjecateljska uporaba 60 ml na dan, odr\u017eavanje 30 ml na dan; poniji \u2013 natjecateljska uporaba 40\u201360 ml na dan, odr\u017eavanje 15\u201330 ml na dan. Dodajte u vodu (idealno mla\u010dnu) ili u navla\u017eenu hranu; svje\u017ea pitka voda mora uvijek biti dostupna. <\/p>\n","protected":false},"excerpt":{"rendered":"<ul>\n<li>elektroliti u prakti\u010dnom pakiranju<\/li>\n<\/ul>\n","protected":false},"featured_media":131562,"template":"","meta":{"footnotes":""},"product_brand":[],"product_cat":[5657,5710,5769,5784,5712],"product_tag":[],"class_list":{"0":"post-131556","1":"product","2":"type-product","3":"status-publish","4":"has-post-thumbnail","6":"product_cat-kategorije-hr","7":"product_cat-hrana-za-konje-hr","8":"product_cat-must-have","9":"product_cat-naf-prehrambeni-dodaci","10":"product_cat-prehrambeni-dodaci","12":"first","13":"instock","14":"shipping-taxable","15":"purchasable","16":"product-type-variable"},"yoast_head":"<!-- This site is optimized with the Yoast SEO plugin v27.4 - https:\/\/yoast.com\/product\/yoast-seo-wordpress\/ -->\n<title>NAF Electro Lytes - Clair<\/title>\n<meta name=\"description\" content=\"elektroliti u prakti\u010dnom pakiranju\" \/>\n<meta name=\"robots\" content=\"index, follow, max-snippet:-1, max-image-preview:large, max-video-preview:-1\" \/>\n<link rel=\"canonical\" href=\"https:\/\/clair.si\/hr\/izdelek\/naf-electro-lytes\/\" \/>\n<meta property=\"og:locale\" content=\"hr_HR\" \/>\n<meta property=\"og:type\" content=\"article\" \/>\n<meta property=\"og:title\" content=\"NAF Electro Lytes - Clair\" \/>\n<meta property=\"og:description\" content=\"elektroliti u prakti\u010dnom pakiranju\" \/>\n<meta property=\"og:url\" content=\"https:\/\/clair.si\/hr\/izdelek\/naf-electro-lytes\/\" \/>\n<meta property=\"og:site_name\" content=\"Clair\" \/>\n<meta property=\"article:publisher\" content=\"https:\/\/www.facebook.com\/TrgovinaClair\/\" \/>\n<meta property=\"article:modified_time\" content=\"2026-02-25T16:35:59+00:00\" \/>\n<meta property=\"og:image\" content=\"https:\/\/clair.si\/wp-content\/uploads\/2026\/02\/electro-lytes-clair-1.webp\" \/>\n\t<meta property=\"og:image:width\" content=\"800\" \/>\n\t<meta property=\"og:image:height\" content=\"800\" \/>\n\t<meta property=\"og:image:type\" content=\"image\/jpeg\" \/>\n<meta name=\"twitter:card\" content=\"summary_large_image\" \/>\n<meta name=\"twitter:label1\" content=\"Procijenjeno vrijeme \u010ditanja\" \/>\n\t<meta name=\"twitter:data1\" content=\"1 minuta\" \/>\n<script type=\"application\/ld+json\" class=\"yoast-schema-graph\">{\"@context\":\"https:\\\/\\\/schema.org\",\"@graph\":[{\"@type\":\"WebPage\",\"@id\":\"https:\\\/\\\/clair.si\\\/hr\\\/izdelek\\\/naf-electro-lytes\\\/\",\"url\":\"https:\\\/\\\/clair.si\\\/hr\\\/izdelek\\\/naf-electro-lytes\\\/\",\"name\":\"NAF Electro Lytes - Clair\",\"isPartOf\":{\"@id\":\"https:\\\/\\\/clair.si\\\/#website\"},\"primaryImageOfPage\":{\"@id\":\"https:\\\/\\\/clair.si\\\/hr\\\/izdelek\\\/naf-electro-lytes\\\/#primaryimage\"},\"image\":{\"@id\":\"https:\\\/\\\/clair.si\\\/hr\\\/izdelek\\\/naf-electro-lytes\\\/#primaryimage\"},\"thumbnailUrl\":\"https:\\\/\\\/clair.si\\\/wp-content\\\/uploads\\\/2026\\\/02\\\/electro-lytes-clair-1.webp\",\"datePublished\":\"2026-02-04T09:56:30+00:00\",\"dateModified\":\"2026-02-25T16:35:59+00:00\",\"description\":\"elektroliti u prakti\u010dnom pakiranju\",\"breadcrumb\":{\"@id\":\"https:\\\/\\\/clair.si\\\/hr\\\/izdelek\\\/naf-electro-lytes\\\/#breadcrumb\"},\"inLanguage\":\"hr\",\"potentialAction\":[{\"@type\":\"ReadAction\",\"target\":[\"https:\\\/\\\/clair.si\\\/hr\\\/izdelek\\\/naf-electro-lytes\\\/\"]}]},{\"@type\":\"ImageObject\",\"inLanguage\":\"hr\",\"@id\":\"https:\\\/\\\/clair.si\\\/hr\\\/izdelek\\\/naf-electro-lytes\\\/#primaryimage\",\"url\":\"https:\\\/\\\/clair.si\\\/wp-content\\\/uploads\\\/2026\\\/02\\\/electro-lytes-clair-1.webp\",\"contentUrl\":\"https:\\\/\\\/clair.si\\\/wp-content\\\/uploads\\\/2026\\\/02\\\/electro-lytes-clair-1.webp\",\"width\":800,\"height\":800},{\"@type\":\"BreadcrumbList\",\"@id\":\"https:\\\/\\\/clair.si\\\/hr\\\/izdelek\\\/naf-electro-lytes\\\/#breadcrumb\",\"itemListElement\":[{\"@type\":\"ListItem\",\"position\":1,\"name\":\"Home\",\"item\":\"https:\\\/\\\/clair.si\\\/hr\\\/\"},{\"@type\":\"ListItem\",\"position\":2,\"name\":\"Trgovina\",\"item\":\"https:\\\/\\\/clair.si\\\/trgovina\\\/\"},{\"@type\":\"ListItem\",\"position\":3,\"name\":\"NAF Electro Lytes\"}]},{\"@type\":\"WebSite\",\"@id\":\"https:\\\/\\\/clair.si\\\/#website\",\"url\":\"https:\\\/\\\/clair.si\\\/\",\"name\":\"Clair\",\"description\":\"Trgovina s konjeni\u0161ko opremo\",\"publisher\":{\"@id\":\"https:\\\/\\\/clair.si\\\/#organization\"},\"potentialAction\":[{\"@type\":\"SearchAction\",\"target\":{\"@type\":\"EntryPoint\",\"urlTemplate\":\"https:\\\/\\\/clair.si\\\/?s={search_term_string}\"},\"query-input\":{\"@type\":\"PropertyValueSpecification\",\"valueRequired\":true,\"valueName\":\"search_term_string\"}}],\"inLanguage\":\"hr\"},{\"@type\":\"Organization\",\"@id\":\"https:\\\/\\\/clair.si\\\/#organization\",\"name\":\"Clair\",\"url\":\"https:\\\/\\\/clair.si\\\/\",\"logo\":{\"@type\":\"ImageObject\",\"inLanguage\":\"hr\",\"@id\":\"https:\\\/\\\/clair.si\\\/#\\\/schema\\\/logo\\\/image\\\/\",\"url\":\"https:\\\/\\\/clair.si\\\/wp-content\\\/uploads\\\/2022\\\/11\\\/clair_logo_2022.jpg\",\"contentUrl\":\"https:\\\/\\\/clair.si\\\/wp-content\\\/uploads\\\/2022\\\/11\\\/clair_logo_2022.jpg\",\"width\":1920,\"height\":1920,\"caption\":\"Clair\"},\"image\":{\"@id\":\"https:\\\/\\\/clair.si\\\/#\\\/schema\\\/logo\\\/image\\\/\"},\"sameAs\":[\"https:\\\/\\\/www.facebook.com\\\/TrgovinaClair\\\/\"]}]}<\/script>\n<!-- \/ Yoast SEO plugin. -->","yoast_head_json":{"title":"NAF Electro Lytes - Clair","description":"elektroliti u prakti\u010dnom pakiranju","robots":{"index":"index","follow":"follow","max-snippet":"max-snippet:-1","max-image-preview":"max-image-preview:large","max-video-preview":"max-video-preview:-1"},"canonical":"https:\/\/clair.si\/hr\/izdelek\/naf-electro-lytes\/","og_locale":"hr_HR","og_type":"article","og_title":"NAF Electro Lytes - Clair","og_description":"elektroliti u prakti\u010dnom pakiranju","og_url":"https:\/\/clair.si\/hr\/izdelek\/naf-electro-lytes\/","og_site_name":"Clair","article_publisher":"https:\/\/www.facebook.com\/TrgovinaClair\/","article_modified_time":"2026-02-25T16:35:59+00:00","og_image":[{"width":800,"height":800,"url":"https:\/\/clair.si\/wp-content\/uploads\/2026\/02\/electro-lytes-clair-1.webp","type":"image\/jpeg"}],"twitter_card":"summary_large_image","twitter_misc":{"Procijenjeno vrijeme \u010ditanja":"1 minuta"},"schema":{"@context":"https:\/\/schema.org","@graph":[{"@type":"WebPage","@id":"https:\/\/clair.si\/hr\/izdelek\/naf-electro-lytes\/","url":"https:\/\/clair.si\/hr\/izdelek\/naf-electro-lytes\/","name":"NAF Electro Lytes - Clair","isPartOf":{"@id":"https:\/\/clair.si\/#website"},"primaryImageOfPage":{"@id":"https:\/\/clair.si\/hr\/izdelek\/naf-electro-lytes\/#primaryimage"},"image":{"@id":"https:\/\/clair.si\/hr\/izdelek\/naf-electro-lytes\/#primaryimage"},"thumbnailUrl":"https:\/\/clair.si\/wp-content\/uploads\/2026\/02\/electro-lytes-clair-1.webp","datePublished":"2026-02-04T09:56:30+00:00","dateModified":"2026-02-25T16:35:59+00:00","description":"elektroliti u prakti\u010dnom pakiranju","breadcrumb":{"@id":"https:\/\/clair.si\/hr\/izdelek\/naf-electro-lytes\/#breadcrumb"},"inLanguage":"hr","potentialAction":[{"@type":"ReadAction","target":["https:\/\/clair.si\/hr\/izdelek\/naf-electro-lytes\/"]}]},{"@type":"ImageObject","inLanguage":"hr","@id":"https:\/\/clair.si\/hr\/izdelek\/naf-electro-lytes\/#primaryimage","url":"https:\/\/clair.si\/wp-content\/uploads\/2026\/02\/electro-lytes-clair-1.webp","contentUrl":"https:\/\/clair.si\/wp-content\/uploads\/2026\/02\/electro-lytes-clair-1.webp","width":800,"height":800},{"@type":"BreadcrumbList","@id":"https:\/\/clair.si\/hr\/izdelek\/naf-electro-lytes\/#breadcrumb","itemListElement":[{"@type":"ListItem","position":1,"name":"Home","item":"https:\/\/clair.si\/hr\/"},{"@type":"ListItem","position":2,"name":"Trgovina","item":"https:\/\/clair.si\/trgovina\/"},{"@type":"ListItem","position":3,"name":"NAF Electro Lytes"}]},{"@type":"WebSite","@id":"https:\/\/clair.si\/#website","url":"https:\/\/clair.si\/","name":"Clair","description":"Trgovina s konjeni\u0161ko opremo","publisher":{"@id":"https:\/\/clair.si\/#organization"},"potentialAction":[{"@type":"SearchAction","target":{"@type":"EntryPoint","urlTemplate":"https:\/\/clair.si\/?s={search_term_string}"},"query-input":{"@type":"PropertyValueSpecification","valueRequired":true,"valueName":"search_term_string"}}],"inLanguage":"hr"},{"@type":"Organization","@id":"https:\/\/clair.si\/#organization","name":"Clair","url":"https:\/\/clair.si\/","logo":{"@type":"ImageObject","inLanguage":"hr","@id":"https:\/\/clair.si\/#\/schema\/logo\/image\/","url":"https:\/\/clair.si\/wp-content\/uploads\/2022\/11\/clair_logo_2022.jpg","contentUrl":"https:\/\/clair.si\/wp-content\/uploads\/2022\/11\/clair_logo_2022.jpg","width":1920,"height":1920,"caption":"Clair"},"image":{"@id":"https:\/\/clair.si\/#\/schema\/logo\/image\/"},"sameAs":["https:\/\/www.facebook.com\/TrgovinaClair\/"]}]}},"_links":{"self":[{"href":"https:\/\/clair.si\/hr\/wp-json\/wp\/v2\/product\/131556","targetHints":{"allow":["GET"]}}],"collection":[{"href":"https:\/\/clair.si\/hr\/wp-json\/wp\/v2\/product"}],"about":[{"href":"https:\/\/clair.si\/hr\/wp-json\/wp\/v2\/types\/product"}],"version-history":[{"count":1,"href":"https:\/\/clair.si\/hr\/wp-json\/wp\/v2\/product\/131556\/revisions"}],"predecessor-version":[{"id":131644,"href":"https:\/\/clair.si\/hr\/wp-json\/wp\/v2\/product\/131556\/revisions\/131644"}],"wp:featuredmedia":[{"embeddable":true,"href":"https:\/\/clair.si\/hr\/wp-json\/wp\/v2\/media\/131562"}],"wp:attachment":[{"href":"https:\/\/clair.si\/hr\/wp-json\/wp\/v2\/media?parent=131556"}],"wp:term":[{"taxonomy":"product_brand","embeddable":true,"href":"https:\/\/clair.si\/hr\/wp-json\/wp\/v2\/product_brand?post=131556"},{"taxonomy":"product_cat","embeddable":true,"href":"https:\/\/clair.si\/hr\/wp-json\/wp\/v2\/product_cat?post=131556"},{"taxonomy":"product_tag","embeddable":true,"href":"https:\/\/clair.si\/hr\/wp-json\/wp\/v2\/product_tag?post=131556"}],"curies":[{"name":"wp","href":"https:\/\/api.w.org\/{rel}","templated":true}]}}