{"id":131570,"date":"2026-02-04T12:59:18","date_gmt":"2026-02-04T11:59:18","guid":{"rendered":"https:\/\/clair.si\/izdelek\/torbica-za-poslastice-e-t-je-taime\/"},"modified":"2026-02-25T17:35:56","modified_gmt":"2026-02-25T16:35:56","slug":"torbica-za-poslastice-e-t-je-taime","status":"publish","type":"product","link":"https:\/\/clair.si\/hr\/izdelek\/torbica-za-poslastice-e-t-je-taime\/","title":{"rendered":"Torbica za poslastice E-T Je T&#8217;aime"},"content":{"rendered":"<p data-start=\"0\" data-end=\"330\">E-T silikonska torbica za poslastice Je t&#8217;aime prakti\u010dan je dodatak za svakodnevni trening, rad na tlu ili \u0161etnje, kada \u017eelite poslastice brzo pri ruci, bez mrvica po d\u017eepovima. Silikon je lagan, otporan na prljav\u0161tinu i vrlo jednostavan za \u010di\u0161\u0107enje, stoga je idealan za uvjete u \u0161tali, gdje se sve brzo zaprlja. <\/p>\n<p data-start=\"332\" data-end=\"668\">Torbica ima \u0161iroki otvor za jednostavan pristup i <strong>magnetno zatvaranje<\/strong>, kako bi poslastice ostale sigurno unutra. Prilo\u017eena plasti\u010dna kop\u010da omogu\u0107uje brzo pri\u010dvr\u0161\u0107ivanje na pojas, d\u017eep ili torbu, a Je t&#8217;aime logo osigurava simpati\u010dan, prepoznatljiv izgled kolekcije. Materijal je prikladan za kontakt s hranom.  <\/p>\n<p data-start=\"670\" data-end=\"819\"><strong>Dimenzije:<\/strong> pribli\u017eno 13 \u00d7 11 \u00d7 5 cm.<\/p>\n<p data-start=\"670\" data-end=\"819\"><strong>Njega:<\/strong> ru\u010dno pranje u hladnoj vodi, bez su\u0161ilice, su\u0161enje na zraku.<\/p>\n","protected":false},"excerpt":{"rendered":"<ul>\n<li>prakti\u010dna torbica za poslastice<\/li>\n<li>sa kop\u010dom za hla\u010de<\/li>\n<\/ul>\n","protected":false},"featured_media":131571,"template":"","meta":{"footnotes":""},"product_brand":[],"product_cat":[5756,5657,5782,5710,5769],"product_tag":[],"class_list":{"0":"post-131570","1":"product","2":"type-product","3":"status-publish","4":"has-post-thumbnail","6":"product_cat-dodaci-za-stalu","7":"product_cat-kategorije-hr","8":"product_cat-kolacici-i-kamenje-soli","9":"product_cat-hrana-za-konje-hr","10":"product_cat-must-have","12":"first","13":"instock","14":"sale","15":"shipping-taxable","16":"purchasable","17":"product-type-variable"},"yoast_head":"<!-- This site is optimized with the Yoast SEO plugin v27.3 - https:\/\/yoast.com\/product\/yoast-seo-wordpress\/ -->\n<title>Torbica za poslastice E-T Je T&#039;aime - Clair<\/title>\n<meta name=\"description\" content=\"prakti\u010dna torbica za poslastice  sa kop\u010dom za hla\u010de\" \/>\n<meta name=\"robots\" content=\"index, follow, max-snippet:-1, max-image-preview:large, max-video-preview:-1\" \/>\n<link rel=\"canonical\" href=\"https:\/\/clair.si\/hr\/izdelek\/torbica-za-poslastice-e-t-je-taime\/\" \/>\n<meta property=\"og:locale\" content=\"hr_HR\" \/>\n<meta property=\"og:type\" content=\"article\" \/>\n<meta property=\"og:title\" content=\"Torbica za poslastice E-T Je T&#039;aime - Clair\" \/>\n<meta property=\"og:description\" content=\"prakti\u010dna torbica za poslastice  sa kop\u010dom za hla\u010de\" \/>\n<meta property=\"og:url\" content=\"https:\/\/clair.si\/hr\/izdelek\/torbica-za-poslastice-e-t-je-taime\/\" \/>\n<meta property=\"og:site_name\" content=\"Clair\" \/>\n<meta property=\"article:publisher\" content=\"https:\/\/www.facebook.com\/TrgovinaClair\/\" \/>\n<meta property=\"article:modified_time\" content=\"2026-02-25T16:35:56+00:00\" \/>\n<meta property=\"og:image\" content=\"https:\/\/clair.si\/wp-content\/uploads\/2026\/02\/Untitled-design-2026-02-04T130655.879.webp\" \/>\n\t<meta property=\"og:image:width\" content=\"700\" \/>\n\t<meta property=\"og:image:height\" content=\"700\" \/>\n\t<meta property=\"og:image:type\" content=\"image\/png\" \/>\n<meta name=\"twitter:card\" content=\"summary_large_image\" \/>\n<meta name=\"twitter:label1\" content=\"Procijenjeno vrijeme \u010ditanja\" \/>\n\t<meta name=\"twitter:data1\" content=\"1 minuta\" \/>\n<script type=\"application\/ld+json\" class=\"yoast-schema-graph\">{\"@context\":\"https:\\\/\\\/schema.org\",\"@graph\":[{\"@type\":\"WebPage\",\"@id\":\"https:\\\/\\\/clair.si\\\/hr\\\/izdelek\\\/torbica-za-poslastice-e-t-je-taime\\\/\",\"url\":\"https:\\\/\\\/clair.si\\\/hr\\\/izdelek\\\/torbica-za-poslastice-e-t-je-taime\\\/\",\"name\":\"Torbica za poslastice E-T Je T'aime - Clair\",\"isPartOf\":{\"@id\":\"https:\\\/\\\/clair.si\\\/#website\"},\"primaryImageOfPage\":{\"@id\":\"https:\\\/\\\/clair.si\\\/hr\\\/izdelek\\\/torbica-za-poslastice-e-t-je-taime\\\/#primaryimage\"},\"image\":{\"@id\":\"https:\\\/\\\/clair.si\\\/hr\\\/izdelek\\\/torbica-za-poslastice-e-t-je-taime\\\/#primaryimage\"},\"thumbnailUrl\":\"https:\\\/\\\/clair.si\\\/wp-content\\\/uploads\\\/2026\\\/02\\\/Untitled-design-2026-02-04T130655.879.webp\",\"datePublished\":\"2026-02-04T11:59:18+00:00\",\"dateModified\":\"2026-02-25T16:35:56+00:00\",\"description\":\"prakti\u010dna torbica za poslastice sa kop\u010dom za hla\u010de\",\"breadcrumb\":{\"@id\":\"https:\\\/\\\/clair.si\\\/hr\\\/izdelek\\\/torbica-za-poslastice-e-t-je-taime\\\/#breadcrumb\"},\"inLanguage\":\"hr\",\"potentialAction\":[{\"@type\":\"ReadAction\",\"target\":[\"https:\\\/\\\/clair.si\\\/hr\\\/izdelek\\\/torbica-za-poslastice-e-t-je-taime\\\/\"]}]},{\"@type\":\"ImageObject\",\"inLanguage\":\"hr\",\"@id\":\"https:\\\/\\\/clair.si\\\/hr\\\/izdelek\\\/torbica-za-poslastice-e-t-je-taime\\\/#primaryimage\",\"url\":\"https:\\\/\\\/clair.si\\\/wp-content\\\/uploads\\\/2026\\\/02\\\/Untitled-design-2026-02-04T130655.879.webp\",\"contentUrl\":\"https:\\\/\\\/clair.si\\\/wp-content\\\/uploads\\\/2026\\\/02\\\/Untitled-design-2026-02-04T130655.879.webp\",\"width\":700,\"height\":700},{\"@type\":\"BreadcrumbList\",\"@id\":\"https:\\\/\\\/clair.si\\\/hr\\\/izdelek\\\/torbica-za-poslastice-e-t-je-taime\\\/#breadcrumb\",\"itemListElement\":[{\"@type\":\"ListItem\",\"position\":1,\"name\":\"Home\",\"item\":\"https:\\\/\\\/clair.si\\\/hr\\\/\"},{\"@type\":\"ListItem\",\"position\":2,\"name\":\"Trgovina\",\"item\":\"https:\\\/\\\/clair.si\\\/trgovina\\\/\"},{\"@type\":\"ListItem\",\"position\":3,\"name\":\"Torbica za poslastice E-T Je T&#8217;aime\"}]},{\"@type\":\"WebSite\",\"@id\":\"https:\\\/\\\/clair.si\\\/#website\",\"url\":\"https:\\\/\\\/clair.si\\\/\",\"name\":\"Clair\",\"description\":\"Trgovina s konjeni\u0161ko opremo\",\"publisher\":{\"@id\":\"https:\\\/\\\/clair.si\\\/#organization\"},\"potentialAction\":[{\"@type\":\"SearchAction\",\"target\":{\"@type\":\"EntryPoint\",\"urlTemplate\":\"https:\\\/\\\/clair.si\\\/?s={search_term_string}\"},\"query-input\":{\"@type\":\"PropertyValueSpecification\",\"valueRequired\":true,\"valueName\":\"search_term_string\"}}],\"inLanguage\":\"hr\"},{\"@type\":\"Organization\",\"@id\":\"https:\\\/\\\/clair.si\\\/#organization\",\"name\":\"Clair\",\"url\":\"https:\\\/\\\/clair.si\\\/\",\"logo\":{\"@type\":\"ImageObject\",\"inLanguage\":\"hr\",\"@id\":\"https:\\\/\\\/clair.si\\\/#\\\/schema\\\/logo\\\/image\\\/\",\"url\":\"https:\\\/\\\/clair.si\\\/wp-content\\\/uploads\\\/2022\\\/11\\\/clair_logo_2022.jpg\",\"contentUrl\":\"https:\\\/\\\/clair.si\\\/wp-content\\\/uploads\\\/2022\\\/11\\\/clair_logo_2022.jpg\",\"width\":1920,\"height\":1920,\"caption\":\"Clair\"},\"image\":{\"@id\":\"https:\\\/\\\/clair.si\\\/#\\\/schema\\\/logo\\\/image\\\/\"},\"sameAs\":[\"https:\\\/\\\/www.facebook.com\\\/TrgovinaClair\\\/\"]}]}<\/script>\n<!-- \/ Yoast SEO plugin. -->","yoast_head_json":{"title":"Torbica za poslastice E-T Je T'aime - Clair","description":"prakti\u010dna torbica za poslastice  sa kop\u010dom za hla\u010de","robots":{"index":"index","follow":"follow","max-snippet":"max-snippet:-1","max-image-preview":"max-image-preview:large","max-video-preview":"max-video-preview:-1"},"canonical":"https:\/\/clair.si\/hr\/izdelek\/torbica-za-poslastice-e-t-je-taime\/","og_locale":"hr_HR","og_type":"article","og_title":"Torbica za poslastice E-T Je T'aime - Clair","og_description":"prakti\u010dna torbica za poslastice  sa kop\u010dom za hla\u010de","og_url":"https:\/\/clair.si\/hr\/izdelek\/torbica-za-poslastice-e-t-je-taime\/","og_site_name":"Clair","article_publisher":"https:\/\/www.facebook.com\/TrgovinaClair\/","article_modified_time":"2026-02-25T16:35:56+00:00","og_image":[{"width":700,"height":700,"url":"https:\/\/clair.si\/wp-content\/uploads\/2026\/02\/Untitled-design-2026-02-04T130655.879.webp","type":"image\/png"}],"twitter_card":"summary_large_image","twitter_misc":{"Procijenjeno vrijeme \u010ditanja":"1 minuta"},"schema":{"@context":"https:\/\/schema.org","@graph":[{"@type":"WebPage","@id":"https:\/\/clair.si\/hr\/izdelek\/torbica-za-poslastice-e-t-je-taime\/","url":"https:\/\/clair.si\/hr\/izdelek\/torbica-za-poslastice-e-t-je-taime\/","name":"Torbica za poslastice E-T Je T'aime - Clair","isPartOf":{"@id":"https:\/\/clair.si\/#website"},"primaryImageOfPage":{"@id":"https:\/\/clair.si\/hr\/izdelek\/torbica-za-poslastice-e-t-je-taime\/#primaryimage"},"image":{"@id":"https:\/\/clair.si\/hr\/izdelek\/torbica-za-poslastice-e-t-je-taime\/#primaryimage"},"thumbnailUrl":"https:\/\/clair.si\/wp-content\/uploads\/2026\/02\/Untitled-design-2026-02-04T130655.879.webp","datePublished":"2026-02-04T11:59:18+00:00","dateModified":"2026-02-25T16:35:56+00:00","description":"prakti\u010dna torbica za poslastice sa kop\u010dom za hla\u010de","breadcrumb":{"@id":"https:\/\/clair.si\/hr\/izdelek\/torbica-za-poslastice-e-t-je-taime\/#breadcrumb"},"inLanguage":"hr","potentialAction":[{"@type":"ReadAction","target":["https:\/\/clair.si\/hr\/izdelek\/torbica-za-poslastice-e-t-je-taime\/"]}]},{"@type":"ImageObject","inLanguage":"hr","@id":"https:\/\/clair.si\/hr\/izdelek\/torbica-za-poslastice-e-t-je-taime\/#primaryimage","url":"https:\/\/clair.si\/wp-content\/uploads\/2026\/02\/Untitled-design-2026-02-04T130655.879.webp","contentUrl":"https:\/\/clair.si\/wp-content\/uploads\/2026\/02\/Untitled-design-2026-02-04T130655.879.webp","width":700,"height":700},{"@type":"BreadcrumbList","@id":"https:\/\/clair.si\/hr\/izdelek\/torbica-za-poslastice-e-t-je-taime\/#breadcrumb","itemListElement":[{"@type":"ListItem","position":1,"name":"Home","item":"https:\/\/clair.si\/hr\/"},{"@type":"ListItem","position":2,"name":"Trgovina","item":"https:\/\/clair.si\/trgovina\/"},{"@type":"ListItem","position":3,"name":"Torbica za poslastice E-T Je T&#8217;aime"}]},{"@type":"WebSite","@id":"https:\/\/clair.si\/#website","url":"https:\/\/clair.si\/","name":"Clair","description":"Trgovina s konjeni\u0161ko opremo","publisher":{"@id":"https:\/\/clair.si\/#organization"},"potentialAction":[{"@type":"SearchAction","target":{"@type":"EntryPoint","urlTemplate":"https:\/\/clair.si\/?s={search_term_string}"},"query-input":{"@type":"PropertyValueSpecification","valueRequired":true,"valueName":"search_term_string"}}],"inLanguage":"hr"},{"@type":"Organization","@id":"https:\/\/clair.si\/#organization","name":"Clair","url":"https:\/\/clair.si\/","logo":{"@type":"ImageObject","inLanguage":"hr","@id":"https:\/\/clair.si\/#\/schema\/logo\/image\/","url":"https:\/\/clair.si\/wp-content\/uploads\/2022\/11\/clair_logo_2022.jpg","contentUrl":"https:\/\/clair.si\/wp-content\/uploads\/2022\/11\/clair_logo_2022.jpg","width":1920,"height":1920,"caption":"Clair"},"image":{"@id":"https:\/\/clair.si\/#\/schema\/logo\/image\/"},"sameAs":["https:\/\/www.facebook.com\/TrgovinaClair\/"]}]}},"_links":{"self":[{"href":"https:\/\/clair.si\/hr\/wp-json\/wp\/v2\/product\/131570","targetHints":{"allow":["GET"]}}],"collection":[{"href":"https:\/\/clair.si\/hr\/wp-json\/wp\/v2\/product"}],"about":[{"href":"https:\/\/clair.si\/hr\/wp-json\/wp\/v2\/types\/product"}],"version-history":[{"count":1,"href":"https:\/\/clair.si\/hr\/wp-json\/wp\/v2\/product\/131570\/revisions"}],"predecessor-version":[{"id":131641,"href":"https:\/\/clair.si\/hr\/wp-json\/wp\/v2\/product\/131570\/revisions\/131641"}],"wp:featuredmedia":[{"embeddable":true,"href":"https:\/\/clair.si\/hr\/wp-json\/wp\/v2\/media\/131571"}],"wp:attachment":[{"href":"https:\/\/clair.si\/hr\/wp-json\/wp\/v2\/media?parent=131570"}],"wp:term":[{"taxonomy":"product_brand","embeddable":true,"href":"https:\/\/clair.si\/hr\/wp-json\/wp\/v2\/product_brand?post=131570"},{"taxonomy":"product_cat","embeddable":true,"href":"https:\/\/clair.si\/hr\/wp-json\/wp\/v2\/product_cat?post=131570"},{"taxonomy":"product_tag","embeddable":true,"href":"https:\/\/clair.si\/hr\/wp-json\/wp\/v2\/product_tag?post=131570"}],"curies":[{"name":"wp","href":"https:\/\/api.w.org\/{rel}","templated":true}]}}