{"id":131574,"date":"2026-02-04T12:43:11","date_gmt":"2026-02-04T11:43:11","guid":{"rendered":"https:\/\/clair.si\/izdelek\/zimska-deka-kavalkade-alaska-petrol-iv-300g\/"},"modified":"2026-02-25T17:35:57","modified_gmt":"2026-02-25T16:35:57","slug":"zimska-deka-kavalkade-alaska-petrol-iv-300g","status":"publish","type":"product","link":"https:\/\/clair.si\/hr\/izdelek\/zimska-deka-kavalkade-alaska-petrol-iv-300g\/","title":{"rendered":"Zimska deka Kavalkade Alaska Petrol IV 300g"},"content":{"rendered":"<p>Chic zimska deka za konje, <strong>otporna na ki\u0161u i vjetar!<\/strong><\/p>\n<p><span class=\"HwtZe\" lang=\"sl\"><span class=\"jCAhz\"><span class=\"ryNqvb\">Zimska deka je <strong>otporna i na kidanje i habanje<\/strong>, zahvaljuju\u0107i tkanini <strong>1200 DEN ripstop<\/strong>. Zatvoreni u\u0161iveni umetak na obje strane prednjih konjskih nogu osigurava vi\u0161e prostora i ve\u0107u udobnost te slobodu kretanja. <\/span><\/span><\/span><\/p>\n<p><span class=\"HwtZe\" lang=\"sl\"><span class=\"jCAhz\"><span class=\"ryNqvb\">Kop\u010danje na prsima sastoji se od Velcro \u010di\u010dka i dodatnih metalnih kop\u010di za <strong>optimalno prianjanje<\/strong>. Kri\u017eni trbu\u0161ni remeni i remen za pri\u010dvr\u0161\u0107ivanje ispod repa sprje\u010davaju da ovaj zimski pokriva\u010d Kavalkade Alaska IV 300g sklizne s konja i tako osiguravaju sigurno prianjanje.  <\/span><\/span><\/span><\/p>\n<p><span class=\"HwtZe\" lang=\"sl\"><span class=\"jCAhz\"><span class=\"ryNqvb\"><strong>Materijal:<\/strong> 100% poliester<\/span><\/span><\/span><\/p>\n<p><span class=\"HwtZe\" lang=\"sl\"><span class=\"jCAhz\"><span class=\"ryNqvb\"><strong>Punjenje:<\/strong> 300g<\/span><\/span><\/span><\/p>\n<p><span class=\"HwtZe\" lang=\"sl\"><span class=\"jCAhz\"><span class=\"ryNqvb\"><strong>Upute za njegu:<\/strong> Perivo u perilici do 30 \u00b0C. Osjetljivo ili nje\u017eno pranje.<\/span><\/span><\/span><\/p>\n","protected":false},"excerpt":{"rendered":"<ul>\n<li>zimska deka &#8211; 300g<\/li>\n<li>izvrsno pristajanje u podru\u010dju grebena<\/li>\n<li>dobra deka za konje \u0161irokih prsa<\/li>\n<\/ul>\n","protected":false},"featured_media":131575,"template":"","meta":{"footnotes":""},"product_brand":[],"product_cat":[5692,5624,5802],"product_tag":[],"class_list":{"0":"post-131574","1":"product","2":"type-product","3":"status-publish","4":"has-post-thumbnail","6":"product_cat-pokrivaci","7":"product_cat-konj-hr","8":"product_cat-zimski-deke","10":"first","11":"instock","12":"sale","13":"shipping-taxable","14":"purchasable","15":"product-type-variable"},"yoast_head":"<!-- This site is optimized with the Yoast SEO plugin v27.4 - https:\/\/yoast.com\/product\/yoast-seo-wordpress\/ -->\n<title>Zimska deka Kavalkade Alaska Petrol IV 300g - Clair<\/title>\n<meta name=\"description\" content=\"zimska deka - 300g  izvrsno pristajanje u podru\u010dju grebena  dobra deka za konje \u0161irokih prsa\" \/>\n<meta name=\"robots\" content=\"index, follow, max-snippet:-1, max-image-preview:large, max-video-preview:-1\" \/>\n<link rel=\"canonical\" href=\"https:\/\/clair.si\/hr\/izdelek\/zimska-deka-kavalkade-alaska-petrol-iv-300g\/\" \/>\n<meta property=\"og:locale\" content=\"hr_HR\" \/>\n<meta property=\"og:type\" content=\"article\" \/>\n<meta property=\"og:title\" content=\"Zimska deka Kavalkade Alaska Petrol IV 300g - Clair\" \/>\n<meta property=\"og:description\" content=\"zimska deka - 300g  izvrsno pristajanje u podru\u010dju grebena  dobra deka za konje \u0161irokih prsa\" \/>\n<meta property=\"og:url\" content=\"https:\/\/clair.si\/hr\/izdelek\/zimska-deka-kavalkade-alaska-petrol-iv-300g\/\" \/>\n<meta property=\"og:site_name\" content=\"Clair\" \/>\n<meta property=\"article:publisher\" content=\"https:\/\/www.facebook.com\/TrgovinaClair\/\" \/>\n<meta property=\"article:modified_time\" content=\"2026-02-25T16:35:57+00:00\" \/>\n<meta property=\"og:image\" content=\"https:\/\/clair.si\/wp-content\/uploads\/2026\/02\/46402_11.webp\" \/>\n\t<meta property=\"og:image:width\" content=\"800\" \/>\n\t<meta property=\"og:image:height\" content=\"800\" \/>\n\t<meta property=\"og:image:type\" content=\"image\/jpeg\" \/>\n<meta name=\"twitter:card\" content=\"summary_large_image\" \/>\n<meta name=\"twitter:label1\" content=\"Procijenjeno vrijeme \u010ditanja\" \/>\n\t<meta name=\"twitter:data1\" content=\"1 minuta\" \/>\n<script type=\"application\/ld+json\" class=\"yoast-schema-graph\">{\"@context\":\"https:\\\/\\\/schema.org\",\"@graph\":[{\"@type\":\"WebPage\",\"@id\":\"https:\\\/\\\/clair.si\\\/hr\\\/izdelek\\\/zimska-deka-kavalkade-alaska-petrol-iv-300g\\\/\",\"url\":\"https:\\\/\\\/clair.si\\\/hr\\\/izdelek\\\/zimska-deka-kavalkade-alaska-petrol-iv-300g\\\/\",\"name\":\"Zimska deka Kavalkade Alaska Petrol IV 300g - Clair\",\"isPartOf\":{\"@id\":\"https:\\\/\\\/clair.si\\\/#website\"},\"primaryImageOfPage\":{\"@id\":\"https:\\\/\\\/clair.si\\\/hr\\\/izdelek\\\/zimska-deka-kavalkade-alaska-petrol-iv-300g\\\/#primaryimage\"},\"image\":{\"@id\":\"https:\\\/\\\/clair.si\\\/hr\\\/izdelek\\\/zimska-deka-kavalkade-alaska-petrol-iv-300g\\\/#primaryimage\"},\"thumbnailUrl\":\"https:\\\/\\\/clair.si\\\/wp-content\\\/uploads\\\/2026\\\/02\\\/46402_11.webp\",\"datePublished\":\"2026-02-04T11:43:11+00:00\",\"dateModified\":\"2026-02-25T16:35:57+00:00\",\"description\":\"zimska deka - 300g izvrsno pristajanje u podru\u010dju grebena dobra deka za konje \u0161irokih prsa\",\"breadcrumb\":{\"@id\":\"https:\\\/\\\/clair.si\\\/hr\\\/izdelek\\\/zimska-deka-kavalkade-alaska-petrol-iv-300g\\\/#breadcrumb\"},\"inLanguage\":\"hr\",\"potentialAction\":[{\"@type\":\"ReadAction\",\"target\":[\"https:\\\/\\\/clair.si\\\/hr\\\/izdelek\\\/zimska-deka-kavalkade-alaska-petrol-iv-300g\\\/\"]}]},{\"@type\":\"ImageObject\",\"inLanguage\":\"hr\",\"@id\":\"https:\\\/\\\/clair.si\\\/hr\\\/izdelek\\\/zimska-deka-kavalkade-alaska-petrol-iv-300g\\\/#primaryimage\",\"url\":\"https:\\\/\\\/clair.si\\\/wp-content\\\/uploads\\\/2026\\\/02\\\/46402_11.webp\",\"contentUrl\":\"https:\\\/\\\/clair.si\\\/wp-content\\\/uploads\\\/2026\\\/02\\\/46402_11.webp\",\"width\":800,\"height\":800},{\"@type\":\"BreadcrumbList\",\"@id\":\"https:\\\/\\\/clair.si\\\/hr\\\/izdelek\\\/zimska-deka-kavalkade-alaska-petrol-iv-300g\\\/#breadcrumb\",\"itemListElement\":[{\"@type\":\"ListItem\",\"position\":1,\"name\":\"Home\",\"item\":\"https:\\\/\\\/clair.si\\\/hr\\\/\"},{\"@type\":\"ListItem\",\"position\":2,\"name\":\"Trgovina\",\"item\":\"https:\\\/\\\/clair.si\\\/trgovina\\\/\"},{\"@type\":\"ListItem\",\"position\":3,\"name\":\"Zimska deka Kavalkade Alaska Petrol IV 300g\"}]},{\"@type\":\"WebSite\",\"@id\":\"https:\\\/\\\/clair.si\\\/#website\",\"url\":\"https:\\\/\\\/clair.si\\\/\",\"name\":\"Clair\",\"description\":\"Trgovina s konjeni\u0161ko opremo\",\"publisher\":{\"@id\":\"https:\\\/\\\/clair.si\\\/#organization\"},\"potentialAction\":[{\"@type\":\"SearchAction\",\"target\":{\"@type\":\"EntryPoint\",\"urlTemplate\":\"https:\\\/\\\/clair.si\\\/?s={search_term_string}\"},\"query-input\":{\"@type\":\"PropertyValueSpecification\",\"valueRequired\":true,\"valueName\":\"search_term_string\"}}],\"inLanguage\":\"hr\"},{\"@type\":\"Organization\",\"@id\":\"https:\\\/\\\/clair.si\\\/#organization\",\"name\":\"Clair\",\"url\":\"https:\\\/\\\/clair.si\\\/\",\"logo\":{\"@type\":\"ImageObject\",\"inLanguage\":\"hr\",\"@id\":\"https:\\\/\\\/clair.si\\\/#\\\/schema\\\/logo\\\/image\\\/\",\"url\":\"https:\\\/\\\/clair.si\\\/wp-content\\\/uploads\\\/2022\\\/11\\\/clair_logo_2022.jpg\",\"contentUrl\":\"https:\\\/\\\/clair.si\\\/wp-content\\\/uploads\\\/2022\\\/11\\\/clair_logo_2022.jpg\",\"width\":1920,\"height\":1920,\"caption\":\"Clair\"},\"image\":{\"@id\":\"https:\\\/\\\/clair.si\\\/#\\\/schema\\\/logo\\\/image\\\/\"},\"sameAs\":[\"https:\\\/\\\/www.facebook.com\\\/TrgovinaClair\\\/\"]}]}<\/script>\n<!-- \/ Yoast SEO plugin. -->","yoast_head_json":{"title":"Zimska deka Kavalkade Alaska Petrol IV 300g - Clair","description":"zimska deka - 300g  izvrsno pristajanje u podru\u010dju grebena  dobra deka za konje \u0161irokih prsa","robots":{"index":"index","follow":"follow","max-snippet":"max-snippet:-1","max-image-preview":"max-image-preview:large","max-video-preview":"max-video-preview:-1"},"canonical":"https:\/\/clair.si\/hr\/izdelek\/zimska-deka-kavalkade-alaska-petrol-iv-300g\/","og_locale":"hr_HR","og_type":"article","og_title":"Zimska deka Kavalkade Alaska Petrol IV 300g - Clair","og_description":"zimska deka - 300g  izvrsno pristajanje u podru\u010dju grebena  dobra deka za konje \u0161irokih prsa","og_url":"https:\/\/clair.si\/hr\/izdelek\/zimska-deka-kavalkade-alaska-petrol-iv-300g\/","og_site_name":"Clair","article_publisher":"https:\/\/www.facebook.com\/TrgovinaClair\/","article_modified_time":"2026-02-25T16:35:57+00:00","og_image":[{"width":800,"height":800,"url":"https:\/\/clair.si\/wp-content\/uploads\/2026\/02\/46402_11.webp","type":"image\/jpeg"}],"twitter_card":"summary_large_image","twitter_misc":{"Procijenjeno vrijeme \u010ditanja":"1 minuta"},"schema":{"@context":"https:\/\/schema.org","@graph":[{"@type":"WebPage","@id":"https:\/\/clair.si\/hr\/izdelek\/zimska-deka-kavalkade-alaska-petrol-iv-300g\/","url":"https:\/\/clair.si\/hr\/izdelek\/zimska-deka-kavalkade-alaska-petrol-iv-300g\/","name":"Zimska deka Kavalkade Alaska Petrol IV 300g - Clair","isPartOf":{"@id":"https:\/\/clair.si\/#website"},"primaryImageOfPage":{"@id":"https:\/\/clair.si\/hr\/izdelek\/zimska-deka-kavalkade-alaska-petrol-iv-300g\/#primaryimage"},"image":{"@id":"https:\/\/clair.si\/hr\/izdelek\/zimska-deka-kavalkade-alaska-petrol-iv-300g\/#primaryimage"},"thumbnailUrl":"https:\/\/clair.si\/wp-content\/uploads\/2026\/02\/46402_11.webp","datePublished":"2026-02-04T11:43:11+00:00","dateModified":"2026-02-25T16:35:57+00:00","description":"zimska deka - 300g izvrsno pristajanje u podru\u010dju grebena dobra deka za konje \u0161irokih prsa","breadcrumb":{"@id":"https:\/\/clair.si\/hr\/izdelek\/zimska-deka-kavalkade-alaska-petrol-iv-300g\/#breadcrumb"},"inLanguage":"hr","potentialAction":[{"@type":"ReadAction","target":["https:\/\/clair.si\/hr\/izdelek\/zimska-deka-kavalkade-alaska-petrol-iv-300g\/"]}]},{"@type":"ImageObject","inLanguage":"hr","@id":"https:\/\/clair.si\/hr\/izdelek\/zimska-deka-kavalkade-alaska-petrol-iv-300g\/#primaryimage","url":"https:\/\/clair.si\/wp-content\/uploads\/2026\/02\/46402_11.webp","contentUrl":"https:\/\/clair.si\/wp-content\/uploads\/2026\/02\/46402_11.webp","width":800,"height":800},{"@type":"BreadcrumbList","@id":"https:\/\/clair.si\/hr\/izdelek\/zimska-deka-kavalkade-alaska-petrol-iv-300g\/#breadcrumb","itemListElement":[{"@type":"ListItem","position":1,"name":"Home","item":"https:\/\/clair.si\/hr\/"},{"@type":"ListItem","position":2,"name":"Trgovina","item":"https:\/\/clair.si\/trgovina\/"},{"@type":"ListItem","position":3,"name":"Zimska deka Kavalkade Alaska Petrol IV 300g"}]},{"@type":"WebSite","@id":"https:\/\/clair.si\/#website","url":"https:\/\/clair.si\/","name":"Clair","description":"Trgovina s konjeni\u0161ko opremo","publisher":{"@id":"https:\/\/clair.si\/#organization"},"potentialAction":[{"@type":"SearchAction","target":{"@type":"EntryPoint","urlTemplate":"https:\/\/clair.si\/?s={search_term_string}"},"query-input":{"@type":"PropertyValueSpecification","valueRequired":true,"valueName":"search_term_string"}}],"inLanguage":"hr"},{"@type":"Organization","@id":"https:\/\/clair.si\/#organization","name":"Clair","url":"https:\/\/clair.si\/","logo":{"@type":"ImageObject","inLanguage":"hr","@id":"https:\/\/clair.si\/#\/schema\/logo\/image\/","url":"https:\/\/clair.si\/wp-content\/uploads\/2022\/11\/clair_logo_2022.jpg","contentUrl":"https:\/\/clair.si\/wp-content\/uploads\/2022\/11\/clair_logo_2022.jpg","width":1920,"height":1920,"caption":"Clair"},"image":{"@id":"https:\/\/clair.si\/#\/schema\/logo\/image\/"},"sameAs":["https:\/\/www.facebook.com\/TrgovinaClair\/"]}]}},"_links":{"self":[{"href":"https:\/\/clair.si\/hr\/wp-json\/wp\/v2\/product\/131574","targetHints":{"allow":["GET"]}}],"collection":[{"href":"https:\/\/clair.si\/hr\/wp-json\/wp\/v2\/product"}],"about":[{"href":"https:\/\/clair.si\/hr\/wp-json\/wp\/v2\/types\/product"}],"version-history":[{"count":1,"href":"https:\/\/clair.si\/hr\/wp-json\/wp\/v2\/product\/131574\/revisions"}],"predecessor-version":[{"id":131642,"href":"https:\/\/clair.si\/hr\/wp-json\/wp\/v2\/product\/131574\/revisions\/131642"}],"wp:featuredmedia":[{"embeddable":true,"href":"https:\/\/clair.si\/hr\/wp-json\/wp\/v2\/media\/131575"}],"wp:attachment":[{"href":"https:\/\/clair.si\/hr\/wp-json\/wp\/v2\/media?parent=131574"}],"wp:term":[{"taxonomy":"product_brand","embeddable":true,"href":"https:\/\/clair.si\/hr\/wp-json\/wp\/v2\/product_brand?post=131574"},{"taxonomy":"product_cat","embeddable":true,"href":"https:\/\/clair.si\/hr\/wp-json\/wp\/v2\/product_cat?post=131574"},{"taxonomy":"product_tag","embeddable":true,"href":"https:\/\/clair.si\/hr\/wp-json\/wp\/v2\/product_tag?post=131574"}],"curies":[{"name":"wp","href":"https:\/\/api.w.org\/{rel}","templated":true}]}}