{"id":131657,"date":"2026-02-05T13:32:45","date_gmt":"2026-02-05T12:32:45","guid":{"rendered":"https:\/\/clair.si\/izdelek\/cetka-za-grivu-e-t-je-taime-neon\/"},"modified":"2026-02-05T13:32:45","modified_gmt":"2026-02-05T12:32:45","slug":"cetka-za-grivu-e-t-je-taime-neon","status":"publish","type":"product","link":"https:\/\/clair.si\/hr\/izdelek\/cetka-za-grivu-e-t-je-taime-neon\/","title":{"rendered":"\u010cetka za grivu E-T Je t&#8217;aime Neon"},"content":{"rendered":"<p>\u010cetka za grivu E-T Je t&#8217;aime Neon napravljena je za brzo, nje\u017eno ra\u0161\u010de\u0161ljavanje bez nepotrebnog \u010dupanja. Ima ve\u0107u, okruglu glavu i udobnu dr\u0161ku, stoga lijepo le\u017ei u ruci i prakti\u010dna je za svakodnevnu njegu u staji ili na natjecanjima. Plasti\u010dne \u010dekinje su istovremeno mek\u0161e i dovoljno izdr\u017eljive da se dobro snalaze i kod gu\u0161\u0107e grive ili repa, a da pritom nisu &#8220;agresivne&#8221; prema dlaci.  <\/p>\n","protected":false},"excerpt":{"rendered":"<ul>\n<li>\u010detka za grivu u neonskim nijansama<\/li>\n<\/ul>\n","protected":false},"featured_media":129739,"template":"","meta":{"footnotes":""},"product_brand":[],"product_cat":[5630,5626,5624,5769,5629,5625,5628,5627],"product_tag":[],"class_list":{"0":"post-131657","1":"product","2":"type-product","3":"status-publish","4":"has-post-thumbnail","6":"product_cat-cetke-hr","7":"product_cat-cetke","8":"product_cat-konj-hr","9":"product_cat-must-have","10":"product_cat-njega-grive-i-repa","11":"product_cat-njega-konja","12":"product_cat-njega-konja-hr","13":"product_cat-stala-i-pasnjak","15":"first","16":"instock","17":"shipping-taxable","18":"purchasable","19":"product-type-variable"},"yoast_head":"<!-- This site is optimized with the Yoast SEO plugin v27.4 - https:\/\/yoast.com\/product\/yoast-seo-wordpress\/ -->\n<title>\u010cetka za grivu E-T Je t&#039;aime Neon - Clair<\/title>\n<meta name=\"description\" content=\"\u010detka za grivu u neonskim nijansama\" \/>\n<meta name=\"robots\" content=\"index, follow, max-snippet:-1, max-image-preview:large, max-video-preview:-1\" \/>\n<link rel=\"canonical\" href=\"https:\/\/clair.si\/hr\/izdelek\/cetka-za-grivu-e-t-je-taime-neon\/\" \/>\n<meta property=\"og:locale\" content=\"hr_HR\" \/>\n<meta property=\"og:type\" content=\"article\" \/>\n<meta property=\"og:title\" content=\"\u010cetka za grivu E-T Je t&#039;aime Neon - Clair\" \/>\n<meta property=\"og:description\" content=\"\u010detka za grivu u neonskim nijansama\" \/>\n<meta property=\"og:url\" content=\"https:\/\/clair.si\/hr\/izdelek\/cetka-za-grivu-e-t-je-taime-neon\/\" \/>\n<meta property=\"og:site_name\" content=\"Clair\" \/>\n<meta property=\"article:publisher\" content=\"https:\/\/www.facebook.com\/TrgovinaClair\/\" \/>\n<meta property=\"og:image\" content=\"https:\/\/clair.si\/wp-content\/uploads\/2026\/02\/mint-krtaca.webp\" \/>\n\t<meta property=\"og:image:width\" content=\"700\" \/>\n\t<meta property=\"og:image:height\" content=\"700\" \/>\n\t<meta property=\"og:image:type\" content=\"image\/png\" \/>\n<meta name=\"twitter:card\" content=\"summary_large_image\" \/>\n<script type=\"application\/ld+json\" class=\"yoast-schema-graph\">{\"@context\":\"https:\\\/\\\/schema.org\",\"@graph\":[{\"@type\":\"WebPage\",\"@id\":\"https:\\\/\\\/clair.si\\\/hr\\\/izdelek\\\/cetka-za-grivu-e-t-je-taime-neon\\\/\",\"url\":\"https:\\\/\\\/clair.si\\\/hr\\\/izdelek\\\/cetka-za-grivu-e-t-je-taime-neon\\\/\",\"name\":\"\u010cetka za grivu E-T Je t'aime Neon - Clair\",\"isPartOf\":{\"@id\":\"https:\\\/\\\/clair.si\\\/#website\"},\"primaryImageOfPage\":{\"@id\":\"https:\\\/\\\/clair.si\\\/hr\\\/izdelek\\\/cetka-za-grivu-e-t-je-taime-neon\\\/#primaryimage\"},\"image\":{\"@id\":\"https:\\\/\\\/clair.si\\\/hr\\\/izdelek\\\/cetka-za-grivu-e-t-je-taime-neon\\\/#primaryimage\"},\"thumbnailUrl\":\"https:\\\/\\\/clair.si\\\/wp-content\\\/uploads\\\/2026\\\/02\\\/mint-krtaca.webp\",\"datePublished\":\"2026-02-05T12:32:45+00:00\",\"description\":\"\u010detka za grivu u neonskim nijansama\",\"breadcrumb\":{\"@id\":\"https:\\\/\\\/clair.si\\\/hr\\\/izdelek\\\/cetka-za-grivu-e-t-je-taime-neon\\\/#breadcrumb\"},\"inLanguage\":\"hr\",\"potentialAction\":[{\"@type\":\"ReadAction\",\"target\":[\"https:\\\/\\\/clair.si\\\/hr\\\/izdelek\\\/cetka-za-grivu-e-t-je-taime-neon\\\/\"]}]},{\"@type\":\"ImageObject\",\"inLanguage\":\"hr\",\"@id\":\"https:\\\/\\\/clair.si\\\/hr\\\/izdelek\\\/cetka-za-grivu-e-t-je-taime-neon\\\/#primaryimage\",\"url\":\"https:\\\/\\\/clair.si\\\/wp-content\\\/uploads\\\/2026\\\/02\\\/mint-krtaca.webp\",\"contentUrl\":\"https:\\\/\\\/clair.si\\\/wp-content\\\/uploads\\\/2026\\\/02\\\/mint-krtaca.webp\",\"width\":700,\"height\":700},{\"@type\":\"BreadcrumbList\",\"@id\":\"https:\\\/\\\/clair.si\\\/hr\\\/izdelek\\\/cetka-za-grivu-e-t-je-taime-neon\\\/#breadcrumb\",\"itemListElement\":[{\"@type\":\"ListItem\",\"position\":1,\"name\":\"Home\",\"item\":\"https:\\\/\\\/clair.si\\\/hr\\\/\"},{\"@type\":\"ListItem\",\"position\":2,\"name\":\"Trgovina\",\"item\":\"https:\\\/\\\/clair.si\\\/trgovina\\\/\"},{\"@type\":\"ListItem\",\"position\":3,\"name\":\"\u010cetka za grivu E-T Je t&#8217;aime Neon\"}]},{\"@type\":\"WebSite\",\"@id\":\"https:\\\/\\\/clair.si\\\/#website\",\"url\":\"https:\\\/\\\/clair.si\\\/\",\"name\":\"Clair\",\"description\":\"Trgovina s konjeni\u0161ko opremo\",\"publisher\":{\"@id\":\"https:\\\/\\\/clair.si\\\/#organization\"},\"potentialAction\":[{\"@type\":\"SearchAction\",\"target\":{\"@type\":\"EntryPoint\",\"urlTemplate\":\"https:\\\/\\\/clair.si\\\/?s={search_term_string}\"},\"query-input\":{\"@type\":\"PropertyValueSpecification\",\"valueRequired\":true,\"valueName\":\"search_term_string\"}}],\"inLanguage\":\"hr\"},{\"@type\":\"Organization\",\"@id\":\"https:\\\/\\\/clair.si\\\/#organization\",\"name\":\"Clair\",\"url\":\"https:\\\/\\\/clair.si\\\/\",\"logo\":{\"@type\":\"ImageObject\",\"inLanguage\":\"hr\",\"@id\":\"https:\\\/\\\/clair.si\\\/#\\\/schema\\\/logo\\\/image\\\/\",\"url\":\"https:\\\/\\\/clair.si\\\/wp-content\\\/uploads\\\/2022\\\/11\\\/clair_logo_2022.jpg\",\"contentUrl\":\"https:\\\/\\\/clair.si\\\/wp-content\\\/uploads\\\/2022\\\/11\\\/clair_logo_2022.jpg\",\"width\":1920,\"height\":1920,\"caption\":\"Clair\"},\"image\":{\"@id\":\"https:\\\/\\\/clair.si\\\/#\\\/schema\\\/logo\\\/image\\\/\"},\"sameAs\":[\"https:\\\/\\\/www.facebook.com\\\/TrgovinaClair\\\/\"]}]}<\/script>\n<!-- \/ Yoast SEO plugin. -->","yoast_head_json":{"title":"\u010cetka za grivu E-T Je t'aime Neon - Clair","description":"\u010detka za grivu u neonskim nijansama","robots":{"index":"index","follow":"follow","max-snippet":"max-snippet:-1","max-image-preview":"max-image-preview:large","max-video-preview":"max-video-preview:-1"},"canonical":"https:\/\/clair.si\/hr\/izdelek\/cetka-za-grivu-e-t-je-taime-neon\/","og_locale":"hr_HR","og_type":"article","og_title":"\u010cetka za grivu E-T Je t'aime Neon - Clair","og_description":"\u010detka za grivu u neonskim nijansama","og_url":"https:\/\/clair.si\/hr\/izdelek\/cetka-za-grivu-e-t-je-taime-neon\/","og_site_name":"Clair","article_publisher":"https:\/\/www.facebook.com\/TrgovinaClair\/","og_image":[{"width":700,"height":700,"url":"https:\/\/clair.si\/wp-content\/uploads\/2026\/02\/mint-krtaca.webp","type":"image\/png"}],"twitter_card":"summary_large_image","schema":{"@context":"https:\/\/schema.org","@graph":[{"@type":"WebPage","@id":"https:\/\/clair.si\/hr\/izdelek\/cetka-za-grivu-e-t-je-taime-neon\/","url":"https:\/\/clair.si\/hr\/izdelek\/cetka-za-grivu-e-t-je-taime-neon\/","name":"\u010cetka za grivu E-T Je t'aime Neon - Clair","isPartOf":{"@id":"https:\/\/clair.si\/#website"},"primaryImageOfPage":{"@id":"https:\/\/clair.si\/hr\/izdelek\/cetka-za-grivu-e-t-je-taime-neon\/#primaryimage"},"image":{"@id":"https:\/\/clair.si\/hr\/izdelek\/cetka-za-grivu-e-t-je-taime-neon\/#primaryimage"},"thumbnailUrl":"https:\/\/clair.si\/wp-content\/uploads\/2026\/02\/mint-krtaca.webp","datePublished":"2026-02-05T12:32:45+00:00","description":"\u010detka za grivu u neonskim nijansama","breadcrumb":{"@id":"https:\/\/clair.si\/hr\/izdelek\/cetka-za-grivu-e-t-je-taime-neon\/#breadcrumb"},"inLanguage":"hr","potentialAction":[{"@type":"ReadAction","target":["https:\/\/clair.si\/hr\/izdelek\/cetka-za-grivu-e-t-je-taime-neon\/"]}]},{"@type":"ImageObject","inLanguage":"hr","@id":"https:\/\/clair.si\/hr\/izdelek\/cetka-za-grivu-e-t-je-taime-neon\/#primaryimage","url":"https:\/\/clair.si\/wp-content\/uploads\/2026\/02\/mint-krtaca.webp","contentUrl":"https:\/\/clair.si\/wp-content\/uploads\/2026\/02\/mint-krtaca.webp","width":700,"height":700},{"@type":"BreadcrumbList","@id":"https:\/\/clair.si\/hr\/izdelek\/cetka-za-grivu-e-t-je-taime-neon\/#breadcrumb","itemListElement":[{"@type":"ListItem","position":1,"name":"Home","item":"https:\/\/clair.si\/hr\/"},{"@type":"ListItem","position":2,"name":"Trgovina","item":"https:\/\/clair.si\/trgovina\/"},{"@type":"ListItem","position":3,"name":"\u010cetka za grivu E-T Je t&#8217;aime Neon"}]},{"@type":"WebSite","@id":"https:\/\/clair.si\/#website","url":"https:\/\/clair.si\/","name":"Clair","description":"Trgovina s konjeni\u0161ko opremo","publisher":{"@id":"https:\/\/clair.si\/#organization"},"potentialAction":[{"@type":"SearchAction","target":{"@type":"EntryPoint","urlTemplate":"https:\/\/clair.si\/?s={search_term_string}"},"query-input":{"@type":"PropertyValueSpecification","valueRequired":true,"valueName":"search_term_string"}}],"inLanguage":"hr"},{"@type":"Organization","@id":"https:\/\/clair.si\/#organization","name":"Clair","url":"https:\/\/clair.si\/","logo":{"@type":"ImageObject","inLanguage":"hr","@id":"https:\/\/clair.si\/#\/schema\/logo\/image\/","url":"https:\/\/clair.si\/wp-content\/uploads\/2022\/11\/clair_logo_2022.jpg","contentUrl":"https:\/\/clair.si\/wp-content\/uploads\/2022\/11\/clair_logo_2022.jpg","width":1920,"height":1920,"caption":"Clair"},"image":{"@id":"https:\/\/clair.si\/#\/schema\/logo\/image\/"},"sameAs":["https:\/\/www.facebook.com\/TrgovinaClair\/"]}]}},"_links":{"self":[{"href":"https:\/\/clair.si\/hr\/wp-json\/wp\/v2\/product\/131657","targetHints":{"allow":["GET"]}}],"collection":[{"href":"https:\/\/clair.si\/hr\/wp-json\/wp\/v2\/product"}],"about":[{"href":"https:\/\/clair.si\/hr\/wp-json\/wp\/v2\/types\/product"}],"version-history":[{"count":0,"href":"https:\/\/clair.si\/hr\/wp-json\/wp\/v2\/product\/131657\/revisions"}],"wp:featuredmedia":[{"embeddable":true,"href":"https:\/\/clair.si\/hr\/wp-json\/wp\/v2\/media\/129739"}],"wp:attachment":[{"href":"https:\/\/clair.si\/hr\/wp-json\/wp\/v2\/media?parent=131657"}],"wp:term":[{"taxonomy":"product_brand","embeddable":true,"href":"https:\/\/clair.si\/hr\/wp-json\/wp\/v2\/product_brand?post=131657"},{"taxonomy":"product_cat","embeddable":true,"href":"https:\/\/clair.si\/hr\/wp-json\/wp\/v2\/product_cat?post=131657"},{"taxonomy":"product_tag","embeddable":true,"href":"https:\/\/clair.si\/hr\/wp-json\/wp\/v2\/product_tag?post=131657"}],"curies":[{"name":"wp","href":"https:\/\/api.w.org\/{rel}","templated":true}]}}