{"id":131665,"date":"2026-02-04T15:03:58","date_gmt":"2026-02-04T14:03:58","guid":{"rendered":"https:\/\/clair.si\/izdelek\/zavjesa-za-boks-e-t-soft-door\/"},"modified":"2026-02-25T17:54:09","modified_gmt":"2026-02-25T16:54:09","slug":"zavjesa-za-boks-e-t-soft-door","status":"publish","type":"product","link":"https:\/\/clair.si\/hr\/izdelek\/zavjesa-za-boks-e-t-soft-door\/","title":{"rendered":"Zavjesa za boks E-T Soft Door"},"content":{"rendered":"<p data-start=\"0\" data-end=\"302\">Zavjesa za boks E-T je mekana pregrada za boksove, namijenjena treninzima, natjecanjima i transportnim stajali\u0161tima. Izvrsna je i kao \u201ebrzo zatvaranje\u201c privremenih boksova na terenu, jer se postavlja u nekoliko sekundi. <\/p>\n<p data-start=\"304\" data-end=\"679\">Vanjski dio izra\u0111en je od robusnog, sjajnog 600D poliestera, dok je unutarnja strana podstavljena mekanim umjetnim krznom, \u0161to je \u010dini nje\u017enijom za ko\u017eu i manje \u201etvrdom\u201c na pritisak kada se konj pribli\u017ei vratima boksa. Pri\u010dvr\u0161\u0107ivanje je rije\u0161eno sa 6 karabina na podesivim polipropilenskim trakama, \u0161to omogu\u0107uje dobru prilagodbu \u0161irini i stabilnu monta\u017eu. <\/p>\n<p data-start=\"681\" data-end=\"962\"><strong>Dimenzije:<\/strong> pribli\u017eno 121 \u00d7 46 cm. <br data-start=\"747\" data-end=\"750\"><strong>Materijal:<\/strong> 600D sjajni poliester; trake: polipropilen; unutra\u0161njost: umjetno krzno. <br data-start=\"870\" data-end=\"873\" data-is-only-node=\"\"><strong>Njega:<\/strong> o\u010distite vla\u017enom spu\u017evom, nije za strojno pranje.<\/p>\n","protected":false},"excerpt":{"rendered":"<ul>\n<li>zavjesa za zatvaranje boksa<\/li>\n<li>idealna za natjecanja<\/li>\n<\/ul>\n","protected":false},"featured_media":131666,"template":"","meta":{"footnotes":""},"product_brand":[],"product_cat":[5756,5769,5627],"product_tag":[],"class_list":{"0":"post-131665","1":"product","2":"type-product","3":"status-publish","4":"has-post-thumbnail","6":"product_cat-dodaci-za-stalu","7":"product_cat-must-have","8":"product_cat-stala-i-pasnjak","10":"first","11":"instock","12":"sale","13":"shipping-taxable","14":"purchasable","15":"product-type-simple"},"yoast_head":"<!-- This site is optimized with the Yoast SEO plugin v27.4 - https:\/\/yoast.com\/product\/yoast-seo-wordpress\/ -->\n<title>Zavjesa za boks E-T Soft Door - Clair<\/title>\n<meta name=\"description\" content=\"zavjesa za zatvaranje boksa  idealna za natjecanja\" \/>\n<meta name=\"robots\" content=\"index, follow, max-snippet:-1, max-image-preview:large, max-video-preview:-1\" \/>\n<link rel=\"canonical\" href=\"https:\/\/clair.si\/hr\/izdelek\/zavjesa-za-boks-e-t-soft-door\/\" \/>\n<meta property=\"og:locale\" content=\"hr_HR\" \/>\n<meta property=\"og:type\" content=\"article\" \/>\n<meta property=\"og:title\" content=\"Zavjesa za boks E-T Soft Door - Clair\" \/>\n<meta property=\"og:description\" content=\"zavjesa za zatvaranje boksa  idealna za natjecanja\" \/>\n<meta property=\"og:url\" content=\"https:\/\/clair.si\/hr\/izdelek\/zavjesa-za-boks-e-t-soft-door\/\" \/>\n<meta property=\"og:site_name\" content=\"Clair\" \/>\n<meta property=\"article:publisher\" content=\"https:\/\/www.facebook.com\/TrgovinaClair\/\" \/>\n<meta property=\"article:modified_time\" content=\"2026-02-25T16:54:09+00:00\" \/>\n<meta property=\"og:image\" content=\"https:\/\/clair.si\/wp-content\/uploads\/2026\/02\/zavesa-za-boks.webp\" \/>\n\t<meta property=\"og:image:width\" content=\"458\" \/>\n\t<meta property=\"og:image:height\" content=\"458\" \/>\n\t<meta property=\"og:image:type\" content=\"image\/jpeg\" \/>\n<meta name=\"twitter:card\" content=\"summary_large_image\" \/>\n<meta name=\"twitter:label1\" content=\"Procijenjeno vrijeme \u010ditanja\" \/>\n\t<meta name=\"twitter:data1\" content=\"1 minuta\" \/>\n<script type=\"application\/ld+json\" class=\"yoast-schema-graph\">{\"@context\":\"https:\\\/\\\/schema.org\",\"@graph\":[{\"@type\":\"WebPage\",\"@id\":\"https:\\\/\\\/clair.si\\\/hr\\\/izdelek\\\/zavjesa-za-boks-e-t-soft-door\\\/\",\"url\":\"https:\\\/\\\/clair.si\\\/hr\\\/izdelek\\\/zavjesa-za-boks-e-t-soft-door\\\/\",\"name\":\"Zavjesa za boks E-T Soft Door - Clair\",\"isPartOf\":{\"@id\":\"https:\\\/\\\/clair.si\\\/#website\"},\"primaryImageOfPage\":{\"@id\":\"https:\\\/\\\/clair.si\\\/hr\\\/izdelek\\\/zavjesa-za-boks-e-t-soft-door\\\/#primaryimage\"},\"image\":{\"@id\":\"https:\\\/\\\/clair.si\\\/hr\\\/izdelek\\\/zavjesa-za-boks-e-t-soft-door\\\/#primaryimage\"},\"thumbnailUrl\":\"https:\\\/\\\/clair.si\\\/wp-content\\\/uploads\\\/2026\\\/02\\\/zavesa-za-boks.webp\",\"datePublished\":\"2026-02-04T14:03:58+00:00\",\"dateModified\":\"2026-02-25T16:54:09+00:00\",\"description\":\"zavjesa za zatvaranje boksa idealna za natjecanja\",\"breadcrumb\":{\"@id\":\"https:\\\/\\\/clair.si\\\/hr\\\/izdelek\\\/zavjesa-za-boks-e-t-soft-door\\\/#breadcrumb\"},\"inLanguage\":\"hr\",\"potentialAction\":[{\"@type\":\"ReadAction\",\"target\":[\"https:\\\/\\\/clair.si\\\/hr\\\/izdelek\\\/zavjesa-za-boks-e-t-soft-door\\\/\"]}]},{\"@type\":\"ImageObject\",\"inLanguage\":\"hr\",\"@id\":\"https:\\\/\\\/clair.si\\\/hr\\\/izdelek\\\/zavjesa-za-boks-e-t-soft-door\\\/#primaryimage\",\"url\":\"https:\\\/\\\/clair.si\\\/wp-content\\\/uploads\\\/2026\\\/02\\\/zavesa-za-boks.webp\",\"contentUrl\":\"https:\\\/\\\/clair.si\\\/wp-content\\\/uploads\\\/2026\\\/02\\\/zavesa-za-boks.webp\",\"width\":458,\"height\":458},{\"@type\":\"BreadcrumbList\",\"@id\":\"https:\\\/\\\/clair.si\\\/hr\\\/izdelek\\\/zavjesa-za-boks-e-t-soft-door\\\/#breadcrumb\",\"itemListElement\":[{\"@type\":\"ListItem\",\"position\":1,\"name\":\"Home\",\"item\":\"https:\\\/\\\/clair.si\\\/hr\\\/\"},{\"@type\":\"ListItem\",\"position\":2,\"name\":\"Trgovina\",\"item\":\"https:\\\/\\\/clair.si\\\/trgovina\\\/\"},{\"@type\":\"ListItem\",\"position\":3,\"name\":\"Zavjesa za boks E-T Soft Door\"}]},{\"@type\":\"WebSite\",\"@id\":\"https:\\\/\\\/clair.si\\\/#website\",\"url\":\"https:\\\/\\\/clair.si\\\/\",\"name\":\"Clair\",\"description\":\"Trgovina s konjeni\u0161ko opremo\",\"publisher\":{\"@id\":\"https:\\\/\\\/clair.si\\\/#organization\"},\"potentialAction\":[{\"@type\":\"SearchAction\",\"target\":{\"@type\":\"EntryPoint\",\"urlTemplate\":\"https:\\\/\\\/clair.si\\\/?s={search_term_string}\"},\"query-input\":{\"@type\":\"PropertyValueSpecification\",\"valueRequired\":true,\"valueName\":\"search_term_string\"}}],\"inLanguage\":\"hr\"},{\"@type\":\"Organization\",\"@id\":\"https:\\\/\\\/clair.si\\\/#organization\",\"name\":\"Clair\",\"url\":\"https:\\\/\\\/clair.si\\\/\",\"logo\":{\"@type\":\"ImageObject\",\"inLanguage\":\"hr\",\"@id\":\"https:\\\/\\\/clair.si\\\/#\\\/schema\\\/logo\\\/image\\\/\",\"url\":\"https:\\\/\\\/clair.si\\\/wp-content\\\/uploads\\\/2022\\\/11\\\/clair_logo_2022.jpg\",\"contentUrl\":\"https:\\\/\\\/clair.si\\\/wp-content\\\/uploads\\\/2022\\\/11\\\/clair_logo_2022.jpg\",\"width\":1920,\"height\":1920,\"caption\":\"Clair\"},\"image\":{\"@id\":\"https:\\\/\\\/clair.si\\\/#\\\/schema\\\/logo\\\/image\\\/\"},\"sameAs\":[\"https:\\\/\\\/www.facebook.com\\\/TrgovinaClair\\\/\"]}]}<\/script>\n<!-- \/ Yoast SEO plugin. -->","yoast_head_json":{"title":"Zavjesa za boks E-T Soft Door - Clair","description":"zavjesa za zatvaranje boksa  idealna za natjecanja","robots":{"index":"index","follow":"follow","max-snippet":"max-snippet:-1","max-image-preview":"max-image-preview:large","max-video-preview":"max-video-preview:-1"},"canonical":"https:\/\/clair.si\/hr\/izdelek\/zavjesa-za-boks-e-t-soft-door\/","og_locale":"hr_HR","og_type":"article","og_title":"Zavjesa za boks E-T Soft Door - Clair","og_description":"zavjesa za zatvaranje boksa  idealna za natjecanja","og_url":"https:\/\/clair.si\/hr\/izdelek\/zavjesa-za-boks-e-t-soft-door\/","og_site_name":"Clair","article_publisher":"https:\/\/www.facebook.com\/TrgovinaClair\/","article_modified_time":"2026-02-25T16:54:09+00:00","og_image":[{"width":458,"height":458,"url":"https:\/\/clair.si\/wp-content\/uploads\/2026\/02\/zavesa-za-boks.webp","type":"image\/jpeg"}],"twitter_card":"summary_large_image","twitter_misc":{"Procijenjeno vrijeme \u010ditanja":"1 minuta"},"schema":{"@context":"https:\/\/schema.org","@graph":[{"@type":"WebPage","@id":"https:\/\/clair.si\/hr\/izdelek\/zavjesa-za-boks-e-t-soft-door\/","url":"https:\/\/clair.si\/hr\/izdelek\/zavjesa-za-boks-e-t-soft-door\/","name":"Zavjesa za boks E-T Soft Door - Clair","isPartOf":{"@id":"https:\/\/clair.si\/#website"},"primaryImageOfPage":{"@id":"https:\/\/clair.si\/hr\/izdelek\/zavjesa-za-boks-e-t-soft-door\/#primaryimage"},"image":{"@id":"https:\/\/clair.si\/hr\/izdelek\/zavjesa-za-boks-e-t-soft-door\/#primaryimage"},"thumbnailUrl":"https:\/\/clair.si\/wp-content\/uploads\/2026\/02\/zavesa-za-boks.webp","datePublished":"2026-02-04T14:03:58+00:00","dateModified":"2026-02-25T16:54:09+00:00","description":"zavjesa za zatvaranje boksa idealna za natjecanja","breadcrumb":{"@id":"https:\/\/clair.si\/hr\/izdelek\/zavjesa-za-boks-e-t-soft-door\/#breadcrumb"},"inLanguage":"hr","potentialAction":[{"@type":"ReadAction","target":["https:\/\/clair.si\/hr\/izdelek\/zavjesa-za-boks-e-t-soft-door\/"]}]},{"@type":"ImageObject","inLanguage":"hr","@id":"https:\/\/clair.si\/hr\/izdelek\/zavjesa-za-boks-e-t-soft-door\/#primaryimage","url":"https:\/\/clair.si\/wp-content\/uploads\/2026\/02\/zavesa-za-boks.webp","contentUrl":"https:\/\/clair.si\/wp-content\/uploads\/2026\/02\/zavesa-za-boks.webp","width":458,"height":458},{"@type":"BreadcrumbList","@id":"https:\/\/clair.si\/hr\/izdelek\/zavjesa-za-boks-e-t-soft-door\/#breadcrumb","itemListElement":[{"@type":"ListItem","position":1,"name":"Home","item":"https:\/\/clair.si\/hr\/"},{"@type":"ListItem","position":2,"name":"Trgovina","item":"https:\/\/clair.si\/trgovina\/"},{"@type":"ListItem","position":3,"name":"Zavjesa za boks E-T Soft Door"}]},{"@type":"WebSite","@id":"https:\/\/clair.si\/#website","url":"https:\/\/clair.si\/","name":"Clair","description":"Trgovina s konjeni\u0161ko opremo","publisher":{"@id":"https:\/\/clair.si\/#organization"},"potentialAction":[{"@type":"SearchAction","target":{"@type":"EntryPoint","urlTemplate":"https:\/\/clair.si\/?s={search_term_string}"},"query-input":{"@type":"PropertyValueSpecification","valueRequired":true,"valueName":"search_term_string"}}],"inLanguage":"hr"},{"@type":"Organization","@id":"https:\/\/clair.si\/#organization","name":"Clair","url":"https:\/\/clair.si\/","logo":{"@type":"ImageObject","inLanguage":"hr","@id":"https:\/\/clair.si\/#\/schema\/logo\/image\/","url":"https:\/\/clair.si\/wp-content\/uploads\/2022\/11\/clair_logo_2022.jpg","contentUrl":"https:\/\/clair.si\/wp-content\/uploads\/2022\/11\/clair_logo_2022.jpg","width":1920,"height":1920,"caption":"Clair"},"image":{"@id":"https:\/\/clair.si\/#\/schema\/logo\/image\/"},"sameAs":["https:\/\/www.facebook.com\/TrgovinaClair\/"]}]}},"_links":{"self":[{"href":"https:\/\/clair.si\/hr\/wp-json\/wp\/v2\/product\/131665","targetHints":{"allow":["GET"]}}],"collection":[{"href":"https:\/\/clair.si\/hr\/wp-json\/wp\/v2\/product"}],"about":[{"href":"https:\/\/clair.si\/hr\/wp-json\/wp\/v2\/types\/product"}],"version-history":[{"count":1,"href":"https:\/\/clair.si\/hr\/wp-json\/wp\/v2\/product\/131665\/revisions"}],"predecessor-version":[{"id":131709,"href":"https:\/\/clair.si\/hr\/wp-json\/wp\/v2\/product\/131665\/revisions\/131709"}],"wp:featuredmedia":[{"embeddable":true,"href":"https:\/\/clair.si\/hr\/wp-json\/wp\/v2\/media\/131666"}],"wp:attachment":[{"href":"https:\/\/clair.si\/hr\/wp-json\/wp\/v2\/media?parent=131665"}],"wp:term":[{"taxonomy":"product_brand","embeddable":true,"href":"https:\/\/clair.si\/hr\/wp-json\/wp\/v2\/product_brand?post=131665"},{"taxonomy":"product_cat","embeddable":true,"href":"https:\/\/clair.si\/hr\/wp-json\/wp\/v2\/product_cat?post=131665"},{"taxonomy":"product_tag","embeddable":true,"href":"https:\/\/clair.si\/hr\/wp-json\/wp\/v2\/product_tag?post=131665"}],"curies":[{"name":"wp","href":"https:\/\/api.w.org\/{rel}","templated":true}]}}