{"id":131673,"date":"2026-02-04T14:36:32","date_gmt":"2026-02-04T13:36:32","guid":{"rendered":"https:\/\/clair.si\/izdelek\/endurance-uzda-norton-pink-pop\/"},"modified":"2026-02-25T17:54:11","modified_gmt":"2026-02-25T16:54:11","slug":"endurance-uzda-norton-pink-pop","status":"publish","type":"product","link":"https:\/\/clair.si\/hr\/izdelek\/endurance-uzda-norton-pink-pop\/","title":{"rendered":"Endurance uzda Norton Pink Pop"},"content":{"rendered":"<p data-start=\"0\" data-end=\"484\">Endurance uzda Norton Pop je izdr\u017eljiva, iznimno prakti\u010dna sinteti\u010dka uzda, dizajnirana za endurance i terensko jahanje, gdje su klju\u010dni udobnost konja i jednostavno odr\u017eavanje opreme. Izra\u0111ena je od mekog, ali otpornog PVC-a koji ne upija vodu i brzo se \u010disti, zbog \u010dega je izvrstan izbor za treninge u svim vremenskim uvjetima. <\/p>\n<p data-start=\"486\" data-end=\"911\">Kroj je napravljen s misliju na anatomsko prianjanje: zatiljni dio i nosnik su anatomski oblikovani te podstavljeni Clarino materijalom, \u0161to poma\u017ee u smanjenju to\u010dkastog pritiska i trljanja. Ravni \u010deoni remen tako\u0111er je podstavljen Clarinom za ve\u0107u udobnost, a cijeli sustav pri\u010dvr\u0161\u0107ivanja dizajniran je tako da ograni\u010dava nepotrebne pritiske i trenje pri dugotrajnoj uporabi (tipi\u010dno za endurance). <\/p>\n<p data-start=\"913\" data-end=\"1194\">Uzda se isporu\u010duje s gumenim uzdama od 13 mm, a radi prakti\u010dnosti ima pri\u010dvr\u0161\u0107ivanje brzvale klasi\u010dnim kop\u010dama (bit attachments). Metalni dijelovi su srebrne boje, \u0161avovi su ton-na-ton, \u0161to daje uredan, sportsko-elegantan izgled. Brzvala nije uklju\u010dena.  <\/p>\n<p data-start=\"1196\" data-end=\"1305\"><strong>Materijal:<\/strong> mekani i otporni PVC; podstave: Clarino; uzde: guma (13 mm).<\/p>\n","protected":false},"excerpt":{"rendered":"<ul>\n<li>uzda prikladna za sve vremenske uvjete<\/li>\n<li>pripadaju\u0107a prsna naramenica &#8211; Endurance prsna naramenica Norton Pop ru\u017ei\u010dasta<\/li>\n<\/ul>\n","protected":false},"featured_media":131674,"template":"","meta":{"footnotes":""},"product_brand":[],"product_cat":[5624,5769,5843,5697],"product_tag":[],"class_list":{"0":"post-131673","1":"product","2":"type-product","3":"status-publish","4":"has-post-thumbnail","6":"product_cat-konj-hr","7":"product_cat-must-have","8":"product_cat-uzde","9":"product_cat-uzde-i-dizgini","11":"first","12":"onbackorder","13":"sale","14":"shipping-taxable","15":"purchasable","16":"product-type-variable"},"yoast_head":"<!-- This site is optimized with the Yoast SEO plugin v27.4 - https:\/\/yoast.com\/product\/yoast-seo-wordpress\/ -->\n<title>Endurance uzda Norton Pink Pop - Clair<\/title>\n<meta name=\"description\" content=\"uzda prikladna za sve vremenske uvjete  pripadaju\u0107a prsna naramenica - Endurance prsna naramenica Norton Pop ru\u017ei\u010dasta\" \/>\n<meta name=\"robots\" content=\"index, follow, max-snippet:-1, max-image-preview:large, max-video-preview:-1\" \/>\n<link rel=\"canonical\" href=\"https:\/\/clair.si\/hr\/izdelek\/endurance-uzda-norton-pink-pop\/\" \/>\n<meta property=\"og:locale\" content=\"hr_HR\" \/>\n<meta property=\"og:type\" content=\"article\" \/>\n<meta property=\"og:title\" content=\"Endurance uzda Norton Pink Pop - Clair\" \/>\n<meta property=\"og:description\" content=\"uzda prikladna za sve vremenske uvjete  pripadaju\u0107a prsna naramenica - Endurance prsna naramenica Norton Pop ru\u017ei\u010dasta\" \/>\n<meta property=\"og:url\" content=\"https:\/\/clair.si\/hr\/izdelek\/endurance-uzda-norton-pink-pop\/\" \/>\n<meta property=\"og:site_name\" content=\"Clair\" \/>\n<meta property=\"article:publisher\" content=\"https:\/\/www.facebook.com\/TrgovinaClair\/\" \/>\n<meta property=\"article:modified_time\" content=\"2026-02-25T16:54:11+00:00\" \/>\n<meta property=\"og:image\" content=\"https:\/\/clair.si\/wp-content\/uploads\/2026\/02\/endurance-uzda-norton-pop-clair.webp\" \/>\n\t<meta property=\"og:image:width\" content=\"800\" \/>\n\t<meta property=\"og:image:height\" content=\"800\" \/>\n\t<meta property=\"og:image:type\" content=\"image\/jpeg\" \/>\n<meta name=\"twitter:card\" content=\"summary_large_image\" \/>\n<meta name=\"twitter:label1\" content=\"Procijenjeno vrijeme \u010ditanja\" \/>\n\t<meta name=\"twitter:data1\" content=\"1 minuta\" \/>\n<script type=\"application\/ld+json\" class=\"yoast-schema-graph\">{\"@context\":\"https:\\\/\\\/schema.org\",\"@graph\":[{\"@type\":\"WebPage\",\"@id\":\"https:\\\/\\\/clair.si\\\/hr\\\/izdelek\\\/endurance-uzda-norton-pink-pop\\\/\",\"url\":\"https:\\\/\\\/clair.si\\\/hr\\\/izdelek\\\/endurance-uzda-norton-pink-pop\\\/\",\"name\":\"Endurance uzda Norton Pink Pop - Clair\",\"isPartOf\":{\"@id\":\"https:\\\/\\\/clair.si\\\/#website\"},\"primaryImageOfPage\":{\"@id\":\"https:\\\/\\\/clair.si\\\/hr\\\/izdelek\\\/endurance-uzda-norton-pink-pop\\\/#primaryimage\"},\"image\":{\"@id\":\"https:\\\/\\\/clair.si\\\/hr\\\/izdelek\\\/endurance-uzda-norton-pink-pop\\\/#primaryimage\"},\"thumbnailUrl\":\"https:\\\/\\\/clair.si\\\/wp-content\\\/uploads\\\/2026\\\/02\\\/endurance-uzda-norton-pop-clair.webp\",\"datePublished\":\"2026-02-04T13:36:32+00:00\",\"dateModified\":\"2026-02-25T16:54:11+00:00\",\"description\":\"uzda prikladna za sve vremenske uvjete pripadaju\u0107a prsna naramenica - Endurance prsna naramenica Norton Pop ru\u017ei\u010dasta\",\"breadcrumb\":{\"@id\":\"https:\\\/\\\/clair.si\\\/hr\\\/izdelek\\\/endurance-uzda-norton-pink-pop\\\/#breadcrumb\"},\"inLanguage\":\"hr\",\"potentialAction\":[{\"@type\":\"ReadAction\",\"target\":[\"https:\\\/\\\/clair.si\\\/hr\\\/izdelek\\\/endurance-uzda-norton-pink-pop\\\/\"]}]},{\"@type\":\"ImageObject\",\"inLanguage\":\"hr\",\"@id\":\"https:\\\/\\\/clair.si\\\/hr\\\/izdelek\\\/endurance-uzda-norton-pink-pop\\\/#primaryimage\",\"url\":\"https:\\\/\\\/clair.si\\\/wp-content\\\/uploads\\\/2026\\\/02\\\/endurance-uzda-norton-pop-clair.webp\",\"contentUrl\":\"https:\\\/\\\/clair.si\\\/wp-content\\\/uploads\\\/2026\\\/02\\\/endurance-uzda-norton-pop-clair.webp\",\"width\":800,\"height\":800},{\"@type\":\"BreadcrumbList\",\"@id\":\"https:\\\/\\\/clair.si\\\/hr\\\/izdelek\\\/endurance-uzda-norton-pink-pop\\\/#breadcrumb\",\"itemListElement\":[{\"@type\":\"ListItem\",\"position\":1,\"name\":\"Home\",\"item\":\"https:\\\/\\\/clair.si\\\/hr\\\/\"},{\"@type\":\"ListItem\",\"position\":2,\"name\":\"Trgovina\",\"item\":\"https:\\\/\\\/clair.si\\\/trgovina\\\/\"},{\"@type\":\"ListItem\",\"position\":3,\"name\":\"Endurance uzda Norton Pink Pop\"}]},{\"@type\":\"WebSite\",\"@id\":\"https:\\\/\\\/clair.si\\\/#website\",\"url\":\"https:\\\/\\\/clair.si\\\/\",\"name\":\"Clair\",\"description\":\"Trgovina s konjeni\u0161ko opremo\",\"publisher\":{\"@id\":\"https:\\\/\\\/clair.si\\\/#organization\"},\"potentialAction\":[{\"@type\":\"SearchAction\",\"target\":{\"@type\":\"EntryPoint\",\"urlTemplate\":\"https:\\\/\\\/clair.si\\\/?s={search_term_string}\"},\"query-input\":{\"@type\":\"PropertyValueSpecification\",\"valueRequired\":true,\"valueName\":\"search_term_string\"}}],\"inLanguage\":\"hr\"},{\"@type\":\"Organization\",\"@id\":\"https:\\\/\\\/clair.si\\\/#organization\",\"name\":\"Clair\",\"url\":\"https:\\\/\\\/clair.si\\\/\",\"logo\":{\"@type\":\"ImageObject\",\"inLanguage\":\"hr\",\"@id\":\"https:\\\/\\\/clair.si\\\/#\\\/schema\\\/logo\\\/image\\\/\",\"url\":\"https:\\\/\\\/clair.si\\\/wp-content\\\/uploads\\\/2022\\\/11\\\/clair_logo_2022.jpg\",\"contentUrl\":\"https:\\\/\\\/clair.si\\\/wp-content\\\/uploads\\\/2022\\\/11\\\/clair_logo_2022.jpg\",\"width\":1920,\"height\":1920,\"caption\":\"Clair\"},\"image\":{\"@id\":\"https:\\\/\\\/clair.si\\\/#\\\/schema\\\/logo\\\/image\\\/\"},\"sameAs\":[\"https:\\\/\\\/www.facebook.com\\\/TrgovinaClair\\\/\"]}]}<\/script>\n<!-- \/ Yoast SEO plugin. -->","yoast_head_json":{"title":"Endurance uzda Norton Pink Pop - Clair","description":"uzda prikladna za sve vremenske uvjete  pripadaju\u0107a prsna naramenica - Endurance prsna naramenica Norton Pop ru\u017ei\u010dasta","robots":{"index":"index","follow":"follow","max-snippet":"max-snippet:-1","max-image-preview":"max-image-preview:large","max-video-preview":"max-video-preview:-1"},"canonical":"https:\/\/clair.si\/hr\/izdelek\/endurance-uzda-norton-pink-pop\/","og_locale":"hr_HR","og_type":"article","og_title":"Endurance uzda Norton Pink Pop - Clair","og_description":"uzda prikladna za sve vremenske uvjete  pripadaju\u0107a prsna naramenica - Endurance prsna naramenica Norton Pop ru\u017ei\u010dasta","og_url":"https:\/\/clair.si\/hr\/izdelek\/endurance-uzda-norton-pink-pop\/","og_site_name":"Clair","article_publisher":"https:\/\/www.facebook.com\/TrgovinaClair\/","article_modified_time":"2026-02-25T16:54:11+00:00","og_image":[{"width":800,"height":800,"url":"https:\/\/clair.si\/wp-content\/uploads\/2026\/02\/endurance-uzda-norton-pop-clair.webp","type":"image\/jpeg"}],"twitter_card":"summary_large_image","twitter_misc":{"Procijenjeno vrijeme \u010ditanja":"1 minuta"},"schema":{"@context":"https:\/\/schema.org","@graph":[{"@type":"WebPage","@id":"https:\/\/clair.si\/hr\/izdelek\/endurance-uzda-norton-pink-pop\/","url":"https:\/\/clair.si\/hr\/izdelek\/endurance-uzda-norton-pink-pop\/","name":"Endurance uzda Norton Pink Pop - Clair","isPartOf":{"@id":"https:\/\/clair.si\/#website"},"primaryImageOfPage":{"@id":"https:\/\/clair.si\/hr\/izdelek\/endurance-uzda-norton-pink-pop\/#primaryimage"},"image":{"@id":"https:\/\/clair.si\/hr\/izdelek\/endurance-uzda-norton-pink-pop\/#primaryimage"},"thumbnailUrl":"https:\/\/clair.si\/wp-content\/uploads\/2026\/02\/endurance-uzda-norton-pop-clair.webp","datePublished":"2026-02-04T13:36:32+00:00","dateModified":"2026-02-25T16:54:11+00:00","description":"uzda prikladna za sve vremenske uvjete pripadaju\u0107a prsna naramenica - Endurance prsna naramenica Norton Pop ru\u017ei\u010dasta","breadcrumb":{"@id":"https:\/\/clair.si\/hr\/izdelek\/endurance-uzda-norton-pink-pop\/#breadcrumb"},"inLanguage":"hr","potentialAction":[{"@type":"ReadAction","target":["https:\/\/clair.si\/hr\/izdelek\/endurance-uzda-norton-pink-pop\/"]}]},{"@type":"ImageObject","inLanguage":"hr","@id":"https:\/\/clair.si\/hr\/izdelek\/endurance-uzda-norton-pink-pop\/#primaryimage","url":"https:\/\/clair.si\/wp-content\/uploads\/2026\/02\/endurance-uzda-norton-pop-clair.webp","contentUrl":"https:\/\/clair.si\/wp-content\/uploads\/2026\/02\/endurance-uzda-norton-pop-clair.webp","width":800,"height":800},{"@type":"BreadcrumbList","@id":"https:\/\/clair.si\/hr\/izdelek\/endurance-uzda-norton-pink-pop\/#breadcrumb","itemListElement":[{"@type":"ListItem","position":1,"name":"Home","item":"https:\/\/clair.si\/hr\/"},{"@type":"ListItem","position":2,"name":"Trgovina","item":"https:\/\/clair.si\/trgovina\/"},{"@type":"ListItem","position":3,"name":"Endurance uzda Norton Pink Pop"}]},{"@type":"WebSite","@id":"https:\/\/clair.si\/#website","url":"https:\/\/clair.si\/","name":"Clair","description":"Trgovina s konjeni\u0161ko opremo","publisher":{"@id":"https:\/\/clair.si\/#organization"},"potentialAction":[{"@type":"SearchAction","target":{"@type":"EntryPoint","urlTemplate":"https:\/\/clair.si\/?s={search_term_string}"},"query-input":{"@type":"PropertyValueSpecification","valueRequired":true,"valueName":"search_term_string"}}],"inLanguage":"hr"},{"@type":"Organization","@id":"https:\/\/clair.si\/#organization","name":"Clair","url":"https:\/\/clair.si\/","logo":{"@type":"ImageObject","inLanguage":"hr","@id":"https:\/\/clair.si\/#\/schema\/logo\/image\/","url":"https:\/\/clair.si\/wp-content\/uploads\/2022\/11\/clair_logo_2022.jpg","contentUrl":"https:\/\/clair.si\/wp-content\/uploads\/2022\/11\/clair_logo_2022.jpg","width":1920,"height":1920,"caption":"Clair"},"image":{"@id":"https:\/\/clair.si\/#\/schema\/logo\/image\/"},"sameAs":["https:\/\/www.facebook.com\/TrgovinaClair\/"]}]}},"_links":{"self":[{"href":"https:\/\/clair.si\/hr\/wp-json\/wp\/v2\/product\/131673","targetHints":{"allow":["GET"]}}],"collection":[{"href":"https:\/\/clair.si\/hr\/wp-json\/wp\/v2\/product"}],"about":[{"href":"https:\/\/clair.si\/hr\/wp-json\/wp\/v2\/types\/product"}],"version-history":[{"count":1,"href":"https:\/\/clair.si\/hr\/wp-json\/wp\/v2\/product\/131673\/revisions"}],"predecessor-version":[{"id":131711,"href":"https:\/\/clair.si\/hr\/wp-json\/wp\/v2\/product\/131673\/revisions\/131711"}],"wp:featuredmedia":[{"embeddable":true,"href":"https:\/\/clair.si\/hr\/wp-json\/wp\/v2\/media\/131674"}],"wp:attachment":[{"href":"https:\/\/clair.si\/hr\/wp-json\/wp\/v2\/media?parent=131673"}],"wp:term":[{"taxonomy":"product_brand","embeddable":true,"href":"https:\/\/clair.si\/hr\/wp-json\/wp\/v2\/product_brand?post=131673"},{"taxonomy":"product_cat","embeddable":true,"href":"https:\/\/clair.si\/hr\/wp-json\/wp\/v2\/product_cat?post=131673"},{"taxonomy":"product_tag","embeddable":true,"href":"https:\/\/clair.si\/hr\/wp-json\/wp\/v2\/product_tag?post=131673"}],"curies":[{"name":"wp","href":"https:\/\/api.w.org\/{rel}","templated":true}]}}