{"id":131678,"date":"2026-02-04T14:19:26","date_gmt":"2026-02-04T13:19:26","guid":{"rendered":"https:\/\/clair.si\/izdelek\/podloga-za-jahanje-norton-kiowa\/"},"modified":"2026-02-25T17:53:57","modified_gmt":"2026-02-25T16:53:57","slug":"podloga-za-jahanje-norton-kiowa","status":"publish","type":"product","link":"https:\/\/clair.si\/hr\/izdelek\/podloga-za-jahanje-norton-kiowa\/","title":{"rendered":"Podloga za jahanje Norton Kiowa"},"content":{"rendered":"<p data-start=\"0\" data-end=\"325\">Norton Bareback Riding Mat Kiowa udobna je podloga za jahanje (bareback pad) dizajnirana u western stilu za jahanje bez sedla, kada \u017eelite vi\u0161e prianjanja i stabilnosti, a istovremeno vi\u0161e udobnosti za konja i jaha\u010da. Prikladna je za opu\u0161teno terensko jahanje, rad u manje\u017eu i kao prijelazni rekvizit za pobolj\u0161anje ravnote\u017ee, bez osje\u0107aja \u201egolog\u201d jahanja. <\/p>\n<p data-start=\"327\" data-end=\"602\">Gornji dio izra\u0111en je od meke poliesterske tkanine s dobro podstavljenom jezgrom, punjenom pjenom visoke gusto\u0107e od 25 mm, dok je s donje strane podstavljen sinteti\u010dkim \u201eov\u010djim\u201d krznom, \u0161to pridonosi mek\u0161em nalijeganju i manjem trenju.<\/p>\n<p data-start=\"604\" data-end=\"946\">Za ve\u0107u sigurnost ima western metalne stremene s podesivim remenima; pri\u010dvr\u0161\u0107eni su na oja\u010danu traku koja poma\u017ee ravnomjerno rasporediti optere\u0107enje i stabilizirati podlogu tijekom kretanja. Dizajn upotpunjuje etno\/indijanski uzorak, pa je vizualno zanimljiv i za trail estetiku. <\/p>\n","protected":false},"excerpt":{"rendered":"<ul>\n<li>uzorkovana, meka podloga za jahanje (bareback pad)<\/li>\n<li>s prilo\u017eenim stremenima<\/li>\n<\/ul>\n","protected":false},"featured_media":131679,"template":"","meta":{"footnotes":""},"product_brand":[],"product_cat":[5657,5624,5769,5940,5944,6854,5794,6125],"product_tag":[],"class_list":{"0":"post-131678","1":"product","2":"type-product","3":"status-publish","4":"has-post-thumbnail","6":"product_cat-kategorije-hr","7":"product_cat-konj-hr","8":"product_cat-must-have","9":"product_cat-sedla-hr","10":"product_cat-sedla-hr-2","11":"product_cat-visenamjenska-sedla","12":"product_cat-western-hr","13":"product_cat-western-i-australska-sedla","15":"first","16":"outofstock","17":"sale","18":"shipping-taxable","19":"purchasable","20":"product-type-simple"},"yoast_head":"<!-- This site is optimized with the Yoast SEO plugin v27.4 - https:\/\/yoast.com\/product\/yoast-seo-wordpress\/ -->\n<title>Podloga za jahanje Norton Kiowa - Clair<\/title>\n<meta name=\"description\" content=\"uzorkovana, meka podloga za jahanje (bareback pad)  s prilo\u017eenim stremenima\" \/>\n<meta name=\"robots\" content=\"index, follow, max-snippet:-1, max-image-preview:large, max-video-preview:-1\" \/>\n<link rel=\"canonical\" href=\"https:\/\/clair.si\/hr\/izdelek\/podloga-za-jahanje-norton-kiowa\/\" \/>\n<meta property=\"og:locale\" content=\"hr_HR\" \/>\n<meta property=\"og:type\" content=\"article\" \/>\n<meta property=\"og:title\" content=\"Podloga za jahanje Norton Kiowa - Clair\" \/>\n<meta property=\"og:description\" content=\"uzorkovana, meka podloga za jahanje (bareback pad)  s prilo\u017eenim stremenima\" \/>\n<meta property=\"og:url\" content=\"https:\/\/clair.si\/hr\/izdelek\/podloga-za-jahanje-norton-kiowa\/\" \/>\n<meta property=\"og:site_name\" content=\"Clair\" \/>\n<meta property=\"article:publisher\" content=\"https:\/\/www.facebook.com\/TrgovinaClair\/\" \/>\n<meta property=\"article:modified_time\" content=\"2026-02-25T16:53:57+00:00\" \/>\n<meta property=\"og:image\" content=\"https:\/\/clair.si\/wp-content\/uploads\/2026\/02\/kiowa-jahalna-blazina-clair.webp\" \/>\n\t<meta property=\"og:image:width\" content=\"800\" \/>\n\t<meta property=\"og:image:height\" content=\"800\" \/>\n\t<meta property=\"og:image:type\" content=\"image\/jpeg\" \/>\n<meta name=\"twitter:card\" content=\"summary_large_image\" \/>\n<meta name=\"twitter:label1\" content=\"Procijenjeno vrijeme \u010ditanja\" \/>\n\t<meta name=\"twitter:data1\" content=\"1 minuta\" \/>\n<script type=\"application\/ld+json\" class=\"yoast-schema-graph\">{\"@context\":\"https:\\\/\\\/schema.org\",\"@graph\":[{\"@type\":\"WebPage\",\"@id\":\"https:\\\/\\\/clair.si\\\/hr\\\/izdelek\\\/podloga-za-jahanje-norton-kiowa\\\/\",\"url\":\"https:\\\/\\\/clair.si\\\/hr\\\/izdelek\\\/podloga-za-jahanje-norton-kiowa\\\/\",\"name\":\"Podloga za jahanje Norton Kiowa - Clair\",\"isPartOf\":{\"@id\":\"https:\\\/\\\/clair.si\\\/#website\"},\"primaryImageOfPage\":{\"@id\":\"https:\\\/\\\/clair.si\\\/hr\\\/izdelek\\\/podloga-za-jahanje-norton-kiowa\\\/#primaryimage\"},\"image\":{\"@id\":\"https:\\\/\\\/clair.si\\\/hr\\\/izdelek\\\/podloga-za-jahanje-norton-kiowa\\\/#primaryimage\"},\"thumbnailUrl\":\"https:\\\/\\\/clair.si\\\/wp-content\\\/uploads\\\/2026\\\/02\\\/kiowa-jahalna-blazina-clair.webp\",\"datePublished\":\"2026-02-04T13:19:26+00:00\",\"dateModified\":\"2026-02-25T16:53:57+00:00\",\"description\":\"uzorkovana, meka podloga za jahanje (bareback pad) s prilo\u017eenim stremenima\",\"breadcrumb\":{\"@id\":\"https:\\\/\\\/clair.si\\\/hr\\\/izdelek\\\/podloga-za-jahanje-norton-kiowa\\\/#breadcrumb\"},\"inLanguage\":\"hr\",\"potentialAction\":[{\"@type\":\"ReadAction\",\"target\":[\"https:\\\/\\\/clair.si\\\/hr\\\/izdelek\\\/podloga-za-jahanje-norton-kiowa\\\/\"]}]},{\"@type\":\"ImageObject\",\"inLanguage\":\"hr\",\"@id\":\"https:\\\/\\\/clair.si\\\/hr\\\/izdelek\\\/podloga-za-jahanje-norton-kiowa\\\/#primaryimage\",\"url\":\"https:\\\/\\\/clair.si\\\/wp-content\\\/uploads\\\/2026\\\/02\\\/kiowa-jahalna-blazina-clair.webp\",\"contentUrl\":\"https:\\\/\\\/clair.si\\\/wp-content\\\/uploads\\\/2026\\\/02\\\/kiowa-jahalna-blazina-clair.webp\",\"width\":800,\"height\":800},{\"@type\":\"BreadcrumbList\",\"@id\":\"https:\\\/\\\/clair.si\\\/hr\\\/izdelek\\\/podloga-za-jahanje-norton-kiowa\\\/#breadcrumb\",\"itemListElement\":[{\"@type\":\"ListItem\",\"position\":1,\"name\":\"Home\",\"item\":\"https:\\\/\\\/clair.si\\\/hr\\\/\"},{\"@type\":\"ListItem\",\"position\":2,\"name\":\"Trgovina\",\"item\":\"https:\\\/\\\/clair.si\\\/trgovina\\\/\"},{\"@type\":\"ListItem\",\"position\":3,\"name\":\"Podloga za jahanje Norton Kiowa\"}]},{\"@type\":\"WebSite\",\"@id\":\"https:\\\/\\\/clair.si\\\/#website\",\"url\":\"https:\\\/\\\/clair.si\\\/\",\"name\":\"Clair\",\"description\":\"Trgovina s konjeni\u0161ko opremo\",\"publisher\":{\"@id\":\"https:\\\/\\\/clair.si\\\/#organization\"},\"potentialAction\":[{\"@type\":\"SearchAction\",\"target\":{\"@type\":\"EntryPoint\",\"urlTemplate\":\"https:\\\/\\\/clair.si\\\/?s={search_term_string}\"},\"query-input\":{\"@type\":\"PropertyValueSpecification\",\"valueRequired\":true,\"valueName\":\"search_term_string\"}}],\"inLanguage\":\"hr\"},{\"@type\":\"Organization\",\"@id\":\"https:\\\/\\\/clair.si\\\/#organization\",\"name\":\"Clair\",\"url\":\"https:\\\/\\\/clair.si\\\/\",\"logo\":{\"@type\":\"ImageObject\",\"inLanguage\":\"hr\",\"@id\":\"https:\\\/\\\/clair.si\\\/#\\\/schema\\\/logo\\\/image\\\/\",\"url\":\"https:\\\/\\\/clair.si\\\/wp-content\\\/uploads\\\/2022\\\/11\\\/clair_logo_2022.jpg\",\"contentUrl\":\"https:\\\/\\\/clair.si\\\/wp-content\\\/uploads\\\/2022\\\/11\\\/clair_logo_2022.jpg\",\"width\":1920,\"height\":1920,\"caption\":\"Clair\"},\"image\":{\"@id\":\"https:\\\/\\\/clair.si\\\/#\\\/schema\\\/logo\\\/image\\\/\"},\"sameAs\":[\"https:\\\/\\\/www.facebook.com\\\/TrgovinaClair\\\/\"]}]}<\/script>\n<!-- \/ Yoast SEO plugin. -->","yoast_head_json":{"title":"Podloga za jahanje Norton Kiowa - Clair","description":"uzorkovana, meka podloga za jahanje (bareback pad)  s prilo\u017eenim stremenima","robots":{"index":"index","follow":"follow","max-snippet":"max-snippet:-1","max-image-preview":"max-image-preview:large","max-video-preview":"max-video-preview:-1"},"canonical":"https:\/\/clair.si\/hr\/izdelek\/podloga-za-jahanje-norton-kiowa\/","og_locale":"hr_HR","og_type":"article","og_title":"Podloga za jahanje Norton Kiowa - Clair","og_description":"uzorkovana, meka podloga za jahanje (bareback pad)  s prilo\u017eenim stremenima","og_url":"https:\/\/clair.si\/hr\/izdelek\/podloga-za-jahanje-norton-kiowa\/","og_site_name":"Clair","article_publisher":"https:\/\/www.facebook.com\/TrgovinaClair\/","article_modified_time":"2026-02-25T16:53:57+00:00","og_image":[{"width":800,"height":800,"url":"https:\/\/clair.si\/wp-content\/uploads\/2026\/02\/kiowa-jahalna-blazina-clair.webp","type":"image\/jpeg"}],"twitter_card":"summary_large_image","twitter_misc":{"Procijenjeno vrijeme \u010ditanja":"1 minuta"},"schema":{"@context":"https:\/\/schema.org","@graph":[{"@type":"WebPage","@id":"https:\/\/clair.si\/hr\/izdelek\/podloga-za-jahanje-norton-kiowa\/","url":"https:\/\/clair.si\/hr\/izdelek\/podloga-za-jahanje-norton-kiowa\/","name":"Podloga za jahanje Norton Kiowa - Clair","isPartOf":{"@id":"https:\/\/clair.si\/#website"},"primaryImageOfPage":{"@id":"https:\/\/clair.si\/hr\/izdelek\/podloga-za-jahanje-norton-kiowa\/#primaryimage"},"image":{"@id":"https:\/\/clair.si\/hr\/izdelek\/podloga-za-jahanje-norton-kiowa\/#primaryimage"},"thumbnailUrl":"https:\/\/clair.si\/wp-content\/uploads\/2026\/02\/kiowa-jahalna-blazina-clair.webp","datePublished":"2026-02-04T13:19:26+00:00","dateModified":"2026-02-25T16:53:57+00:00","description":"uzorkovana, meka podloga za jahanje (bareback pad) s prilo\u017eenim stremenima","breadcrumb":{"@id":"https:\/\/clair.si\/hr\/izdelek\/podloga-za-jahanje-norton-kiowa\/#breadcrumb"},"inLanguage":"hr","potentialAction":[{"@type":"ReadAction","target":["https:\/\/clair.si\/hr\/izdelek\/podloga-za-jahanje-norton-kiowa\/"]}]},{"@type":"ImageObject","inLanguage":"hr","@id":"https:\/\/clair.si\/hr\/izdelek\/podloga-za-jahanje-norton-kiowa\/#primaryimage","url":"https:\/\/clair.si\/wp-content\/uploads\/2026\/02\/kiowa-jahalna-blazina-clair.webp","contentUrl":"https:\/\/clair.si\/wp-content\/uploads\/2026\/02\/kiowa-jahalna-blazina-clair.webp","width":800,"height":800},{"@type":"BreadcrumbList","@id":"https:\/\/clair.si\/hr\/izdelek\/podloga-za-jahanje-norton-kiowa\/#breadcrumb","itemListElement":[{"@type":"ListItem","position":1,"name":"Home","item":"https:\/\/clair.si\/hr\/"},{"@type":"ListItem","position":2,"name":"Trgovina","item":"https:\/\/clair.si\/trgovina\/"},{"@type":"ListItem","position":3,"name":"Podloga za jahanje Norton Kiowa"}]},{"@type":"WebSite","@id":"https:\/\/clair.si\/#website","url":"https:\/\/clair.si\/","name":"Clair","description":"Trgovina s konjeni\u0161ko opremo","publisher":{"@id":"https:\/\/clair.si\/#organization"},"potentialAction":[{"@type":"SearchAction","target":{"@type":"EntryPoint","urlTemplate":"https:\/\/clair.si\/?s={search_term_string}"},"query-input":{"@type":"PropertyValueSpecification","valueRequired":true,"valueName":"search_term_string"}}],"inLanguage":"hr"},{"@type":"Organization","@id":"https:\/\/clair.si\/#organization","name":"Clair","url":"https:\/\/clair.si\/","logo":{"@type":"ImageObject","inLanguage":"hr","@id":"https:\/\/clair.si\/#\/schema\/logo\/image\/","url":"https:\/\/clair.si\/wp-content\/uploads\/2022\/11\/clair_logo_2022.jpg","contentUrl":"https:\/\/clair.si\/wp-content\/uploads\/2022\/11\/clair_logo_2022.jpg","width":1920,"height":1920,"caption":"Clair"},"image":{"@id":"https:\/\/clair.si\/#\/schema\/logo\/image\/"},"sameAs":["https:\/\/www.facebook.com\/TrgovinaClair\/"]}]}},"_links":{"self":[{"href":"https:\/\/clair.si\/hr\/wp-json\/wp\/v2\/product\/131678","targetHints":{"allow":["GET"]}}],"collection":[{"href":"https:\/\/clair.si\/hr\/wp-json\/wp\/v2\/product"}],"about":[{"href":"https:\/\/clair.si\/hr\/wp-json\/wp\/v2\/types\/product"}],"version-history":[{"count":1,"href":"https:\/\/clair.si\/hr\/wp-json\/wp\/v2\/product\/131678\/revisions"}],"predecessor-version":[{"id":131707,"href":"https:\/\/clair.si\/hr\/wp-json\/wp\/v2\/product\/131678\/revisions\/131707"}],"wp:featuredmedia":[{"embeddable":true,"href":"https:\/\/clair.si\/hr\/wp-json\/wp\/v2\/media\/131679"}],"wp:attachment":[{"href":"https:\/\/clair.si\/hr\/wp-json\/wp\/v2\/media?parent=131678"}],"wp:term":[{"taxonomy":"product_brand","embeddable":true,"href":"https:\/\/clair.si\/hr\/wp-json\/wp\/v2\/product_brand?post=131678"},{"taxonomy":"product_cat","embeddable":true,"href":"https:\/\/clair.si\/hr\/wp-json\/wp\/v2\/product_cat?post=131678"},{"taxonomy":"product_tag","embeddable":true,"href":"https:\/\/clair.si\/hr\/wp-json\/wp\/v2\/product_tag?post=131678"}],"curies":[{"name":"wp","href":"https:\/\/api.w.org\/{rel}","templated":true}]}}