{"id":131683,"date":"2026-02-09T10:22:53","date_gmt":"2026-02-09T09:22:53","guid":{"rendered":"https:\/\/clair.si\/izdelek\/vratni-dio-za-pokrivac-alaska-iv-100g-bordo\/"},"modified":"2026-02-09T10:22:53","modified_gmt":"2026-02-09T09:22:53","slug":"vratni-dio-za-pokrivac-alaska-iv-100g-bordo","status":"publish","type":"product","link":"https:\/\/clair.si\/hr\/izdelek\/vratni-dio-za-pokrivac-alaska-iv-100g-bordo\/","title":{"rendered":"Vratni dio za pokriva\u010d Alaska IV 100g bordo"},"content":{"rendered":"<p data-start=\"0\" data-end=\"356\">Vratni dio za pokriva\u010d Alaska IV 100g bordo idealna je nadogradnja deke kada konju \u017eelite pru\u017eiti dodatnu za\u0161titu vrata od vjetra, ki\u0161e i hladno\u0107e. Zahvaljuju\u0107i <strong data-start=\"161\" data-end=\"187\">100 g podstave<\/strong> ugodno grije vrat u prijelaznom i hladnijem vremenu, a istovremeno ostaje funkcionalan za ispust jer je <strong data-start=\"292\" data-end=\"317\">vodootporan i prozra\u010dan<\/strong>. <\/p>\n<p data-start=\"358\" data-end=\"612\">Ima <strong data-start=\"424\" data-end=\"443\">\u010di\u010dak trake sa strane<\/strong> za pri\u010dvr\u0161\u0107ivanje na deku te dodatne <strong data-start=\"479\" data-end=\"512\">\u010di\u010dak trake na donjoj strani vrata<\/strong>, \u0161to poma\u017ee da ostane na mjestu \u010dak i tijekom kretanja i valjanja.<\/p>\n<ul data-start=\"636\" data-end=\"1053\">\n<li data-start=\"636\" data-end=\"757\">\n<p data-start=\"638\" data-end=\"757\"><strong data-start=\"638\" data-end=\"659\">Vanjski materijal:<\/strong> 1200D ripstop poliester (otporan na kidanje i habanje)<\/p>\n<\/li>\n<li data-start=\"758\" data-end=\"818\">\n<p data-start=\"760\" data-end=\"818\"><strong data-start=\"760\" data-end=\"772\">Punjenje:<\/strong> 100 g<\/p>\n<\/li>\n<li data-start=\"819\" data-end=\"931\">\n<p data-start=\"821\" data-end=\"931\"><strong data-start=\"821\" data-end=\"850\">Vodootpornost \/ prozra\u010dnost:<\/strong> 4000 mm vodenog stupca \/ 3000 g\/m\u00b2\/24 h<\/p>\n<\/li>\n<li data-start=\"932\" data-end=\"1053\">\n<p data-start=\"934\" data-end=\"1053\"><strong data-start=\"934\" data-end=\"949\">Pri\u010dvr\u0161\u0107ivanje:<\/strong> \u010di\u010dak trake sa strane + \u010di\u010dak trake na donjoj strani vrata (protiv klizanja)<\/p>\n<\/li>\n<\/ul>\n<p data-start=\"1055\" data-end=\"1197\">Kompatibilno s <b>pokriva\u010dem Kavalkade Alaska.<\/b><\/p>\n","protected":false},"excerpt":{"rendered":"<ul>\n<li>M = pokriva\u010di od 115 cm do 135 cm<\/li>\n<li>L = pokriva\u010di od 145 cm nadalje<\/li>\n<\/ul>\n","protected":false},"featured_media":130002,"template":"","meta":{"footnotes":""},"product_brand":[],"product_cat":[5692,6293,5624,5802],"product_tag":[],"class_list":{"0":"post-131683","1":"product","2":"type-product","3":"status-publish","4":"has-post-thumbnail","6":"product_cat-pokrivaci","7":"product_cat-dodaci-za-pokrivace","8":"product_cat-konj-hr","9":"product_cat-zimski-deke","11":"first","12":"outofstock","13":"shipping-taxable","14":"purchasable","15":"product-type-variable"},"yoast_head":"<!-- This site is optimized with the Yoast SEO plugin v27.4 - https:\/\/yoast.com\/product\/yoast-seo-wordpress\/ -->\n<title>Vratni dio za pokriva\u010d Alaska IV 100g bordo - Clair<\/title>\n<meta name=\"description\" content=\"M = pokriva\u010di od 115 cm do 135 cm  L = pokriva\u010di od 145 cm nadalje\" \/>\n<meta name=\"robots\" content=\"index, follow, max-snippet:-1, max-image-preview:large, max-video-preview:-1\" \/>\n<link rel=\"canonical\" href=\"https:\/\/clair.si\/hr\/izdelek\/vratni-dio-za-pokrivac-alaska-iv-100g-bordo\/\" \/>\n<meta property=\"og:locale\" content=\"hr_HR\" \/>\n<meta property=\"og:type\" content=\"article\" \/>\n<meta property=\"og:title\" content=\"Vratni dio za pokriva\u010d Alaska IV 100g bordo - Clair\" \/>\n<meta property=\"og:description\" content=\"M = pokriva\u010di od 115 cm do 135 cm  L = pokriva\u010di od 145 cm nadalje\" \/>\n<meta property=\"og:url\" content=\"https:\/\/clair.si\/hr\/izdelek\/vratni-dio-za-pokrivac-alaska-iv-100g-bordo\/\" \/>\n<meta property=\"og:site_name\" content=\"Clair\" \/>\n<meta property=\"article:publisher\" content=\"https:\/\/www.facebook.com\/TrgovinaClair\/\" \/>\n<meta property=\"og:image\" content=\"https:\/\/clair.si\/wp-content\/uploads\/2026\/02\/vratni-del-bordo-clair.webp\" \/>\n\t<meta property=\"og:image:width\" content=\"800\" \/>\n\t<meta property=\"og:image:height\" content=\"800\" \/>\n\t<meta property=\"og:image:type\" content=\"image\/jpeg\" \/>\n<meta name=\"twitter:card\" content=\"summary_large_image\" \/>\n<meta name=\"twitter:label1\" content=\"Procijenjeno vrijeme \u010ditanja\" \/>\n\t<meta name=\"twitter:data1\" content=\"1 minuta\" \/>\n<script type=\"application\/ld+json\" class=\"yoast-schema-graph\">{\"@context\":\"https:\\\/\\\/schema.org\",\"@graph\":[{\"@type\":\"WebPage\",\"@id\":\"https:\\\/\\\/clair.si\\\/hr\\\/izdelek\\\/vratni-dio-za-pokrivac-alaska-iv-100g-bordo\\\/\",\"url\":\"https:\\\/\\\/clair.si\\\/hr\\\/izdelek\\\/vratni-dio-za-pokrivac-alaska-iv-100g-bordo\\\/\",\"name\":\"Vratni dio za pokriva\u010d Alaska IV 100g bordo - Clair\",\"isPartOf\":{\"@id\":\"https:\\\/\\\/clair.si\\\/#website\"},\"primaryImageOfPage\":{\"@id\":\"https:\\\/\\\/clair.si\\\/hr\\\/izdelek\\\/vratni-dio-za-pokrivac-alaska-iv-100g-bordo\\\/#primaryimage\"},\"image\":{\"@id\":\"https:\\\/\\\/clair.si\\\/hr\\\/izdelek\\\/vratni-dio-za-pokrivac-alaska-iv-100g-bordo\\\/#primaryimage\"},\"thumbnailUrl\":\"https:\\\/\\\/clair.si\\\/wp-content\\\/uploads\\\/2026\\\/02\\\/vratni-del-bordo-clair.webp\",\"datePublished\":\"2026-02-09T09:22:53+00:00\",\"description\":\"M = pokriva\u010di od 115 cm do 135 cm L = pokriva\u010di od 145 cm nadalje\",\"breadcrumb\":{\"@id\":\"https:\\\/\\\/clair.si\\\/hr\\\/izdelek\\\/vratni-dio-za-pokrivac-alaska-iv-100g-bordo\\\/#breadcrumb\"},\"inLanguage\":\"hr\",\"potentialAction\":[{\"@type\":\"ReadAction\",\"target\":[\"https:\\\/\\\/clair.si\\\/hr\\\/izdelek\\\/vratni-dio-za-pokrivac-alaska-iv-100g-bordo\\\/\"]}]},{\"@type\":\"ImageObject\",\"inLanguage\":\"hr\",\"@id\":\"https:\\\/\\\/clair.si\\\/hr\\\/izdelek\\\/vratni-dio-za-pokrivac-alaska-iv-100g-bordo\\\/#primaryimage\",\"url\":\"https:\\\/\\\/clair.si\\\/wp-content\\\/uploads\\\/2026\\\/02\\\/vratni-del-bordo-clair.webp\",\"contentUrl\":\"https:\\\/\\\/clair.si\\\/wp-content\\\/uploads\\\/2026\\\/02\\\/vratni-del-bordo-clair.webp\",\"width\":800,\"height\":800},{\"@type\":\"BreadcrumbList\",\"@id\":\"https:\\\/\\\/clair.si\\\/hr\\\/izdelek\\\/vratni-dio-za-pokrivac-alaska-iv-100g-bordo\\\/#breadcrumb\",\"itemListElement\":[{\"@type\":\"ListItem\",\"position\":1,\"name\":\"Home\",\"item\":\"https:\\\/\\\/clair.si\\\/hr\\\/\"},{\"@type\":\"ListItem\",\"position\":2,\"name\":\"Trgovina\",\"item\":\"https:\\\/\\\/clair.si\\\/trgovina\\\/\"},{\"@type\":\"ListItem\",\"position\":3,\"name\":\"Vratni dio za pokriva\u010d Alaska IV 100g bordo\"}]},{\"@type\":\"WebSite\",\"@id\":\"https:\\\/\\\/clair.si\\\/#website\",\"url\":\"https:\\\/\\\/clair.si\\\/\",\"name\":\"Clair\",\"description\":\"Trgovina s konjeni\u0161ko opremo\",\"publisher\":{\"@id\":\"https:\\\/\\\/clair.si\\\/#organization\"},\"potentialAction\":[{\"@type\":\"SearchAction\",\"target\":{\"@type\":\"EntryPoint\",\"urlTemplate\":\"https:\\\/\\\/clair.si\\\/?s={search_term_string}\"},\"query-input\":{\"@type\":\"PropertyValueSpecification\",\"valueRequired\":true,\"valueName\":\"search_term_string\"}}],\"inLanguage\":\"hr\"},{\"@type\":\"Organization\",\"@id\":\"https:\\\/\\\/clair.si\\\/#organization\",\"name\":\"Clair\",\"url\":\"https:\\\/\\\/clair.si\\\/\",\"logo\":{\"@type\":\"ImageObject\",\"inLanguage\":\"hr\",\"@id\":\"https:\\\/\\\/clair.si\\\/#\\\/schema\\\/logo\\\/image\\\/\",\"url\":\"https:\\\/\\\/clair.si\\\/wp-content\\\/uploads\\\/2022\\\/11\\\/clair_logo_2022.jpg\",\"contentUrl\":\"https:\\\/\\\/clair.si\\\/wp-content\\\/uploads\\\/2022\\\/11\\\/clair_logo_2022.jpg\",\"width\":1920,\"height\":1920,\"caption\":\"Clair\"},\"image\":{\"@id\":\"https:\\\/\\\/clair.si\\\/#\\\/schema\\\/logo\\\/image\\\/\"},\"sameAs\":[\"https:\\\/\\\/www.facebook.com\\\/TrgovinaClair\\\/\"]}]}<\/script>\n<!-- \/ Yoast SEO plugin. -->","yoast_head_json":{"title":"Vratni dio za pokriva\u010d Alaska IV 100g bordo - Clair","description":"M = pokriva\u010di od 115 cm do 135 cm  L = pokriva\u010di od 145 cm nadalje","robots":{"index":"index","follow":"follow","max-snippet":"max-snippet:-1","max-image-preview":"max-image-preview:large","max-video-preview":"max-video-preview:-1"},"canonical":"https:\/\/clair.si\/hr\/izdelek\/vratni-dio-za-pokrivac-alaska-iv-100g-bordo\/","og_locale":"hr_HR","og_type":"article","og_title":"Vratni dio za pokriva\u010d Alaska IV 100g bordo - Clair","og_description":"M = pokriva\u010di od 115 cm do 135 cm  L = pokriva\u010di od 145 cm nadalje","og_url":"https:\/\/clair.si\/hr\/izdelek\/vratni-dio-za-pokrivac-alaska-iv-100g-bordo\/","og_site_name":"Clair","article_publisher":"https:\/\/www.facebook.com\/TrgovinaClair\/","og_image":[{"width":800,"height":800,"url":"https:\/\/clair.si\/wp-content\/uploads\/2026\/02\/vratni-del-bordo-clair.webp","type":"image\/jpeg"}],"twitter_card":"summary_large_image","twitter_misc":{"Procijenjeno vrijeme \u010ditanja":"1 minuta"},"schema":{"@context":"https:\/\/schema.org","@graph":[{"@type":"WebPage","@id":"https:\/\/clair.si\/hr\/izdelek\/vratni-dio-za-pokrivac-alaska-iv-100g-bordo\/","url":"https:\/\/clair.si\/hr\/izdelek\/vratni-dio-za-pokrivac-alaska-iv-100g-bordo\/","name":"Vratni dio za pokriva\u010d Alaska IV 100g bordo - Clair","isPartOf":{"@id":"https:\/\/clair.si\/#website"},"primaryImageOfPage":{"@id":"https:\/\/clair.si\/hr\/izdelek\/vratni-dio-za-pokrivac-alaska-iv-100g-bordo\/#primaryimage"},"image":{"@id":"https:\/\/clair.si\/hr\/izdelek\/vratni-dio-za-pokrivac-alaska-iv-100g-bordo\/#primaryimage"},"thumbnailUrl":"https:\/\/clair.si\/wp-content\/uploads\/2026\/02\/vratni-del-bordo-clair.webp","datePublished":"2026-02-09T09:22:53+00:00","description":"M = pokriva\u010di od 115 cm do 135 cm L = pokriva\u010di od 145 cm nadalje","breadcrumb":{"@id":"https:\/\/clair.si\/hr\/izdelek\/vratni-dio-za-pokrivac-alaska-iv-100g-bordo\/#breadcrumb"},"inLanguage":"hr","potentialAction":[{"@type":"ReadAction","target":["https:\/\/clair.si\/hr\/izdelek\/vratni-dio-za-pokrivac-alaska-iv-100g-bordo\/"]}]},{"@type":"ImageObject","inLanguage":"hr","@id":"https:\/\/clair.si\/hr\/izdelek\/vratni-dio-za-pokrivac-alaska-iv-100g-bordo\/#primaryimage","url":"https:\/\/clair.si\/wp-content\/uploads\/2026\/02\/vratni-del-bordo-clair.webp","contentUrl":"https:\/\/clair.si\/wp-content\/uploads\/2026\/02\/vratni-del-bordo-clair.webp","width":800,"height":800},{"@type":"BreadcrumbList","@id":"https:\/\/clair.si\/hr\/izdelek\/vratni-dio-za-pokrivac-alaska-iv-100g-bordo\/#breadcrumb","itemListElement":[{"@type":"ListItem","position":1,"name":"Home","item":"https:\/\/clair.si\/hr\/"},{"@type":"ListItem","position":2,"name":"Trgovina","item":"https:\/\/clair.si\/trgovina\/"},{"@type":"ListItem","position":3,"name":"Vratni dio za pokriva\u010d Alaska IV 100g bordo"}]},{"@type":"WebSite","@id":"https:\/\/clair.si\/#website","url":"https:\/\/clair.si\/","name":"Clair","description":"Trgovina s konjeni\u0161ko opremo","publisher":{"@id":"https:\/\/clair.si\/#organization"},"potentialAction":[{"@type":"SearchAction","target":{"@type":"EntryPoint","urlTemplate":"https:\/\/clair.si\/?s={search_term_string}"},"query-input":{"@type":"PropertyValueSpecification","valueRequired":true,"valueName":"search_term_string"}}],"inLanguage":"hr"},{"@type":"Organization","@id":"https:\/\/clair.si\/#organization","name":"Clair","url":"https:\/\/clair.si\/","logo":{"@type":"ImageObject","inLanguage":"hr","@id":"https:\/\/clair.si\/#\/schema\/logo\/image\/","url":"https:\/\/clair.si\/wp-content\/uploads\/2022\/11\/clair_logo_2022.jpg","contentUrl":"https:\/\/clair.si\/wp-content\/uploads\/2022\/11\/clair_logo_2022.jpg","width":1920,"height":1920,"caption":"Clair"},"image":{"@id":"https:\/\/clair.si\/#\/schema\/logo\/image\/"},"sameAs":["https:\/\/www.facebook.com\/TrgovinaClair\/"]}]}},"_links":{"self":[{"href":"https:\/\/clair.si\/hr\/wp-json\/wp\/v2\/product\/131683","targetHints":{"allow":["GET"]}}],"collection":[{"href":"https:\/\/clair.si\/hr\/wp-json\/wp\/v2\/product"}],"about":[{"href":"https:\/\/clair.si\/hr\/wp-json\/wp\/v2\/types\/product"}],"version-history":[{"count":0,"href":"https:\/\/clair.si\/hr\/wp-json\/wp\/v2\/product\/131683\/revisions"}],"wp:featuredmedia":[{"embeddable":true,"href":"https:\/\/clair.si\/hr\/wp-json\/wp\/v2\/media\/130002"}],"wp:attachment":[{"href":"https:\/\/clair.si\/hr\/wp-json\/wp\/v2\/media?parent=131683"}],"wp:term":[{"taxonomy":"product_brand","embeddable":true,"href":"https:\/\/clair.si\/hr\/wp-json\/wp\/v2\/product_brand?post=131683"},{"taxonomy":"product_cat","embeddable":true,"href":"https:\/\/clair.si\/hr\/wp-json\/wp\/v2\/product_cat?post=131683"},{"taxonomy":"product_tag","embeddable":true,"href":"https:\/\/clair.si\/hr\/wp-json\/wp\/v2\/product_tag?post=131683"}],"curies":[{"name":"wp","href":"https:\/\/api.w.org\/{rel}","templated":true}]}}