{"id":131694,"date":"2026-02-05T15:43:06","date_gmt":"2026-02-05T14:43:06","guid":{"rendered":"https:\/\/clair.si\/izdelek\/prekrivac-e-t-lumin-600d-50g\/"},"modified":"2026-02-05T15:43:06","modified_gmt":"2026-02-05T14:43:06","slug":"prekrivac-e-t-lumin-600d-50g","status":"publish","type":"product","link":"https:\/\/clair.si\/hr\/izdelek\/prekrivac-e-t-lumin-600d-50g\/","title":{"rendered":"Prekriva\u010d E-T Lumin 600D\/50g"},"content":{"rendered":"<p data-start=\"0\" data-end=\"356\">Prekriva\u010d E-T Lumin 600D\/50g vanjska je deka za ispust, dizajnirana za svakodnevnu upotrebu u promjenjivim vremenskim uvjetima, pri \u010demu je glavna prednost linije <strong data-start=\"165\" data-end=\"191\">LUMIN pove\u0107ana vidljivost<\/strong> \u2013 deka ima <strong data-start=\"204\" data-end=\"238\">reflektiraju\u0107e trake\/reflektiraju\u0107i obrub<\/strong>, zbog \u010dega je konj bolje uo\u010dljiv u sumrak, maglu ili pri slabijem osvjetljenju na pa\u0161njaku.<\/p>\n<p data-start=\"358\" data-end=\"819\">Vanjski materijal je <strong data-start=\"378\" data-end=\"404\">600D ripstop poliester<\/strong> (izdr\u017eljiv i otporan na kidanje), deka je <strong data-start=\"449\" data-end=\"474\">vodootporna i prozra\u010dna<\/strong> te izra\u0111ena s <strong data-start=\"490\" data-end=\"509\">lijepljenim \u0161avovima.<\/strong><\/p>\n<p data-start=\"358\" data-end=\"819\"><br data-start=\"637\" data-end=\"640\">Unutra\u0161njost je <strong data-start=\"654\" data-end=\"677\">podstavljena najlonom<\/strong>, a na grebenu se nalazi <strong data-start=\"725\" data-end=\"766\">podstava od sinteti\u010dkog ov\u010djeg krzna<\/strong> za ve\u0107u udobnost.<\/p>\n<p data-start=\"821\" data-end=\"1261\">Za stabilnost na ispustu brinu se <strong data-start=\"856\" data-end=\"896\">kri\u017eni pojasevi<\/strong> i <strong data-start=\"900\" data-end=\"927\">podesivi remen za rep<\/strong>, kop\u010danje na prsima je brzo i podesivo; LUMIN model ima jo\u0161 i <strong data-start=\"992\" data-end=\"1043\">3 prstena za pri\u010dvr\u0161\u0107ivanje vrata<\/strong> te dodatnu najlonsku za\u0161titu na prednjem dijelu ramena protiv trljanja.<\/p>\n<p data-start=\"821\" data-end=\"1261\"><br data-start=\"1150\" data-end=\"1153\" data-is-only-node=\"\"><strong>Vratni dio kupuje se zasebno (kompatibilan s linijom TYREX LUMIN 600D). &#8211; https:\/\/clair.si\/izdelek\/vratni-del-pregrinjala-e-t-lumin-600d\/ <\/strong><\/p>\n<p data-start=\"1263\" data-end=\"1487\">Materijal: 100 % poliester (600D ripstop), unutra\u0161njost: najlonska podstava, reflektiraju\u0107i detalji LUMIN.<\/p>\n","protected":false},"excerpt":{"rendered":"<ul>\n<li>s reflektiraju\u0107im materijalom<\/li>\n<li>prijelazna deka &#8211; 50g<\/li>\n<\/ul>\n","protected":false},"featured_media":129793,"template":"","meta":{"footnotes":""},"product_brand":[],"product_cat":[5692,5624,5802],"product_tag":[],"class_list":{"0":"post-131694","1":"product","2":"type-product","3":"status-publish","4":"has-post-thumbnail","6":"product_cat-pokrivaci","7":"product_cat-konj-hr","8":"product_cat-zimski-deke","10":"first","11":"instock","12":"sale","13":"shipping-taxable","14":"purchasable","15":"product-type-variable"},"yoast_head":"<!-- This site is optimized with the Yoast SEO plugin v27.4 - https:\/\/yoast.com\/product\/yoast-seo-wordpress\/ -->\n<title>Prekriva\u010d E-T Lumin 600D\/50g - Clair<\/title>\n<meta name=\"description\" content=\"s reflektiraju\u0107im materijalom  prijelazna deka - 50g\" \/>\n<meta name=\"robots\" content=\"index, follow, max-snippet:-1, max-image-preview:large, max-video-preview:-1\" \/>\n<link rel=\"canonical\" href=\"https:\/\/clair.si\/hr\/izdelek\/prekrivac-e-t-lumin-600d-50g\/\" \/>\n<meta property=\"og:locale\" content=\"hr_HR\" \/>\n<meta property=\"og:type\" content=\"article\" \/>\n<meta property=\"og:title\" content=\"Prekriva\u010d E-T Lumin 600D\/50g - Clair\" \/>\n<meta property=\"og:description\" content=\"s reflektiraju\u0107im materijalom  prijelazna deka - 50g\" \/>\n<meta property=\"og:url\" content=\"https:\/\/clair.si\/hr\/izdelek\/prekrivac-e-t-lumin-600d-50g\/\" \/>\n<meta property=\"og:site_name\" content=\"Clair\" \/>\n<meta property=\"article:publisher\" content=\"https:\/\/www.facebook.com\/TrgovinaClair\/\" \/>\n<meta property=\"og:image\" content=\"https:\/\/clair.si\/wp-content\/uploads\/2026\/02\/400589059_ambi_2_print-scaled.webp\" \/>\n\t<meta property=\"og:image:width\" content=\"2560\" \/>\n\t<meta property=\"og:image:height\" content=\"1441\" \/>\n\t<meta property=\"og:image:type\" content=\"image\/jpeg\" \/>\n<meta name=\"twitter:card\" content=\"summary_large_image\" \/>\n<meta name=\"twitter:label1\" content=\"Procijenjeno vrijeme \u010ditanja\" \/>\n\t<meta name=\"twitter:data1\" content=\"1 minuta\" \/>\n<script type=\"application\/ld+json\" class=\"yoast-schema-graph\">{\"@context\":\"https:\\\/\\\/schema.org\",\"@graph\":[{\"@type\":\"WebPage\",\"@id\":\"https:\\\/\\\/clair.si\\\/hr\\\/izdelek\\\/prekrivac-e-t-lumin-600d-50g\\\/\",\"url\":\"https:\\\/\\\/clair.si\\\/hr\\\/izdelek\\\/prekrivac-e-t-lumin-600d-50g\\\/\",\"name\":\"Prekriva\u010d E-T Lumin 600D\\\/50g - Clair\",\"isPartOf\":{\"@id\":\"https:\\\/\\\/clair.si\\\/#website\"},\"primaryImageOfPage\":{\"@id\":\"https:\\\/\\\/clair.si\\\/hr\\\/izdelek\\\/prekrivac-e-t-lumin-600d-50g\\\/#primaryimage\"},\"image\":{\"@id\":\"https:\\\/\\\/clair.si\\\/hr\\\/izdelek\\\/prekrivac-e-t-lumin-600d-50g\\\/#primaryimage\"},\"thumbnailUrl\":\"https:\\\/\\\/clair.si\\\/wp-content\\\/uploads\\\/2026\\\/02\\\/400589059_ambi_2_print-scaled.webp\",\"datePublished\":\"2026-02-05T14:43:06+00:00\",\"description\":\"s reflektiraju\u0107im materijalom prijelazna deka - 50g\",\"breadcrumb\":{\"@id\":\"https:\\\/\\\/clair.si\\\/hr\\\/izdelek\\\/prekrivac-e-t-lumin-600d-50g\\\/#breadcrumb\"},\"inLanguage\":\"hr\",\"potentialAction\":[{\"@type\":\"ReadAction\",\"target\":[\"https:\\\/\\\/clair.si\\\/hr\\\/izdelek\\\/prekrivac-e-t-lumin-600d-50g\\\/\"]}]},{\"@type\":\"ImageObject\",\"inLanguage\":\"hr\",\"@id\":\"https:\\\/\\\/clair.si\\\/hr\\\/izdelek\\\/prekrivac-e-t-lumin-600d-50g\\\/#primaryimage\",\"url\":\"https:\\\/\\\/clair.si\\\/wp-content\\\/uploads\\\/2026\\\/02\\\/400589059_ambi_2_print-scaled.webp\",\"contentUrl\":\"https:\\\/\\\/clair.si\\\/wp-content\\\/uploads\\\/2026\\\/02\\\/400589059_ambi_2_print-scaled.webp\",\"width\":2560,\"height\":1441},{\"@type\":\"BreadcrumbList\",\"@id\":\"https:\\\/\\\/clair.si\\\/hr\\\/izdelek\\\/prekrivac-e-t-lumin-600d-50g\\\/#breadcrumb\",\"itemListElement\":[{\"@type\":\"ListItem\",\"position\":1,\"name\":\"Home\",\"item\":\"https:\\\/\\\/clair.si\\\/hr\\\/\"},{\"@type\":\"ListItem\",\"position\":2,\"name\":\"Trgovina\",\"item\":\"https:\\\/\\\/clair.si\\\/trgovina\\\/\"},{\"@type\":\"ListItem\",\"position\":3,\"name\":\"Prekriva\u010d E-T Lumin 600D\\\/50g\"}]},{\"@type\":\"WebSite\",\"@id\":\"https:\\\/\\\/clair.si\\\/#website\",\"url\":\"https:\\\/\\\/clair.si\\\/\",\"name\":\"Clair\",\"description\":\"Trgovina s konjeni\u0161ko opremo\",\"publisher\":{\"@id\":\"https:\\\/\\\/clair.si\\\/#organization\"},\"potentialAction\":[{\"@type\":\"SearchAction\",\"target\":{\"@type\":\"EntryPoint\",\"urlTemplate\":\"https:\\\/\\\/clair.si\\\/?s={search_term_string}\"},\"query-input\":{\"@type\":\"PropertyValueSpecification\",\"valueRequired\":true,\"valueName\":\"search_term_string\"}}],\"inLanguage\":\"hr\"},{\"@type\":\"Organization\",\"@id\":\"https:\\\/\\\/clair.si\\\/#organization\",\"name\":\"Clair\",\"url\":\"https:\\\/\\\/clair.si\\\/\",\"logo\":{\"@type\":\"ImageObject\",\"inLanguage\":\"hr\",\"@id\":\"https:\\\/\\\/clair.si\\\/#\\\/schema\\\/logo\\\/image\\\/\",\"url\":\"https:\\\/\\\/clair.si\\\/wp-content\\\/uploads\\\/2022\\\/11\\\/clair_logo_2022.jpg\",\"contentUrl\":\"https:\\\/\\\/clair.si\\\/wp-content\\\/uploads\\\/2022\\\/11\\\/clair_logo_2022.jpg\",\"width\":1920,\"height\":1920,\"caption\":\"Clair\"},\"image\":{\"@id\":\"https:\\\/\\\/clair.si\\\/#\\\/schema\\\/logo\\\/image\\\/\"},\"sameAs\":[\"https:\\\/\\\/www.facebook.com\\\/TrgovinaClair\\\/\"]}]}<\/script>\n<!-- \/ Yoast SEO plugin. -->","yoast_head_json":{"title":"Prekriva\u010d E-T Lumin 600D\/50g - Clair","description":"s reflektiraju\u0107im materijalom  prijelazna deka - 50g","robots":{"index":"index","follow":"follow","max-snippet":"max-snippet:-1","max-image-preview":"max-image-preview:large","max-video-preview":"max-video-preview:-1"},"canonical":"https:\/\/clair.si\/hr\/izdelek\/prekrivac-e-t-lumin-600d-50g\/","og_locale":"hr_HR","og_type":"article","og_title":"Prekriva\u010d E-T Lumin 600D\/50g - Clair","og_description":"s reflektiraju\u0107im materijalom  prijelazna deka - 50g","og_url":"https:\/\/clair.si\/hr\/izdelek\/prekrivac-e-t-lumin-600d-50g\/","og_site_name":"Clair","article_publisher":"https:\/\/www.facebook.com\/TrgovinaClair\/","og_image":[{"width":2560,"height":1441,"url":"https:\/\/clair.si\/wp-content\/uploads\/2026\/02\/400589059_ambi_2_print-scaled.webp","type":"image\/jpeg"}],"twitter_card":"summary_large_image","twitter_misc":{"Procijenjeno vrijeme \u010ditanja":"1 minuta"},"schema":{"@context":"https:\/\/schema.org","@graph":[{"@type":"WebPage","@id":"https:\/\/clair.si\/hr\/izdelek\/prekrivac-e-t-lumin-600d-50g\/","url":"https:\/\/clair.si\/hr\/izdelek\/prekrivac-e-t-lumin-600d-50g\/","name":"Prekriva\u010d E-T Lumin 600D\/50g - Clair","isPartOf":{"@id":"https:\/\/clair.si\/#website"},"primaryImageOfPage":{"@id":"https:\/\/clair.si\/hr\/izdelek\/prekrivac-e-t-lumin-600d-50g\/#primaryimage"},"image":{"@id":"https:\/\/clair.si\/hr\/izdelek\/prekrivac-e-t-lumin-600d-50g\/#primaryimage"},"thumbnailUrl":"https:\/\/clair.si\/wp-content\/uploads\/2026\/02\/400589059_ambi_2_print-scaled.webp","datePublished":"2026-02-05T14:43:06+00:00","description":"s reflektiraju\u0107im materijalom prijelazna deka - 50g","breadcrumb":{"@id":"https:\/\/clair.si\/hr\/izdelek\/prekrivac-e-t-lumin-600d-50g\/#breadcrumb"},"inLanguage":"hr","potentialAction":[{"@type":"ReadAction","target":["https:\/\/clair.si\/hr\/izdelek\/prekrivac-e-t-lumin-600d-50g\/"]}]},{"@type":"ImageObject","inLanguage":"hr","@id":"https:\/\/clair.si\/hr\/izdelek\/prekrivac-e-t-lumin-600d-50g\/#primaryimage","url":"https:\/\/clair.si\/wp-content\/uploads\/2026\/02\/400589059_ambi_2_print-scaled.webp","contentUrl":"https:\/\/clair.si\/wp-content\/uploads\/2026\/02\/400589059_ambi_2_print-scaled.webp","width":2560,"height":1441},{"@type":"BreadcrumbList","@id":"https:\/\/clair.si\/hr\/izdelek\/prekrivac-e-t-lumin-600d-50g\/#breadcrumb","itemListElement":[{"@type":"ListItem","position":1,"name":"Home","item":"https:\/\/clair.si\/hr\/"},{"@type":"ListItem","position":2,"name":"Trgovina","item":"https:\/\/clair.si\/trgovina\/"},{"@type":"ListItem","position":3,"name":"Prekriva\u010d E-T Lumin 600D\/50g"}]},{"@type":"WebSite","@id":"https:\/\/clair.si\/#website","url":"https:\/\/clair.si\/","name":"Clair","description":"Trgovina s konjeni\u0161ko opremo","publisher":{"@id":"https:\/\/clair.si\/#organization"},"potentialAction":[{"@type":"SearchAction","target":{"@type":"EntryPoint","urlTemplate":"https:\/\/clair.si\/?s={search_term_string}"},"query-input":{"@type":"PropertyValueSpecification","valueRequired":true,"valueName":"search_term_string"}}],"inLanguage":"hr"},{"@type":"Organization","@id":"https:\/\/clair.si\/#organization","name":"Clair","url":"https:\/\/clair.si\/","logo":{"@type":"ImageObject","inLanguage":"hr","@id":"https:\/\/clair.si\/#\/schema\/logo\/image\/","url":"https:\/\/clair.si\/wp-content\/uploads\/2022\/11\/clair_logo_2022.jpg","contentUrl":"https:\/\/clair.si\/wp-content\/uploads\/2022\/11\/clair_logo_2022.jpg","width":1920,"height":1920,"caption":"Clair"},"image":{"@id":"https:\/\/clair.si\/#\/schema\/logo\/image\/"},"sameAs":["https:\/\/www.facebook.com\/TrgovinaClair\/"]}]}},"_links":{"self":[{"href":"https:\/\/clair.si\/hr\/wp-json\/wp\/v2\/product\/131694","targetHints":{"allow":["GET"]}}],"collection":[{"href":"https:\/\/clair.si\/hr\/wp-json\/wp\/v2\/product"}],"about":[{"href":"https:\/\/clair.si\/hr\/wp-json\/wp\/v2\/types\/product"}],"version-history":[{"count":0,"href":"https:\/\/clair.si\/hr\/wp-json\/wp\/v2\/product\/131694\/revisions"}],"wp:featuredmedia":[{"embeddable":true,"href":"https:\/\/clair.si\/hr\/wp-json\/wp\/v2\/media\/129793"}],"wp:attachment":[{"href":"https:\/\/clair.si\/hr\/wp-json\/wp\/v2\/media?parent=131694"}],"wp:term":[{"taxonomy":"product_brand","embeddable":true,"href":"https:\/\/clair.si\/hr\/wp-json\/wp\/v2\/product_brand?post=131694"},{"taxonomy":"product_cat","embeddable":true,"href":"https:\/\/clair.si\/hr\/wp-json\/wp\/v2\/product_cat?post=131694"},{"taxonomy":"product_tag","embeddable":true,"href":"https:\/\/clair.si\/hr\/wp-json\/wp\/v2\/product_tag?post=131694"}],"curies":[{"name":"wp","href":"https:\/\/api.w.org\/{rel}","templated":true}]}}