{"id":131695,"date":"2026-02-06T12:33:47","date_gmt":"2026-02-06T11:33:47","guid":{"rendered":"https:\/\/clair.si\/izdelek\/komplet-za-ponija-lucy\/"},"modified":"2026-02-06T12:33:47","modified_gmt":"2026-02-06T11:33:47","slug":"komplet-za-ponija-lucy","status":"publish","type":"product","link":"https:\/\/clair.si\/hr\/izdelek\/komplet-za-ponija-lucy\/","title":{"rendered":"Komplet za ponija Lucy"},"content":{"rendered":"<p data-start=\"0\" data-end=\"401\">Komplet za ponija Lucy lagan je, osnovni set za ponije i dje\u010dje \u201eprvo sedlanje\u201d, prikladan za u\u010denje, lon\u017eiranje i kratka opu\u0161tena jahanja, gdje je prvenstveno va\u017eno da je oprema jednostavna, nezahtjevna i pristupa\u010dna. Set je izra\u0111en od <strong data-start=\"266\" data-end=\"302\">umjetne ko\u017ee<\/strong>, stoga je prakti\u010dan za svakodnevnu upotrebu i brzo \u010di\u0161\u0107enje. <\/p>\n<p data-start=\"403\" data-end=\"689\">U kompletu dobivate sve bitno: sedlo s remenima za stremena <strong data-start=\"442\" data-end=\"476\">i stremenima<\/strong>, <strong data-start=\"478\" data-end=\"494\">podsedlicu<\/strong>, <strong data-start=\"496\" data-end=\"514\">kolan<\/strong> te jo\u0161 <strong data-start=\"523\" data-end=\"541\">oglavnik i povodac<\/strong> \u2013 stoga je odli\u010dan izbor za \u201eready-to-go\u201d upotrebu (npr. za djecu, klubove ili za drvene konji\u0107e\/mini ponije).<\/p>\n<p data-start=\"691\" data-end=\"844\">Tehni\u010dke mjere: <strong data-start=\"706\" data-end=\"730\">duljina sjedi\u0161ta 23 cm<\/strong>, <strong data-start=\"732\" data-end=\"754\">duljina kolana 60 cm<\/strong>, <strong data-start=\"756\" data-end=\"805\">duljina podsedlice po le\u0111ima pribli\u017eno 40 cm<\/strong>.<\/p>\n","protected":false},"excerpt":{"rendered":"<ul>\n<li>komplet za mini ponija<\/li>\n<\/ul>\n","protected":false},"featured_media":129869,"template":"","meta":{"footnotes":""},"product_brand":[],"product_cat":[5624,5940,6024],"product_tag":[],"class_list":{"0":"post-131695","1":"product","2":"type-product","3":"status-publish","4":"has-post-thumbnail","6":"product_cat-konj-hr","7":"product_cat-sedla-hr","8":"product_cat-sedla-za-ponije-hr","10":"first","11":"instock","12":"sale","13":"shipping-taxable","14":"purchasable","15":"product-type-simple"},"yoast_head":"<!-- This site is optimized with the Yoast SEO plugin v27.4 - https:\/\/yoast.com\/product\/yoast-seo-wordpress\/ -->\n<title>Komplet za ponija Lucy - Clair<\/title>\n<meta name=\"description\" content=\"komplet za mini ponija\" \/>\n<meta name=\"robots\" content=\"index, follow, max-snippet:-1, max-image-preview:large, max-video-preview:-1\" \/>\n<link rel=\"canonical\" href=\"https:\/\/clair.si\/hr\/izdelek\/komplet-za-ponija-lucy\/\" \/>\n<meta property=\"og:locale\" content=\"hr_HR\" \/>\n<meta property=\"og:type\" content=\"article\" \/>\n<meta property=\"og:title\" content=\"Komplet za ponija Lucy - Clair\" \/>\n<meta property=\"og:description\" content=\"komplet za mini ponija\" \/>\n<meta property=\"og:url\" content=\"https:\/\/clair.si\/hr\/izdelek\/komplet-za-ponija-lucy\/\" \/>\n<meta property=\"og:site_name\" content=\"Clair\" \/>\n<meta property=\"article:publisher\" content=\"https:\/\/www.facebook.com\/TrgovinaClair\/\" \/>\n<meta property=\"og:image\" content=\"https:\/\/clair.si\/wp-content\/uploads\/2026\/02\/pony-set-clair.webp\" \/>\n\t<meta property=\"og:image:width\" content=\"700\" \/>\n\t<meta property=\"og:image:height\" content=\"700\" \/>\n\t<meta property=\"og:image:type\" content=\"image\/jpeg\" \/>\n<meta name=\"twitter:card\" content=\"summary_large_image\" \/>\n<meta name=\"twitter:label1\" content=\"Procijenjeno vrijeme \u010ditanja\" \/>\n\t<meta name=\"twitter:data1\" content=\"1 minuta\" \/>\n<script type=\"application\/ld+json\" class=\"yoast-schema-graph\">{\"@context\":\"https:\\\/\\\/schema.org\",\"@graph\":[{\"@type\":\"WebPage\",\"@id\":\"https:\\\/\\\/clair.si\\\/hr\\\/izdelek\\\/komplet-za-ponija-lucy\\\/\",\"url\":\"https:\\\/\\\/clair.si\\\/hr\\\/izdelek\\\/komplet-za-ponija-lucy\\\/\",\"name\":\"Komplet za ponija Lucy - Clair\",\"isPartOf\":{\"@id\":\"https:\\\/\\\/clair.si\\\/#website\"},\"primaryImageOfPage\":{\"@id\":\"https:\\\/\\\/clair.si\\\/hr\\\/izdelek\\\/komplet-za-ponija-lucy\\\/#primaryimage\"},\"image\":{\"@id\":\"https:\\\/\\\/clair.si\\\/hr\\\/izdelek\\\/komplet-za-ponija-lucy\\\/#primaryimage\"},\"thumbnailUrl\":\"https:\\\/\\\/clair.si\\\/wp-content\\\/uploads\\\/2026\\\/02\\\/pony-set-clair.webp\",\"datePublished\":\"2026-02-06T11:33:47+00:00\",\"description\":\"komplet za mini ponija\",\"breadcrumb\":{\"@id\":\"https:\\\/\\\/clair.si\\\/hr\\\/izdelek\\\/komplet-za-ponija-lucy\\\/#breadcrumb\"},\"inLanguage\":\"hr\",\"potentialAction\":[{\"@type\":\"ReadAction\",\"target\":[\"https:\\\/\\\/clair.si\\\/hr\\\/izdelek\\\/komplet-za-ponija-lucy\\\/\"]}]},{\"@type\":\"ImageObject\",\"inLanguage\":\"hr\",\"@id\":\"https:\\\/\\\/clair.si\\\/hr\\\/izdelek\\\/komplet-za-ponija-lucy\\\/#primaryimage\",\"url\":\"https:\\\/\\\/clair.si\\\/wp-content\\\/uploads\\\/2026\\\/02\\\/pony-set-clair.webp\",\"contentUrl\":\"https:\\\/\\\/clair.si\\\/wp-content\\\/uploads\\\/2026\\\/02\\\/pony-set-clair.webp\",\"width\":700,\"height\":700},{\"@type\":\"BreadcrumbList\",\"@id\":\"https:\\\/\\\/clair.si\\\/hr\\\/izdelek\\\/komplet-za-ponija-lucy\\\/#breadcrumb\",\"itemListElement\":[{\"@type\":\"ListItem\",\"position\":1,\"name\":\"Home\",\"item\":\"https:\\\/\\\/clair.si\\\/hr\\\/\"},{\"@type\":\"ListItem\",\"position\":2,\"name\":\"Trgovina\",\"item\":\"https:\\\/\\\/clair.si\\\/trgovina\\\/\"},{\"@type\":\"ListItem\",\"position\":3,\"name\":\"Komplet za ponija Lucy\"}]},{\"@type\":\"WebSite\",\"@id\":\"https:\\\/\\\/clair.si\\\/#website\",\"url\":\"https:\\\/\\\/clair.si\\\/\",\"name\":\"Clair\",\"description\":\"Trgovina s konjeni\u0161ko opremo\",\"publisher\":{\"@id\":\"https:\\\/\\\/clair.si\\\/#organization\"},\"potentialAction\":[{\"@type\":\"SearchAction\",\"target\":{\"@type\":\"EntryPoint\",\"urlTemplate\":\"https:\\\/\\\/clair.si\\\/?s={search_term_string}\"},\"query-input\":{\"@type\":\"PropertyValueSpecification\",\"valueRequired\":true,\"valueName\":\"search_term_string\"}}],\"inLanguage\":\"hr\"},{\"@type\":\"Organization\",\"@id\":\"https:\\\/\\\/clair.si\\\/#organization\",\"name\":\"Clair\",\"url\":\"https:\\\/\\\/clair.si\\\/\",\"logo\":{\"@type\":\"ImageObject\",\"inLanguage\":\"hr\",\"@id\":\"https:\\\/\\\/clair.si\\\/#\\\/schema\\\/logo\\\/image\\\/\",\"url\":\"https:\\\/\\\/clair.si\\\/wp-content\\\/uploads\\\/2022\\\/11\\\/clair_logo_2022.jpg\",\"contentUrl\":\"https:\\\/\\\/clair.si\\\/wp-content\\\/uploads\\\/2022\\\/11\\\/clair_logo_2022.jpg\",\"width\":1920,\"height\":1920,\"caption\":\"Clair\"},\"image\":{\"@id\":\"https:\\\/\\\/clair.si\\\/#\\\/schema\\\/logo\\\/image\\\/\"},\"sameAs\":[\"https:\\\/\\\/www.facebook.com\\\/TrgovinaClair\\\/\"]}]}<\/script>\n<!-- \/ Yoast SEO plugin. -->","yoast_head_json":{"title":"Komplet za ponija Lucy - Clair","description":"komplet za mini ponija","robots":{"index":"index","follow":"follow","max-snippet":"max-snippet:-1","max-image-preview":"max-image-preview:large","max-video-preview":"max-video-preview:-1"},"canonical":"https:\/\/clair.si\/hr\/izdelek\/komplet-za-ponija-lucy\/","og_locale":"hr_HR","og_type":"article","og_title":"Komplet za ponija Lucy - Clair","og_description":"komplet za mini ponija","og_url":"https:\/\/clair.si\/hr\/izdelek\/komplet-za-ponija-lucy\/","og_site_name":"Clair","article_publisher":"https:\/\/www.facebook.com\/TrgovinaClair\/","og_image":[{"width":700,"height":700,"url":"https:\/\/clair.si\/wp-content\/uploads\/2026\/02\/pony-set-clair.webp","type":"image\/jpeg"}],"twitter_card":"summary_large_image","twitter_misc":{"Procijenjeno vrijeme \u010ditanja":"1 minuta"},"schema":{"@context":"https:\/\/schema.org","@graph":[{"@type":"WebPage","@id":"https:\/\/clair.si\/hr\/izdelek\/komplet-za-ponija-lucy\/","url":"https:\/\/clair.si\/hr\/izdelek\/komplet-za-ponija-lucy\/","name":"Komplet za ponija Lucy - Clair","isPartOf":{"@id":"https:\/\/clair.si\/#website"},"primaryImageOfPage":{"@id":"https:\/\/clair.si\/hr\/izdelek\/komplet-za-ponija-lucy\/#primaryimage"},"image":{"@id":"https:\/\/clair.si\/hr\/izdelek\/komplet-za-ponija-lucy\/#primaryimage"},"thumbnailUrl":"https:\/\/clair.si\/wp-content\/uploads\/2026\/02\/pony-set-clair.webp","datePublished":"2026-02-06T11:33:47+00:00","description":"komplet za mini ponija","breadcrumb":{"@id":"https:\/\/clair.si\/hr\/izdelek\/komplet-za-ponija-lucy\/#breadcrumb"},"inLanguage":"hr","potentialAction":[{"@type":"ReadAction","target":["https:\/\/clair.si\/hr\/izdelek\/komplet-za-ponija-lucy\/"]}]},{"@type":"ImageObject","inLanguage":"hr","@id":"https:\/\/clair.si\/hr\/izdelek\/komplet-za-ponija-lucy\/#primaryimage","url":"https:\/\/clair.si\/wp-content\/uploads\/2026\/02\/pony-set-clair.webp","contentUrl":"https:\/\/clair.si\/wp-content\/uploads\/2026\/02\/pony-set-clair.webp","width":700,"height":700},{"@type":"BreadcrumbList","@id":"https:\/\/clair.si\/hr\/izdelek\/komplet-za-ponija-lucy\/#breadcrumb","itemListElement":[{"@type":"ListItem","position":1,"name":"Home","item":"https:\/\/clair.si\/hr\/"},{"@type":"ListItem","position":2,"name":"Trgovina","item":"https:\/\/clair.si\/trgovina\/"},{"@type":"ListItem","position":3,"name":"Komplet za ponija Lucy"}]},{"@type":"WebSite","@id":"https:\/\/clair.si\/#website","url":"https:\/\/clair.si\/","name":"Clair","description":"Trgovina s konjeni\u0161ko opremo","publisher":{"@id":"https:\/\/clair.si\/#organization"},"potentialAction":[{"@type":"SearchAction","target":{"@type":"EntryPoint","urlTemplate":"https:\/\/clair.si\/?s={search_term_string}"},"query-input":{"@type":"PropertyValueSpecification","valueRequired":true,"valueName":"search_term_string"}}],"inLanguage":"hr"},{"@type":"Organization","@id":"https:\/\/clair.si\/#organization","name":"Clair","url":"https:\/\/clair.si\/","logo":{"@type":"ImageObject","inLanguage":"hr","@id":"https:\/\/clair.si\/#\/schema\/logo\/image\/","url":"https:\/\/clair.si\/wp-content\/uploads\/2022\/11\/clair_logo_2022.jpg","contentUrl":"https:\/\/clair.si\/wp-content\/uploads\/2022\/11\/clair_logo_2022.jpg","width":1920,"height":1920,"caption":"Clair"},"image":{"@id":"https:\/\/clair.si\/#\/schema\/logo\/image\/"},"sameAs":["https:\/\/www.facebook.com\/TrgovinaClair\/"]}]}},"_links":{"self":[{"href":"https:\/\/clair.si\/hr\/wp-json\/wp\/v2\/product\/131695","targetHints":{"allow":["GET"]}}],"collection":[{"href":"https:\/\/clair.si\/hr\/wp-json\/wp\/v2\/product"}],"about":[{"href":"https:\/\/clair.si\/hr\/wp-json\/wp\/v2\/types\/product"}],"version-history":[{"count":0,"href":"https:\/\/clair.si\/hr\/wp-json\/wp\/v2\/product\/131695\/revisions"}],"wp:featuredmedia":[{"embeddable":true,"href":"https:\/\/clair.si\/hr\/wp-json\/wp\/v2\/media\/129869"}],"wp:attachment":[{"href":"https:\/\/clair.si\/hr\/wp-json\/wp\/v2\/media?parent=131695"}],"wp:term":[{"taxonomy":"product_brand","embeddable":true,"href":"https:\/\/clair.si\/hr\/wp-json\/wp\/v2\/product_brand?post=131695"},{"taxonomy":"product_cat","embeddable":true,"href":"https:\/\/clair.si\/hr\/wp-json\/wp\/v2\/product_cat?post=131695"},{"taxonomy":"product_tag","embeddable":true,"href":"https:\/\/clair.si\/hr\/wp-json\/wp\/v2\/product_tag?post=131695"}],"curies":[{"name":"wp","href":"https:\/\/api.w.org\/{rel}","templated":true}]}}