{"id":131699,"date":"2026-02-06T10:52:40","date_gmt":"2026-02-06T09:52:40","guid":{"rendered":"https:\/\/clair.si\/izdelek\/cetka-e-t-je-taime-dany-neon\/"},"modified":"2026-02-06T10:52:40","modified_gmt":"2026-02-06T09:52:40","slug":"cetka-e-t-je-taime-dany-neon","status":"publish","type":"product","link":"https:\/\/clair.si\/hr\/izdelek\/cetka-e-t-je-taime-dany-neon\/","title":{"rendered":"\u010cetka E-T Je T&#8217;aime Dany neon"},"content":{"rendered":"<div class=\"relative my-1 min-h-6\">\n<div class=\"relative flex origin-top-left flex-col gap-2 overflow-x-clip rtl:origin-top-right\">\n<div class=\"relative w-full text-start\">\n<div class=\"flex w-full flex-row items-start justify-between gap-4 text-start\"><strong>\u010cetka E-T Je T&#8217;aime Dany neon<\/strong> je klasi\u010dna &#8220;tvr\u0111a&#8221; \u010detka za svakodnevno \u010di\u0161\u0107enje dlake, namijenjena uklanjanju pra\u0161ine, osu\u0161enog blata, tragova znoja i mrtve dlake \u2013 idealna kao prvi korak pri \u010di\u0161\u0107enju ili nakon jahanja, kada \u017eelite brzo &#8220;o\u010distiti&#8221; tijelo i noge. \u010cekinje su duge pribli\u017eno 4,5 cm i dovoljno \u010dvrste da podignu ne\u010disto\u0107u iz dlake, a istovremeno ostaju prikladne za rutinsku njegu. <\/div>\n<\/div>\n<\/div>\n<\/div>\n<div class=\"min-h-8 text-message relative flex w-full flex-col items-end gap-2 text-start break-words whitespace-normal [.text-message+&amp;]:mt-1\" dir=\"auto\" data-message-author-role=\"assistant\" data-message-id=\"a1b9fd90-4a25-491b-8efc-9fadcca73485\" data-message-model-slug=\"gpt-5-2-thinking\">\n<div class=\"flex w-full flex-col gap-1 empty:hidden first:pt-[1px]\">\n<div class=\"markdown prose dark:prose-invert w-full wrap-break-word light markdown-new-styling\">\n<p data-start=\"430\" data-end=\"738\">\u010cetka je oblikovana tako da dobro pristaje u ruku; rub\/obrub od gume pobolj\u0161ava hvat i smanjuje klizanje tijekom uporabe, stoga je prakti\u010dna i kada imate mokre ruke ili rukavice. Dimenzija \u010detke je pribli\u017eno 20 \u00d7 6 cm, tako da je dovoljno velika za brz rad, ali i dalje okretna. <\/p>\n<p data-start=\"740\" data-end=\"935\"><strong>Sastav:<\/strong> PP &#8220;silk&#8221; (\u010dekinje), poliuretan, polipropilen, guma.<\/p>\n<p data-start=\"740\" data-end=\"935\"> <strong>Njega:<\/strong> pra\u0161inu uklonite struga\u010dem (curry comb), \u010detku povremeno operite vodom i redovito dezinficirajte.<\/p>\n<\/div>\n<\/div>\n<\/div>\n","protected":false},"excerpt":{"rendered":"<ul>\n<li>prakti\u010dna \u010detka sa srednje tvrdim \u010dekinjama<\/li>\n<li>u neon bojama<\/li>\n<\/ul>\n","protected":false},"featured_media":129856,"template":"","meta":{"footnotes":""},"product_brand":[],"product_cat":[5630,5626,5624,5769,5628,5625,5627],"product_tag":[],"class_list":{"0":"post-131699","1":"product","2":"type-product","3":"status-publish","4":"has-post-thumbnail","6":"product_cat-cetke-hr","7":"product_cat-cetke","8":"product_cat-konj-hr","9":"product_cat-must-have","10":"product_cat-njega-konja-hr","11":"product_cat-njega-konja","12":"product_cat-stala-i-pasnjak","14":"first","15":"instock","16":"sale","17":"shipping-taxable","18":"purchasable","19":"product-type-variable"},"yoast_head":"<!-- This site is optimized with the Yoast SEO plugin v27.4 - https:\/\/yoast.com\/product\/yoast-seo-wordpress\/ -->\n<title>\u010cetka E-T Je T&#039;aime Dany neon - Clair<\/title>\n<meta name=\"description\" content=\"prakti\u010dna \u010detka sa srednje tvrdim \u010dekinjama  u neon bojama\" \/>\n<meta name=\"robots\" content=\"index, follow, max-snippet:-1, max-image-preview:large, max-video-preview:-1\" \/>\n<link rel=\"canonical\" href=\"https:\/\/clair.si\/hr\/izdelek\/cetka-e-t-je-taime-dany-neon\/\" \/>\n<meta property=\"og:locale\" content=\"hr_HR\" \/>\n<meta property=\"og:type\" content=\"article\" \/>\n<meta property=\"og:title\" content=\"\u010cetka E-T Je T&#039;aime Dany neon - Clair\" \/>\n<meta property=\"og:description\" content=\"prakti\u010dna \u010detka sa srednje tvrdim \u010dekinjama  u neon bojama\" \/>\n<meta property=\"og:url\" content=\"https:\/\/clair.si\/hr\/izdelek\/cetka-e-t-je-taime-dany-neon\/\" \/>\n<meta property=\"og:site_name\" content=\"Clair\" \/>\n<meta property=\"article:publisher\" content=\"https:\/\/www.facebook.com\/TrgovinaClair\/\" \/>\n<meta property=\"og:image\" content=\"https:\/\/clair.si\/wp-content\/uploads\/2026\/02\/dandy-mint.webp\" \/>\n\t<meta property=\"og:image:width\" content=\"800\" \/>\n\t<meta property=\"og:image:height\" content=\"800\" \/>\n\t<meta property=\"og:image:type\" content=\"image\/jpeg\" \/>\n<meta name=\"twitter:card\" content=\"summary_large_image\" \/>\n<meta name=\"twitter:label1\" content=\"Procijenjeno vrijeme \u010ditanja\" \/>\n\t<meta name=\"twitter:data1\" content=\"1 minuta\" \/>\n<script type=\"application\/ld+json\" class=\"yoast-schema-graph\">{\"@context\":\"https:\\\/\\\/schema.org\",\"@graph\":[{\"@type\":\"WebPage\",\"@id\":\"https:\\\/\\\/clair.si\\\/hr\\\/izdelek\\\/cetka-e-t-je-taime-dany-neon\\\/\",\"url\":\"https:\\\/\\\/clair.si\\\/hr\\\/izdelek\\\/cetka-e-t-je-taime-dany-neon\\\/\",\"name\":\"\u010cetka E-T Je T'aime Dany neon - Clair\",\"isPartOf\":{\"@id\":\"https:\\\/\\\/clair.si\\\/#website\"},\"primaryImageOfPage\":{\"@id\":\"https:\\\/\\\/clair.si\\\/hr\\\/izdelek\\\/cetka-e-t-je-taime-dany-neon\\\/#primaryimage\"},\"image\":{\"@id\":\"https:\\\/\\\/clair.si\\\/hr\\\/izdelek\\\/cetka-e-t-je-taime-dany-neon\\\/#primaryimage\"},\"thumbnailUrl\":\"https:\\\/\\\/clair.si\\\/wp-content\\\/uploads\\\/2026\\\/02\\\/dandy-mint.webp\",\"datePublished\":\"2026-02-06T09:52:40+00:00\",\"description\":\"prakti\u010dna \u010detka sa srednje tvrdim \u010dekinjama u neon bojama\",\"breadcrumb\":{\"@id\":\"https:\\\/\\\/clair.si\\\/hr\\\/izdelek\\\/cetka-e-t-je-taime-dany-neon\\\/#breadcrumb\"},\"inLanguage\":\"hr\",\"potentialAction\":[{\"@type\":\"ReadAction\",\"target\":[\"https:\\\/\\\/clair.si\\\/hr\\\/izdelek\\\/cetka-e-t-je-taime-dany-neon\\\/\"]}]},{\"@type\":\"ImageObject\",\"inLanguage\":\"hr\",\"@id\":\"https:\\\/\\\/clair.si\\\/hr\\\/izdelek\\\/cetka-e-t-je-taime-dany-neon\\\/#primaryimage\",\"url\":\"https:\\\/\\\/clair.si\\\/wp-content\\\/uploads\\\/2026\\\/02\\\/dandy-mint.webp\",\"contentUrl\":\"https:\\\/\\\/clair.si\\\/wp-content\\\/uploads\\\/2026\\\/02\\\/dandy-mint.webp\",\"width\":800,\"height\":800},{\"@type\":\"BreadcrumbList\",\"@id\":\"https:\\\/\\\/clair.si\\\/hr\\\/izdelek\\\/cetka-e-t-je-taime-dany-neon\\\/#breadcrumb\",\"itemListElement\":[{\"@type\":\"ListItem\",\"position\":1,\"name\":\"Home\",\"item\":\"https:\\\/\\\/clair.si\\\/hr\\\/\"},{\"@type\":\"ListItem\",\"position\":2,\"name\":\"Trgovina\",\"item\":\"https:\\\/\\\/clair.si\\\/trgovina\\\/\"},{\"@type\":\"ListItem\",\"position\":3,\"name\":\"\u010cetka E-T Je T&#8217;aime Dany neon\"}]},{\"@type\":\"WebSite\",\"@id\":\"https:\\\/\\\/clair.si\\\/#website\",\"url\":\"https:\\\/\\\/clair.si\\\/\",\"name\":\"Clair\",\"description\":\"Trgovina s konjeni\u0161ko opremo\",\"publisher\":{\"@id\":\"https:\\\/\\\/clair.si\\\/#organization\"},\"potentialAction\":[{\"@type\":\"SearchAction\",\"target\":{\"@type\":\"EntryPoint\",\"urlTemplate\":\"https:\\\/\\\/clair.si\\\/?s={search_term_string}\"},\"query-input\":{\"@type\":\"PropertyValueSpecification\",\"valueRequired\":true,\"valueName\":\"search_term_string\"}}],\"inLanguage\":\"hr\"},{\"@type\":\"Organization\",\"@id\":\"https:\\\/\\\/clair.si\\\/#organization\",\"name\":\"Clair\",\"url\":\"https:\\\/\\\/clair.si\\\/\",\"logo\":{\"@type\":\"ImageObject\",\"inLanguage\":\"hr\",\"@id\":\"https:\\\/\\\/clair.si\\\/#\\\/schema\\\/logo\\\/image\\\/\",\"url\":\"https:\\\/\\\/clair.si\\\/wp-content\\\/uploads\\\/2022\\\/11\\\/clair_logo_2022.jpg\",\"contentUrl\":\"https:\\\/\\\/clair.si\\\/wp-content\\\/uploads\\\/2022\\\/11\\\/clair_logo_2022.jpg\",\"width\":1920,\"height\":1920,\"caption\":\"Clair\"},\"image\":{\"@id\":\"https:\\\/\\\/clair.si\\\/#\\\/schema\\\/logo\\\/image\\\/\"},\"sameAs\":[\"https:\\\/\\\/www.facebook.com\\\/TrgovinaClair\\\/\"]}]}<\/script>\n<!-- \/ Yoast SEO plugin. -->","yoast_head_json":{"title":"\u010cetka E-T Je T'aime Dany neon - Clair","description":"prakti\u010dna \u010detka sa srednje tvrdim \u010dekinjama  u neon bojama","robots":{"index":"index","follow":"follow","max-snippet":"max-snippet:-1","max-image-preview":"max-image-preview:large","max-video-preview":"max-video-preview:-1"},"canonical":"https:\/\/clair.si\/hr\/izdelek\/cetka-e-t-je-taime-dany-neon\/","og_locale":"hr_HR","og_type":"article","og_title":"\u010cetka E-T Je T'aime Dany neon - Clair","og_description":"prakti\u010dna \u010detka sa srednje tvrdim \u010dekinjama  u neon bojama","og_url":"https:\/\/clair.si\/hr\/izdelek\/cetka-e-t-je-taime-dany-neon\/","og_site_name":"Clair","article_publisher":"https:\/\/www.facebook.com\/TrgovinaClair\/","og_image":[{"width":800,"height":800,"url":"https:\/\/clair.si\/wp-content\/uploads\/2026\/02\/dandy-mint.webp","type":"image\/jpeg"}],"twitter_card":"summary_large_image","twitter_misc":{"Procijenjeno vrijeme \u010ditanja":"1 minuta"},"schema":{"@context":"https:\/\/schema.org","@graph":[{"@type":"WebPage","@id":"https:\/\/clair.si\/hr\/izdelek\/cetka-e-t-je-taime-dany-neon\/","url":"https:\/\/clair.si\/hr\/izdelek\/cetka-e-t-je-taime-dany-neon\/","name":"\u010cetka E-T Je T'aime Dany neon - Clair","isPartOf":{"@id":"https:\/\/clair.si\/#website"},"primaryImageOfPage":{"@id":"https:\/\/clair.si\/hr\/izdelek\/cetka-e-t-je-taime-dany-neon\/#primaryimage"},"image":{"@id":"https:\/\/clair.si\/hr\/izdelek\/cetka-e-t-je-taime-dany-neon\/#primaryimage"},"thumbnailUrl":"https:\/\/clair.si\/wp-content\/uploads\/2026\/02\/dandy-mint.webp","datePublished":"2026-02-06T09:52:40+00:00","description":"prakti\u010dna \u010detka sa srednje tvrdim \u010dekinjama u neon bojama","breadcrumb":{"@id":"https:\/\/clair.si\/hr\/izdelek\/cetka-e-t-je-taime-dany-neon\/#breadcrumb"},"inLanguage":"hr","potentialAction":[{"@type":"ReadAction","target":["https:\/\/clair.si\/hr\/izdelek\/cetka-e-t-je-taime-dany-neon\/"]}]},{"@type":"ImageObject","inLanguage":"hr","@id":"https:\/\/clair.si\/hr\/izdelek\/cetka-e-t-je-taime-dany-neon\/#primaryimage","url":"https:\/\/clair.si\/wp-content\/uploads\/2026\/02\/dandy-mint.webp","contentUrl":"https:\/\/clair.si\/wp-content\/uploads\/2026\/02\/dandy-mint.webp","width":800,"height":800},{"@type":"BreadcrumbList","@id":"https:\/\/clair.si\/hr\/izdelek\/cetka-e-t-je-taime-dany-neon\/#breadcrumb","itemListElement":[{"@type":"ListItem","position":1,"name":"Home","item":"https:\/\/clair.si\/hr\/"},{"@type":"ListItem","position":2,"name":"Trgovina","item":"https:\/\/clair.si\/trgovina\/"},{"@type":"ListItem","position":3,"name":"\u010cetka E-T Je T&#8217;aime Dany neon"}]},{"@type":"WebSite","@id":"https:\/\/clair.si\/#website","url":"https:\/\/clair.si\/","name":"Clair","description":"Trgovina s konjeni\u0161ko opremo","publisher":{"@id":"https:\/\/clair.si\/#organization"},"potentialAction":[{"@type":"SearchAction","target":{"@type":"EntryPoint","urlTemplate":"https:\/\/clair.si\/?s={search_term_string}"},"query-input":{"@type":"PropertyValueSpecification","valueRequired":true,"valueName":"search_term_string"}}],"inLanguage":"hr"},{"@type":"Organization","@id":"https:\/\/clair.si\/#organization","name":"Clair","url":"https:\/\/clair.si\/","logo":{"@type":"ImageObject","inLanguage":"hr","@id":"https:\/\/clair.si\/#\/schema\/logo\/image\/","url":"https:\/\/clair.si\/wp-content\/uploads\/2022\/11\/clair_logo_2022.jpg","contentUrl":"https:\/\/clair.si\/wp-content\/uploads\/2022\/11\/clair_logo_2022.jpg","width":1920,"height":1920,"caption":"Clair"},"image":{"@id":"https:\/\/clair.si\/#\/schema\/logo\/image\/"},"sameAs":["https:\/\/www.facebook.com\/TrgovinaClair\/"]}]}},"_links":{"self":[{"href":"https:\/\/clair.si\/hr\/wp-json\/wp\/v2\/product\/131699","targetHints":{"allow":["GET"]}}],"collection":[{"href":"https:\/\/clair.si\/hr\/wp-json\/wp\/v2\/product"}],"about":[{"href":"https:\/\/clair.si\/hr\/wp-json\/wp\/v2\/types\/product"}],"version-history":[{"count":0,"href":"https:\/\/clair.si\/hr\/wp-json\/wp\/v2\/product\/131699\/revisions"}],"wp:featuredmedia":[{"embeddable":true,"href":"https:\/\/clair.si\/hr\/wp-json\/wp\/v2\/media\/129856"}],"wp:attachment":[{"href":"https:\/\/clair.si\/hr\/wp-json\/wp\/v2\/media?parent=131699"}],"wp:term":[{"taxonomy":"product_brand","embeddable":true,"href":"https:\/\/clair.si\/hr\/wp-json\/wp\/v2\/product_brand?post=131699"},{"taxonomy":"product_cat","embeddable":true,"href":"https:\/\/clair.si\/hr\/wp-json\/wp\/v2\/product_cat?post=131699"},{"taxonomy":"product_tag","embeddable":true,"href":"https:\/\/clair.si\/hr\/wp-json\/wp\/v2\/product_tag?post=131699"}],"curies":[{"name":"wp","href":"https:\/\/api.w.org\/{rel}","templated":true}]}}