{"id":131703,"date":"2026-02-06T10:33:06","date_gmt":"2026-02-06T09:33:06","guid":{"rendered":"https:\/\/clair.si\/izdelek\/solni-kamen-cavalor-rocky\/"},"modified":"2026-02-06T10:33:06","modified_gmt":"2026-02-06T09:33:06","slug":"solni-kamen-cavalor-rocky","status":"publish","type":"product","link":"https:\/\/clair.si\/hr\/izdelek\/solni-kamen-cavalor-rocky\/","title":{"rendered":"Solni kamen Cavalor Rocky"},"content":{"rendered":"<p data-start=\"0\" data-end=\"372\">Cavalor <strong data-start=\"8\" data-end=\"24\">Stable Rocky<\/strong> je solni lizni kamen od 2 kg za konje i ponije, oboga\u0107en mineralima i elementima u tragovima, namijenjen kao dodatak prehrani za svakodnevnu potporu ravnote\u017ei elektrolita. Konjima \u010desto nedostaje soli u osnovnoj krmi, stoga lizalica omogu\u0107uje da sami reguliraju potrebu za solju \u2013 u boksu ili na pa\u0161njaku. <\/p>\n<p data-start=\"374\" data-end=\"579\">Stable Rocky je dizajniran za slobodno lizanje i prakti\u010dan je za upotrebu u jaslama ili u dr\u017ea\u010du za solne kamenje, \u0161to poma\u017ee u odr\u017eavanju kamena \u010distim i dostupnim.<\/p>\n<p data-start=\"581\" data-end=\"1099\"><strong>Sastav:<\/strong> natrijev klorid, magnezijev oksid. <br data-start=\"662\" data-end=\"665\"><strong>Analiti\u010dki sastav:<\/strong> sirove bjelan\u010devine 0,00 %, sirovi pepeo 99,00 %, vlaga 0,10 %, kalcij 0,10 %, fosfor 0,10 %, natrij 38,00 %, magnezij 0,50 %. <br data-start=\"848\" data-end=\"851\"><strong>Nutritivni dodaci (po kg), elementi u tragovima:<\/strong> bakrov sulfat pentahidrat 300 mg, cinkov oksid 300 mg, manganov oksid 200 mg, kalijev jodid 150 mg, kobaltov karbonat monohidrat 50 mg, natrijev selenit 10 mg.<\/p>\n<p data-start=\"1101\" data-end=\"1299\"><strong>Upute za uporabu:<\/strong> ponuditi slobodno (ad libitum). Kamen postavite u boks ili na ispust tako da je konju stalno dostupan; uvijek neka bude dostupna svje\u017ea pitka voda. <\/p>\n","protected":false},"excerpt":{"rendered":"<ul>\n<li>2 kg<\/li>\n<li>kompatibilno s dr\u017ea\u010dem za kvadratni solni kamen<\/li>\n<\/ul>\n","protected":false},"featured_media":129847,"template":"","meta":{"footnotes":""},"product_brand":[],"product_cat":[5711,5657,5782,5710,5769,5627],"product_tag":[],"class_list":{"0":"post-131703","1":"product","2":"type-product","3":"status-publish","4":"has-post-thumbnail","6":"product_cat-hrana-i-prehrambeni-dodaci-cavalor","7":"product_cat-kategorije-hr","8":"product_cat-kolacici-i-kamenje-soli","9":"product_cat-hrana-za-konje-hr","10":"product_cat-must-have","11":"product_cat-stala-i-pasnjak","13":"first","14":"instock","15":"shipping-taxable","16":"purchasable","17":"product-type-simple"},"yoast_head":"<!-- This site is optimized with the Yoast SEO plugin v27.4 - https:\/\/yoast.com\/product\/yoast-seo-wordpress\/ -->\n<title>Solni kamen Cavalor Rocky - Clair<\/title>\n<meta name=\"description\" content=\"2 kg  kompatibilno s dr\u017ea\u010dem za kvadratni solni kamen\" \/>\n<meta name=\"robots\" content=\"index, follow, max-snippet:-1, max-image-preview:large, max-video-preview:-1\" \/>\n<link rel=\"canonical\" href=\"https:\/\/clair.si\/hr\/izdelek\/solni-kamen-cavalor-rocky\/\" \/>\n<meta property=\"og:locale\" content=\"hr_HR\" \/>\n<meta property=\"og:type\" content=\"article\" \/>\n<meta property=\"og:title\" content=\"Solni kamen Cavalor Rocky - Clair\" \/>\n<meta property=\"og:description\" content=\"2 kg  kompatibilno s dr\u017ea\u010dem za kvadratni solni kamen\" \/>\n<meta property=\"og:url\" content=\"https:\/\/clair.si\/hr\/izdelek\/solni-kamen-cavalor-rocky\/\" \/>\n<meta property=\"og:site_name\" content=\"Clair\" \/>\n<meta property=\"article:publisher\" content=\"https:\/\/www.facebook.com\/TrgovinaClair\/\" \/>\n<meta property=\"og:image\" content=\"https:\/\/clair.si\/wp-content\/uploads\/2026\/02\/mint-klin-1.webp\" \/>\n\t<meta property=\"og:image:width\" content=\"700\" \/>\n\t<meta property=\"og:image:height\" content=\"700\" \/>\n\t<meta property=\"og:image:type\" content=\"image\/png\" \/>\n<meta name=\"twitter:card\" content=\"summary_large_image\" \/>\n<meta name=\"twitter:label1\" content=\"Procijenjeno vrijeme \u010ditanja\" \/>\n\t<meta name=\"twitter:data1\" content=\"1 minuta\" \/>\n<script type=\"application\/ld+json\" class=\"yoast-schema-graph\">{\"@context\":\"https:\\\/\\\/schema.org\",\"@graph\":[{\"@type\":\"WebPage\",\"@id\":\"https:\\\/\\\/clair.si\\\/hr\\\/izdelek\\\/solni-kamen-cavalor-rocky\\\/\",\"url\":\"https:\\\/\\\/clair.si\\\/hr\\\/izdelek\\\/solni-kamen-cavalor-rocky\\\/\",\"name\":\"Solni kamen Cavalor Rocky - Clair\",\"isPartOf\":{\"@id\":\"https:\\\/\\\/clair.si\\\/#website\"},\"primaryImageOfPage\":{\"@id\":\"https:\\\/\\\/clair.si\\\/hr\\\/izdelek\\\/solni-kamen-cavalor-rocky\\\/#primaryimage\"},\"image\":{\"@id\":\"https:\\\/\\\/clair.si\\\/hr\\\/izdelek\\\/solni-kamen-cavalor-rocky\\\/#primaryimage\"},\"thumbnailUrl\":\"https:\\\/\\\/clair.si\\\/wp-content\\\/uploads\\\/2026\\\/02\\\/mint-klin-1.webp\",\"datePublished\":\"2026-02-06T09:33:06+00:00\",\"description\":\"2 kg kompatibilno s dr\u017ea\u010dem za kvadratni solni kamen\",\"breadcrumb\":{\"@id\":\"https:\\\/\\\/clair.si\\\/hr\\\/izdelek\\\/solni-kamen-cavalor-rocky\\\/#breadcrumb\"},\"inLanguage\":\"hr\",\"potentialAction\":[{\"@type\":\"ReadAction\",\"target\":[\"https:\\\/\\\/clair.si\\\/hr\\\/izdelek\\\/solni-kamen-cavalor-rocky\\\/\"]}]},{\"@type\":\"ImageObject\",\"inLanguage\":\"hr\",\"@id\":\"https:\\\/\\\/clair.si\\\/hr\\\/izdelek\\\/solni-kamen-cavalor-rocky\\\/#primaryimage\",\"url\":\"https:\\\/\\\/clair.si\\\/wp-content\\\/uploads\\\/2026\\\/02\\\/mint-klin-1.webp\",\"contentUrl\":\"https:\\\/\\\/clair.si\\\/wp-content\\\/uploads\\\/2026\\\/02\\\/mint-klin-1.webp\",\"width\":700,\"height\":700},{\"@type\":\"BreadcrumbList\",\"@id\":\"https:\\\/\\\/clair.si\\\/hr\\\/izdelek\\\/solni-kamen-cavalor-rocky\\\/#breadcrumb\",\"itemListElement\":[{\"@type\":\"ListItem\",\"position\":1,\"name\":\"Home\",\"item\":\"https:\\\/\\\/clair.si\\\/hr\\\/\"},{\"@type\":\"ListItem\",\"position\":2,\"name\":\"Trgovina\",\"item\":\"https:\\\/\\\/clair.si\\\/trgovina\\\/\"},{\"@type\":\"ListItem\",\"position\":3,\"name\":\"Solni kamen Cavalor Rocky\"}]},{\"@type\":\"WebSite\",\"@id\":\"https:\\\/\\\/clair.si\\\/#website\",\"url\":\"https:\\\/\\\/clair.si\\\/\",\"name\":\"Clair\",\"description\":\"Trgovina s konjeni\u0161ko opremo\",\"publisher\":{\"@id\":\"https:\\\/\\\/clair.si\\\/#organization\"},\"potentialAction\":[{\"@type\":\"SearchAction\",\"target\":{\"@type\":\"EntryPoint\",\"urlTemplate\":\"https:\\\/\\\/clair.si\\\/?s={search_term_string}\"},\"query-input\":{\"@type\":\"PropertyValueSpecification\",\"valueRequired\":true,\"valueName\":\"search_term_string\"}}],\"inLanguage\":\"hr\"},{\"@type\":\"Organization\",\"@id\":\"https:\\\/\\\/clair.si\\\/#organization\",\"name\":\"Clair\",\"url\":\"https:\\\/\\\/clair.si\\\/\",\"logo\":{\"@type\":\"ImageObject\",\"inLanguage\":\"hr\",\"@id\":\"https:\\\/\\\/clair.si\\\/#\\\/schema\\\/logo\\\/image\\\/\",\"url\":\"https:\\\/\\\/clair.si\\\/wp-content\\\/uploads\\\/2022\\\/11\\\/clair_logo_2022.jpg\",\"contentUrl\":\"https:\\\/\\\/clair.si\\\/wp-content\\\/uploads\\\/2022\\\/11\\\/clair_logo_2022.jpg\",\"width\":1920,\"height\":1920,\"caption\":\"Clair\"},\"image\":{\"@id\":\"https:\\\/\\\/clair.si\\\/#\\\/schema\\\/logo\\\/image\\\/\"},\"sameAs\":[\"https:\\\/\\\/www.facebook.com\\\/TrgovinaClair\\\/\"]}]}<\/script>\n<!-- \/ Yoast SEO plugin. -->","yoast_head_json":{"title":"Solni kamen Cavalor Rocky - Clair","description":"2 kg  kompatibilno s dr\u017ea\u010dem za kvadratni solni kamen","robots":{"index":"index","follow":"follow","max-snippet":"max-snippet:-1","max-image-preview":"max-image-preview:large","max-video-preview":"max-video-preview:-1"},"canonical":"https:\/\/clair.si\/hr\/izdelek\/solni-kamen-cavalor-rocky\/","og_locale":"hr_HR","og_type":"article","og_title":"Solni kamen Cavalor Rocky - Clair","og_description":"2 kg  kompatibilno s dr\u017ea\u010dem za kvadratni solni kamen","og_url":"https:\/\/clair.si\/hr\/izdelek\/solni-kamen-cavalor-rocky\/","og_site_name":"Clair","article_publisher":"https:\/\/www.facebook.com\/TrgovinaClair\/","og_image":[{"width":700,"height":700,"url":"https:\/\/clair.si\/wp-content\/uploads\/2026\/02\/mint-klin-1.webp","type":"image\/png"}],"twitter_card":"summary_large_image","twitter_misc":{"Procijenjeno vrijeme \u010ditanja":"1 minuta"},"schema":{"@context":"https:\/\/schema.org","@graph":[{"@type":"WebPage","@id":"https:\/\/clair.si\/hr\/izdelek\/solni-kamen-cavalor-rocky\/","url":"https:\/\/clair.si\/hr\/izdelek\/solni-kamen-cavalor-rocky\/","name":"Solni kamen Cavalor Rocky - Clair","isPartOf":{"@id":"https:\/\/clair.si\/#website"},"primaryImageOfPage":{"@id":"https:\/\/clair.si\/hr\/izdelek\/solni-kamen-cavalor-rocky\/#primaryimage"},"image":{"@id":"https:\/\/clair.si\/hr\/izdelek\/solni-kamen-cavalor-rocky\/#primaryimage"},"thumbnailUrl":"https:\/\/clair.si\/wp-content\/uploads\/2026\/02\/mint-klin-1.webp","datePublished":"2026-02-06T09:33:06+00:00","description":"2 kg kompatibilno s dr\u017ea\u010dem za kvadratni solni kamen","breadcrumb":{"@id":"https:\/\/clair.si\/hr\/izdelek\/solni-kamen-cavalor-rocky\/#breadcrumb"},"inLanguage":"hr","potentialAction":[{"@type":"ReadAction","target":["https:\/\/clair.si\/hr\/izdelek\/solni-kamen-cavalor-rocky\/"]}]},{"@type":"ImageObject","inLanguage":"hr","@id":"https:\/\/clair.si\/hr\/izdelek\/solni-kamen-cavalor-rocky\/#primaryimage","url":"https:\/\/clair.si\/wp-content\/uploads\/2026\/02\/mint-klin-1.webp","contentUrl":"https:\/\/clair.si\/wp-content\/uploads\/2026\/02\/mint-klin-1.webp","width":700,"height":700},{"@type":"BreadcrumbList","@id":"https:\/\/clair.si\/hr\/izdelek\/solni-kamen-cavalor-rocky\/#breadcrumb","itemListElement":[{"@type":"ListItem","position":1,"name":"Home","item":"https:\/\/clair.si\/hr\/"},{"@type":"ListItem","position":2,"name":"Trgovina","item":"https:\/\/clair.si\/trgovina\/"},{"@type":"ListItem","position":3,"name":"Solni kamen Cavalor Rocky"}]},{"@type":"WebSite","@id":"https:\/\/clair.si\/#website","url":"https:\/\/clair.si\/","name":"Clair","description":"Trgovina s konjeni\u0161ko opremo","publisher":{"@id":"https:\/\/clair.si\/#organization"},"potentialAction":[{"@type":"SearchAction","target":{"@type":"EntryPoint","urlTemplate":"https:\/\/clair.si\/?s={search_term_string}"},"query-input":{"@type":"PropertyValueSpecification","valueRequired":true,"valueName":"search_term_string"}}],"inLanguage":"hr"},{"@type":"Organization","@id":"https:\/\/clair.si\/#organization","name":"Clair","url":"https:\/\/clair.si\/","logo":{"@type":"ImageObject","inLanguage":"hr","@id":"https:\/\/clair.si\/#\/schema\/logo\/image\/","url":"https:\/\/clair.si\/wp-content\/uploads\/2022\/11\/clair_logo_2022.jpg","contentUrl":"https:\/\/clair.si\/wp-content\/uploads\/2022\/11\/clair_logo_2022.jpg","width":1920,"height":1920,"caption":"Clair"},"image":{"@id":"https:\/\/clair.si\/#\/schema\/logo\/image\/"},"sameAs":["https:\/\/www.facebook.com\/TrgovinaClair\/"]}]}},"_links":{"self":[{"href":"https:\/\/clair.si\/hr\/wp-json\/wp\/v2\/product\/131703","targetHints":{"allow":["GET"]}}],"collection":[{"href":"https:\/\/clair.si\/hr\/wp-json\/wp\/v2\/product"}],"about":[{"href":"https:\/\/clair.si\/hr\/wp-json\/wp\/v2\/types\/product"}],"version-history":[{"count":0,"href":"https:\/\/clair.si\/hr\/wp-json\/wp\/v2\/product\/131703\/revisions"}],"wp:featuredmedia":[{"embeddable":true,"href":"https:\/\/clair.si\/hr\/wp-json\/wp\/v2\/media\/129847"}],"wp:attachment":[{"href":"https:\/\/clair.si\/hr\/wp-json\/wp\/v2\/media?parent=131703"}],"wp:term":[{"taxonomy":"product_brand","embeddable":true,"href":"https:\/\/clair.si\/hr\/wp-json\/wp\/v2\/product_brand?post=131703"},{"taxonomy":"product_cat","embeddable":true,"href":"https:\/\/clair.si\/hr\/wp-json\/wp\/v2\/product_cat?post=131703"},{"taxonomy":"product_tag","embeddable":true,"href":"https:\/\/clair.si\/hr\/wp-json\/wp\/v2\/product_tag?post=131703"}],"curies":[{"name":"wp","href":"https:\/\/api.w.org\/{rel}","templated":true}]}}