{"id":131724,"date":"2026-02-09T11:01:11","date_gmt":"2026-02-09T10:01:11","guid":{"rendered":"https:\/\/clair.si\/izdelek\/remencici-za-ostruge-season-dreams-zlatna-bijela\/"},"modified":"2026-02-09T11:01:11","modified_gmt":"2026-02-09T10:01:11","slug":"remencici-za-ostruge-season-dreams-zlatna-bijela","status":"publish","type":"product","link":"https:\/\/clair.si\/hr\/izdelek\/remencici-za-ostruge-season-dreams-zlatna-bijela\/","title":{"rendered":"Remen\u010di\u0107i za ostruge Season Dreams zlatna\/bijela"},"content":{"rendered":"<p>Ko\u017eni remen\u010di\u0107i za ostruge s kristalima u boji.<\/p>\n","protected":false},"excerpt":{"rendered":"<ul>\n<li>razli\u010dite kombinacije kristala<\/li>\n<li>za svaki outfit \ud83d\ude42<\/li>\n<\/ul>\n","protected":false},"featured_media":130045,"template":"","meta":{"footnotes":""},"product_brand":[],"product_cat":[5654,5797,5769,5667],"product_tag":[],"class_list":{"0":"post-131724","1":"product","2":"type-product","3":"status-publish","4":"has-post-thumbnail","6":"product_cat-jahac-hr","7":"product_cat-mamuze","8":"product_cat-must-have","9":"product_cat-zene","11":"first","12":"instock","13":"shipping-taxable","14":"purchasable","15":"product-type-simple"},"yoast_head":"<!-- This site is optimized with the Yoast SEO plugin v27.3 - https:\/\/yoast.com\/product\/yoast-seo-wordpress\/ -->\n<title>Remen\u010di\u0107i za ostruge Season Dreams zlatna\/bijela - Clair<\/title>\n<meta name=\"description\" content=\"razli\u010dite kombinacije kristala  za svaki outfit :)\" \/>\n<meta name=\"robots\" content=\"index, follow, max-snippet:-1, max-image-preview:large, max-video-preview:-1\" \/>\n<link rel=\"canonical\" href=\"https:\/\/clair.si\/hr\/izdelek\/remencici-za-ostruge-season-dreams-zlatna-bijela\/\" \/>\n<meta property=\"og:locale\" content=\"hr_HR\" \/>\n<meta property=\"og:type\" content=\"article\" \/>\n<meta property=\"og:title\" content=\"Remen\u010di\u0107i za ostruge Season Dreams zlatna\/bijela - Clair\" \/>\n<meta property=\"og:description\" content=\"razli\u010dite kombinacije kristala  za svaki outfit :)\" \/>\n<meta property=\"og:url\" content=\"https:\/\/clair.si\/hr\/izdelek\/remencici-za-ostruge-season-dreams-zlatna-bijela\/\" \/>\n<meta property=\"og:site_name\" content=\"Clair\" \/>\n<meta property=\"article:publisher\" content=\"https:\/\/www.facebook.com\/TrgovinaClair\/\" \/>\n<meta property=\"og:image\" content=\"https:\/\/clair.si\/wp-content\/uploads\/2026\/02\/zlata-bela-spur.webp\" \/>\n\t<meta property=\"og:image:width\" content=\"800\" \/>\n\t<meta property=\"og:image:height\" content=\"800\" \/>\n\t<meta property=\"og:image:type\" content=\"image\/jpeg\" \/>\n<meta name=\"twitter:card\" content=\"summary_large_image\" \/>\n<script type=\"application\/ld+json\" class=\"yoast-schema-graph\">{\"@context\":\"https:\\\/\\\/schema.org\",\"@graph\":[{\"@type\":\"WebPage\",\"@id\":\"https:\\\/\\\/clair.si\\\/hr\\\/izdelek\\\/remencici-za-ostruge-season-dreams-zlatna-bijela\\\/\",\"url\":\"https:\\\/\\\/clair.si\\\/hr\\\/izdelek\\\/remencici-za-ostruge-season-dreams-zlatna-bijela\\\/\",\"name\":\"Remen\u010di\u0107i za ostruge Season Dreams zlatna\\\/bijela - Clair\",\"isPartOf\":{\"@id\":\"https:\\\/\\\/clair.si\\\/#website\"},\"primaryImageOfPage\":{\"@id\":\"https:\\\/\\\/clair.si\\\/hr\\\/izdelek\\\/remencici-za-ostruge-season-dreams-zlatna-bijela\\\/#primaryimage\"},\"image\":{\"@id\":\"https:\\\/\\\/clair.si\\\/hr\\\/izdelek\\\/remencici-za-ostruge-season-dreams-zlatna-bijela\\\/#primaryimage\"},\"thumbnailUrl\":\"https:\\\/\\\/clair.si\\\/wp-content\\\/uploads\\\/2026\\\/02\\\/zlata-bela-spur.webp\",\"datePublished\":\"2026-02-09T10:01:11+00:00\",\"description\":\"razli\u010dite kombinacije kristala za svaki outfit :)\",\"breadcrumb\":{\"@id\":\"https:\\\/\\\/clair.si\\\/hr\\\/izdelek\\\/remencici-za-ostruge-season-dreams-zlatna-bijela\\\/#breadcrumb\"},\"inLanguage\":\"hr\",\"potentialAction\":[{\"@type\":\"ReadAction\",\"target\":[\"https:\\\/\\\/clair.si\\\/hr\\\/izdelek\\\/remencici-za-ostruge-season-dreams-zlatna-bijela\\\/\"]}]},{\"@type\":\"ImageObject\",\"inLanguage\":\"hr\",\"@id\":\"https:\\\/\\\/clair.si\\\/hr\\\/izdelek\\\/remencici-za-ostruge-season-dreams-zlatna-bijela\\\/#primaryimage\",\"url\":\"https:\\\/\\\/clair.si\\\/wp-content\\\/uploads\\\/2026\\\/02\\\/zlata-bela-spur.webp\",\"contentUrl\":\"https:\\\/\\\/clair.si\\\/wp-content\\\/uploads\\\/2026\\\/02\\\/zlata-bela-spur.webp\",\"width\":800,\"height\":800},{\"@type\":\"BreadcrumbList\",\"@id\":\"https:\\\/\\\/clair.si\\\/hr\\\/izdelek\\\/remencici-za-ostruge-season-dreams-zlatna-bijela\\\/#breadcrumb\",\"itemListElement\":[{\"@type\":\"ListItem\",\"position\":1,\"name\":\"Home\",\"item\":\"https:\\\/\\\/clair.si\\\/hr\\\/\"},{\"@type\":\"ListItem\",\"position\":2,\"name\":\"Trgovina\",\"item\":\"https:\\\/\\\/clair.si\\\/trgovina\\\/\"},{\"@type\":\"ListItem\",\"position\":3,\"name\":\"Remen\u010di\u0107i za ostruge Season Dreams zlatna\\\/bijela\"}]},{\"@type\":\"WebSite\",\"@id\":\"https:\\\/\\\/clair.si\\\/#website\",\"url\":\"https:\\\/\\\/clair.si\\\/\",\"name\":\"Clair\",\"description\":\"Trgovina s konjeni\u0161ko opremo\",\"publisher\":{\"@id\":\"https:\\\/\\\/clair.si\\\/#organization\"},\"potentialAction\":[{\"@type\":\"SearchAction\",\"target\":{\"@type\":\"EntryPoint\",\"urlTemplate\":\"https:\\\/\\\/clair.si\\\/?s={search_term_string}\"},\"query-input\":{\"@type\":\"PropertyValueSpecification\",\"valueRequired\":true,\"valueName\":\"search_term_string\"}}],\"inLanguage\":\"hr\"},{\"@type\":\"Organization\",\"@id\":\"https:\\\/\\\/clair.si\\\/#organization\",\"name\":\"Clair\",\"url\":\"https:\\\/\\\/clair.si\\\/\",\"logo\":{\"@type\":\"ImageObject\",\"inLanguage\":\"hr\",\"@id\":\"https:\\\/\\\/clair.si\\\/#\\\/schema\\\/logo\\\/image\\\/\",\"url\":\"https:\\\/\\\/clair.si\\\/wp-content\\\/uploads\\\/2022\\\/11\\\/clair_logo_2022.jpg\",\"contentUrl\":\"https:\\\/\\\/clair.si\\\/wp-content\\\/uploads\\\/2022\\\/11\\\/clair_logo_2022.jpg\",\"width\":1920,\"height\":1920,\"caption\":\"Clair\"},\"image\":{\"@id\":\"https:\\\/\\\/clair.si\\\/#\\\/schema\\\/logo\\\/image\\\/\"},\"sameAs\":[\"https:\\\/\\\/www.facebook.com\\\/TrgovinaClair\\\/\"]}]}<\/script>\n<!-- \/ Yoast SEO plugin. -->","yoast_head_json":{"title":"Remen\u010di\u0107i za ostruge Season Dreams zlatna\/bijela - Clair","description":"razli\u010dite kombinacije kristala  za svaki outfit :)","robots":{"index":"index","follow":"follow","max-snippet":"max-snippet:-1","max-image-preview":"max-image-preview:large","max-video-preview":"max-video-preview:-1"},"canonical":"https:\/\/clair.si\/hr\/izdelek\/remencici-za-ostruge-season-dreams-zlatna-bijela\/","og_locale":"hr_HR","og_type":"article","og_title":"Remen\u010di\u0107i za ostruge Season Dreams zlatna\/bijela - Clair","og_description":"razli\u010dite kombinacije kristala  za svaki outfit :)","og_url":"https:\/\/clair.si\/hr\/izdelek\/remencici-za-ostruge-season-dreams-zlatna-bijela\/","og_site_name":"Clair","article_publisher":"https:\/\/www.facebook.com\/TrgovinaClair\/","og_image":[{"width":800,"height":800,"url":"https:\/\/clair.si\/wp-content\/uploads\/2026\/02\/zlata-bela-spur.webp","type":"image\/jpeg"}],"twitter_card":"summary_large_image","schema":{"@context":"https:\/\/schema.org","@graph":[{"@type":"WebPage","@id":"https:\/\/clair.si\/hr\/izdelek\/remencici-za-ostruge-season-dreams-zlatna-bijela\/","url":"https:\/\/clair.si\/hr\/izdelek\/remencici-za-ostruge-season-dreams-zlatna-bijela\/","name":"Remen\u010di\u0107i za ostruge Season Dreams zlatna\/bijela - Clair","isPartOf":{"@id":"https:\/\/clair.si\/#website"},"primaryImageOfPage":{"@id":"https:\/\/clair.si\/hr\/izdelek\/remencici-za-ostruge-season-dreams-zlatna-bijela\/#primaryimage"},"image":{"@id":"https:\/\/clair.si\/hr\/izdelek\/remencici-za-ostruge-season-dreams-zlatna-bijela\/#primaryimage"},"thumbnailUrl":"https:\/\/clair.si\/wp-content\/uploads\/2026\/02\/zlata-bela-spur.webp","datePublished":"2026-02-09T10:01:11+00:00","description":"razli\u010dite kombinacije kristala za svaki outfit :)","breadcrumb":{"@id":"https:\/\/clair.si\/hr\/izdelek\/remencici-za-ostruge-season-dreams-zlatna-bijela\/#breadcrumb"},"inLanguage":"hr","potentialAction":[{"@type":"ReadAction","target":["https:\/\/clair.si\/hr\/izdelek\/remencici-za-ostruge-season-dreams-zlatna-bijela\/"]}]},{"@type":"ImageObject","inLanguage":"hr","@id":"https:\/\/clair.si\/hr\/izdelek\/remencici-za-ostruge-season-dreams-zlatna-bijela\/#primaryimage","url":"https:\/\/clair.si\/wp-content\/uploads\/2026\/02\/zlata-bela-spur.webp","contentUrl":"https:\/\/clair.si\/wp-content\/uploads\/2026\/02\/zlata-bela-spur.webp","width":800,"height":800},{"@type":"BreadcrumbList","@id":"https:\/\/clair.si\/hr\/izdelek\/remencici-za-ostruge-season-dreams-zlatna-bijela\/#breadcrumb","itemListElement":[{"@type":"ListItem","position":1,"name":"Home","item":"https:\/\/clair.si\/hr\/"},{"@type":"ListItem","position":2,"name":"Trgovina","item":"https:\/\/clair.si\/trgovina\/"},{"@type":"ListItem","position":3,"name":"Remen\u010di\u0107i za ostruge Season Dreams zlatna\/bijela"}]},{"@type":"WebSite","@id":"https:\/\/clair.si\/#website","url":"https:\/\/clair.si\/","name":"Clair","description":"Trgovina s konjeni\u0161ko opremo","publisher":{"@id":"https:\/\/clair.si\/#organization"},"potentialAction":[{"@type":"SearchAction","target":{"@type":"EntryPoint","urlTemplate":"https:\/\/clair.si\/?s={search_term_string}"},"query-input":{"@type":"PropertyValueSpecification","valueRequired":true,"valueName":"search_term_string"}}],"inLanguage":"hr"},{"@type":"Organization","@id":"https:\/\/clair.si\/#organization","name":"Clair","url":"https:\/\/clair.si\/","logo":{"@type":"ImageObject","inLanguage":"hr","@id":"https:\/\/clair.si\/#\/schema\/logo\/image\/","url":"https:\/\/clair.si\/wp-content\/uploads\/2022\/11\/clair_logo_2022.jpg","contentUrl":"https:\/\/clair.si\/wp-content\/uploads\/2022\/11\/clair_logo_2022.jpg","width":1920,"height":1920,"caption":"Clair"},"image":{"@id":"https:\/\/clair.si\/#\/schema\/logo\/image\/"},"sameAs":["https:\/\/www.facebook.com\/TrgovinaClair\/"]}]}},"_links":{"self":[{"href":"https:\/\/clair.si\/hr\/wp-json\/wp\/v2\/product\/131724","targetHints":{"allow":["GET"]}}],"collection":[{"href":"https:\/\/clair.si\/hr\/wp-json\/wp\/v2\/product"}],"about":[{"href":"https:\/\/clair.si\/hr\/wp-json\/wp\/v2\/types\/product"}],"version-history":[{"count":0,"href":"https:\/\/clair.si\/hr\/wp-json\/wp\/v2\/product\/131724\/revisions"}],"wp:featuredmedia":[{"embeddable":true,"href":"https:\/\/clair.si\/hr\/wp-json\/wp\/v2\/media\/130045"}],"wp:attachment":[{"href":"https:\/\/clair.si\/hr\/wp-json\/wp\/v2\/media?parent=131724"}],"wp:term":[{"taxonomy":"product_brand","embeddable":true,"href":"https:\/\/clair.si\/hr\/wp-json\/wp\/v2\/product_brand?post=131724"},{"taxonomy":"product_cat","embeddable":true,"href":"https:\/\/clair.si\/hr\/wp-json\/wp\/v2\/product_cat?post=131724"},{"taxonomy":"product_tag","embeddable":true,"href":"https:\/\/clair.si\/hr\/wp-json\/wp\/v2\/product_tag?post=131724"}],"curies":[{"name":"wp","href":"https:\/\/api.w.org\/{rel}","templated":true}]}}