{"id":131725,"date":"2026-02-09T10:44:54","date_gmt":"2026-02-09T09:44:54","guid":{"rendered":"https:\/\/clair.si\/izdelek\/obicne-tkane-uzde-kavalkade-20-mm-smede\/"},"modified":"2026-02-09T10:44:54","modified_gmt":"2026-02-09T09:44:54","slug":"obicne-tkane-uzde-kavalkade-20-mm-smede","status":"publish","type":"product","link":"https:\/\/clair.si\/hr\/izdelek\/obicne-tkane-uzde-kavalkade-20-mm-smede\/","title":{"rendered":"Obi\u010dne tkane uzde Kavalkade 20 mm sme\u0111e"},"content":{"rendered":"<p data-start=\"163\" data-end=\"435\">Obi\u010dne tkane uzde <strong data-start=\"184\" data-end=\"203\">Kavalkade 20 mm<\/strong> klasi\u010dan su izbor za svakodnevno jahanje, kada \u017eelite stabilan hvat, jednostavno odr\u017eavanje i pouzdan kontakt. \u0160irina od 20 mm udobna je u ruci i prikladna za ve\u0107inu jaha\u010da, \u010dak i pri jahanju s rukavicama ili u vla\u017enijim uvjetima. <\/p>\n<p data-start=\"437\" data-end=\"750\">Uzde imaju <strong data-start=\"450\" data-end=\"470\">ko\u017ene stopere<\/strong> koji poma\u017eu da ruka ostane na jednakoj duljini i da uzde manje klize. Dodan je i <strong data-start=\"562\" data-end=\"585\">kliza\u010d za martingal<\/strong>, stoga su prikladne i za upotrebu s martingalom bez dodatnih dodataka. Prednji dio je <strong data-start=\"675\" data-end=\"685\">ko\u017eni<\/strong>, a pri\u010dvr\u0161\u0107ivanje na \u017evalu izvedeno je <strong data-start=\"725\" data-end=\"749\">klasi\u010dnim kop\u010dama<\/strong>.  <\/p>\n","protected":false},"excerpt":{"rendered":"<p>Obi\u010dne tkane uzde Kavalkade 20 mm klasi\u010dan su izbor za svakodnevno jahanje, kada \u017eelite stabilan hvat, jednostavno odr\u017eavanje i pouzdan<\/p>\n","protected":false},"featured_media":130032,"template":"","meta":{"footnotes":""},"product_brand":[],"product_cat":[5822,5624,5697],"product_tag":[],"class_list":{"0":"post-131725","1":"product","2":"type-product","3":"status-publish","4":"has-post-thumbnail","6":"product_cat-dizgini","7":"product_cat-konj-hr","8":"product_cat-uzde-i-dizgini","10":"first","11":"instock","12":"shipping-taxable","13":"purchasable","14":"product-type-simple"},"yoast_head":"<!-- This site is optimized with the Yoast SEO plugin v27.3 - https:\/\/yoast.com\/product\/yoast-seo-wordpress\/ -->\n<title>Obi\u010dne tkane uzde Kavalkade 20 mm sme\u0111e - Clair<\/title>\n<meta name=\"description\" content=\"Obi\u010dne tkane uzde Kavalkade 20 mm klasi\u010dan su izbor za svakodnevno jahanje, kada \u017eelite stabilan hvat, jednostavno odr\u017eavanje i pouzdan kontakt. \u0160irina od\" \/>\n<meta name=\"robots\" content=\"index, follow, max-snippet:-1, max-image-preview:large, max-video-preview:-1\" \/>\n<link rel=\"canonical\" href=\"https:\/\/clair.si\/hr\/izdelek\/obicne-tkane-uzde-kavalkade-20-mm-smede\/\" \/>\n<meta property=\"og:locale\" content=\"hr_HR\" \/>\n<meta property=\"og:type\" content=\"article\" \/>\n<meta property=\"og:title\" content=\"Obi\u010dne tkane uzde Kavalkade 20 mm sme\u0111e - Clair\" \/>\n<meta property=\"og:description\" content=\"Obi\u010dne tkane uzde Kavalkade 20 mm klasi\u010dan su izbor za svakodnevno jahanje, kada \u017eelite stabilan hvat, jednostavno odr\u017eavanje i pouzdan kontakt. \u0160irina od\" \/>\n<meta property=\"og:url\" content=\"https:\/\/clair.si\/hr\/izdelek\/obicne-tkane-uzde-kavalkade-20-mm-smede\/\" \/>\n<meta property=\"og:site_name\" content=\"Clair\" \/>\n<meta property=\"article:publisher\" content=\"https:\/\/www.facebook.com\/TrgovinaClair\/\" \/>\n<meta property=\"og:image\" content=\"https:\/\/clair.si\/wp-content\/uploads\/2026\/02\/RJAVE-vajeti-cliar.webp\" \/>\n\t<meta property=\"og:image:width\" content=\"800\" \/>\n\t<meta property=\"og:image:height\" content=\"800\" \/>\n\t<meta property=\"og:image:type\" content=\"image\/jpeg\" \/>\n<meta name=\"twitter:card\" content=\"summary_large_image\" \/>\n<meta name=\"twitter:label1\" content=\"Procijenjeno vrijeme \u010ditanja\" \/>\n\t<meta name=\"twitter:data1\" content=\"1 minuta\" \/>\n<script type=\"application\/ld+json\" class=\"yoast-schema-graph\">{\"@context\":\"https:\\\/\\\/schema.org\",\"@graph\":[{\"@type\":\"WebPage\",\"@id\":\"https:\\\/\\\/clair.si\\\/hr\\\/izdelek\\\/obicne-tkane-uzde-kavalkade-20-mm-smede\\\/\",\"url\":\"https:\\\/\\\/clair.si\\\/hr\\\/izdelek\\\/obicne-tkane-uzde-kavalkade-20-mm-smede\\\/\",\"name\":\"Obi\u010dne tkane uzde Kavalkade 20 mm sme\u0111e - Clair\",\"isPartOf\":{\"@id\":\"https:\\\/\\\/clair.si\\\/#website\"},\"primaryImageOfPage\":{\"@id\":\"https:\\\/\\\/clair.si\\\/hr\\\/izdelek\\\/obicne-tkane-uzde-kavalkade-20-mm-smede\\\/#primaryimage\"},\"image\":{\"@id\":\"https:\\\/\\\/clair.si\\\/hr\\\/izdelek\\\/obicne-tkane-uzde-kavalkade-20-mm-smede\\\/#primaryimage\"},\"thumbnailUrl\":\"https:\\\/\\\/clair.si\\\/wp-content\\\/uploads\\\/2026\\\/02\\\/RJAVE-vajeti-cliar.webp\",\"datePublished\":\"2026-02-09T09:44:54+00:00\",\"description\":\"Obi\u010dne tkane uzde Kavalkade 20 mm klasi\u010dan su izbor za svakodnevno jahanje, kada \u017eelite stabilan hvat, jednostavno odr\u017eavanje i pouzdan kontakt. \u0160irina od\",\"breadcrumb\":{\"@id\":\"https:\\\/\\\/clair.si\\\/hr\\\/izdelek\\\/obicne-tkane-uzde-kavalkade-20-mm-smede\\\/#breadcrumb\"},\"inLanguage\":\"hr\",\"potentialAction\":[{\"@type\":\"ReadAction\",\"target\":[\"https:\\\/\\\/clair.si\\\/hr\\\/izdelek\\\/obicne-tkane-uzde-kavalkade-20-mm-smede\\\/\"]}]},{\"@type\":\"ImageObject\",\"inLanguage\":\"hr\",\"@id\":\"https:\\\/\\\/clair.si\\\/hr\\\/izdelek\\\/obicne-tkane-uzde-kavalkade-20-mm-smede\\\/#primaryimage\",\"url\":\"https:\\\/\\\/clair.si\\\/wp-content\\\/uploads\\\/2026\\\/02\\\/RJAVE-vajeti-cliar.webp\",\"contentUrl\":\"https:\\\/\\\/clair.si\\\/wp-content\\\/uploads\\\/2026\\\/02\\\/RJAVE-vajeti-cliar.webp\",\"width\":800,\"height\":800},{\"@type\":\"BreadcrumbList\",\"@id\":\"https:\\\/\\\/clair.si\\\/hr\\\/izdelek\\\/obicne-tkane-uzde-kavalkade-20-mm-smede\\\/#breadcrumb\",\"itemListElement\":[{\"@type\":\"ListItem\",\"position\":1,\"name\":\"Home\",\"item\":\"https:\\\/\\\/clair.si\\\/hr\\\/\"},{\"@type\":\"ListItem\",\"position\":2,\"name\":\"Trgovina\",\"item\":\"https:\\\/\\\/clair.si\\\/trgovina\\\/\"},{\"@type\":\"ListItem\",\"position\":3,\"name\":\"Obi\u010dne tkane uzde Kavalkade 20 mm sme\u0111e\"}]},{\"@type\":\"WebSite\",\"@id\":\"https:\\\/\\\/clair.si\\\/#website\",\"url\":\"https:\\\/\\\/clair.si\\\/\",\"name\":\"Clair\",\"description\":\"Trgovina s konjeni\u0161ko opremo\",\"publisher\":{\"@id\":\"https:\\\/\\\/clair.si\\\/#organization\"},\"potentialAction\":[{\"@type\":\"SearchAction\",\"target\":{\"@type\":\"EntryPoint\",\"urlTemplate\":\"https:\\\/\\\/clair.si\\\/?s={search_term_string}\"},\"query-input\":{\"@type\":\"PropertyValueSpecification\",\"valueRequired\":true,\"valueName\":\"search_term_string\"}}],\"inLanguage\":\"hr\"},{\"@type\":\"Organization\",\"@id\":\"https:\\\/\\\/clair.si\\\/#organization\",\"name\":\"Clair\",\"url\":\"https:\\\/\\\/clair.si\\\/\",\"logo\":{\"@type\":\"ImageObject\",\"inLanguage\":\"hr\",\"@id\":\"https:\\\/\\\/clair.si\\\/#\\\/schema\\\/logo\\\/image\\\/\",\"url\":\"https:\\\/\\\/clair.si\\\/wp-content\\\/uploads\\\/2022\\\/11\\\/clair_logo_2022.jpg\",\"contentUrl\":\"https:\\\/\\\/clair.si\\\/wp-content\\\/uploads\\\/2022\\\/11\\\/clair_logo_2022.jpg\",\"width\":1920,\"height\":1920,\"caption\":\"Clair\"},\"image\":{\"@id\":\"https:\\\/\\\/clair.si\\\/#\\\/schema\\\/logo\\\/image\\\/\"},\"sameAs\":[\"https:\\\/\\\/www.facebook.com\\\/TrgovinaClair\\\/\"]}]}<\/script>\n<!-- \/ Yoast SEO plugin. -->","yoast_head_json":{"title":"Obi\u010dne tkane uzde Kavalkade 20 mm sme\u0111e - Clair","description":"Obi\u010dne tkane uzde Kavalkade 20 mm klasi\u010dan su izbor za svakodnevno jahanje, kada \u017eelite stabilan hvat, jednostavno odr\u017eavanje i pouzdan kontakt. \u0160irina od","robots":{"index":"index","follow":"follow","max-snippet":"max-snippet:-1","max-image-preview":"max-image-preview:large","max-video-preview":"max-video-preview:-1"},"canonical":"https:\/\/clair.si\/hr\/izdelek\/obicne-tkane-uzde-kavalkade-20-mm-smede\/","og_locale":"hr_HR","og_type":"article","og_title":"Obi\u010dne tkane uzde Kavalkade 20 mm sme\u0111e - Clair","og_description":"Obi\u010dne tkane uzde Kavalkade 20 mm klasi\u010dan su izbor za svakodnevno jahanje, kada \u017eelite stabilan hvat, jednostavno odr\u017eavanje i pouzdan kontakt. \u0160irina od","og_url":"https:\/\/clair.si\/hr\/izdelek\/obicne-tkane-uzde-kavalkade-20-mm-smede\/","og_site_name":"Clair","article_publisher":"https:\/\/www.facebook.com\/TrgovinaClair\/","og_image":[{"width":800,"height":800,"url":"https:\/\/clair.si\/wp-content\/uploads\/2026\/02\/RJAVE-vajeti-cliar.webp","type":"image\/jpeg"}],"twitter_card":"summary_large_image","twitter_misc":{"Procijenjeno vrijeme \u010ditanja":"1 minuta"},"schema":{"@context":"https:\/\/schema.org","@graph":[{"@type":"WebPage","@id":"https:\/\/clair.si\/hr\/izdelek\/obicne-tkane-uzde-kavalkade-20-mm-smede\/","url":"https:\/\/clair.si\/hr\/izdelek\/obicne-tkane-uzde-kavalkade-20-mm-smede\/","name":"Obi\u010dne tkane uzde Kavalkade 20 mm sme\u0111e - Clair","isPartOf":{"@id":"https:\/\/clair.si\/#website"},"primaryImageOfPage":{"@id":"https:\/\/clair.si\/hr\/izdelek\/obicne-tkane-uzde-kavalkade-20-mm-smede\/#primaryimage"},"image":{"@id":"https:\/\/clair.si\/hr\/izdelek\/obicne-tkane-uzde-kavalkade-20-mm-smede\/#primaryimage"},"thumbnailUrl":"https:\/\/clair.si\/wp-content\/uploads\/2026\/02\/RJAVE-vajeti-cliar.webp","datePublished":"2026-02-09T09:44:54+00:00","description":"Obi\u010dne tkane uzde Kavalkade 20 mm klasi\u010dan su izbor za svakodnevno jahanje, kada \u017eelite stabilan hvat, jednostavno odr\u017eavanje i pouzdan kontakt. \u0160irina od","breadcrumb":{"@id":"https:\/\/clair.si\/hr\/izdelek\/obicne-tkane-uzde-kavalkade-20-mm-smede\/#breadcrumb"},"inLanguage":"hr","potentialAction":[{"@type":"ReadAction","target":["https:\/\/clair.si\/hr\/izdelek\/obicne-tkane-uzde-kavalkade-20-mm-smede\/"]}]},{"@type":"ImageObject","inLanguage":"hr","@id":"https:\/\/clair.si\/hr\/izdelek\/obicne-tkane-uzde-kavalkade-20-mm-smede\/#primaryimage","url":"https:\/\/clair.si\/wp-content\/uploads\/2026\/02\/RJAVE-vajeti-cliar.webp","contentUrl":"https:\/\/clair.si\/wp-content\/uploads\/2026\/02\/RJAVE-vajeti-cliar.webp","width":800,"height":800},{"@type":"BreadcrumbList","@id":"https:\/\/clair.si\/hr\/izdelek\/obicne-tkane-uzde-kavalkade-20-mm-smede\/#breadcrumb","itemListElement":[{"@type":"ListItem","position":1,"name":"Home","item":"https:\/\/clair.si\/hr\/"},{"@type":"ListItem","position":2,"name":"Trgovina","item":"https:\/\/clair.si\/trgovina\/"},{"@type":"ListItem","position":3,"name":"Obi\u010dne tkane uzde Kavalkade 20 mm sme\u0111e"}]},{"@type":"WebSite","@id":"https:\/\/clair.si\/#website","url":"https:\/\/clair.si\/","name":"Clair","description":"Trgovina s konjeni\u0161ko opremo","publisher":{"@id":"https:\/\/clair.si\/#organization"},"potentialAction":[{"@type":"SearchAction","target":{"@type":"EntryPoint","urlTemplate":"https:\/\/clair.si\/?s={search_term_string}"},"query-input":{"@type":"PropertyValueSpecification","valueRequired":true,"valueName":"search_term_string"}}],"inLanguage":"hr"},{"@type":"Organization","@id":"https:\/\/clair.si\/#organization","name":"Clair","url":"https:\/\/clair.si\/","logo":{"@type":"ImageObject","inLanguage":"hr","@id":"https:\/\/clair.si\/#\/schema\/logo\/image\/","url":"https:\/\/clair.si\/wp-content\/uploads\/2022\/11\/clair_logo_2022.jpg","contentUrl":"https:\/\/clair.si\/wp-content\/uploads\/2022\/11\/clair_logo_2022.jpg","width":1920,"height":1920,"caption":"Clair"},"image":{"@id":"https:\/\/clair.si\/#\/schema\/logo\/image\/"},"sameAs":["https:\/\/www.facebook.com\/TrgovinaClair\/"]}]}},"_links":{"self":[{"href":"https:\/\/clair.si\/hr\/wp-json\/wp\/v2\/product\/131725","targetHints":{"allow":["GET"]}}],"collection":[{"href":"https:\/\/clair.si\/hr\/wp-json\/wp\/v2\/product"}],"about":[{"href":"https:\/\/clair.si\/hr\/wp-json\/wp\/v2\/types\/product"}],"version-history":[{"count":0,"href":"https:\/\/clair.si\/hr\/wp-json\/wp\/v2\/product\/131725\/revisions"}],"wp:featuredmedia":[{"embeddable":true,"href":"https:\/\/clair.si\/hr\/wp-json\/wp\/v2\/media\/130032"}],"wp:attachment":[{"href":"https:\/\/clair.si\/hr\/wp-json\/wp\/v2\/media?parent=131725"}],"wp:term":[{"taxonomy":"product_brand","embeddable":true,"href":"https:\/\/clair.si\/hr\/wp-json\/wp\/v2\/product_brand?post=131725"},{"taxonomy":"product_cat","embeddable":true,"href":"https:\/\/clair.si\/hr\/wp-json\/wp\/v2\/product_cat?post=131725"},{"taxonomy":"product_tag","embeddable":true,"href":"https:\/\/clair.si\/hr\/wp-json\/wp\/v2\/product_tag?post=131725"}],"curies":[{"name":"wp","href":"https:\/\/api.w.org\/{rel}","templated":true}]}}