{"id":131735,"date":"2026-02-11T10:42:57","date_gmt":"2026-02-11T09:42:57","guid":{"rendered":"https:\/\/clair.si\/izdelek\/konopljino-ulje-nova-era\/"},"modified":"2026-02-11T10:42:57","modified_gmt":"2026-02-11T09:42:57","slug":"konopljino-ulje-nova-era","status":"publish","type":"product","link":"https:\/\/clair.si\/hr\/izdelek\/konopljino-ulje-nova-era\/","title":{"rendered":"Konopljino ulje Nova Era"},"content":{"rendered":"<h2 data-start=\"0\" data-end=\"72\">Konopljino ulje hladno pre\u0161ano<\/h2>\n<p data-start=\"74\" data-end=\"418\">Hladno pre\u0161ano konopljino ulje je kvalitetan izvor masti za <strong data-start=\"134\" data-end=\"170\">pove\u0107anje energetske vrijednosti obroka<\/strong> te podr\u0161ku <strong data-start=\"183\" data-end=\"211\">kondiciji, ko\u017ei i dlaci<\/strong>. Zahvaljuju\u0107i nje\u017enoj preradi (hladno pre\u0161anje) zadr\u017eava prirodna svojstva ulja i odli\u010dan je izbor kao dodatak za konje kojima je potrebno vi\u0161e kalorija u obroku, bolji toplinski u\u010dinak ili podr\u0161ka kod suhe ko\u017ee. <\/p>\n<h3 data-start=\"420\" data-end=\"449\">Za\u0161to ga konji vole?<\/h3>\n<ul data-start=\"450\" data-end=\"642\">\n<li data-start=\"450\" data-end=\"497\">\n<p data-start=\"452\" data-end=\"497\">poma\u017ee kod <strong data-start=\"463\" data-end=\"479\">sjajne dlake<\/strong> i uredne ko\u017ee<\/p>\n<\/li>\n<li data-start=\"498\" data-end=\"575\">\n<p data-start=\"500\" data-end=\"575\">prakti\u010dan na\u010din za <strong data-start=\"518\" data-end=\"540\">pove\u0107anje energije<\/strong> u obroku bez ve\u0107ih koli\u010dina \u017eitarica<\/p>\n<\/li>\n<li data-start=\"576\" data-end=\"642\">\n<p data-start=\"578\" data-end=\"642\">prikladno za <strong data-start=\"590\" data-end=\"613\">svakodnevnu uporabu<\/strong><\/p>\n<\/li>\n<\/ul>\n<h3 data-start=\"644\" data-end=\"655\">Sastav<\/h3>\n<p data-start=\"656\" data-end=\"693\">100% hladno pre\u0161ano konopljino ulje.<\/p>\n<h3 data-start=\"695\" data-end=\"718\">Analiti\u010dki sastojci<\/h3>\n<p data-start=\"719\" data-end=\"848\">Sirove masti: 100% (od toga zasi\u0107ene masti 11%, nezasi\u0107ene masti 12%, vi\u0161estruko nezasi\u0107ene masti 77%), sirova vlakna: 0%.<\/p>\n<h3 data-start=\"850\" data-end=\"875\">Upute za hranjenje<\/h3>\n<p data-start=\"876\" data-end=\"918\">Dnevno 10 ml na 100 kg tjelesne te\u017eine konja.<\/p>\n<h3 data-start=\"920\" data-end=\"936\">Skladi\u0161tenje<\/h3>\n<p data-start=\"937\" data-end=\"1014\">\u010cuvati na suhom, hladnom i zatvorenom mjestu, za\u0161ti\u0107eno od sun\u010deve svjetlosti.<\/p>\n<p data-start=\"1016\" data-end=\"1055\"><strong data-start=\"1016\" data-end=\"1028\">Podrijetlo:<\/strong> EU<br data-start=\"1031\" data-end=\"1034\"><strong data-start=\"1034\" data-end=\"1047\">Koli\u010dina:<\/strong> 1000 ml<\/p>\n","protected":false},"excerpt":{"rendered":"<ul>\n<li>odli\u010dan izbor za dodavanje kalorija bez pove\u0107anja \u017eitarica u hrani<\/li>\n<li>za sjajnu i zdravu dlaku<\/li>\n<li>podrijetlo EU<\/li>\n<\/ul>\n","protected":false},"featured_media":130211,"template":"","meta":{"footnotes":""},"product_brand":[],"product_cat":[5657,5710,5712],"product_tag":[],"class_list":{"0":"post-131735","1":"product","2":"type-product","3":"status-publish","4":"has-post-thumbnail","6":"product_cat-kategorije-hr","7":"product_cat-hrana-za-konje-hr","8":"product_cat-prehrambeni-dodaci","10":"first","11":"instock","12":"shipping-taxable","13":"purchasable","14":"product-type-simple"},"yoast_head":"<!-- This site is optimized with the Yoast SEO plugin v27.4 - https:\/\/yoast.com\/product\/yoast-seo-wordpress\/ -->\n<title>Konopljino ulje Nova Era - Clair<\/title>\n<meta name=\"description\" content=\"odli\u010dan izbor za dodavanje kalorija bez pove\u0107anja \u017eitarica u hrani  za sjajnu i zdravu dlaku  podrijetlo EU\" \/>\n<meta name=\"robots\" content=\"index, follow, max-snippet:-1, max-image-preview:large, max-video-preview:-1\" \/>\n<link rel=\"canonical\" href=\"https:\/\/clair.si\/hr\/izdelek\/konopljino-ulje-nova-era\/\" \/>\n<meta property=\"og:locale\" content=\"hr_HR\" \/>\n<meta property=\"og:type\" content=\"article\" \/>\n<meta property=\"og:title\" content=\"Konopljino ulje Nova Era - Clair\" \/>\n<meta property=\"og:description\" content=\"odli\u010dan izbor za dodavanje kalorija bez pove\u0107anja \u017eitarica u hrani  za sjajnu i zdravu dlaku  podrijetlo EU\" \/>\n<meta property=\"og:url\" content=\"https:\/\/clair.si\/hr\/izdelek\/konopljino-ulje-nova-era\/\" \/>\n<meta property=\"og:site_name\" content=\"Clair\" \/>\n<meta property=\"article:publisher\" content=\"https:\/\/www.facebook.com\/TrgovinaClair\/\" \/>\n<meta property=\"og:image\" content=\"https:\/\/clair.si\/wp-content\/uploads\/2026\/02\/konopljino-olje.webp\" \/>\n\t<meta property=\"og:image:width\" content=\"700\" \/>\n\t<meta property=\"og:image:height\" content=\"700\" \/>\n\t<meta property=\"og:image:type\" content=\"image\/png\" \/>\n<meta name=\"twitter:card\" content=\"summary_large_image\" \/>\n<meta name=\"twitter:label1\" content=\"Procijenjeno vrijeme \u010ditanja\" \/>\n\t<meta name=\"twitter:data1\" content=\"1 minuta\" \/>\n<script type=\"application\/ld+json\" class=\"yoast-schema-graph\">{\"@context\":\"https:\\\/\\\/schema.org\",\"@graph\":[{\"@type\":\"WebPage\",\"@id\":\"https:\\\/\\\/clair.si\\\/hr\\\/izdelek\\\/konopljino-ulje-nova-era\\\/\",\"url\":\"https:\\\/\\\/clair.si\\\/hr\\\/izdelek\\\/konopljino-ulje-nova-era\\\/\",\"name\":\"Konopljino ulje Nova Era - Clair\",\"isPartOf\":{\"@id\":\"https:\\\/\\\/clair.si\\\/#website\"},\"primaryImageOfPage\":{\"@id\":\"https:\\\/\\\/clair.si\\\/hr\\\/izdelek\\\/konopljino-ulje-nova-era\\\/#primaryimage\"},\"image\":{\"@id\":\"https:\\\/\\\/clair.si\\\/hr\\\/izdelek\\\/konopljino-ulje-nova-era\\\/#primaryimage\"},\"thumbnailUrl\":\"https:\\\/\\\/clair.si\\\/wp-content\\\/uploads\\\/2026\\\/02\\\/konopljino-olje.webp\",\"datePublished\":\"2026-02-11T09:42:57+00:00\",\"description\":\"odli\u010dan izbor za dodavanje kalorija bez pove\u0107anja \u017eitarica u hrani za sjajnu i zdravu dlaku podrijetlo EU\",\"breadcrumb\":{\"@id\":\"https:\\\/\\\/clair.si\\\/hr\\\/izdelek\\\/konopljino-ulje-nova-era\\\/#breadcrumb\"},\"inLanguage\":\"hr\",\"potentialAction\":[{\"@type\":\"ReadAction\",\"target\":[\"https:\\\/\\\/clair.si\\\/hr\\\/izdelek\\\/konopljino-ulje-nova-era\\\/\"]}]},{\"@type\":\"ImageObject\",\"inLanguage\":\"hr\",\"@id\":\"https:\\\/\\\/clair.si\\\/hr\\\/izdelek\\\/konopljino-ulje-nova-era\\\/#primaryimage\",\"url\":\"https:\\\/\\\/clair.si\\\/wp-content\\\/uploads\\\/2026\\\/02\\\/konopljino-olje.webp\",\"contentUrl\":\"https:\\\/\\\/clair.si\\\/wp-content\\\/uploads\\\/2026\\\/02\\\/konopljino-olje.webp\",\"width\":700,\"height\":700},{\"@type\":\"BreadcrumbList\",\"@id\":\"https:\\\/\\\/clair.si\\\/hr\\\/izdelek\\\/konopljino-ulje-nova-era\\\/#breadcrumb\",\"itemListElement\":[{\"@type\":\"ListItem\",\"position\":1,\"name\":\"Home\",\"item\":\"https:\\\/\\\/clair.si\\\/hr\\\/\"},{\"@type\":\"ListItem\",\"position\":2,\"name\":\"Trgovina\",\"item\":\"https:\\\/\\\/clair.si\\\/trgovina\\\/\"},{\"@type\":\"ListItem\",\"position\":3,\"name\":\"Konopljino ulje Nova Era\"}]},{\"@type\":\"WebSite\",\"@id\":\"https:\\\/\\\/clair.si\\\/#website\",\"url\":\"https:\\\/\\\/clair.si\\\/\",\"name\":\"Clair\",\"description\":\"Trgovina s konjeni\u0161ko opremo\",\"publisher\":{\"@id\":\"https:\\\/\\\/clair.si\\\/#organization\"},\"potentialAction\":[{\"@type\":\"SearchAction\",\"target\":{\"@type\":\"EntryPoint\",\"urlTemplate\":\"https:\\\/\\\/clair.si\\\/?s={search_term_string}\"},\"query-input\":{\"@type\":\"PropertyValueSpecification\",\"valueRequired\":true,\"valueName\":\"search_term_string\"}}],\"inLanguage\":\"hr\"},{\"@type\":\"Organization\",\"@id\":\"https:\\\/\\\/clair.si\\\/#organization\",\"name\":\"Clair\",\"url\":\"https:\\\/\\\/clair.si\\\/\",\"logo\":{\"@type\":\"ImageObject\",\"inLanguage\":\"hr\",\"@id\":\"https:\\\/\\\/clair.si\\\/#\\\/schema\\\/logo\\\/image\\\/\",\"url\":\"https:\\\/\\\/clair.si\\\/wp-content\\\/uploads\\\/2022\\\/11\\\/clair_logo_2022.jpg\",\"contentUrl\":\"https:\\\/\\\/clair.si\\\/wp-content\\\/uploads\\\/2022\\\/11\\\/clair_logo_2022.jpg\",\"width\":1920,\"height\":1920,\"caption\":\"Clair\"},\"image\":{\"@id\":\"https:\\\/\\\/clair.si\\\/#\\\/schema\\\/logo\\\/image\\\/\"},\"sameAs\":[\"https:\\\/\\\/www.facebook.com\\\/TrgovinaClair\\\/\"]}]}<\/script>\n<!-- \/ Yoast SEO plugin. -->","yoast_head_json":{"title":"Konopljino ulje Nova Era - Clair","description":"odli\u010dan izbor za dodavanje kalorija bez pove\u0107anja \u017eitarica u hrani  za sjajnu i zdravu dlaku  podrijetlo EU","robots":{"index":"index","follow":"follow","max-snippet":"max-snippet:-1","max-image-preview":"max-image-preview:large","max-video-preview":"max-video-preview:-1"},"canonical":"https:\/\/clair.si\/hr\/izdelek\/konopljino-ulje-nova-era\/","og_locale":"hr_HR","og_type":"article","og_title":"Konopljino ulje Nova Era - Clair","og_description":"odli\u010dan izbor za dodavanje kalorija bez pove\u0107anja \u017eitarica u hrani  za sjajnu i zdravu dlaku  podrijetlo EU","og_url":"https:\/\/clair.si\/hr\/izdelek\/konopljino-ulje-nova-era\/","og_site_name":"Clair","article_publisher":"https:\/\/www.facebook.com\/TrgovinaClair\/","og_image":[{"width":700,"height":700,"url":"https:\/\/clair.si\/wp-content\/uploads\/2026\/02\/konopljino-olje.webp","type":"image\/png"}],"twitter_card":"summary_large_image","twitter_misc":{"Procijenjeno vrijeme \u010ditanja":"1 minuta"},"schema":{"@context":"https:\/\/schema.org","@graph":[{"@type":"WebPage","@id":"https:\/\/clair.si\/hr\/izdelek\/konopljino-ulje-nova-era\/","url":"https:\/\/clair.si\/hr\/izdelek\/konopljino-ulje-nova-era\/","name":"Konopljino ulje Nova Era - Clair","isPartOf":{"@id":"https:\/\/clair.si\/#website"},"primaryImageOfPage":{"@id":"https:\/\/clair.si\/hr\/izdelek\/konopljino-ulje-nova-era\/#primaryimage"},"image":{"@id":"https:\/\/clair.si\/hr\/izdelek\/konopljino-ulje-nova-era\/#primaryimage"},"thumbnailUrl":"https:\/\/clair.si\/wp-content\/uploads\/2026\/02\/konopljino-olje.webp","datePublished":"2026-02-11T09:42:57+00:00","description":"odli\u010dan izbor za dodavanje kalorija bez pove\u0107anja \u017eitarica u hrani za sjajnu i zdravu dlaku podrijetlo EU","breadcrumb":{"@id":"https:\/\/clair.si\/hr\/izdelek\/konopljino-ulje-nova-era\/#breadcrumb"},"inLanguage":"hr","potentialAction":[{"@type":"ReadAction","target":["https:\/\/clair.si\/hr\/izdelek\/konopljino-ulje-nova-era\/"]}]},{"@type":"ImageObject","inLanguage":"hr","@id":"https:\/\/clair.si\/hr\/izdelek\/konopljino-ulje-nova-era\/#primaryimage","url":"https:\/\/clair.si\/wp-content\/uploads\/2026\/02\/konopljino-olje.webp","contentUrl":"https:\/\/clair.si\/wp-content\/uploads\/2026\/02\/konopljino-olje.webp","width":700,"height":700},{"@type":"BreadcrumbList","@id":"https:\/\/clair.si\/hr\/izdelek\/konopljino-ulje-nova-era\/#breadcrumb","itemListElement":[{"@type":"ListItem","position":1,"name":"Home","item":"https:\/\/clair.si\/hr\/"},{"@type":"ListItem","position":2,"name":"Trgovina","item":"https:\/\/clair.si\/trgovina\/"},{"@type":"ListItem","position":3,"name":"Konopljino ulje Nova Era"}]},{"@type":"WebSite","@id":"https:\/\/clair.si\/#website","url":"https:\/\/clair.si\/","name":"Clair","description":"Trgovina s konjeni\u0161ko opremo","publisher":{"@id":"https:\/\/clair.si\/#organization"},"potentialAction":[{"@type":"SearchAction","target":{"@type":"EntryPoint","urlTemplate":"https:\/\/clair.si\/?s={search_term_string}"},"query-input":{"@type":"PropertyValueSpecification","valueRequired":true,"valueName":"search_term_string"}}],"inLanguage":"hr"},{"@type":"Organization","@id":"https:\/\/clair.si\/#organization","name":"Clair","url":"https:\/\/clair.si\/","logo":{"@type":"ImageObject","inLanguage":"hr","@id":"https:\/\/clair.si\/#\/schema\/logo\/image\/","url":"https:\/\/clair.si\/wp-content\/uploads\/2022\/11\/clair_logo_2022.jpg","contentUrl":"https:\/\/clair.si\/wp-content\/uploads\/2022\/11\/clair_logo_2022.jpg","width":1920,"height":1920,"caption":"Clair"},"image":{"@id":"https:\/\/clair.si\/#\/schema\/logo\/image\/"},"sameAs":["https:\/\/www.facebook.com\/TrgovinaClair\/"]}]}},"_links":{"self":[{"href":"https:\/\/clair.si\/hr\/wp-json\/wp\/v2\/product\/131735","targetHints":{"allow":["GET"]}}],"collection":[{"href":"https:\/\/clair.si\/hr\/wp-json\/wp\/v2\/product"}],"about":[{"href":"https:\/\/clair.si\/hr\/wp-json\/wp\/v2\/types\/product"}],"version-history":[{"count":0,"href":"https:\/\/clair.si\/hr\/wp-json\/wp\/v2\/product\/131735\/revisions"}],"wp:featuredmedia":[{"embeddable":true,"href":"https:\/\/clair.si\/hr\/wp-json\/wp\/v2\/media\/130211"}],"wp:attachment":[{"href":"https:\/\/clair.si\/hr\/wp-json\/wp\/v2\/media?parent=131735"}],"wp:term":[{"taxonomy":"product_brand","embeddable":true,"href":"https:\/\/clair.si\/hr\/wp-json\/wp\/v2\/product_brand?post=131735"},{"taxonomy":"product_cat","embeddable":true,"href":"https:\/\/clair.si\/hr\/wp-json\/wp\/v2\/product_cat?post=131735"},{"taxonomy":"product_tag","embeddable":true,"href":"https:\/\/clair.si\/hr\/wp-json\/wp\/v2\/product_tag?post=131735"}],"curies":[{"name":"wp","href":"https:\/\/api.w.org\/{rel}","templated":true}]}}