{"id":131736,"date":"2026-02-09T14:13:22","date_gmt":"2026-02-09T13:13:22","guid":{"rendered":"https:\/\/clair.si\/izdelek\/tekucina-protiv-grizenja-equistop\/"},"modified":"2026-02-09T14:13:22","modified_gmt":"2026-02-09T13:13:22","slug":"tekucina-protiv-grizenja-equistop","status":"publish","type":"product","link":"https:\/\/clair.si\/hr\/izdelek\/tekucina-protiv-grizenja-equistop\/","title":{"rendered":"Teku\u0107ina protiv grizenja Equistop"},"content":{"rendered":"<p data-start=\"37\" data-end=\"381\">Equistop je teku\u0107ina s izuzetno <strong data-start=\"68\" data-end=\"87\">gorkim u\u010dinkom<\/strong>, namijenjena sprje\u010davanju <strong data-start=\"113\" data-end=\"138\">grizenja i glodanja<\/strong> opreme i predmeta u \u0161tali (npr. pokriva\u010di, zavoji, drvo, vrata boksa, ograde). <strong data-start=\"219\" data-end=\"233\">Bez mirisa<\/strong>, <strong data-start=\"235\" data-end=\"249\">bez boje<\/strong>, <strong data-start=\"251\" data-end=\"271\">ne ostavlja mrlje<\/strong> i opisana je kao <strong data-start=\"290\" data-end=\"315\">ne\u0161kodljiva<\/strong> za \u017eivotinje, ljude i okoli\u0161. <\/p>\n<h3 data-start=\"383\" data-end=\"411\">Kada je najkorisnija?<\/h3>\n<ul data-start=\"412\" data-end=\"780\">\n<li data-start=\"412\" data-end=\"516\">\n<p data-start=\"414\" data-end=\"516\">konji koji grizu <strong data-start=\"432\" data-end=\"471\">pokriva\u010de, zavoje, za\u0161titnu opremu, drvo<\/strong> itd.<\/p>\n<\/li>\n<li data-start=\"517\" data-end=\"623\">\n<p data-start=\"519\" data-end=\"623\">kod <strong data-start=\"523\" data-end=\"535\">\u017edrebadi<\/strong> (npr. da ne grizu rep kobile \u2013 nanos na rep)<\/p>\n<\/li>\n<li data-start=\"624\" data-end=\"780\">\n<p data-start=\"626\" data-end=\"780\">kao pomo\u0107 kod <strong data-start=\"640\" data-end=\"660\">\u0161te\u0107enja<\/strong> \u2013 pritom je smisleno istovremeno rije\u0161iti uzrok (stres, \u017eivotni uvjeti, hrana, rutina).<\/p>\n<\/li>\n<\/ul>\n<h3 data-start=\"782\" data-end=\"795\">Prednosti?<\/h3>\n<ul data-start=\"796\" data-end=\"1074\">\n<li data-start=\"796\" data-end=\"888\">\n<p data-start=\"798\" data-end=\"888\">vrlo u\u010dinkovit gorak okus<\/p>\n<\/li>\n<li data-start=\"796\" data-end=\"888\">\n<p data-start=\"798\" data-end=\"888\">bez mirisa, proziran, ne boji i ne ostavlja mrlje<\/p>\n<\/li>\n<li data-start=\"975\" data-end=\"1074\">\n<p data-start=\"977\" data-end=\"1074\">prikladan za razli\u010dite povr\u0161ine: zavoji, pokriva\u010di, drvo, oprema<\/p>\n<\/li>\n<\/ul>\n<h3 data-start=\"1076\" data-end=\"1099\">Upute za upotrebu<\/h3>\n<ul data-start=\"1100\" data-end=\"1500\">\n<li data-start=\"1100\" data-end=\"1142\">\n<p data-start=\"1102\" data-end=\"1142\">Proizvod je <strong data-start=\"1113\" data-end=\"1139\">spreman za uporabu<\/strong>.<\/p>\n<\/li>\n<li data-start=\"1143\" data-end=\"1253\">\n<p data-start=\"1145\" data-end=\"1253\">Nanesite na podru\u010dja\/predmete koje \u017eelite za\u0161tititi: <strong data-start=\"1200\" data-end=\"1212\">poprskajte<\/strong> ili po potrebi <strong data-start=\"1228\" data-end=\"1250\">nanesite kistom<\/strong>.<\/p>\n<\/li>\n<li data-start=\"1254\" data-end=\"1373\">\n<p data-start=\"1256\" data-end=\"1373\">Nanos <strong data-start=\"1262\" data-end=\"1285\">ponovite po potrebi<\/strong> (ovisno o intenzitetu grizenja i uvjetima).<\/p>\n<\/li>\n<li data-start=\"1374\" data-end=\"1500\">\n<p data-start=\"1376\" data-end=\"1500\">Ako se koristi na repu, prije sljede\u0107eg ure\u0111ivanja repa preporu\u010duje se <strong data-start=\"1446\" data-end=\"1459\">ispiranje<\/strong>.<\/p>\n<\/li>\n<\/ul>\n<h3 data-start=\"1502\" data-end=\"1513\">Sastav<\/h3>\n<p data-start=\"1514\" data-end=\"1597\">Voda, glicerin, ksantan (xanthan), benzoat.<\/p>\n<h3 data-start=\"1599\" data-end=\"1612\">Upozorenje<\/h3>\n<p data-start=\"1613\" data-end=\"1814\">Kod konja koji \u0161tete Equistop je smisleno koristiti <strong data-start=\"1675\" data-end=\"1690\">kao potporu<\/strong>, a istovremeno je preporu\u010dljivo rije\u0161iti <strong data-start=\"1727\" data-end=\"1744\">uzrok pona\u0161anja<\/strong> (\u017eivotni uvjeti, rutina, stres).<\/p>\n","protected":false},"excerpt":{"rendered":"<p>Equistop je teku\u0107ina s izuzetno gorkim u\u010dinkom, namijenjena sprje\u010davanju grizenja i glodanja opreme i predmeta u \u0161tali (npr. pokriva\u010di, zavoji,<\/p>\n","protected":false},"featured_media":130128,"template":"","meta":{"footnotes":""},"product_brand":[],"product_cat":[5756,5627],"product_tag":[],"class_list":{"0":"post-131736","1":"product","2":"type-product","3":"status-publish","4":"has-post-thumbnail","6":"product_cat-dodaci-za-stalu","7":"product_cat-stala-i-pasnjak","9":"first","10":"outofstock","11":"sale","12":"shipping-taxable","13":"purchasable","14":"product-type-simple"},"yoast_head":"<!-- This site is optimized with the Yoast SEO plugin v27.4 - https:\/\/yoast.com\/product\/yoast-seo-wordpress\/ -->\n<title>Teku\u0107ina protiv grizenja Equistop - Clair<\/title>\n<meta name=\"description\" content=\"Equistop je teku\u0107ina s izuzetno gorkim u\u010dinkom, namijenjena sprje\u010davanju grizenja i glodanja opreme i predmeta u \u0161tali (npr. pokriva\u010di, zavoji, drvo,\" \/>\n<meta name=\"robots\" content=\"index, follow, max-snippet:-1, max-image-preview:large, max-video-preview:-1\" \/>\n<link rel=\"canonical\" href=\"https:\/\/clair.si\/hr\/izdelek\/tekucina-protiv-grizenja-equistop\/\" \/>\n<meta property=\"og:locale\" content=\"hr_HR\" \/>\n<meta property=\"og:type\" content=\"article\" \/>\n<meta property=\"og:title\" content=\"Teku\u0107ina protiv grizenja Equistop - Clair\" \/>\n<meta property=\"og:description\" content=\"Equistop je teku\u0107ina s izuzetno gorkim u\u010dinkom, namijenjena sprje\u010davanju grizenja i glodanja opreme i predmeta u \u0161tali (npr. pokriva\u010di, zavoji, drvo,\" \/>\n<meta property=\"og:url\" content=\"https:\/\/clair.si\/hr\/izdelek\/tekucina-protiv-grizenja-equistop\/\" \/>\n<meta property=\"og:site_name\" content=\"Clair\" \/>\n<meta property=\"article:publisher\" content=\"https:\/\/www.facebook.com\/TrgovinaClair\/\" \/>\n<meta property=\"og:image\" content=\"https:\/\/clair.si\/wp-content\/uploads\/2026\/02\/equistop-liquid-against-biting.webp\" \/>\n\t<meta property=\"og:image:width\" content=\"458\" \/>\n\t<meta property=\"og:image:height\" content=\"458\" \/>\n\t<meta property=\"og:image:type\" content=\"image\/jpeg\" \/>\n<meta name=\"twitter:card\" content=\"summary_large_image\" \/>\n<meta name=\"twitter:label1\" content=\"Procijenjeno vrijeme \u010ditanja\" \/>\n\t<meta name=\"twitter:data1\" content=\"1 minuta\" \/>\n<script type=\"application\/ld+json\" class=\"yoast-schema-graph\">{\"@context\":\"https:\\\/\\\/schema.org\",\"@graph\":[{\"@type\":\"WebPage\",\"@id\":\"https:\\\/\\\/clair.si\\\/hr\\\/izdelek\\\/tekucina-protiv-grizenja-equistop\\\/\",\"url\":\"https:\\\/\\\/clair.si\\\/hr\\\/izdelek\\\/tekucina-protiv-grizenja-equistop\\\/\",\"name\":\"Teku\u0107ina protiv grizenja Equistop - Clair\",\"isPartOf\":{\"@id\":\"https:\\\/\\\/clair.si\\\/#website\"},\"primaryImageOfPage\":{\"@id\":\"https:\\\/\\\/clair.si\\\/hr\\\/izdelek\\\/tekucina-protiv-grizenja-equistop\\\/#primaryimage\"},\"image\":{\"@id\":\"https:\\\/\\\/clair.si\\\/hr\\\/izdelek\\\/tekucina-protiv-grizenja-equistop\\\/#primaryimage\"},\"thumbnailUrl\":\"https:\\\/\\\/clair.si\\\/wp-content\\\/uploads\\\/2026\\\/02\\\/equistop-liquid-against-biting.webp\",\"datePublished\":\"2026-02-09T13:13:22+00:00\",\"description\":\"Equistop je teku\u0107ina s izuzetno gorkim u\u010dinkom, namijenjena sprje\u010davanju grizenja i glodanja opreme i predmeta u \u0161tali (npr. pokriva\u010di, zavoji, drvo,\",\"breadcrumb\":{\"@id\":\"https:\\\/\\\/clair.si\\\/hr\\\/izdelek\\\/tekucina-protiv-grizenja-equistop\\\/#breadcrumb\"},\"inLanguage\":\"hr\",\"potentialAction\":[{\"@type\":\"ReadAction\",\"target\":[\"https:\\\/\\\/clair.si\\\/hr\\\/izdelek\\\/tekucina-protiv-grizenja-equistop\\\/\"]}]},{\"@type\":\"ImageObject\",\"inLanguage\":\"hr\",\"@id\":\"https:\\\/\\\/clair.si\\\/hr\\\/izdelek\\\/tekucina-protiv-grizenja-equistop\\\/#primaryimage\",\"url\":\"https:\\\/\\\/clair.si\\\/wp-content\\\/uploads\\\/2026\\\/02\\\/equistop-liquid-against-biting.webp\",\"contentUrl\":\"https:\\\/\\\/clair.si\\\/wp-content\\\/uploads\\\/2026\\\/02\\\/equistop-liquid-against-biting.webp\",\"width\":458,\"height\":458},{\"@type\":\"BreadcrumbList\",\"@id\":\"https:\\\/\\\/clair.si\\\/hr\\\/izdelek\\\/tekucina-protiv-grizenja-equistop\\\/#breadcrumb\",\"itemListElement\":[{\"@type\":\"ListItem\",\"position\":1,\"name\":\"Home\",\"item\":\"https:\\\/\\\/clair.si\\\/hr\\\/\"},{\"@type\":\"ListItem\",\"position\":2,\"name\":\"Trgovina\",\"item\":\"https:\\\/\\\/clair.si\\\/trgovina\\\/\"},{\"@type\":\"ListItem\",\"position\":3,\"name\":\"Teku\u0107ina protiv grizenja Equistop\"}]},{\"@type\":\"WebSite\",\"@id\":\"https:\\\/\\\/clair.si\\\/#website\",\"url\":\"https:\\\/\\\/clair.si\\\/\",\"name\":\"Clair\",\"description\":\"Trgovina s konjeni\u0161ko opremo\",\"publisher\":{\"@id\":\"https:\\\/\\\/clair.si\\\/#organization\"},\"potentialAction\":[{\"@type\":\"SearchAction\",\"target\":{\"@type\":\"EntryPoint\",\"urlTemplate\":\"https:\\\/\\\/clair.si\\\/?s={search_term_string}\"},\"query-input\":{\"@type\":\"PropertyValueSpecification\",\"valueRequired\":true,\"valueName\":\"search_term_string\"}}],\"inLanguage\":\"hr\"},{\"@type\":\"Organization\",\"@id\":\"https:\\\/\\\/clair.si\\\/#organization\",\"name\":\"Clair\",\"url\":\"https:\\\/\\\/clair.si\\\/\",\"logo\":{\"@type\":\"ImageObject\",\"inLanguage\":\"hr\",\"@id\":\"https:\\\/\\\/clair.si\\\/#\\\/schema\\\/logo\\\/image\\\/\",\"url\":\"https:\\\/\\\/clair.si\\\/wp-content\\\/uploads\\\/2022\\\/11\\\/clair_logo_2022.jpg\",\"contentUrl\":\"https:\\\/\\\/clair.si\\\/wp-content\\\/uploads\\\/2022\\\/11\\\/clair_logo_2022.jpg\",\"width\":1920,\"height\":1920,\"caption\":\"Clair\"},\"image\":{\"@id\":\"https:\\\/\\\/clair.si\\\/#\\\/schema\\\/logo\\\/image\\\/\"},\"sameAs\":[\"https:\\\/\\\/www.facebook.com\\\/TrgovinaClair\\\/\"]}]}<\/script>\n<!-- \/ Yoast SEO plugin. -->","yoast_head_json":{"title":"Teku\u0107ina protiv grizenja Equistop - Clair","description":"Equistop je teku\u0107ina s izuzetno gorkim u\u010dinkom, namijenjena sprje\u010davanju grizenja i glodanja opreme i predmeta u \u0161tali (npr. pokriva\u010di, zavoji, drvo,","robots":{"index":"index","follow":"follow","max-snippet":"max-snippet:-1","max-image-preview":"max-image-preview:large","max-video-preview":"max-video-preview:-1"},"canonical":"https:\/\/clair.si\/hr\/izdelek\/tekucina-protiv-grizenja-equistop\/","og_locale":"hr_HR","og_type":"article","og_title":"Teku\u0107ina protiv grizenja Equistop - Clair","og_description":"Equistop je teku\u0107ina s izuzetno gorkim u\u010dinkom, namijenjena sprje\u010davanju grizenja i glodanja opreme i predmeta u \u0161tali (npr. pokriva\u010di, zavoji, drvo,","og_url":"https:\/\/clair.si\/hr\/izdelek\/tekucina-protiv-grizenja-equistop\/","og_site_name":"Clair","article_publisher":"https:\/\/www.facebook.com\/TrgovinaClair\/","og_image":[{"width":458,"height":458,"url":"https:\/\/clair.si\/wp-content\/uploads\/2026\/02\/equistop-liquid-against-biting.webp","type":"image\/jpeg"}],"twitter_card":"summary_large_image","twitter_misc":{"Procijenjeno vrijeme \u010ditanja":"1 minuta"},"schema":{"@context":"https:\/\/schema.org","@graph":[{"@type":"WebPage","@id":"https:\/\/clair.si\/hr\/izdelek\/tekucina-protiv-grizenja-equistop\/","url":"https:\/\/clair.si\/hr\/izdelek\/tekucina-protiv-grizenja-equistop\/","name":"Teku\u0107ina protiv grizenja Equistop - Clair","isPartOf":{"@id":"https:\/\/clair.si\/#website"},"primaryImageOfPage":{"@id":"https:\/\/clair.si\/hr\/izdelek\/tekucina-protiv-grizenja-equistop\/#primaryimage"},"image":{"@id":"https:\/\/clair.si\/hr\/izdelek\/tekucina-protiv-grizenja-equistop\/#primaryimage"},"thumbnailUrl":"https:\/\/clair.si\/wp-content\/uploads\/2026\/02\/equistop-liquid-against-biting.webp","datePublished":"2026-02-09T13:13:22+00:00","description":"Equistop je teku\u0107ina s izuzetno gorkim u\u010dinkom, namijenjena sprje\u010davanju grizenja i glodanja opreme i predmeta u \u0161tali (npr. pokriva\u010di, zavoji, drvo,","breadcrumb":{"@id":"https:\/\/clair.si\/hr\/izdelek\/tekucina-protiv-grizenja-equistop\/#breadcrumb"},"inLanguage":"hr","potentialAction":[{"@type":"ReadAction","target":["https:\/\/clair.si\/hr\/izdelek\/tekucina-protiv-grizenja-equistop\/"]}]},{"@type":"ImageObject","inLanguage":"hr","@id":"https:\/\/clair.si\/hr\/izdelek\/tekucina-protiv-grizenja-equistop\/#primaryimage","url":"https:\/\/clair.si\/wp-content\/uploads\/2026\/02\/equistop-liquid-against-biting.webp","contentUrl":"https:\/\/clair.si\/wp-content\/uploads\/2026\/02\/equistop-liquid-against-biting.webp","width":458,"height":458},{"@type":"BreadcrumbList","@id":"https:\/\/clair.si\/hr\/izdelek\/tekucina-protiv-grizenja-equistop\/#breadcrumb","itemListElement":[{"@type":"ListItem","position":1,"name":"Home","item":"https:\/\/clair.si\/hr\/"},{"@type":"ListItem","position":2,"name":"Trgovina","item":"https:\/\/clair.si\/trgovina\/"},{"@type":"ListItem","position":3,"name":"Teku\u0107ina protiv grizenja Equistop"}]},{"@type":"WebSite","@id":"https:\/\/clair.si\/#website","url":"https:\/\/clair.si\/","name":"Clair","description":"Trgovina s konjeni\u0161ko opremo","publisher":{"@id":"https:\/\/clair.si\/#organization"},"potentialAction":[{"@type":"SearchAction","target":{"@type":"EntryPoint","urlTemplate":"https:\/\/clair.si\/?s={search_term_string}"},"query-input":{"@type":"PropertyValueSpecification","valueRequired":true,"valueName":"search_term_string"}}],"inLanguage":"hr"},{"@type":"Organization","@id":"https:\/\/clair.si\/#organization","name":"Clair","url":"https:\/\/clair.si\/","logo":{"@type":"ImageObject","inLanguage":"hr","@id":"https:\/\/clair.si\/#\/schema\/logo\/image\/","url":"https:\/\/clair.si\/wp-content\/uploads\/2022\/11\/clair_logo_2022.jpg","contentUrl":"https:\/\/clair.si\/wp-content\/uploads\/2022\/11\/clair_logo_2022.jpg","width":1920,"height":1920,"caption":"Clair"},"image":{"@id":"https:\/\/clair.si\/#\/schema\/logo\/image\/"},"sameAs":["https:\/\/www.facebook.com\/TrgovinaClair\/"]}]}},"_links":{"self":[{"href":"https:\/\/clair.si\/hr\/wp-json\/wp\/v2\/product\/131736","targetHints":{"allow":["GET"]}}],"collection":[{"href":"https:\/\/clair.si\/hr\/wp-json\/wp\/v2\/product"}],"about":[{"href":"https:\/\/clair.si\/hr\/wp-json\/wp\/v2\/types\/product"}],"version-history":[{"count":0,"href":"https:\/\/clair.si\/hr\/wp-json\/wp\/v2\/product\/131736\/revisions"}],"wp:featuredmedia":[{"embeddable":true,"href":"https:\/\/clair.si\/hr\/wp-json\/wp\/v2\/media\/130128"}],"wp:attachment":[{"href":"https:\/\/clair.si\/hr\/wp-json\/wp\/v2\/media?parent=131736"}],"wp:term":[{"taxonomy":"product_brand","embeddable":true,"href":"https:\/\/clair.si\/hr\/wp-json\/wp\/v2\/product_brand?post=131736"},{"taxonomy":"product_cat","embeddable":true,"href":"https:\/\/clair.si\/hr\/wp-json\/wp\/v2\/product_cat?post=131736"},{"taxonomy":"product_tag","embeddable":true,"href":"https:\/\/clair.si\/hr\/wp-json\/wp\/v2\/product_tag?post=131736"}],"curies":[{"name":"wp","href":"https:\/\/api.w.org\/{rel}","templated":true}]}}