{"id":131753,"date":"2026-02-16T12:19:53","date_gmt":"2026-02-16T11:19:53","guid":{"rendered":"https:\/\/clair.si\/izdelek\/biljna-mjesavina-hilton-herbs-detox\/"},"modified":"2026-02-16T12:19:53","modified_gmt":"2026-02-16T11:19:53","slug":"biljna-mjesavina-hilton-herbs-detox","status":"publish","type":"product","link":"https:\/\/clair.si\/hr\/izdelek\/biljna-mjesavina-hilton-herbs-detox\/","title":{"rendered":"Biljna mje\u0161avina Hilton Herbs Detox"},"content":{"rendered":"<h2 data-start=\"0\" data-end=\"93\">Hilton Herbs DeTox \u2013 biljna mje\u0161avina za podr\u0161ku jetri i bubrezima (konji, poniji, magarci)<\/h2>\n<p data-start=\"95\" data-end=\"507\"><strong>Hilton Herbs DeTox <\/strong>je prirodna, suha biljna mje\u0161avina za <strong data-start=\"156\" data-end=\"193\">podr\u0161ku radu jetre i bubrega<\/strong> \u2013 organa koji imaju klju\u010dnu ulogu u metabolizmu i izlu\u010divanju tvari iz tijela. Prikladna je za razdoblja kada je organizam vi\u0161e optere\u0107en (<strong>promjene ispa\u0161e u prolje\u0107e\/jesen<\/strong>, promjene krme, ograni\u010deno pu\u0161tanje, oporavak nakon bolesti ili terapije) te kao podr\u0161ka kod <strong data-start=\"445\" data-end=\"468\">\u010di\u0161\u0107enja od parazita<\/strong>. <\/p>\n<h3 data-start=\"509\" data-end=\"529\">Za\u0161to je odabrati?<\/h3>\n<ul data-start=\"530\" data-end=\"1113\">\n<li data-start=\"530\" data-end=\"574\">\n<p data-start=\"532\" data-end=\"574\">ciljana podr\u0161ka <strong data-start=\"550\" data-end=\"572\">jetri i bubrezima<\/strong><\/p>\n<\/li>\n<li data-start=\"575\" data-end=\"640\">\n<p data-start=\"577\" data-end=\"640\">smislena u <strong data-start=\"654\" data-end=\"671\">prijelazima ispa\u0161e<\/strong> (prolje\u0107e\/jesen) i kod <strong data-start=\"693\" data-end=\"724\">promjena okoli\u0161a\/krme<\/strong><\/p>\n<\/li>\n<li data-start=\"765\" data-end=\"949\">\n<p data-start=\"767\" data-end=\"949\"><strong data-start=\"767\" data-end=\"782\">Clean Sport<\/strong>: proizvod je revidiran u sklopu <strong data-start=\"814\" data-end=\"827\">BETA NOPS<\/strong> (prikladno za FEI; odgovorna osoba neka uvijek provjeri aktualna pravila svoje udruge)<\/p>\n<\/li>\n<li data-start=\"950\" data-end=\"1113\">\n<p data-start=\"952\" data-end=\"1113\">100 % bilje, bez \u201epunila\u201c \u2013 mje\u0161avina se temelji na tradicionalno kori\u0161tenim biljkama (npr. sikavica, \u010di\u010dak)<\/p>\n<\/li>\n<\/ul>\n<h3 data-start=\"1115\" data-end=\"1143\">U kojim \u0107e Vam slu\u010dajevima pomo\u0107i?<\/h3>\n<ul data-start=\"1144\" data-end=\"1565\">\n<li data-start=\"1144\" data-end=\"1244\">\n<p data-start=\"1146\" data-end=\"1244\"><strong data-start=\"1146\" data-end=\"1162\">prolje\u0107e\/jesen<\/strong> pri prelasku na bogatiju ili druga\u010diju ispa\u0161u<\/p>\n<\/li>\n<li data-start=\"1245\" data-end=\"1339\">\n<p data-start=\"1247\" data-end=\"1339\">kod <strong data-start=\"1250\" data-end=\"1278\">promjene re\u017eima hranjenja<\/strong> ili ograni\u010denog pu\u0161tanja<\/p>\n<\/li>\n<li data-start=\"1340\" data-end=\"1450\">\n<p data-start=\"1342\" data-end=\"1450\">nakon <strong data-start=\"1345\" data-end=\"1367\">bolesti, lijekova<\/strong> ili u razdobljima ve\u0107eg metaboli\u010dkog optere\u0107enja<\/p>\n<\/li>\n<li data-start=\"1451\" data-end=\"1565\">\n<p data-start=\"1453\" data-end=\"1565\">kao dio rutine kod <strong data-start=\"1471\" data-end=\"1487\">\u010di\u0161\u0107enja od parazita<\/strong> (podr\u0161ka prirodnim putevima izlu\u010divanja)<\/p>\n<\/li>\n<\/ul>\n<h2 data-start=\"1572\" data-end=\"1608\">Upute za hranjenje<\/h2>\n<p data-start=\"1609\" data-end=\"1812\">Dodajte <strong data-start=\"1619\" data-end=\"1637\">dnevno u obrok<\/strong>, gdje je mogu\u0107e <strong data-start=\"1654\" data-end=\"1679\">podijelite na 2 obroka<\/strong>. Prilo\u017eena je <strong data-start=\"1694\" data-end=\"1710\">mjerica od 50 ml<\/strong>; za puni u\u010dinak obi\u010dno se preporu\u010duje do <strong data-start=\"1751\" data-end=\"1763\">1 mjeseca<\/strong> kori\u0161tenja. <\/p>\n<p data-start=\"49\" data-end=\"127\">Doziranje prema visini;<\/p>\n<ul data-start=\"129\" data-end=\"303\">\n<li data-start=\"129\" data-end=\"163\">\n<p data-start=\"131\" data-end=\"163\"><strong data-start=\"131\" data-end=\"145\">do ~127 cm<\/strong>: <strong data-start=\"147\" data-end=\"163\">1 mjerica\/dan<\/strong><\/p>\n<\/li>\n<li data-start=\"164\" data-end=\"198\">\n<p data-start=\"166\" data-end=\"198\"><strong data-start=\"166\" data-end=\"180\">127\u2013147 cm<\/strong>: <strong data-start=\"182\" data-end=\"198\">2 mjerice\/dan<\/strong><\/p>\n<\/li>\n<li data-start=\"199\" data-end=\"233\">\n<p data-start=\"201\" data-end=\"233\"><strong data-start=\"201\" data-end=\"215\">147\u2013158 cm<\/strong>: <strong data-start=\"217\" data-end=\"233\">3 mjerice\/dan<\/strong><\/p>\n<\/li>\n<li data-start=\"234\" data-end=\"268\">\n<p data-start=\"236\" data-end=\"268\"><strong data-start=\"236\" data-end=\"250\">158\u2013168 cm<\/strong>: <strong data-start=\"252\" data-end=\"268\">4 mjerice\/dan<\/strong><\/p>\n<\/li>\n<li data-start=\"269\" data-end=\"303\">\n<p data-start=\"271\" data-end=\"303\"><strong data-start=\"271\" data-end=\"286\">iznad ~168 cm<\/strong>: <strong data-start=\"288\" data-end=\"303\">5 mjerica\/dan<\/strong><\/p>\n<\/li>\n<\/ul>\n<p data-start=\"2089\" data-end=\"2250\"><strong data-start=\"2089\" data-end=\"2208\">Sastav:<\/strong> Sikavica (sjeme), \u010di\u010dak (korijen), bro\u0107ika\/cleavers (zelen), kopriva, sladi\u0107, masla\u010dak (korijen i list).<\/p>\n<p data-start=\"2089\" data-end=\"2250\"><strong>Koli\u010dina: <\/strong>1 kg<\/p>\n","protected":false},"excerpt":{"rendered":"<ul>\n<li>mje\u0161avina bilja za \u201edetox\u201c cijelog tijela<\/li>\n<li>posebno prikladna u jesen\/prolje\u0107e kod promjene ispa\u0161e<\/li>\n<li>za prosje\u010dnog konja vre\u0107ica traje cca. 20 dana <\/li>\n<li>1 kg pakiranje<\/li>\n<\/ul>\n","protected":false},"featured_media":130617,"template":"","meta":{"footnotes":""},"product_brand":[],"product_cat":[7078,5657,5710,5712,5627],"product_tag":[],"class_list":{"0":"post-131753","1":"product","2":"type-product","3":"status-publish","4":"has-post-thumbnail","6":"product_cat-hilton-herbs","7":"product_cat-kategorije-hr","8":"product_cat-hrana-za-konje-hr","9":"product_cat-prehrambeni-dodaci","10":"product_cat-stala-i-pasnjak","12":"first","13":"instock","14":"shipping-taxable","15":"purchasable","16":"product-type-simple"},"yoast_head":"<!-- This site is optimized with the Yoast SEO plugin v27.3 - https:\/\/yoast.com\/product\/yoast-seo-wordpress\/ -->\n<title>Biljna mje\u0161avina Hilton Herbs Detox - Clair<\/title>\n<meta name=\"description\" content=\"mje\u0161avina bilja za \u201edetox\u201c cijelog tijela  posebno prikladna u jesen\/prolje\u0107e kod promjene ispa\u0161e  za prosje\u010dnog konja vre\u0107ica traje cca. 20 dana  1 kg pakiranje\" \/>\n<meta name=\"robots\" content=\"index, follow, max-snippet:-1, max-image-preview:large, max-video-preview:-1\" \/>\n<link rel=\"canonical\" href=\"https:\/\/clair.si\/hr\/izdelek\/biljna-mjesavina-hilton-herbs-detox\/\" \/>\n<meta property=\"og:locale\" content=\"hr_HR\" \/>\n<meta property=\"og:type\" content=\"article\" \/>\n<meta property=\"og:title\" content=\"Biljna mje\u0161avina Hilton Herbs Detox - Clair\" \/>\n<meta property=\"og:description\" content=\"mje\u0161avina bilja za \u201edetox\u201c cijelog tijela  posebno prikladna u jesen\/prolje\u0107e kod promjene ispa\u0161e  za prosje\u010dnog konja vre\u0107ica traje cca. 20 dana  1 kg pakiranje\" \/>\n<meta property=\"og:url\" content=\"https:\/\/clair.si\/hr\/izdelek\/biljna-mjesavina-hilton-herbs-detox\/\" \/>\n<meta property=\"og:site_name\" content=\"Clair\" \/>\n<meta property=\"article:publisher\" content=\"https:\/\/www.facebook.com\/TrgovinaClair\/\" \/>\n<meta property=\"og:image\" content=\"https:\/\/clair.si\/wp-content\/uploads\/2026\/02\/hilton-herb-detox-clair.webp\" \/>\n\t<meta property=\"og:image:width\" content=\"1080\" \/>\n\t<meta property=\"og:image:height\" content=\"1080\" \/>\n\t<meta property=\"og:image:type\" content=\"image\/webp\" \/>\n<meta name=\"twitter:card\" content=\"summary_large_image\" \/>\n<meta name=\"twitter:label1\" content=\"Procijenjeno vrijeme \u010ditanja\" \/>\n\t<meta name=\"twitter:data1\" content=\"1 minuta\" \/>\n<script type=\"application\/ld+json\" class=\"yoast-schema-graph\">{\"@context\":\"https:\\\/\\\/schema.org\",\"@graph\":[{\"@type\":\"WebPage\",\"@id\":\"https:\\\/\\\/clair.si\\\/hr\\\/izdelek\\\/biljna-mjesavina-hilton-herbs-detox\\\/\",\"url\":\"https:\\\/\\\/clair.si\\\/hr\\\/izdelek\\\/biljna-mjesavina-hilton-herbs-detox\\\/\",\"name\":\"Biljna mje\u0161avina Hilton Herbs Detox - Clair\",\"isPartOf\":{\"@id\":\"https:\\\/\\\/clair.si\\\/#website\"},\"primaryImageOfPage\":{\"@id\":\"https:\\\/\\\/clair.si\\\/hr\\\/izdelek\\\/biljna-mjesavina-hilton-herbs-detox\\\/#primaryimage\"},\"image\":{\"@id\":\"https:\\\/\\\/clair.si\\\/hr\\\/izdelek\\\/biljna-mjesavina-hilton-herbs-detox\\\/#primaryimage\"},\"thumbnailUrl\":\"https:\\\/\\\/clair.si\\\/wp-content\\\/uploads\\\/2026\\\/02\\\/hilton-herb-detox-clair.webp\",\"datePublished\":\"2026-02-16T11:19:53+00:00\",\"description\":\"mje\u0161avina bilja za \u201edetox\u201c cijelog tijela posebno prikladna u jesen\\\/prolje\u0107e kod promjene ispa\u0161e za prosje\u010dnog konja vre\u0107ica traje cca. 20 dana 1 kg pakiranje\",\"breadcrumb\":{\"@id\":\"https:\\\/\\\/clair.si\\\/hr\\\/izdelek\\\/biljna-mjesavina-hilton-herbs-detox\\\/#breadcrumb\"},\"inLanguage\":\"hr\",\"potentialAction\":[{\"@type\":\"ReadAction\",\"target\":[\"https:\\\/\\\/clair.si\\\/hr\\\/izdelek\\\/biljna-mjesavina-hilton-herbs-detox\\\/\"]}]},{\"@type\":\"ImageObject\",\"inLanguage\":\"hr\",\"@id\":\"https:\\\/\\\/clair.si\\\/hr\\\/izdelek\\\/biljna-mjesavina-hilton-herbs-detox\\\/#primaryimage\",\"url\":\"https:\\\/\\\/clair.si\\\/wp-content\\\/uploads\\\/2026\\\/02\\\/hilton-herb-detox-clair.webp\",\"contentUrl\":\"https:\\\/\\\/clair.si\\\/wp-content\\\/uploads\\\/2026\\\/02\\\/hilton-herb-detox-clair.webp\",\"width\":1080,\"height\":1080},{\"@type\":\"BreadcrumbList\",\"@id\":\"https:\\\/\\\/clair.si\\\/hr\\\/izdelek\\\/biljna-mjesavina-hilton-herbs-detox\\\/#breadcrumb\",\"itemListElement\":[{\"@type\":\"ListItem\",\"position\":1,\"name\":\"Home\",\"item\":\"https:\\\/\\\/clair.si\\\/hr\\\/\"},{\"@type\":\"ListItem\",\"position\":2,\"name\":\"Trgovina\",\"item\":\"https:\\\/\\\/clair.si\\\/trgovina\\\/\"},{\"@type\":\"ListItem\",\"position\":3,\"name\":\"Biljna mje\u0161avina Hilton Herbs Detox\"}]},{\"@type\":\"WebSite\",\"@id\":\"https:\\\/\\\/clair.si\\\/#website\",\"url\":\"https:\\\/\\\/clair.si\\\/\",\"name\":\"Clair\",\"description\":\"Trgovina s konjeni\u0161ko opremo\",\"publisher\":{\"@id\":\"https:\\\/\\\/clair.si\\\/#organization\"},\"potentialAction\":[{\"@type\":\"SearchAction\",\"target\":{\"@type\":\"EntryPoint\",\"urlTemplate\":\"https:\\\/\\\/clair.si\\\/?s={search_term_string}\"},\"query-input\":{\"@type\":\"PropertyValueSpecification\",\"valueRequired\":true,\"valueName\":\"search_term_string\"}}],\"inLanguage\":\"hr\"},{\"@type\":\"Organization\",\"@id\":\"https:\\\/\\\/clair.si\\\/#organization\",\"name\":\"Clair\",\"url\":\"https:\\\/\\\/clair.si\\\/\",\"logo\":{\"@type\":\"ImageObject\",\"inLanguage\":\"hr\",\"@id\":\"https:\\\/\\\/clair.si\\\/#\\\/schema\\\/logo\\\/image\\\/\",\"url\":\"https:\\\/\\\/clair.si\\\/wp-content\\\/uploads\\\/2022\\\/11\\\/clair_logo_2022.jpg\",\"contentUrl\":\"https:\\\/\\\/clair.si\\\/wp-content\\\/uploads\\\/2022\\\/11\\\/clair_logo_2022.jpg\",\"width\":1920,\"height\":1920,\"caption\":\"Clair\"},\"image\":{\"@id\":\"https:\\\/\\\/clair.si\\\/#\\\/schema\\\/logo\\\/image\\\/\"},\"sameAs\":[\"https:\\\/\\\/www.facebook.com\\\/TrgovinaClair\\\/\"]}]}<\/script>\n<!-- \/ Yoast SEO plugin. -->","yoast_head_json":{"title":"Biljna mje\u0161avina Hilton Herbs Detox - Clair","description":"mje\u0161avina bilja za \u201edetox\u201c cijelog tijela  posebno prikladna u jesen\/prolje\u0107e kod promjene ispa\u0161e  za prosje\u010dnog konja vre\u0107ica traje cca. 20 dana  1 kg pakiranje","robots":{"index":"index","follow":"follow","max-snippet":"max-snippet:-1","max-image-preview":"max-image-preview:large","max-video-preview":"max-video-preview:-1"},"canonical":"https:\/\/clair.si\/hr\/izdelek\/biljna-mjesavina-hilton-herbs-detox\/","og_locale":"hr_HR","og_type":"article","og_title":"Biljna mje\u0161avina Hilton Herbs Detox - Clair","og_description":"mje\u0161avina bilja za \u201edetox\u201c cijelog tijela  posebno prikladna u jesen\/prolje\u0107e kod promjene ispa\u0161e  za prosje\u010dnog konja vre\u0107ica traje cca. 20 dana  1 kg pakiranje","og_url":"https:\/\/clair.si\/hr\/izdelek\/biljna-mjesavina-hilton-herbs-detox\/","og_site_name":"Clair","article_publisher":"https:\/\/www.facebook.com\/TrgovinaClair\/","og_image":[{"width":1080,"height":1080,"url":"https:\/\/clair.si\/wp-content\/uploads\/2026\/02\/hilton-herb-detox-clair.webp","type":"image\/webp"}],"twitter_card":"summary_large_image","twitter_misc":{"Procijenjeno vrijeme \u010ditanja":"1 minuta"},"schema":{"@context":"https:\/\/schema.org","@graph":[{"@type":"WebPage","@id":"https:\/\/clair.si\/hr\/izdelek\/biljna-mjesavina-hilton-herbs-detox\/","url":"https:\/\/clair.si\/hr\/izdelek\/biljna-mjesavina-hilton-herbs-detox\/","name":"Biljna mje\u0161avina Hilton Herbs Detox - Clair","isPartOf":{"@id":"https:\/\/clair.si\/#website"},"primaryImageOfPage":{"@id":"https:\/\/clair.si\/hr\/izdelek\/biljna-mjesavina-hilton-herbs-detox\/#primaryimage"},"image":{"@id":"https:\/\/clair.si\/hr\/izdelek\/biljna-mjesavina-hilton-herbs-detox\/#primaryimage"},"thumbnailUrl":"https:\/\/clair.si\/wp-content\/uploads\/2026\/02\/hilton-herb-detox-clair.webp","datePublished":"2026-02-16T11:19:53+00:00","description":"mje\u0161avina bilja za \u201edetox\u201c cijelog tijela posebno prikladna u jesen\/prolje\u0107e kod promjene ispa\u0161e za prosje\u010dnog konja vre\u0107ica traje cca. 20 dana 1 kg pakiranje","breadcrumb":{"@id":"https:\/\/clair.si\/hr\/izdelek\/biljna-mjesavina-hilton-herbs-detox\/#breadcrumb"},"inLanguage":"hr","potentialAction":[{"@type":"ReadAction","target":["https:\/\/clair.si\/hr\/izdelek\/biljna-mjesavina-hilton-herbs-detox\/"]}]},{"@type":"ImageObject","inLanguage":"hr","@id":"https:\/\/clair.si\/hr\/izdelek\/biljna-mjesavina-hilton-herbs-detox\/#primaryimage","url":"https:\/\/clair.si\/wp-content\/uploads\/2026\/02\/hilton-herb-detox-clair.webp","contentUrl":"https:\/\/clair.si\/wp-content\/uploads\/2026\/02\/hilton-herb-detox-clair.webp","width":1080,"height":1080},{"@type":"BreadcrumbList","@id":"https:\/\/clair.si\/hr\/izdelek\/biljna-mjesavina-hilton-herbs-detox\/#breadcrumb","itemListElement":[{"@type":"ListItem","position":1,"name":"Home","item":"https:\/\/clair.si\/hr\/"},{"@type":"ListItem","position":2,"name":"Trgovina","item":"https:\/\/clair.si\/trgovina\/"},{"@type":"ListItem","position":3,"name":"Biljna mje\u0161avina Hilton Herbs Detox"}]},{"@type":"WebSite","@id":"https:\/\/clair.si\/#website","url":"https:\/\/clair.si\/","name":"Clair","description":"Trgovina s konjeni\u0161ko opremo","publisher":{"@id":"https:\/\/clair.si\/#organization"},"potentialAction":[{"@type":"SearchAction","target":{"@type":"EntryPoint","urlTemplate":"https:\/\/clair.si\/?s={search_term_string}"},"query-input":{"@type":"PropertyValueSpecification","valueRequired":true,"valueName":"search_term_string"}}],"inLanguage":"hr"},{"@type":"Organization","@id":"https:\/\/clair.si\/#organization","name":"Clair","url":"https:\/\/clair.si\/","logo":{"@type":"ImageObject","inLanguage":"hr","@id":"https:\/\/clair.si\/#\/schema\/logo\/image\/","url":"https:\/\/clair.si\/wp-content\/uploads\/2022\/11\/clair_logo_2022.jpg","contentUrl":"https:\/\/clair.si\/wp-content\/uploads\/2022\/11\/clair_logo_2022.jpg","width":1920,"height":1920,"caption":"Clair"},"image":{"@id":"https:\/\/clair.si\/#\/schema\/logo\/image\/"},"sameAs":["https:\/\/www.facebook.com\/TrgovinaClair\/"]}]}},"_links":{"self":[{"href":"https:\/\/clair.si\/hr\/wp-json\/wp\/v2\/product\/131753","targetHints":{"allow":["GET"]}}],"collection":[{"href":"https:\/\/clair.si\/hr\/wp-json\/wp\/v2\/product"}],"about":[{"href":"https:\/\/clair.si\/hr\/wp-json\/wp\/v2\/types\/product"}],"version-history":[{"count":0,"href":"https:\/\/clair.si\/hr\/wp-json\/wp\/v2\/product\/131753\/revisions"}],"wp:featuredmedia":[{"embeddable":true,"href":"https:\/\/clair.si\/hr\/wp-json\/wp\/v2\/media\/130617"}],"wp:attachment":[{"href":"https:\/\/clair.si\/hr\/wp-json\/wp\/v2\/media?parent=131753"}],"wp:term":[{"taxonomy":"product_brand","embeddable":true,"href":"https:\/\/clair.si\/hr\/wp-json\/wp\/v2\/product_brand?post=131753"},{"taxonomy":"product_cat","embeddable":true,"href":"https:\/\/clair.si\/hr\/wp-json\/wp\/v2\/product_cat?post=131753"},{"taxonomy":"product_tag","embeddable":true,"href":"https:\/\/clair.si\/hr\/wp-json\/wp\/v2\/product_tag?post=131753"}],"curies":[{"name":"wp","href":"https:\/\/api.w.org\/{rel}","templated":true}]}}