{"id":131754,"date":"2026-02-16T10:56:57","date_gmt":"2026-02-16T09:56:57","guid":{"rendered":"https:\/\/clair.si\/izdelek\/marstall-bonus-lanene-poslastice\/"},"modified":"2026-02-16T10:56:57","modified_gmt":"2026-02-16T09:56:57","slug":"marstall-bonus-lanene-poslastice","status":"publish","type":"product","link":"https:\/\/clair.si\/hr\/izdelek\/marstall-bonus-lanene-poslastice\/","title":{"rendered":"Marstall Bonus lanene poslastice"},"content":{"rendered":"<p data-start=\"70\" data-end=\"384\"><strong>Marstall Bonus Leinsnack<\/strong> ukusna je nagrada s dodatkom <strong data-start=\"124\" data-end=\"143\">lanenih sjemenki<\/strong>, koja prirodno pridonosi <strong data-start=\"167\" data-end=\"188\">sjajnijoj dlaci<\/strong>. Oblik &#8220;plo\u010dica&#8221; prakti\u010dan je za doziranje i idealan kao poslastica pri radu s konjem \u2013 posebno kod <strong data-start=\"293\" data-end=\"313\">vje\u017ebi istezanja<\/strong> i kao motivacija tijekom treninga. <\/p>\n<ul data-start=\"407\" data-end=\"742\">\n<li data-start=\"407\" data-end=\"548\">\n<p data-start=\"409\" data-end=\"548\"><strong data-start=\"409\" data-end=\"446\">S dodatkom lanenih sjemenki (20 %)<\/strong> \u2013 izvor ulja koji uz redovito dodavanje mo\u017ee pobolj\u0161ati sjaj dlake.<\/p>\n<\/li>\n<li data-start=\"549\" data-end=\"624\">\n<p data-start=\"551\" data-end=\"624\"><strong data-start=\"551\" data-end=\"583\">Tradicionalno ru\u010dno izra\u0111eno<\/strong>.<\/p>\n<\/li>\n<li data-start=\"625\" data-end=\"742\">\n<p data-start=\"627\" data-end=\"742\">Prakti\u010dna poslastica za svakodnevno nagra\u0111ivanje (poniji i svi tipovi konja).<\/p>\n<\/li>\n<\/ul>\n<p data-start=\"756\" data-end=\"930\"><strong>Sastav:<\/strong> p\u0161eni\u010dna krupica (45,80 %), p\u0161eni\u010dno bra\u0161no (22,90 %), lanene sjemenke (20,00 %), zobena krupica (7,50 %), sladno bra\u0161no (2,50 %), mrkva (1,30 %).<\/p>\n<p data-start=\"932\" data-end=\"963\"><strong>Analiti\u010dki sastav: <\/strong>sirove bjelan\u010devine 14,50 %, sirove masti 8,90 %, sirova vlaknina 3,90 %, sirovi pepeo 2,40 %, natrij 0,04 %.<\/p>\n<p data-start=\"932\" data-end=\"963\"><strong>Koli\u010dina:<\/strong> 750 g<\/p>\n","protected":false},"excerpt":{"rendered":"<ul>\n<li>poslastice s lanenim sjemenkama<\/li>\n<li>u prakti\u010dnim plo\u010dicama<\/li>\n<\/ul>\n","protected":false},"featured_media":133957,"template":"","meta":{"footnotes":""},"product_brand":[],"product_cat":[5782,5710,6089],"product_tag":[],"class_list":{"0":"post-131754","1":"product","2":"type-product","3":"status-publish","4":"has-post-thumbnail","6":"product_cat-kolacici-i-kamenje-soli","7":"product_cat-hrana-za-konje-hr","8":"product_cat-marstall-hr","10":"first","11":"instock","12":"sale","13":"shipping-taxable","14":"purchasable","15":"product-type-simple"},"yoast_head":"<!-- This site is optimized with the Yoast SEO plugin v27.4 - https:\/\/yoast.com\/product\/yoast-seo-wordpress\/ -->\n<title>Marstall Bonus lanene poslastice - Clair<\/title>\n<meta name=\"description\" content=\"poslastice s lanenim sjemenkama  u prakti\u010dnim plo\u010dicama\" \/>\n<meta name=\"robots\" content=\"index, follow, max-snippet:-1, max-image-preview:large, max-video-preview:-1\" \/>\n<link rel=\"canonical\" href=\"https:\/\/clair.si\/hr\/izdelek\/marstall-bonus-lanene-poslastice\/\" \/>\n<meta property=\"og:locale\" content=\"hr_HR\" \/>\n<meta property=\"og:type\" content=\"article\" \/>\n<meta property=\"og:title\" content=\"Marstall Bonus lanene poslastice - Clair\" \/>\n<meta property=\"og:description\" content=\"poslastice s lanenim sjemenkama  u prakti\u010dnim plo\u010dicama\" \/>\n<meta property=\"og:url\" content=\"https:\/\/clair.si\/hr\/izdelek\/marstall-bonus-lanene-poslastice\/\" \/>\n<meta property=\"og:site_name\" content=\"Clair\" \/>\n<meta property=\"article:publisher\" content=\"https:\/\/www.facebook.com\/TrgovinaClair\/\" \/>\n<meta property=\"og:image\" content=\"https:\/\/clair.si\/wp-content\/uploads\/2026\/02\/Untitled-design-2026-02-16T105814.549.webp\" \/>\n\t<meta property=\"og:image:width\" content=\"700\" \/>\n\t<meta property=\"og:image:height\" content=\"700\" \/>\n\t<meta property=\"og:image:type\" content=\"image\/png\" \/>\n<meta name=\"twitter:card\" content=\"summary_large_image\" \/>\n<meta name=\"twitter:label1\" content=\"Procijenjeno vrijeme \u010ditanja\" \/>\n\t<meta name=\"twitter:data1\" content=\"1 minuta\" \/>\n<script type=\"application\/ld+json\" class=\"yoast-schema-graph\">{\"@context\":\"https:\\\/\\\/schema.org\",\"@graph\":[{\"@type\":\"WebPage\",\"@id\":\"https:\\\/\\\/clair.si\\\/hr\\\/izdelek\\\/marstall-bonus-lanene-poslastice\\\/\",\"url\":\"https:\\\/\\\/clair.si\\\/hr\\\/izdelek\\\/marstall-bonus-lanene-poslastice\\\/\",\"name\":\"Marstall Bonus lanene poslastice - Clair\",\"isPartOf\":{\"@id\":\"https:\\\/\\\/clair.si\\\/#website\"},\"primaryImageOfPage\":{\"@id\":\"https:\\\/\\\/clair.si\\\/hr\\\/izdelek\\\/marstall-bonus-lanene-poslastice\\\/#primaryimage\"},\"image\":{\"@id\":\"https:\\\/\\\/clair.si\\\/hr\\\/izdelek\\\/marstall-bonus-lanene-poslastice\\\/#primaryimage\"},\"thumbnailUrl\":\"https:\\\/\\\/clair.si\\\/wp-content\\\/uploads\\\/2026\\\/02\\\/laneni-priboljski-za-konje.webp\",\"datePublished\":\"2026-02-16T09:56:57+00:00\",\"description\":\"poslastice s lanenim sjemenkama u prakti\u010dnim plo\u010dicama\",\"breadcrumb\":{\"@id\":\"https:\\\/\\\/clair.si\\\/hr\\\/izdelek\\\/marstall-bonus-lanene-poslastice\\\/#breadcrumb\"},\"inLanguage\":\"hr\",\"potentialAction\":[{\"@type\":\"ReadAction\",\"target\":[\"https:\\\/\\\/clair.si\\\/hr\\\/izdelek\\\/marstall-bonus-lanene-poslastice\\\/\"]}]},{\"@type\":\"ImageObject\",\"inLanguage\":\"hr\",\"@id\":\"https:\\\/\\\/clair.si\\\/hr\\\/izdelek\\\/marstall-bonus-lanene-poslastice\\\/#primaryimage\",\"url\":\"https:\\\/\\\/clair.si\\\/wp-content\\\/uploads\\\/2026\\\/02\\\/laneni-priboljski-za-konje.webp\",\"contentUrl\":\"https:\\\/\\\/clair.si\\\/wp-content\\\/uploads\\\/2026\\\/02\\\/laneni-priboljski-za-konje.webp\",\"width\":1920,\"height\":1920},{\"@type\":\"BreadcrumbList\",\"@id\":\"https:\\\/\\\/clair.si\\\/hr\\\/izdelek\\\/marstall-bonus-lanene-poslastice\\\/#breadcrumb\",\"itemListElement\":[{\"@type\":\"ListItem\",\"position\":1,\"name\":\"Home\",\"item\":\"https:\\\/\\\/clair.si\\\/hr\\\/\"},{\"@type\":\"ListItem\",\"position\":2,\"name\":\"Trgovina\",\"item\":\"https:\\\/\\\/clair.si\\\/trgovina\\\/\"},{\"@type\":\"ListItem\",\"position\":3,\"name\":\"Marstall Bonus lanene poslastice\"}]},{\"@type\":\"WebSite\",\"@id\":\"https:\\\/\\\/clair.si\\\/#website\",\"url\":\"https:\\\/\\\/clair.si\\\/\",\"name\":\"Clair\",\"description\":\"Trgovina s konjeni\u0161ko opremo\",\"publisher\":{\"@id\":\"https:\\\/\\\/clair.si\\\/#organization\"},\"potentialAction\":[{\"@type\":\"SearchAction\",\"target\":{\"@type\":\"EntryPoint\",\"urlTemplate\":\"https:\\\/\\\/clair.si\\\/?s={search_term_string}\"},\"query-input\":{\"@type\":\"PropertyValueSpecification\",\"valueRequired\":true,\"valueName\":\"search_term_string\"}}],\"inLanguage\":\"hr\"},{\"@type\":\"Organization\",\"@id\":\"https:\\\/\\\/clair.si\\\/#organization\",\"name\":\"Clair\",\"url\":\"https:\\\/\\\/clair.si\\\/\",\"logo\":{\"@type\":\"ImageObject\",\"inLanguage\":\"hr\",\"@id\":\"https:\\\/\\\/clair.si\\\/#\\\/schema\\\/logo\\\/image\\\/\",\"url\":\"https:\\\/\\\/clair.si\\\/wp-content\\\/uploads\\\/2022\\\/11\\\/clair_logo_2022.jpg\",\"contentUrl\":\"https:\\\/\\\/clair.si\\\/wp-content\\\/uploads\\\/2022\\\/11\\\/clair_logo_2022.jpg\",\"width\":1920,\"height\":1920,\"caption\":\"Clair\"},\"image\":{\"@id\":\"https:\\\/\\\/clair.si\\\/#\\\/schema\\\/logo\\\/image\\\/\"},\"sameAs\":[\"https:\\\/\\\/www.facebook.com\\\/TrgovinaClair\\\/\"]}]}<\/script>\n<!-- \/ Yoast SEO plugin. -->","yoast_head_json":{"title":"Marstall Bonus lanene poslastice - Clair","description":"poslastice s lanenim sjemenkama  u prakti\u010dnim plo\u010dicama","robots":{"index":"index","follow":"follow","max-snippet":"max-snippet:-1","max-image-preview":"max-image-preview:large","max-video-preview":"max-video-preview:-1"},"canonical":"https:\/\/clair.si\/hr\/izdelek\/marstall-bonus-lanene-poslastice\/","og_locale":"hr_HR","og_type":"article","og_title":"Marstall Bonus lanene poslastice - Clair","og_description":"poslastice s lanenim sjemenkama  u prakti\u010dnim plo\u010dicama","og_url":"https:\/\/clair.si\/hr\/izdelek\/marstall-bonus-lanene-poslastice\/","og_site_name":"Clair","article_publisher":"https:\/\/www.facebook.com\/TrgovinaClair\/","og_image":[{"width":700,"height":700,"url":"https:\/\/clair.si\/wp-content\/uploads\/2026\/02\/Untitled-design-2026-02-16T105814.549.webp","type":"image\/png"}],"twitter_card":"summary_large_image","twitter_misc":{"Procijenjeno vrijeme \u010ditanja":"1 minuta"},"schema":{"@context":"https:\/\/schema.org","@graph":[{"@type":"WebPage","@id":"https:\/\/clair.si\/hr\/izdelek\/marstall-bonus-lanene-poslastice\/","url":"https:\/\/clair.si\/hr\/izdelek\/marstall-bonus-lanene-poslastice\/","name":"Marstall Bonus lanene poslastice - Clair","isPartOf":{"@id":"https:\/\/clair.si\/#website"},"primaryImageOfPage":{"@id":"https:\/\/clair.si\/hr\/izdelek\/marstall-bonus-lanene-poslastice\/#primaryimage"},"image":{"@id":"https:\/\/clair.si\/hr\/izdelek\/marstall-bonus-lanene-poslastice\/#primaryimage"},"thumbnailUrl":"https:\/\/clair.si\/wp-content\/uploads\/2026\/02\/laneni-priboljski-za-konje.webp","datePublished":"2026-02-16T09:56:57+00:00","description":"poslastice s lanenim sjemenkama u prakti\u010dnim plo\u010dicama","breadcrumb":{"@id":"https:\/\/clair.si\/hr\/izdelek\/marstall-bonus-lanene-poslastice\/#breadcrumb"},"inLanguage":"hr","potentialAction":[{"@type":"ReadAction","target":["https:\/\/clair.si\/hr\/izdelek\/marstall-bonus-lanene-poslastice\/"]}]},{"@type":"ImageObject","inLanguage":"hr","@id":"https:\/\/clair.si\/hr\/izdelek\/marstall-bonus-lanene-poslastice\/#primaryimage","url":"https:\/\/clair.si\/wp-content\/uploads\/2026\/02\/laneni-priboljski-za-konje.webp","contentUrl":"https:\/\/clair.si\/wp-content\/uploads\/2026\/02\/laneni-priboljski-za-konje.webp","width":1920,"height":1920},{"@type":"BreadcrumbList","@id":"https:\/\/clair.si\/hr\/izdelek\/marstall-bonus-lanene-poslastice\/#breadcrumb","itemListElement":[{"@type":"ListItem","position":1,"name":"Home","item":"https:\/\/clair.si\/hr\/"},{"@type":"ListItem","position":2,"name":"Trgovina","item":"https:\/\/clair.si\/trgovina\/"},{"@type":"ListItem","position":3,"name":"Marstall Bonus lanene poslastice"}]},{"@type":"WebSite","@id":"https:\/\/clair.si\/#website","url":"https:\/\/clair.si\/","name":"Clair","description":"Trgovina s konjeni\u0161ko opremo","publisher":{"@id":"https:\/\/clair.si\/#organization"},"potentialAction":[{"@type":"SearchAction","target":{"@type":"EntryPoint","urlTemplate":"https:\/\/clair.si\/?s={search_term_string}"},"query-input":{"@type":"PropertyValueSpecification","valueRequired":true,"valueName":"search_term_string"}}],"inLanguage":"hr"},{"@type":"Organization","@id":"https:\/\/clair.si\/#organization","name":"Clair","url":"https:\/\/clair.si\/","logo":{"@type":"ImageObject","inLanguage":"hr","@id":"https:\/\/clair.si\/#\/schema\/logo\/image\/","url":"https:\/\/clair.si\/wp-content\/uploads\/2022\/11\/clair_logo_2022.jpg","contentUrl":"https:\/\/clair.si\/wp-content\/uploads\/2022\/11\/clair_logo_2022.jpg","width":1920,"height":1920,"caption":"Clair"},"image":{"@id":"https:\/\/clair.si\/#\/schema\/logo\/image\/"},"sameAs":["https:\/\/www.facebook.com\/TrgovinaClair\/"]}]}},"_links":{"self":[{"href":"https:\/\/clair.si\/hr\/wp-json\/wp\/v2\/product\/131754","targetHints":{"allow":["GET"]}}],"collection":[{"href":"https:\/\/clair.si\/hr\/wp-json\/wp\/v2\/product"}],"about":[{"href":"https:\/\/clair.si\/hr\/wp-json\/wp\/v2\/types\/product"}],"version-history":[{"count":0,"href":"https:\/\/clair.si\/hr\/wp-json\/wp\/v2\/product\/131754\/revisions"}],"wp:featuredmedia":[{"embeddable":true,"href":"https:\/\/clair.si\/hr\/wp-json\/wp\/v2\/media\/133957"}],"wp:attachment":[{"href":"https:\/\/clair.si\/hr\/wp-json\/wp\/v2\/media?parent=131754"}],"wp:term":[{"taxonomy":"product_brand","embeddable":true,"href":"https:\/\/clair.si\/hr\/wp-json\/wp\/v2\/product_brand?post=131754"},{"taxonomy":"product_cat","embeddable":true,"href":"https:\/\/clair.si\/hr\/wp-json\/wp\/v2\/product_cat?post=131754"},{"taxonomy":"product_tag","embeddable":true,"href":"https:\/\/clair.si\/hr\/wp-json\/wp\/v2\/product_tag?post=131754"}],"curies":[{"name":"wp","href":"https:\/\/api.w.org\/{rel}","templated":true}]}}