{"id":131769,"date":"2026-02-16T11:22:34","date_gmt":"2026-02-16T10:22:34","guid":{"rendered":"https:\/\/clair.si\/izdelek\/samokolica-roto-sv-plava-180l\/"},"modified":"2026-03-01T17:52:53","modified_gmt":"2026-03-01T16:52:53","slug":"samokolica-roto-sv-plava-180l","status":"publish","type":"product","link":"https:\/\/clair.si\/hr\/izdelek\/samokolica-roto-sv-plava-180l\/","title":{"rendered":"Samokolica ROTO sv.plava 180L"},"content":{"rendered":"<p><strong>ROTO ta\u010dke<\/strong> su jednostavne i prakti\u010dne za kori\u0161tenje. ROTO ta\u010dke su lagane i imaju odli\u010dno te\u017ei\u0161te, \u0161to omogu\u0107uje jednostavno premje\u0161tanje te\u017eih tereta. Podno\u017eje ta\u010dki je pocin\u010dano. Za\u0161titni sloj cinka <strong>sprje\u010dava hr\u0111anje<\/strong>. Tako \u0107e ROTO ta\u010dke zadr\u017eati izgled jo\u0161 niz godina. Sve ROTO ta\u010dke su <strong>izra\u0111ene u Sloveniji<\/strong>.<\/p>\n","protected":false},"excerpt":{"rendered":"<ul>\n<li>vrlo lagana<\/li>\n<li>podno\u017eje otporno na hr\u0111u<\/li>\n<li>odli\u010dno te\u017ei\u0161te<\/li>\n<li>izra\u0111ene u Sloveniji<\/li>\n<\/ul>\n","protected":false},"featured_media":130609,"template":"","meta":{"footnotes":""},"product_brand":[],"product_cat":[5756,5627,6128],"product_tag":[],"class_list":{"0":"post-131769","1":"product","2":"type-product","3":"status-publish","4":"has-post-thumbnail","6":"product_cat-dodaci-za-stalu","7":"product_cat-stala-i-pasnjak","8":"product_cat-tacke-roto","10":"first","11":"instock","12":"shipping-taxable","13":"purchasable","14":"product-type-simple"},"yoast_head":"<!-- This site is optimized with the Yoast SEO plugin v27.3 - https:\/\/yoast.com\/product\/yoast-seo-wordpress\/ -->\n<title>Samokolica ROTO sv.plava 180L - Clair<\/title>\n<meta name=\"description\" content=\"vrlo lagana  podno\u017eje otporno na hr\u0111u  odli\u010dno te\u017ei\u0161te  izra\u0111ene u Sloveniji\" \/>\n<meta name=\"robots\" content=\"index, follow, max-snippet:-1, max-image-preview:large, max-video-preview:-1\" \/>\n<link rel=\"canonical\" href=\"https:\/\/clair.si\/hr\/izdelek\/samokolica-roto-sv-plava-180l\/\" \/>\n<meta property=\"og:locale\" content=\"hr_HR\" \/>\n<meta property=\"og:type\" content=\"article\" \/>\n<meta property=\"og:title\" content=\"Samokolica ROTO sv.plava 180L - Clair\" \/>\n<meta property=\"og:description\" content=\"vrlo lagana  podno\u017eje otporno na hr\u0111u  odli\u010dno te\u017ei\u0161te  izra\u0111ene u Sloveniji\" \/>\n<meta property=\"og:url\" content=\"https:\/\/clair.si\/hr\/izdelek\/samokolica-roto-sv-plava-180l\/\" \/>\n<meta property=\"og:site_name\" content=\"Clair\" \/>\n<meta property=\"article:publisher\" content=\"https:\/\/www.facebook.com\/TrgovinaClair\/\" \/>\n<meta property=\"article:modified_time\" content=\"2026-03-01T16:52:53+00:00\" \/>\n<meta property=\"og:image\" content=\"https:\/\/clair.si\/wp-content\/uploads\/2026\/02\/180l-modarroto-samokolnica-clair.webp\" \/>\n\t<meta property=\"og:image:width\" content=\"700\" \/>\n\t<meta property=\"og:image:height\" content=\"700\" \/>\n\t<meta property=\"og:image:type\" content=\"image\/png\" \/>\n<meta name=\"twitter:card\" content=\"summary_large_image\" \/>\n<meta name=\"twitter:label1\" content=\"Procijenjeno vrijeme \u010ditanja\" \/>\n\t<meta name=\"twitter:data1\" content=\"1 minuta\" \/>\n<script type=\"application\/ld+json\" class=\"yoast-schema-graph\">{\"@context\":\"https:\\\/\\\/schema.org\",\"@graph\":[{\"@type\":\"WebPage\",\"@id\":\"https:\\\/\\\/clair.si\\\/hr\\\/izdelek\\\/samokolica-roto-sv-plava-180l\\\/\",\"url\":\"https:\\\/\\\/clair.si\\\/hr\\\/izdelek\\\/samokolica-roto-sv-plava-180l\\\/\",\"name\":\"Samokolica ROTO sv.plava 180L - Clair\",\"isPartOf\":{\"@id\":\"https:\\\/\\\/clair.si\\\/#website\"},\"primaryImageOfPage\":{\"@id\":\"https:\\\/\\\/clair.si\\\/hr\\\/izdelek\\\/samokolica-roto-sv-plava-180l\\\/#primaryimage\"},\"image\":{\"@id\":\"https:\\\/\\\/clair.si\\\/hr\\\/izdelek\\\/samokolica-roto-sv-plava-180l\\\/#primaryimage\"},\"thumbnailUrl\":\"https:\\\/\\\/clair.si\\\/wp-content\\\/uploads\\\/2026\\\/02\\\/180l-modarroto-samokolnica-clair.webp\",\"datePublished\":\"2026-02-16T10:22:34+00:00\",\"dateModified\":\"2026-03-01T16:52:53+00:00\",\"description\":\"vrlo lagana podno\u017eje otporno na hr\u0111u odli\u010dno te\u017ei\u0161te izra\u0111ene u Sloveniji\",\"breadcrumb\":{\"@id\":\"https:\\\/\\\/clair.si\\\/hr\\\/izdelek\\\/samokolica-roto-sv-plava-180l\\\/#breadcrumb\"},\"inLanguage\":\"hr\",\"potentialAction\":[{\"@type\":\"ReadAction\",\"target\":[\"https:\\\/\\\/clair.si\\\/hr\\\/izdelek\\\/samokolica-roto-sv-plava-180l\\\/\"]}]},{\"@type\":\"ImageObject\",\"inLanguage\":\"hr\",\"@id\":\"https:\\\/\\\/clair.si\\\/hr\\\/izdelek\\\/samokolica-roto-sv-plava-180l\\\/#primaryimage\",\"url\":\"https:\\\/\\\/clair.si\\\/wp-content\\\/uploads\\\/2026\\\/02\\\/180l-modarroto-samokolnica-clair.webp\",\"contentUrl\":\"https:\\\/\\\/clair.si\\\/wp-content\\\/uploads\\\/2026\\\/02\\\/180l-modarroto-samokolnica-clair.webp\",\"width\":700,\"height\":700},{\"@type\":\"BreadcrumbList\",\"@id\":\"https:\\\/\\\/clair.si\\\/hr\\\/izdelek\\\/samokolica-roto-sv-plava-180l\\\/#breadcrumb\",\"itemListElement\":[{\"@type\":\"ListItem\",\"position\":1,\"name\":\"Home\",\"item\":\"https:\\\/\\\/clair.si\\\/hr\\\/\"},{\"@type\":\"ListItem\",\"position\":2,\"name\":\"Trgovina\",\"item\":\"https:\\\/\\\/clair.si\\\/trgovina\\\/\"},{\"@type\":\"ListItem\",\"position\":3,\"name\":\"Samokolica ROTO sv.plava 180L\"}]},{\"@type\":\"WebSite\",\"@id\":\"https:\\\/\\\/clair.si\\\/#website\",\"url\":\"https:\\\/\\\/clair.si\\\/\",\"name\":\"Clair\",\"description\":\"Trgovina s konjeni\u0161ko opremo\",\"publisher\":{\"@id\":\"https:\\\/\\\/clair.si\\\/#organization\"},\"potentialAction\":[{\"@type\":\"SearchAction\",\"target\":{\"@type\":\"EntryPoint\",\"urlTemplate\":\"https:\\\/\\\/clair.si\\\/?s={search_term_string}\"},\"query-input\":{\"@type\":\"PropertyValueSpecification\",\"valueRequired\":true,\"valueName\":\"search_term_string\"}}],\"inLanguage\":\"hr\"},{\"@type\":\"Organization\",\"@id\":\"https:\\\/\\\/clair.si\\\/#organization\",\"name\":\"Clair\",\"url\":\"https:\\\/\\\/clair.si\\\/\",\"logo\":{\"@type\":\"ImageObject\",\"inLanguage\":\"hr\",\"@id\":\"https:\\\/\\\/clair.si\\\/#\\\/schema\\\/logo\\\/image\\\/\",\"url\":\"https:\\\/\\\/clair.si\\\/wp-content\\\/uploads\\\/2022\\\/11\\\/clair_logo_2022.jpg\",\"contentUrl\":\"https:\\\/\\\/clair.si\\\/wp-content\\\/uploads\\\/2022\\\/11\\\/clair_logo_2022.jpg\",\"width\":1920,\"height\":1920,\"caption\":\"Clair\"},\"image\":{\"@id\":\"https:\\\/\\\/clair.si\\\/#\\\/schema\\\/logo\\\/image\\\/\"},\"sameAs\":[\"https:\\\/\\\/www.facebook.com\\\/TrgovinaClair\\\/\"]}]}<\/script>\n<!-- \/ Yoast SEO plugin. -->","yoast_head_json":{"title":"Samokolica ROTO sv.plava 180L - Clair","description":"vrlo lagana  podno\u017eje otporno na hr\u0111u  odli\u010dno te\u017ei\u0161te  izra\u0111ene u Sloveniji","robots":{"index":"index","follow":"follow","max-snippet":"max-snippet:-1","max-image-preview":"max-image-preview:large","max-video-preview":"max-video-preview:-1"},"canonical":"https:\/\/clair.si\/hr\/izdelek\/samokolica-roto-sv-plava-180l\/","og_locale":"hr_HR","og_type":"article","og_title":"Samokolica ROTO sv.plava 180L - Clair","og_description":"vrlo lagana  podno\u017eje otporno na hr\u0111u  odli\u010dno te\u017ei\u0161te  izra\u0111ene u Sloveniji","og_url":"https:\/\/clair.si\/hr\/izdelek\/samokolica-roto-sv-plava-180l\/","og_site_name":"Clair","article_publisher":"https:\/\/www.facebook.com\/TrgovinaClair\/","article_modified_time":"2026-03-01T16:52:53+00:00","og_image":[{"width":700,"height":700,"url":"https:\/\/clair.si\/wp-content\/uploads\/2026\/02\/180l-modarroto-samokolnica-clair.webp","type":"image\/png"}],"twitter_card":"summary_large_image","twitter_misc":{"Procijenjeno vrijeme \u010ditanja":"1 minuta"},"schema":{"@context":"https:\/\/schema.org","@graph":[{"@type":"WebPage","@id":"https:\/\/clair.si\/hr\/izdelek\/samokolica-roto-sv-plava-180l\/","url":"https:\/\/clair.si\/hr\/izdelek\/samokolica-roto-sv-plava-180l\/","name":"Samokolica ROTO sv.plava 180L - Clair","isPartOf":{"@id":"https:\/\/clair.si\/#website"},"primaryImageOfPage":{"@id":"https:\/\/clair.si\/hr\/izdelek\/samokolica-roto-sv-plava-180l\/#primaryimage"},"image":{"@id":"https:\/\/clair.si\/hr\/izdelek\/samokolica-roto-sv-plava-180l\/#primaryimage"},"thumbnailUrl":"https:\/\/clair.si\/wp-content\/uploads\/2026\/02\/180l-modarroto-samokolnica-clair.webp","datePublished":"2026-02-16T10:22:34+00:00","dateModified":"2026-03-01T16:52:53+00:00","description":"vrlo lagana podno\u017eje otporno na hr\u0111u odli\u010dno te\u017ei\u0161te izra\u0111ene u Sloveniji","breadcrumb":{"@id":"https:\/\/clair.si\/hr\/izdelek\/samokolica-roto-sv-plava-180l\/#breadcrumb"},"inLanguage":"hr","potentialAction":[{"@type":"ReadAction","target":["https:\/\/clair.si\/hr\/izdelek\/samokolica-roto-sv-plava-180l\/"]}]},{"@type":"ImageObject","inLanguage":"hr","@id":"https:\/\/clair.si\/hr\/izdelek\/samokolica-roto-sv-plava-180l\/#primaryimage","url":"https:\/\/clair.si\/wp-content\/uploads\/2026\/02\/180l-modarroto-samokolnica-clair.webp","contentUrl":"https:\/\/clair.si\/wp-content\/uploads\/2026\/02\/180l-modarroto-samokolnica-clair.webp","width":700,"height":700},{"@type":"BreadcrumbList","@id":"https:\/\/clair.si\/hr\/izdelek\/samokolica-roto-sv-plava-180l\/#breadcrumb","itemListElement":[{"@type":"ListItem","position":1,"name":"Home","item":"https:\/\/clair.si\/hr\/"},{"@type":"ListItem","position":2,"name":"Trgovina","item":"https:\/\/clair.si\/trgovina\/"},{"@type":"ListItem","position":3,"name":"Samokolica ROTO sv.plava 180L"}]},{"@type":"WebSite","@id":"https:\/\/clair.si\/#website","url":"https:\/\/clair.si\/","name":"Clair","description":"Trgovina s konjeni\u0161ko opremo","publisher":{"@id":"https:\/\/clair.si\/#organization"},"potentialAction":[{"@type":"SearchAction","target":{"@type":"EntryPoint","urlTemplate":"https:\/\/clair.si\/?s={search_term_string}"},"query-input":{"@type":"PropertyValueSpecification","valueRequired":true,"valueName":"search_term_string"}}],"inLanguage":"hr"},{"@type":"Organization","@id":"https:\/\/clair.si\/#organization","name":"Clair","url":"https:\/\/clair.si\/","logo":{"@type":"ImageObject","inLanguage":"hr","@id":"https:\/\/clair.si\/#\/schema\/logo\/image\/","url":"https:\/\/clair.si\/wp-content\/uploads\/2022\/11\/clair_logo_2022.jpg","contentUrl":"https:\/\/clair.si\/wp-content\/uploads\/2022\/11\/clair_logo_2022.jpg","width":1920,"height":1920,"caption":"Clair"},"image":{"@id":"https:\/\/clair.si\/#\/schema\/logo\/image\/"},"sameAs":["https:\/\/www.facebook.com\/TrgovinaClair\/"]}]}},"_links":{"self":[{"href":"https:\/\/clair.si\/hr\/wp-json\/wp\/v2\/product\/131769","targetHints":{"allow":["GET"]}}],"collection":[{"href":"https:\/\/clair.si\/hr\/wp-json\/wp\/v2\/product"}],"about":[{"href":"https:\/\/clair.si\/hr\/wp-json\/wp\/v2\/types\/product"}],"version-history":[{"count":1,"href":"https:\/\/clair.si\/hr\/wp-json\/wp\/v2\/product\/131769\/revisions"}],"predecessor-version":[{"id":132282,"href":"https:\/\/clair.si\/hr\/wp-json\/wp\/v2\/product\/131769\/revisions\/132282"}],"wp:featuredmedia":[{"embeddable":true,"href":"https:\/\/clair.si\/hr\/wp-json\/wp\/v2\/media\/130609"}],"wp:attachment":[{"href":"https:\/\/clair.si\/hr\/wp-json\/wp\/v2\/media?parent=131769"}],"wp:term":[{"taxonomy":"product_brand","embeddable":true,"href":"https:\/\/clair.si\/hr\/wp-json\/wp\/v2\/product_brand?post=131769"},{"taxonomy":"product_cat","embeddable":true,"href":"https:\/\/clair.si\/hr\/wp-json\/wp\/v2\/product_cat?post=131769"},{"taxonomy":"product_tag","embeddable":true,"href":"https:\/\/clair.si\/hr\/wp-json\/wp\/v2\/product_tag?post=131769"}],"curies":[{"name":"wp","href":"https:\/\/api.w.org\/{rel}","templated":true}]}}