{"id":131773,"date":"2026-02-13T18:14:14","date_gmt":"2026-02-13T17:14:14","guid":{"rendered":"https:\/\/clair.si\/izdelek\/kolica-roto-sv-zelena-80l\/"},"modified":"2026-02-13T18:14:14","modified_gmt":"2026-02-13T17:14:14","slug":"kolica-roto-sv-zelena-80l","status":"publish","type":"product","link":"https:\/\/clair.si\/hr\/izdelek\/kolica-roto-sv-zelena-80l\/","title":{"rendered":"Kolica ROTO sv.zelena 80L"},"content":{"rendered":"<p><strong>Ta\u010dke ROTO<\/strong> su jednostavne i prakti\u010dne za kori\u0161tenje. Ta\u010dke su lagane i imaju odli\u010dno te\u017ei\u0161te, \u0161to zna\u010di da je prevo\u017eenje te\u017eih tereta znatno lak\u0161e. Podno\u017eje ta\u010dki je galvanizirano. Za\u0161titni cinkov sloj <strong>sprje\u010dava hr\u0111anje<\/strong>. Tako \u0107e ta\u010dke o\u010duvati izgled jo\u0161 niz godina. Ta\u010dke su izra\u0111ene od visokokvalitetnog polietilena. Taj materijal \u0107e osigurati da \u0107e ta\u010dke odolijevati svim vremenskim uvjetima i bit \u0107e otporne na udarce. Sve ROTO ta\u010dke su <strong>izra\u0111ene u Sloveniji<\/strong>.       <\/p>\n","protected":false},"excerpt":{"rendered":"<ul>\n<li>jednostavne za kori\u0161tenje, s odli\u010dnim te\u017ei\u0161tem<\/li>\n<li>iz visokootpornog materijala<\/li>\n<li>izra\u0111ene u Sloveniji<\/li>\n<\/ul>\n","protected":false},"featured_media":130458,"template":"","meta":{"footnotes":""},"product_brand":[],"product_cat":[5627,6128],"product_tag":[],"class_list":{"0":"post-131773","1":"product","2":"type-product","3":"status-publish","4":"has-post-thumbnail","6":"product_cat-stala-i-pasnjak","7":"product_cat-tacke-roto","9":"first","10":"instock","11":"shipping-taxable","12":"purchasable","13":"product-type-simple"},"yoast_head":"<!-- This site is optimized with the Yoast SEO plugin v27.3 - https:\/\/yoast.com\/product\/yoast-seo-wordpress\/ -->\n<title>Kolica ROTO sv.zelena 80L - Clair<\/title>\n<meta name=\"description\" content=\"jednostavne za kori\u0161tenje, s odli\u010dnim te\u017ei\u0161tem  iz visokootpornog materijala  izra\u0111ene u Sloveniji\" \/>\n<meta name=\"robots\" content=\"index, follow, max-snippet:-1, max-image-preview:large, max-video-preview:-1\" \/>\n<link rel=\"canonical\" href=\"https:\/\/clair.si\/hr\/izdelek\/kolica-roto-sv-zelena-80l\/\" \/>\n<meta property=\"og:locale\" content=\"hr_HR\" \/>\n<meta property=\"og:type\" content=\"article\" \/>\n<meta property=\"og:title\" content=\"Kolica ROTO sv.zelena 80L - Clair\" \/>\n<meta property=\"og:description\" content=\"jednostavne za kori\u0161tenje, s odli\u010dnim te\u017ei\u0161tem  iz visokootpornog materijala  izra\u0111ene u Sloveniji\" \/>\n<meta property=\"og:url\" content=\"https:\/\/clair.si\/hr\/izdelek\/kolica-roto-sv-zelena-80l\/\" \/>\n<meta property=\"og:site_name\" content=\"Clair\" \/>\n<meta property=\"article:publisher\" content=\"https:\/\/www.facebook.com\/TrgovinaClair\/\" \/>\n<meta property=\"og:image\" content=\"https:\/\/clair.si\/wp-content\/uploads\/2026\/02\/SAMOKOLNICA-CLAIR-ROTO-ZELENA-80L-Edited.webp\" \/>\n\t<meta property=\"og:image:width\" content=\"1200\" \/>\n\t<meta property=\"og:image:height\" content=\"1200\" \/>\n\t<meta property=\"og:image:type\" content=\"image\/jpeg\" \/>\n<meta name=\"twitter:card\" content=\"summary_large_image\" \/>\n<script type=\"application\/ld+json\" class=\"yoast-schema-graph\">{\"@context\":\"https:\\\/\\\/schema.org\",\"@graph\":[{\"@type\":\"WebPage\",\"@id\":\"https:\\\/\\\/clair.si\\\/hr\\\/izdelek\\\/kolica-roto-sv-zelena-80l\\\/\",\"url\":\"https:\\\/\\\/clair.si\\\/hr\\\/izdelek\\\/kolica-roto-sv-zelena-80l\\\/\",\"name\":\"Kolica ROTO sv.zelena 80L - Clair\",\"isPartOf\":{\"@id\":\"https:\\\/\\\/clair.si\\\/#website\"},\"primaryImageOfPage\":{\"@id\":\"https:\\\/\\\/clair.si\\\/hr\\\/izdelek\\\/kolica-roto-sv-zelena-80l\\\/#primaryimage\"},\"image\":{\"@id\":\"https:\\\/\\\/clair.si\\\/hr\\\/izdelek\\\/kolica-roto-sv-zelena-80l\\\/#primaryimage\"},\"thumbnailUrl\":\"https:\\\/\\\/clair.si\\\/wp-content\\\/uploads\\\/2026\\\/02\\\/SAMOKOLNICA-CLAIR-ROTO-ZELENA-80L-Edited.webp\",\"datePublished\":\"2026-02-13T17:14:14+00:00\",\"description\":\"jednostavne za kori\u0161tenje, s odli\u010dnim te\u017ei\u0161tem iz visokootpornog materijala izra\u0111ene u Sloveniji\",\"breadcrumb\":{\"@id\":\"https:\\\/\\\/clair.si\\\/hr\\\/izdelek\\\/kolica-roto-sv-zelena-80l\\\/#breadcrumb\"},\"inLanguage\":\"hr\",\"potentialAction\":[{\"@type\":\"ReadAction\",\"target\":[\"https:\\\/\\\/clair.si\\\/hr\\\/izdelek\\\/kolica-roto-sv-zelena-80l\\\/\"]}]},{\"@type\":\"ImageObject\",\"inLanguage\":\"hr\",\"@id\":\"https:\\\/\\\/clair.si\\\/hr\\\/izdelek\\\/kolica-roto-sv-zelena-80l\\\/#primaryimage\",\"url\":\"https:\\\/\\\/clair.si\\\/wp-content\\\/uploads\\\/2026\\\/02\\\/SAMOKOLNICA-CLAIR-ROTO-ZELENA-80L-Edited.webp\",\"contentUrl\":\"https:\\\/\\\/clair.si\\\/wp-content\\\/uploads\\\/2026\\\/02\\\/SAMOKOLNICA-CLAIR-ROTO-ZELENA-80L-Edited.webp\",\"width\":1200,\"height\":1200},{\"@type\":\"BreadcrumbList\",\"@id\":\"https:\\\/\\\/clair.si\\\/hr\\\/izdelek\\\/kolica-roto-sv-zelena-80l\\\/#breadcrumb\",\"itemListElement\":[{\"@type\":\"ListItem\",\"position\":1,\"name\":\"Home\",\"item\":\"https:\\\/\\\/clair.si\\\/hr\\\/\"},{\"@type\":\"ListItem\",\"position\":2,\"name\":\"Trgovina\",\"item\":\"https:\\\/\\\/clair.si\\\/trgovina\\\/\"},{\"@type\":\"ListItem\",\"position\":3,\"name\":\"Kolica ROTO sv.zelena 80L\"}]},{\"@type\":\"WebSite\",\"@id\":\"https:\\\/\\\/clair.si\\\/#website\",\"url\":\"https:\\\/\\\/clair.si\\\/\",\"name\":\"Clair\",\"description\":\"Trgovina s konjeni\u0161ko opremo\",\"publisher\":{\"@id\":\"https:\\\/\\\/clair.si\\\/#organization\"},\"potentialAction\":[{\"@type\":\"SearchAction\",\"target\":{\"@type\":\"EntryPoint\",\"urlTemplate\":\"https:\\\/\\\/clair.si\\\/?s={search_term_string}\"},\"query-input\":{\"@type\":\"PropertyValueSpecification\",\"valueRequired\":true,\"valueName\":\"search_term_string\"}}],\"inLanguage\":\"hr\"},{\"@type\":\"Organization\",\"@id\":\"https:\\\/\\\/clair.si\\\/#organization\",\"name\":\"Clair\",\"url\":\"https:\\\/\\\/clair.si\\\/\",\"logo\":{\"@type\":\"ImageObject\",\"inLanguage\":\"hr\",\"@id\":\"https:\\\/\\\/clair.si\\\/#\\\/schema\\\/logo\\\/image\\\/\",\"url\":\"https:\\\/\\\/clair.si\\\/wp-content\\\/uploads\\\/2022\\\/11\\\/clair_logo_2022.jpg\",\"contentUrl\":\"https:\\\/\\\/clair.si\\\/wp-content\\\/uploads\\\/2022\\\/11\\\/clair_logo_2022.jpg\",\"width\":1920,\"height\":1920,\"caption\":\"Clair\"},\"image\":{\"@id\":\"https:\\\/\\\/clair.si\\\/#\\\/schema\\\/logo\\\/image\\\/\"},\"sameAs\":[\"https:\\\/\\\/www.facebook.com\\\/TrgovinaClair\\\/\"]}]}<\/script>\n<!-- \/ Yoast SEO plugin. -->","yoast_head_json":{"title":"Kolica ROTO sv.zelena 80L - Clair","description":"jednostavne za kori\u0161tenje, s odli\u010dnim te\u017ei\u0161tem  iz visokootpornog materijala  izra\u0111ene u Sloveniji","robots":{"index":"index","follow":"follow","max-snippet":"max-snippet:-1","max-image-preview":"max-image-preview:large","max-video-preview":"max-video-preview:-1"},"canonical":"https:\/\/clair.si\/hr\/izdelek\/kolica-roto-sv-zelena-80l\/","og_locale":"hr_HR","og_type":"article","og_title":"Kolica ROTO sv.zelena 80L - Clair","og_description":"jednostavne za kori\u0161tenje, s odli\u010dnim te\u017ei\u0161tem  iz visokootpornog materijala  izra\u0111ene u Sloveniji","og_url":"https:\/\/clair.si\/hr\/izdelek\/kolica-roto-sv-zelena-80l\/","og_site_name":"Clair","article_publisher":"https:\/\/www.facebook.com\/TrgovinaClair\/","og_image":[{"width":1200,"height":1200,"url":"https:\/\/clair.si\/wp-content\/uploads\/2026\/02\/SAMOKOLNICA-CLAIR-ROTO-ZELENA-80L-Edited.webp","type":"image\/jpeg"}],"twitter_card":"summary_large_image","schema":{"@context":"https:\/\/schema.org","@graph":[{"@type":"WebPage","@id":"https:\/\/clair.si\/hr\/izdelek\/kolica-roto-sv-zelena-80l\/","url":"https:\/\/clair.si\/hr\/izdelek\/kolica-roto-sv-zelena-80l\/","name":"Kolica ROTO sv.zelena 80L - Clair","isPartOf":{"@id":"https:\/\/clair.si\/#website"},"primaryImageOfPage":{"@id":"https:\/\/clair.si\/hr\/izdelek\/kolica-roto-sv-zelena-80l\/#primaryimage"},"image":{"@id":"https:\/\/clair.si\/hr\/izdelek\/kolica-roto-sv-zelena-80l\/#primaryimage"},"thumbnailUrl":"https:\/\/clair.si\/wp-content\/uploads\/2026\/02\/SAMOKOLNICA-CLAIR-ROTO-ZELENA-80L-Edited.webp","datePublished":"2026-02-13T17:14:14+00:00","description":"jednostavne za kori\u0161tenje, s odli\u010dnim te\u017ei\u0161tem iz visokootpornog materijala izra\u0111ene u Sloveniji","breadcrumb":{"@id":"https:\/\/clair.si\/hr\/izdelek\/kolica-roto-sv-zelena-80l\/#breadcrumb"},"inLanguage":"hr","potentialAction":[{"@type":"ReadAction","target":["https:\/\/clair.si\/hr\/izdelek\/kolica-roto-sv-zelena-80l\/"]}]},{"@type":"ImageObject","inLanguage":"hr","@id":"https:\/\/clair.si\/hr\/izdelek\/kolica-roto-sv-zelena-80l\/#primaryimage","url":"https:\/\/clair.si\/wp-content\/uploads\/2026\/02\/SAMOKOLNICA-CLAIR-ROTO-ZELENA-80L-Edited.webp","contentUrl":"https:\/\/clair.si\/wp-content\/uploads\/2026\/02\/SAMOKOLNICA-CLAIR-ROTO-ZELENA-80L-Edited.webp","width":1200,"height":1200},{"@type":"BreadcrumbList","@id":"https:\/\/clair.si\/hr\/izdelek\/kolica-roto-sv-zelena-80l\/#breadcrumb","itemListElement":[{"@type":"ListItem","position":1,"name":"Home","item":"https:\/\/clair.si\/hr\/"},{"@type":"ListItem","position":2,"name":"Trgovina","item":"https:\/\/clair.si\/trgovina\/"},{"@type":"ListItem","position":3,"name":"Kolica ROTO sv.zelena 80L"}]},{"@type":"WebSite","@id":"https:\/\/clair.si\/#website","url":"https:\/\/clair.si\/","name":"Clair","description":"Trgovina s konjeni\u0161ko opremo","publisher":{"@id":"https:\/\/clair.si\/#organization"},"potentialAction":[{"@type":"SearchAction","target":{"@type":"EntryPoint","urlTemplate":"https:\/\/clair.si\/?s={search_term_string}"},"query-input":{"@type":"PropertyValueSpecification","valueRequired":true,"valueName":"search_term_string"}}],"inLanguage":"hr"},{"@type":"Organization","@id":"https:\/\/clair.si\/#organization","name":"Clair","url":"https:\/\/clair.si\/","logo":{"@type":"ImageObject","inLanguage":"hr","@id":"https:\/\/clair.si\/#\/schema\/logo\/image\/","url":"https:\/\/clair.si\/wp-content\/uploads\/2022\/11\/clair_logo_2022.jpg","contentUrl":"https:\/\/clair.si\/wp-content\/uploads\/2022\/11\/clair_logo_2022.jpg","width":1920,"height":1920,"caption":"Clair"},"image":{"@id":"https:\/\/clair.si\/#\/schema\/logo\/image\/"},"sameAs":["https:\/\/www.facebook.com\/TrgovinaClair\/"]}]}},"_links":{"self":[{"href":"https:\/\/clair.si\/hr\/wp-json\/wp\/v2\/product\/131773","targetHints":{"allow":["GET"]}}],"collection":[{"href":"https:\/\/clair.si\/hr\/wp-json\/wp\/v2\/product"}],"about":[{"href":"https:\/\/clair.si\/hr\/wp-json\/wp\/v2\/types\/product"}],"version-history":[{"count":0,"href":"https:\/\/clair.si\/hr\/wp-json\/wp\/v2\/product\/131773\/revisions"}],"wp:featuredmedia":[{"embeddable":true,"href":"https:\/\/clair.si\/hr\/wp-json\/wp\/v2\/media\/130458"}],"wp:attachment":[{"href":"https:\/\/clair.si\/hr\/wp-json\/wp\/v2\/media?parent=131773"}],"wp:term":[{"taxonomy":"product_brand","embeddable":true,"href":"https:\/\/clair.si\/hr\/wp-json\/wp\/v2\/product_brand?post=131773"},{"taxonomy":"product_cat","embeddable":true,"href":"https:\/\/clair.si\/hr\/wp-json\/wp\/v2\/product_cat?post=131773"},{"taxonomy":"product_tag","embeddable":true,"href":"https:\/\/clair.si\/hr\/wp-json\/wp\/v2\/product_tag?post=131773"}],"curies":[{"name":"wp","href":"https:\/\/api.w.org\/{rel}","templated":true}]}}